{"id":34988,"date":"2024-08-30T11:45:49","date_gmt":"2024-08-30T10:02:08","guid":{"rendered":"https:\/\/naturalpoland.com\/produkty\/unkategorisiert\/sol-dinatriumchinon-pyrroloquinolin-pqq\/"},"modified":"2024-08-30T12:02:08","modified_gmt":"2024-08-30T10:02:08","slug":"sol-dinatriumchinon-pyrroloquinolin-pqq","status":"publish","type":"product","link":"https:\/\/naturalpoland.com\/de\/produkte\/produkte-fur-die-pharmaindustrie\/nahrungserganzungmittel\/sol-dinatriumchinon-pyrroloquinolin-pqq\/","title":{"rendered":"Pyrroloquinolin-Dinatriumsalz (PQQ)"},"content":{"rendered":"<p>PQQ kommt von Natur aus in vielen Lebensmitteln vor, z.B. in fermentierten Produkten, Gem\u00fcse und Obst, aber seine Konzentration kann in manchen Di\u00e4ten zu niedrig sein.  <\/p>\n<h2>PQQ-Eigenschaften:<\/h2>\n<p>  PQQ verf\u00fcgt \u00fcber eine extrem starke <strong>antioxidative Aktivit\u00e4t<\/strong>, katalysiert zahlreiche Redoxreaktionen und neutralisiert freie Radikale, die die Zellen sch\u00e4digen.<br \/>\nPQQ ist in der Lage, etwa 20.000 katalytische Reaktionen auszuf\u00fchren, w\u00e4hrend Vitamin C unter den gleichen Bedingungen nur vier Reaktionen ausf\u00fchrt.<br \/>\nStudien haben gezeigt, dass PQQ <strong>die Entwicklung von Nervenzellen f\u00f6rdert<\/strong>, was bei der Behandlung von kognitiven St\u00f6rungen und Demenz von Vorteil sein kann.<br \/>\nPQQ stimuliert das Wachstum von Neuronen und steigert deren Synthese um das bis zu 40-fache.<br \/>\nPQQ wirkt auch als Kofaktor bei der <strong>Regeneration von Mitochondrien<\/strong> in alternden Zellen, indem es die Aktivit\u00e4t der mitochondrienbezogenen Enzyme erh\u00f6ht und ihr Wachstum anregt.<br \/>\nStudien zeigen, dass die Einnahme von PQQ die Anzahl der Mitochondrien in der Leber um 20-30% erh\u00f6hen kann.       <\/p>\n<h2>PQQ-Anwendung:<\/h2>\n<p>  Pyrrolochinolin-Dinatriumsalz ist ein beliebter Bestandteil von Nahrungserg\u00e4nzungsmitteln zur Unterst\u00fctzung der Herzgesundheit, der kognitiven Funktion, zur Verbesserung der Schlafqualit\u00e4t und zur Verringerung von M\u00fcdigkeit.<br \/>\nIn den USA wird es als Zutat in Energydrinks, Sportgetr\u00e4nken, Elektrolytgetr\u00e4nken und abgef\u00fclltem Wasser verwendet.<br \/>\nIn der Europ\u00e4ischen Union und Kanada ist es als Nahrungserg\u00e4nzungsmittel oder nat\u00fcrliches Gesundheitsprodukt erh\u00e4ltlich.    &nbsp;<\/p>\n","protected":false},"excerpt":{"rendered":"<p><strong>Pyrrolochinolinchinon-Dinatriumsalz (PQQ) <\/strong>ist eine hochentwickelte chemische Verbindung mit starken antioxidativen Eigenschaften.<br \/>\nEs ist ein Redox-Cofaktor, der Stoffwechselprozesse unterst\u00fctzt und die Zellen vor oxidativen Sch\u00e4den sch\u00fctzt. <\/p>\n","protected":false},"featured_media":34959,"template":"","meta":{"_acf_changed":false},"product_brand":[],"product_cat":[373],"product_tag":[],"class_list":{"0":"post-34988","1":"product","2":"type-product","3":"status-publish","4":"has-post-thumbnail","6":"product_cat-nahrungserganzungmittel","7":"pa_grupa-substancji-antioxidantien","9":"first","10":"instock","11":"shipping-taxable","12":"product-type-simple"},"acf":[],"yoast_head":"<!-- This site is optimized with the Yoast SEO plugin v27.4 - https:\/\/yoast.com\/product\/yoast-seo-wordpress\/ -->\n<title>Pyrroloquinolin-Dinatriumsalz (PQQ) - NATURAL POLAND - IMPORT UND HANDEL VON ROHSTOFFEN<\/title>\n<meta name=\"description\" content=\"Pyrrolochinolin-Dinatriumsalz (PQQ) ist ein starkes Antioxidans, das die Zellgesundheit, die kognitive Funktion und die Herzgesundheit unterst\u00fctzt.\" \/>\n<meta name=\"robots\" content=\"index, follow, max-snippet:-1, max-image-preview:large, max-video-preview:-1\" \/>\n<link rel=\"canonical\" href=\"https:\/\/naturalpoland.com\/de\/produkte\/produkte-fur-die-pharmaindustrie\/nahrungserganzungmittel\/sol-dinatriumchinon-pyrroloquinolin-pqq\/\" \/>\n<meta property=\"og:locale\" content=\"de_DE\" \/>\n<meta property=\"og:type\" content=\"article\" \/>\n<meta property=\"og:title\" content=\"Pyrroloquinolin-Dinatriumsalz (PQQ) - NATURAL POLAND - IMPORT UND HANDEL VON ROHSTOFFEN\" \/>\n<meta property=\"og:description\" content=\"Pyrrolochinolin-Dinatriumsalz (PQQ) ist ein starkes Antioxidans, das die Zellgesundheit, die kognitive Funktion und die Herzgesundheit unterst\u00fctzt.\" \/>\n<meta property=\"og:url\" content=\"https:\/\/naturalpoland.com\/de\/produkte\/produkte-fur-die-pharmaindustrie\/nahrungserganzungmittel\/sol-dinatriumchinon-pyrroloquinolin-pqq\/\" \/>\n<meta property=\"og:site_name\" content=\"NATURAL POLAND - IMPORT UND HANDEL VON ROHSTOFFEN\" \/>\n<meta property=\"article:publisher\" content=\"https:\/\/www.facebook.com\/naturalpoland.b2b\" \/>\n<meta property=\"og:image\" content=\"https:\/\/naturalpoland.com\/wp-content\/uploads\/pqq.webp\" \/>\n\t<meta property=\"og:image:width\" content=\"618\" \/>\n\t<meta property=\"og:image:height\" content=\"618\" \/>\n\t<meta property=\"og:image:type\" content=\"image\/webp\" \/>\n<script type=\"application\/ld+json\" class=\"yoast-schema-graph\">{\"@context\":\"https:\\\/\\\/schema.org\",\"@graph\":[{\"@type\":\"WebPage\",\"@id\":\"https:\\\/\\\/naturalpoland.com\\\/de\\\/produkte\\\/produkte-fur-die-pharmaindustrie\\\/nahrungserganzungmittel\\\/sol-dinatriumchinon-pyrroloquinolin-pqq\\\/\",\"url\":\"https:\\\/\\\/naturalpoland.com\\\/de\\\/produkte\\\/produkte-fur-die-pharmaindustrie\\\/nahrungserganzungmittel\\\/sol-dinatriumchinon-pyrroloquinolin-pqq\\\/\",\"name\":\"Pyrroloquinolin-Dinatriumsalz (PQQ) - NATURAL POLAND - IMPORT UND HANDEL VON ROHSTOFFEN\",\"isPartOf\":{\"@id\":\"https:\\\/\\\/naturalpoland.com\\\/de\\\/#website\"},\"primaryImageOfPage\":{\"@id\":\"https:\\\/\\\/naturalpoland.com\\\/de\\\/produkte\\\/produkte-fur-die-pharmaindustrie\\\/nahrungserganzungmittel\\\/sol-dinatriumchinon-pyrroloquinolin-pqq\\\/#primaryimage\"},\"image\":{\"@id\":\"https:\\\/\\\/naturalpoland.com\\\/de\\\/produkte\\\/produkte-fur-die-pharmaindustrie\\\/nahrungserganzungmittel\\\/sol-dinatriumchinon-pyrroloquinolin-pqq\\\/#primaryimage\"},\"thumbnailUrl\":\"https:\\\/\\\/naturalpoland.com\\\/wp-content\\\/uploads\\\/pqq.webp\",\"datePublished\":\"2024-08-30T10:02:08+00:00\",\"description\":\"Pyrrolochinolin-Dinatriumsalz (PQQ) ist ein starkes Antioxidans, das die Zellgesundheit, die kognitive Funktion und die Herzgesundheit unterst\u00fctzt.\",\"breadcrumb\":{\"@id\":\"https:\\\/\\\/naturalpoland.com\\\/de\\\/produkte\\\/produkte-fur-die-pharmaindustrie\\\/nahrungserganzungmittel\\\/sol-dinatriumchinon-pyrroloquinolin-pqq\\\/#breadcrumb\"},\"inLanguage\":\"de\",\"potentialAction\":[{\"@type\":\"ReadAction\",\"target\":[\"https:\\\/\\\/naturalpoland.com\\\/de\\\/produkte\\\/produkte-fur-die-pharmaindustrie\\\/nahrungserganzungmittel\\\/sol-dinatriumchinon-pyrroloquinolin-pqq\\\/\"]}]},{\"@type\":\"ImageObject\",\"inLanguage\":\"de\",\"@id\":\"https:\\\/\\\/naturalpoland.com\\\/de\\\/produkte\\\/produkte-fur-die-pharmaindustrie\\\/nahrungserganzungmittel\\\/sol-dinatriumchinon-pyrroloquinolin-pqq\\\/#primaryimage\",\"url\":\"https:\\\/\\\/naturalpoland.com\\\/wp-content\\\/uploads\\\/pqq.webp\",\"contentUrl\":\"https:\\\/\\\/naturalpoland.com\\\/wp-content\\\/uploads\\\/pqq.webp\",\"width\":618,\"height\":618,\"caption\":\"S\u00f3l disodowa chinonu pirolochinoliny\"},{\"@type\":\"BreadcrumbList\",\"@id\":\"https:\\\/\\\/naturalpoland.com\\\/de\\\/produkte\\\/produkte-fur-die-pharmaindustrie\\\/nahrungserganzungmittel\\\/sol-dinatriumchinon-pyrroloquinolin-pqq\\\/#breadcrumb\",\"itemListElement\":[{\"@type\":\"ListItem\",\"position\":1,\"name\":\"Startseite\",\"item\":\"https:\\\/\\\/naturalpoland.com\\\/de\\\/\"},{\"@type\":\"ListItem\",\"position\":2,\"name\":\"Produkte\",\"item\":\"https:\\\/\\\/naturalpoland.com\\\/de\\\/produkte\\\/\"},{\"@type\":\"ListItem\",\"position\":3,\"name\":\"Pyrroloquinolin-Dinatriumsalz (PQQ)\"}]},{\"@type\":\"WebSite\",\"@id\":\"https:\\\/\\\/naturalpoland.com\\\/de\\\/#website\",\"url\":\"https:\\\/\\\/naturalpoland.com\\\/de\\\/\",\"name\":\"NATURAL POLAND - IMPORT UND HANDEL VON ROHSTOFFEN\",\"description\":\"Rohstoffe f\u00fcr die Lebensmittelindustrie, Kosmetikindustrie, Pharmaindustrie\",\"publisher\":{\"@id\":\"https:\\\/\\\/naturalpoland.com\\\/de\\\/#organization\"},\"potentialAction\":[{\"@type\":\"SearchAction\",\"target\":{\"@type\":\"EntryPoint\",\"urlTemplate\":\"https:\\\/\\\/naturalpoland.com\\\/de\\\/?s={search_term_string}\"},\"query-input\":{\"@type\":\"PropertyValueSpecification\",\"valueRequired\":true,\"valueName\":\"search_term_string\"}}],\"inLanguage\":\"de\"},{\"@type\":\"Organization\",\"@id\":\"https:\\\/\\\/naturalpoland.com\\\/de\\\/#organization\",\"name\":\"Natural Poland\",\"url\":\"https:\\\/\\\/naturalpoland.com\\\/de\\\/\",\"logo\":{\"@type\":\"ImageObject\",\"inLanguage\":\"de\",\"@id\":\"https:\\\/\\\/naturalpoland.com\\\/de\\\/#\\\/schema\\\/logo\\\/image\\\/\",\"url\":\"https:\\\/\\\/naturalpoland.com\\\/wp-content\\\/uploads\\\/2021\\\/05\\\/natural-poland-icon.png\",\"contentUrl\":\"https:\\\/\\\/naturalpoland.com\\\/wp-content\\\/uploads\\\/2021\\\/05\\\/natural-poland-icon.png\",\"width\":512,\"height\":512,\"caption\":\"Natural Poland\"},\"image\":{\"@id\":\"https:\\\/\\\/naturalpoland.com\\\/de\\\/#\\\/schema\\\/logo\\\/image\\\/\"},\"sameAs\":[\"https:\\\/\\\/www.facebook.com\\\/naturalpoland.b2b\",\"https:\\\/\\\/pl.linkedin.com\\\/company\\\/natural-poland\",\"https:\\\/\\\/www.youtube.com\\\/channel\\\/UCgeGGkvOMahZo-xu_MSEWxg\"]}]}<\/script>\n<!-- \/ Yoast SEO plugin. -->","yoast_head_json":{"title":"Pyrroloquinolin-Dinatriumsalz (PQQ) - NATURAL POLAND - IMPORT UND HANDEL VON ROHSTOFFEN","description":"Pyrrolochinolin-Dinatriumsalz (PQQ) ist ein starkes Antioxidans, das die Zellgesundheit, die kognitive Funktion und die Herzgesundheit unterst\u00fctzt.","robots":{"index":"index","follow":"follow","max-snippet":"max-snippet:-1","max-image-preview":"max-image-preview:large","max-video-preview":"max-video-preview:-1"},"canonical":"https:\/\/naturalpoland.com\/de\/produkte\/produkte-fur-die-pharmaindustrie\/nahrungserganzungmittel\/sol-dinatriumchinon-pyrroloquinolin-pqq\/","og_locale":"de_DE","og_type":"article","og_title":"Pyrroloquinolin-Dinatriumsalz (PQQ) - NATURAL POLAND - IMPORT UND HANDEL VON ROHSTOFFEN","og_description":"Pyrrolochinolin-Dinatriumsalz (PQQ) ist ein starkes Antioxidans, das die Zellgesundheit, die kognitive Funktion und die Herzgesundheit unterst\u00fctzt.","og_url":"https:\/\/naturalpoland.com\/de\/produkte\/produkte-fur-die-pharmaindustrie\/nahrungserganzungmittel\/sol-dinatriumchinon-pyrroloquinolin-pqq\/","og_site_name":"NATURAL POLAND - IMPORT UND HANDEL VON ROHSTOFFEN","article_publisher":"https:\/\/www.facebook.com\/naturalpoland.b2b","og_image":[{"width":618,"height":618,"url":"https:\/\/naturalpoland.com\/wp-content\/uploads\/pqq.webp","type":"image\/webp"}],"schema":{"@context":"https:\/\/schema.org","@graph":[{"@type":"WebPage","@id":"https:\/\/naturalpoland.com\/de\/produkte\/produkte-fur-die-pharmaindustrie\/nahrungserganzungmittel\/sol-dinatriumchinon-pyrroloquinolin-pqq\/","url":"https:\/\/naturalpoland.com\/de\/produkte\/produkte-fur-die-pharmaindustrie\/nahrungserganzungmittel\/sol-dinatriumchinon-pyrroloquinolin-pqq\/","name":"Pyrroloquinolin-Dinatriumsalz (PQQ) - NATURAL POLAND - IMPORT UND HANDEL VON ROHSTOFFEN","isPartOf":{"@id":"https:\/\/naturalpoland.com\/de\/#website"},"primaryImageOfPage":{"@id":"https:\/\/naturalpoland.com\/de\/produkte\/produkte-fur-die-pharmaindustrie\/nahrungserganzungmittel\/sol-dinatriumchinon-pyrroloquinolin-pqq\/#primaryimage"},"image":{"@id":"https:\/\/naturalpoland.com\/de\/produkte\/produkte-fur-die-pharmaindustrie\/nahrungserganzungmittel\/sol-dinatriumchinon-pyrroloquinolin-pqq\/#primaryimage"},"thumbnailUrl":"https:\/\/naturalpoland.com\/wp-content\/uploads\/pqq.webp","datePublished":"2024-08-30T10:02:08+00:00","description":"Pyrrolochinolin-Dinatriumsalz (PQQ) ist ein starkes Antioxidans, das die Zellgesundheit, die kognitive Funktion und die Herzgesundheit unterst\u00fctzt.","breadcrumb":{"@id":"https:\/\/naturalpoland.com\/de\/produkte\/produkte-fur-die-pharmaindustrie\/nahrungserganzungmittel\/sol-dinatriumchinon-pyrroloquinolin-pqq\/#breadcrumb"},"inLanguage":"de","potentialAction":[{"@type":"ReadAction","target":["https:\/\/naturalpoland.com\/de\/produkte\/produkte-fur-die-pharmaindustrie\/nahrungserganzungmittel\/sol-dinatriumchinon-pyrroloquinolin-pqq\/"]}]},{"@type":"ImageObject","inLanguage":"de","@id":"https:\/\/naturalpoland.com\/de\/produkte\/produkte-fur-die-pharmaindustrie\/nahrungserganzungmittel\/sol-dinatriumchinon-pyrroloquinolin-pqq\/#primaryimage","url":"https:\/\/naturalpoland.com\/wp-content\/uploads\/pqq.webp","contentUrl":"https:\/\/naturalpoland.com\/wp-content\/uploads\/pqq.webp","width":618,"height":618,"caption":"S\u00f3l disodowa chinonu pirolochinoliny"},{"@type":"BreadcrumbList","@id":"https:\/\/naturalpoland.com\/de\/produkte\/produkte-fur-die-pharmaindustrie\/nahrungserganzungmittel\/sol-dinatriumchinon-pyrroloquinolin-pqq\/#breadcrumb","itemListElement":[{"@type":"ListItem","position":1,"name":"Startseite","item":"https:\/\/naturalpoland.com\/de\/"},{"@type":"ListItem","position":2,"name":"Produkte","item":"https:\/\/naturalpoland.com\/de\/produkte\/"},{"@type":"ListItem","position":3,"name":"Pyrroloquinolin-Dinatriumsalz (PQQ)"}]},{"@type":"WebSite","@id":"https:\/\/naturalpoland.com\/de\/#website","url":"https:\/\/naturalpoland.com\/de\/","name":"NATURAL POLAND - IMPORT UND HANDEL VON ROHSTOFFEN","description":"Rohstoffe f\u00fcr die Lebensmittelindustrie, Kosmetikindustrie, Pharmaindustrie","publisher":{"@id":"https:\/\/naturalpoland.com\/de\/#organization"},"potentialAction":[{"@type":"SearchAction","target":{"@type":"EntryPoint","urlTemplate":"https:\/\/naturalpoland.com\/de\/?s={search_term_string}"},"query-input":{"@type":"PropertyValueSpecification","valueRequired":true,"valueName":"search_term_string"}}],"inLanguage":"de"},{"@type":"Organization","@id":"https:\/\/naturalpoland.com\/de\/#organization","name":"Natural Poland","url":"https:\/\/naturalpoland.com\/de\/","logo":{"@type":"ImageObject","inLanguage":"de","@id":"https:\/\/naturalpoland.com\/de\/#\/schema\/logo\/image\/","url":"https:\/\/naturalpoland.com\/wp-content\/uploads\/2021\/05\/natural-poland-icon.png","contentUrl":"https:\/\/naturalpoland.com\/wp-content\/uploads\/2021\/05\/natural-poland-icon.png","width":512,"height":512,"caption":"Natural Poland"},"image":{"@id":"https:\/\/naturalpoland.com\/de\/#\/schema\/logo\/image\/"},"sameAs":["https:\/\/www.facebook.com\/naturalpoland.b2b","https:\/\/pl.linkedin.com\/company\/natural-poland","https:\/\/www.youtube.com\/channel\/UCgeGGkvOMahZo-xu_MSEWxg"]}]}},"_links":{"self":[{"href":"https:\/\/naturalpoland.com\/de\/wp-json\/wp\/v2\/product\/34988","targetHints":{"allow":["GET"]}}],"collection":[{"href":"https:\/\/naturalpoland.com\/de\/wp-json\/wp\/v2\/product"}],"about":[{"href":"https:\/\/naturalpoland.com\/de\/wp-json\/wp\/v2\/types\/product"}],"wp:featuredmedia":[{"embeddable":true,"href":"https:\/\/naturalpoland.com\/de\/wp-json\/wp\/v2\/media\/34959"}],"wp:attachment":[{"href":"https:\/\/naturalpoland.com\/de\/wp-json\/wp\/v2\/media?parent=34988"}],"wp:term":[{"taxonomy":"product_brand","embeddable":true,"href":"https:\/\/naturalpoland.com\/de\/wp-json\/wp\/v2\/product_brand?post=34988"},{"taxonomy":"product_cat","embeddable":true,"href":"https:\/\/naturalpoland.com\/de\/wp-json\/wp\/v2\/product_cat?post=34988"},{"taxonomy":"product_tag","embeddable":true,"href":"https:\/\/naturalpoland.com\/de\/wp-json\/wp\/v2\/product_tag?post=34988"}],"curies":[{"name":"wp","href":"https:\/\/api.w.org\/{rel}","templated":true}]}}