{"id":35341,"date":"2024-09-10T12:41:03","date_gmt":"2024-09-10T11:11:13","guid":{"rendered":"https:\/\/naturalpoland.com\/produkty\/unkategorisiert\/saure-kaffee\/"},"modified":"2024-09-10T13:11:13","modified_gmt":"2024-09-10T11:11:13","slug":"saure-kaffee","status":"publish","type":"product","link":"https:\/\/naturalpoland.com\/de\/produkte\/produkte-fur-die-kosmetikindustrie\/sauren\/saure-kaffee\/","title":{"rendered":"Kaffees\u00e4ure"},"content":{"rendered":"<h2>Eigenschaften und Wirkungen von Kaffees\u00e4ure<\/h2>\n<p><strong>Antioxidative Wirkung<\/strong> Kaffees\u00e4ure neutralisiert reaktive Sauerstoffspezies (ROS) und verhindert oxidative Sch\u00e4den an den Zellen.<br \/>\nSie hat die F\u00e4higkeit, krebserregende Verbindungen zu blockieren, die bei der metabolischen Umwandlung bestimmter krebserregender Substanzen entstehen, wie Nitrosamine und 4-Nitrochinolin-1-oxid.<br \/>\nDar\u00fcber hinaus sch\u00fctzt sie die LDL-Cholesterinfraktion vor Oxidation und hemmt so die Atherogenese.<br \/>\nKaffees\u00e4ure f\u00f6rdert auch die R\u00fcckf\u00fchrung von \u03b1-Tocopherol (Vitamin E) in seine aktive Form und weist eine gr\u00f6\u00dfere antiradikale Aktivit\u00e4t auf als <strong><a href=\"https:\/\/naturalpoland.com\/produkty\/produkty-dla-przemyslu-farmaceutycznego-i-medycznego\/witaminy\/witamina-e\/\">Vitamin E<\/a><\/strong>. <strong>Entz\u00fcndungshemmende und antimikrobielle Wirkung<\/strong> Kaffees\u00e4ure ist f\u00fcr ihre entz\u00fcndungshemmende Wirkung bekannt, die dazu beitr\u00e4gt, Entz\u00fcndungen bei verschiedenen Hautkrankheiten zu reduzieren.<br \/>\nDar\u00fcber hinaus besitzt sie antimikrobielle Eigenschaften, die vor vielen mikrobiellen Bedrohungen sch\u00fctzen.<br \/>\nDiese Eigenschaften machen Kaffees\u00e4ure zu einem wirksamen Mittel bei der Behandlung von Dermatosen wie Kr\u00e4tze und anderen entz\u00fcndlichen Hautkrankheiten.<br \/>\nSie sch\u00fctzt die Haut vor den sch\u00e4dlichen Auswirkungen der UV-Strahlung, indem sie den Abbau von Kollagen- und Elastinfasern verhindert, die f\u00fcr die Erhaltung der Elastizit\u00e4t und Festigkeit der Haut entscheidend sind. <strong>Anti-Aging-Vorteile<\/strong> Einer der wichtigsten Vorteile der Kaffees\u00e4ure ist ihre F\u00e4higkeit, Falten zu verhindern.<br \/>\nIndem sie freie Radikale bek\u00e4mpft und oxidativen Stress hemmt, hilft sie, den Alterungsprozess der Haut zu verlangsamen.<br \/>\nZu den sch\u00fctzenden Wirkungen der Kaffees\u00e4ure geh\u00f6rt auch, dass sie die Kollagen- und Elastinfasern vor dem Abbau sch\u00fctzt und so dazu beitr\u00e4gt, die strukturelle Integrit\u00e4t und Elastizit\u00e4t der Haut zu erhalten. <strong>Depigmentierungswirkung<\/strong> Kaffees\u00e4ure hemmt das Enzym Tyrosinase, das f\u00fcr die Melaninproduktion verantwortlich ist, und hilft so, die Bildung neuer Alters- und Sonnenflecken zu verhindern.<br \/>\nAus diesem Grund ist sie ein hervorragender Inhaltsstoff in Hautpflegeformulierungen f\u00fcr Haut mit Hyperpigmentierungsproblemen, einschlie\u00dflich solcher, die durch Sonnensch\u00e4den oder Alterung verursacht werden.           <\/p>\n<h2>Verwendung von Kaffees\u00e4ure<\/h2>\n<p>  Kaffees\u00e4ure wird in der Regel in Hautpflegeprodukten in Konzentrationen von bis zu 2% verwendet.<br \/>\nSie wird f\u00fcr die Pflege reifer Haut, zum Schutz vor Sonnensch\u00e4den und zur Vorbeugung von Zeichen der Lichtalterung empfohlen.<br \/>\nNach Behandlungen mit Kaffees\u00e4ure wird die Haut heller, hydratisierter, sauerstoffreicher und strahlender, mit sichtbar flacheren Falten und verbesserter Elastizit\u00e4t.    &nbsp;<\/p>\n","protected":false},"excerpt":{"rendered":"<p><strong>Kaffees\u00e4ure<\/strong>, auch bekannt als 3,4-Dihydroxyzimts\u00e4ure, ist eine organische chemische Verbindung, die zu den Phenols\u00e4uren geh\u00f6rt.<br \/>\nSie wird auf nat\u00fcrliche Weise aus verschiedenen Pflanzen extrahiert, in denen sie als Sekund\u00e4rstoff vorkommt.<br \/>\nSie ist eine wichtige phenolische Verbindung, die in Obst, Gem\u00fcse, Getreide und einigen Kr\u00e4utern vorkommt, und ihre Hauptquelle in der menschlichen Ern\u00e4hrung ist Kaffee.    &nbsp;<\/p>\n","protected":false},"featured_media":35312,"template":"","meta":{"_acf_changed":false},"product_brand":[],"product_cat":[5452],"product_tag":[],"class_list":{"0":"post-35341","1":"product","2":"type-product","3":"status-publish","4":"has-post-thumbnail","6":"product_cat-sauren","8":"first","9":"instock","10":"shipping-taxable","11":"product-type-simple"},"acf":[],"yoast_head":"<!-- This site is optimized with the Yoast SEO plugin v27.4 - https:\/\/yoast.com\/product\/yoast-seo-wordpress\/ -->\n<title>Kaffees\u00e4ure - NATURAL POLAND - IMPORT UND HANDEL VON ROHSTOFFEN<\/title>\n<meta name=\"description\" content=\"Kaffees\u00e4ure ist ein Inhaltsstoff mit vielen Vorteilen f\u00fcr die Gesundheit der Haut, insbesondere bei der Vorbeugung und Umkehrung der Auswirkungen von Alterung und oxidativem Stress.\" \/>\n<meta name=\"robots\" content=\"index, follow, max-snippet:-1, max-image-preview:large, max-video-preview:-1\" \/>\n<link rel=\"canonical\" href=\"https:\/\/naturalpoland.com\/de\/produkte\/produkte-fur-die-kosmetikindustrie\/sauren\/saure-kaffee\/\" \/>\n<meta property=\"og:locale\" content=\"de_DE\" \/>\n<meta property=\"og:type\" content=\"article\" \/>\n<meta property=\"og:title\" content=\"Kaffees\u00e4ure - NATURAL POLAND - IMPORT UND HANDEL VON ROHSTOFFEN\" \/>\n<meta property=\"og:description\" content=\"Kaffees\u00e4ure ist ein Inhaltsstoff mit vielen Vorteilen f\u00fcr die Gesundheit der Haut, insbesondere bei der Vorbeugung und Umkehrung der Auswirkungen von Alterung und oxidativem Stress.\" \/>\n<meta property=\"og:url\" content=\"https:\/\/naturalpoland.com\/de\/produkte\/produkte-fur-die-kosmetikindustrie\/sauren\/saure-kaffee\/\" \/>\n<meta property=\"og:site_name\" content=\"NATURAL POLAND - IMPORT UND HANDEL VON ROHSTOFFEN\" \/>\n<meta property=\"article:publisher\" content=\"https:\/\/www.facebook.com\/naturalpoland.b2b\" \/>\n<meta property=\"og:image\" content=\"https:\/\/naturalpoland.com\/wp-content\/uploads\/kwas-kawowy.webp\" \/>\n\t<meta property=\"og:image:width\" content=\"615\" \/>\n\t<meta property=\"og:image:height\" content=\"615\" \/>\n\t<meta property=\"og:image:type\" content=\"image\/webp\" \/>\n<script type=\"application\/ld+json\" class=\"yoast-schema-graph\">{\"@context\":\"https:\\\/\\\/schema.org\",\"@graph\":[{\"@type\":\"WebPage\",\"@id\":\"https:\\\/\\\/naturalpoland.com\\\/de\\\/produkte\\\/produkte-fur-die-kosmetikindustrie\\\/sauren\\\/saure-kaffee\\\/\",\"url\":\"https:\\\/\\\/naturalpoland.com\\\/de\\\/produkte\\\/produkte-fur-die-kosmetikindustrie\\\/sauren\\\/saure-kaffee\\\/\",\"name\":\"Kaffees\u00e4ure - NATURAL POLAND - IMPORT UND HANDEL VON ROHSTOFFEN\",\"isPartOf\":{\"@id\":\"https:\\\/\\\/naturalpoland.com\\\/de\\\/#website\"},\"primaryImageOfPage\":{\"@id\":\"https:\\\/\\\/naturalpoland.com\\\/de\\\/produkte\\\/produkte-fur-die-kosmetikindustrie\\\/sauren\\\/saure-kaffee\\\/#primaryimage\"},\"image\":{\"@id\":\"https:\\\/\\\/naturalpoland.com\\\/de\\\/produkte\\\/produkte-fur-die-kosmetikindustrie\\\/sauren\\\/saure-kaffee\\\/#primaryimage\"},\"thumbnailUrl\":\"https:\\\/\\\/naturalpoland.com\\\/wp-content\\\/uploads\\\/kwas-kawowy.webp\",\"datePublished\":\"2024-09-10T11:11:13+00:00\",\"description\":\"Kaffees\u00e4ure ist ein Inhaltsstoff mit vielen Vorteilen f\u00fcr die Gesundheit der Haut, insbesondere bei der Vorbeugung und Umkehrung der Auswirkungen von Alterung und oxidativem Stress.\",\"breadcrumb\":{\"@id\":\"https:\\\/\\\/naturalpoland.com\\\/de\\\/produkte\\\/produkte-fur-die-kosmetikindustrie\\\/sauren\\\/saure-kaffee\\\/#breadcrumb\"},\"inLanguage\":\"de\",\"potentialAction\":[{\"@type\":\"ReadAction\",\"target\":[\"https:\\\/\\\/naturalpoland.com\\\/de\\\/produkte\\\/produkte-fur-die-kosmetikindustrie\\\/sauren\\\/saure-kaffee\\\/\"]}]},{\"@type\":\"ImageObject\",\"inLanguage\":\"de\",\"@id\":\"https:\\\/\\\/naturalpoland.com\\\/de\\\/produkte\\\/produkte-fur-die-kosmetikindustrie\\\/sauren\\\/saure-kaffee\\\/#primaryimage\",\"url\":\"https:\\\/\\\/naturalpoland.com\\\/wp-content\\\/uploads\\\/kwas-kawowy.webp\",\"contentUrl\":\"https:\\\/\\\/naturalpoland.com\\\/wp-content\\\/uploads\\\/kwas-kawowy.webp\",\"width\":615,\"height\":615,\"caption\":\"kwas kawowy\"},{\"@type\":\"BreadcrumbList\",\"@id\":\"https:\\\/\\\/naturalpoland.com\\\/de\\\/produkte\\\/produkte-fur-die-kosmetikindustrie\\\/sauren\\\/saure-kaffee\\\/#breadcrumb\",\"itemListElement\":[{\"@type\":\"ListItem\",\"position\":1,\"name\":\"Startseite\",\"item\":\"https:\\\/\\\/naturalpoland.com\\\/de\\\/\"},{\"@type\":\"ListItem\",\"position\":2,\"name\":\"Produkte\",\"item\":\"https:\\\/\\\/naturalpoland.com\\\/de\\\/produkte\\\/\"},{\"@type\":\"ListItem\",\"position\":3,\"name\":\"Kaffees\u00e4ure\"}]},{\"@type\":\"WebSite\",\"@id\":\"https:\\\/\\\/naturalpoland.com\\\/de\\\/#website\",\"url\":\"https:\\\/\\\/naturalpoland.com\\\/de\\\/\",\"name\":\"NATURAL POLAND - IMPORT UND HANDEL VON ROHSTOFFEN\",\"description\":\"Rohstoffe f\u00fcr die Lebensmittelindustrie, Kosmetikindustrie, Pharmaindustrie\",\"publisher\":{\"@id\":\"https:\\\/\\\/naturalpoland.com\\\/de\\\/#organization\"},\"potentialAction\":[{\"@type\":\"SearchAction\",\"target\":{\"@type\":\"EntryPoint\",\"urlTemplate\":\"https:\\\/\\\/naturalpoland.com\\\/de\\\/?s={search_term_string}\"},\"query-input\":{\"@type\":\"PropertyValueSpecification\",\"valueRequired\":true,\"valueName\":\"search_term_string\"}}],\"inLanguage\":\"de\"},{\"@type\":\"Organization\",\"@id\":\"https:\\\/\\\/naturalpoland.com\\\/de\\\/#organization\",\"name\":\"Natural Poland\",\"url\":\"https:\\\/\\\/naturalpoland.com\\\/de\\\/\",\"logo\":{\"@type\":\"ImageObject\",\"inLanguage\":\"de\",\"@id\":\"https:\\\/\\\/naturalpoland.com\\\/de\\\/#\\\/schema\\\/logo\\\/image\\\/\",\"url\":\"https:\\\/\\\/naturalpoland.com\\\/wp-content\\\/uploads\\\/2021\\\/05\\\/natural-poland-icon.png\",\"contentUrl\":\"https:\\\/\\\/naturalpoland.com\\\/wp-content\\\/uploads\\\/2021\\\/05\\\/natural-poland-icon.png\",\"width\":512,\"height\":512,\"caption\":\"Natural Poland\"},\"image\":{\"@id\":\"https:\\\/\\\/naturalpoland.com\\\/de\\\/#\\\/schema\\\/logo\\\/image\\\/\"},\"sameAs\":[\"https:\\\/\\\/www.facebook.com\\\/naturalpoland.b2b\",\"https:\\\/\\\/pl.linkedin.com\\\/company\\\/natural-poland\",\"https:\\\/\\\/www.youtube.com\\\/channel\\\/UCgeGGkvOMahZo-xu_MSEWxg\"]}]}<\/script>\n<!-- \/ Yoast SEO plugin. -->","yoast_head_json":{"title":"Kaffees\u00e4ure - NATURAL POLAND - IMPORT UND HANDEL VON ROHSTOFFEN","description":"Kaffees\u00e4ure ist ein Inhaltsstoff mit vielen Vorteilen f\u00fcr die Gesundheit der Haut, insbesondere bei der Vorbeugung und Umkehrung der Auswirkungen von Alterung und oxidativem Stress.","robots":{"index":"index","follow":"follow","max-snippet":"max-snippet:-1","max-image-preview":"max-image-preview:large","max-video-preview":"max-video-preview:-1"},"canonical":"https:\/\/naturalpoland.com\/de\/produkte\/produkte-fur-die-kosmetikindustrie\/sauren\/saure-kaffee\/","og_locale":"de_DE","og_type":"article","og_title":"Kaffees\u00e4ure - NATURAL POLAND - IMPORT UND HANDEL VON ROHSTOFFEN","og_description":"Kaffees\u00e4ure ist ein Inhaltsstoff mit vielen Vorteilen f\u00fcr die Gesundheit der Haut, insbesondere bei der Vorbeugung und Umkehrung der Auswirkungen von Alterung und oxidativem Stress.","og_url":"https:\/\/naturalpoland.com\/de\/produkte\/produkte-fur-die-kosmetikindustrie\/sauren\/saure-kaffee\/","og_site_name":"NATURAL POLAND - IMPORT UND HANDEL VON ROHSTOFFEN","article_publisher":"https:\/\/www.facebook.com\/naturalpoland.b2b","og_image":[{"width":615,"height":615,"url":"https:\/\/naturalpoland.com\/wp-content\/uploads\/kwas-kawowy.webp","type":"image\/webp"}],"schema":{"@context":"https:\/\/schema.org","@graph":[{"@type":"WebPage","@id":"https:\/\/naturalpoland.com\/de\/produkte\/produkte-fur-die-kosmetikindustrie\/sauren\/saure-kaffee\/","url":"https:\/\/naturalpoland.com\/de\/produkte\/produkte-fur-die-kosmetikindustrie\/sauren\/saure-kaffee\/","name":"Kaffees\u00e4ure - NATURAL POLAND - IMPORT UND HANDEL VON ROHSTOFFEN","isPartOf":{"@id":"https:\/\/naturalpoland.com\/de\/#website"},"primaryImageOfPage":{"@id":"https:\/\/naturalpoland.com\/de\/produkte\/produkte-fur-die-kosmetikindustrie\/sauren\/saure-kaffee\/#primaryimage"},"image":{"@id":"https:\/\/naturalpoland.com\/de\/produkte\/produkte-fur-die-kosmetikindustrie\/sauren\/saure-kaffee\/#primaryimage"},"thumbnailUrl":"https:\/\/naturalpoland.com\/wp-content\/uploads\/kwas-kawowy.webp","datePublished":"2024-09-10T11:11:13+00:00","description":"Kaffees\u00e4ure ist ein Inhaltsstoff mit vielen Vorteilen f\u00fcr die Gesundheit der Haut, insbesondere bei der Vorbeugung und Umkehrung der Auswirkungen von Alterung und oxidativem Stress.","breadcrumb":{"@id":"https:\/\/naturalpoland.com\/de\/produkte\/produkte-fur-die-kosmetikindustrie\/sauren\/saure-kaffee\/#breadcrumb"},"inLanguage":"de","potentialAction":[{"@type":"ReadAction","target":["https:\/\/naturalpoland.com\/de\/produkte\/produkte-fur-die-kosmetikindustrie\/sauren\/saure-kaffee\/"]}]},{"@type":"ImageObject","inLanguage":"de","@id":"https:\/\/naturalpoland.com\/de\/produkte\/produkte-fur-die-kosmetikindustrie\/sauren\/saure-kaffee\/#primaryimage","url":"https:\/\/naturalpoland.com\/wp-content\/uploads\/kwas-kawowy.webp","contentUrl":"https:\/\/naturalpoland.com\/wp-content\/uploads\/kwas-kawowy.webp","width":615,"height":615,"caption":"kwas kawowy"},{"@type":"BreadcrumbList","@id":"https:\/\/naturalpoland.com\/de\/produkte\/produkte-fur-die-kosmetikindustrie\/sauren\/saure-kaffee\/#breadcrumb","itemListElement":[{"@type":"ListItem","position":1,"name":"Startseite","item":"https:\/\/naturalpoland.com\/de\/"},{"@type":"ListItem","position":2,"name":"Produkte","item":"https:\/\/naturalpoland.com\/de\/produkte\/"},{"@type":"ListItem","position":3,"name":"Kaffees\u00e4ure"}]},{"@type":"WebSite","@id":"https:\/\/naturalpoland.com\/de\/#website","url":"https:\/\/naturalpoland.com\/de\/","name":"NATURAL POLAND - IMPORT UND HANDEL VON ROHSTOFFEN","description":"Rohstoffe f\u00fcr die Lebensmittelindustrie, Kosmetikindustrie, Pharmaindustrie","publisher":{"@id":"https:\/\/naturalpoland.com\/de\/#organization"},"potentialAction":[{"@type":"SearchAction","target":{"@type":"EntryPoint","urlTemplate":"https:\/\/naturalpoland.com\/de\/?s={search_term_string}"},"query-input":{"@type":"PropertyValueSpecification","valueRequired":true,"valueName":"search_term_string"}}],"inLanguage":"de"},{"@type":"Organization","@id":"https:\/\/naturalpoland.com\/de\/#organization","name":"Natural Poland","url":"https:\/\/naturalpoland.com\/de\/","logo":{"@type":"ImageObject","inLanguage":"de","@id":"https:\/\/naturalpoland.com\/de\/#\/schema\/logo\/image\/","url":"https:\/\/naturalpoland.com\/wp-content\/uploads\/2021\/05\/natural-poland-icon.png","contentUrl":"https:\/\/naturalpoland.com\/wp-content\/uploads\/2021\/05\/natural-poland-icon.png","width":512,"height":512,"caption":"Natural Poland"},"image":{"@id":"https:\/\/naturalpoland.com\/de\/#\/schema\/logo\/image\/"},"sameAs":["https:\/\/www.facebook.com\/naturalpoland.b2b","https:\/\/pl.linkedin.com\/company\/natural-poland","https:\/\/www.youtube.com\/channel\/UCgeGGkvOMahZo-xu_MSEWxg"]}]}},"_links":{"self":[{"href":"https:\/\/naturalpoland.com\/de\/wp-json\/wp\/v2\/product\/35341","targetHints":{"allow":["GET"]}}],"collection":[{"href":"https:\/\/naturalpoland.com\/de\/wp-json\/wp\/v2\/product"}],"about":[{"href":"https:\/\/naturalpoland.com\/de\/wp-json\/wp\/v2\/types\/product"}],"wp:featuredmedia":[{"embeddable":true,"href":"https:\/\/naturalpoland.com\/de\/wp-json\/wp\/v2\/media\/35312"}],"wp:attachment":[{"href":"https:\/\/naturalpoland.com\/de\/wp-json\/wp\/v2\/media?parent=35341"}],"wp:term":[{"taxonomy":"product_brand","embeddable":true,"href":"https:\/\/naturalpoland.com\/de\/wp-json\/wp\/v2\/product_brand?post=35341"},{"taxonomy":"product_cat","embeddable":true,"href":"https:\/\/naturalpoland.com\/de\/wp-json\/wp\/v2\/product_cat?post=35341"},{"taxonomy":"product_tag","embeddable":true,"href":"https:\/\/naturalpoland.com\/de\/wp-json\/wp\/v2\/product_tag?post=35341"}],"curies":[{"name":"wp","href":"https:\/\/api.w.org\/{rel}","templated":true}]}}