{"id":35371,"date":"2024-09-09T16:09:46","date_gmt":"2024-09-10T11:12:53","guid":{"rendered":"https:\/\/naturalpoland.com\/produkty\/unkategorisiert\/brenztraubensaure\/"},"modified":"2024-09-10T13:12:53","modified_gmt":"2024-09-10T11:12:53","slug":"brenztraubensaure","status":"publish","type":"product","link":"https:\/\/naturalpoland.com\/de\/produkte\/produkte-fur-die-kosmetikindustrie\/sauren\/brenztraubensaure\/","title":{"rendered":"Brenztraubens\u00e4ure"},"content":{"rendered":"<p>Brenztraubens\u00e4ure kommt nat\u00fcrlich in vielen Lebensmitteln wie \u00c4pfeln, Honig und Essig sowie in fermentierten Fr\u00fcchten, dunklem Wein und Bier vor.<br \/>\nIn lebenden Organismen ist Brenztraubens\u00e4ure ein Schl\u00fcsselmetabolit im Prozess der Glykolyse &#8211; der Umwandlung von Glukose in Energie &#8211; und stellt einen Zwischenschritt bei der alkoholischen G\u00e4rung von Kohlenhydraten dar.   <\/p>\n<h2>Eigenschaften von Brenztraubens\u00e4ure<\/h2>\n<p>  Brenztraubens\u00e4ure zeichnet sich durch ihre geringe Partikelgr\u00f6\u00dfe aus, die es ihr erm\u00f6glicht, tief in die Haut einzudringen.<br \/>\nSie besitzt sowohl eine Carboxyl- als auch eine Carbonylgruppe, wodurch sie leistungsf\u00e4higer ist als andere S\u00e4uren wie z.B. Milchs\u00e4ure.<br \/>\nIn Konzentrationen von \u00fcber 50% kann sie schnell und tief in die Haut eindringen und die Hautzellen exfolieren und stimulieren.    <strong>Wirkung von Brenztraubens\u00e4ure:<\/strong><\/p>\n<ul>\n<li>hat eine starke Peeling-Wirkung &#8211; sch\u00e4lt abgestorbene Hautzellen ab,<\/li>\n<li>hat eine seboregulierende Wirkung und reduziert die Talgabsonderungen,<\/li>\n<li>hat die F\u00e4higkeit, Fibroblasten zu stimulieren &#8211; unterst\u00fctzt die Produktion von Kollagen und Elastin,<\/li>\n<li>hat eine antibakterielle und entz\u00fcndungshemmende Wirkung,<\/li>\n<li>hat aufhellende Eigenschaften,<\/li>\n<li>ist ein nat\u00fcrlicher Hemmer von Enzymen, die f\u00fcr Entz\u00fcndungen verantwortlich sind, wie die Cyclooxygenase (COX) und die Lipoxygenase (LOX). Es reduziert die Synthese von Entz\u00fcndungsmediatoren wie Prostaglandinen und Leukotrienen und verringert so Entz\u00fcndungen und Reizungen,<\/li>\n<li>hat antioxidative Eigenschaften.<\/li>\n<\/ul>\n<h2>Anmeldung<\/h2>\n<p>  Brenztraubens\u00e4ure wird in der Dermatologie zur Behandlung von Akne eingesetzt, insbesondere bei Menschen mit fettiger und zu Mitessern neigender Haut.<br \/>\nBrenztraubens\u00e4ure-Peelings k\u00f6nnen auch verwendet werden, um oberfl\u00e4chliche Aknenarben und Falten zu reduzieren.<br \/>\nDie S\u00e4ure wird auch bei Anti-Aging-Behandlungen eingesetzt.<br \/>\nAufgrund ihrer intensiven Wirkung darf die Verwendung von Brenztraubens\u00e4ure in hohen Konzentrationen (\u00fcber 50%) nur von qualifizierten Fachleuten durchgef\u00fchrt werden.<br \/>\nBei niedrigeren Konzentrationen kann die S\u00e4ure zu Hause verwendet werden, aber immer unter der Aufsicht eines Fachmanns.    <\/p>\n","protected":false},"excerpt":{"rendered":"<p>Brenztraubens\u00e4ure (CAS: 127-17-3) ist eine organische chemische Verbindung, die zur Gruppe der Alpha-Ketos\u00e4uren geh\u00f6rt.<\/p>\n","protected":false},"featured_media":35260,"template":"","meta":{"_acf_changed":false},"product_brand":[],"product_cat":[5452],"product_tag":[],"class_list":{"0":"post-35371","1":"product","2":"type-product","3":"status-publish","4":"has-post-thumbnail","6":"product_cat-sauren","8":"first","9":"instock","10":"shipping-taxable","11":"product-type-simple"},"acf":[],"yoast_head":"<!-- This site is optimized with the Yoast SEO plugin v27.4 - https:\/\/yoast.com\/product\/yoast-seo-wordpress\/ -->\n<title>Brenztraubens\u00e4ure - NATURAL POLAND - IMPORT UND HANDEL VON ROHSTOFFEN<\/title>\n<meta name=\"description\" content=\"Brenztraubens\u00e4ure ist ein vielseitiger Wirkstoff, der in vielen dermatologischen und kosmetologischen Verfahren eingesetzt wird.\" \/>\n<meta name=\"robots\" content=\"index, follow, max-snippet:-1, max-image-preview:large, max-video-preview:-1\" \/>\n<link rel=\"canonical\" href=\"https:\/\/naturalpoland.com\/de\/produkte\/produkte-fur-die-kosmetikindustrie\/sauren\/brenztraubensaure\/\" \/>\n<meta property=\"og:locale\" content=\"de_DE\" \/>\n<meta property=\"og:type\" content=\"article\" \/>\n<meta property=\"og:title\" content=\"Brenztraubens\u00e4ure - NATURAL POLAND - IMPORT UND HANDEL VON ROHSTOFFEN\" \/>\n<meta property=\"og:description\" content=\"Brenztraubens\u00e4ure ist ein vielseitiger Wirkstoff, der in vielen dermatologischen und kosmetologischen Verfahren eingesetzt wird.\" \/>\n<meta property=\"og:url\" content=\"https:\/\/naturalpoland.com\/de\/produkte\/produkte-fur-die-kosmetikindustrie\/sauren\/brenztraubensaure\/\" \/>\n<meta property=\"og:site_name\" content=\"NATURAL POLAND - IMPORT UND HANDEL VON ROHSTOFFEN\" \/>\n<meta property=\"article:publisher\" content=\"https:\/\/www.facebook.com\/naturalpoland.b2b\" \/>\n<meta property=\"og:image\" content=\"https:\/\/naturalpoland.com\/wp-content\/uploads\/kwas-pirogronowy.webp\" \/>\n\t<meta property=\"og:image:width\" content=\"615\" \/>\n\t<meta property=\"og:image:height\" content=\"615\" \/>\n\t<meta property=\"og:image:type\" content=\"image\/webp\" \/>\n<script type=\"application\/ld+json\" class=\"yoast-schema-graph\">{\"@context\":\"https:\\\/\\\/schema.org\",\"@graph\":[{\"@type\":\"WebPage\",\"@id\":\"https:\\\/\\\/naturalpoland.com\\\/de\\\/produkte\\\/produkte-fur-die-kosmetikindustrie\\\/sauren\\\/brenztraubensaure\\\/\",\"url\":\"https:\\\/\\\/naturalpoland.com\\\/de\\\/produkte\\\/produkte-fur-die-kosmetikindustrie\\\/sauren\\\/brenztraubensaure\\\/\",\"name\":\"Brenztraubens\u00e4ure - NATURAL POLAND - IMPORT UND HANDEL VON ROHSTOFFEN\",\"isPartOf\":{\"@id\":\"https:\\\/\\\/naturalpoland.com\\\/de\\\/#website\"},\"primaryImageOfPage\":{\"@id\":\"https:\\\/\\\/naturalpoland.com\\\/de\\\/produkte\\\/produkte-fur-die-kosmetikindustrie\\\/sauren\\\/brenztraubensaure\\\/#primaryimage\"},\"image\":{\"@id\":\"https:\\\/\\\/naturalpoland.com\\\/de\\\/produkte\\\/produkte-fur-die-kosmetikindustrie\\\/sauren\\\/brenztraubensaure\\\/#primaryimage\"},\"thumbnailUrl\":\"https:\\\/\\\/naturalpoland.com\\\/wp-content\\\/uploads\\\/kwas-pirogronowy.webp\",\"datePublished\":\"2024-09-10T11:12:53+00:00\",\"description\":\"Brenztraubens\u00e4ure ist ein vielseitiger Wirkstoff, der in vielen dermatologischen und kosmetologischen Verfahren eingesetzt wird.\",\"breadcrumb\":{\"@id\":\"https:\\\/\\\/naturalpoland.com\\\/de\\\/produkte\\\/produkte-fur-die-kosmetikindustrie\\\/sauren\\\/brenztraubensaure\\\/#breadcrumb\"},\"inLanguage\":\"de\",\"potentialAction\":[{\"@type\":\"ReadAction\",\"target\":[\"https:\\\/\\\/naturalpoland.com\\\/de\\\/produkte\\\/produkte-fur-die-kosmetikindustrie\\\/sauren\\\/brenztraubensaure\\\/\"]}]},{\"@type\":\"ImageObject\",\"inLanguage\":\"de\",\"@id\":\"https:\\\/\\\/naturalpoland.com\\\/de\\\/produkte\\\/produkte-fur-die-kosmetikindustrie\\\/sauren\\\/brenztraubensaure\\\/#primaryimage\",\"url\":\"https:\\\/\\\/naturalpoland.com\\\/wp-content\\\/uploads\\\/kwas-pirogronowy.webp\",\"contentUrl\":\"https:\\\/\\\/naturalpoland.com\\\/wp-content\\\/uploads\\\/kwas-pirogronowy.webp\",\"width\":615,\"height\":615,\"caption\":\"kwas pirogronowy\"},{\"@type\":\"BreadcrumbList\",\"@id\":\"https:\\\/\\\/naturalpoland.com\\\/de\\\/produkte\\\/produkte-fur-die-kosmetikindustrie\\\/sauren\\\/brenztraubensaure\\\/#breadcrumb\",\"itemListElement\":[{\"@type\":\"ListItem\",\"position\":1,\"name\":\"Startseite\",\"item\":\"https:\\\/\\\/naturalpoland.com\\\/de\\\/\"},{\"@type\":\"ListItem\",\"position\":2,\"name\":\"Produkte\",\"item\":\"https:\\\/\\\/naturalpoland.com\\\/de\\\/produkte\\\/\"},{\"@type\":\"ListItem\",\"position\":3,\"name\":\"Brenztraubens\u00e4ure\"}]},{\"@type\":\"WebSite\",\"@id\":\"https:\\\/\\\/naturalpoland.com\\\/de\\\/#website\",\"url\":\"https:\\\/\\\/naturalpoland.com\\\/de\\\/\",\"name\":\"NATURAL POLAND - IMPORT UND HANDEL VON ROHSTOFFEN\",\"description\":\"Rohstoffe f\u00fcr die Lebensmittelindustrie, Kosmetikindustrie, Pharmaindustrie\",\"publisher\":{\"@id\":\"https:\\\/\\\/naturalpoland.com\\\/de\\\/#organization\"},\"potentialAction\":[{\"@type\":\"SearchAction\",\"target\":{\"@type\":\"EntryPoint\",\"urlTemplate\":\"https:\\\/\\\/naturalpoland.com\\\/de\\\/?s={search_term_string}\"},\"query-input\":{\"@type\":\"PropertyValueSpecification\",\"valueRequired\":true,\"valueName\":\"search_term_string\"}}],\"inLanguage\":\"de\"},{\"@type\":\"Organization\",\"@id\":\"https:\\\/\\\/naturalpoland.com\\\/de\\\/#organization\",\"name\":\"Natural Poland\",\"url\":\"https:\\\/\\\/naturalpoland.com\\\/de\\\/\",\"logo\":{\"@type\":\"ImageObject\",\"inLanguage\":\"de\",\"@id\":\"https:\\\/\\\/naturalpoland.com\\\/de\\\/#\\\/schema\\\/logo\\\/image\\\/\",\"url\":\"https:\\\/\\\/naturalpoland.com\\\/wp-content\\\/uploads\\\/2021\\\/05\\\/natural-poland-icon.png\",\"contentUrl\":\"https:\\\/\\\/naturalpoland.com\\\/wp-content\\\/uploads\\\/2021\\\/05\\\/natural-poland-icon.png\",\"width\":512,\"height\":512,\"caption\":\"Natural Poland\"},\"image\":{\"@id\":\"https:\\\/\\\/naturalpoland.com\\\/de\\\/#\\\/schema\\\/logo\\\/image\\\/\"},\"sameAs\":[\"https:\\\/\\\/www.facebook.com\\\/naturalpoland.b2b\",\"https:\\\/\\\/pl.linkedin.com\\\/company\\\/natural-poland\",\"https:\\\/\\\/www.youtube.com\\\/channel\\\/UCgeGGkvOMahZo-xu_MSEWxg\"]}]}<\/script>\n<!-- \/ Yoast SEO plugin. -->","yoast_head_json":{"title":"Brenztraubens\u00e4ure - NATURAL POLAND - IMPORT UND HANDEL VON ROHSTOFFEN","description":"Brenztraubens\u00e4ure ist ein vielseitiger Wirkstoff, der in vielen dermatologischen und kosmetologischen Verfahren eingesetzt wird.","robots":{"index":"index","follow":"follow","max-snippet":"max-snippet:-1","max-image-preview":"max-image-preview:large","max-video-preview":"max-video-preview:-1"},"canonical":"https:\/\/naturalpoland.com\/de\/produkte\/produkte-fur-die-kosmetikindustrie\/sauren\/brenztraubensaure\/","og_locale":"de_DE","og_type":"article","og_title":"Brenztraubens\u00e4ure - NATURAL POLAND - IMPORT UND HANDEL VON ROHSTOFFEN","og_description":"Brenztraubens\u00e4ure ist ein vielseitiger Wirkstoff, der in vielen dermatologischen und kosmetologischen Verfahren eingesetzt wird.","og_url":"https:\/\/naturalpoland.com\/de\/produkte\/produkte-fur-die-kosmetikindustrie\/sauren\/brenztraubensaure\/","og_site_name":"NATURAL POLAND - IMPORT UND HANDEL VON ROHSTOFFEN","article_publisher":"https:\/\/www.facebook.com\/naturalpoland.b2b","og_image":[{"width":615,"height":615,"url":"https:\/\/naturalpoland.com\/wp-content\/uploads\/kwas-pirogronowy.webp","type":"image\/webp"}],"schema":{"@context":"https:\/\/schema.org","@graph":[{"@type":"WebPage","@id":"https:\/\/naturalpoland.com\/de\/produkte\/produkte-fur-die-kosmetikindustrie\/sauren\/brenztraubensaure\/","url":"https:\/\/naturalpoland.com\/de\/produkte\/produkte-fur-die-kosmetikindustrie\/sauren\/brenztraubensaure\/","name":"Brenztraubens\u00e4ure - NATURAL POLAND - IMPORT UND HANDEL VON ROHSTOFFEN","isPartOf":{"@id":"https:\/\/naturalpoland.com\/de\/#website"},"primaryImageOfPage":{"@id":"https:\/\/naturalpoland.com\/de\/produkte\/produkte-fur-die-kosmetikindustrie\/sauren\/brenztraubensaure\/#primaryimage"},"image":{"@id":"https:\/\/naturalpoland.com\/de\/produkte\/produkte-fur-die-kosmetikindustrie\/sauren\/brenztraubensaure\/#primaryimage"},"thumbnailUrl":"https:\/\/naturalpoland.com\/wp-content\/uploads\/kwas-pirogronowy.webp","datePublished":"2024-09-10T11:12:53+00:00","description":"Brenztraubens\u00e4ure ist ein vielseitiger Wirkstoff, der in vielen dermatologischen und kosmetologischen Verfahren eingesetzt wird.","breadcrumb":{"@id":"https:\/\/naturalpoland.com\/de\/produkte\/produkte-fur-die-kosmetikindustrie\/sauren\/brenztraubensaure\/#breadcrumb"},"inLanguage":"de","potentialAction":[{"@type":"ReadAction","target":["https:\/\/naturalpoland.com\/de\/produkte\/produkte-fur-die-kosmetikindustrie\/sauren\/brenztraubensaure\/"]}]},{"@type":"ImageObject","inLanguage":"de","@id":"https:\/\/naturalpoland.com\/de\/produkte\/produkte-fur-die-kosmetikindustrie\/sauren\/brenztraubensaure\/#primaryimage","url":"https:\/\/naturalpoland.com\/wp-content\/uploads\/kwas-pirogronowy.webp","contentUrl":"https:\/\/naturalpoland.com\/wp-content\/uploads\/kwas-pirogronowy.webp","width":615,"height":615,"caption":"kwas pirogronowy"},{"@type":"BreadcrumbList","@id":"https:\/\/naturalpoland.com\/de\/produkte\/produkte-fur-die-kosmetikindustrie\/sauren\/brenztraubensaure\/#breadcrumb","itemListElement":[{"@type":"ListItem","position":1,"name":"Startseite","item":"https:\/\/naturalpoland.com\/de\/"},{"@type":"ListItem","position":2,"name":"Produkte","item":"https:\/\/naturalpoland.com\/de\/produkte\/"},{"@type":"ListItem","position":3,"name":"Brenztraubens\u00e4ure"}]},{"@type":"WebSite","@id":"https:\/\/naturalpoland.com\/de\/#website","url":"https:\/\/naturalpoland.com\/de\/","name":"NATURAL POLAND - IMPORT UND HANDEL VON ROHSTOFFEN","description":"Rohstoffe f\u00fcr die Lebensmittelindustrie, Kosmetikindustrie, Pharmaindustrie","publisher":{"@id":"https:\/\/naturalpoland.com\/de\/#organization"},"potentialAction":[{"@type":"SearchAction","target":{"@type":"EntryPoint","urlTemplate":"https:\/\/naturalpoland.com\/de\/?s={search_term_string}"},"query-input":{"@type":"PropertyValueSpecification","valueRequired":true,"valueName":"search_term_string"}}],"inLanguage":"de"},{"@type":"Organization","@id":"https:\/\/naturalpoland.com\/de\/#organization","name":"Natural Poland","url":"https:\/\/naturalpoland.com\/de\/","logo":{"@type":"ImageObject","inLanguage":"de","@id":"https:\/\/naturalpoland.com\/de\/#\/schema\/logo\/image\/","url":"https:\/\/naturalpoland.com\/wp-content\/uploads\/2021\/05\/natural-poland-icon.png","contentUrl":"https:\/\/naturalpoland.com\/wp-content\/uploads\/2021\/05\/natural-poland-icon.png","width":512,"height":512,"caption":"Natural Poland"},"image":{"@id":"https:\/\/naturalpoland.com\/de\/#\/schema\/logo\/image\/"},"sameAs":["https:\/\/www.facebook.com\/naturalpoland.b2b","https:\/\/pl.linkedin.com\/company\/natural-poland","https:\/\/www.youtube.com\/channel\/UCgeGGkvOMahZo-xu_MSEWxg"]}]}},"_links":{"self":[{"href":"https:\/\/naturalpoland.com\/de\/wp-json\/wp\/v2\/product\/35371","targetHints":{"allow":["GET"]}}],"collection":[{"href":"https:\/\/naturalpoland.com\/de\/wp-json\/wp\/v2\/product"}],"about":[{"href":"https:\/\/naturalpoland.com\/de\/wp-json\/wp\/v2\/types\/product"}],"wp:featuredmedia":[{"embeddable":true,"href":"https:\/\/naturalpoland.com\/de\/wp-json\/wp\/v2\/media\/35260"}],"wp:attachment":[{"href":"https:\/\/naturalpoland.com\/de\/wp-json\/wp\/v2\/media?parent=35371"}],"wp:term":[{"taxonomy":"product_brand","embeddable":true,"href":"https:\/\/naturalpoland.com\/de\/wp-json\/wp\/v2\/product_brand?post=35371"},{"taxonomy":"product_cat","embeddable":true,"href":"https:\/\/naturalpoland.com\/de\/wp-json\/wp\/v2\/product_cat?post=35371"},{"taxonomy":"product_tag","embeddable":true,"href":"https:\/\/naturalpoland.com\/de\/wp-json\/wp\/v2\/product_tag?post=35371"}],"curies":[{"name":"wp","href":"https:\/\/api.w.org\/{rel}","templated":true}]}}