{"id":35373,"date":"2024-09-10T11:38:47","date_gmt":"2024-09-10T11:12:59","guid":{"rendered":"https:\/\/naturalpoland.com\/produkty\/unkategorisiert\/mandelsaure\/"},"modified":"2024-09-10T13:12:59","modified_gmt":"2024-09-10T11:12:59","slug":"mandelsaure","status":"publish","type":"product","link":"https:\/\/naturalpoland.com\/de\/produkte\/produkte-fur-die-kosmetikindustrie\/sauren\/mandelsaure\/","title":{"rendered":"Mandels\u00e4ure"},"content":{"rendered":"<h2>Eigenschaften und Wirkungen von Mandels\u00e4ure:<\/h2>\n<p><strong>Verringerung von Verf\u00e4rbungen<\/strong> &#8211; Mandels\u00e4ure hellt verschiedene Arten von Verf\u00e4rbungen auf, z.B. durch die Sonne (Sonnenflecken), hormonelle Ver\u00e4nderungen, Akne, Alterungsprozesse verursacht.<br \/>\nIhre aufhellende Wirkung beruht auf der Hemmung der Tyrosinase-Aktivit\u00e4t, einem Schl\u00fcsselenzym der Melaninproduktion (Melanogenese). <strong>Gl\u00e4ttende Wirkung<\/strong> &#8211; Mandels\u00e4ure hat die F\u00e4higkeit, die Synthese von Glykosaminoglykanen (GAGs) zu stimulieren und die Produktion von Kollagen und Elastin zu f\u00f6rdern.<br \/>\nDadurch wird die Haut gegl\u00e4ttet und das Auftreten von Falten reduziert. <strong>Exfoliation der Haut<\/strong> &#8211; Mandels\u00e4ure geh\u00f6rt zur AHA-Gruppe und hat daher eine keratolytische Wirkung &#8211; sie exfoliert abgestorbene Epidermiszellen und l\u00f6st die Verbindungen zwischen ihnen und dem interzellul\u00e4ren Zement.<br \/>\nDieser Prozess f\u00f6rdert die Zellerneuerung, entblockiert die Talgdr\u00fcsenausg\u00e4nge und verhindert so die Bildung von Mitessern und Entz\u00fcndungen.<br \/>\nDank ihrer gro\u00dfen Molek\u00fcle dringt sie allm\u00e4hlich in die Haut ein und wirkt sanfter als andere AHA-S\u00e4uren, so dass sie auch bei empfindlicher Haut gut wirkt. Angleichung des <strong>Hauttons<\/strong> &#8211; ein sanftes Peeling der Epidermis f\u00fchrt zur Entfernung abgestorbener Zellen, die einen ungleichm\u00e4\u00dfigen Hautton verursachen k\u00f6nnen.<br \/>\nDie regelm\u00e4\u00dfige Anwendung von Mandels\u00e4ure gleicht den Hautton bei postinflammatorischer Hyperpigmentierung, Sommersprossen und Chloasma aus.       <\/p>\n<h2>Anmeldung<\/h2>\n<p>  Produkte mit Mandels\u00e4ure sind besonders empfehlenswert f\u00fcr problematische Haut, fettige Haut, Mischhaut, zu Akne neigende Haut sowie f\u00fcr reife, trockene und m\u00fcde Haut.<br \/>\nEs handelt sich um eine milde S\u00e4ure, die auch von Menschen mit empfindlicher und vaskul\u00e4rer Haut sowie w\u00e4hrend der Schwangerschaft verwendet werden kann, sofern die S\u00e4urekonzentration 10-15% nicht \u00fcbersteigt.<br \/>\nAufgrund ihrer photosensibilisierenden Eigenschaften wird empfohlen, Mandels\u00e4ure abends nach der gr\u00fcndlichen Reinigung der Haut aufzutragen.<br \/>\nDenken Sie daran, die Haut tags\u00fcber vor UV-Strahlung zu sch\u00fctzen, indem Sie Cremes mit hohem Sonnenschutzfaktor verwenden.<br \/>\nMandels\u00e4ure geh\u00f6rt zu den milderen AHAs, kann aber bei Menschen mit empfindlicher Haut oder bei unsachgem\u00e4\u00dfer Anwendung zu Irritationen f\u00fchren.    <\/p>\n","protected":false},"excerpt":{"rendered":"<p><strong>Mandels\u00e4ure<\/strong> (CAS: 90-64-2), auch bekannt als <em><strong>Mandels\u00e4ure<\/strong><\/em>ist eine organische chemische Verbindung, die zur Gruppe der Alpha-Hydroxys\u00e4uren (AHA) geh\u00f6rt.<br \/>\nSie zeichnet sich durch eine C\u2088H\u2088O\u2083-Struktur aus und kommt in ihrer reinen Form als wei\u00dfe, kristalline Flocken vor.<br \/>\nMandels\u00e4ure wird auf nat\u00fcrliche Weise aus Bittermandeln extrahiert.  <\/p>\n","protected":false},"featured_media":35273,"template":"","meta":{"_acf_changed":false},"product_brand":[],"product_cat":[5452],"product_tag":[],"class_list":{"0":"post-35373","1":"product","2":"type-product","3":"status-publish","4":"has-post-thumbnail","6":"product_cat-sauren","8":"first","9":"instock","10":"shipping-taxable","11":"product-type-simple"},"acf":[],"yoast_head":"<!-- This site is optimized with the Yoast SEO plugin v27.5 - https:\/\/yoast.com\/product\/yoast-seo-wordpress\/ -->\n<title>Mandels\u00e4ure - NATURAL POLAND - IMPORT UND HANDEL VON ROHSTOFFEN<\/title>\n<meta name=\"description\" content=\"Mandels\u00e4ure hat sich als wirksam erwiesen, um Hyperpigmentierung zu reduzieren, die Haut zu gl\u00e4tten, abgestorbene Haut zu entfernen und den Hautton auszugleichen.\" \/>\n<meta name=\"robots\" content=\"index, follow, max-snippet:-1, max-image-preview:large, max-video-preview:-1\" \/>\n<link rel=\"canonical\" href=\"https:\/\/naturalpoland.com\/de\/produkte\/produkte-fur-die-kosmetikindustrie\/sauren\/mandelsaure\/\" \/>\n<meta property=\"og:locale\" content=\"de_DE\" \/>\n<meta property=\"og:type\" content=\"article\" \/>\n<meta property=\"og:title\" content=\"Mandels\u00e4ure - NATURAL POLAND - IMPORT UND HANDEL VON ROHSTOFFEN\" \/>\n<meta property=\"og:description\" content=\"Mandels\u00e4ure hat sich als wirksam erwiesen, um Hyperpigmentierung zu reduzieren, die Haut zu gl\u00e4tten, abgestorbene Haut zu entfernen und den Hautton auszugleichen.\" \/>\n<meta property=\"og:url\" content=\"https:\/\/naturalpoland.com\/de\/produkte\/produkte-fur-die-kosmetikindustrie\/sauren\/mandelsaure\/\" \/>\n<meta property=\"og:site_name\" content=\"NATURAL POLAND - IMPORT UND HANDEL VON ROHSTOFFEN\" \/>\n<meta property=\"article:publisher\" content=\"https:\/\/www.facebook.com\/naturalpoland.b2b\" \/>\n<meta property=\"og:image\" content=\"https:\/\/naturalpoland.com\/wp-content\/uploads\/kwas-migdalowy.webp\" \/>\n\t<meta property=\"og:image:width\" content=\"615\" \/>\n\t<meta property=\"og:image:height\" content=\"615\" \/>\n\t<meta property=\"og:image:type\" content=\"image\/webp\" \/>\n<script type=\"application\/ld+json\" class=\"yoast-schema-graph\">{\"@context\":\"https:\\\/\\\/schema.org\",\"@graph\":[{\"@type\":\"WebPage\",\"@id\":\"https:\\\/\\\/naturalpoland.com\\\/de\\\/produkte\\\/produkte-fur-die-kosmetikindustrie\\\/sauren\\\/mandelsaure\\\/\",\"url\":\"https:\\\/\\\/naturalpoland.com\\\/de\\\/produkte\\\/produkte-fur-die-kosmetikindustrie\\\/sauren\\\/mandelsaure\\\/\",\"name\":\"Mandels\u00e4ure - NATURAL POLAND - IMPORT UND HANDEL VON ROHSTOFFEN\",\"isPartOf\":{\"@id\":\"https:\\\/\\\/naturalpoland.com\\\/de\\\/#website\"},\"primaryImageOfPage\":{\"@id\":\"https:\\\/\\\/naturalpoland.com\\\/de\\\/produkte\\\/produkte-fur-die-kosmetikindustrie\\\/sauren\\\/mandelsaure\\\/#primaryimage\"},\"image\":{\"@id\":\"https:\\\/\\\/naturalpoland.com\\\/de\\\/produkte\\\/produkte-fur-die-kosmetikindustrie\\\/sauren\\\/mandelsaure\\\/#primaryimage\"},\"thumbnailUrl\":\"https:\\\/\\\/naturalpoland.com\\\/wp-content\\\/uploads\\\/kwas-migdalowy.webp\",\"datePublished\":\"2024-09-10T11:12:59+00:00\",\"description\":\"Mandels\u00e4ure hat sich als wirksam erwiesen, um Hyperpigmentierung zu reduzieren, die Haut zu gl\u00e4tten, abgestorbene Haut zu entfernen und den Hautton auszugleichen.\",\"breadcrumb\":{\"@id\":\"https:\\\/\\\/naturalpoland.com\\\/de\\\/produkte\\\/produkte-fur-die-kosmetikindustrie\\\/sauren\\\/mandelsaure\\\/#breadcrumb\"},\"inLanguage\":\"de\",\"potentialAction\":[{\"@type\":\"ReadAction\",\"target\":[\"https:\\\/\\\/naturalpoland.com\\\/de\\\/produkte\\\/produkte-fur-die-kosmetikindustrie\\\/sauren\\\/mandelsaure\\\/\"]}]},{\"@type\":\"ImageObject\",\"inLanguage\":\"de\",\"@id\":\"https:\\\/\\\/naturalpoland.com\\\/de\\\/produkte\\\/produkte-fur-die-kosmetikindustrie\\\/sauren\\\/mandelsaure\\\/#primaryimage\",\"url\":\"https:\\\/\\\/naturalpoland.com\\\/wp-content\\\/uploads\\\/kwas-migdalowy.webp\",\"contentUrl\":\"https:\\\/\\\/naturalpoland.com\\\/wp-content\\\/uploads\\\/kwas-migdalowy.webp\",\"width\":615,\"height\":615,\"caption\":\"kwas migda\u0142owy\"},{\"@type\":\"BreadcrumbList\",\"@id\":\"https:\\\/\\\/naturalpoland.com\\\/de\\\/produkte\\\/produkte-fur-die-kosmetikindustrie\\\/sauren\\\/mandelsaure\\\/#breadcrumb\",\"itemListElement\":[{\"@type\":\"ListItem\",\"position\":1,\"name\":\"Startseite\",\"item\":\"https:\\\/\\\/naturalpoland.com\\\/de\\\/\"},{\"@type\":\"ListItem\",\"position\":2,\"name\":\"Produkte\",\"item\":\"https:\\\/\\\/naturalpoland.com\\\/de\\\/produkte\\\/\"},{\"@type\":\"ListItem\",\"position\":3,\"name\":\"Mandels\u00e4ure\"}]},{\"@type\":\"WebSite\",\"@id\":\"https:\\\/\\\/naturalpoland.com\\\/de\\\/#website\",\"url\":\"https:\\\/\\\/naturalpoland.com\\\/de\\\/\",\"name\":\"NATURAL POLAND - IMPORT UND HANDEL VON ROHSTOFFEN\",\"description\":\"Rohstoffe f\u00fcr die Lebensmittelindustrie, Kosmetikindustrie, Pharmaindustrie\",\"publisher\":{\"@id\":\"https:\\\/\\\/naturalpoland.com\\\/de\\\/#organization\"},\"potentialAction\":[{\"@type\":\"SearchAction\",\"target\":{\"@type\":\"EntryPoint\",\"urlTemplate\":\"https:\\\/\\\/naturalpoland.com\\\/de\\\/?s={search_term_string}\"},\"query-input\":{\"@type\":\"PropertyValueSpecification\",\"valueRequired\":true,\"valueName\":\"search_term_string\"}}],\"inLanguage\":\"de\"},{\"@type\":\"Organization\",\"@id\":\"https:\\\/\\\/naturalpoland.com\\\/de\\\/#organization\",\"name\":\"Natural Poland\",\"url\":\"https:\\\/\\\/naturalpoland.com\\\/de\\\/\",\"logo\":{\"@type\":\"ImageObject\",\"inLanguage\":\"de\",\"@id\":\"https:\\\/\\\/naturalpoland.com\\\/de\\\/#\\\/schema\\\/logo\\\/image\\\/\",\"url\":\"https:\\\/\\\/naturalpoland.com\\\/wp-content\\\/uploads\\\/2021\\\/05\\\/natural-poland-icon.png\",\"contentUrl\":\"https:\\\/\\\/naturalpoland.com\\\/wp-content\\\/uploads\\\/2021\\\/05\\\/natural-poland-icon.png\",\"width\":512,\"height\":512,\"caption\":\"Natural Poland\"},\"image\":{\"@id\":\"https:\\\/\\\/naturalpoland.com\\\/de\\\/#\\\/schema\\\/logo\\\/image\\\/\"},\"sameAs\":[\"https:\\\/\\\/www.facebook.com\\\/naturalpoland.b2b\",\"https:\\\/\\\/pl.linkedin.com\\\/company\\\/natural-poland\",\"https:\\\/\\\/www.youtube.com\\\/channel\\\/UCgeGGkvOMahZo-xu_MSEWxg\"]}]}<\/script>\n<!-- \/ Yoast SEO plugin. -->","yoast_head_json":{"title":"Mandels\u00e4ure - NATURAL POLAND - IMPORT UND HANDEL VON ROHSTOFFEN","description":"Mandels\u00e4ure hat sich als wirksam erwiesen, um Hyperpigmentierung zu reduzieren, die Haut zu gl\u00e4tten, abgestorbene Haut zu entfernen und den Hautton auszugleichen.","robots":{"index":"index","follow":"follow","max-snippet":"max-snippet:-1","max-image-preview":"max-image-preview:large","max-video-preview":"max-video-preview:-1"},"canonical":"https:\/\/naturalpoland.com\/de\/produkte\/produkte-fur-die-kosmetikindustrie\/sauren\/mandelsaure\/","og_locale":"de_DE","og_type":"article","og_title":"Mandels\u00e4ure - NATURAL POLAND - IMPORT UND HANDEL VON ROHSTOFFEN","og_description":"Mandels\u00e4ure hat sich als wirksam erwiesen, um Hyperpigmentierung zu reduzieren, die Haut zu gl\u00e4tten, abgestorbene Haut zu entfernen und den Hautton auszugleichen.","og_url":"https:\/\/naturalpoland.com\/de\/produkte\/produkte-fur-die-kosmetikindustrie\/sauren\/mandelsaure\/","og_site_name":"NATURAL POLAND - IMPORT UND HANDEL VON ROHSTOFFEN","article_publisher":"https:\/\/www.facebook.com\/naturalpoland.b2b","og_image":[{"width":615,"height":615,"url":"https:\/\/naturalpoland.com\/wp-content\/uploads\/kwas-migdalowy.webp","type":"image\/webp"}],"schema":{"@context":"https:\/\/schema.org","@graph":[{"@type":"WebPage","@id":"https:\/\/naturalpoland.com\/de\/produkte\/produkte-fur-die-kosmetikindustrie\/sauren\/mandelsaure\/","url":"https:\/\/naturalpoland.com\/de\/produkte\/produkte-fur-die-kosmetikindustrie\/sauren\/mandelsaure\/","name":"Mandels\u00e4ure - NATURAL POLAND - IMPORT UND HANDEL VON ROHSTOFFEN","isPartOf":{"@id":"https:\/\/naturalpoland.com\/de\/#website"},"primaryImageOfPage":{"@id":"https:\/\/naturalpoland.com\/de\/produkte\/produkte-fur-die-kosmetikindustrie\/sauren\/mandelsaure\/#primaryimage"},"image":{"@id":"https:\/\/naturalpoland.com\/de\/produkte\/produkte-fur-die-kosmetikindustrie\/sauren\/mandelsaure\/#primaryimage"},"thumbnailUrl":"https:\/\/naturalpoland.com\/wp-content\/uploads\/kwas-migdalowy.webp","datePublished":"2024-09-10T11:12:59+00:00","description":"Mandels\u00e4ure hat sich als wirksam erwiesen, um Hyperpigmentierung zu reduzieren, die Haut zu gl\u00e4tten, abgestorbene Haut zu entfernen und den Hautton auszugleichen.","breadcrumb":{"@id":"https:\/\/naturalpoland.com\/de\/produkte\/produkte-fur-die-kosmetikindustrie\/sauren\/mandelsaure\/#breadcrumb"},"inLanguage":"de","potentialAction":[{"@type":"ReadAction","target":["https:\/\/naturalpoland.com\/de\/produkte\/produkte-fur-die-kosmetikindustrie\/sauren\/mandelsaure\/"]}]},{"@type":"ImageObject","inLanguage":"de","@id":"https:\/\/naturalpoland.com\/de\/produkte\/produkte-fur-die-kosmetikindustrie\/sauren\/mandelsaure\/#primaryimage","url":"https:\/\/naturalpoland.com\/wp-content\/uploads\/kwas-migdalowy.webp","contentUrl":"https:\/\/naturalpoland.com\/wp-content\/uploads\/kwas-migdalowy.webp","width":615,"height":615,"caption":"kwas migda\u0142owy"},{"@type":"BreadcrumbList","@id":"https:\/\/naturalpoland.com\/de\/produkte\/produkte-fur-die-kosmetikindustrie\/sauren\/mandelsaure\/#breadcrumb","itemListElement":[{"@type":"ListItem","position":1,"name":"Startseite","item":"https:\/\/naturalpoland.com\/de\/"},{"@type":"ListItem","position":2,"name":"Produkte","item":"https:\/\/naturalpoland.com\/de\/produkte\/"},{"@type":"ListItem","position":3,"name":"Mandels\u00e4ure"}]},{"@type":"WebSite","@id":"https:\/\/naturalpoland.com\/de\/#website","url":"https:\/\/naturalpoland.com\/de\/","name":"NATURAL POLAND - IMPORT UND HANDEL VON ROHSTOFFEN","description":"Rohstoffe f\u00fcr die Lebensmittelindustrie, Kosmetikindustrie, Pharmaindustrie","publisher":{"@id":"https:\/\/naturalpoland.com\/de\/#organization"},"potentialAction":[{"@type":"SearchAction","target":{"@type":"EntryPoint","urlTemplate":"https:\/\/naturalpoland.com\/de\/?s={search_term_string}"},"query-input":{"@type":"PropertyValueSpecification","valueRequired":true,"valueName":"search_term_string"}}],"inLanguage":"de"},{"@type":"Organization","@id":"https:\/\/naturalpoland.com\/de\/#organization","name":"Natural Poland","url":"https:\/\/naturalpoland.com\/de\/","logo":{"@type":"ImageObject","inLanguage":"de","@id":"https:\/\/naturalpoland.com\/de\/#\/schema\/logo\/image\/","url":"https:\/\/naturalpoland.com\/wp-content\/uploads\/2021\/05\/natural-poland-icon.png","contentUrl":"https:\/\/naturalpoland.com\/wp-content\/uploads\/2021\/05\/natural-poland-icon.png","width":512,"height":512,"caption":"Natural Poland"},"image":{"@id":"https:\/\/naturalpoland.com\/de\/#\/schema\/logo\/image\/"},"sameAs":["https:\/\/www.facebook.com\/naturalpoland.b2b","https:\/\/pl.linkedin.com\/company\/natural-poland","https:\/\/www.youtube.com\/channel\/UCgeGGkvOMahZo-xu_MSEWxg"]}]}},"_links":{"self":[{"href":"https:\/\/naturalpoland.com\/de\/wp-json\/wp\/v2\/product\/35373","targetHints":{"allow":["GET"]}}],"collection":[{"href":"https:\/\/naturalpoland.com\/de\/wp-json\/wp\/v2\/product"}],"about":[{"href":"https:\/\/naturalpoland.com\/de\/wp-json\/wp\/v2\/types\/product"}],"wp:featuredmedia":[{"embeddable":true,"href":"https:\/\/naturalpoland.com\/de\/wp-json\/wp\/v2\/media\/35273"}],"wp:attachment":[{"href":"https:\/\/naturalpoland.com\/de\/wp-json\/wp\/v2\/media?parent=35373"}],"wp:term":[{"taxonomy":"product_brand","embeddable":true,"href":"https:\/\/naturalpoland.com\/de\/wp-json\/wp\/v2\/product_brand?post=35373"},{"taxonomy":"product_cat","embeddable":true,"href":"https:\/\/naturalpoland.com\/de\/wp-json\/wp\/v2\/product_cat?post=35373"},{"taxonomy":"product_tag","embeddable":true,"href":"https:\/\/naturalpoland.com\/de\/wp-json\/wp\/v2\/product_tag?post=35373"}],"curies":[{"name":"wp","href":"https:\/\/api.w.org\/{rel}","templated":true}]}}