{"id":35406,"date":"2024-09-09T15:47:49","date_gmt":"2024-09-10T11:55:08","guid":{"rendered":"https:\/\/naturalpoland.com\/produkty\/unkategorisiert\/rosmarinsaure\/"},"modified":"2024-09-10T13:55:08","modified_gmt":"2024-09-10T11:55:08","slug":"rosmarinsaure","status":"publish","type":"product","link":"https:\/\/naturalpoland.com\/de\/produkte\/produkte-fur-die-kosmetikindustrie\/sauren\/rosmarinsaure\/","title":{"rendered":"Rosmarins\u00e4ure"},"content":{"rendered":"<h2>Wirkung von Rosmarins\u00e4ure<\/h2>\n<p>  Rosmarins\u00e4ure hat in klinischen Studien gezeigt, dass sie als nat\u00fcrlicher Inhibitor von Enzymen wirkt, die f\u00fcr Entz\u00fcndungen verantwortlich sind, wie Cyclooxygenase (COX) und Lipoxygenase (LOX).<br \/>\nEs reduziert die Produktion von Leukotrienen und Prostaglandinen, die Entz\u00fcndungsmediatoren sind, und ist daher ein wirksames entz\u00fcndungshemmendes Mittel.<br \/>\nDar\u00fcber hinaus hat es antiproliferative und antivirale Wirkungen und hemmt das Wachstum von grampositiven Bakterien wie <em>Staphylococcus<\/em> und <em>Listeria<\/em>.    <\/p>\n<h2>Kosmetische Anwendungen<\/h2>\n<p>  Rosmarins\u00e4ure wird in Kosmetika als entz\u00fcndungshemmender, antioxidativer und UV-sch\u00fctzender Inhaltsstoff verwendet.<br \/>\nSie findet sich in Hautpflegeprodukten f\u00fcr zu Akne neigende Haut und in Sonnenschutzmitteln.<br \/>\nDar\u00fcber hinaus wirkt es antiseptisch und antibakteriell und lindert Hautentz\u00fcndungen.<br \/>\nDank seiner Eigenschaften stimuliert es die Haarfollikel und verbessert deren Zustand.     <\/p>\n<h2>Anwendungen in anderen Sektoren<\/h2>\n<p>  Die Verwendung von Rosmarins\u00e4ure erstreckt sich auch auf die Pharma- und Ern\u00e4hrungsindustrie, wo ihre antioxidative, entz\u00fcndungshemmende und antivirale Wirkung in Nahrungserg\u00e4nzungsmitteln und als funktionelle Zutat in Lebensmitteln genutzt wird.<br \/>\nEr kann auch zur Behandlung von Herpes labialis und anderen entz\u00fcndlichen Hautkrankheiten eingesetzt werden.<br \/>\nDer Rohstoff gilt als vielversprechender Inhaltsstoff f\u00fcr die Vorbeugung und Behandlung von entz\u00fcndungsbedingten Krankheiten wie Asthma, Atherosklerose, Magengeschw\u00fcren und isch\u00e4mischen Herzerkrankungen.  <\/p>\n","protected":false},"excerpt":{"rendered":"<p>Rosmarins\u00e4ure ist ein Polyphenol, das zur Gruppe der Depside geh\u00f6rt.<br \/>\nSie kommt in den Bl\u00e4ttern des Rosmarins und in anderen Pflanzen der Familie der <em>Lamiaceae<\/em> vor, wie Melisse, Salbei, Thymian und Minze. <\/p>\n","protected":false},"featured_media":35247,"template":"","meta":{"_acf_changed":false},"product_brand":[],"product_cat":[5452],"product_tag":[],"class_list":{"0":"post-35406","1":"product","2":"type-product","3":"status-publish","4":"has-post-thumbnail","6":"product_cat-sauren","8":"first","9":"instock","10":"shipping-taxable","11":"product-type-simple"},"acf":[],"yoast_head":"<!-- This site is optimized with the Yoast SEO plugin v27.4 - https:\/\/yoast.com\/product\/yoast-seo-wordpress\/ -->\n<title>Rosmarins\u00e4ure - NATURAL POLAND - IMPORT UND HANDEL VON ROHSTOFFEN<\/title>\n<meta name=\"description\" content=\"Aufgrund ihrer hohen Bioverf\u00fcgbarkeit und ihrer vielseitigen therapeutischen Eigenschaften ist die Rosmarins\u00e4ure in der Kosmetik und Pharmazie von gro\u00dfem Interesse.\" \/>\n<meta name=\"robots\" content=\"index, follow, max-snippet:-1, max-image-preview:large, max-video-preview:-1\" \/>\n<link rel=\"canonical\" href=\"https:\/\/naturalpoland.com\/de\/produkte\/produkte-fur-die-kosmetikindustrie\/sauren\/rosmarinsaure\/\" \/>\n<meta property=\"og:locale\" content=\"de_DE\" \/>\n<meta property=\"og:type\" content=\"article\" \/>\n<meta property=\"og:title\" content=\"Rosmarins\u00e4ure - NATURAL POLAND - IMPORT UND HANDEL VON ROHSTOFFEN\" \/>\n<meta property=\"og:description\" content=\"Aufgrund ihrer hohen Bioverf\u00fcgbarkeit und ihrer vielseitigen therapeutischen Eigenschaften ist die Rosmarins\u00e4ure in der Kosmetik und Pharmazie von gro\u00dfem Interesse.\" \/>\n<meta property=\"og:url\" content=\"https:\/\/naturalpoland.com\/de\/produkte\/produkte-fur-die-kosmetikindustrie\/sauren\/rosmarinsaure\/\" \/>\n<meta property=\"og:site_name\" content=\"NATURAL POLAND - IMPORT UND HANDEL VON ROHSTOFFEN\" \/>\n<meta property=\"article:publisher\" content=\"https:\/\/www.facebook.com\/naturalpoland.b2b\" \/>\n<meta property=\"og:image\" content=\"https:\/\/naturalpoland.com\/wp-content\/uploads\/kwas-rozmarynowy.webp\" \/>\n\t<meta property=\"og:image:width\" content=\"615\" \/>\n\t<meta property=\"og:image:height\" content=\"615\" \/>\n\t<meta property=\"og:image:type\" content=\"image\/webp\" \/>\n<script type=\"application\/ld+json\" class=\"yoast-schema-graph\">{\"@context\":\"https:\\\/\\\/schema.org\",\"@graph\":[{\"@type\":\"WebPage\",\"@id\":\"https:\\\/\\\/naturalpoland.com\\\/de\\\/produkte\\\/produkte-fur-die-kosmetikindustrie\\\/sauren\\\/rosmarinsaure\\\/\",\"url\":\"https:\\\/\\\/naturalpoland.com\\\/de\\\/produkte\\\/produkte-fur-die-kosmetikindustrie\\\/sauren\\\/rosmarinsaure\\\/\",\"name\":\"Rosmarins\u00e4ure - NATURAL POLAND - IMPORT UND HANDEL VON ROHSTOFFEN\",\"isPartOf\":{\"@id\":\"https:\\\/\\\/naturalpoland.com\\\/de\\\/#website\"},\"primaryImageOfPage\":{\"@id\":\"https:\\\/\\\/naturalpoland.com\\\/de\\\/produkte\\\/produkte-fur-die-kosmetikindustrie\\\/sauren\\\/rosmarinsaure\\\/#primaryimage\"},\"image\":{\"@id\":\"https:\\\/\\\/naturalpoland.com\\\/de\\\/produkte\\\/produkte-fur-die-kosmetikindustrie\\\/sauren\\\/rosmarinsaure\\\/#primaryimage\"},\"thumbnailUrl\":\"https:\\\/\\\/naturalpoland.com\\\/wp-content\\\/uploads\\\/kwas-rozmarynowy.webp\",\"datePublished\":\"2024-09-10T11:55:08+00:00\",\"description\":\"Aufgrund ihrer hohen Bioverf\u00fcgbarkeit und ihrer vielseitigen therapeutischen Eigenschaften ist die Rosmarins\u00e4ure in der Kosmetik und Pharmazie von gro\u00dfem Interesse.\",\"breadcrumb\":{\"@id\":\"https:\\\/\\\/naturalpoland.com\\\/de\\\/produkte\\\/produkte-fur-die-kosmetikindustrie\\\/sauren\\\/rosmarinsaure\\\/#breadcrumb\"},\"inLanguage\":\"de\",\"potentialAction\":[{\"@type\":\"ReadAction\",\"target\":[\"https:\\\/\\\/naturalpoland.com\\\/de\\\/produkte\\\/produkte-fur-die-kosmetikindustrie\\\/sauren\\\/rosmarinsaure\\\/\"]}]},{\"@type\":\"ImageObject\",\"inLanguage\":\"de\",\"@id\":\"https:\\\/\\\/naturalpoland.com\\\/de\\\/produkte\\\/produkte-fur-die-kosmetikindustrie\\\/sauren\\\/rosmarinsaure\\\/#primaryimage\",\"url\":\"https:\\\/\\\/naturalpoland.com\\\/wp-content\\\/uploads\\\/kwas-rozmarynowy.webp\",\"contentUrl\":\"https:\\\/\\\/naturalpoland.com\\\/wp-content\\\/uploads\\\/kwas-rozmarynowy.webp\",\"width\":615,\"height\":615,\"caption\":\"kwas rozmarynowy\"},{\"@type\":\"BreadcrumbList\",\"@id\":\"https:\\\/\\\/naturalpoland.com\\\/de\\\/produkte\\\/produkte-fur-die-kosmetikindustrie\\\/sauren\\\/rosmarinsaure\\\/#breadcrumb\",\"itemListElement\":[{\"@type\":\"ListItem\",\"position\":1,\"name\":\"Startseite\",\"item\":\"https:\\\/\\\/naturalpoland.com\\\/de\\\/\"},{\"@type\":\"ListItem\",\"position\":2,\"name\":\"Produkte\",\"item\":\"https:\\\/\\\/naturalpoland.com\\\/de\\\/produkte\\\/\"},{\"@type\":\"ListItem\",\"position\":3,\"name\":\"Rosmarins\u00e4ure\"}]},{\"@type\":\"WebSite\",\"@id\":\"https:\\\/\\\/naturalpoland.com\\\/de\\\/#website\",\"url\":\"https:\\\/\\\/naturalpoland.com\\\/de\\\/\",\"name\":\"NATURAL POLAND - IMPORT UND HANDEL VON ROHSTOFFEN\",\"description\":\"Rohstoffe f\u00fcr die Lebensmittelindustrie, Kosmetikindustrie, Pharmaindustrie\",\"publisher\":{\"@id\":\"https:\\\/\\\/naturalpoland.com\\\/de\\\/#organization\"},\"potentialAction\":[{\"@type\":\"SearchAction\",\"target\":{\"@type\":\"EntryPoint\",\"urlTemplate\":\"https:\\\/\\\/naturalpoland.com\\\/de\\\/?s={search_term_string}\"},\"query-input\":{\"@type\":\"PropertyValueSpecification\",\"valueRequired\":true,\"valueName\":\"search_term_string\"}}],\"inLanguage\":\"de\"},{\"@type\":\"Organization\",\"@id\":\"https:\\\/\\\/naturalpoland.com\\\/de\\\/#organization\",\"name\":\"Natural Poland\",\"url\":\"https:\\\/\\\/naturalpoland.com\\\/de\\\/\",\"logo\":{\"@type\":\"ImageObject\",\"inLanguage\":\"de\",\"@id\":\"https:\\\/\\\/naturalpoland.com\\\/de\\\/#\\\/schema\\\/logo\\\/image\\\/\",\"url\":\"https:\\\/\\\/naturalpoland.com\\\/wp-content\\\/uploads\\\/2021\\\/05\\\/natural-poland-icon.png\",\"contentUrl\":\"https:\\\/\\\/naturalpoland.com\\\/wp-content\\\/uploads\\\/2021\\\/05\\\/natural-poland-icon.png\",\"width\":512,\"height\":512,\"caption\":\"Natural Poland\"},\"image\":{\"@id\":\"https:\\\/\\\/naturalpoland.com\\\/de\\\/#\\\/schema\\\/logo\\\/image\\\/\"},\"sameAs\":[\"https:\\\/\\\/www.facebook.com\\\/naturalpoland.b2b\",\"https:\\\/\\\/pl.linkedin.com\\\/company\\\/natural-poland\",\"https:\\\/\\\/www.youtube.com\\\/channel\\\/UCgeGGkvOMahZo-xu_MSEWxg\"]}]}<\/script>\n<!-- \/ Yoast SEO plugin. -->","yoast_head_json":{"title":"Rosmarins\u00e4ure - NATURAL POLAND - IMPORT UND HANDEL VON ROHSTOFFEN","description":"Aufgrund ihrer hohen Bioverf\u00fcgbarkeit und ihrer vielseitigen therapeutischen Eigenschaften ist die Rosmarins\u00e4ure in der Kosmetik und Pharmazie von gro\u00dfem Interesse.","robots":{"index":"index","follow":"follow","max-snippet":"max-snippet:-1","max-image-preview":"max-image-preview:large","max-video-preview":"max-video-preview:-1"},"canonical":"https:\/\/naturalpoland.com\/de\/produkte\/produkte-fur-die-kosmetikindustrie\/sauren\/rosmarinsaure\/","og_locale":"de_DE","og_type":"article","og_title":"Rosmarins\u00e4ure - NATURAL POLAND - IMPORT UND HANDEL VON ROHSTOFFEN","og_description":"Aufgrund ihrer hohen Bioverf\u00fcgbarkeit und ihrer vielseitigen therapeutischen Eigenschaften ist die Rosmarins\u00e4ure in der Kosmetik und Pharmazie von gro\u00dfem Interesse.","og_url":"https:\/\/naturalpoland.com\/de\/produkte\/produkte-fur-die-kosmetikindustrie\/sauren\/rosmarinsaure\/","og_site_name":"NATURAL POLAND - IMPORT UND HANDEL VON ROHSTOFFEN","article_publisher":"https:\/\/www.facebook.com\/naturalpoland.b2b","og_image":[{"width":615,"height":615,"url":"https:\/\/naturalpoland.com\/wp-content\/uploads\/kwas-rozmarynowy.webp","type":"image\/webp"}],"schema":{"@context":"https:\/\/schema.org","@graph":[{"@type":"WebPage","@id":"https:\/\/naturalpoland.com\/de\/produkte\/produkte-fur-die-kosmetikindustrie\/sauren\/rosmarinsaure\/","url":"https:\/\/naturalpoland.com\/de\/produkte\/produkte-fur-die-kosmetikindustrie\/sauren\/rosmarinsaure\/","name":"Rosmarins\u00e4ure - NATURAL POLAND - IMPORT UND HANDEL VON ROHSTOFFEN","isPartOf":{"@id":"https:\/\/naturalpoland.com\/de\/#website"},"primaryImageOfPage":{"@id":"https:\/\/naturalpoland.com\/de\/produkte\/produkte-fur-die-kosmetikindustrie\/sauren\/rosmarinsaure\/#primaryimage"},"image":{"@id":"https:\/\/naturalpoland.com\/de\/produkte\/produkte-fur-die-kosmetikindustrie\/sauren\/rosmarinsaure\/#primaryimage"},"thumbnailUrl":"https:\/\/naturalpoland.com\/wp-content\/uploads\/kwas-rozmarynowy.webp","datePublished":"2024-09-10T11:55:08+00:00","description":"Aufgrund ihrer hohen Bioverf\u00fcgbarkeit und ihrer vielseitigen therapeutischen Eigenschaften ist die Rosmarins\u00e4ure in der Kosmetik und Pharmazie von gro\u00dfem Interesse.","breadcrumb":{"@id":"https:\/\/naturalpoland.com\/de\/produkte\/produkte-fur-die-kosmetikindustrie\/sauren\/rosmarinsaure\/#breadcrumb"},"inLanguage":"de","potentialAction":[{"@type":"ReadAction","target":["https:\/\/naturalpoland.com\/de\/produkte\/produkte-fur-die-kosmetikindustrie\/sauren\/rosmarinsaure\/"]}]},{"@type":"ImageObject","inLanguage":"de","@id":"https:\/\/naturalpoland.com\/de\/produkte\/produkte-fur-die-kosmetikindustrie\/sauren\/rosmarinsaure\/#primaryimage","url":"https:\/\/naturalpoland.com\/wp-content\/uploads\/kwas-rozmarynowy.webp","contentUrl":"https:\/\/naturalpoland.com\/wp-content\/uploads\/kwas-rozmarynowy.webp","width":615,"height":615,"caption":"kwas rozmarynowy"},{"@type":"BreadcrumbList","@id":"https:\/\/naturalpoland.com\/de\/produkte\/produkte-fur-die-kosmetikindustrie\/sauren\/rosmarinsaure\/#breadcrumb","itemListElement":[{"@type":"ListItem","position":1,"name":"Startseite","item":"https:\/\/naturalpoland.com\/de\/"},{"@type":"ListItem","position":2,"name":"Produkte","item":"https:\/\/naturalpoland.com\/de\/produkte\/"},{"@type":"ListItem","position":3,"name":"Rosmarins\u00e4ure"}]},{"@type":"WebSite","@id":"https:\/\/naturalpoland.com\/de\/#website","url":"https:\/\/naturalpoland.com\/de\/","name":"NATURAL POLAND - IMPORT UND HANDEL VON ROHSTOFFEN","description":"Rohstoffe f\u00fcr die Lebensmittelindustrie, Kosmetikindustrie, Pharmaindustrie","publisher":{"@id":"https:\/\/naturalpoland.com\/de\/#organization"},"potentialAction":[{"@type":"SearchAction","target":{"@type":"EntryPoint","urlTemplate":"https:\/\/naturalpoland.com\/de\/?s={search_term_string}"},"query-input":{"@type":"PropertyValueSpecification","valueRequired":true,"valueName":"search_term_string"}}],"inLanguage":"de"},{"@type":"Organization","@id":"https:\/\/naturalpoland.com\/de\/#organization","name":"Natural Poland","url":"https:\/\/naturalpoland.com\/de\/","logo":{"@type":"ImageObject","inLanguage":"de","@id":"https:\/\/naturalpoland.com\/de\/#\/schema\/logo\/image\/","url":"https:\/\/naturalpoland.com\/wp-content\/uploads\/2021\/05\/natural-poland-icon.png","contentUrl":"https:\/\/naturalpoland.com\/wp-content\/uploads\/2021\/05\/natural-poland-icon.png","width":512,"height":512,"caption":"Natural Poland"},"image":{"@id":"https:\/\/naturalpoland.com\/de\/#\/schema\/logo\/image\/"},"sameAs":["https:\/\/www.facebook.com\/naturalpoland.b2b","https:\/\/pl.linkedin.com\/company\/natural-poland","https:\/\/www.youtube.com\/channel\/UCgeGGkvOMahZo-xu_MSEWxg"]}]}},"_links":{"self":[{"href":"https:\/\/naturalpoland.com\/de\/wp-json\/wp\/v2\/product\/35406","targetHints":{"allow":["GET"]}}],"collection":[{"href":"https:\/\/naturalpoland.com\/de\/wp-json\/wp\/v2\/product"}],"about":[{"href":"https:\/\/naturalpoland.com\/de\/wp-json\/wp\/v2\/types\/product"}],"wp:featuredmedia":[{"embeddable":true,"href":"https:\/\/naturalpoland.com\/de\/wp-json\/wp\/v2\/media\/35247"}],"wp:attachment":[{"href":"https:\/\/naturalpoland.com\/de\/wp-json\/wp\/v2\/media?parent=35406"}],"wp:term":[{"taxonomy":"product_brand","embeddable":true,"href":"https:\/\/naturalpoland.com\/de\/wp-json\/wp\/v2\/product_brand?post=35406"},{"taxonomy":"product_cat","embeddable":true,"href":"https:\/\/naturalpoland.com\/de\/wp-json\/wp\/v2\/product_cat?post=35406"},{"taxonomy":"product_tag","embeddable":true,"href":"https:\/\/naturalpoland.com\/de\/wp-json\/wp\/v2\/product_tag?post=35406"}],"curies":[{"name":"wp","href":"https:\/\/api.w.org\/{rel}","templated":true}]}}