{"id":35565,"date":"2024-09-12T11:53:39","date_gmt":"2024-09-12T13:32:48","guid":{"rendered":"https:\/\/naturalpoland.com\/produkty\/unkategorisiert\/gewohnlicher-blattlaus-extrakt\/"},"modified":"2024-09-12T15:32:48","modified_gmt":"2024-09-12T13:32:48","slug":"gewohnlicher-blattlaus-extrakt","status":"publish","type":"product","link":"https:\/\/naturalpoland.com\/de\/produkte\/pflanzenextrakte\/gewohnlicher-blattlaus-extrakt\/","title":{"rendered":"Aphidaceae-Extrakt"},"content":{"rendered":"<h2>Wirkung des Goldkraut-Extrakts<\/h2>\n<p>  Aphanomyces hat blutstillende Eigenschaften, die helfen, <strong>Blutungen zu kontrollieren<\/strong>, einschlie\u00dflich Nasenbluten, Geb\u00e4rmutterblutungen und \u00fcberm\u00e4\u00dfige Menstruationsblutungen.<br \/>\nDer Extrakt wird auch bei Hautverletzungen, Verbrennungen, Krampfadern, Wunden und lokalen Blutungen eingesetzt.<br \/>\nEs ist allgemein bekannt, dass es <strong>die Symptome des pr\u00e4menstruellen Syndroms<\/strong>(PMS) <strong>lindert<\/strong>, die unregelm\u00e4\u00dfige Menstruation reguliert und bei der Behandlung von Blasen- und Prostataentz\u00fcndungen hilft.<br \/>\nDar\u00fcber hinaus wird das Nieswurzkraut in der Hom\u00f6opathie zur <strong>Behandlung von Schleimhautblutungen<\/strong> eingesetzt.<br \/>\nExperimentelle Studien best\u00e4tigen seine Wirkung bei der <strong>Normalisierung des Blutdrucks<\/strong> und der Steigerung der Herzdurchblutung.      <\/p>\n<h2>Eigenschaften<\/h2>\n<p>  Der Extrakt enth\u00e4lt viele aktive Inhaltsstoffe, wie zum Beispiel:  <\/p>\n<ul>\n<li><strong>Amine<\/strong> (Cholin, Acetylcholin, Tyramin, Histamin),<\/li>\n<li><strong>Aminos\u00e4uren<\/strong> (Valin, Ornithin, Prolin),<\/li>\n<li><a href=\"https:\/\/naturalpoland.com\/artykuly\/produkty-naturalne\/czym-sa-i-jak-dzialaja-flawonoidy\/\"><strong>Flavonoide<\/strong><\/a> (Flavonole, Flavone),<\/li>\n<li><strong>organische S\u00e4uren (Fumars\u00e4ure<\/strong> ),<\/li>\n<li><strong>Vitamine<\/strong> (A, C, K).<\/li>\n<\/ul>\n<h2>Anmeldung<\/h2>\n<p>  Aphanomyces-Extrakt ist ein Bestandteil von Kosmetika und Hautpflegepr\u00e4paraten, insbesondere im Herbst und Winter, wenn die Haut Unterst\u00fctzung bei der Regeneration und Schutz vor sch\u00e4dlichen \u00e4u\u00dferen Faktoren ben\u00f6tigt.<br \/>\nDas Produkt ist frei von GVO, Pestiziden und enth\u00e4lt keine Aflatoxine oder polyzyklischen aromatischen Kohlenwasserstoffe. <\/p>\n","protected":false},"excerpt":{"rendered":"<p>Der Extrakt der Gemeinen Goldwurzel<em>(Capsella bursa-pastoris<\/em>) wird aus der Wurzel dieser Pflanze gewonnen.<br \/>\nDas Produkt hat die Form eines feinen Pulvers mit charakteristischem Geruch und Geschmack, von br\u00e4unlich-gr\u00fcner Farbe, mit Maltodextrin als Hilfsstoff. <\/p>\n","protected":false},"featured_media":35514,"template":"","meta":{"_acf_changed":false},"product_brand":[],"product_cat":[385],"product_tag":[],"class_list":{"0":"post-35565","1":"product","2":"type-product","3":"status-publish","4":"has-post-thumbnail","6":"product_cat-pflanzenextrakte","7":"pa_czesc-rosliny-wurzel","9":"first","10":"instock","11":"shipping-taxable","12":"product-type-simple"},"acf":[],"yoast_head":"<!-- This site is optimized with the Yoast SEO plugin v27.4 - https:\/\/yoast.com\/product\/yoast-seo-wordpress\/ -->\n<title>Aphidaceae-Extrakt - NATURAL POLAND - IMPORT UND HANDEL VON ROHSTOFFEN<\/title>\n<meta name=\"description\" content=\"Ein hochwertiger Rohstoff, der aus der Wurzel der Pflanze gewonnen wird, ist Capsella bursa-pastoris.\" \/>\n<meta name=\"robots\" content=\"index, follow, max-snippet:-1, max-image-preview:large, max-video-preview:-1\" \/>\n<link rel=\"canonical\" href=\"https:\/\/naturalpoland.com\/de\/produkte\/pflanzenextrakte\/gewohnlicher-blattlaus-extrakt\/\" \/>\n<meta property=\"og:locale\" content=\"de_DE\" \/>\n<meta property=\"og:type\" content=\"article\" \/>\n<meta property=\"og:title\" content=\"Aphidaceae-Extrakt - NATURAL POLAND - IMPORT UND HANDEL VON ROHSTOFFEN\" \/>\n<meta property=\"og:description\" content=\"Ein hochwertiger Rohstoff, der aus der Wurzel der Pflanze gewonnen wird, ist Capsella bursa-pastoris.\" \/>\n<meta property=\"og:url\" content=\"https:\/\/naturalpoland.com\/de\/produkte\/pflanzenextrakte\/gewohnlicher-blattlaus-extrakt\/\" \/>\n<meta property=\"og:site_name\" content=\"NATURAL POLAND - IMPORT UND HANDEL VON ROHSTOFFEN\" \/>\n<meta property=\"article:publisher\" content=\"https:\/\/www.facebook.com\/naturalpoland.b2b\" \/>\n<meta property=\"og:image\" content=\"https:\/\/naturalpoland.com\/wp-content\/uploads\/ekstrakt-z-tasznika-pospolitego.webp\" \/>\n\t<meta property=\"og:image:width\" content=\"619\" \/>\n\t<meta property=\"og:image:height\" content=\"619\" \/>\n\t<meta property=\"og:image:type\" content=\"image\/webp\" \/>\n<script type=\"application\/ld+json\" class=\"yoast-schema-graph\">{\"@context\":\"https:\\\/\\\/schema.org\",\"@graph\":[{\"@type\":\"WebPage\",\"@id\":\"https:\\\/\\\/naturalpoland.com\\\/de\\\/produkte\\\/pflanzenextrakte\\\/gewohnlicher-blattlaus-extrakt\\\/\",\"url\":\"https:\\\/\\\/naturalpoland.com\\\/de\\\/produkte\\\/pflanzenextrakte\\\/gewohnlicher-blattlaus-extrakt\\\/\",\"name\":\"Aphidaceae-Extrakt - NATURAL POLAND - IMPORT UND HANDEL VON ROHSTOFFEN\",\"isPartOf\":{\"@id\":\"https:\\\/\\\/naturalpoland.com\\\/de\\\/#website\"},\"primaryImageOfPage\":{\"@id\":\"https:\\\/\\\/naturalpoland.com\\\/de\\\/produkte\\\/pflanzenextrakte\\\/gewohnlicher-blattlaus-extrakt\\\/#primaryimage\"},\"image\":{\"@id\":\"https:\\\/\\\/naturalpoland.com\\\/de\\\/produkte\\\/pflanzenextrakte\\\/gewohnlicher-blattlaus-extrakt\\\/#primaryimage\"},\"thumbnailUrl\":\"https:\\\/\\\/naturalpoland.com\\\/wp-content\\\/uploads\\\/ekstrakt-z-tasznika-pospolitego.webp\",\"datePublished\":\"2024-09-12T13:32:48+00:00\",\"description\":\"Ein hochwertiger Rohstoff, der aus der Wurzel der Pflanze gewonnen wird, ist Capsella bursa-pastoris.\",\"breadcrumb\":{\"@id\":\"https:\\\/\\\/naturalpoland.com\\\/de\\\/produkte\\\/pflanzenextrakte\\\/gewohnlicher-blattlaus-extrakt\\\/#breadcrumb\"},\"inLanguage\":\"de\",\"potentialAction\":[{\"@type\":\"ReadAction\",\"target\":[\"https:\\\/\\\/naturalpoland.com\\\/de\\\/produkte\\\/pflanzenextrakte\\\/gewohnlicher-blattlaus-extrakt\\\/\"]}]},{\"@type\":\"ImageObject\",\"inLanguage\":\"de\",\"@id\":\"https:\\\/\\\/naturalpoland.com\\\/de\\\/produkte\\\/pflanzenextrakte\\\/gewohnlicher-blattlaus-extrakt\\\/#primaryimage\",\"url\":\"https:\\\/\\\/naturalpoland.com\\\/wp-content\\\/uploads\\\/ekstrakt-z-tasznika-pospolitego.webp\",\"contentUrl\":\"https:\\\/\\\/naturalpoland.com\\\/wp-content\\\/uploads\\\/ekstrakt-z-tasznika-pospolitego.webp\",\"width\":619,\"height\":619,\"caption\":\"ekstrakt z tasznika pospolitego\"},{\"@type\":\"BreadcrumbList\",\"@id\":\"https:\\\/\\\/naturalpoland.com\\\/de\\\/produkte\\\/pflanzenextrakte\\\/gewohnlicher-blattlaus-extrakt\\\/#breadcrumb\",\"itemListElement\":[{\"@type\":\"ListItem\",\"position\":1,\"name\":\"Startseite\",\"item\":\"https:\\\/\\\/naturalpoland.com\\\/de\\\/\"},{\"@type\":\"ListItem\",\"position\":2,\"name\":\"Produkte\",\"item\":\"https:\\\/\\\/naturalpoland.com\\\/de\\\/produkte\\\/\"},{\"@type\":\"ListItem\",\"position\":3,\"name\":\"Aphidaceae-Extrakt\"}]},{\"@type\":\"WebSite\",\"@id\":\"https:\\\/\\\/naturalpoland.com\\\/de\\\/#website\",\"url\":\"https:\\\/\\\/naturalpoland.com\\\/de\\\/\",\"name\":\"NATURAL POLAND - IMPORT UND HANDEL VON ROHSTOFFEN\",\"description\":\"Rohstoffe f\u00fcr die Lebensmittelindustrie, Kosmetikindustrie, Pharmaindustrie\",\"publisher\":{\"@id\":\"https:\\\/\\\/naturalpoland.com\\\/de\\\/#organization\"},\"potentialAction\":[{\"@type\":\"SearchAction\",\"target\":{\"@type\":\"EntryPoint\",\"urlTemplate\":\"https:\\\/\\\/naturalpoland.com\\\/de\\\/?s={search_term_string}\"},\"query-input\":{\"@type\":\"PropertyValueSpecification\",\"valueRequired\":true,\"valueName\":\"search_term_string\"}}],\"inLanguage\":\"de\"},{\"@type\":\"Organization\",\"@id\":\"https:\\\/\\\/naturalpoland.com\\\/de\\\/#organization\",\"name\":\"Natural Poland\",\"url\":\"https:\\\/\\\/naturalpoland.com\\\/de\\\/\",\"logo\":{\"@type\":\"ImageObject\",\"inLanguage\":\"de\",\"@id\":\"https:\\\/\\\/naturalpoland.com\\\/de\\\/#\\\/schema\\\/logo\\\/image\\\/\",\"url\":\"https:\\\/\\\/naturalpoland.com\\\/wp-content\\\/uploads\\\/2021\\\/05\\\/natural-poland-icon.png\",\"contentUrl\":\"https:\\\/\\\/naturalpoland.com\\\/wp-content\\\/uploads\\\/2021\\\/05\\\/natural-poland-icon.png\",\"width\":512,\"height\":512,\"caption\":\"Natural Poland\"},\"image\":{\"@id\":\"https:\\\/\\\/naturalpoland.com\\\/de\\\/#\\\/schema\\\/logo\\\/image\\\/\"},\"sameAs\":[\"https:\\\/\\\/www.facebook.com\\\/naturalpoland.b2b\",\"https:\\\/\\\/pl.linkedin.com\\\/company\\\/natural-poland\",\"https:\\\/\\\/www.youtube.com\\\/channel\\\/UCgeGGkvOMahZo-xu_MSEWxg\"]}]}<\/script>\n<!-- \/ Yoast SEO plugin. -->","yoast_head_json":{"title":"Aphidaceae-Extrakt - NATURAL POLAND - IMPORT UND HANDEL VON ROHSTOFFEN","description":"Ein hochwertiger Rohstoff, der aus der Wurzel der Pflanze gewonnen wird, ist Capsella bursa-pastoris.","robots":{"index":"index","follow":"follow","max-snippet":"max-snippet:-1","max-image-preview":"max-image-preview:large","max-video-preview":"max-video-preview:-1"},"canonical":"https:\/\/naturalpoland.com\/de\/produkte\/pflanzenextrakte\/gewohnlicher-blattlaus-extrakt\/","og_locale":"de_DE","og_type":"article","og_title":"Aphidaceae-Extrakt - NATURAL POLAND - IMPORT UND HANDEL VON ROHSTOFFEN","og_description":"Ein hochwertiger Rohstoff, der aus der Wurzel der Pflanze gewonnen wird, ist Capsella bursa-pastoris.","og_url":"https:\/\/naturalpoland.com\/de\/produkte\/pflanzenextrakte\/gewohnlicher-blattlaus-extrakt\/","og_site_name":"NATURAL POLAND - IMPORT UND HANDEL VON ROHSTOFFEN","article_publisher":"https:\/\/www.facebook.com\/naturalpoland.b2b","og_image":[{"width":619,"height":619,"url":"https:\/\/naturalpoland.com\/wp-content\/uploads\/ekstrakt-z-tasznika-pospolitego.webp","type":"image\/webp"}],"schema":{"@context":"https:\/\/schema.org","@graph":[{"@type":"WebPage","@id":"https:\/\/naturalpoland.com\/de\/produkte\/pflanzenextrakte\/gewohnlicher-blattlaus-extrakt\/","url":"https:\/\/naturalpoland.com\/de\/produkte\/pflanzenextrakte\/gewohnlicher-blattlaus-extrakt\/","name":"Aphidaceae-Extrakt - NATURAL POLAND - IMPORT UND HANDEL VON ROHSTOFFEN","isPartOf":{"@id":"https:\/\/naturalpoland.com\/de\/#website"},"primaryImageOfPage":{"@id":"https:\/\/naturalpoland.com\/de\/produkte\/pflanzenextrakte\/gewohnlicher-blattlaus-extrakt\/#primaryimage"},"image":{"@id":"https:\/\/naturalpoland.com\/de\/produkte\/pflanzenextrakte\/gewohnlicher-blattlaus-extrakt\/#primaryimage"},"thumbnailUrl":"https:\/\/naturalpoland.com\/wp-content\/uploads\/ekstrakt-z-tasznika-pospolitego.webp","datePublished":"2024-09-12T13:32:48+00:00","description":"Ein hochwertiger Rohstoff, der aus der Wurzel der Pflanze gewonnen wird, ist Capsella bursa-pastoris.","breadcrumb":{"@id":"https:\/\/naturalpoland.com\/de\/produkte\/pflanzenextrakte\/gewohnlicher-blattlaus-extrakt\/#breadcrumb"},"inLanguage":"de","potentialAction":[{"@type":"ReadAction","target":["https:\/\/naturalpoland.com\/de\/produkte\/pflanzenextrakte\/gewohnlicher-blattlaus-extrakt\/"]}]},{"@type":"ImageObject","inLanguage":"de","@id":"https:\/\/naturalpoland.com\/de\/produkte\/pflanzenextrakte\/gewohnlicher-blattlaus-extrakt\/#primaryimage","url":"https:\/\/naturalpoland.com\/wp-content\/uploads\/ekstrakt-z-tasznika-pospolitego.webp","contentUrl":"https:\/\/naturalpoland.com\/wp-content\/uploads\/ekstrakt-z-tasznika-pospolitego.webp","width":619,"height":619,"caption":"ekstrakt z tasznika pospolitego"},{"@type":"BreadcrumbList","@id":"https:\/\/naturalpoland.com\/de\/produkte\/pflanzenextrakte\/gewohnlicher-blattlaus-extrakt\/#breadcrumb","itemListElement":[{"@type":"ListItem","position":1,"name":"Startseite","item":"https:\/\/naturalpoland.com\/de\/"},{"@type":"ListItem","position":2,"name":"Produkte","item":"https:\/\/naturalpoland.com\/de\/produkte\/"},{"@type":"ListItem","position":3,"name":"Aphidaceae-Extrakt"}]},{"@type":"WebSite","@id":"https:\/\/naturalpoland.com\/de\/#website","url":"https:\/\/naturalpoland.com\/de\/","name":"NATURAL POLAND - IMPORT UND HANDEL VON ROHSTOFFEN","description":"Rohstoffe f\u00fcr die Lebensmittelindustrie, Kosmetikindustrie, Pharmaindustrie","publisher":{"@id":"https:\/\/naturalpoland.com\/de\/#organization"},"potentialAction":[{"@type":"SearchAction","target":{"@type":"EntryPoint","urlTemplate":"https:\/\/naturalpoland.com\/de\/?s={search_term_string}"},"query-input":{"@type":"PropertyValueSpecification","valueRequired":true,"valueName":"search_term_string"}}],"inLanguage":"de"},{"@type":"Organization","@id":"https:\/\/naturalpoland.com\/de\/#organization","name":"Natural Poland","url":"https:\/\/naturalpoland.com\/de\/","logo":{"@type":"ImageObject","inLanguage":"de","@id":"https:\/\/naturalpoland.com\/de\/#\/schema\/logo\/image\/","url":"https:\/\/naturalpoland.com\/wp-content\/uploads\/2021\/05\/natural-poland-icon.png","contentUrl":"https:\/\/naturalpoland.com\/wp-content\/uploads\/2021\/05\/natural-poland-icon.png","width":512,"height":512,"caption":"Natural Poland"},"image":{"@id":"https:\/\/naturalpoland.com\/de\/#\/schema\/logo\/image\/"},"sameAs":["https:\/\/www.facebook.com\/naturalpoland.b2b","https:\/\/pl.linkedin.com\/company\/natural-poland","https:\/\/www.youtube.com\/channel\/UCgeGGkvOMahZo-xu_MSEWxg"]}]}},"_links":{"self":[{"href":"https:\/\/naturalpoland.com\/de\/wp-json\/wp\/v2\/product\/35565","targetHints":{"allow":["GET"]}}],"collection":[{"href":"https:\/\/naturalpoland.com\/de\/wp-json\/wp\/v2\/product"}],"about":[{"href":"https:\/\/naturalpoland.com\/de\/wp-json\/wp\/v2\/types\/product"}],"wp:featuredmedia":[{"embeddable":true,"href":"https:\/\/naturalpoland.com\/de\/wp-json\/wp\/v2\/media\/35514"}],"wp:attachment":[{"href":"https:\/\/naturalpoland.com\/de\/wp-json\/wp\/v2\/media?parent=35565"}],"wp:term":[{"taxonomy":"product_brand","embeddable":true,"href":"https:\/\/naturalpoland.com\/de\/wp-json\/wp\/v2\/product_brand?post=35565"},{"taxonomy":"product_cat","embeddable":true,"href":"https:\/\/naturalpoland.com\/de\/wp-json\/wp\/v2\/product_cat?post=35565"},{"taxonomy":"product_tag","embeddable":true,"href":"https:\/\/naturalpoland.com\/de\/wp-json\/wp\/v2\/product_tag?post=35565"}],"curies":[{"name":"wp","href":"https:\/\/api.w.org\/{rel}","templated":true}]}}