{"id":35998,"date":"2024-10-03T13:42:52","date_gmt":"2024-10-03T13:14:05","guid":{"rendered":"https:\/\/naturalpoland.com\/produkty\/unkategorisiert\/auszug-aus-kassia-nomame\/"},"modified":"2024-10-03T15:14:05","modified_gmt":"2024-10-03T13:14:05","slug":"auszug-aus-kassia-nomame","status":"publish","type":"product","link":"https:\/\/naturalpoland.com\/de\/produkte\/pflanzenextrakte\/auszug-aus-kassia-nomame\/","title":{"rendered":"Cassia Nomame Extrakt"},"content":{"rendered":"<h2>Eigenschaften<\/h2>\n<p>  Cassia Nomame Extrakt enth\u00e4lt nat\u00fcrliche Verbindungen <strong>, die Lipase hemmen<\/strong>, das Enzym, das f\u00fcr den Abbau von Fetten im K\u00f6rper verantwortlich ist.<br \/>\nInfolgedessen werden die mit der Nahrung aufgenommenen Fette nicht absorbiert, sondern passieren den Verdauungstrakt, wodurch sie ausgeschieden werden, anstatt im K\u00f6rper gespeichert zu werden.<br \/>\nDies ist der wichtigste Wirkmechanismus dieses Extrakts bei der Gewichtsreduktion.<br \/>\nDer Extrakt <strong>stimuliert die Thermogenese<\/strong>, den k\u00f6rpereigenen Prozess der W\u00e4rmeerzeugung, der die Fettverbrennung erh\u00f6ht.<br \/>\nAuf diese Weise unterst\u00fctzt er die nat\u00fcrlichen Stoffwechselprozesse und hilft, das K\u00f6rperfett zu reduzieren.<br \/>\nNeben seiner lipolytischen Wirkung hat Cassia Nomame auch <strong>appetitz\u00fcgelnde<\/strong> Eigenschaften.<br \/>\nDies erleichtert den Aufbau von fettfreier Muskelmasse und unterst\u00fctzt den Prozess der Gewichtsabnahme.<br \/>\nCassia Nomame ist ein nat\u00fcrliches <strong>Diuretikum<\/strong>, das die Ausscheidung von \u00fcbersch\u00fcssigem Wasser aus dem K\u00f6rper unterst\u00fctzt, was bei der Reduzierung von Schwellungen und der Entgiftung hilfreich ist.<br \/>\nIn der traditionellen chinesischen Medizin wurde er auch als Abf\u00fchrmittel verwendet. Moderne Forschungen zeigen jedoch, dass die Gewichtsreduktion nicht in erster Linie auf diese Eigenschaften zur\u00fcckzuf\u00fchren ist, sondern auf seine Wirkung auf den Fettstoffwechsel.          <\/p>\n<h2>Anmeldung<\/h2>\n<p> <em>Cassia Nomame<\/em> Extrakt wird h\u00e4ufig in Nahrungserg\u00e4nzungsmitteln verwendet, um das Gewichtsmanagement und die Gewichtsabnahme zu unterst\u00fctzen.<br \/>\nAls nat\u00fcrlicher Fettverbrenner und Lipasehemmer ist er ein idealer Bestandteil von Produkten, die den Fettabbau, die Appetitkontrolle und die Reinigung des K\u00f6rpers unterst\u00fctzen. <\/p>\n","protected":false},"excerpt":{"rendered":"<p>Cassia Nomame Extrakt, botanisch bekannt als <em>Cassia nomame (Sieb.) K.<\/em>, ist ein Naturprodukt, das aus der ganzen Pflanze gewonnen wird.<br \/>\nDer Extrakt wird mit Wasser als L\u00f6sungsmittel gewonnen <\/p>\n","protected":false},"featured_media":35943,"template":"","meta":[],"product_brand":[],"product_cat":[385],"product_tag":[],"class_list":{"0":"post-35998","1":"product","2":"type-product","3":"status-publish","4":"has-post-thumbnail","6":"product_cat-pflanzenextrakte","7":"pa_czesc-rosliny-ganze-pflanze","9":"first","10":"instock","11":"shipping-taxable","12":"product-type-simple"},"yoast_head":"<!-- This site is optimized with the Yoast SEO plugin v27.4 - https:\/\/yoast.com\/product\/yoast-seo-wordpress\/ -->\n<title>Cassia Nomame Extrakt - NATURAL POLAND - IMPORT UND HANDEL VON ROHSTOFFEN<\/title>\n<meta name=\"description\" content=\"Cassia Nomame Extrakt ist ein innovativer nat\u00fcrlicher Inhaltsstoff, der die Gewichtsabnahme, die Gewichtskontrolle und die Thermogenese unterst\u00fctzt und den Stoffwechsel verbessert.\" \/>\n<meta name=\"robots\" content=\"index, follow, max-snippet:-1, max-image-preview:large, max-video-preview:-1\" \/>\n<link rel=\"canonical\" href=\"https:\/\/naturalpoland.com\/de\/produkte\/pflanzenextrakte\/auszug-aus-kassia-nomame\/\" \/>\n<meta property=\"og:locale\" content=\"de_DE\" \/>\n<meta property=\"og:type\" content=\"article\" \/>\n<meta property=\"og:title\" content=\"Cassia Nomame Extrakt - NATURAL POLAND - IMPORT UND HANDEL VON ROHSTOFFEN\" \/>\n<meta property=\"og:description\" content=\"Cassia Nomame Extrakt ist ein innovativer nat\u00fcrlicher Inhaltsstoff, der die Gewichtsabnahme, die Gewichtskontrolle und die Thermogenese unterst\u00fctzt und den Stoffwechsel verbessert.\" \/>\n<meta property=\"og:url\" content=\"https:\/\/naturalpoland.com\/de\/produkte\/pflanzenextrakte\/auszug-aus-kassia-nomame\/\" \/>\n<meta property=\"og:site_name\" content=\"NATURAL POLAND - IMPORT UND HANDEL VON ROHSTOFFEN\" \/>\n<meta property=\"article:publisher\" content=\"https:\/\/www.facebook.com\/naturalpoland.b2b\" \/>\n<meta property=\"og:image\" content=\"https:\/\/naturalpoland.com\/wp-content\/uploads\/ekstrakt-z-cassia-nomame.webp\" \/>\n\t<meta property=\"og:image:width\" content=\"350\" \/>\n\t<meta property=\"og:image:height\" content=\"350\" \/>\n\t<meta property=\"og:image:type\" content=\"image\/webp\" \/>\n<script type=\"application\/ld+json\" class=\"yoast-schema-graph\">{\"@context\":\"https:\\\/\\\/schema.org\",\"@graph\":[{\"@type\":\"WebPage\",\"@id\":\"https:\\\/\\\/naturalpoland.com\\\/de\\\/produkte\\\/pflanzenextrakte\\\/auszug-aus-kassia-nomame\\\/\",\"url\":\"https:\\\/\\\/naturalpoland.com\\\/de\\\/produkte\\\/pflanzenextrakte\\\/auszug-aus-kassia-nomame\\\/\",\"name\":\"Cassia Nomame Extrakt - NATURAL POLAND - IMPORT UND HANDEL VON ROHSTOFFEN\",\"isPartOf\":{\"@id\":\"https:\\\/\\\/naturalpoland.com\\\/de\\\/#website\"},\"primaryImageOfPage\":{\"@id\":\"https:\\\/\\\/naturalpoland.com\\\/de\\\/produkte\\\/pflanzenextrakte\\\/auszug-aus-kassia-nomame\\\/#primaryimage\"},\"image\":{\"@id\":\"https:\\\/\\\/naturalpoland.com\\\/de\\\/produkte\\\/pflanzenextrakte\\\/auszug-aus-kassia-nomame\\\/#primaryimage\"},\"thumbnailUrl\":\"https:\\\/\\\/naturalpoland.com\\\/wp-content\\\/uploads\\\/ekstrakt-z-cassia-nomame.webp\",\"datePublished\":\"2024-10-03T13:14:05+00:00\",\"description\":\"Cassia Nomame Extrakt ist ein innovativer nat\u00fcrlicher Inhaltsstoff, der die Gewichtsabnahme, die Gewichtskontrolle und die Thermogenese unterst\u00fctzt und den Stoffwechsel verbessert.\",\"breadcrumb\":{\"@id\":\"https:\\\/\\\/naturalpoland.com\\\/de\\\/produkte\\\/pflanzenextrakte\\\/auszug-aus-kassia-nomame\\\/#breadcrumb\"},\"inLanguage\":\"de\",\"potentialAction\":[{\"@type\":\"ReadAction\",\"target\":[\"https:\\\/\\\/naturalpoland.com\\\/de\\\/produkte\\\/pflanzenextrakte\\\/auszug-aus-kassia-nomame\\\/\"]}]},{\"@type\":\"ImageObject\",\"inLanguage\":\"de\",\"@id\":\"https:\\\/\\\/naturalpoland.com\\\/de\\\/produkte\\\/pflanzenextrakte\\\/auszug-aus-kassia-nomame\\\/#primaryimage\",\"url\":\"https:\\\/\\\/naturalpoland.com\\\/wp-content\\\/uploads\\\/ekstrakt-z-cassia-nomame.webp\",\"contentUrl\":\"https:\\\/\\\/naturalpoland.com\\\/wp-content\\\/uploads\\\/ekstrakt-z-cassia-nomame.webp\",\"width\":350,\"height\":350,\"caption\":\"Ekstrakt z Cassia Nomame\"},{\"@type\":\"BreadcrumbList\",\"@id\":\"https:\\\/\\\/naturalpoland.com\\\/de\\\/produkte\\\/pflanzenextrakte\\\/auszug-aus-kassia-nomame\\\/#breadcrumb\",\"itemListElement\":[{\"@type\":\"ListItem\",\"position\":1,\"name\":\"Startseite\",\"item\":\"https:\\\/\\\/naturalpoland.com\\\/de\\\/\"},{\"@type\":\"ListItem\",\"position\":2,\"name\":\"Produkte\",\"item\":\"https:\\\/\\\/naturalpoland.com\\\/de\\\/produkte\\\/\"},{\"@type\":\"ListItem\",\"position\":3,\"name\":\"Cassia Nomame Extrakt\"}]},{\"@type\":\"WebSite\",\"@id\":\"https:\\\/\\\/naturalpoland.com\\\/de\\\/#website\",\"url\":\"https:\\\/\\\/naturalpoland.com\\\/de\\\/\",\"name\":\"NATURAL POLAND - IMPORT UND HANDEL VON ROHSTOFFEN\",\"description\":\"Rohstoffe f\u00fcr die Lebensmittelindustrie, Kosmetikindustrie, Pharmaindustrie\",\"publisher\":{\"@id\":\"https:\\\/\\\/naturalpoland.com\\\/de\\\/#organization\"},\"potentialAction\":[{\"@type\":\"SearchAction\",\"target\":{\"@type\":\"EntryPoint\",\"urlTemplate\":\"https:\\\/\\\/naturalpoland.com\\\/de\\\/?s={search_term_string}\"},\"query-input\":{\"@type\":\"PropertyValueSpecification\",\"valueRequired\":true,\"valueName\":\"search_term_string\"}}],\"inLanguage\":\"de\"},{\"@type\":\"Organization\",\"@id\":\"https:\\\/\\\/naturalpoland.com\\\/de\\\/#organization\",\"name\":\"Natural Poland\",\"url\":\"https:\\\/\\\/naturalpoland.com\\\/de\\\/\",\"logo\":{\"@type\":\"ImageObject\",\"inLanguage\":\"de\",\"@id\":\"https:\\\/\\\/naturalpoland.com\\\/de\\\/#\\\/schema\\\/logo\\\/image\\\/\",\"url\":\"https:\\\/\\\/naturalpoland.com\\\/wp-content\\\/uploads\\\/2021\\\/05\\\/natural-poland-icon.png\",\"contentUrl\":\"https:\\\/\\\/naturalpoland.com\\\/wp-content\\\/uploads\\\/2021\\\/05\\\/natural-poland-icon.png\",\"width\":512,\"height\":512,\"caption\":\"Natural Poland\"},\"image\":{\"@id\":\"https:\\\/\\\/naturalpoland.com\\\/de\\\/#\\\/schema\\\/logo\\\/image\\\/\"},\"sameAs\":[\"https:\\\/\\\/www.facebook.com\\\/naturalpoland.b2b\",\"https:\\\/\\\/pl.linkedin.com\\\/company\\\/natural-poland\",\"https:\\\/\\\/www.youtube.com\\\/channel\\\/UCgeGGkvOMahZo-xu_MSEWxg\"]}]}<\/script>\n<!-- \/ Yoast SEO plugin. -->","yoast_head_json":{"title":"Cassia Nomame Extrakt - NATURAL POLAND - IMPORT UND HANDEL VON ROHSTOFFEN","description":"Cassia Nomame Extrakt ist ein innovativer nat\u00fcrlicher Inhaltsstoff, der die Gewichtsabnahme, die Gewichtskontrolle und die Thermogenese unterst\u00fctzt und den Stoffwechsel verbessert.","robots":{"index":"index","follow":"follow","max-snippet":"max-snippet:-1","max-image-preview":"max-image-preview:large","max-video-preview":"max-video-preview:-1"},"canonical":"https:\/\/naturalpoland.com\/de\/produkte\/pflanzenextrakte\/auszug-aus-kassia-nomame\/","og_locale":"de_DE","og_type":"article","og_title":"Cassia Nomame Extrakt - NATURAL POLAND - IMPORT UND HANDEL VON ROHSTOFFEN","og_description":"Cassia Nomame Extrakt ist ein innovativer nat\u00fcrlicher Inhaltsstoff, der die Gewichtsabnahme, die Gewichtskontrolle und die Thermogenese unterst\u00fctzt und den Stoffwechsel verbessert.","og_url":"https:\/\/naturalpoland.com\/de\/produkte\/pflanzenextrakte\/auszug-aus-kassia-nomame\/","og_site_name":"NATURAL POLAND - IMPORT UND HANDEL VON ROHSTOFFEN","article_publisher":"https:\/\/www.facebook.com\/naturalpoland.b2b","og_image":[{"width":350,"height":350,"url":"https:\/\/naturalpoland.com\/wp-content\/uploads\/ekstrakt-z-cassia-nomame.webp","type":"image\/webp"}],"schema":{"@context":"https:\/\/schema.org","@graph":[{"@type":"WebPage","@id":"https:\/\/naturalpoland.com\/de\/produkte\/pflanzenextrakte\/auszug-aus-kassia-nomame\/","url":"https:\/\/naturalpoland.com\/de\/produkte\/pflanzenextrakte\/auszug-aus-kassia-nomame\/","name":"Cassia Nomame Extrakt - NATURAL POLAND - IMPORT UND HANDEL VON ROHSTOFFEN","isPartOf":{"@id":"https:\/\/naturalpoland.com\/de\/#website"},"primaryImageOfPage":{"@id":"https:\/\/naturalpoland.com\/de\/produkte\/pflanzenextrakte\/auszug-aus-kassia-nomame\/#primaryimage"},"image":{"@id":"https:\/\/naturalpoland.com\/de\/produkte\/pflanzenextrakte\/auszug-aus-kassia-nomame\/#primaryimage"},"thumbnailUrl":"https:\/\/naturalpoland.com\/wp-content\/uploads\/ekstrakt-z-cassia-nomame.webp","datePublished":"2024-10-03T13:14:05+00:00","description":"Cassia Nomame Extrakt ist ein innovativer nat\u00fcrlicher Inhaltsstoff, der die Gewichtsabnahme, die Gewichtskontrolle und die Thermogenese unterst\u00fctzt und den Stoffwechsel verbessert.","breadcrumb":{"@id":"https:\/\/naturalpoland.com\/de\/produkte\/pflanzenextrakte\/auszug-aus-kassia-nomame\/#breadcrumb"},"inLanguage":"de","potentialAction":[{"@type":"ReadAction","target":["https:\/\/naturalpoland.com\/de\/produkte\/pflanzenextrakte\/auszug-aus-kassia-nomame\/"]}]},{"@type":"ImageObject","inLanguage":"de","@id":"https:\/\/naturalpoland.com\/de\/produkte\/pflanzenextrakte\/auszug-aus-kassia-nomame\/#primaryimage","url":"https:\/\/naturalpoland.com\/wp-content\/uploads\/ekstrakt-z-cassia-nomame.webp","contentUrl":"https:\/\/naturalpoland.com\/wp-content\/uploads\/ekstrakt-z-cassia-nomame.webp","width":350,"height":350,"caption":"Ekstrakt z Cassia Nomame"},{"@type":"BreadcrumbList","@id":"https:\/\/naturalpoland.com\/de\/produkte\/pflanzenextrakte\/auszug-aus-kassia-nomame\/#breadcrumb","itemListElement":[{"@type":"ListItem","position":1,"name":"Startseite","item":"https:\/\/naturalpoland.com\/de\/"},{"@type":"ListItem","position":2,"name":"Produkte","item":"https:\/\/naturalpoland.com\/de\/produkte\/"},{"@type":"ListItem","position":3,"name":"Cassia Nomame Extrakt"}]},{"@type":"WebSite","@id":"https:\/\/naturalpoland.com\/de\/#website","url":"https:\/\/naturalpoland.com\/de\/","name":"NATURAL POLAND - IMPORT UND HANDEL VON ROHSTOFFEN","description":"Rohstoffe f\u00fcr die Lebensmittelindustrie, Kosmetikindustrie, Pharmaindustrie","publisher":{"@id":"https:\/\/naturalpoland.com\/de\/#organization"},"potentialAction":[{"@type":"SearchAction","target":{"@type":"EntryPoint","urlTemplate":"https:\/\/naturalpoland.com\/de\/?s={search_term_string}"},"query-input":{"@type":"PropertyValueSpecification","valueRequired":true,"valueName":"search_term_string"}}],"inLanguage":"de"},{"@type":"Organization","@id":"https:\/\/naturalpoland.com\/de\/#organization","name":"Natural Poland","url":"https:\/\/naturalpoland.com\/de\/","logo":{"@type":"ImageObject","inLanguage":"de","@id":"https:\/\/naturalpoland.com\/de\/#\/schema\/logo\/image\/","url":"https:\/\/naturalpoland.com\/wp-content\/uploads\/2021\/05\/natural-poland-icon.png","contentUrl":"https:\/\/naturalpoland.com\/wp-content\/uploads\/2021\/05\/natural-poland-icon.png","width":512,"height":512,"caption":"Natural Poland"},"image":{"@id":"https:\/\/naturalpoland.com\/de\/#\/schema\/logo\/image\/"},"sameAs":["https:\/\/www.facebook.com\/naturalpoland.b2b","https:\/\/pl.linkedin.com\/company\/natural-poland","https:\/\/www.youtube.com\/channel\/UCgeGGkvOMahZo-xu_MSEWxg"]}]}},"_links":{"self":[{"href":"https:\/\/naturalpoland.com\/de\/wp-json\/wp\/v2\/product\/35998","targetHints":{"allow":["GET"]}}],"collection":[{"href":"https:\/\/naturalpoland.com\/de\/wp-json\/wp\/v2\/product"}],"about":[{"href":"https:\/\/naturalpoland.com\/de\/wp-json\/wp\/v2\/types\/product"}],"wp:featuredmedia":[{"embeddable":true,"href":"https:\/\/naturalpoland.com\/de\/wp-json\/wp\/v2\/media\/35943"}],"wp:attachment":[{"href":"https:\/\/naturalpoland.com\/de\/wp-json\/wp\/v2\/media?parent=35998"}],"wp:term":[{"taxonomy":"product_brand","embeddable":true,"href":"https:\/\/naturalpoland.com\/de\/wp-json\/wp\/v2\/product_brand?post=35998"},{"taxonomy":"product_cat","embeddable":true,"href":"https:\/\/naturalpoland.com\/de\/wp-json\/wp\/v2\/product_cat?post=35998"},{"taxonomy":"product_tag","embeddable":true,"href":"https:\/\/naturalpoland.com\/de\/wp-json\/wp\/v2\/product_tag?post=35998"}],"curies":[{"name":"wp","href":"https:\/\/api.w.org\/{rel}","templated":true}]}}