{"id":36620,"date":"2024-09-20T15:29:05","date_gmt":"2024-10-16T12:32:46","guid":{"rendered":"https:\/\/naturalpoland.com\/produkty\/unkategorisiert\/trehalose\/"},"modified":"2024-10-16T14:32:46","modified_gmt":"2024-10-16T12:32:46","slug":"trehalose","status":"publish","type":"product","link":"https:\/\/naturalpoland.com\/de\/produkte\/produkte-fur-die-kosmetikindustrie\/rohstoffe-fur-kosmetika\/trehalose\/","title":{"rendered":"Trehalose"},"content":{"rendered":"<h2>Eigenschaften von Trehalose<\/h2>\n<p>Trehalose besteht aus zwei Glukosemolek\u00fclen und kommt nat\u00fcrlich in vielen Organismen vor, darunter Pflanzen, Pilze und Insekten. Dank ihrer F\u00e4higkeit, Wasser zu binden, k\u00f6nnen W\u00fcstenpflanzen unter extremen Bedingungen \u00fcberleben. In Kosmetika wirkt Trehalose als <strong>Feuchthaltemittel<\/strong> oder Feuchtigkeitsspender, der Wasser in der Epidermis bindet und es am Verdunsten hindert. Trehalose hat auch <strong>eine Schutzfunktion<\/strong>. Sie sch\u00fctzt die Hautzellen vor oxidativem Stress und Sch\u00e4den durch freie Radikale &#8211; und verlangsamt so den Alterungsprozess. Das Produkt ist auch ein wirksames <strong>Antioxidans<\/strong> und f\u00f6rdert die Regeneration der Hydrolipidbarriere der Haut. Trehalose sch\u00fctzt die Haut vor sch\u00e4dlichen externen Faktoren wie UV-Strahlung, Smog und anderen Umweltschadstoffen.  <\/p>\n<h2>Verwendung in Kosmetika<\/h2>\n<p>Trehalose wird in <strong>Kosmetika f\u00fcr Gesicht, K\u00f6rper und Haare<\/strong> verwendet. Sie ist besonders empfehlenswert f\u00fcr Menschen mit trockener, empfindlicher, dehydrierter Haut oder mit Anzeichen von Hautalterung. Sie kann als Inhaltsstoff in Feuchtigkeitscremes, Seren, Masken und Lotionen verwendet werden, insbesondere in Anti-Aging-Kosmetika. Auch f\u00fcr fettige und zu Akne neigende Haut ist Trehalose von Vorteil, da sie der Haut Feuchtigkeit spendet, ohne die Poren zu verstopfen, und die Talgproduktion reguliert. Trehalose hat auch eine beruhigende Wirkung und hilft bei Hautproblemen wie Ekzemen, Schuppenflechte und atopischer Dermatitis (AD). Sie hilft, R\u00f6tungen, Irritationen, Spannungsgef\u00fchle und Juckreiz der Haut zu reduzieren.  <\/p>\n<h3>Innovative Anwendungen von Trehalose<\/h3>\n<p>Neben ihrer traditionellen Verwendung in Kosmetika findet Trehalose auch in moderneren Produkten wie <strong>Augentropfen<\/strong>, wo sie zur Regeneration des Tr\u00e4nenfilms beitr\u00e4gt, und in <strong>Haarpflegemitteln<\/strong>, die das Haar vor \u00fcberm\u00e4\u00dfiger Trockenheit und mechanischen Sch\u00e4den sch\u00fctzen, ihren Platz. In der Haarkosmetik tr\u00e4gt Trehalose dazu bei, das Haar mit Feuchtigkeit zu versorgen, ihm Glanz zu verleihen und es vor sch\u00e4dlichen \u00e4u\u00dferen Einfl\u00fcssen wie Hitze beim Styling zu sch\u00fctzen. In der Kosmetologie und Dermatologie wird Trehalose h\u00e4ufig als Inhaltsstoff verwendet, um die <strong>Regeneration der Haut nach <a href=\"\/kategoria\/produkty-dla-przemyslu-kosmetycznego\/kwasy\/\">S\u00e4ure-<\/a> oder <a href=\"https:\/\/naturalpoland.com\/produkty\/produkty-dla-przemyslu-kosmetycznego\/surowce-kosmetyczne\/retinol\/\">Retinolbehandlungen<\/a><\/strong> zu unterst\u00fctzen, die Peeling und Trockenheit verursachen k\u00f6nnen. Trehalose hat dann eine feuchtigkeitsspendende, beruhigende Wirkung und hilft, die Schutzschicht der Haut wieder aufzubauen. <\/p>\n","protected":false},"excerpt":{"rendered":"<p>Trehalose ist ein nat\u00fcrliches Disaccharid, das in der Kosmetikindustrie an Popularit\u00e4t gewonnen hat. Es hat feuchtigkeitsspendende, sch\u00fctzende und regenerierende Eigenschaften. <\/p>\n","protected":false},"featured_media":35791,"template":"","meta":{"_acf_changed":false},"product_brand":[],"product_cat":[381],"product_tag":[],"class_list":{"0":"post-36620","1":"product","2":"type-product","3":"status-publish","4":"has-post-thumbnail","6":"product_cat-rohstoffe-fur-kosmetika","8":"first","9":"instock","10":"shipping-taxable","11":"product-type-simple"},"acf":[],"yoast_head":"<!-- This site is optimized with the Yoast SEO plugin v27.4 - https:\/\/yoast.com\/product\/yoast-seo-wordpress\/ -->\n<title>Trehalose - NATURAL POLAND - IMPORT UND HANDEL VON ROHSTOFFEN<\/title>\n<meta name=\"description\" content=\"Trehalose wird besonders f\u00fcr trockene, dehydrierte, empfindliche Haut und Haut mit Anzeichen von Alterung empfohlen. Sie wird auch in Augentropfen verwendet.\" \/>\n<meta name=\"robots\" content=\"index, follow, max-snippet:-1, max-image-preview:large, max-video-preview:-1\" \/>\n<link rel=\"canonical\" href=\"https:\/\/naturalpoland.com\/de\/produkte\/produkte-fur-die-kosmetikindustrie\/rohstoffe-fur-kosmetika\/trehalose\/\" \/>\n<meta property=\"og:locale\" content=\"de_DE\" \/>\n<meta property=\"og:type\" content=\"article\" \/>\n<meta property=\"og:title\" content=\"Trehalose - NATURAL POLAND - IMPORT UND HANDEL VON ROHSTOFFEN\" \/>\n<meta property=\"og:description\" content=\"Trehalose wird besonders f\u00fcr trockene, dehydrierte, empfindliche Haut und Haut mit Anzeichen von Alterung empfohlen. Sie wird auch in Augentropfen verwendet.\" \/>\n<meta property=\"og:url\" content=\"https:\/\/naturalpoland.com\/de\/produkte\/produkte-fur-die-kosmetikindustrie\/rohstoffe-fur-kosmetika\/trehalose\/\" \/>\n<meta property=\"og:site_name\" content=\"NATURAL POLAND - IMPORT UND HANDEL VON ROHSTOFFEN\" \/>\n<meta property=\"article:publisher\" content=\"https:\/\/www.facebook.com\/naturalpoland.b2b\" \/>\n<meta property=\"og:image\" content=\"https:\/\/naturalpoland.com\/wp-content\/uploads\/trehaloza.webp\" \/>\n\t<meta property=\"og:image:width\" content=\"619\" \/>\n\t<meta property=\"og:image:height\" content=\"619\" \/>\n\t<meta property=\"og:image:type\" content=\"image\/webp\" \/>\n<script type=\"application\/ld+json\" class=\"yoast-schema-graph\">{\"@context\":\"https:\\\/\\\/schema.org\",\"@graph\":[{\"@type\":\"WebPage\",\"@id\":\"https:\\\/\\\/naturalpoland.com\\\/de\\\/produkte\\\/produkte-fur-die-kosmetikindustrie\\\/rohstoffe-fur-kosmetika\\\/trehalose\\\/\",\"url\":\"https:\\\/\\\/naturalpoland.com\\\/de\\\/produkte\\\/produkte-fur-die-kosmetikindustrie\\\/rohstoffe-fur-kosmetika\\\/trehalose\\\/\",\"name\":\"Trehalose - NATURAL POLAND - IMPORT UND HANDEL VON ROHSTOFFEN\",\"isPartOf\":{\"@id\":\"https:\\\/\\\/naturalpoland.com\\\/de\\\/#website\"},\"primaryImageOfPage\":{\"@id\":\"https:\\\/\\\/naturalpoland.com\\\/de\\\/produkte\\\/produkte-fur-die-kosmetikindustrie\\\/rohstoffe-fur-kosmetika\\\/trehalose\\\/#primaryimage\"},\"image\":{\"@id\":\"https:\\\/\\\/naturalpoland.com\\\/de\\\/produkte\\\/produkte-fur-die-kosmetikindustrie\\\/rohstoffe-fur-kosmetika\\\/trehalose\\\/#primaryimage\"},\"thumbnailUrl\":\"https:\\\/\\\/naturalpoland.com\\\/wp-content\\\/uploads\\\/trehaloza.webp\",\"datePublished\":\"2024-10-16T12:32:46+00:00\",\"description\":\"Trehalose wird besonders f\u00fcr trockene, dehydrierte, empfindliche Haut und Haut mit Anzeichen von Alterung empfohlen. Sie wird auch in Augentropfen verwendet.\",\"breadcrumb\":{\"@id\":\"https:\\\/\\\/naturalpoland.com\\\/de\\\/produkte\\\/produkte-fur-die-kosmetikindustrie\\\/rohstoffe-fur-kosmetika\\\/trehalose\\\/#breadcrumb\"},\"inLanguage\":\"de\",\"potentialAction\":[{\"@type\":\"ReadAction\",\"target\":[\"https:\\\/\\\/naturalpoland.com\\\/de\\\/produkte\\\/produkte-fur-die-kosmetikindustrie\\\/rohstoffe-fur-kosmetika\\\/trehalose\\\/\"]}]},{\"@type\":\"ImageObject\",\"inLanguage\":\"de\",\"@id\":\"https:\\\/\\\/naturalpoland.com\\\/de\\\/produkte\\\/produkte-fur-die-kosmetikindustrie\\\/rohstoffe-fur-kosmetika\\\/trehalose\\\/#primaryimage\",\"url\":\"https:\\\/\\\/naturalpoland.com\\\/wp-content\\\/uploads\\\/trehaloza.webp\",\"contentUrl\":\"https:\\\/\\\/naturalpoland.com\\\/wp-content\\\/uploads\\\/trehaloza.webp\",\"width\":619,\"height\":619,\"caption\":\"Trehaloza\"},{\"@type\":\"BreadcrumbList\",\"@id\":\"https:\\\/\\\/naturalpoland.com\\\/de\\\/produkte\\\/produkte-fur-die-kosmetikindustrie\\\/rohstoffe-fur-kosmetika\\\/trehalose\\\/#breadcrumb\",\"itemListElement\":[{\"@type\":\"ListItem\",\"position\":1,\"name\":\"Startseite\",\"item\":\"https:\\\/\\\/naturalpoland.com\\\/de\\\/\"},{\"@type\":\"ListItem\",\"position\":2,\"name\":\"Produkte\",\"item\":\"https:\\\/\\\/naturalpoland.com\\\/de\\\/produkte\\\/\"},{\"@type\":\"ListItem\",\"position\":3,\"name\":\"Trehalose\"}]},{\"@type\":\"WebSite\",\"@id\":\"https:\\\/\\\/naturalpoland.com\\\/de\\\/#website\",\"url\":\"https:\\\/\\\/naturalpoland.com\\\/de\\\/\",\"name\":\"NATURAL POLAND - IMPORT UND HANDEL VON ROHSTOFFEN\",\"description\":\"Rohstoffe f\u00fcr die Lebensmittelindustrie, Kosmetikindustrie, Pharmaindustrie\",\"publisher\":{\"@id\":\"https:\\\/\\\/naturalpoland.com\\\/de\\\/#organization\"},\"potentialAction\":[{\"@type\":\"SearchAction\",\"target\":{\"@type\":\"EntryPoint\",\"urlTemplate\":\"https:\\\/\\\/naturalpoland.com\\\/de\\\/?s={search_term_string}\"},\"query-input\":{\"@type\":\"PropertyValueSpecification\",\"valueRequired\":true,\"valueName\":\"search_term_string\"}}],\"inLanguage\":\"de\"},{\"@type\":\"Organization\",\"@id\":\"https:\\\/\\\/naturalpoland.com\\\/de\\\/#organization\",\"name\":\"Natural Poland\",\"url\":\"https:\\\/\\\/naturalpoland.com\\\/de\\\/\",\"logo\":{\"@type\":\"ImageObject\",\"inLanguage\":\"de\",\"@id\":\"https:\\\/\\\/naturalpoland.com\\\/de\\\/#\\\/schema\\\/logo\\\/image\\\/\",\"url\":\"https:\\\/\\\/naturalpoland.com\\\/wp-content\\\/uploads\\\/2021\\\/05\\\/natural-poland-icon.png\",\"contentUrl\":\"https:\\\/\\\/naturalpoland.com\\\/wp-content\\\/uploads\\\/2021\\\/05\\\/natural-poland-icon.png\",\"width\":512,\"height\":512,\"caption\":\"Natural Poland\"},\"image\":{\"@id\":\"https:\\\/\\\/naturalpoland.com\\\/de\\\/#\\\/schema\\\/logo\\\/image\\\/\"},\"sameAs\":[\"https:\\\/\\\/www.facebook.com\\\/naturalpoland.b2b\",\"https:\\\/\\\/pl.linkedin.com\\\/company\\\/natural-poland\",\"https:\\\/\\\/www.youtube.com\\\/channel\\\/UCgeGGkvOMahZo-xu_MSEWxg\"]}]}<\/script>\n<!-- \/ Yoast SEO plugin. -->","yoast_head_json":{"title":"Trehalose - NATURAL POLAND - IMPORT UND HANDEL VON ROHSTOFFEN","description":"Trehalose wird besonders f\u00fcr trockene, dehydrierte, empfindliche Haut und Haut mit Anzeichen von Alterung empfohlen. Sie wird auch in Augentropfen verwendet.","robots":{"index":"index","follow":"follow","max-snippet":"max-snippet:-1","max-image-preview":"max-image-preview:large","max-video-preview":"max-video-preview:-1"},"canonical":"https:\/\/naturalpoland.com\/de\/produkte\/produkte-fur-die-kosmetikindustrie\/rohstoffe-fur-kosmetika\/trehalose\/","og_locale":"de_DE","og_type":"article","og_title":"Trehalose - NATURAL POLAND - IMPORT UND HANDEL VON ROHSTOFFEN","og_description":"Trehalose wird besonders f\u00fcr trockene, dehydrierte, empfindliche Haut und Haut mit Anzeichen von Alterung empfohlen. Sie wird auch in Augentropfen verwendet.","og_url":"https:\/\/naturalpoland.com\/de\/produkte\/produkte-fur-die-kosmetikindustrie\/rohstoffe-fur-kosmetika\/trehalose\/","og_site_name":"NATURAL POLAND - IMPORT UND HANDEL VON ROHSTOFFEN","article_publisher":"https:\/\/www.facebook.com\/naturalpoland.b2b","og_image":[{"width":619,"height":619,"url":"https:\/\/naturalpoland.com\/wp-content\/uploads\/trehaloza.webp","type":"image\/webp"}],"schema":{"@context":"https:\/\/schema.org","@graph":[{"@type":"WebPage","@id":"https:\/\/naturalpoland.com\/de\/produkte\/produkte-fur-die-kosmetikindustrie\/rohstoffe-fur-kosmetika\/trehalose\/","url":"https:\/\/naturalpoland.com\/de\/produkte\/produkte-fur-die-kosmetikindustrie\/rohstoffe-fur-kosmetika\/trehalose\/","name":"Trehalose - NATURAL POLAND - IMPORT UND HANDEL VON ROHSTOFFEN","isPartOf":{"@id":"https:\/\/naturalpoland.com\/de\/#website"},"primaryImageOfPage":{"@id":"https:\/\/naturalpoland.com\/de\/produkte\/produkte-fur-die-kosmetikindustrie\/rohstoffe-fur-kosmetika\/trehalose\/#primaryimage"},"image":{"@id":"https:\/\/naturalpoland.com\/de\/produkte\/produkte-fur-die-kosmetikindustrie\/rohstoffe-fur-kosmetika\/trehalose\/#primaryimage"},"thumbnailUrl":"https:\/\/naturalpoland.com\/wp-content\/uploads\/trehaloza.webp","datePublished":"2024-10-16T12:32:46+00:00","description":"Trehalose wird besonders f\u00fcr trockene, dehydrierte, empfindliche Haut und Haut mit Anzeichen von Alterung empfohlen. Sie wird auch in Augentropfen verwendet.","breadcrumb":{"@id":"https:\/\/naturalpoland.com\/de\/produkte\/produkte-fur-die-kosmetikindustrie\/rohstoffe-fur-kosmetika\/trehalose\/#breadcrumb"},"inLanguage":"de","potentialAction":[{"@type":"ReadAction","target":["https:\/\/naturalpoland.com\/de\/produkte\/produkte-fur-die-kosmetikindustrie\/rohstoffe-fur-kosmetika\/trehalose\/"]}]},{"@type":"ImageObject","inLanguage":"de","@id":"https:\/\/naturalpoland.com\/de\/produkte\/produkte-fur-die-kosmetikindustrie\/rohstoffe-fur-kosmetika\/trehalose\/#primaryimage","url":"https:\/\/naturalpoland.com\/wp-content\/uploads\/trehaloza.webp","contentUrl":"https:\/\/naturalpoland.com\/wp-content\/uploads\/trehaloza.webp","width":619,"height":619,"caption":"Trehaloza"},{"@type":"BreadcrumbList","@id":"https:\/\/naturalpoland.com\/de\/produkte\/produkte-fur-die-kosmetikindustrie\/rohstoffe-fur-kosmetika\/trehalose\/#breadcrumb","itemListElement":[{"@type":"ListItem","position":1,"name":"Startseite","item":"https:\/\/naturalpoland.com\/de\/"},{"@type":"ListItem","position":2,"name":"Produkte","item":"https:\/\/naturalpoland.com\/de\/produkte\/"},{"@type":"ListItem","position":3,"name":"Trehalose"}]},{"@type":"WebSite","@id":"https:\/\/naturalpoland.com\/de\/#website","url":"https:\/\/naturalpoland.com\/de\/","name":"NATURAL POLAND - IMPORT UND HANDEL VON ROHSTOFFEN","description":"Rohstoffe f\u00fcr die Lebensmittelindustrie, Kosmetikindustrie, Pharmaindustrie","publisher":{"@id":"https:\/\/naturalpoland.com\/de\/#organization"},"potentialAction":[{"@type":"SearchAction","target":{"@type":"EntryPoint","urlTemplate":"https:\/\/naturalpoland.com\/de\/?s={search_term_string}"},"query-input":{"@type":"PropertyValueSpecification","valueRequired":true,"valueName":"search_term_string"}}],"inLanguage":"de"},{"@type":"Organization","@id":"https:\/\/naturalpoland.com\/de\/#organization","name":"Natural Poland","url":"https:\/\/naturalpoland.com\/de\/","logo":{"@type":"ImageObject","inLanguage":"de","@id":"https:\/\/naturalpoland.com\/de\/#\/schema\/logo\/image\/","url":"https:\/\/naturalpoland.com\/wp-content\/uploads\/2021\/05\/natural-poland-icon.png","contentUrl":"https:\/\/naturalpoland.com\/wp-content\/uploads\/2021\/05\/natural-poland-icon.png","width":512,"height":512,"caption":"Natural Poland"},"image":{"@id":"https:\/\/naturalpoland.com\/de\/#\/schema\/logo\/image\/"},"sameAs":["https:\/\/www.facebook.com\/naturalpoland.b2b","https:\/\/pl.linkedin.com\/company\/natural-poland","https:\/\/www.youtube.com\/channel\/UCgeGGkvOMahZo-xu_MSEWxg"]}]}},"_links":{"self":[{"href":"https:\/\/naturalpoland.com\/de\/wp-json\/wp\/v2\/product\/36620","targetHints":{"allow":["GET"]}}],"collection":[{"href":"https:\/\/naturalpoland.com\/de\/wp-json\/wp\/v2\/product"}],"about":[{"href":"https:\/\/naturalpoland.com\/de\/wp-json\/wp\/v2\/types\/product"}],"wp:featuredmedia":[{"embeddable":true,"href":"https:\/\/naturalpoland.com\/de\/wp-json\/wp\/v2\/media\/35791"}],"wp:attachment":[{"href":"https:\/\/naturalpoland.com\/de\/wp-json\/wp\/v2\/media?parent=36620"}],"wp:term":[{"taxonomy":"product_brand","embeddable":true,"href":"https:\/\/naturalpoland.com\/de\/wp-json\/wp\/v2\/product_brand?post=36620"},{"taxonomy":"product_cat","embeddable":true,"href":"https:\/\/naturalpoland.com\/de\/wp-json\/wp\/v2\/product_cat?post=36620"},{"taxonomy":"product_tag","embeddable":true,"href":"https:\/\/naturalpoland.com\/de\/wp-json\/wp\/v2\/product_tag?post=36620"}],"curies":[{"name":"wp","href":"https:\/\/api.w.org\/{rel}","templated":true}]}}