{"id":36665,"date":"2024-10-11T13:35:59","date_gmt":"2024-10-16T12:40:53","guid":{"rendered":"https:\/\/naturalpoland.com\/produkty\/unkategorisiert\/zimtol\/"},"modified":"2024-10-16T14:40:53","modified_gmt":"2024-10-16T12:40:53","slug":"zimtol","status":"publish","type":"product","link":"https:\/\/naturalpoland.com\/de\/produkte\/produkte-fur-die-kosmetikindustrie\/atherische-ole\/zimtol\/","title":{"rendered":"Zimt\u00f6l"},"content":{"rendered":"<p>Zimt\u00f6l ist in der Aromatherapie sehr beliebt. Sein intensiver, w\u00fcrziger Duft steigert das Energieniveau und f\u00f6rdert die Konzentration. Dank seines Gehalts an antibakteriellen Verbindungen, wie Zimtaldehyd, eignet sich dieses \u00d6l gut f\u00fcr problematische Haut, die zu Ekzemen und Unreinheiten neigt. Dieses Produkt wird auch topisch bei entspannenden und w\u00e4rmenden Massagen verwendet, insbesondere bei Muskel- oder Gelenkschmerzen. Zimt\u00f6l wird auch als nat\u00fcrliches Insektenschutzmittel verwendet. Aktive Bestandteile von Zimt\u00f6l:    <\/p>\n<ul>\n<li>Zimtaldehyd<\/li>\n<li>Eugenol<\/li>\n<li>Linalol<\/li>\n<\/ul>\n","protected":false},"excerpt":{"rendered":"<p>Das <strong>\u00e4therische \u00d6l von Zimt <\/strong>wird aus der Rinde des Zimtbaums<em>(Cinnamomum zeylanicum<\/em>) gewonnen. Es hat ein charakteristisches warmes, w\u00fcrziges Aroma und zahlreiche gesundheitliche Eigenschaften, darunter antibakterielle, entz\u00fcndungshemmende und pilzhemmende Eigenschaften. <\/p>\n","protected":false},"featured_media":36482,"template":"","meta":{"_acf_changed":false},"product_brand":[],"product_cat":[6266],"product_tag":[],"class_list":{"0":"post-36665","1":"product","2":"type-product","3":"status-publish","4":"has-post-thumbnail","6":"product_cat-atherische-ole","7":"pa_skladnik-aktywny-eugenol-de","8":"pa_skladnik-aktywny-linalol-de","9":"pa_skladnik-aktywny-zimtaldehyd","11":"first","12":"instock","13":"shipping-taxable","14":"product-type-simple"},"acf":[],"yoast_head":"<!-- This site is optimized with the Yoast SEO plugin v27.4 - https:\/\/yoast.com\/product\/yoast-seo-wordpress\/ -->\n<title>Zimt\u00f6l - NATURAL POLAND - IMPORT UND HANDEL VON ROHSTOFFEN<\/title>\n<meta name=\"description\" content=\"Zimt\u00f6l ist ein vielseitiges Produkt, das f\u00fcr seine gesundheitsf\u00f6rdernden, therapeutischen und hautpflegenden Eigenschaften bekannt geworden ist.\" \/>\n<meta name=\"robots\" content=\"index, follow, max-snippet:-1, max-image-preview:large, max-video-preview:-1\" \/>\n<link rel=\"canonical\" href=\"https:\/\/naturalpoland.com\/de\/produkte\/produkte-fur-die-kosmetikindustrie\/atherische-ole\/zimtol\/\" \/>\n<meta property=\"og:locale\" content=\"de_DE\" \/>\n<meta property=\"og:type\" content=\"article\" \/>\n<meta property=\"og:title\" content=\"Zimt\u00f6l - NATURAL POLAND - IMPORT UND HANDEL VON ROHSTOFFEN\" \/>\n<meta property=\"og:description\" content=\"Zimt\u00f6l ist ein vielseitiges Produkt, das f\u00fcr seine gesundheitsf\u00f6rdernden, therapeutischen und hautpflegenden Eigenschaften bekannt geworden ist.\" \/>\n<meta property=\"og:url\" content=\"https:\/\/naturalpoland.com\/de\/produkte\/produkte-fur-die-kosmetikindustrie\/atherische-ole\/zimtol\/\" \/>\n<meta property=\"og:site_name\" content=\"NATURAL POLAND - IMPORT UND HANDEL VON ROHSTOFFEN\" \/>\n<meta property=\"article:publisher\" content=\"https:\/\/www.facebook.com\/naturalpoland.b2b\" \/>\n<meta property=\"og:image\" content=\"https:\/\/naturalpoland.com\/wp-content\/uploads\/eteryczny-olejek-cynamonowy.webp\" \/>\n\t<meta property=\"og:image:width\" content=\"610\" \/>\n\t<meta property=\"og:image:height\" content=\"610\" \/>\n\t<meta property=\"og:image:type\" content=\"image\/webp\" \/>\n<script type=\"application\/ld+json\" class=\"yoast-schema-graph\">{\"@context\":\"https:\\\/\\\/schema.org\",\"@graph\":[{\"@type\":\"WebPage\",\"@id\":\"https:\\\/\\\/naturalpoland.com\\\/de\\\/produkte\\\/produkte-fur-die-kosmetikindustrie\\\/atherische-ole\\\/zimtol\\\/\",\"url\":\"https:\\\/\\\/naturalpoland.com\\\/de\\\/produkte\\\/produkte-fur-die-kosmetikindustrie\\\/atherische-ole\\\/zimtol\\\/\",\"name\":\"Zimt\u00f6l - NATURAL POLAND - IMPORT UND HANDEL VON ROHSTOFFEN\",\"isPartOf\":{\"@id\":\"https:\\\/\\\/naturalpoland.com\\\/de\\\/#website\"},\"primaryImageOfPage\":{\"@id\":\"https:\\\/\\\/naturalpoland.com\\\/de\\\/produkte\\\/produkte-fur-die-kosmetikindustrie\\\/atherische-ole\\\/zimtol\\\/#primaryimage\"},\"image\":{\"@id\":\"https:\\\/\\\/naturalpoland.com\\\/de\\\/produkte\\\/produkte-fur-die-kosmetikindustrie\\\/atherische-ole\\\/zimtol\\\/#primaryimage\"},\"thumbnailUrl\":\"https:\\\/\\\/naturalpoland.com\\\/wp-content\\\/uploads\\\/eteryczny-olejek-cynamonowy.webp\",\"datePublished\":\"2024-10-16T12:40:53+00:00\",\"description\":\"Zimt\u00f6l ist ein vielseitiges Produkt, das f\u00fcr seine gesundheitsf\u00f6rdernden, therapeutischen und hautpflegenden Eigenschaften bekannt geworden ist.\",\"breadcrumb\":{\"@id\":\"https:\\\/\\\/naturalpoland.com\\\/de\\\/produkte\\\/produkte-fur-die-kosmetikindustrie\\\/atherische-ole\\\/zimtol\\\/#breadcrumb\"},\"inLanguage\":\"de\",\"potentialAction\":[{\"@type\":\"ReadAction\",\"target\":[\"https:\\\/\\\/naturalpoland.com\\\/de\\\/produkte\\\/produkte-fur-die-kosmetikindustrie\\\/atherische-ole\\\/zimtol\\\/\"]}]},{\"@type\":\"ImageObject\",\"inLanguage\":\"de\",\"@id\":\"https:\\\/\\\/naturalpoland.com\\\/de\\\/produkte\\\/produkte-fur-die-kosmetikindustrie\\\/atherische-ole\\\/zimtol\\\/#primaryimage\",\"url\":\"https:\\\/\\\/naturalpoland.com\\\/wp-content\\\/uploads\\\/eteryczny-olejek-cynamonowy.webp\",\"contentUrl\":\"https:\\\/\\\/naturalpoland.com\\\/wp-content\\\/uploads\\\/eteryczny-olejek-cynamonowy.webp\",\"width\":610,\"height\":610,\"caption\":\"eteryczny olejek cynamonowy\"},{\"@type\":\"BreadcrumbList\",\"@id\":\"https:\\\/\\\/naturalpoland.com\\\/de\\\/produkte\\\/produkte-fur-die-kosmetikindustrie\\\/atherische-ole\\\/zimtol\\\/#breadcrumb\",\"itemListElement\":[{\"@type\":\"ListItem\",\"position\":1,\"name\":\"Startseite\",\"item\":\"https:\\\/\\\/naturalpoland.com\\\/de\\\/\"},{\"@type\":\"ListItem\",\"position\":2,\"name\":\"Produkte\",\"item\":\"https:\\\/\\\/naturalpoland.com\\\/de\\\/produkte\\\/\"},{\"@type\":\"ListItem\",\"position\":3,\"name\":\"Zimt\u00f6l\"}]},{\"@type\":\"WebSite\",\"@id\":\"https:\\\/\\\/naturalpoland.com\\\/de\\\/#website\",\"url\":\"https:\\\/\\\/naturalpoland.com\\\/de\\\/\",\"name\":\"NATURAL POLAND - IMPORT UND HANDEL VON ROHSTOFFEN\",\"description\":\"Rohstoffe f\u00fcr die Lebensmittelindustrie, Kosmetikindustrie, Pharmaindustrie\",\"publisher\":{\"@id\":\"https:\\\/\\\/naturalpoland.com\\\/de\\\/#organization\"},\"potentialAction\":[{\"@type\":\"SearchAction\",\"target\":{\"@type\":\"EntryPoint\",\"urlTemplate\":\"https:\\\/\\\/naturalpoland.com\\\/de\\\/?s={search_term_string}\"},\"query-input\":{\"@type\":\"PropertyValueSpecification\",\"valueRequired\":true,\"valueName\":\"search_term_string\"}}],\"inLanguage\":\"de\"},{\"@type\":\"Organization\",\"@id\":\"https:\\\/\\\/naturalpoland.com\\\/de\\\/#organization\",\"name\":\"Natural Poland\",\"url\":\"https:\\\/\\\/naturalpoland.com\\\/de\\\/\",\"logo\":{\"@type\":\"ImageObject\",\"inLanguage\":\"de\",\"@id\":\"https:\\\/\\\/naturalpoland.com\\\/de\\\/#\\\/schema\\\/logo\\\/image\\\/\",\"url\":\"https:\\\/\\\/naturalpoland.com\\\/wp-content\\\/uploads\\\/2021\\\/05\\\/natural-poland-icon.png\",\"contentUrl\":\"https:\\\/\\\/naturalpoland.com\\\/wp-content\\\/uploads\\\/2021\\\/05\\\/natural-poland-icon.png\",\"width\":512,\"height\":512,\"caption\":\"Natural Poland\"},\"image\":{\"@id\":\"https:\\\/\\\/naturalpoland.com\\\/de\\\/#\\\/schema\\\/logo\\\/image\\\/\"},\"sameAs\":[\"https:\\\/\\\/www.facebook.com\\\/naturalpoland.b2b\",\"https:\\\/\\\/pl.linkedin.com\\\/company\\\/natural-poland\",\"https:\\\/\\\/www.youtube.com\\\/channel\\\/UCgeGGkvOMahZo-xu_MSEWxg\"]}]}<\/script>\n<!-- \/ Yoast SEO plugin. -->","yoast_head_json":{"title":"Zimt\u00f6l - NATURAL POLAND - IMPORT UND HANDEL VON ROHSTOFFEN","description":"Zimt\u00f6l ist ein vielseitiges Produkt, das f\u00fcr seine gesundheitsf\u00f6rdernden, therapeutischen und hautpflegenden Eigenschaften bekannt geworden ist.","robots":{"index":"index","follow":"follow","max-snippet":"max-snippet:-1","max-image-preview":"max-image-preview:large","max-video-preview":"max-video-preview:-1"},"canonical":"https:\/\/naturalpoland.com\/de\/produkte\/produkte-fur-die-kosmetikindustrie\/atherische-ole\/zimtol\/","og_locale":"de_DE","og_type":"article","og_title":"Zimt\u00f6l - NATURAL POLAND - IMPORT UND HANDEL VON ROHSTOFFEN","og_description":"Zimt\u00f6l ist ein vielseitiges Produkt, das f\u00fcr seine gesundheitsf\u00f6rdernden, therapeutischen und hautpflegenden Eigenschaften bekannt geworden ist.","og_url":"https:\/\/naturalpoland.com\/de\/produkte\/produkte-fur-die-kosmetikindustrie\/atherische-ole\/zimtol\/","og_site_name":"NATURAL POLAND - IMPORT UND HANDEL VON ROHSTOFFEN","article_publisher":"https:\/\/www.facebook.com\/naturalpoland.b2b","og_image":[{"width":610,"height":610,"url":"https:\/\/naturalpoland.com\/wp-content\/uploads\/eteryczny-olejek-cynamonowy.webp","type":"image\/webp"}],"schema":{"@context":"https:\/\/schema.org","@graph":[{"@type":"WebPage","@id":"https:\/\/naturalpoland.com\/de\/produkte\/produkte-fur-die-kosmetikindustrie\/atherische-ole\/zimtol\/","url":"https:\/\/naturalpoland.com\/de\/produkte\/produkte-fur-die-kosmetikindustrie\/atherische-ole\/zimtol\/","name":"Zimt\u00f6l - NATURAL POLAND - IMPORT UND HANDEL VON ROHSTOFFEN","isPartOf":{"@id":"https:\/\/naturalpoland.com\/de\/#website"},"primaryImageOfPage":{"@id":"https:\/\/naturalpoland.com\/de\/produkte\/produkte-fur-die-kosmetikindustrie\/atherische-ole\/zimtol\/#primaryimage"},"image":{"@id":"https:\/\/naturalpoland.com\/de\/produkte\/produkte-fur-die-kosmetikindustrie\/atherische-ole\/zimtol\/#primaryimage"},"thumbnailUrl":"https:\/\/naturalpoland.com\/wp-content\/uploads\/eteryczny-olejek-cynamonowy.webp","datePublished":"2024-10-16T12:40:53+00:00","description":"Zimt\u00f6l ist ein vielseitiges Produkt, das f\u00fcr seine gesundheitsf\u00f6rdernden, therapeutischen und hautpflegenden Eigenschaften bekannt geworden ist.","breadcrumb":{"@id":"https:\/\/naturalpoland.com\/de\/produkte\/produkte-fur-die-kosmetikindustrie\/atherische-ole\/zimtol\/#breadcrumb"},"inLanguage":"de","potentialAction":[{"@type":"ReadAction","target":["https:\/\/naturalpoland.com\/de\/produkte\/produkte-fur-die-kosmetikindustrie\/atherische-ole\/zimtol\/"]}]},{"@type":"ImageObject","inLanguage":"de","@id":"https:\/\/naturalpoland.com\/de\/produkte\/produkte-fur-die-kosmetikindustrie\/atherische-ole\/zimtol\/#primaryimage","url":"https:\/\/naturalpoland.com\/wp-content\/uploads\/eteryczny-olejek-cynamonowy.webp","contentUrl":"https:\/\/naturalpoland.com\/wp-content\/uploads\/eteryczny-olejek-cynamonowy.webp","width":610,"height":610,"caption":"eteryczny olejek cynamonowy"},{"@type":"BreadcrumbList","@id":"https:\/\/naturalpoland.com\/de\/produkte\/produkte-fur-die-kosmetikindustrie\/atherische-ole\/zimtol\/#breadcrumb","itemListElement":[{"@type":"ListItem","position":1,"name":"Startseite","item":"https:\/\/naturalpoland.com\/de\/"},{"@type":"ListItem","position":2,"name":"Produkte","item":"https:\/\/naturalpoland.com\/de\/produkte\/"},{"@type":"ListItem","position":3,"name":"Zimt\u00f6l"}]},{"@type":"WebSite","@id":"https:\/\/naturalpoland.com\/de\/#website","url":"https:\/\/naturalpoland.com\/de\/","name":"NATURAL POLAND - IMPORT UND HANDEL VON ROHSTOFFEN","description":"Rohstoffe f\u00fcr die Lebensmittelindustrie, Kosmetikindustrie, Pharmaindustrie","publisher":{"@id":"https:\/\/naturalpoland.com\/de\/#organization"},"potentialAction":[{"@type":"SearchAction","target":{"@type":"EntryPoint","urlTemplate":"https:\/\/naturalpoland.com\/de\/?s={search_term_string}"},"query-input":{"@type":"PropertyValueSpecification","valueRequired":true,"valueName":"search_term_string"}}],"inLanguage":"de"},{"@type":"Organization","@id":"https:\/\/naturalpoland.com\/de\/#organization","name":"Natural Poland","url":"https:\/\/naturalpoland.com\/de\/","logo":{"@type":"ImageObject","inLanguage":"de","@id":"https:\/\/naturalpoland.com\/de\/#\/schema\/logo\/image\/","url":"https:\/\/naturalpoland.com\/wp-content\/uploads\/2021\/05\/natural-poland-icon.png","contentUrl":"https:\/\/naturalpoland.com\/wp-content\/uploads\/2021\/05\/natural-poland-icon.png","width":512,"height":512,"caption":"Natural Poland"},"image":{"@id":"https:\/\/naturalpoland.com\/de\/#\/schema\/logo\/image\/"},"sameAs":["https:\/\/www.facebook.com\/naturalpoland.b2b","https:\/\/pl.linkedin.com\/company\/natural-poland","https:\/\/www.youtube.com\/channel\/UCgeGGkvOMahZo-xu_MSEWxg"]}]}},"_links":{"self":[{"href":"https:\/\/naturalpoland.com\/de\/wp-json\/wp\/v2\/product\/36665","targetHints":{"allow":["GET"]}}],"collection":[{"href":"https:\/\/naturalpoland.com\/de\/wp-json\/wp\/v2\/product"}],"about":[{"href":"https:\/\/naturalpoland.com\/de\/wp-json\/wp\/v2\/types\/product"}],"wp:featuredmedia":[{"embeddable":true,"href":"https:\/\/naturalpoland.com\/de\/wp-json\/wp\/v2\/media\/36482"}],"wp:attachment":[{"href":"https:\/\/naturalpoland.com\/de\/wp-json\/wp\/v2\/media?parent=36665"}],"wp:term":[{"taxonomy":"product_brand","embeddable":true,"href":"https:\/\/naturalpoland.com\/de\/wp-json\/wp\/v2\/product_brand?post=36665"},{"taxonomy":"product_cat","embeddable":true,"href":"https:\/\/naturalpoland.com\/de\/wp-json\/wp\/v2\/product_cat?post=36665"},{"taxonomy":"product_tag","embeddable":true,"href":"https:\/\/naturalpoland.com\/de\/wp-json\/wp\/v2\/product_tag?post=36665"}],"curies":[{"name":"wp","href":"https:\/\/api.w.org\/{rel}","templated":true}]}}