{"id":36699,"date":"2024-10-14T15:04:57","date_gmt":"2024-10-14T13:04:57","guid":{"rendered":"https:\/\/naturalpoland.com\/produkty\/unkategorisiert\/ol-eukalyptus\/"},"modified":"2024-10-16T14:47:17","modified_gmt":"2024-10-16T12:47:17","slug":"ol-eukalyptus","status":"publish","type":"product","link":"https:\/\/naturalpoland.com\/de\/produkte\/produkte-fur-die-kosmetikindustrie\/atherische-ole\/ol-eukalyptus\/","title":{"rendered":"Eukalyptus\u00f6l"},"content":{"rendered":"<h2>Eigenschaften<\/h2>\n<p>Eukalyptus\u00f6l enth\u00e4lt haupts\u00e4chlich 1,8-Cynol (Eukalyptol), das f\u00fcr seine intensiven gesundheitlichen Eigenschaften verantwortlich ist, darunter <strong>antiseptisch<\/strong>, <strong>entz\u00fcndungshemmend<\/strong>, <strong>antiviral<\/strong> und <strong>antibakteriell<\/strong>. Er wird h\u00e4ufig zur Behandlung der Atemwege eingesetzt. Bei regelm\u00e4\u00dfiger Anwendung k\u00f6nnen die Symptome von Erk\u00e4ltungen, Grippe, verstopften Nebenh\u00f6hlen und Husten gelindert werden. Er hat auch <strong>eine schmerzlindernde<\/strong> und <strong>w\u00e4rmende<\/strong> <strong>Wirkung<\/strong>, weshalb er bei Muskel- und Rheumaschmerzen eingesetzt wird.    <\/p>\n<h2>Anmeldung<\/h2>\n<p>\u00c4therisches Eukalyptus\u00f6l eignet sich gut f\u00fcr die <strong>Aromatherapie<\/strong>, wenn es in Diffusoren und Inhalatoren verwendet wird, wo sein frischer Duft die Luft reinigt und das Atmen erleichtert. Wenn es eingeatmet wird, wirkt es schleiml\u00f6send und hilft bei verstopften Atemwegen. Das \u00d6l kann verd\u00fcnnt auf der Haut als <strong>Zusatz zu Lotionen und Massage\u00f6len<\/strong> verwendet werden. Es hilft, Reizungen zu lindern, beschleunigt die Heilung kleiner Wunden und lindert den Juckreiz nach Insektenstichen. Bei \u00e4u\u00dferlicher Anwendung verbessert das \u00d6l die Mikrozirkulation und hat eine reinigende Wirkung auf die Haut. In Tr\u00e4ger\u00f6l verd\u00fcnnt, eignet sich Eukalyptus\u00f6l gut f\u00fcr <strong>Massagen<\/strong> bei Muskel- und Gelenkschmerzen. Es kann auch einem Bad zugesetzt werden, um eine entspannende Atmosph\u00e4re zu schaffen und die Erholung nach einem langen Tag zu f\u00f6rdern. Dank seiner stark desinfizierenden Eigenschaften ist das \u00d6l eine ideale Erg\u00e4nzung zu <strong>Haushaltsreinigern<\/strong> und antibakteriellen Pr\u00e4paraten und unterst\u00fctzt deren Reinigungswirkung. Eukalyptus\u00f6l ist ein hochkonzentriertes Produkt und sollte daher mit Vorsicht verwendet werden. <\/p>\n","protected":false},"excerpt":{"rendered":"<p>Das \u00e4therische \u00d6l<em>von Eukalyptus (Eucalyptus globulus<\/em>) ist ein Produkt zur Verwendung in der Aromatherapie und Gesundheitspflege. Es zeichnet sich durch ein starkes, kampferartiges Aroma mit einer ausgepr\u00e4gten, frischen Note aus, die sofort ein Gef\u00fchl der Erfrischung und Reinigung vermittelt. Es wird durch Wasserdampfdestillation aus den Bl\u00e4ttern des Eukalyptusbaums gewonnen.  <\/p>\n","protected":false},"featured_media":36536,"template":"","meta":[],"product_brand":[],"product_cat":[6266],"product_tag":[],"class_list":{"0":"post-36699","1":"product","2":"type-product","3":"status-publish","4":"has-post-thumbnail","6":"product_cat-atherische-ole","7":"pa_czesc-rosliny-blatter","8":"pa_czesc-rosliny-zweigstelle","10":"first","11":"instock","12":"shipping-taxable","13":"product-type-simple"},"yoast_head":"<!-- This site is optimized with the Yoast SEO plugin v27.4 - https:\/\/yoast.com\/product\/yoast-seo-wordpress\/ -->\n<title>Eukalyptus\u00f6l - NATURAL POLAND - IMPORT UND HANDEL VON ROHSTOFFEN<\/title>\n<meta name=\"description\" content=\"Eukalyptus\u00f6l hat eine therapeutische, antibakterielle Wirkung und ein frisches, reinigendes Aroma. Es enth\u00e4lt haupts\u00e4chlich 1,8-Cyneol (Eukalyptol).\" \/>\n<meta name=\"robots\" content=\"index, follow, max-snippet:-1, max-image-preview:large, max-video-preview:-1\" \/>\n<link rel=\"canonical\" href=\"https:\/\/naturalpoland.com\/de\/produkte\/produkte-fur-die-kosmetikindustrie\/atherische-ole\/ol-eukalyptus\/\" \/>\n<meta property=\"og:locale\" content=\"de_DE\" \/>\n<meta property=\"og:type\" content=\"article\" \/>\n<meta property=\"og:title\" content=\"Eukalyptus\u00f6l - NATURAL POLAND - IMPORT UND HANDEL VON ROHSTOFFEN\" \/>\n<meta property=\"og:description\" content=\"Eukalyptus\u00f6l hat eine therapeutische, antibakterielle Wirkung und ein frisches, reinigendes Aroma. Es enth\u00e4lt haupts\u00e4chlich 1,8-Cyneol (Eukalyptol).\" \/>\n<meta property=\"og:url\" content=\"https:\/\/naturalpoland.com\/de\/produkte\/produkte-fur-die-kosmetikindustrie\/atherische-ole\/ol-eukalyptus\/\" \/>\n<meta property=\"og:site_name\" content=\"NATURAL POLAND - IMPORT UND HANDEL VON ROHSTOFFEN\" \/>\n<meta property=\"article:publisher\" content=\"https:\/\/www.facebook.com\/naturalpoland.b2b\" \/>\n<meta property=\"article:modified_time\" content=\"2024-10-16T12:47:17+00:00\" \/>\n<meta property=\"og:image\" content=\"https:\/\/naturalpoland.com\/wp-content\/uploads\/olejek-eukaliptusowy.webp\" \/>\n\t<meta property=\"og:image:width\" content=\"610\" \/>\n\t<meta property=\"og:image:height\" content=\"610\" \/>\n\t<meta property=\"og:image:type\" content=\"image\/webp\" \/>\n<script type=\"application\/ld+json\" class=\"yoast-schema-graph\">{\"@context\":\"https:\\\/\\\/schema.org\",\"@graph\":[{\"@type\":\"WebPage\",\"@id\":\"https:\\\/\\\/naturalpoland.com\\\/de\\\/produkte\\\/produkte-fur-die-kosmetikindustrie\\\/atherische-ole\\\/ol-eukalyptus\\\/\",\"url\":\"https:\\\/\\\/naturalpoland.com\\\/de\\\/produkte\\\/produkte-fur-die-kosmetikindustrie\\\/atherische-ole\\\/ol-eukalyptus\\\/\",\"name\":\"Eukalyptus\u00f6l - NATURAL POLAND - IMPORT UND HANDEL VON ROHSTOFFEN\",\"isPartOf\":{\"@id\":\"https:\\\/\\\/naturalpoland.com\\\/de\\\/#website\"},\"primaryImageOfPage\":{\"@id\":\"https:\\\/\\\/naturalpoland.com\\\/de\\\/produkte\\\/produkte-fur-die-kosmetikindustrie\\\/atherische-ole\\\/ol-eukalyptus\\\/#primaryimage\"},\"image\":{\"@id\":\"https:\\\/\\\/naturalpoland.com\\\/de\\\/produkte\\\/produkte-fur-die-kosmetikindustrie\\\/atherische-ole\\\/ol-eukalyptus\\\/#primaryimage\"},\"thumbnailUrl\":\"https:\\\/\\\/naturalpoland.com\\\/wp-content\\\/uploads\\\/olejek-eukaliptusowy.webp\",\"datePublished\":\"2024-10-14T13:04:57+00:00\",\"dateModified\":\"2024-10-16T12:47:17+00:00\",\"description\":\"Eukalyptus\u00f6l hat eine therapeutische, antibakterielle Wirkung und ein frisches, reinigendes Aroma. Es enth\u00e4lt haupts\u00e4chlich 1,8-Cyneol (Eukalyptol).\",\"breadcrumb\":{\"@id\":\"https:\\\/\\\/naturalpoland.com\\\/de\\\/produkte\\\/produkte-fur-die-kosmetikindustrie\\\/atherische-ole\\\/ol-eukalyptus\\\/#breadcrumb\"},\"inLanguage\":\"de\",\"potentialAction\":[{\"@type\":\"ReadAction\",\"target\":[\"https:\\\/\\\/naturalpoland.com\\\/de\\\/produkte\\\/produkte-fur-die-kosmetikindustrie\\\/atherische-ole\\\/ol-eukalyptus\\\/\"]}]},{\"@type\":\"ImageObject\",\"inLanguage\":\"de\",\"@id\":\"https:\\\/\\\/naturalpoland.com\\\/de\\\/produkte\\\/produkte-fur-die-kosmetikindustrie\\\/atherische-ole\\\/ol-eukalyptus\\\/#primaryimage\",\"url\":\"https:\\\/\\\/naturalpoland.com\\\/wp-content\\\/uploads\\\/olejek-eukaliptusowy.webp\",\"contentUrl\":\"https:\\\/\\\/naturalpoland.com\\\/wp-content\\\/uploads\\\/olejek-eukaliptusowy.webp\",\"width\":610,\"height\":610,\"caption\":\"Olejek eteryczny z eukaliptusa (Eucalyptus globulus)\"},{\"@type\":\"BreadcrumbList\",\"@id\":\"https:\\\/\\\/naturalpoland.com\\\/de\\\/produkte\\\/produkte-fur-die-kosmetikindustrie\\\/atherische-ole\\\/ol-eukalyptus\\\/#breadcrumb\",\"itemListElement\":[{\"@type\":\"ListItem\",\"position\":1,\"name\":\"Startseite\",\"item\":\"https:\\\/\\\/naturalpoland.com\\\/de\\\/\"},{\"@type\":\"ListItem\",\"position\":2,\"name\":\"Produkte\",\"item\":\"https:\\\/\\\/naturalpoland.com\\\/de\\\/produkte\\\/\"},{\"@type\":\"ListItem\",\"position\":3,\"name\":\"Eukalyptus\u00f6l\"}]},{\"@type\":\"WebSite\",\"@id\":\"https:\\\/\\\/naturalpoland.com\\\/de\\\/#website\",\"url\":\"https:\\\/\\\/naturalpoland.com\\\/de\\\/\",\"name\":\"NATURAL POLAND - IMPORT UND HANDEL VON ROHSTOFFEN\",\"description\":\"Rohstoffe f\u00fcr die Lebensmittelindustrie, Kosmetikindustrie, Pharmaindustrie\",\"publisher\":{\"@id\":\"https:\\\/\\\/naturalpoland.com\\\/de\\\/#organization\"},\"potentialAction\":[{\"@type\":\"SearchAction\",\"target\":{\"@type\":\"EntryPoint\",\"urlTemplate\":\"https:\\\/\\\/naturalpoland.com\\\/de\\\/?s={search_term_string}\"},\"query-input\":{\"@type\":\"PropertyValueSpecification\",\"valueRequired\":true,\"valueName\":\"search_term_string\"}}],\"inLanguage\":\"de\"},{\"@type\":\"Organization\",\"@id\":\"https:\\\/\\\/naturalpoland.com\\\/de\\\/#organization\",\"name\":\"Natural Poland\",\"url\":\"https:\\\/\\\/naturalpoland.com\\\/de\\\/\",\"logo\":{\"@type\":\"ImageObject\",\"inLanguage\":\"de\",\"@id\":\"https:\\\/\\\/naturalpoland.com\\\/de\\\/#\\\/schema\\\/logo\\\/image\\\/\",\"url\":\"https:\\\/\\\/naturalpoland.com\\\/wp-content\\\/uploads\\\/2021\\\/05\\\/natural-poland-icon.png\",\"contentUrl\":\"https:\\\/\\\/naturalpoland.com\\\/wp-content\\\/uploads\\\/2021\\\/05\\\/natural-poland-icon.png\",\"width\":512,\"height\":512,\"caption\":\"Natural Poland\"},\"image\":{\"@id\":\"https:\\\/\\\/naturalpoland.com\\\/de\\\/#\\\/schema\\\/logo\\\/image\\\/\"},\"sameAs\":[\"https:\\\/\\\/www.facebook.com\\\/naturalpoland.b2b\",\"https:\\\/\\\/pl.linkedin.com\\\/company\\\/natural-poland\",\"https:\\\/\\\/www.youtube.com\\\/channel\\\/UCgeGGkvOMahZo-xu_MSEWxg\"]}]}<\/script>\n<!-- \/ Yoast SEO plugin. -->","yoast_head_json":{"title":"Eukalyptus\u00f6l - NATURAL POLAND - IMPORT UND HANDEL VON ROHSTOFFEN","description":"Eukalyptus\u00f6l hat eine therapeutische, antibakterielle Wirkung und ein frisches, reinigendes Aroma. Es enth\u00e4lt haupts\u00e4chlich 1,8-Cyneol (Eukalyptol).","robots":{"index":"index","follow":"follow","max-snippet":"max-snippet:-1","max-image-preview":"max-image-preview:large","max-video-preview":"max-video-preview:-1"},"canonical":"https:\/\/naturalpoland.com\/de\/produkte\/produkte-fur-die-kosmetikindustrie\/atherische-ole\/ol-eukalyptus\/","og_locale":"de_DE","og_type":"article","og_title":"Eukalyptus\u00f6l - NATURAL POLAND - IMPORT UND HANDEL VON ROHSTOFFEN","og_description":"Eukalyptus\u00f6l hat eine therapeutische, antibakterielle Wirkung und ein frisches, reinigendes Aroma. Es enth\u00e4lt haupts\u00e4chlich 1,8-Cyneol (Eukalyptol).","og_url":"https:\/\/naturalpoland.com\/de\/produkte\/produkte-fur-die-kosmetikindustrie\/atherische-ole\/ol-eukalyptus\/","og_site_name":"NATURAL POLAND - IMPORT UND HANDEL VON ROHSTOFFEN","article_publisher":"https:\/\/www.facebook.com\/naturalpoland.b2b","article_modified_time":"2024-10-16T12:47:17+00:00","og_image":[{"width":610,"height":610,"url":"https:\/\/naturalpoland.com\/wp-content\/uploads\/olejek-eukaliptusowy.webp","type":"image\/webp"}],"schema":{"@context":"https:\/\/schema.org","@graph":[{"@type":"WebPage","@id":"https:\/\/naturalpoland.com\/de\/produkte\/produkte-fur-die-kosmetikindustrie\/atherische-ole\/ol-eukalyptus\/","url":"https:\/\/naturalpoland.com\/de\/produkte\/produkte-fur-die-kosmetikindustrie\/atherische-ole\/ol-eukalyptus\/","name":"Eukalyptus\u00f6l - NATURAL POLAND - IMPORT UND HANDEL VON ROHSTOFFEN","isPartOf":{"@id":"https:\/\/naturalpoland.com\/de\/#website"},"primaryImageOfPage":{"@id":"https:\/\/naturalpoland.com\/de\/produkte\/produkte-fur-die-kosmetikindustrie\/atherische-ole\/ol-eukalyptus\/#primaryimage"},"image":{"@id":"https:\/\/naturalpoland.com\/de\/produkte\/produkte-fur-die-kosmetikindustrie\/atherische-ole\/ol-eukalyptus\/#primaryimage"},"thumbnailUrl":"https:\/\/naturalpoland.com\/wp-content\/uploads\/olejek-eukaliptusowy.webp","datePublished":"2024-10-14T13:04:57+00:00","dateModified":"2024-10-16T12:47:17+00:00","description":"Eukalyptus\u00f6l hat eine therapeutische, antibakterielle Wirkung und ein frisches, reinigendes Aroma. Es enth\u00e4lt haupts\u00e4chlich 1,8-Cyneol (Eukalyptol).","breadcrumb":{"@id":"https:\/\/naturalpoland.com\/de\/produkte\/produkte-fur-die-kosmetikindustrie\/atherische-ole\/ol-eukalyptus\/#breadcrumb"},"inLanguage":"de","potentialAction":[{"@type":"ReadAction","target":["https:\/\/naturalpoland.com\/de\/produkte\/produkte-fur-die-kosmetikindustrie\/atherische-ole\/ol-eukalyptus\/"]}]},{"@type":"ImageObject","inLanguage":"de","@id":"https:\/\/naturalpoland.com\/de\/produkte\/produkte-fur-die-kosmetikindustrie\/atherische-ole\/ol-eukalyptus\/#primaryimage","url":"https:\/\/naturalpoland.com\/wp-content\/uploads\/olejek-eukaliptusowy.webp","contentUrl":"https:\/\/naturalpoland.com\/wp-content\/uploads\/olejek-eukaliptusowy.webp","width":610,"height":610,"caption":"Olejek eteryczny z eukaliptusa (Eucalyptus globulus)"},{"@type":"BreadcrumbList","@id":"https:\/\/naturalpoland.com\/de\/produkte\/produkte-fur-die-kosmetikindustrie\/atherische-ole\/ol-eukalyptus\/#breadcrumb","itemListElement":[{"@type":"ListItem","position":1,"name":"Startseite","item":"https:\/\/naturalpoland.com\/de\/"},{"@type":"ListItem","position":2,"name":"Produkte","item":"https:\/\/naturalpoland.com\/de\/produkte\/"},{"@type":"ListItem","position":3,"name":"Eukalyptus\u00f6l"}]},{"@type":"WebSite","@id":"https:\/\/naturalpoland.com\/de\/#website","url":"https:\/\/naturalpoland.com\/de\/","name":"NATURAL POLAND - IMPORT UND HANDEL VON ROHSTOFFEN","description":"Rohstoffe f\u00fcr die Lebensmittelindustrie, Kosmetikindustrie, Pharmaindustrie","publisher":{"@id":"https:\/\/naturalpoland.com\/de\/#organization"},"potentialAction":[{"@type":"SearchAction","target":{"@type":"EntryPoint","urlTemplate":"https:\/\/naturalpoland.com\/de\/?s={search_term_string}"},"query-input":{"@type":"PropertyValueSpecification","valueRequired":true,"valueName":"search_term_string"}}],"inLanguage":"de"},{"@type":"Organization","@id":"https:\/\/naturalpoland.com\/de\/#organization","name":"Natural Poland","url":"https:\/\/naturalpoland.com\/de\/","logo":{"@type":"ImageObject","inLanguage":"de","@id":"https:\/\/naturalpoland.com\/de\/#\/schema\/logo\/image\/","url":"https:\/\/naturalpoland.com\/wp-content\/uploads\/2021\/05\/natural-poland-icon.png","contentUrl":"https:\/\/naturalpoland.com\/wp-content\/uploads\/2021\/05\/natural-poland-icon.png","width":512,"height":512,"caption":"Natural Poland"},"image":{"@id":"https:\/\/naturalpoland.com\/de\/#\/schema\/logo\/image\/"},"sameAs":["https:\/\/www.facebook.com\/naturalpoland.b2b","https:\/\/pl.linkedin.com\/company\/natural-poland","https:\/\/www.youtube.com\/channel\/UCgeGGkvOMahZo-xu_MSEWxg"]}]}},"_links":{"self":[{"href":"https:\/\/naturalpoland.com\/de\/wp-json\/wp\/v2\/product\/36699","targetHints":{"allow":["GET"]}}],"collection":[{"href":"https:\/\/naturalpoland.com\/de\/wp-json\/wp\/v2\/product"}],"about":[{"href":"https:\/\/naturalpoland.com\/de\/wp-json\/wp\/v2\/types\/product"}],"wp:featuredmedia":[{"embeddable":true,"href":"https:\/\/naturalpoland.com\/de\/wp-json\/wp\/v2\/media\/36536"}],"wp:attachment":[{"href":"https:\/\/naturalpoland.com\/de\/wp-json\/wp\/v2\/media?parent=36699"}],"wp:term":[{"taxonomy":"product_brand","embeddable":true,"href":"https:\/\/naturalpoland.com\/de\/wp-json\/wp\/v2\/product_brand?post=36699"},{"taxonomy":"product_cat","embeddable":true,"href":"https:\/\/naturalpoland.com\/de\/wp-json\/wp\/v2\/product_cat?post=36699"},{"taxonomy":"product_tag","embeddable":true,"href":"https:\/\/naturalpoland.com\/de\/wp-json\/wp\/v2\/product_tag?post=36699"}],"curies":[{"name":"wp","href":"https:\/\/api.w.org\/{rel}","templated":true}]}}