{"id":36742,"date":"2024-10-15T12:54:34","date_gmt":"2024-10-16T12:51:21","guid":{"rendered":"https:\/\/naturalpoland.com\/produkty\/unkategorisiert\/ol-mit-anyz\/"},"modified":"2024-10-16T14:51:21","modified_gmt":"2024-10-16T12:51:21","slug":"ol-mit-anyz","status":"publish","type":"product","link":"https:\/\/naturalpoland.com\/de\/produkte\/produkte-fur-die-kosmetikindustrie\/atherische-ole\/ol-mit-anyz\/","title":{"rendered":"Anis\u00f6l"},"content":{"rendered":"<h2>Eigenschaften und Anwendungen<\/h2>\n<p>Sternanis\u00f6l hat eine krampfl\u00f6sende und schleiml\u00f6sende Wirkung auf die Atemwege, weshalb es bei Atemwegsinfektionen und Asthma gut wirkt. Au\u00dferdem hat das Aroma dieses \u00d6ls eine beruhigende und entspannende Wirkung. Der Duft hilft, Stress, nerv\u00f6se Anspannung und Symptome im Zusammenhang mit PMS und Wechseljahren, wie Hitzewallungen und Schwei\u00dfausbr\u00fcche, zu lindern. Es ist eine Zutat in entspannenden Badekosmetika und Massage\u00f6len. Dank seines Trans-Anethol-Gehalts hat Anis\u00f6l eine antibakterielle und antimykotische Wirkung. Es hilft bei der Bek\u00e4mpfung von bakteriellen und Pilzinfektionen, erfrischt die Luft und unterst\u00fctzt den Zustand der Haut. <\/p>\n","protected":false},"excerpt":{"rendered":"<p>Das <strong>\u00e4therische \u00d6l von Sternanis<\/strong> wird aus den Samen von <em>Illicium verum<\/em> dampfdestilliert. Es hat ein s\u00fc\u00dfes, w\u00fcrziges Aroma, das an Lakritze erinnert. Es wird in der Aromatherapie und in der Kosmetik verwendet.  <\/p>\n","protected":false},"featured_media":36591,"template":"","meta":[],"product_brand":[],"product_cat":[6266],"product_tag":[],"class_list":{"0":"post-36742","1":"product","2":"type-product","3":"status-publish","4":"has-post-thumbnail","6":"product_cat-atherische-ole","8":"first","9":"instock","10":"shipping-taxable","11":"product-type-simple"},"yoast_head":"<!-- This site is optimized with the Yoast SEO plugin v27.4 - https:\/\/yoast.com\/product\/yoast-seo-wordpress\/ -->\n<title>Anis\u00f6l - NATURAL POLAND - IMPORT UND HANDEL VON ROHSTOFFEN<\/title>\n<meta name=\"description\" content=\"Das \u00e4therische \u00d6l von Sternanis wird aus den Samen von Illicium verum dampfdestilliert. Es hat ein s\u00fc\u00dfes, w\u00fcrziges Aroma, das an Lakritze erinnert.\" \/>\n<meta name=\"robots\" content=\"index, follow, max-snippet:-1, max-image-preview:large, max-video-preview:-1\" \/>\n<link rel=\"canonical\" href=\"https:\/\/naturalpoland.com\/de\/produkte\/produkte-fur-die-kosmetikindustrie\/atherische-ole\/ol-mit-anyz\/\" \/>\n<meta property=\"og:locale\" content=\"de_DE\" \/>\n<meta property=\"og:type\" content=\"article\" \/>\n<meta property=\"og:title\" content=\"Anis\u00f6l - NATURAL POLAND - IMPORT UND HANDEL VON ROHSTOFFEN\" \/>\n<meta property=\"og:description\" content=\"Das \u00e4therische \u00d6l von Sternanis wird aus den Samen von Illicium verum dampfdestilliert. Es hat ein s\u00fc\u00dfes, w\u00fcrziges Aroma, das an Lakritze erinnert.\" \/>\n<meta property=\"og:url\" content=\"https:\/\/naturalpoland.com\/de\/produkte\/produkte-fur-die-kosmetikindustrie\/atherische-ole\/ol-mit-anyz\/\" \/>\n<meta property=\"og:site_name\" content=\"NATURAL POLAND - IMPORT UND HANDEL VON ROHSTOFFEN\" \/>\n<meta property=\"article:publisher\" content=\"https:\/\/www.facebook.com\/naturalpoland.b2b\" \/>\n<meta property=\"og:image\" content=\"https:\/\/naturalpoland.com\/wp-content\/uploads\/olejek-z-anyzu.webp\" \/>\n\t<meta property=\"og:image:width\" content=\"610\" \/>\n\t<meta property=\"og:image:height\" content=\"610\" \/>\n\t<meta property=\"og:image:type\" content=\"image\/webp\" \/>\n<script type=\"application\/ld+json\" class=\"yoast-schema-graph\">{\"@context\":\"https:\\\/\\\/schema.org\",\"@graph\":[{\"@type\":\"WebPage\",\"@id\":\"https:\\\/\\\/naturalpoland.com\\\/de\\\/produkte\\\/produkte-fur-die-kosmetikindustrie\\\/atherische-ole\\\/ol-mit-anyz\\\/\",\"url\":\"https:\\\/\\\/naturalpoland.com\\\/de\\\/produkte\\\/produkte-fur-die-kosmetikindustrie\\\/atherische-ole\\\/ol-mit-anyz\\\/\",\"name\":\"Anis\u00f6l - NATURAL POLAND - IMPORT UND HANDEL VON ROHSTOFFEN\",\"isPartOf\":{\"@id\":\"https:\\\/\\\/naturalpoland.com\\\/de\\\/#website\"},\"primaryImageOfPage\":{\"@id\":\"https:\\\/\\\/naturalpoland.com\\\/de\\\/produkte\\\/produkte-fur-die-kosmetikindustrie\\\/atherische-ole\\\/ol-mit-anyz\\\/#primaryimage\"},\"image\":{\"@id\":\"https:\\\/\\\/naturalpoland.com\\\/de\\\/produkte\\\/produkte-fur-die-kosmetikindustrie\\\/atherische-ole\\\/ol-mit-anyz\\\/#primaryimage\"},\"thumbnailUrl\":\"https:\\\/\\\/naturalpoland.com\\\/wp-content\\\/uploads\\\/olejek-z-anyzu.webp\",\"datePublished\":\"2024-10-16T12:51:21+00:00\",\"description\":\"Das \u00e4therische \u00d6l von Sternanis wird aus den Samen von Illicium verum dampfdestilliert. Es hat ein s\u00fc\u00dfes, w\u00fcrziges Aroma, das an Lakritze erinnert.\",\"breadcrumb\":{\"@id\":\"https:\\\/\\\/naturalpoland.com\\\/de\\\/produkte\\\/produkte-fur-die-kosmetikindustrie\\\/atherische-ole\\\/ol-mit-anyz\\\/#breadcrumb\"},\"inLanguage\":\"de\",\"potentialAction\":[{\"@type\":\"ReadAction\",\"target\":[\"https:\\\/\\\/naturalpoland.com\\\/de\\\/produkte\\\/produkte-fur-die-kosmetikindustrie\\\/atherische-ole\\\/ol-mit-anyz\\\/\"]}]},{\"@type\":\"ImageObject\",\"inLanguage\":\"de\",\"@id\":\"https:\\\/\\\/naturalpoland.com\\\/de\\\/produkte\\\/produkte-fur-die-kosmetikindustrie\\\/atherische-ole\\\/ol-mit-anyz\\\/#primaryimage\",\"url\":\"https:\\\/\\\/naturalpoland.com\\\/wp-content\\\/uploads\\\/olejek-z-anyzu.webp\",\"contentUrl\":\"https:\\\/\\\/naturalpoland.com\\\/wp-content\\\/uploads\\\/olejek-z-anyzu.webp\",\"width\":610,\"height\":610,\"caption\":\"Olejek eteryczny z any\u017cu gwiazdkowego\u00a0jest destylowany par\u0105 wodn\u0105 z nasion Illicium verum. Ma s\u0142odki, korzenny zapach, przypominaj\u0105cym lukrecj\u0119.\"},{\"@type\":\"BreadcrumbList\",\"@id\":\"https:\\\/\\\/naturalpoland.com\\\/de\\\/produkte\\\/produkte-fur-die-kosmetikindustrie\\\/atherische-ole\\\/ol-mit-anyz\\\/#breadcrumb\",\"itemListElement\":[{\"@type\":\"ListItem\",\"position\":1,\"name\":\"Startseite\",\"item\":\"https:\\\/\\\/naturalpoland.com\\\/de\\\/\"},{\"@type\":\"ListItem\",\"position\":2,\"name\":\"Produkte\",\"item\":\"https:\\\/\\\/naturalpoland.com\\\/de\\\/produkte\\\/\"},{\"@type\":\"ListItem\",\"position\":3,\"name\":\"Anis\u00f6l\"}]},{\"@type\":\"WebSite\",\"@id\":\"https:\\\/\\\/naturalpoland.com\\\/de\\\/#website\",\"url\":\"https:\\\/\\\/naturalpoland.com\\\/de\\\/\",\"name\":\"NATURAL POLAND - IMPORT UND HANDEL VON ROHSTOFFEN\",\"description\":\"Rohstoffe f\u00fcr die Lebensmittelindustrie, Kosmetikindustrie, Pharmaindustrie\",\"publisher\":{\"@id\":\"https:\\\/\\\/naturalpoland.com\\\/de\\\/#organization\"},\"potentialAction\":[{\"@type\":\"SearchAction\",\"target\":{\"@type\":\"EntryPoint\",\"urlTemplate\":\"https:\\\/\\\/naturalpoland.com\\\/de\\\/?s={search_term_string}\"},\"query-input\":{\"@type\":\"PropertyValueSpecification\",\"valueRequired\":true,\"valueName\":\"search_term_string\"}}],\"inLanguage\":\"de\"},{\"@type\":\"Organization\",\"@id\":\"https:\\\/\\\/naturalpoland.com\\\/de\\\/#organization\",\"name\":\"Natural Poland\",\"url\":\"https:\\\/\\\/naturalpoland.com\\\/de\\\/\",\"logo\":{\"@type\":\"ImageObject\",\"inLanguage\":\"de\",\"@id\":\"https:\\\/\\\/naturalpoland.com\\\/de\\\/#\\\/schema\\\/logo\\\/image\\\/\",\"url\":\"https:\\\/\\\/naturalpoland.com\\\/wp-content\\\/uploads\\\/2021\\\/05\\\/natural-poland-icon.png\",\"contentUrl\":\"https:\\\/\\\/naturalpoland.com\\\/wp-content\\\/uploads\\\/2021\\\/05\\\/natural-poland-icon.png\",\"width\":512,\"height\":512,\"caption\":\"Natural Poland\"},\"image\":{\"@id\":\"https:\\\/\\\/naturalpoland.com\\\/de\\\/#\\\/schema\\\/logo\\\/image\\\/\"},\"sameAs\":[\"https:\\\/\\\/www.facebook.com\\\/naturalpoland.b2b\",\"https:\\\/\\\/pl.linkedin.com\\\/company\\\/natural-poland\",\"https:\\\/\\\/www.youtube.com\\\/channel\\\/UCgeGGkvOMahZo-xu_MSEWxg\"]}]}<\/script>\n<!-- \/ Yoast SEO plugin. -->","yoast_head_json":{"title":"Anis\u00f6l - NATURAL POLAND - IMPORT UND HANDEL VON ROHSTOFFEN","description":"Das \u00e4therische \u00d6l von Sternanis wird aus den Samen von Illicium verum dampfdestilliert. Es hat ein s\u00fc\u00dfes, w\u00fcrziges Aroma, das an Lakritze erinnert.","robots":{"index":"index","follow":"follow","max-snippet":"max-snippet:-1","max-image-preview":"max-image-preview:large","max-video-preview":"max-video-preview:-1"},"canonical":"https:\/\/naturalpoland.com\/de\/produkte\/produkte-fur-die-kosmetikindustrie\/atherische-ole\/ol-mit-anyz\/","og_locale":"de_DE","og_type":"article","og_title":"Anis\u00f6l - NATURAL POLAND - IMPORT UND HANDEL VON ROHSTOFFEN","og_description":"Das \u00e4therische \u00d6l von Sternanis wird aus den Samen von Illicium verum dampfdestilliert. Es hat ein s\u00fc\u00dfes, w\u00fcrziges Aroma, das an Lakritze erinnert.","og_url":"https:\/\/naturalpoland.com\/de\/produkte\/produkte-fur-die-kosmetikindustrie\/atherische-ole\/ol-mit-anyz\/","og_site_name":"NATURAL POLAND - IMPORT UND HANDEL VON ROHSTOFFEN","article_publisher":"https:\/\/www.facebook.com\/naturalpoland.b2b","og_image":[{"width":610,"height":610,"url":"https:\/\/naturalpoland.com\/wp-content\/uploads\/olejek-z-anyzu.webp","type":"image\/webp"}],"schema":{"@context":"https:\/\/schema.org","@graph":[{"@type":"WebPage","@id":"https:\/\/naturalpoland.com\/de\/produkte\/produkte-fur-die-kosmetikindustrie\/atherische-ole\/ol-mit-anyz\/","url":"https:\/\/naturalpoland.com\/de\/produkte\/produkte-fur-die-kosmetikindustrie\/atherische-ole\/ol-mit-anyz\/","name":"Anis\u00f6l - NATURAL POLAND - IMPORT UND HANDEL VON ROHSTOFFEN","isPartOf":{"@id":"https:\/\/naturalpoland.com\/de\/#website"},"primaryImageOfPage":{"@id":"https:\/\/naturalpoland.com\/de\/produkte\/produkte-fur-die-kosmetikindustrie\/atherische-ole\/ol-mit-anyz\/#primaryimage"},"image":{"@id":"https:\/\/naturalpoland.com\/de\/produkte\/produkte-fur-die-kosmetikindustrie\/atherische-ole\/ol-mit-anyz\/#primaryimage"},"thumbnailUrl":"https:\/\/naturalpoland.com\/wp-content\/uploads\/olejek-z-anyzu.webp","datePublished":"2024-10-16T12:51:21+00:00","description":"Das \u00e4therische \u00d6l von Sternanis wird aus den Samen von Illicium verum dampfdestilliert. Es hat ein s\u00fc\u00dfes, w\u00fcrziges Aroma, das an Lakritze erinnert.","breadcrumb":{"@id":"https:\/\/naturalpoland.com\/de\/produkte\/produkte-fur-die-kosmetikindustrie\/atherische-ole\/ol-mit-anyz\/#breadcrumb"},"inLanguage":"de","potentialAction":[{"@type":"ReadAction","target":["https:\/\/naturalpoland.com\/de\/produkte\/produkte-fur-die-kosmetikindustrie\/atherische-ole\/ol-mit-anyz\/"]}]},{"@type":"ImageObject","inLanguage":"de","@id":"https:\/\/naturalpoland.com\/de\/produkte\/produkte-fur-die-kosmetikindustrie\/atherische-ole\/ol-mit-anyz\/#primaryimage","url":"https:\/\/naturalpoland.com\/wp-content\/uploads\/olejek-z-anyzu.webp","contentUrl":"https:\/\/naturalpoland.com\/wp-content\/uploads\/olejek-z-anyzu.webp","width":610,"height":610,"caption":"Olejek eteryczny z any\u017cu gwiazdkowego\u00a0jest destylowany par\u0105 wodn\u0105 z nasion Illicium verum. Ma s\u0142odki, korzenny zapach, przypominaj\u0105cym lukrecj\u0119."},{"@type":"BreadcrumbList","@id":"https:\/\/naturalpoland.com\/de\/produkte\/produkte-fur-die-kosmetikindustrie\/atherische-ole\/ol-mit-anyz\/#breadcrumb","itemListElement":[{"@type":"ListItem","position":1,"name":"Startseite","item":"https:\/\/naturalpoland.com\/de\/"},{"@type":"ListItem","position":2,"name":"Produkte","item":"https:\/\/naturalpoland.com\/de\/produkte\/"},{"@type":"ListItem","position":3,"name":"Anis\u00f6l"}]},{"@type":"WebSite","@id":"https:\/\/naturalpoland.com\/de\/#website","url":"https:\/\/naturalpoland.com\/de\/","name":"NATURAL POLAND - IMPORT UND HANDEL VON ROHSTOFFEN","description":"Rohstoffe f\u00fcr die Lebensmittelindustrie, Kosmetikindustrie, Pharmaindustrie","publisher":{"@id":"https:\/\/naturalpoland.com\/de\/#organization"},"potentialAction":[{"@type":"SearchAction","target":{"@type":"EntryPoint","urlTemplate":"https:\/\/naturalpoland.com\/de\/?s={search_term_string}"},"query-input":{"@type":"PropertyValueSpecification","valueRequired":true,"valueName":"search_term_string"}}],"inLanguage":"de"},{"@type":"Organization","@id":"https:\/\/naturalpoland.com\/de\/#organization","name":"Natural Poland","url":"https:\/\/naturalpoland.com\/de\/","logo":{"@type":"ImageObject","inLanguage":"de","@id":"https:\/\/naturalpoland.com\/de\/#\/schema\/logo\/image\/","url":"https:\/\/naturalpoland.com\/wp-content\/uploads\/2021\/05\/natural-poland-icon.png","contentUrl":"https:\/\/naturalpoland.com\/wp-content\/uploads\/2021\/05\/natural-poland-icon.png","width":512,"height":512,"caption":"Natural Poland"},"image":{"@id":"https:\/\/naturalpoland.com\/de\/#\/schema\/logo\/image\/"},"sameAs":["https:\/\/www.facebook.com\/naturalpoland.b2b","https:\/\/pl.linkedin.com\/company\/natural-poland","https:\/\/www.youtube.com\/channel\/UCgeGGkvOMahZo-xu_MSEWxg"]}]}},"_links":{"self":[{"href":"https:\/\/naturalpoland.com\/de\/wp-json\/wp\/v2\/product\/36742","targetHints":{"allow":["GET"]}}],"collection":[{"href":"https:\/\/naturalpoland.com\/de\/wp-json\/wp\/v2\/product"}],"about":[{"href":"https:\/\/naturalpoland.com\/de\/wp-json\/wp\/v2\/types\/product"}],"wp:featuredmedia":[{"embeddable":true,"href":"https:\/\/naturalpoland.com\/de\/wp-json\/wp\/v2\/media\/36591"}],"wp:attachment":[{"href":"https:\/\/naturalpoland.com\/de\/wp-json\/wp\/v2\/media?parent=36742"}],"wp:term":[{"taxonomy":"product_brand","embeddable":true,"href":"https:\/\/naturalpoland.com\/de\/wp-json\/wp\/v2\/product_brand?post=36742"},{"taxonomy":"product_cat","embeddable":true,"href":"https:\/\/naturalpoland.com\/de\/wp-json\/wp\/v2\/product_cat?post=36742"},{"taxonomy":"product_tag","embeddable":true,"href":"https:\/\/naturalpoland.com\/de\/wp-json\/wp\/v2\/product_tag?post=36742"}],"curies":[{"name":"wp","href":"https:\/\/api.w.org\/{rel}","templated":true}]}}