{"id":37029,"date":"2024-10-18T10:45:33","date_gmt":"2024-10-21T12:53:12","guid":{"rendered":"https:\/\/naturalpoland.com\/produkty\/unkategorisiert\/ol-neroli\/"},"modified":"2024-10-21T14:53:12","modified_gmt":"2024-10-21T12:53:12","slug":"ol-neroli","status":"publish","type":"product","link":"https:\/\/naturalpoland.com\/de\/produkte\/produkte-fur-die-kosmetikindustrie\/atherische-ole\/ol-neroli\/","title":{"rendered":"Neroli \u00d6l"},"content":{"rendered":"<h2>Eigenschaften von Bitterorangenbl\u00fcten\u00f6l<\/h2>\n<p>Neroli\u00f6l wird zur <strong>Entspannung und zum Stressabbau<\/strong> verwendet. Sein intensiver, s\u00fc\u00dfer Duft hilft, den Geist zu beruhigen, nerv\u00f6se Spannungen abzubauen und das emotionale Gleichgewicht wiederherzustellen. In Kombination mit einem Basis\u00f6l kann das \u00d6l f\u00fcr eine entspannende Massage verwendet werden, die die Muskeln entspannt und regeneriert und die Durchblutung verbessert. Das Einatmen des \u00d6ls kann die Produktion von Serotonin, dem Gl\u00fcckshormon, f\u00f6rdern und das Einschlafen erleichtern. Das Produkt ist auch f\u00fcr seine aphrodisierenden Eigenschaften bekannt. Es hilft bei der Linderung von Wechseljahrsbeschwerden und unterst\u00fctzt das hormonelle Gleichgewicht. <strong>In der Kosmetik<\/strong> wird Bitterorangenbl\u00fcten\u00f6l in der Gesichts- und K\u00f6rperkosmetik f\u00fcr trockene, empfindliche und reife Haut verwendet. Es hilft, Falten zu reduzieren und die Elastizit\u00e4t zu verbessern. Es hat au\u00dferdem eine entz\u00fcndungshemmende und antibakterielle Wirkung, unterst\u00fctzt die Bek\u00e4mpfung von Akne und lindert Reizungen. Neroli\u00f6l hat auch <strong>gesundheitsf\u00f6rdernde Wirkungen<\/strong>. Es unterst\u00fctzt die Funktion des Immunsystems und kann bei der Bek\u00e4mpfung von bakteriellen und viralen Infektionen hilfreich sein. Es hat auch eine beruhigende Wirkung auf das Verdauungssystem, da es stressbedingte Verdauungsbeschwerden lindert. Dank seiner schmerzlindernden Eigenschaften hilft er bei Spannungskopfschmerzen, Muskelschmerzen und pr\u00e4menstruellen Beschwerden. Neroli ist auch ein wertvoller Bestandteil exklusiver <strong>Parfums<\/strong> und verleiht den Kompositionen ein einzigartiges, blumiges und lang anhaltendes Aroma. Bitterorangenbl\u00fcten\u00f6l l\u00e4sst sich perfekt mit anderen \u00e4therischen \u00d6len wie Lavendel, Sandelholz, Jasmin, Patchouli oder Zitrusfr\u00fcchten kombinieren.  <\/p>\n","protected":false},"excerpt":{"rendered":"<p>Das <strong>\u00e4therische \u00d6l von Neroli<\/strong> wird aus den zarten Bl\u00fcten des Bitterorangenbaums<em>(Citrus aurantium<\/em>) gewonnen. Es zeichnet sich durch einen blumig-zitrischen Duft aus, der in der Aromatherapie, Kosmetik und Parf\u00fcmerie gesch\u00e4tzt wird. <\/p>\n<h3><\/h3>\n","protected":false},"featured_media":36829,"template":"","meta":[],"product_brand":[],"product_cat":[6266],"product_tag":[],"class_list":{"0":"post-37029","1":"product","2":"type-product","3":"status-publish","4":"has-post-thumbnail","6":"product_cat-atherische-ole","8":"first","9":"instock","10":"shipping-taxable","11":"product-type-simple"},"yoast_head":"<!-- This site is optimized with the Yoast SEO plugin v27.4 - https:\/\/yoast.com\/product\/yoast-seo-wordpress\/ -->\n<title>Neroli \u00d6l - NATURAL POLAND - IMPORT UND HANDEL VON ROHSTOFFEN<\/title>\n<meta name=\"description\" content=\"Das \u00e4therische Neroli\u00f6l, das aus den zarten Bl\u00fcten des Bitterorangenbaums gewonnen wird, ist ein Produkt mit einem einzigartigen blumig-zitrischen Duft\" \/>\n<meta name=\"robots\" content=\"index, follow, max-snippet:-1, max-image-preview:large, max-video-preview:-1\" \/>\n<link rel=\"canonical\" href=\"https:\/\/naturalpoland.com\/de\/produkte\/produkte-fur-die-kosmetikindustrie\/atherische-ole\/ol-neroli\/\" \/>\n<meta property=\"og:locale\" content=\"de_DE\" \/>\n<meta property=\"og:type\" content=\"article\" \/>\n<meta property=\"og:title\" content=\"Neroli \u00d6l - NATURAL POLAND - IMPORT UND HANDEL VON ROHSTOFFEN\" \/>\n<meta property=\"og:description\" content=\"Das \u00e4therische Neroli\u00f6l, das aus den zarten Bl\u00fcten des Bitterorangenbaums gewonnen wird, ist ein Produkt mit einem einzigartigen blumig-zitrischen Duft\" \/>\n<meta property=\"og:url\" content=\"https:\/\/naturalpoland.com\/de\/produkte\/produkte-fur-die-kosmetikindustrie\/atherische-ole\/ol-neroli\/\" \/>\n<meta property=\"og:site_name\" content=\"NATURAL POLAND - IMPORT UND HANDEL VON ROHSTOFFEN\" \/>\n<meta property=\"article:publisher\" content=\"https:\/\/www.facebook.com\/naturalpoland.b2b\" \/>\n<meta property=\"og:image\" content=\"https:\/\/naturalpoland.com\/wp-content\/uploads\/olejek-eteryczny-neroli.webp\" \/>\n\t<meta property=\"og:image:width\" content=\"619\" \/>\n\t<meta property=\"og:image:height\" content=\"619\" \/>\n\t<meta property=\"og:image:type\" content=\"image\/webp\" \/>\n<script type=\"application\/ld+json\" class=\"yoast-schema-graph\">{\"@context\":\"https:\\\/\\\/schema.org\",\"@graph\":[{\"@type\":\"WebPage\",\"@id\":\"https:\\\/\\\/naturalpoland.com\\\/de\\\/produkte\\\/produkte-fur-die-kosmetikindustrie\\\/atherische-ole\\\/ol-neroli\\\/\",\"url\":\"https:\\\/\\\/naturalpoland.com\\\/de\\\/produkte\\\/produkte-fur-die-kosmetikindustrie\\\/atherische-ole\\\/ol-neroli\\\/\",\"name\":\"Neroli \u00d6l - NATURAL POLAND - IMPORT UND HANDEL VON ROHSTOFFEN\",\"isPartOf\":{\"@id\":\"https:\\\/\\\/naturalpoland.com\\\/de\\\/#website\"},\"primaryImageOfPage\":{\"@id\":\"https:\\\/\\\/naturalpoland.com\\\/de\\\/produkte\\\/produkte-fur-die-kosmetikindustrie\\\/atherische-ole\\\/ol-neroli\\\/#primaryimage\"},\"image\":{\"@id\":\"https:\\\/\\\/naturalpoland.com\\\/de\\\/produkte\\\/produkte-fur-die-kosmetikindustrie\\\/atherische-ole\\\/ol-neroli\\\/#primaryimage\"},\"thumbnailUrl\":\"https:\\\/\\\/naturalpoland.com\\\/wp-content\\\/uploads\\\/olejek-eteryczny-neroli.webp\",\"datePublished\":\"2024-10-21T12:53:12+00:00\",\"description\":\"Das \u00e4therische Neroli\u00f6l, das aus den zarten Bl\u00fcten des Bitterorangenbaums gewonnen wird, ist ein Produkt mit einem einzigartigen blumig-zitrischen Duft\",\"breadcrumb\":{\"@id\":\"https:\\\/\\\/naturalpoland.com\\\/de\\\/produkte\\\/produkte-fur-die-kosmetikindustrie\\\/atherische-ole\\\/ol-neroli\\\/#breadcrumb\"},\"inLanguage\":\"de\",\"potentialAction\":[{\"@type\":\"ReadAction\",\"target\":[\"https:\\\/\\\/naturalpoland.com\\\/de\\\/produkte\\\/produkte-fur-die-kosmetikindustrie\\\/atherische-ole\\\/ol-neroli\\\/\"]}]},{\"@type\":\"ImageObject\",\"inLanguage\":\"de\",\"@id\":\"https:\\\/\\\/naturalpoland.com\\\/de\\\/produkte\\\/produkte-fur-die-kosmetikindustrie\\\/atherische-ole\\\/ol-neroli\\\/#primaryimage\",\"url\":\"https:\\\/\\\/naturalpoland.com\\\/wp-content\\\/uploads\\\/olejek-eteryczny-neroli.webp\",\"contentUrl\":\"https:\\\/\\\/naturalpoland.com\\\/wp-content\\\/uploads\\\/olejek-eteryczny-neroli.webp\",\"width\":619,\"height\":619,\"caption\":\"olejek Neroli, z kwiat\u00f3w gorzkiej pomara\u0144czy\"},{\"@type\":\"BreadcrumbList\",\"@id\":\"https:\\\/\\\/naturalpoland.com\\\/de\\\/produkte\\\/produkte-fur-die-kosmetikindustrie\\\/atherische-ole\\\/ol-neroli\\\/#breadcrumb\",\"itemListElement\":[{\"@type\":\"ListItem\",\"position\":1,\"name\":\"Startseite\",\"item\":\"https:\\\/\\\/naturalpoland.com\\\/de\\\/\"},{\"@type\":\"ListItem\",\"position\":2,\"name\":\"Produkte\",\"item\":\"https:\\\/\\\/naturalpoland.com\\\/de\\\/produkte\\\/\"},{\"@type\":\"ListItem\",\"position\":3,\"name\":\"Neroli \u00d6l\"}]},{\"@type\":\"WebSite\",\"@id\":\"https:\\\/\\\/naturalpoland.com\\\/de\\\/#website\",\"url\":\"https:\\\/\\\/naturalpoland.com\\\/de\\\/\",\"name\":\"NATURAL POLAND - IMPORT UND HANDEL VON ROHSTOFFEN\",\"description\":\"Rohstoffe f\u00fcr die Lebensmittelindustrie, Kosmetikindustrie, Pharmaindustrie\",\"publisher\":{\"@id\":\"https:\\\/\\\/naturalpoland.com\\\/de\\\/#organization\"},\"potentialAction\":[{\"@type\":\"SearchAction\",\"target\":{\"@type\":\"EntryPoint\",\"urlTemplate\":\"https:\\\/\\\/naturalpoland.com\\\/de\\\/?s={search_term_string}\"},\"query-input\":{\"@type\":\"PropertyValueSpecification\",\"valueRequired\":true,\"valueName\":\"search_term_string\"}}],\"inLanguage\":\"de\"},{\"@type\":\"Organization\",\"@id\":\"https:\\\/\\\/naturalpoland.com\\\/de\\\/#organization\",\"name\":\"Natural Poland\",\"url\":\"https:\\\/\\\/naturalpoland.com\\\/de\\\/\",\"logo\":{\"@type\":\"ImageObject\",\"inLanguage\":\"de\",\"@id\":\"https:\\\/\\\/naturalpoland.com\\\/de\\\/#\\\/schema\\\/logo\\\/image\\\/\",\"url\":\"https:\\\/\\\/naturalpoland.com\\\/wp-content\\\/uploads\\\/2021\\\/05\\\/natural-poland-icon.png\",\"contentUrl\":\"https:\\\/\\\/naturalpoland.com\\\/wp-content\\\/uploads\\\/2021\\\/05\\\/natural-poland-icon.png\",\"width\":512,\"height\":512,\"caption\":\"Natural Poland\"},\"image\":{\"@id\":\"https:\\\/\\\/naturalpoland.com\\\/de\\\/#\\\/schema\\\/logo\\\/image\\\/\"},\"sameAs\":[\"https:\\\/\\\/www.facebook.com\\\/naturalpoland.b2b\",\"https:\\\/\\\/pl.linkedin.com\\\/company\\\/natural-poland\",\"https:\\\/\\\/www.youtube.com\\\/channel\\\/UCgeGGkvOMahZo-xu_MSEWxg\"]}]}<\/script>\n<!-- \/ Yoast SEO plugin. -->","yoast_head_json":{"title":"Neroli \u00d6l - NATURAL POLAND - IMPORT UND HANDEL VON ROHSTOFFEN","description":"Das \u00e4therische Neroli\u00f6l, das aus den zarten Bl\u00fcten des Bitterorangenbaums gewonnen wird, ist ein Produkt mit einem einzigartigen blumig-zitrischen Duft","robots":{"index":"index","follow":"follow","max-snippet":"max-snippet:-1","max-image-preview":"max-image-preview:large","max-video-preview":"max-video-preview:-1"},"canonical":"https:\/\/naturalpoland.com\/de\/produkte\/produkte-fur-die-kosmetikindustrie\/atherische-ole\/ol-neroli\/","og_locale":"de_DE","og_type":"article","og_title":"Neroli \u00d6l - NATURAL POLAND - IMPORT UND HANDEL VON ROHSTOFFEN","og_description":"Das \u00e4therische Neroli\u00f6l, das aus den zarten Bl\u00fcten des Bitterorangenbaums gewonnen wird, ist ein Produkt mit einem einzigartigen blumig-zitrischen Duft","og_url":"https:\/\/naturalpoland.com\/de\/produkte\/produkte-fur-die-kosmetikindustrie\/atherische-ole\/ol-neroli\/","og_site_name":"NATURAL POLAND - IMPORT UND HANDEL VON ROHSTOFFEN","article_publisher":"https:\/\/www.facebook.com\/naturalpoland.b2b","og_image":[{"width":619,"height":619,"url":"https:\/\/naturalpoland.com\/wp-content\/uploads\/olejek-eteryczny-neroli.webp","type":"image\/webp"}],"schema":{"@context":"https:\/\/schema.org","@graph":[{"@type":"WebPage","@id":"https:\/\/naturalpoland.com\/de\/produkte\/produkte-fur-die-kosmetikindustrie\/atherische-ole\/ol-neroli\/","url":"https:\/\/naturalpoland.com\/de\/produkte\/produkte-fur-die-kosmetikindustrie\/atherische-ole\/ol-neroli\/","name":"Neroli \u00d6l - NATURAL POLAND - IMPORT UND HANDEL VON ROHSTOFFEN","isPartOf":{"@id":"https:\/\/naturalpoland.com\/de\/#website"},"primaryImageOfPage":{"@id":"https:\/\/naturalpoland.com\/de\/produkte\/produkte-fur-die-kosmetikindustrie\/atherische-ole\/ol-neroli\/#primaryimage"},"image":{"@id":"https:\/\/naturalpoland.com\/de\/produkte\/produkte-fur-die-kosmetikindustrie\/atherische-ole\/ol-neroli\/#primaryimage"},"thumbnailUrl":"https:\/\/naturalpoland.com\/wp-content\/uploads\/olejek-eteryczny-neroli.webp","datePublished":"2024-10-21T12:53:12+00:00","description":"Das \u00e4therische Neroli\u00f6l, das aus den zarten Bl\u00fcten des Bitterorangenbaums gewonnen wird, ist ein Produkt mit einem einzigartigen blumig-zitrischen Duft","breadcrumb":{"@id":"https:\/\/naturalpoland.com\/de\/produkte\/produkte-fur-die-kosmetikindustrie\/atherische-ole\/ol-neroli\/#breadcrumb"},"inLanguage":"de","potentialAction":[{"@type":"ReadAction","target":["https:\/\/naturalpoland.com\/de\/produkte\/produkte-fur-die-kosmetikindustrie\/atherische-ole\/ol-neroli\/"]}]},{"@type":"ImageObject","inLanguage":"de","@id":"https:\/\/naturalpoland.com\/de\/produkte\/produkte-fur-die-kosmetikindustrie\/atherische-ole\/ol-neroli\/#primaryimage","url":"https:\/\/naturalpoland.com\/wp-content\/uploads\/olejek-eteryczny-neroli.webp","contentUrl":"https:\/\/naturalpoland.com\/wp-content\/uploads\/olejek-eteryczny-neroli.webp","width":619,"height":619,"caption":"olejek Neroli, z kwiat\u00f3w gorzkiej pomara\u0144czy"},{"@type":"BreadcrumbList","@id":"https:\/\/naturalpoland.com\/de\/produkte\/produkte-fur-die-kosmetikindustrie\/atherische-ole\/ol-neroli\/#breadcrumb","itemListElement":[{"@type":"ListItem","position":1,"name":"Startseite","item":"https:\/\/naturalpoland.com\/de\/"},{"@type":"ListItem","position":2,"name":"Produkte","item":"https:\/\/naturalpoland.com\/de\/produkte\/"},{"@type":"ListItem","position":3,"name":"Neroli \u00d6l"}]},{"@type":"WebSite","@id":"https:\/\/naturalpoland.com\/de\/#website","url":"https:\/\/naturalpoland.com\/de\/","name":"NATURAL POLAND - IMPORT UND HANDEL VON ROHSTOFFEN","description":"Rohstoffe f\u00fcr die Lebensmittelindustrie, Kosmetikindustrie, Pharmaindustrie","publisher":{"@id":"https:\/\/naturalpoland.com\/de\/#organization"},"potentialAction":[{"@type":"SearchAction","target":{"@type":"EntryPoint","urlTemplate":"https:\/\/naturalpoland.com\/de\/?s={search_term_string}"},"query-input":{"@type":"PropertyValueSpecification","valueRequired":true,"valueName":"search_term_string"}}],"inLanguage":"de"},{"@type":"Organization","@id":"https:\/\/naturalpoland.com\/de\/#organization","name":"Natural Poland","url":"https:\/\/naturalpoland.com\/de\/","logo":{"@type":"ImageObject","inLanguage":"de","@id":"https:\/\/naturalpoland.com\/de\/#\/schema\/logo\/image\/","url":"https:\/\/naturalpoland.com\/wp-content\/uploads\/2021\/05\/natural-poland-icon.png","contentUrl":"https:\/\/naturalpoland.com\/wp-content\/uploads\/2021\/05\/natural-poland-icon.png","width":512,"height":512,"caption":"Natural Poland"},"image":{"@id":"https:\/\/naturalpoland.com\/de\/#\/schema\/logo\/image\/"},"sameAs":["https:\/\/www.facebook.com\/naturalpoland.b2b","https:\/\/pl.linkedin.com\/company\/natural-poland","https:\/\/www.youtube.com\/channel\/UCgeGGkvOMahZo-xu_MSEWxg"]}]}},"_links":{"self":[{"href":"https:\/\/naturalpoland.com\/de\/wp-json\/wp\/v2\/product\/37029","targetHints":{"allow":["GET"]}}],"collection":[{"href":"https:\/\/naturalpoland.com\/de\/wp-json\/wp\/v2\/product"}],"about":[{"href":"https:\/\/naturalpoland.com\/de\/wp-json\/wp\/v2\/types\/product"}],"wp:featuredmedia":[{"embeddable":true,"href":"https:\/\/naturalpoland.com\/de\/wp-json\/wp\/v2\/media\/36829"}],"wp:attachment":[{"href":"https:\/\/naturalpoland.com\/de\/wp-json\/wp\/v2\/media?parent=37029"}],"wp:term":[{"taxonomy":"product_brand","embeddable":true,"href":"https:\/\/naturalpoland.com\/de\/wp-json\/wp\/v2\/product_brand?post=37029"},{"taxonomy":"product_cat","embeddable":true,"href":"https:\/\/naturalpoland.com\/de\/wp-json\/wp\/v2\/product_cat?post=37029"},{"taxonomy":"product_tag","embeddable":true,"href":"https:\/\/naturalpoland.com\/de\/wp-json\/wp\/v2\/product_tag?post=37029"}],"curies":[{"name":"wp","href":"https:\/\/api.w.org\/{rel}","templated":true}]}}