{"id":37051,"date":"2024-10-17T15:10:33","date_gmt":"2024-10-21T12:54:13","guid":{"rendered":"https:\/\/naturalpoland.com\/produkty\/unkategorisiert\/zedernol\/"},"modified":"2024-10-21T14:54:13","modified_gmt":"2024-10-21T12:54:13","slug":"zedernol","status":"publish","type":"product","link":"https:\/\/naturalpoland.com\/de\/produkte\/produkte-fur-die-kosmetikindustrie\/atherische-ole\/zedernol\/","title":{"rendered":"Zedern\u00f6l"},"content":{"rendered":"<h2>Kosmetische Verwendung:<\/h2>\n<p>Zedern\u00f6l wird in Kosmetika f\u00fcr fettige und zu Akne neigende Haut mit adstringierender Wirkung verwendet. Es hilft, die Talgabsonderung zu kontrollieren und fettiger Haut vorzubeugen. In der Haarkosmetik hat es eine st\u00e4rkende Wirkung, um Haarausfall zu verhindern. Es kann Shampoos zugesetzt und als Haar\u00f6l auf Jojoba\u00f6lbasis in die Kopfhaut eingerieben werden. <\/p>\n<h2>Verwendung in der Aromatherapie:<\/h2>\n<p>Zedernholz\u00f6l hat beruhigende Eigenschaften, baut Stress und nerv\u00f6se Anspannung ab und verbessert die Konzentration. Es l\u00e4sst sich gut mit Zitrus\u00f6len kombinieren. Das \u00d6l ist auch ein wirksames nat\u00fcrliches Abwehrmittel gegen Moskitos, Zecken und andere Insekten. Sie k\u00f6nnen es in einem Basis\u00f6l verd\u00fcnnt oder mit <a href=\"https:\/\/naturalpoland.com\/produkty\/produkty-dla-przemyslu-kosmetycznego\/olejki-eteryczne\/olejek-eukaliptusowy\/\">Eukalyptus-<\/a> und <a href=\"https:\/\/naturalpoland.com\/produkty\/produkty-dla-przemyslu-kosmetycznego\/olejki-eteryczne\/olejek-cytrynowy\/\">Zitronen\u00f6l<\/a> gemischt auf exponierte K\u00f6rperstellen auftragen. <\/p>\n","protected":false},"excerpt":{"rendered":"<p><strong>Atlaszedern\u00f6l<\/strong> wird aus dem Holz des Zedernbaums gewonnen, der im Atlasgebirge in Marokko w\u00e4chst. Sein tiefer, holzig-balsamischer Duft hat therapeutische Eigenschaften, die schon im Altertum gesch\u00e4tzt wurden. Es wurde zur Herstellung von Parf\u00fcms, Lotionen und zum Schutz vor Insekten verwendet.  <\/p>\n","protected":false},"featured_media":36801,"template":"","meta":{"_acf_changed":false},"product_brand":[],"product_cat":[6266],"product_tag":[],"class_list":{"0":"post-37051","1":"product","2":"type-product","3":"status-publish","4":"has-post-thumbnail","6":"product_cat-atherische-ole","8":"first","9":"instock","10":"shipping-taxable","11":"product-type-simple"},"acf":[],"yoast_head":"<!-- This site is optimized with the Yoast SEO plugin v27.5 - https:\/\/yoast.com\/product\/yoast-seo-wordpress\/ -->\n<title>Zedern\u00f6l - NATURAL POLAND - IMPORT UND HANDEL VON ROHSTOFFEN<\/title>\n<meta name=\"description\" content=\"Atlaszedern\u00f6l wird aus dem Holz des Zedernbaums gewonnen, der im Atlasgebirge in Marokko w\u00e4chst. Es ist bekannt f\u00fcr seinen tiefen, holzig-balsamischen Duft.\" \/>\n<meta name=\"robots\" content=\"index, follow, max-snippet:-1, max-image-preview:large, max-video-preview:-1\" \/>\n<link rel=\"canonical\" href=\"https:\/\/naturalpoland.com\/de\/produkte\/produkte-fur-die-kosmetikindustrie\/atherische-ole\/zedernol\/\" \/>\n<meta property=\"og:locale\" content=\"de_DE\" \/>\n<meta property=\"og:type\" content=\"article\" \/>\n<meta property=\"og:title\" content=\"Zedern\u00f6l - NATURAL POLAND - IMPORT UND HANDEL VON ROHSTOFFEN\" \/>\n<meta property=\"og:description\" content=\"Atlaszedern\u00f6l wird aus dem Holz des Zedernbaums gewonnen, der im Atlasgebirge in Marokko w\u00e4chst. Es ist bekannt f\u00fcr seinen tiefen, holzig-balsamischen Duft.\" \/>\n<meta property=\"og:url\" content=\"https:\/\/naturalpoland.com\/de\/produkte\/produkte-fur-die-kosmetikindustrie\/atherische-ole\/zedernol\/\" \/>\n<meta property=\"og:site_name\" content=\"NATURAL POLAND - IMPORT UND HANDEL VON ROHSTOFFEN\" \/>\n<meta property=\"article:publisher\" content=\"https:\/\/www.facebook.com\/naturalpoland.b2b\" \/>\n<meta property=\"og:image\" content=\"https:\/\/naturalpoland.com\/wp-content\/uploads\/olejek-cedrowy.webp\" \/>\n\t<meta property=\"og:image:width\" content=\"619\" \/>\n\t<meta property=\"og:image:height\" content=\"619\" \/>\n\t<meta property=\"og:image:type\" content=\"image\/webp\" \/>\n<script type=\"application\/ld+json\" class=\"yoast-schema-graph\">{\"@context\":\"https:\\\/\\\/schema.org\",\"@graph\":[{\"@type\":\"WebPage\",\"@id\":\"https:\\\/\\\/naturalpoland.com\\\/de\\\/produkte\\\/produkte-fur-die-kosmetikindustrie\\\/atherische-ole\\\/zedernol\\\/\",\"url\":\"https:\\\/\\\/naturalpoland.com\\\/de\\\/produkte\\\/produkte-fur-die-kosmetikindustrie\\\/atherische-ole\\\/zedernol\\\/\",\"name\":\"Zedern\u00f6l - NATURAL POLAND - IMPORT UND HANDEL VON ROHSTOFFEN\",\"isPartOf\":{\"@id\":\"https:\\\/\\\/naturalpoland.com\\\/de\\\/#website\"},\"primaryImageOfPage\":{\"@id\":\"https:\\\/\\\/naturalpoland.com\\\/de\\\/produkte\\\/produkte-fur-die-kosmetikindustrie\\\/atherische-ole\\\/zedernol\\\/#primaryimage\"},\"image\":{\"@id\":\"https:\\\/\\\/naturalpoland.com\\\/de\\\/produkte\\\/produkte-fur-die-kosmetikindustrie\\\/atherische-ole\\\/zedernol\\\/#primaryimage\"},\"thumbnailUrl\":\"https:\\\/\\\/naturalpoland.com\\\/wp-content\\\/uploads\\\/olejek-cedrowy.webp\",\"datePublished\":\"2024-10-21T12:54:13+00:00\",\"description\":\"Atlaszedern\u00f6l wird aus dem Holz des Zedernbaums gewonnen, der im Atlasgebirge in Marokko w\u00e4chst. Es ist bekannt f\u00fcr seinen tiefen, holzig-balsamischen Duft.\",\"breadcrumb\":{\"@id\":\"https:\\\/\\\/naturalpoland.com\\\/de\\\/produkte\\\/produkte-fur-die-kosmetikindustrie\\\/atherische-ole\\\/zedernol\\\/#breadcrumb\"},\"inLanguage\":\"de\",\"potentialAction\":[{\"@type\":\"ReadAction\",\"target\":[\"https:\\\/\\\/naturalpoland.com\\\/de\\\/produkte\\\/produkte-fur-die-kosmetikindustrie\\\/atherische-ole\\\/zedernol\\\/\"]}]},{\"@type\":\"ImageObject\",\"inLanguage\":\"de\",\"@id\":\"https:\\\/\\\/naturalpoland.com\\\/de\\\/produkte\\\/produkte-fur-die-kosmetikindustrie\\\/atherische-ole\\\/zedernol\\\/#primaryimage\",\"url\":\"https:\\\/\\\/naturalpoland.com\\\/wp-content\\\/uploads\\\/olejek-cedrowy.webp\",\"contentUrl\":\"https:\\\/\\\/naturalpoland.com\\\/wp-content\\\/uploads\\\/olejek-cedrowy.webp\",\"width\":619,\"height\":619,\"caption\":\"Olejek Eteryczny z Cedru Atlaskiego\"},{\"@type\":\"BreadcrumbList\",\"@id\":\"https:\\\/\\\/naturalpoland.com\\\/de\\\/produkte\\\/produkte-fur-die-kosmetikindustrie\\\/atherische-ole\\\/zedernol\\\/#breadcrumb\",\"itemListElement\":[{\"@type\":\"ListItem\",\"position\":1,\"name\":\"Startseite\",\"item\":\"https:\\\/\\\/naturalpoland.com\\\/de\\\/\"},{\"@type\":\"ListItem\",\"position\":2,\"name\":\"Produkte\",\"item\":\"https:\\\/\\\/naturalpoland.com\\\/de\\\/produkte\\\/\"},{\"@type\":\"ListItem\",\"position\":3,\"name\":\"Zedern\u00f6l\"}]},{\"@type\":\"WebSite\",\"@id\":\"https:\\\/\\\/naturalpoland.com\\\/de\\\/#website\",\"url\":\"https:\\\/\\\/naturalpoland.com\\\/de\\\/\",\"name\":\"NATURAL POLAND - IMPORT UND HANDEL VON ROHSTOFFEN\",\"description\":\"Rohstoffe f\u00fcr die Lebensmittelindustrie, Kosmetikindustrie, Pharmaindustrie\",\"publisher\":{\"@id\":\"https:\\\/\\\/naturalpoland.com\\\/de\\\/#organization\"},\"potentialAction\":[{\"@type\":\"SearchAction\",\"target\":{\"@type\":\"EntryPoint\",\"urlTemplate\":\"https:\\\/\\\/naturalpoland.com\\\/de\\\/?s={search_term_string}\"},\"query-input\":{\"@type\":\"PropertyValueSpecification\",\"valueRequired\":true,\"valueName\":\"search_term_string\"}}],\"inLanguage\":\"de\"},{\"@type\":\"Organization\",\"@id\":\"https:\\\/\\\/naturalpoland.com\\\/de\\\/#organization\",\"name\":\"Natural Poland\",\"url\":\"https:\\\/\\\/naturalpoland.com\\\/de\\\/\",\"logo\":{\"@type\":\"ImageObject\",\"inLanguage\":\"de\",\"@id\":\"https:\\\/\\\/naturalpoland.com\\\/de\\\/#\\\/schema\\\/logo\\\/image\\\/\",\"url\":\"https:\\\/\\\/naturalpoland.com\\\/wp-content\\\/uploads\\\/2021\\\/05\\\/natural-poland-icon.png\",\"contentUrl\":\"https:\\\/\\\/naturalpoland.com\\\/wp-content\\\/uploads\\\/2021\\\/05\\\/natural-poland-icon.png\",\"width\":512,\"height\":512,\"caption\":\"Natural Poland\"},\"image\":{\"@id\":\"https:\\\/\\\/naturalpoland.com\\\/de\\\/#\\\/schema\\\/logo\\\/image\\\/\"},\"sameAs\":[\"https:\\\/\\\/www.facebook.com\\\/naturalpoland.b2b\",\"https:\\\/\\\/pl.linkedin.com\\\/company\\\/natural-poland\",\"https:\\\/\\\/www.youtube.com\\\/channel\\\/UCgeGGkvOMahZo-xu_MSEWxg\"]}]}<\/script>\n<!-- \/ Yoast SEO plugin. -->","yoast_head_json":{"title":"Zedern\u00f6l - NATURAL POLAND - IMPORT UND HANDEL VON ROHSTOFFEN","description":"Atlaszedern\u00f6l wird aus dem Holz des Zedernbaums gewonnen, der im Atlasgebirge in Marokko w\u00e4chst. Es ist bekannt f\u00fcr seinen tiefen, holzig-balsamischen Duft.","robots":{"index":"index","follow":"follow","max-snippet":"max-snippet:-1","max-image-preview":"max-image-preview:large","max-video-preview":"max-video-preview:-1"},"canonical":"https:\/\/naturalpoland.com\/de\/produkte\/produkte-fur-die-kosmetikindustrie\/atherische-ole\/zedernol\/","og_locale":"de_DE","og_type":"article","og_title":"Zedern\u00f6l - NATURAL POLAND - IMPORT UND HANDEL VON ROHSTOFFEN","og_description":"Atlaszedern\u00f6l wird aus dem Holz des Zedernbaums gewonnen, der im Atlasgebirge in Marokko w\u00e4chst. Es ist bekannt f\u00fcr seinen tiefen, holzig-balsamischen Duft.","og_url":"https:\/\/naturalpoland.com\/de\/produkte\/produkte-fur-die-kosmetikindustrie\/atherische-ole\/zedernol\/","og_site_name":"NATURAL POLAND - IMPORT UND HANDEL VON ROHSTOFFEN","article_publisher":"https:\/\/www.facebook.com\/naturalpoland.b2b","og_image":[{"width":619,"height":619,"url":"https:\/\/naturalpoland.com\/wp-content\/uploads\/olejek-cedrowy.webp","type":"image\/webp"}],"schema":{"@context":"https:\/\/schema.org","@graph":[{"@type":"WebPage","@id":"https:\/\/naturalpoland.com\/de\/produkte\/produkte-fur-die-kosmetikindustrie\/atherische-ole\/zedernol\/","url":"https:\/\/naturalpoland.com\/de\/produkte\/produkte-fur-die-kosmetikindustrie\/atherische-ole\/zedernol\/","name":"Zedern\u00f6l - NATURAL POLAND - IMPORT UND HANDEL VON ROHSTOFFEN","isPartOf":{"@id":"https:\/\/naturalpoland.com\/de\/#website"},"primaryImageOfPage":{"@id":"https:\/\/naturalpoland.com\/de\/produkte\/produkte-fur-die-kosmetikindustrie\/atherische-ole\/zedernol\/#primaryimage"},"image":{"@id":"https:\/\/naturalpoland.com\/de\/produkte\/produkte-fur-die-kosmetikindustrie\/atherische-ole\/zedernol\/#primaryimage"},"thumbnailUrl":"https:\/\/naturalpoland.com\/wp-content\/uploads\/olejek-cedrowy.webp","datePublished":"2024-10-21T12:54:13+00:00","description":"Atlaszedern\u00f6l wird aus dem Holz des Zedernbaums gewonnen, der im Atlasgebirge in Marokko w\u00e4chst. Es ist bekannt f\u00fcr seinen tiefen, holzig-balsamischen Duft.","breadcrumb":{"@id":"https:\/\/naturalpoland.com\/de\/produkte\/produkte-fur-die-kosmetikindustrie\/atherische-ole\/zedernol\/#breadcrumb"},"inLanguage":"de","potentialAction":[{"@type":"ReadAction","target":["https:\/\/naturalpoland.com\/de\/produkte\/produkte-fur-die-kosmetikindustrie\/atherische-ole\/zedernol\/"]}]},{"@type":"ImageObject","inLanguage":"de","@id":"https:\/\/naturalpoland.com\/de\/produkte\/produkte-fur-die-kosmetikindustrie\/atherische-ole\/zedernol\/#primaryimage","url":"https:\/\/naturalpoland.com\/wp-content\/uploads\/olejek-cedrowy.webp","contentUrl":"https:\/\/naturalpoland.com\/wp-content\/uploads\/olejek-cedrowy.webp","width":619,"height":619,"caption":"Olejek Eteryczny z Cedru Atlaskiego"},{"@type":"BreadcrumbList","@id":"https:\/\/naturalpoland.com\/de\/produkte\/produkte-fur-die-kosmetikindustrie\/atherische-ole\/zedernol\/#breadcrumb","itemListElement":[{"@type":"ListItem","position":1,"name":"Startseite","item":"https:\/\/naturalpoland.com\/de\/"},{"@type":"ListItem","position":2,"name":"Produkte","item":"https:\/\/naturalpoland.com\/de\/produkte\/"},{"@type":"ListItem","position":3,"name":"Zedern\u00f6l"}]},{"@type":"WebSite","@id":"https:\/\/naturalpoland.com\/de\/#website","url":"https:\/\/naturalpoland.com\/de\/","name":"NATURAL POLAND - IMPORT UND HANDEL VON ROHSTOFFEN","description":"Rohstoffe f\u00fcr die Lebensmittelindustrie, Kosmetikindustrie, Pharmaindustrie","publisher":{"@id":"https:\/\/naturalpoland.com\/de\/#organization"},"potentialAction":[{"@type":"SearchAction","target":{"@type":"EntryPoint","urlTemplate":"https:\/\/naturalpoland.com\/de\/?s={search_term_string}"},"query-input":{"@type":"PropertyValueSpecification","valueRequired":true,"valueName":"search_term_string"}}],"inLanguage":"de"},{"@type":"Organization","@id":"https:\/\/naturalpoland.com\/de\/#organization","name":"Natural Poland","url":"https:\/\/naturalpoland.com\/de\/","logo":{"@type":"ImageObject","inLanguage":"de","@id":"https:\/\/naturalpoland.com\/de\/#\/schema\/logo\/image\/","url":"https:\/\/naturalpoland.com\/wp-content\/uploads\/2021\/05\/natural-poland-icon.png","contentUrl":"https:\/\/naturalpoland.com\/wp-content\/uploads\/2021\/05\/natural-poland-icon.png","width":512,"height":512,"caption":"Natural Poland"},"image":{"@id":"https:\/\/naturalpoland.com\/de\/#\/schema\/logo\/image\/"},"sameAs":["https:\/\/www.facebook.com\/naturalpoland.b2b","https:\/\/pl.linkedin.com\/company\/natural-poland","https:\/\/www.youtube.com\/channel\/UCgeGGkvOMahZo-xu_MSEWxg"]}]}},"_links":{"self":[{"href":"https:\/\/naturalpoland.com\/de\/wp-json\/wp\/v2\/product\/37051","targetHints":{"allow":["GET"]}}],"collection":[{"href":"https:\/\/naturalpoland.com\/de\/wp-json\/wp\/v2\/product"}],"about":[{"href":"https:\/\/naturalpoland.com\/de\/wp-json\/wp\/v2\/types\/product"}],"wp:featuredmedia":[{"embeddable":true,"href":"https:\/\/naturalpoland.com\/de\/wp-json\/wp\/v2\/media\/36801"}],"wp:attachment":[{"href":"https:\/\/naturalpoland.com\/de\/wp-json\/wp\/v2\/media?parent=37051"}],"wp:term":[{"taxonomy":"product_brand","embeddable":true,"href":"https:\/\/naturalpoland.com\/de\/wp-json\/wp\/v2\/product_brand?post=37051"},{"taxonomy":"product_cat","embeddable":true,"href":"https:\/\/naturalpoland.com\/de\/wp-json\/wp\/v2\/product_cat?post=37051"},{"taxonomy":"product_tag","embeddable":true,"href":"https:\/\/naturalpoland.com\/de\/wp-json\/wp\/v2\/product_tag?post=37051"}],"curies":[{"name":"wp","href":"https:\/\/api.w.org\/{rel}","templated":true}]}}