{"id":37460,"date":"2024-10-31T12:04:38","date_gmt":"2024-10-31T13:38:36","guid":{"rendered":"https:\/\/naturalpoland.com\/produkty\/unkategorisiert\/auszug-aus-eibisch-perlen\/"},"modified":"2024-10-31T14:38:36","modified_gmt":"2024-10-31T13:38:36","slug":"auszug-aus-eibisch-perlen","status":"publish","type":"product","link":"https:\/\/naturalpoland.com\/de\/produkte\/pflanzenextrakte\/auszug-aus-eibisch-perlen\/","title":{"rendered":"Blasentang-Extrakt"},"content":{"rendered":"<h2>Eigenschaften und Zusammensetzung des Extrakts<\/h2>\n<p>Fucus Vesiculosus-Extrakt ist als fein gemahlenes braunes Pulver mit einem charakteristischen Geruch und Geschmack erh\u00e4ltlich. Der Gehalt an <strong>Jod<\/strong>, dem wichtigsten Wirkstoff, liegt zwischen 0,4% und 0,5%. Aufgrund seiner komplexen Zusammensetzung, die auch Mineralien und Vitamine enth\u00e4lt, unterst\u00fctzt dieser Extrakt eine Vielzahl von Pflege- und Schutzprozessen in der Kosmetik. Dank seines Gehalts an Substanzen wie <strong>Fucoxanthin<\/strong> weist er <strong>antioxidative<\/strong> Wirkungen auf und hilft, die Haut vor oxidativem Stress zu sch\u00fctzen.   <\/p>\n<h2>Wirkung und kosmetische Eigenschaften<\/h2>\n<p>Blasentang-Extrakt hat intensiv <strong>feuchtigkeitsspendende<\/strong>, <strong>regenerierende<\/strong> und <strong>straffende<\/strong> Eigenschaften. Die im Extrakt enthaltenen <a href=\"https:\/\/naturalpoland.com\/artykuly\/produkty-naturalne\/przeciwutleniacze-w-kosmetykach-fenole-i-polifenole\/\">Polyphenole<\/a> und <a href=\"https:\/\/naturalpoland.com\/artykuly\/produkty-naturalne\/moc-antyoksydantow-jak-wlaczyc-je-do-oferty-produktowej\/\">Antioxidantien<\/a> wirken der Bildung von freien Radikalen entgegen, w\u00e4hrend Fucoxanthin die Wirkung von Vitamin E verst\u00e4rkt, das zur Revitalisierung der Haut beitr\u00e4gt und ihre Elastizit\u00e4t verbessert. Der Extrakt ist auch eine ausgezeichnete Wahl f\u00fcr Schlankheits- und Anti-Cellulite-Produkte. Das in den Algen enthaltene Jod stimuliert den Abbau von Fettzellen und verhindert die erneute Anh\u00e4ufung von Lipiden, was zur Reduzierung von Cellulite und zur K\u00f6rperformung beitr\u00e4gt. Zus\u00e4tzliche Inhaltsstoffe wie Fucoidin und Laminarin tragen zur Verbesserung der Mikrozirkulation und zur Beschleunigung des Stoffwechsels bei, was die straffende Wirkung und den Kampf gegen Schwellungen und Hauterschlaffung unterst\u00fctzt. <\/p>\n<h2>Kosmetische Anwendungen<\/h2>\n<p>Der Extrakt wird besonders empfohlen bei:<\/p>\n<ul>\n<li><strong>Anti-Aging- und Revitalisierungskosmetik<\/strong>, die der reifen Haut ihre Festigkeit und Elastizit\u00e4t zur\u00fcckgibt.<\/li>\n<li><strong>Anti-Cellulite- und Modellierpr\u00e4parate<\/strong>, in denen es hilft, das Fettgewebe zu reduzieren und das Erscheinungsbild der Cellulite zu verringern.<\/li>\n<li><strong>Cremes und Seren f\u00fcr fettige und zu Akne neigende Haut<\/strong>, da es eine antibakterielle und antiseborrhoische Wirkung hat und die Talgsekretion reguliert.<\/li>\n<li><strong>Gele und Cremes f\u00fcr die Haut um die Augen<\/strong>, wo es durch die Anregung des Lymphflusses hilft, Schwellungen zu reduzieren.<\/li>\n<\/ul>\n<h2>Sicherheit bei der Verwendung<\/h2>\n<p>Blasentang-Extrakt ist in angemessenen Konzentrationen sicher f\u00fcr die Verwendung in kosmetischen Produkten. Es wird empfohlen, ihn in Konzentrationen zwischen 1% und 10% zu verwenden, je nach Art des Produkts und seinem Verwendungszweck. <\/p>\n","protected":false},"excerpt":{"rendered":"<p><strong>Fucus Vesiculosus-Extrakt<\/strong>, auch <strong>Blasentang-Extrakt<\/strong> genannt, ist ein nat\u00fcrlicher Rohstoff <strong>, der<\/strong> aus den Braunalgen der n\u00f6rdlichen Gew\u00e4sser des Atlantiks und des Arktischen Ozeans <strong>gewonnen wird<\/strong>. Er enth\u00e4lt viele nat\u00fcrliche Wirkstoffe wie Jod, Polyphenole, Fucoxanthin, Vitamin E, Carotinoide sowie Phospholipide und Glykolipide. Sie ist ein Inhaltsstoff f\u00fcr die Haut- und K\u00f6rperpflege.  <\/p>\n","protected":false},"featured_media":37365,"template":"","meta":{"_acf_changed":false},"product_brand":[],"product_cat":[385],"product_tag":[],"class_list":{"0":"post-37460","1":"product","2":"type-product","3":"status-publish","4":"has-post-thumbnail","6":"product_cat-pflanzenextrakte","7":"pa_czesc-rosliny-ganze-pflanze","8":"pa_grupa-substancji-antioxidantien","9":"pa_skladnik-aktywny-jod-de","11":"first","12":"instock","13":"shipping-taxable","14":"product-type-simple"},"acf":[],"yoast_head":"<!-- This site is optimized with the Yoast SEO plugin v27.4 - https:\/\/yoast.com\/product\/yoast-seo-wordpress\/ -->\n<title>Blasentang-Extrakt - NATURAL POLAND - IMPORT UND HANDEL VON ROHSTOFFEN<\/title>\n<meta name=\"description\" content=\"Blasentang-Extrakt ist ein vielseitiger Inhaltsstoff mit intensiv feuchtigkeitsspendender, antioxidativer und straffender Wirkung.\" \/>\n<meta name=\"robots\" content=\"index, follow, max-snippet:-1, max-image-preview:large, max-video-preview:-1\" \/>\n<link rel=\"canonical\" href=\"https:\/\/naturalpoland.com\/de\/produkte\/pflanzenextrakte\/auszug-aus-eibisch-perlen\/\" \/>\n<meta property=\"og:locale\" content=\"de_DE\" \/>\n<meta property=\"og:type\" content=\"article\" \/>\n<meta property=\"og:title\" content=\"Blasentang-Extrakt - NATURAL POLAND - IMPORT UND HANDEL VON ROHSTOFFEN\" \/>\n<meta property=\"og:description\" content=\"Blasentang-Extrakt ist ein vielseitiger Inhaltsstoff mit intensiv feuchtigkeitsspendender, antioxidativer und straffender Wirkung.\" \/>\n<meta property=\"og:url\" content=\"https:\/\/naturalpoland.com\/de\/produkte\/pflanzenextrakte\/auszug-aus-eibisch-perlen\/\" \/>\n<meta property=\"og:site_name\" content=\"NATURAL POLAND - IMPORT UND HANDEL VON ROHSTOFFEN\" \/>\n<meta property=\"article:publisher\" content=\"https:\/\/www.facebook.com\/naturalpoland.b2b\" \/>\n<meta property=\"og:image\" content=\"https:\/\/naturalpoland.com\/wp-content\/uploads\/ekstrakt-fucus-vesiculosus.webp\" \/>\n\t<meta property=\"og:image:width\" content=\"614\" \/>\n\t<meta property=\"og:image:height\" content=\"614\" \/>\n\t<meta property=\"og:image:type\" content=\"image\/webp\" \/>\n<script type=\"application\/ld+json\" class=\"yoast-schema-graph\">{\"@context\":\"https:\\\/\\\/schema.org\",\"@graph\":[{\"@type\":\"WebPage\",\"@id\":\"https:\\\/\\\/naturalpoland.com\\\/de\\\/produkte\\\/pflanzenextrakte\\\/auszug-aus-eibisch-perlen\\\/\",\"url\":\"https:\\\/\\\/naturalpoland.com\\\/de\\\/produkte\\\/pflanzenextrakte\\\/auszug-aus-eibisch-perlen\\\/\",\"name\":\"Blasentang-Extrakt - NATURAL POLAND - IMPORT UND HANDEL VON ROHSTOFFEN\",\"isPartOf\":{\"@id\":\"https:\\\/\\\/naturalpoland.com\\\/de\\\/#website\"},\"primaryImageOfPage\":{\"@id\":\"https:\\\/\\\/naturalpoland.com\\\/de\\\/produkte\\\/pflanzenextrakte\\\/auszug-aus-eibisch-perlen\\\/#primaryimage\"},\"image\":{\"@id\":\"https:\\\/\\\/naturalpoland.com\\\/de\\\/produkte\\\/pflanzenextrakte\\\/auszug-aus-eibisch-perlen\\\/#primaryimage\"},\"thumbnailUrl\":\"https:\\\/\\\/naturalpoland.com\\\/wp-content\\\/uploads\\\/ekstrakt-fucus-vesiculosus.webp\",\"datePublished\":\"2024-10-31T13:38:36+00:00\",\"description\":\"Blasentang-Extrakt ist ein vielseitiger Inhaltsstoff mit intensiv feuchtigkeitsspendender, antioxidativer und straffender Wirkung.\",\"breadcrumb\":{\"@id\":\"https:\\\/\\\/naturalpoland.com\\\/de\\\/produkte\\\/pflanzenextrakte\\\/auszug-aus-eibisch-perlen\\\/#breadcrumb\"},\"inLanguage\":\"de\",\"potentialAction\":[{\"@type\":\"ReadAction\",\"target\":[\"https:\\\/\\\/naturalpoland.com\\\/de\\\/produkte\\\/pflanzenextrakte\\\/auszug-aus-eibisch-perlen\\\/\"]}]},{\"@type\":\"ImageObject\",\"inLanguage\":\"de\",\"@id\":\"https:\\\/\\\/naturalpoland.com\\\/de\\\/produkte\\\/pflanzenextrakte\\\/auszug-aus-eibisch-perlen\\\/#primaryimage\",\"url\":\"https:\\\/\\\/naturalpoland.com\\\/wp-content\\\/uploads\\\/ekstrakt-fucus-vesiculosus.webp\",\"contentUrl\":\"https:\\\/\\\/naturalpoland.com\\\/wp-content\\\/uploads\\\/ekstrakt-fucus-vesiculosus.webp\",\"width\":614,\"height\":614,\"caption\":\"Ekstrakt z morszczynu p\u0119cherzykowatego\"},{\"@type\":\"BreadcrumbList\",\"@id\":\"https:\\\/\\\/naturalpoland.com\\\/de\\\/produkte\\\/pflanzenextrakte\\\/auszug-aus-eibisch-perlen\\\/#breadcrumb\",\"itemListElement\":[{\"@type\":\"ListItem\",\"position\":1,\"name\":\"Startseite\",\"item\":\"https:\\\/\\\/naturalpoland.com\\\/de\\\/\"},{\"@type\":\"ListItem\",\"position\":2,\"name\":\"Produkte\",\"item\":\"https:\\\/\\\/naturalpoland.com\\\/de\\\/produkte\\\/\"},{\"@type\":\"ListItem\",\"position\":3,\"name\":\"Blasentang-Extrakt\"}]},{\"@type\":\"WebSite\",\"@id\":\"https:\\\/\\\/naturalpoland.com\\\/de\\\/#website\",\"url\":\"https:\\\/\\\/naturalpoland.com\\\/de\\\/\",\"name\":\"NATURAL POLAND - IMPORT UND HANDEL VON ROHSTOFFEN\",\"description\":\"Rohstoffe f\u00fcr die Lebensmittelindustrie, Kosmetikindustrie, Pharmaindustrie\",\"publisher\":{\"@id\":\"https:\\\/\\\/naturalpoland.com\\\/de\\\/#organization\"},\"potentialAction\":[{\"@type\":\"SearchAction\",\"target\":{\"@type\":\"EntryPoint\",\"urlTemplate\":\"https:\\\/\\\/naturalpoland.com\\\/de\\\/?s={search_term_string}\"},\"query-input\":{\"@type\":\"PropertyValueSpecification\",\"valueRequired\":true,\"valueName\":\"search_term_string\"}}],\"inLanguage\":\"de\"},{\"@type\":\"Organization\",\"@id\":\"https:\\\/\\\/naturalpoland.com\\\/de\\\/#organization\",\"name\":\"Natural Poland\",\"url\":\"https:\\\/\\\/naturalpoland.com\\\/de\\\/\",\"logo\":{\"@type\":\"ImageObject\",\"inLanguage\":\"de\",\"@id\":\"https:\\\/\\\/naturalpoland.com\\\/de\\\/#\\\/schema\\\/logo\\\/image\\\/\",\"url\":\"https:\\\/\\\/naturalpoland.com\\\/wp-content\\\/uploads\\\/2021\\\/05\\\/natural-poland-icon.png\",\"contentUrl\":\"https:\\\/\\\/naturalpoland.com\\\/wp-content\\\/uploads\\\/2021\\\/05\\\/natural-poland-icon.png\",\"width\":512,\"height\":512,\"caption\":\"Natural Poland\"},\"image\":{\"@id\":\"https:\\\/\\\/naturalpoland.com\\\/de\\\/#\\\/schema\\\/logo\\\/image\\\/\"},\"sameAs\":[\"https:\\\/\\\/www.facebook.com\\\/naturalpoland.b2b\",\"https:\\\/\\\/pl.linkedin.com\\\/company\\\/natural-poland\",\"https:\\\/\\\/www.youtube.com\\\/channel\\\/UCgeGGkvOMahZo-xu_MSEWxg\"]}]}<\/script>\n<!-- \/ Yoast SEO plugin. -->","yoast_head_json":{"title":"Blasentang-Extrakt - NATURAL POLAND - IMPORT UND HANDEL VON ROHSTOFFEN","description":"Blasentang-Extrakt ist ein vielseitiger Inhaltsstoff mit intensiv feuchtigkeitsspendender, antioxidativer und straffender Wirkung.","robots":{"index":"index","follow":"follow","max-snippet":"max-snippet:-1","max-image-preview":"max-image-preview:large","max-video-preview":"max-video-preview:-1"},"canonical":"https:\/\/naturalpoland.com\/de\/produkte\/pflanzenextrakte\/auszug-aus-eibisch-perlen\/","og_locale":"de_DE","og_type":"article","og_title":"Blasentang-Extrakt - NATURAL POLAND - IMPORT UND HANDEL VON ROHSTOFFEN","og_description":"Blasentang-Extrakt ist ein vielseitiger Inhaltsstoff mit intensiv feuchtigkeitsspendender, antioxidativer und straffender Wirkung.","og_url":"https:\/\/naturalpoland.com\/de\/produkte\/pflanzenextrakte\/auszug-aus-eibisch-perlen\/","og_site_name":"NATURAL POLAND - IMPORT UND HANDEL VON ROHSTOFFEN","article_publisher":"https:\/\/www.facebook.com\/naturalpoland.b2b","og_image":[{"width":614,"height":614,"url":"https:\/\/naturalpoland.com\/wp-content\/uploads\/ekstrakt-fucus-vesiculosus.webp","type":"image\/webp"}],"schema":{"@context":"https:\/\/schema.org","@graph":[{"@type":"WebPage","@id":"https:\/\/naturalpoland.com\/de\/produkte\/pflanzenextrakte\/auszug-aus-eibisch-perlen\/","url":"https:\/\/naturalpoland.com\/de\/produkte\/pflanzenextrakte\/auszug-aus-eibisch-perlen\/","name":"Blasentang-Extrakt - NATURAL POLAND - IMPORT UND HANDEL VON ROHSTOFFEN","isPartOf":{"@id":"https:\/\/naturalpoland.com\/de\/#website"},"primaryImageOfPage":{"@id":"https:\/\/naturalpoland.com\/de\/produkte\/pflanzenextrakte\/auszug-aus-eibisch-perlen\/#primaryimage"},"image":{"@id":"https:\/\/naturalpoland.com\/de\/produkte\/pflanzenextrakte\/auszug-aus-eibisch-perlen\/#primaryimage"},"thumbnailUrl":"https:\/\/naturalpoland.com\/wp-content\/uploads\/ekstrakt-fucus-vesiculosus.webp","datePublished":"2024-10-31T13:38:36+00:00","description":"Blasentang-Extrakt ist ein vielseitiger Inhaltsstoff mit intensiv feuchtigkeitsspendender, antioxidativer und straffender Wirkung.","breadcrumb":{"@id":"https:\/\/naturalpoland.com\/de\/produkte\/pflanzenextrakte\/auszug-aus-eibisch-perlen\/#breadcrumb"},"inLanguage":"de","potentialAction":[{"@type":"ReadAction","target":["https:\/\/naturalpoland.com\/de\/produkte\/pflanzenextrakte\/auszug-aus-eibisch-perlen\/"]}]},{"@type":"ImageObject","inLanguage":"de","@id":"https:\/\/naturalpoland.com\/de\/produkte\/pflanzenextrakte\/auszug-aus-eibisch-perlen\/#primaryimage","url":"https:\/\/naturalpoland.com\/wp-content\/uploads\/ekstrakt-fucus-vesiculosus.webp","contentUrl":"https:\/\/naturalpoland.com\/wp-content\/uploads\/ekstrakt-fucus-vesiculosus.webp","width":614,"height":614,"caption":"Ekstrakt z morszczynu p\u0119cherzykowatego"},{"@type":"BreadcrumbList","@id":"https:\/\/naturalpoland.com\/de\/produkte\/pflanzenextrakte\/auszug-aus-eibisch-perlen\/#breadcrumb","itemListElement":[{"@type":"ListItem","position":1,"name":"Startseite","item":"https:\/\/naturalpoland.com\/de\/"},{"@type":"ListItem","position":2,"name":"Produkte","item":"https:\/\/naturalpoland.com\/de\/produkte\/"},{"@type":"ListItem","position":3,"name":"Blasentang-Extrakt"}]},{"@type":"WebSite","@id":"https:\/\/naturalpoland.com\/de\/#website","url":"https:\/\/naturalpoland.com\/de\/","name":"NATURAL POLAND - IMPORT UND HANDEL VON ROHSTOFFEN","description":"Rohstoffe f\u00fcr die Lebensmittelindustrie, Kosmetikindustrie, Pharmaindustrie","publisher":{"@id":"https:\/\/naturalpoland.com\/de\/#organization"},"potentialAction":[{"@type":"SearchAction","target":{"@type":"EntryPoint","urlTemplate":"https:\/\/naturalpoland.com\/de\/?s={search_term_string}"},"query-input":{"@type":"PropertyValueSpecification","valueRequired":true,"valueName":"search_term_string"}}],"inLanguage":"de"},{"@type":"Organization","@id":"https:\/\/naturalpoland.com\/de\/#organization","name":"Natural Poland","url":"https:\/\/naturalpoland.com\/de\/","logo":{"@type":"ImageObject","inLanguage":"de","@id":"https:\/\/naturalpoland.com\/de\/#\/schema\/logo\/image\/","url":"https:\/\/naturalpoland.com\/wp-content\/uploads\/2021\/05\/natural-poland-icon.png","contentUrl":"https:\/\/naturalpoland.com\/wp-content\/uploads\/2021\/05\/natural-poland-icon.png","width":512,"height":512,"caption":"Natural Poland"},"image":{"@id":"https:\/\/naturalpoland.com\/de\/#\/schema\/logo\/image\/"},"sameAs":["https:\/\/www.facebook.com\/naturalpoland.b2b","https:\/\/pl.linkedin.com\/company\/natural-poland","https:\/\/www.youtube.com\/channel\/UCgeGGkvOMahZo-xu_MSEWxg"]}]}},"_links":{"self":[{"href":"https:\/\/naturalpoland.com\/de\/wp-json\/wp\/v2\/product\/37460","targetHints":{"allow":["GET"]}}],"collection":[{"href":"https:\/\/naturalpoland.com\/de\/wp-json\/wp\/v2\/product"}],"about":[{"href":"https:\/\/naturalpoland.com\/de\/wp-json\/wp\/v2\/types\/product"}],"wp:featuredmedia":[{"embeddable":true,"href":"https:\/\/naturalpoland.com\/de\/wp-json\/wp\/v2\/media\/37365"}],"wp:attachment":[{"href":"https:\/\/naturalpoland.com\/de\/wp-json\/wp\/v2\/media?parent=37460"}],"wp:term":[{"taxonomy":"product_brand","embeddable":true,"href":"https:\/\/naturalpoland.com\/de\/wp-json\/wp\/v2\/product_brand?post=37460"},{"taxonomy":"product_cat","embeddable":true,"href":"https:\/\/naturalpoland.com\/de\/wp-json\/wp\/v2\/product_cat?post=37460"},{"taxonomy":"product_tag","embeddable":true,"href":"https:\/\/naturalpoland.com\/de\/wp-json\/wp\/v2\/product_tag?post=37460"}],"curies":[{"name":"wp","href":"https:\/\/api.w.org\/{rel}","templated":true}]}}