{"id":37708,"date":"2024-11-07T15:54:01","date_gmt":"2024-11-12T16:31:53","guid":{"rendered":"https:\/\/naturalpoland.com\/produkty\/unkategorisiert\/dehydroessigsaure\/"},"modified":"2024-11-12T17:31:53","modified_gmt":"2024-11-12T16:31:53","slug":"dehydroessigsaure","status":"publish","type":"product","link":"https:\/\/naturalpoland.com\/de\/produkte\/produkte-fur-die-kosmetikindustrie\/rohstoffe-fur-kosmetika\/dehydroessigsaure\/","title":{"rendered":"Dehydroessigs\u00e4ure"},"content":{"rendered":"<h2>Wirkung:<\/h2>\n<p>Dehydroessigs\u00e4ure ist ein \u00e4u\u00dferst wirksames Konservierungsmittel mit starken <strong>antimykotischen<\/strong> Eigenschaften und m\u00e4\u00dfiger <strong>antimikrobieller<\/strong> Aktivit\u00e4t. Es dient als Schutz gegen Schimmel und Bakterien und wird verwendet, um die Haltbarkeit von kosmetischen Produkten zu verl\u00e4ngern und ihre sichere Verwendung durch den Verbraucher zu gew\u00e4hrleisten. Seine Wirkung besteht darin, das Wachstum von Schimmelpilzen zu hemmen.  <\/p>\n<h2>Anwendung:<\/h2>\n<p>Dehydroessigs\u00e4ure kann in vielen <strong>kosmetischen Produkten<\/strong> verwendet werden, z.B. in Gesichtscremes, K\u00f6rperlotionen, Shampoos, Conditionern und Make-up-Produkten. Aufgrund seiner milden Wirkung wird das Produkt auch in Formulierungen f\u00fcr empfindliche Haut, Akne und Allergiker sowie in Kosmetika f\u00fcr Kinder verwendet. In der <strong>Lebensmittelindustrie<\/strong> wird Dehydroessigs\u00e4ure unter der Bezeichnung E265 verwendet, wo sie in ausgew\u00e4hlten Produkten als Konservierungsmittel wirkt, das Schimmelwachstum wirksam hemmt und die Haltbarkeit verl\u00e4ngert. <\/p>\n","protected":false},"excerpt":{"rendered":"<p><strong>Dehydroessigs\u00e4ure<\/strong> ist ein Konservierungsmittel, das haupts\u00e4chlich in der Kosmetik-, Pharma- und Lebensmittelindustrie verwendet wird.<\/p>\n","protected":false},"featured_media":37569,"template":"","meta":{"_acf_changed":false},"product_brand":[],"product_cat":[381],"product_tag":[],"class_list":{"0":"post-37708","1":"product","2":"type-product","3":"status-publish","4":"has-post-thumbnail","6":"product_cat-rohstoffe-fur-kosmetika","7":"pa_grupa-substancji-konservierungsstoffe","9":"first","10":"instock","11":"shipping-taxable","12":"product-type-simple"},"acf":[],"yoast_head":"<!-- This site is optimized with the Yoast SEO plugin v27.4 - https:\/\/yoast.com\/product\/yoast-seo-wordpress\/ -->\n<title>Dehydroessigs\u00e4ure - NATURAL POLAND - IMPORT UND HANDEL VON ROHSTOFFEN<\/title>\n<meta name=\"description\" content=\"Dehydroessigs\u00e4ure wird wegen ihrer au\u00dfergew\u00f6hnlichen sch\u00fctzenden Eigenschaften gesch\u00e4tzt, die in kosmetischen Formulierungen unerl\u00e4sslich sind.\" \/>\n<meta name=\"robots\" content=\"index, follow, max-snippet:-1, max-image-preview:large, max-video-preview:-1\" \/>\n<link rel=\"canonical\" href=\"https:\/\/naturalpoland.com\/de\/produkte\/produkte-fur-die-kosmetikindustrie\/rohstoffe-fur-kosmetika\/dehydroessigsaure\/\" \/>\n<meta property=\"og:locale\" content=\"de_DE\" \/>\n<meta property=\"og:type\" content=\"article\" \/>\n<meta property=\"og:title\" content=\"Dehydroessigs\u00e4ure - NATURAL POLAND - IMPORT UND HANDEL VON ROHSTOFFEN\" \/>\n<meta property=\"og:description\" content=\"Dehydroessigs\u00e4ure wird wegen ihrer au\u00dfergew\u00f6hnlichen sch\u00fctzenden Eigenschaften gesch\u00e4tzt, die in kosmetischen Formulierungen unerl\u00e4sslich sind.\" \/>\n<meta property=\"og:url\" content=\"https:\/\/naturalpoland.com\/de\/produkte\/produkte-fur-die-kosmetikindustrie\/rohstoffe-fur-kosmetika\/dehydroessigsaure\/\" \/>\n<meta property=\"og:site_name\" content=\"NATURAL POLAND - IMPORT UND HANDEL VON ROHSTOFFEN\" \/>\n<meta property=\"article:publisher\" content=\"https:\/\/www.facebook.com\/naturalpoland.b2b\" \/>\n<meta property=\"og:image\" content=\"https:\/\/naturalpoland.com\/wp-content\/uploads\/kwas-dehydrooctowy.webp\" \/>\n\t<meta property=\"og:image:width\" content=\"614\" \/>\n\t<meta property=\"og:image:height\" content=\"614\" \/>\n\t<meta property=\"og:image:type\" content=\"image\/webp\" \/>\n<script type=\"application\/ld+json\" class=\"yoast-schema-graph\">{\"@context\":\"https:\\\/\\\/schema.org\",\"@graph\":[{\"@type\":\"WebPage\",\"@id\":\"https:\\\/\\\/naturalpoland.com\\\/de\\\/produkte\\\/produkte-fur-die-kosmetikindustrie\\\/rohstoffe-fur-kosmetika\\\/dehydroessigsaure\\\/\",\"url\":\"https:\\\/\\\/naturalpoland.com\\\/de\\\/produkte\\\/produkte-fur-die-kosmetikindustrie\\\/rohstoffe-fur-kosmetika\\\/dehydroessigsaure\\\/\",\"name\":\"Dehydroessigs\u00e4ure - NATURAL POLAND - IMPORT UND HANDEL VON ROHSTOFFEN\",\"isPartOf\":{\"@id\":\"https:\\\/\\\/naturalpoland.com\\\/de\\\/#website\"},\"primaryImageOfPage\":{\"@id\":\"https:\\\/\\\/naturalpoland.com\\\/de\\\/produkte\\\/produkte-fur-die-kosmetikindustrie\\\/rohstoffe-fur-kosmetika\\\/dehydroessigsaure\\\/#primaryimage\"},\"image\":{\"@id\":\"https:\\\/\\\/naturalpoland.com\\\/de\\\/produkte\\\/produkte-fur-die-kosmetikindustrie\\\/rohstoffe-fur-kosmetika\\\/dehydroessigsaure\\\/#primaryimage\"},\"thumbnailUrl\":\"https:\\\/\\\/naturalpoland.com\\\/wp-content\\\/uploads\\\/kwas-dehydrooctowy.webp\",\"datePublished\":\"2024-11-12T16:31:53+00:00\",\"description\":\"Dehydroessigs\u00e4ure wird wegen ihrer au\u00dfergew\u00f6hnlichen sch\u00fctzenden Eigenschaften gesch\u00e4tzt, die in kosmetischen Formulierungen unerl\u00e4sslich sind.\",\"breadcrumb\":{\"@id\":\"https:\\\/\\\/naturalpoland.com\\\/de\\\/produkte\\\/produkte-fur-die-kosmetikindustrie\\\/rohstoffe-fur-kosmetika\\\/dehydroessigsaure\\\/#breadcrumb\"},\"inLanguage\":\"de\",\"potentialAction\":[{\"@type\":\"ReadAction\",\"target\":[\"https:\\\/\\\/naturalpoland.com\\\/de\\\/produkte\\\/produkte-fur-die-kosmetikindustrie\\\/rohstoffe-fur-kosmetika\\\/dehydroessigsaure\\\/\"]}]},{\"@type\":\"ImageObject\",\"inLanguage\":\"de\",\"@id\":\"https:\\\/\\\/naturalpoland.com\\\/de\\\/produkte\\\/produkte-fur-die-kosmetikindustrie\\\/rohstoffe-fur-kosmetika\\\/dehydroessigsaure\\\/#primaryimage\",\"url\":\"https:\\\/\\\/naturalpoland.com\\\/wp-content\\\/uploads\\\/kwas-dehydrooctowy.webp\",\"contentUrl\":\"https:\\\/\\\/naturalpoland.com\\\/wp-content\\\/uploads\\\/kwas-dehydrooctowy.webp\",\"width\":614,\"height\":614,\"caption\":\"kwas dehydrooctowy\"},{\"@type\":\"BreadcrumbList\",\"@id\":\"https:\\\/\\\/naturalpoland.com\\\/de\\\/produkte\\\/produkte-fur-die-kosmetikindustrie\\\/rohstoffe-fur-kosmetika\\\/dehydroessigsaure\\\/#breadcrumb\",\"itemListElement\":[{\"@type\":\"ListItem\",\"position\":1,\"name\":\"Startseite\",\"item\":\"https:\\\/\\\/naturalpoland.com\\\/de\\\/\"},{\"@type\":\"ListItem\",\"position\":2,\"name\":\"Produkte\",\"item\":\"https:\\\/\\\/naturalpoland.com\\\/de\\\/produkte\\\/\"},{\"@type\":\"ListItem\",\"position\":3,\"name\":\"Dehydroessigs\u00e4ure\"}]},{\"@type\":\"WebSite\",\"@id\":\"https:\\\/\\\/naturalpoland.com\\\/de\\\/#website\",\"url\":\"https:\\\/\\\/naturalpoland.com\\\/de\\\/\",\"name\":\"NATURAL POLAND - IMPORT UND HANDEL VON ROHSTOFFEN\",\"description\":\"Rohstoffe f\u00fcr die Lebensmittelindustrie, Kosmetikindustrie, Pharmaindustrie\",\"publisher\":{\"@id\":\"https:\\\/\\\/naturalpoland.com\\\/de\\\/#organization\"},\"potentialAction\":[{\"@type\":\"SearchAction\",\"target\":{\"@type\":\"EntryPoint\",\"urlTemplate\":\"https:\\\/\\\/naturalpoland.com\\\/de\\\/?s={search_term_string}\"},\"query-input\":{\"@type\":\"PropertyValueSpecification\",\"valueRequired\":true,\"valueName\":\"search_term_string\"}}],\"inLanguage\":\"de\"},{\"@type\":\"Organization\",\"@id\":\"https:\\\/\\\/naturalpoland.com\\\/de\\\/#organization\",\"name\":\"Natural Poland\",\"url\":\"https:\\\/\\\/naturalpoland.com\\\/de\\\/\",\"logo\":{\"@type\":\"ImageObject\",\"inLanguage\":\"de\",\"@id\":\"https:\\\/\\\/naturalpoland.com\\\/de\\\/#\\\/schema\\\/logo\\\/image\\\/\",\"url\":\"https:\\\/\\\/naturalpoland.com\\\/wp-content\\\/uploads\\\/2021\\\/05\\\/natural-poland-icon.png\",\"contentUrl\":\"https:\\\/\\\/naturalpoland.com\\\/wp-content\\\/uploads\\\/2021\\\/05\\\/natural-poland-icon.png\",\"width\":512,\"height\":512,\"caption\":\"Natural Poland\"},\"image\":{\"@id\":\"https:\\\/\\\/naturalpoland.com\\\/de\\\/#\\\/schema\\\/logo\\\/image\\\/\"},\"sameAs\":[\"https:\\\/\\\/www.facebook.com\\\/naturalpoland.b2b\",\"https:\\\/\\\/pl.linkedin.com\\\/company\\\/natural-poland\",\"https:\\\/\\\/www.youtube.com\\\/channel\\\/UCgeGGkvOMahZo-xu_MSEWxg\"]}]}<\/script>\n<!-- \/ Yoast SEO plugin. -->","yoast_head_json":{"title":"Dehydroessigs\u00e4ure - NATURAL POLAND - IMPORT UND HANDEL VON ROHSTOFFEN","description":"Dehydroessigs\u00e4ure wird wegen ihrer au\u00dfergew\u00f6hnlichen sch\u00fctzenden Eigenschaften gesch\u00e4tzt, die in kosmetischen Formulierungen unerl\u00e4sslich sind.","robots":{"index":"index","follow":"follow","max-snippet":"max-snippet:-1","max-image-preview":"max-image-preview:large","max-video-preview":"max-video-preview:-1"},"canonical":"https:\/\/naturalpoland.com\/de\/produkte\/produkte-fur-die-kosmetikindustrie\/rohstoffe-fur-kosmetika\/dehydroessigsaure\/","og_locale":"de_DE","og_type":"article","og_title":"Dehydroessigs\u00e4ure - NATURAL POLAND - IMPORT UND HANDEL VON ROHSTOFFEN","og_description":"Dehydroessigs\u00e4ure wird wegen ihrer au\u00dfergew\u00f6hnlichen sch\u00fctzenden Eigenschaften gesch\u00e4tzt, die in kosmetischen Formulierungen unerl\u00e4sslich sind.","og_url":"https:\/\/naturalpoland.com\/de\/produkte\/produkte-fur-die-kosmetikindustrie\/rohstoffe-fur-kosmetika\/dehydroessigsaure\/","og_site_name":"NATURAL POLAND - IMPORT UND HANDEL VON ROHSTOFFEN","article_publisher":"https:\/\/www.facebook.com\/naturalpoland.b2b","og_image":[{"width":614,"height":614,"url":"https:\/\/naturalpoland.com\/wp-content\/uploads\/kwas-dehydrooctowy.webp","type":"image\/webp"}],"schema":{"@context":"https:\/\/schema.org","@graph":[{"@type":"WebPage","@id":"https:\/\/naturalpoland.com\/de\/produkte\/produkte-fur-die-kosmetikindustrie\/rohstoffe-fur-kosmetika\/dehydroessigsaure\/","url":"https:\/\/naturalpoland.com\/de\/produkte\/produkte-fur-die-kosmetikindustrie\/rohstoffe-fur-kosmetika\/dehydroessigsaure\/","name":"Dehydroessigs\u00e4ure - NATURAL POLAND - IMPORT UND HANDEL VON ROHSTOFFEN","isPartOf":{"@id":"https:\/\/naturalpoland.com\/de\/#website"},"primaryImageOfPage":{"@id":"https:\/\/naturalpoland.com\/de\/produkte\/produkte-fur-die-kosmetikindustrie\/rohstoffe-fur-kosmetika\/dehydroessigsaure\/#primaryimage"},"image":{"@id":"https:\/\/naturalpoland.com\/de\/produkte\/produkte-fur-die-kosmetikindustrie\/rohstoffe-fur-kosmetika\/dehydroessigsaure\/#primaryimage"},"thumbnailUrl":"https:\/\/naturalpoland.com\/wp-content\/uploads\/kwas-dehydrooctowy.webp","datePublished":"2024-11-12T16:31:53+00:00","description":"Dehydroessigs\u00e4ure wird wegen ihrer au\u00dfergew\u00f6hnlichen sch\u00fctzenden Eigenschaften gesch\u00e4tzt, die in kosmetischen Formulierungen unerl\u00e4sslich sind.","breadcrumb":{"@id":"https:\/\/naturalpoland.com\/de\/produkte\/produkte-fur-die-kosmetikindustrie\/rohstoffe-fur-kosmetika\/dehydroessigsaure\/#breadcrumb"},"inLanguage":"de","potentialAction":[{"@type":"ReadAction","target":["https:\/\/naturalpoland.com\/de\/produkte\/produkte-fur-die-kosmetikindustrie\/rohstoffe-fur-kosmetika\/dehydroessigsaure\/"]}]},{"@type":"ImageObject","inLanguage":"de","@id":"https:\/\/naturalpoland.com\/de\/produkte\/produkte-fur-die-kosmetikindustrie\/rohstoffe-fur-kosmetika\/dehydroessigsaure\/#primaryimage","url":"https:\/\/naturalpoland.com\/wp-content\/uploads\/kwas-dehydrooctowy.webp","contentUrl":"https:\/\/naturalpoland.com\/wp-content\/uploads\/kwas-dehydrooctowy.webp","width":614,"height":614,"caption":"kwas dehydrooctowy"},{"@type":"BreadcrumbList","@id":"https:\/\/naturalpoland.com\/de\/produkte\/produkte-fur-die-kosmetikindustrie\/rohstoffe-fur-kosmetika\/dehydroessigsaure\/#breadcrumb","itemListElement":[{"@type":"ListItem","position":1,"name":"Startseite","item":"https:\/\/naturalpoland.com\/de\/"},{"@type":"ListItem","position":2,"name":"Produkte","item":"https:\/\/naturalpoland.com\/de\/produkte\/"},{"@type":"ListItem","position":3,"name":"Dehydroessigs\u00e4ure"}]},{"@type":"WebSite","@id":"https:\/\/naturalpoland.com\/de\/#website","url":"https:\/\/naturalpoland.com\/de\/","name":"NATURAL POLAND - IMPORT UND HANDEL VON ROHSTOFFEN","description":"Rohstoffe f\u00fcr die Lebensmittelindustrie, Kosmetikindustrie, Pharmaindustrie","publisher":{"@id":"https:\/\/naturalpoland.com\/de\/#organization"},"potentialAction":[{"@type":"SearchAction","target":{"@type":"EntryPoint","urlTemplate":"https:\/\/naturalpoland.com\/de\/?s={search_term_string}"},"query-input":{"@type":"PropertyValueSpecification","valueRequired":true,"valueName":"search_term_string"}}],"inLanguage":"de"},{"@type":"Organization","@id":"https:\/\/naturalpoland.com\/de\/#organization","name":"Natural Poland","url":"https:\/\/naturalpoland.com\/de\/","logo":{"@type":"ImageObject","inLanguage":"de","@id":"https:\/\/naturalpoland.com\/de\/#\/schema\/logo\/image\/","url":"https:\/\/naturalpoland.com\/wp-content\/uploads\/2021\/05\/natural-poland-icon.png","contentUrl":"https:\/\/naturalpoland.com\/wp-content\/uploads\/2021\/05\/natural-poland-icon.png","width":512,"height":512,"caption":"Natural Poland"},"image":{"@id":"https:\/\/naturalpoland.com\/de\/#\/schema\/logo\/image\/"},"sameAs":["https:\/\/www.facebook.com\/naturalpoland.b2b","https:\/\/pl.linkedin.com\/company\/natural-poland","https:\/\/www.youtube.com\/channel\/UCgeGGkvOMahZo-xu_MSEWxg"]}]}},"_links":{"self":[{"href":"https:\/\/naturalpoland.com\/de\/wp-json\/wp\/v2\/product\/37708","targetHints":{"allow":["GET"]}}],"collection":[{"href":"https:\/\/naturalpoland.com\/de\/wp-json\/wp\/v2\/product"}],"about":[{"href":"https:\/\/naturalpoland.com\/de\/wp-json\/wp\/v2\/types\/product"}],"wp:featuredmedia":[{"embeddable":true,"href":"https:\/\/naturalpoland.com\/de\/wp-json\/wp\/v2\/media\/37569"}],"wp:attachment":[{"href":"https:\/\/naturalpoland.com\/de\/wp-json\/wp\/v2\/media?parent=37708"}],"wp:term":[{"taxonomy":"product_brand","embeddable":true,"href":"https:\/\/naturalpoland.com\/de\/wp-json\/wp\/v2\/product_brand?post=37708"},{"taxonomy":"product_cat","embeddable":true,"href":"https:\/\/naturalpoland.com\/de\/wp-json\/wp\/v2\/product_cat?post=37708"},{"taxonomy":"product_tag","embeddable":true,"href":"https:\/\/naturalpoland.com\/de\/wp-json\/wp\/v2\/product_tag?post=37708"}],"curies":[{"name":"wp","href":"https:\/\/api.w.org\/{rel}","templated":true}]}}