{"id":38215,"date":"2024-11-21T15:09:09","date_gmt":"2024-12-10T09:14:24","guid":{"rendered":"https:\/\/naturalpoland.com\/produkty\/unkategorisiert\/ekstrakt-z-widlaka-gozdzistego\/"},"modified":"2024-12-10T10:14:24","modified_gmt":"2024-12-10T09:14:24","slug":"ekstrakt-z-widlaka-gozdzistego","status":"publish","type":"product","link":"https:\/\/naturalpoland.com\/de\/produkte\/produkte-fur-die-pharmaindustrie\/nahrungserganzungmittel\/ekstrakt-z-widlaka-gozdzistego\/","title":{"rendered":"Nelkengabel-Extrakt"},"content":{"rendered":"<h2>Eigenschaften und Auswirkungen<\/h2>\n<p><strong>Huperzin A<\/strong> ist f\u00fcr seine nootropische Wirkung bekannt, die die Konzentration, das Ged\u00e4chtnis und die Motivation f\u00f6rdert. Dieses Alkaloid wirkt als Acetylcholinesterase-Hemmer und <strong>erh\u00f6ht den Acetylcholinspiegel im Gehirn<\/strong>, der ein wichtiger Neurotransmitter f\u00fcr Ged\u00e4chtnis und Lernen ist. In der traditionellen chinesischen Medizin wird Huperzia serrata verwendet, um die geistigen Funktionen zu verbessern und die Symptome von geistiger M\u00fcdigkeit und Demenz zu lindern. Der Extrakt wird auch f\u00fcr m\u00f6gliche Anwendungen bei der Behandlung von neurodegenerativen Erkrankungen wie der Alzheimer-Krankheit untersucht.  <\/p>\n<h2>Anmeldung<\/h2>\n<p>Nelkengabel-Extrakt wird haupts\u00e4chlich in Nahrungserg\u00e4nzungsmitteln zur Unterst\u00fctzung von Ged\u00e4chtnis, Konzentration und kognitiven Prozessen verwendet. und als Unterst\u00fctzung bei neurodegenerativen Therapien. <\/p>\n","protected":false},"excerpt":{"rendered":"<p><strong>Nelkengabel-Extrakt<\/strong> wird aus der ganzen Pflanze <strong>extrahiert<\/strong> <strong><em>Huperzia serrata<\/em><\/strong>. Er enth\u00e4lt einen hohen Gehalt an <strong>Huperzin A<\/strong>, einem Alkaloid, das f\u00fcr seine Eigenschaften zur Unterst\u00fctzung kognitiver und neurologischer Funktionen bekannt ist. <\/p>\n","protected":false},"featured_media":37950,"template":"","meta":{"_acf_changed":false},"product_brand":[],"product_cat":[385,373],"product_tag":[],"class_list":{"0":"post-38215","1":"product","2":"type-product","3":"status-publish","4":"has-post-thumbnail","6":"product_cat-pflanzenextrakte","7":"product_cat-nahrungserganzungmittel","8":"pa_czesc-rosliny-ganze-pflanze","9":"pa_skladnik-aktywny-huperzin-a","11":"first","12":"instock","13":"shipping-taxable","14":"product-type-simple"},"acf":[],"yoast_head":"<!-- This site is optimized with the Yoast SEO plugin v27.5 - https:\/\/yoast.com\/product\/yoast-seo-wordpress\/ -->\n<title>Nelkengabel-Extrakt - Gro\u00dfh\u00e4ndler von Rohstoffen<\/title>\n<meta name=\"description\" content=\"Nelkengabel-Extrakt mit einem hohen Gehalt an Huperzin A ist eine Zutat in modernen Pr\u00e4paraten zur Unterst\u00fctzung der geistigen Funktion.\" \/>\n<meta name=\"robots\" content=\"index, follow, max-snippet:-1, max-image-preview:large, max-video-preview:-1\" \/>\n<link rel=\"canonical\" href=\"https:\/\/naturalpoland.com\/de\/produkte\/produkte-fur-die-pharmaindustrie\/nahrungserganzungmittel\/ekstrakt-z-widlaka-gozdzistego\/\" \/>\n<meta property=\"og:locale\" content=\"de_DE\" \/>\n<meta property=\"og:type\" content=\"article\" \/>\n<meta property=\"og:title\" content=\"Nelkengabel-Extrakt - Gro\u00dfh\u00e4ndler von Rohstoffen\" \/>\n<meta property=\"og:description\" content=\"Nelkengabel-Extrakt mit einem hohen Gehalt an Huperzin A ist eine Zutat in modernen Pr\u00e4paraten zur Unterst\u00fctzung der geistigen Funktion.\" \/>\n<meta property=\"og:url\" content=\"https:\/\/naturalpoland.com\/de\/produkte\/produkte-fur-die-pharmaindustrie\/nahrungserganzungmittel\/ekstrakt-z-widlaka-gozdzistego\/\" \/>\n<meta property=\"og:site_name\" content=\"NATURAL POLAND - IMPORT UND HANDEL VON ROHSTOFFEN\" \/>\n<meta property=\"article:publisher\" content=\"https:\/\/www.facebook.com\/naturalpoland.b2b\" \/>\n<meta property=\"og:image\" content=\"https:\/\/naturalpoland.com\/wp-content\/uploads\/ekstrakt-z-widlaka-gozdzistego.webp\" \/>\n\t<meta property=\"og:image:width\" content=\"614\" \/>\n\t<meta property=\"og:image:height\" content=\"614\" \/>\n\t<meta property=\"og:image:type\" content=\"image\/webp\" \/>\n<script type=\"application\/ld+json\" class=\"yoast-schema-graph\">{\"@context\":\"https:\\\/\\\/schema.org\",\"@graph\":[{\"@type\":\"WebPage\",\"@id\":\"https:\\\/\\\/naturalpoland.com\\\/de\\\/produkte\\\/produkte-fur-die-pharmaindustrie\\\/nahrungserganzungmittel\\\/ekstrakt-z-widlaka-gozdzistego\\\/\",\"url\":\"https:\\\/\\\/naturalpoland.com\\\/de\\\/produkte\\\/produkte-fur-die-pharmaindustrie\\\/nahrungserganzungmittel\\\/ekstrakt-z-widlaka-gozdzistego\\\/\",\"name\":\"Nelkengabel-Extrakt - Gro\u00dfh\u00e4ndler von Rohstoffen\",\"isPartOf\":{\"@id\":\"https:\\\/\\\/naturalpoland.com\\\/de\\\/#website\"},\"primaryImageOfPage\":{\"@id\":\"https:\\\/\\\/naturalpoland.com\\\/de\\\/produkte\\\/produkte-fur-die-pharmaindustrie\\\/nahrungserganzungmittel\\\/ekstrakt-z-widlaka-gozdzistego\\\/#primaryimage\"},\"image\":{\"@id\":\"https:\\\/\\\/naturalpoland.com\\\/de\\\/produkte\\\/produkte-fur-die-pharmaindustrie\\\/nahrungserganzungmittel\\\/ekstrakt-z-widlaka-gozdzistego\\\/#primaryimage\"},\"thumbnailUrl\":\"https:\\\/\\\/naturalpoland.com\\\/wp-content\\\/uploads\\\/ekstrakt-z-widlaka-gozdzistego.webp\",\"datePublished\":\"2024-12-10T09:14:24+00:00\",\"description\":\"Nelkengabel-Extrakt mit einem hohen Gehalt an Huperzin A ist eine Zutat in modernen Pr\u00e4paraten zur Unterst\u00fctzung der geistigen Funktion.\",\"breadcrumb\":{\"@id\":\"https:\\\/\\\/naturalpoland.com\\\/de\\\/produkte\\\/produkte-fur-die-pharmaindustrie\\\/nahrungserganzungmittel\\\/ekstrakt-z-widlaka-gozdzistego\\\/#breadcrumb\"},\"inLanguage\":\"de\",\"potentialAction\":[{\"@type\":\"ReadAction\",\"target\":[\"https:\\\/\\\/naturalpoland.com\\\/de\\\/produkte\\\/produkte-fur-die-pharmaindustrie\\\/nahrungserganzungmittel\\\/ekstrakt-z-widlaka-gozdzistego\\\/\"]}]},{\"@type\":\"ImageObject\",\"inLanguage\":\"de\",\"@id\":\"https:\\\/\\\/naturalpoland.com\\\/de\\\/produkte\\\/produkte-fur-die-pharmaindustrie\\\/nahrungserganzungmittel\\\/ekstrakt-z-widlaka-gozdzistego\\\/#primaryimage\",\"url\":\"https:\\\/\\\/naturalpoland.com\\\/wp-content\\\/uploads\\\/ekstrakt-z-widlaka-gozdzistego.webp\",\"contentUrl\":\"https:\\\/\\\/naturalpoland.com\\\/wp-content\\\/uploads\\\/ekstrakt-z-widlaka-gozdzistego.webp\",\"width\":614,\"height\":614,\"caption\":\"Ekstrakt z wid\u0142aka go\u017adzistego\"},{\"@type\":\"BreadcrumbList\",\"@id\":\"https:\\\/\\\/naturalpoland.com\\\/de\\\/produkte\\\/produkte-fur-die-pharmaindustrie\\\/nahrungserganzungmittel\\\/ekstrakt-z-widlaka-gozdzistego\\\/#breadcrumb\",\"itemListElement\":[{\"@type\":\"ListItem\",\"position\":1,\"name\":\"Startseite\",\"item\":\"https:\\\/\\\/naturalpoland.com\\\/de\\\/\"},{\"@type\":\"ListItem\",\"position\":2,\"name\":\"Produkte\",\"item\":\"https:\\\/\\\/naturalpoland.com\\\/de\\\/produkte\\\/\"},{\"@type\":\"ListItem\",\"position\":3,\"name\":\"Nelkengabel-Extrakt\"}]},{\"@type\":\"WebSite\",\"@id\":\"https:\\\/\\\/naturalpoland.com\\\/de\\\/#website\",\"url\":\"https:\\\/\\\/naturalpoland.com\\\/de\\\/\",\"name\":\"NATURAL POLAND - IMPORT UND HANDEL VON ROHSTOFFEN\",\"description\":\"Rohstoffe f\u00fcr die Lebensmittelindustrie, Kosmetikindustrie, Pharmaindustrie\",\"publisher\":{\"@id\":\"https:\\\/\\\/naturalpoland.com\\\/de\\\/#organization\"},\"potentialAction\":[{\"@type\":\"SearchAction\",\"target\":{\"@type\":\"EntryPoint\",\"urlTemplate\":\"https:\\\/\\\/naturalpoland.com\\\/de\\\/?s={search_term_string}\"},\"query-input\":{\"@type\":\"PropertyValueSpecification\",\"valueRequired\":true,\"valueName\":\"search_term_string\"}}],\"inLanguage\":\"de\"},{\"@type\":\"Organization\",\"@id\":\"https:\\\/\\\/naturalpoland.com\\\/de\\\/#organization\",\"name\":\"Natural Poland\",\"url\":\"https:\\\/\\\/naturalpoland.com\\\/de\\\/\",\"logo\":{\"@type\":\"ImageObject\",\"inLanguage\":\"de\",\"@id\":\"https:\\\/\\\/naturalpoland.com\\\/de\\\/#\\\/schema\\\/logo\\\/image\\\/\",\"url\":\"https:\\\/\\\/naturalpoland.com\\\/wp-content\\\/uploads\\\/2021\\\/05\\\/natural-poland-icon.png\",\"contentUrl\":\"https:\\\/\\\/naturalpoland.com\\\/wp-content\\\/uploads\\\/2021\\\/05\\\/natural-poland-icon.png\",\"width\":512,\"height\":512,\"caption\":\"Natural Poland\"},\"image\":{\"@id\":\"https:\\\/\\\/naturalpoland.com\\\/de\\\/#\\\/schema\\\/logo\\\/image\\\/\"},\"sameAs\":[\"https:\\\/\\\/www.facebook.com\\\/naturalpoland.b2b\",\"https:\\\/\\\/pl.linkedin.com\\\/company\\\/natural-poland\",\"https:\\\/\\\/www.youtube.com\\\/channel\\\/UCgeGGkvOMahZo-xu_MSEWxg\"]}]}<\/script>\n<!-- \/ Yoast SEO plugin. -->","yoast_head_json":{"title":"Nelkengabel-Extrakt - Gro\u00dfh\u00e4ndler von Rohstoffen","description":"Nelkengabel-Extrakt mit einem hohen Gehalt an Huperzin A ist eine Zutat in modernen Pr\u00e4paraten zur Unterst\u00fctzung der geistigen Funktion.","robots":{"index":"index","follow":"follow","max-snippet":"max-snippet:-1","max-image-preview":"max-image-preview:large","max-video-preview":"max-video-preview:-1"},"canonical":"https:\/\/naturalpoland.com\/de\/produkte\/produkte-fur-die-pharmaindustrie\/nahrungserganzungmittel\/ekstrakt-z-widlaka-gozdzistego\/","og_locale":"de_DE","og_type":"article","og_title":"Nelkengabel-Extrakt - Gro\u00dfh\u00e4ndler von Rohstoffen","og_description":"Nelkengabel-Extrakt mit einem hohen Gehalt an Huperzin A ist eine Zutat in modernen Pr\u00e4paraten zur Unterst\u00fctzung der geistigen Funktion.","og_url":"https:\/\/naturalpoland.com\/de\/produkte\/produkte-fur-die-pharmaindustrie\/nahrungserganzungmittel\/ekstrakt-z-widlaka-gozdzistego\/","og_site_name":"NATURAL POLAND - IMPORT UND HANDEL VON ROHSTOFFEN","article_publisher":"https:\/\/www.facebook.com\/naturalpoland.b2b","og_image":[{"width":614,"height":614,"url":"https:\/\/naturalpoland.com\/wp-content\/uploads\/ekstrakt-z-widlaka-gozdzistego.webp","type":"image\/webp"}],"schema":{"@context":"https:\/\/schema.org","@graph":[{"@type":"WebPage","@id":"https:\/\/naturalpoland.com\/de\/produkte\/produkte-fur-die-pharmaindustrie\/nahrungserganzungmittel\/ekstrakt-z-widlaka-gozdzistego\/","url":"https:\/\/naturalpoland.com\/de\/produkte\/produkte-fur-die-pharmaindustrie\/nahrungserganzungmittel\/ekstrakt-z-widlaka-gozdzistego\/","name":"Nelkengabel-Extrakt - Gro\u00dfh\u00e4ndler von Rohstoffen","isPartOf":{"@id":"https:\/\/naturalpoland.com\/de\/#website"},"primaryImageOfPage":{"@id":"https:\/\/naturalpoland.com\/de\/produkte\/produkte-fur-die-pharmaindustrie\/nahrungserganzungmittel\/ekstrakt-z-widlaka-gozdzistego\/#primaryimage"},"image":{"@id":"https:\/\/naturalpoland.com\/de\/produkte\/produkte-fur-die-pharmaindustrie\/nahrungserganzungmittel\/ekstrakt-z-widlaka-gozdzistego\/#primaryimage"},"thumbnailUrl":"https:\/\/naturalpoland.com\/wp-content\/uploads\/ekstrakt-z-widlaka-gozdzistego.webp","datePublished":"2024-12-10T09:14:24+00:00","description":"Nelkengabel-Extrakt mit einem hohen Gehalt an Huperzin A ist eine Zutat in modernen Pr\u00e4paraten zur Unterst\u00fctzung der geistigen Funktion.","breadcrumb":{"@id":"https:\/\/naturalpoland.com\/de\/produkte\/produkte-fur-die-pharmaindustrie\/nahrungserganzungmittel\/ekstrakt-z-widlaka-gozdzistego\/#breadcrumb"},"inLanguage":"de","potentialAction":[{"@type":"ReadAction","target":["https:\/\/naturalpoland.com\/de\/produkte\/produkte-fur-die-pharmaindustrie\/nahrungserganzungmittel\/ekstrakt-z-widlaka-gozdzistego\/"]}]},{"@type":"ImageObject","inLanguage":"de","@id":"https:\/\/naturalpoland.com\/de\/produkte\/produkte-fur-die-pharmaindustrie\/nahrungserganzungmittel\/ekstrakt-z-widlaka-gozdzistego\/#primaryimage","url":"https:\/\/naturalpoland.com\/wp-content\/uploads\/ekstrakt-z-widlaka-gozdzistego.webp","contentUrl":"https:\/\/naturalpoland.com\/wp-content\/uploads\/ekstrakt-z-widlaka-gozdzistego.webp","width":614,"height":614,"caption":"Ekstrakt z wid\u0142aka go\u017adzistego"},{"@type":"BreadcrumbList","@id":"https:\/\/naturalpoland.com\/de\/produkte\/produkte-fur-die-pharmaindustrie\/nahrungserganzungmittel\/ekstrakt-z-widlaka-gozdzistego\/#breadcrumb","itemListElement":[{"@type":"ListItem","position":1,"name":"Startseite","item":"https:\/\/naturalpoland.com\/de\/"},{"@type":"ListItem","position":2,"name":"Produkte","item":"https:\/\/naturalpoland.com\/de\/produkte\/"},{"@type":"ListItem","position":3,"name":"Nelkengabel-Extrakt"}]},{"@type":"WebSite","@id":"https:\/\/naturalpoland.com\/de\/#website","url":"https:\/\/naturalpoland.com\/de\/","name":"NATURAL POLAND - IMPORT UND HANDEL VON ROHSTOFFEN","description":"Rohstoffe f\u00fcr die Lebensmittelindustrie, Kosmetikindustrie, Pharmaindustrie","publisher":{"@id":"https:\/\/naturalpoland.com\/de\/#organization"},"potentialAction":[{"@type":"SearchAction","target":{"@type":"EntryPoint","urlTemplate":"https:\/\/naturalpoland.com\/de\/?s={search_term_string}"},"query-input":{"@type":"PropertyValueSpecification","valueRequired":true,"valueName":"search_term_string"}}],"inLanguage":"de"},{"@type":"Organization","@id":"https:\/\/naturalpoland.com\/de\/#organization","name":"Natural Poland","url":"https:\/\/naturalpoland.com\/de\/","logo":{"@type":"ImageObject","inLanguage":"de","@id":"https:\/\/naturalpoland.com\/de\/#\/schema\/logo\/image\/","url":"https:\/\/naturalpoland.com\/wp-content\/uploads\/2021\/05\/natural-poland-icon.png","contentUrl":"https:\/\/naturalpoland.com\/wp-content\/uploads\/2021\/05\/natural-poland-icon.png","width":512,"height":512,"caption":"Natural Poland"},"image":{"@id":"https:\/\/naturalpoland.com\/de\/#\/schema\/logo\/image\/"},"sameAs":["https:\/\/www.facebook.com\/naturalpoland.b2b","https:\/\/pl.linkedin.com\/company\/natural-poland","https:\/\/www.youtube.com\/channel\/UCgeGGkvOMahZo-xu_MSEWxg"]}]}},"_links":{"self":[{"href":"https:\/\/naturalpoland.com\/de\/wp-json\/wp\/v2\/product\/38215","targetHints":{"allow":["GET"]}}],"collection":[{"href":"https:\/\/naturalpoland.com\/de\/wp-json\/wp\/v2\/product"}],"about":[{"href":"https:\/\/naturalpoland.com\/de\/wp-json\/wp\/v2\/types\/product"}],"wp:featuredmedia":[{"embeddable":true,"href":"https:\/\/naturalpoland.com\/de\/wp-json\/wp\/v2\/media\/37950"}],"wp:attachment":[{"href":"https:\/\/naturalpoland.com\/de\/wp-json\/wp\/v2\/media?parent=38215"}],"wp:term":[{"taxonomy":"product_brand","embeddable":true,"href":"https:\/\/naturalpoland.com\/de\/wp-json\/wp\/v2\/product_brand?post=38215"},{"taxonomy":"product_cat","embeddable":true,"href":"https:\/\/naturalpoland.com\/de\/wp-json\/wp\/v2\/product_cat?post=38215"},{"taxonomy":"product_tag","embeddable":true,"href":"https:\/\/naturalpoland.com\/de\/wp-json\/wp\/v2\/product_tag?post=38215"}],"curies":[{"name":"wp","href":"https:\/\/api.w.org\/{rel}","templated":true}]}}