{"id":38708,"date":"2025-01-14T12:16:38","date_gmt":"2025-01-15T14:56:39","guid":{"rendered":"https:\/\/naturalpoland.com\/produkty\/unkategorisiert\/witamina-b1\/"},"modified":"2025-01-15T15:56:39","modified_gmt":"2025-01-15T14:56:39","slug":"witamina-b1","status":"publish","type":"product","link":"https:\/\/naturalpoland.com\/de\/produkte\/produkte-fur-die-pharmaindustrie\/vitamine\/witamina-b1\/","title":{"rendered":"Vitamin B1"},"content":{"rendered":"<h2>Eigenschaften von Vitamin B1<\/h2>\n<p>Thiamin spielt eine Schl\u00fcsselrolle bei der <strong>Umwandlung von Kohlenhydraten in Energie<\/strong>, da es f\u00fcr das ordnungsgem\u00e4\u00dfe Funktionieren der zellul\u00e4ren Mitochondrien unerl\u00e4sslich ist. Es ist auch wichtig f\u00fcr die <strong>Gesundheit des Nervensystems<\/strong>, da es an der Nervenleitung beteiligt ist und die normale Funktion des Gehirns und des Nervensystems unterst\u00fctzt. Ein Mangel an Thiamin kann zu Neuropathie und Konzentrationsschw\u00e4che f\u00fchren. Im Zusammenhang mit dem Herz-Kreislauf-System tr\u00e4gt Thiamin zur Aufrechterhaltung eines <strong>normalen Herzrhythmus<\/strong> und zur Unterst\u00fctzung der Herzmuskelfunktion bei, und ein Mangel kann zu Muskelschw\u00e4che und Kreislaufproblemen f\u00fchren. Thiamin wird auch bei der <strong>Behandlung der Beri-Krankheit<\/strong> eingesetzt, die sich durch einen Mangel an Thiamin in Form von Schw\u00e4che, Gewichtsverlust und Herzbeschwerden \u00e4u\u00dfert.  <\/p>\n<h2>Anmeldung<\/h2>\n<p>Es wird auch in der Nahrungserg\u00e4nzung und Pharmazie als Zusatzstoff in <strong>Vitaminpr\u00e4paraten<\/strong>, <strong>Nahrungserg\u00e4nzungsmitteln<\/strong> und funktionellen Lebensmitteln, einschlie\u00dflich <strong>Sportern\u00e4hrung<\/strong>, verwendet. Thiamin spielt eine Schl\u00fcsselrolle bei der Behandlung von B-Vitaminmangel und unterst\u00fctzt die allgemeine Gesundheit des K\u00f6rpers.<\/p>\n","protected":false},"excerpt":{"rendered":"<p><strong>Vitamin B1<\/strong>, auch bekannt als <strong>Thiamin<\/strong> (<em><strong>Thiaminhydrochlorid<\/strong><\/em>), ist ein wasserl\u00f6sliches B-Vitamin, das f\u00fcr das normale Funktionieren des K\u00f6rpers entscheidend ist. Thiamin spielt eine wichtige Rolle im Kohlenhydratstoffwechsel, unterst\u00fctzt die Umwandlung von Glukose in Energie und h\u00e4lt das Nervensystem gesund. <\/p>\n","protected":false},"featured_media":38680,"template":"","meta":{"_acf_changed":false},"product_brand":[],"product_cat":[372],"product_tag":[],"class_list":{"0":"post-38708","1":"product","2":"type-product","3":"status-publish","4":"has-post-thumbnail","6":"product_cat-vitamine","8":"first","9":"instock","10":"shipping-taxable","11":"product-type-simple"},"acf":[],"yoast_head":"<!-- This site is optimized with the Yoast SEO plugin v27.4 - https:\/\/yoast.com\/product\/yoast-seo-wordpress\/ -->\n<title>Vitamin B1 - Gro\u00dfh\u00e4ndler von Rohstoffen NATURAL POLAND - IMPORT UND HANDEL VON ROHSTOFFEN<\/title>\n<meta name=\"description\" content=\"Vitamin B1 ist ein vielseitiger und hochwertiger Rohstoff mit einer breiten Palette von Anwendungen in Nahrungserg\u00e4nzungsmitteln, Arzneimitteln und funktionellen Produkten\" \/>\n<meta name=\"robots\" content=\"index, follow, max-snippet:-1, max-image-preview:large, max-video-preview:-1\" \/>\n<link rel=\"canonical\" href=\"https:\/\/naturalpoland.com\/de\/produkte\/produkte-fur-die-pharmaindustrie\/vitamine\/witamina-b1\/\" \/>\n<meta property=\"og:locale\" content=\"de_DE\" \/>\n<meta property=\"og:type\" content=\"article\" \/>\n<meta property=\"og:title\" content=\"Vitamin B1 - Gro\u00dfh\u00e4ndler von Rohstoffen NATURAL POLAND - IMPORT UND HANDEL VON ROHSTOFFEN\" \/>\n<meta property=\"og:description\" content=\"Vitamin B1 ist ein vielseitiger und hochwertiger Rohstoff mit einer breiten Palette von Anwendungen in Nahrungserg\u00e4nzungsmitteln, Arzneimitteln und funktionellen Produkten\" \/>\n<meta property=\"og:url\" content=\"https:\/\/naturalpoland.com\/de\/produkte\/produkte-fur-die-pharmaindustrie\/vitamine\/witamina-b1\/\" \/>\n<meta property=\"og:site_name\" content=\"NATURAL POLAND - IMPORT UND HANDEL VON ROHSTOFFEN\" \/>\n<meta property=\"article:publisher\" content=\"https:\/\/www.facebook.com\/naturalpoland.b2b\" \/>\n<meta property=\"og:image\" content=\"https:\/\/naturalpoland.com\/wp-content\/uploads\/witamina-b1.webp\" \/>\n\t<meta property=\"og:image:width\" content=\"592\" \/>\n\t<meta property=\"og:image:height\" content=\"592\" \/>\n\t<meta property=\"og:image:type\" content=\"image\/webp\" \/>\n<script type=\"application\/ld+json\" class=\"yoast-schema-graph\">{\"@context\":\"https:\\\/\\\/schema.org\",\"@graph\":[{\"@type\":\"WebPage\",\"@id\":\"https:\\\/\\\/naturalpoland.com\\\/de\\\/produkte\\\/produkte-fur-die-pharmaindustrie\\\/vitamine\\\/witamina-b1\\\/\",\"url\":\"https:\\\/\\\/naturalpoland.com\\\/de\\\/produkte\\\/produkte-fur-die-pharmaindustrie\\\/vitamine\\\/witamina-b1\\\/\",\"name\":\"Vitamin B1 - Gro\u00dfh\u00e4ndler von Rohstoffen NATURAL POLAND - IMPORT UND HANDEL VON ROHSTOFFEN\",\"isPartOf\":{\"@id\":\"https:\\\/\\\/naturalpoland.com\\\/de\\\/#website\"},\"primaryImageOfPage\":{\"@id\":\"https:\\\/\\\/naturalpoland.com\\\/de\\\/produkte\\\/produkte-fur-die-pharmaindustrie\\\/vitamine\\\/witamina-b1\\\/#primaryimage\"},\"image\":{\"@id\":\"https:\\\/\\\/naturalpoland.com\\\/de\\\/produkte\\\/produkte-fur-die-pharmaindustrie\\\/vitamine\\\/witamina-b1\\\/#primaryimage\"},\"thumbnailUrl\":\"https:\\\/\\\/naturalpoland.com\\\/wp-content\\\/uploads\\\/witamina-b1.webp\",\"datePublished\":\"2025-01-15T14:56:39+00:00\",\"description\":\"Vitamin B1 ist ein vielseitiger und hochwertiger Rohstoff mit einer breiten Palette von Anwendungen in Nahrungserg\u00e4nzungsmitteln, Arzneimitteln und funktionellen Produkten\",\"breadcrumb\":{\"@id\":\"https:\\\/\\\/naturalpoland.com\\\/de\\\/produkte\\\/produkte-fur-die-pharmaindustrie\\\/vitamine\\\/witamina-b1\\\/#breadcrumb\"},\"inLanguage\":\"de\",\"potentialAction\":[{\"@type\":\"ReadAction\",\"target\":[\"https:\\\/\\\/naturalpoland.com\\\/de\\\/produkte\\\/produkte-fur-die-pharmaindustrie\\\/vitamine\\\/witamina-b1\\\/\"]}]},{\"@type\":\"ImageObject\",\"inLanguage\":\"de\",\"@id\":\"https:\\\/\\\/naturalpoland.com\\\/de\\\/produkte\\\/produkte-fur-die-pharmaindustrie\\\/vitamine\\\/witamina-b1\\\/#primaryimage\",\"url\":\"https:\\\/\\\/naturalpoland.com\\\/wp-content\\\/uploads\\\/witamina-b1.webp\",\"contentUrl\":\"https:\\\/\\\/naturalpoland.com\\\/wp-content\\\/uploads\\\/witamina-b1.webp\",\"width\":592,\"height\":592,\"caption\":\"Witamina B1\"},{\"@type\":\"BreadcrumbList\",\"@id\":\"https:\\\/\\\/naturalpoland.com\\\/de\\\/produkte\\\/produkte-fur-die-pharmaindustrie\\\/vitamine\\\/witamina-b1\\\/#breadcrumb\",\"itemListElement\":[{\"@type\":\"ListItem\",\"position\":1,\"name\":\"Startseite\",\"item\":\"https:\\\/\\\/naturalpoland.com\\\/de\\\/\"},{\"@type\":\"ListItem\",\"position\":2,\"name\":\"Produkte\",\"item\":\"https:\\\/\\\/naturalpoland.com\\\/de\\\/produkte\\\/\"},{\"@type\":\"ListItem\",\"position\":3,\"name\":\"Vitamin B1\"}]},{\"@type\":\"WebSite\",\"@id\":\"https:\\\/\\\/naturalpoland.com\\\/de\\\/#website\",\"url\":\"https:\\\/\\\/naturalpoland.com\\\/de\\\/\",\"name\":\"NATURAL POLAND - IMPORT UND HANDEL VON ROHSTOFFEN\",\"description\":\"Rohstoffe f\u00fcr die Lebensmittelindustrie, Kosmetikindustrie, Pharmaindustrie\",\"publisher\":{\"@id\":\"https:\\\/\\\/naturalpoland.com\\\/de\\\/#organization\"},\"potentialAction\":[{\"@type\":\"SearchAction\",\"target\":{\"@type\":\"EntryPoint\",\"urlTemplate\":\"https:\\\/\\\/naturalpoland.com\\\/de\\\/?s={search_term_string}\"},\"query-input\":{\"@type\":\"PropertyValueSpecification\",\"valueRequired\":true,\"valueName\":\"search_term_string\"}}],\"inLanguage\":\"de\"},{\"@type\":\"Organization\",\"@id\":\"https:\\\/\\\/naturalpoland.com\\\/de\\\/#organization\",\"name\":\"Natural Poland\",\"url\":\"https:\\\/\\\/naturalpoland.com\\\/de\\\/\",\"logo\":{\"@type\":\"ImageObject\",\"inLanguage\":\"de\",\"@id\":\"https:\\\/\\\/naturalpoland.com\\\/de\\\/#\\\/schema\\\/logo\\\/image\\\/\",\"url\":\"https:\\\/\\\/naturalpoland.com\\\/wp-content\\\/uploads\\\/2021\\\/05\\\/natural-poland-icon.png\",\"contentUrl\":\"https:\\\/\\\/naturalpoland.com\\\/wp-content\\\/uploads\\\/2021\\\/05\\\/natural-poland-icon.png\",\"width\":512,\"height\":512,\"caption\":\"Natural Poland\"},\"image\":{\"@id\":\"https:\\\/\\\/naturalpoland.com\\\/de\\\/#\\\/schema\\\/logo\\\/image\\\/\"},\"sameAs\":[\"https:\\\/\\\/www.facebook.com\\\/naturalpoland.b2b\",\"https:\\\/\\\/pl.linkedin.com\\\/company\\\/natural-poland\",\"https:\\\/\\\/www.youtube.com\\\/channel\\\/UCgeGGkvOMahZo-xu_MSEWxg\"]}]}<\/script>\n<!-- \/ Yoast SEO plugin. -->","yoast_head_json":{"title":"Vitamin B1 - Gro\u00dfh\u00e4ndler von Rohstoffen NATURAL POLAND - IMPORT UND HANDEL VON ROHSTOFFEN","description":"Vitamin B1 ist ein vielseitiger und hochwertiger Rohstoff mit einer breiten Palette von Anwendungen in Nahrungserg\u00e4nzungsmitteln, Arzneimitteln und funktionellen Produkten","robots":{"index":"index","follow":"follow","max-snippet":"max-snippet:-1","max-image-preview":"max-image-preview:large","max-video-preview":"max-video-preview:-1"},"canonical":"https:\/\/naturalpoland.com\/de\/produkte\/produkte-fur-die-pharmaindustrie\/vitamine\/witamina-b1\/","og_locale":"de_DE","og_type":"article","og_title":"Vitamin B1 - Gro\u00dfh\u00e4ndler von Rohstoffen NATURAL POLAND - IMPORT UND HANDEL VON ROHSTOFFEN","og_description":"Vitamin B1 ist ein vielseitiger und hochwertiger Rohstoff mit einer breiten Palette von Anwendungen in Nahrungserg\u00e4nzungsmitteln, Arzneimitteln und funktionellen Produkten","og_url":"https:\/\/naturalpoland.com\/de\/produkte\/produkte-fur-die-pharmaindustrie\/vitamine\/witamina-b1\/","og_site_name":"NATURAL POLAND - IMPORT UND HANDEL VON ROHSTOFFEN","article_publisher":"https:\/\/www.facebook.com\/naturalpoland.b2b","og_image":[{"width":592,"height":592,"url":"https:\/\/naturalpoland.com\/wp-content\/uploads\/witamina-b1.webp","type":"image\/webp"}],"schema":{"@context":"https:\/\/schema.org","@graph":[{"@type":"WebPage","@id":"https:\/\/naturalpoland.com\/de\/produkte\/produkte-fur-die-pharmaindustrie\/vitamine\/witamina-b1\/","url":"https:\/\/naturalpoland.com\/de\/produkte\/produkte-fur-die-pharmaindustrie\/vitamine\/witamina-b1\/","name":"Vitamin B1 - Gro\u00dfh\u00e4ndler von Rohstoffen NATURAL POLAND - IMPORT UND HANDEL VON ROHSTOFFEN","isPartOf":{"@id":"https:\/\/naturalpoland.com\/de\/#website"},"primaryImageOfPage":{"@id":"https:\/\/naturalpoland.com\/de\/produkte\/produkte-fur-die-pharmaindustrie\/vitamine\/witamina-b1\/#primaryimage"},"image":{"@id":"https:\/\/naturalpoland.com\/de\/produkte\/produkte-fur-die-pharmaindustrie\/vitamine\/witamina-b1\/#primaryimage"},"thumbnailUrl":"https:\/\/naturalpoland.com\/wp-content\/uploads\/witamina-b1.webp","datePublished":"2025-01-15T14:56:39+00:00","description":"Vitamin B1 ist ein vielseitiger und hochwertiger Rohstoff mit einer breiten Palette von Anwendungen in Nahrungserg\u00e4nzungsmitteln, Arzneimitteln und funktionellen Produkten","breadcrumb":{"@id":"https:\/\/naturalpoland.com\/de\/produkte\/produkte-fur-die-pharmaindustrie\/vitamine\/witamina-b1\/#breadcrumb"},"inLanguage":"de","potentialAction":[{"@type":"ReadAction","target":["https:\/\/naturalpoland.com\/de\/produkte\/produkte-fur-die-pharmaindustrie\/vitamine\/witamina-b1\/"]}]},{"@type":"ImageObject","inLanguage":"de","@id":"https:\/\/naturalpoland.com\/de\/produkte\/produkte-fur-die-pharmaindustrie\/vitamine\/witamina-b1\/#primaryimage","url":"https:\/\/naturalpoland.com\/wp-content\/uploads\/witamina-b1.webp","contentUrl":"https:\/\/naturalpoland.com\/wp-content\/uploads\/witamina-b1.webp","width":592,"height":592,"caption":"Witamina B1"},{"@type":"BreadcrumbList","@id":"https:\/\/naturalpoland.com\/de\/produkte\/produkte-fur-die-pharmaindustrie\/vitamine\/witamina-b1\/#breadcrumb","itemListElement":[{"@type":"ListItem","position":1,"name":"Startseite","item":"https:\/\/naturalpoland.com\/de\/"},{"@type":"ListItem","position":2,"name":"Produkte","item":"https:\/\/naturalpoland.com\/de\/produkte\/"},{"@type":"ListItem","position":3,"name":"Vitamin B1"}]},{"@type":"WebSite","@id":"https:\/\/naturalpoland.com\/de\/#website","url":"https:\/\/naturalpoland.com\/de\/","name":"NATURAL POLAND - IMPORT UND HANDEL VON ROHSTOFFEN","description":"Rohstoffe f\u00fcr die Lebensmittelindustrie, Kosmetikindustrie, Pharmaindustrie","publisher":{"@id":"https:\/\/naturalpoland.com\/de\/#organization"},"potentialAction":[{"@type":"SearchAction","target":{"@type":"EntryPoint","urlTemplate":"https:\/\/naturalpoland.com\/de\/?s={search_term_string}"},"query-input":{"@type":"PropertyValueSpecification","valueRequired":true,"valueName":"search_term_string"}}],"inLanguage":"de"},{"@type":"Organization","@id":"https:\/\/naturalpoland.com\/de\/#organization","name":"Natural Poland","url":"https:\/\/naturalpoland.com\/de\/","logo":{"@type":"ImageObject","inLanguage":"de","@id":"https:\/\/naturalpoland.com\/de\/#\/schema\/logo\/image\/","url":"https:\/\/naturalpoland.com\/wp-content\/uploads\/2021\/05\/natural-poland-icon.png","contentUrl":"https:\/\/naturalpoland.com\/wp-content\/uploads\/2021\/05\/natural-poland-icon.png","width":512,"height":512,"caption":"Natural Poland"},"image":{"@id":"https:\/\/naturalpoland.com\/de\/#\/schema\/logo\/image\/"},"sameAs":["https:\/\/www.facebook.com\/naturalpoland.b2b","https:\/\/pl.linkedin.com\/company\/natural-poland","https:\/\/www.youtube.com\/channel\/UCgeGGkvOMahZo-xu_MSEWxg"]}]}},"_links":{"self":[{"href":"https:\/\/naturalpoland.com\/de\/wp-json\/wp\/v2\/product\/38708","targetHints":{"allow":["GET"]}}],"collection":[{"href":"https:\/\/naturalpoland.com\/de\/wp-json\/wp\/v2\/product"}],"about":[{"href":"https:\/\/naturalpoland.com\/de\/wp-json\/wp\/v2\/types\/product"}],"wp:featuredmedia":[{"embeddable":true,"href":"https:\/\/naturalpoland.com\/de\/wp-json\/wp\/v2\/media\/38680"}],"wp:attachment":[{"href":"https:\/\/naturalpoland.com\/de\/wp-json\/wp\/v2\/media?parent=38708"}],"wp:term":[{"taxonomy":"product_brand","embeddable":true,"href":"https:\/\/naturalpoland.com\/de\/wp-json\/wp\/v2\/product_brand?post=38708"},{"taxonomy":"product_cat","embeddable":true,"href":"https:\/\/naturalpoland.com\/de\/wp-json\/wp\/v2\/product_cat?post=38708"},{"taxonomy":"product_tag","embeddable":true,"href":"https:\/\/naturalpoland.com\/de\/wp-json\/wp\/v2\/product_tag?post=38708"}],"curies":[{"name":"wp","href":"https:\/\/api.w.org\/{rel}","templated":true}]}}