{"id":38711,"date":"2025-01-14T13:08:30","date_gmt":"2025-01-15T14:56:46","guid":{"rendered":"https:\/\/naturalpoland.com\/produkty\/unkategorisiert\/ekstrakt-z-convolvulus-pluricaulis-shankhpushpi\/"},"modified":"2025-01-15T15:56:46","modified_gmt":"2025-01-15T14:56:46","slug":"ekstrakt-z-convolvulus-pluricaulis-shankhpushpi","status":"publish","type":"product","link":"https:\/\/naturalpoland.com\/de\/produkte\/pflanzenextrakte\/ekstrakt-z-convolvulus-pluricaulis-shankhpushpi\/","title":{"rendered":"Extrakt aus Convolvulus pluricaulis (Shankhpushpi)"},"content":{"rendered":"<h2>Eigenschaften von Shankhpushpi<\/h2>\n<p>Der Extrakt aus Convolvulus pluricaulis wird seit Jahrhunderten in der ayurvedischen Medizin verwendet, vor allem wegen seiner Eigenschaften zur Unterst\u00fctzung der Gesundheit des Nervensystems und des geistigen Wohlbefindens. Er gilt als <strong>Nootropikum zur Unterst\u00fctzung von Konzentration<\/strong>, Ged\u00e4chtnis und Denkprozessen. Er besitzt <strong>adaptogene Eigenschaften<\/strong>, die dem K\u00f6rper helfen, Stress und emotionale Spannungen zu bek\u00e4mpfen. Sie <strong>hat eine beruhigende Wirkung<\/strong> und kann die Behandlung von Angstzust\u00e4nden und Schlaflosigkeit unterst\u00fctzen, weshalb sie im Ayurveda traditionell als Entspannungsmittel verwendet wird. Die bioaktiven Verbindungen der Pflanze tragen dazu bei, <strong>freie Radikale zu neutralisieren<\/strong> und die Zellgesundheit zu unterst\u00fctzen. Ihre potenziell <strong>entz\u00fcndungshemmende Wirkung<\/strong> kann bei der Behandlung chronischer Krankheiten von Nutzen sein. Der Extrakt aus Convolvulus pluricaulis wird in der Naturmedizin auch zur Unterst\u00fctzung der <strong>endokrinen Gesundheit<\/strong> verwendet, insbesondere im Zusammenhang mit der Senkung des Cortisolspiegels. Der Extrakt aus Convolvulus pluricaulis kann in verschiedenen Formen von Nahrungserg\u00e4nzungsmitteln wie Kapseln, Tabletten und Kr\u00e4utertees eingenommen werden. Der Extrakt wird nicht f\u00fcr schwangere oder stillende Frauen empfohlen. Personen, die psychotrope oder sedierende Medikamente einnehmen, sollten vor der Einnahme einen Arzt konsultieren.  <\/p>\n","protected":false},"excerpt":{"rendered":"<p><strong>Convolvulus pluricaulis Extrakt<\/strong>, auch bekannt als <strong>Shankhpushpi<\/strong>, wird aus den Bl\u00fcten dieser in China beheimateten ayurvedischen Pflanze extrahiert. Das Produkt wird in Form eines fein gemahlenen Pulvers mit einem charakteristischen Geruch und Geschmack angeboten. <\/p>\n","protected":false},"featured_media":38693,"template":"","meta":{"_acf_changed":false},"product_brand":[],"product_cat":[385],"product_tag":[],"class_list":{"0":"post-38711","1":"product","2":"type-product","3":"status-publish","4":"has-post-thumbnail","6":"product_cat-pflanzenextrakte","7":"pa_czesc-rosliny-blume","9":"first","10":"instock","11":"shipping-taxable","12":"product-type-simple"},"acf":[],"yoast_head":"<!-- This site is optimized with the Yoast SEO plugin v27.4 - https:\/\/yoast.com\/product\/yoast-seo-wordpress\/ -->\n<title>Extrakt aus Convolvulus pluricaulis (Shankhpushpi)<\/title>\n<meta name=\"description\" content=\"Convolvulus pluricaulis Extrakt, auch bekannt als Shankhpushpi, ist ein hochwertiges Pflanzenmaterial, das aus den Bl\u00fcten dieser ayurvedischen Pflanze gewonnen wird.\" \/>\n<meta name=\"robots\" content=\"index, follow, max-snippet:-1, max-image-preview:large, max-video-preview:-1\" \/>\n<link rel=\"canonical\" href=\"https:\/\/naturalpoland.com\/de\/produkte\/pflanzenextrakte\/ekstrakt-z-convolvulus-pluricaulis-shankhpushpi\/\" \/>\n<meta property=\"og:locale\" content=\"de_DE\" \/>\n<meta property=\"og:type\" content=\"article\" \/>\n<meta property=\"og:title\" content=\"Extrakt aus Convolvulus pluricaulis (Shankhpushpi)\" \/>\n<meta property=\"og:description\" content=\"Convolvulus pluricaulis Extrakt, auch bekannt als Shankhpushpi, ist ein hochwertiges Pflanzenmaterial, das aus den Bl\u00fcten dieser ayurvedischen Pflanze gewonnen wird.\" \/>\n<meta property=\"og:url\" content=\"https:\/\/naturalpoland.com\/de\/produkte\/pflanzenextrakte\/ekstrakt-z-convolvulus-pluricaulis-shankhpushpi\/\" \/>\n<meta property=\"og:site_name\" content=\"NATURAL POLAND - IMPORT UND HANDEL VON ROHSTOFFEN\" \/>\n<meta property=\"article:publisher\" content=\"https:\/\/www.facebook.com\/naturalpoland.b2b\" \/>\n<meta property=\"og:image\" content=\"https:\/\/naturalpoland.com\/wp-content\/uploads\/shankhpushpi.webp\" \/>\n\t<meta property=\"og:image:width\" content=\"592\" \/>\n\t<meta property=\"og:image:height\" content=\"592\" \/>\n\t<meta property=\"og:image:type\" content=\"image\/webp\" \/>\n<script type=\"application\/ld+json\" class=\"yoast-schema-graph\">{\"@context\":\"https:\\\/\\\/schema.org\",\"@graph\":[{\"@type\":\"WebPage\",\"@id\":\"https:\\\/\\\/naturalpoland.com\\\/de\\\/produkte\\\/pflanzenextrakte\\\/ekstrakt-z-convolvulus-pluricaulis-shankhpushpi\\\/\",\"url\":\"https:\\\/\\\/naturalpoland.com\\\/de\\\/produkte\\\/pflanzenextrakte\\\/ekstrakt-z-convolvulus-pluricaulis-shankhpushpi\\\/\",\"name\":\"Extrakt aus Convolvulus pluricaulis (Shankhpushpi)\",\"isPartOf\":{\"@id\":\"https:\\\/\\\/naturalpoland.com\\\/de\\\/#website\"},\"primaryImageOfPage\":{\"@id\":\"https:\\\/\\\/naturalpoland.com\\\/de\\\/produkte\\\/pflanzenextrakte\\\/ekstrakt-z-convolvulus-pluricaulis-shankhpushpi\\\/#primaryimage\"},\"image\":{\"@id\":\"https:\\\/\\\/naturalpoland.com\\\/de\\\/produkte\\\/pflanzenextrakte\\\/ekstrakt-z-convolvulus-pluricaulis-shankhpushpi\\\/#primaryimage\"},\"thumbnailUrl\":\"https:\\\/\\\/naturalpoland.com\\\/wp-content\\\/uploads\\\/shankhpushpi.webp\",\"datePublished\":\"2025-01-15T14:56:46+00:00\",\"description\":\"Convolvulus pluricaulis Extrakt, auch bekannt als Shankhpushpi, ist ein hochwertiges Pflanzenmaterial, das aus den Bl\u00fcten dieser ayurvedischen Pflanze gewonnen wird.\",\"breadcrumb\":{\"@id\":\"https:\\\/\\\/naturalpoland.com\\\/de\\\/produkte\\\/pflanzenextrakte\\\/ekstrakt-z-convolvulus-pluricaulis-shankhpushpi\\\/#breadcrumb\"},\"inLanguage\":\"de\",\"potentialAction\":[{\"@type\":\"ReadAction\",\"target\":[\"https:\\\/\\\/naturalpoland.com\\\/de\\\/produkte\\\/pflanzenextrakte\\\/ekstrakt-z-convolvulus-pluricaulis-shankhpushpi\\\/\"]}]},{\"@type\":\"ImageObject\",\"inLanguage\":\"de\",\"@id\":\"https:\\\/\\\/naturalpoland.com\\\/de\\\/produkte\\\/pflanzenextrakte\\\/ekstrakt-z-convolvulus-pluricaulis-shankhpushpi\\\/#primaryimage\",\"url\":\"https:\\\/\\\/naturalpoland.com\\\/wp-content\\\/uploads\\\/shankhpushpi.webp\",\"contentUrl\":\"https:\\\/\\\/naturalpoland.com\\\/wp-content\\\/uploads\\\/shankhpushpi.webp\",\"width\":592,\"height\":592,\"caption\":\"Shankhpushpi\"},{\"@type\":\"BreadcrumbList\",\"@id\":\"https:\\\/\\\/naturalpoland.com\\\/de\\\/produkte\\\/pflanzenextrakte\\\/ekstrakt-z-convolvulus-pluricaulis-shankhpushpi\\\/#breadcrumb\",\"itemListElement\":[{\"@type\":\"ListItem\",\"position\":1,\"name\":\"Startseite\",\"item\":\"https:\\\/\\\/naturalpoland.com\\\/de\\\/\"},{\"@type\":\"ListItem\",\"position\":2,\"name\":\"Produkte\",\"item\":\"https:\\\/\\\/naturalpoland.com\\\/de\\\/produkte\\\/\"},{\"@type\":\"ListItem\",\"position\":3,\"name\":\"Extrakt aus Convolvulus pluricaulis (Shankhpushpi)\"}]},{\"@type\":\"WebSite\",\"@id\":\"https:\\\/\\\/naturalpoland.com\\\/de\\\/#website\",\"url\":\"https:\\\/\\\/naturalpoland.com\\\/de\\\/\",\"name\":\"NATURAL POLAND - IMPORT UND HANDEL VON ROHSTOFFEN\",\"description\":\"Rohstoffe f\u00fcr die Lebensmittelindustrie, Kosmetikindustrie, Pharmaindustrie\",\"publisher\":{\"@id\":\"https:\\\/\\\/naturalpoland.com\\\/de\\\/#organization\"},\"potentialAction\":[{\"@type\":\"SearchAction\",\"target\":{\"@type\":\"EntryPoint\",\"urlTemplate\":\"https:\\\/\\\/naturalpoland.com\\\/de\\\/?s={search_term_string}\"},\"query-input\":{\"@type\":\"PropertyValueSpecification\",\"valueRequired\":true,\"valueName\":\"search_term_string\"}}],\"inLanguage\":\"de\"},{\"@type\":\"Organization\",\"@id\":\"https:\\\/\\\/naturalpoland.com\\\/de\\\/#organization\",\"name\":\"Natural Poland\",\"url\":\"https:\\\/\\\/naturalpoland.com\\\/de\\\/\",\"logo\":{\"@type\":\"ImageObject\",\"inLanguage\":\"de\",\"@id\":\"https:\\\/\\\/naturalpoland.com\\\/de\\\/#\\\/schema\\\/logo\\\/image\\\/\",\"url\":\"https:\\\/\\\/naturalpoland.com\\\/wp-content\\\/uploads\\\/2021\\\/05\\\/natural-poland-icon.png\",\"contentUrl\":\"https:\\\/\\\/naturalpoland.com\\\/wp-content\\\/uploads\\\/2021\\\/05\\\/natural-poland-icon.png\",\"width\":512,\"height\":512,\"caption\":\"Natural Poland\"},\"image\":{\"@id\":\"https:\\\/\\\/naturalpoland.com\\\/de\\\/#\\\/schema\\\/logo\\\/image\\\/\"},\"sameAs\":[\"https:\\\/\\\/www.facebook.com\\\/naturalpoland.b2b\",\"https:\\\/\\\/pl.linkedin.com\\\/company\\\/natural-poland\",\"https:\\\/\\\/www.youtube.com\\\/channel\\\/UCgeGGkvOMahZo-xu_MSEWxg\"]}]}<\/script>\n<!-- \/ Yoast SEO plugin. -->","yoast_head_json":{"title":"Extrakt aus Convolvulus pluricaulis (Shankhpushpi)","description":"Convolvulus pluricaulis Extrakt, auch bekannt als Shankhpushpi, ist ein hochwertiges Pflanzenmaterial, das aus den Bl\u00fcten dieser ayurvedischen Pflanze gewonnen wird.","robots":{"index":"index","follow":"follow","max-snippet":"max-snippet:-1","max-image-preview":"max-image-preview:large","max-video-preview":"max-video-preview:-1"},"canonical":"https:\/\/naturalpoland.com\/de\/produkte\/pflanzenextrakte\/ekstrakt-z-convolvulus-pluricaulis-shankhpushpi\/","og_locale":"de_DE","og_type":"article","og_title":"Extrakt aus Convolvulus pluricaulis (Shankhpushpi)","og_description":"Convolvulus pluricaulis Extrakt, auch bekannt als Shankhpushpi, ist ein hochwertiges Pflanzenmaterial, das aus den Bl\u00fcten dieser ayurvedischen Pflanze gewonnen wird.","og_url":"https:\/\/naturalpoland.com\/de\/produkte\/pflanzenextrakte\/ekstrakt-z-convolvulus-pluricaulis-shankhpushpi\/","og_site_name":"NATURAL POLAND - IMPORT UND HANDEL VON ROHSTOFFEN","article_publisher":"https:\/\/www.facebook.com\/naturalpoland.b2b","og_image":[{"width":592,"height":592,"url":"https:\/\/naturalpoland.com\/wp-content\/uploads\/shankhpushpi.webp","type":"image\/webp"}],"schema":{"@context":"https:\/\/schema.org","@graph":[{"@type":"WebPage","@id":"https:\/\/naturalpoland.com\/de\/produkte\/pflanzenextrakte\/ekstrakt-z-convolvulus-pluricaulis-shankhpushpi\/","url":"https:\/\/naturalpoland.com\/de\/produkte\/pflanzenextrakte\/ekstrakt-z-convolvulus-pluricaulis-shankhpushpi\/","name":"Extrakt aus Convolvulus pluricaulis (Shankhpushpi)","isPartOf":{"@id":"https:\/\/naturalpoland.com\/de\/#website"},"primaryImageOfPage":{"@id":"https:\/\/naturalpoland.com\/de\/produkte\/pflanzenextrakte\/ekstrakt-z-convolvulus-pluricaulis-shankhpushpi\/#primaryimage"},"image":{"@id":"https:\/\/naturalpoland.com\/de\/produkte\/pflanzenextrakte\/ekstrakt-z-convolvulus-pluricaulis-shankhpushpi\/#primaryimage"},"thumbnailUrl":"https:\/\/naturalpoland.com\/wp-content\/uploads\/shankhpushpi.webp","datePublished":"2025-01-15T14:56:46+00:00","description":"Convolvulus pluricaulis Extrakt, auch bekannt als Shankhpushpi, ist ein hochwertiges Pflanzenmaterial, das aus den Bl\u00fcten dieser ayurvedischen Pflanze gewonnen wird.","breadcrumb":{"@id":"https:\/\/naturalpoland.com\/de\/produkte\/pflanzenextrakte\/ekstrakt-z-convolvulus-pluricaulis-shankhpushpi\/#breadcrumb"},"inLanguage":"de","potentialAction":[{"@type":"ReadAction","target":["https:\/\/naturalpoland.com\/de\/produkte\/pflanzenextrakte\/ekstrakt-z-convolvulus-pluricaulis-shankhpushpi\/"]}]},{"@type":"ImageObject","inLanguage":"de","@id":"https:\/\/naturalpoland.com\/de\/produkte\/pflanzenextrakte\/ekstrakt-z-convolvulus-pluricaulis-shankhpushpi\/#primaryimage","url":"https:\/\/naturalpoland.com\/wp-content\/uploads\/shankhpushpi.webp","contentUrl":"https:\/\/naturalpoland.com\/wp-content\/uploads\/shankhpushpi.webp","width":592,"height":592,"caption":"Shankhpushpi"},{"@type":"BreadcrumbList","@id":"https:\/\/naturalpoland.com\/de\/produkte\/pflanzenextrakte\/ekstrakt-z-convolvulus-pluricaulis-shankhpushpi\/#breadcrumb","itemListElement":[{"@type":"ListItem","position":1,"name":"Startseite","item":"https:\/\/naturalpoland.com\/de\/"},{"@type":"ListItem","position":2,"name":"Produkte","item":"https:\/\/naturalpoland.com\/de\/produkte\/"},{"@type":"ListItem","position":3,"name":"Extrakt aus Convolvulus pluricaulis (Shankhpushpi)"}]},{"@type":"WebSite","@id":"https:\/\/naturalpoland.com\/de\/#website","url":"https:\/\/naturalpoland.com\/de\/","name":"NATURAL POLAND - IMPORT UND HANDEL VON ROHSTOFFEN","description":"Rohstoffe f\u00fcr die Lebensmittelindustrie, Kosmetikindustrie, Pharmaindustrie","publisher":{"@id":"https:\/\/naturalpoland.com\/de\/#organization"},"potentialAction":[{"@type":"SearchAction","target":{"@type":"EntryPoint","urlTemplate":"https:\/\/naturalpoland.com\/de\/?s={search_term_string}"},"query-input":{"@type":"PropertyValueSpecification","valueRequired":true,"valueName":"search_term_string"}}],"inLanguage":"de"},{"@type":"Organization","@id":"https:\/\/naturalpoland.com\/de\/#organization","name":"Natural Poland","url":"https:\/\/naturalpoland.com\/de\/","logo":{"@type":"ImageObject","inLanguage":"de","@id":"https:\/\/naturalpoland.com\/de\/#\/schema\/logo\/image\/","url":"https:\/\/naturalpoland.com\/wp-content\/uploads\/2021\/05\/natural-poland-icon.png","contentUrl":"https:\/\/naturalpoland.com\/wp-content\/uploads\/2021\/05\/natural-poland-icon.png","width":512,"height":512,"caption":"Natural Poland"},"image":{"@id":"https:\/\/naturalpoland.com\/de\/#\/schema\/logo\/image\/"},"sameAs":["https:\/\/www.facebook.com\/naturalpoland.b2b","https:\/\/pl.linkedin.com\/company\/natural-poland","https:\/\/www.youtube.com\/channel\/UCgeGGkvOMahZo-xu_MSEWxg"]}]}},"_links":{"self":[{"href":"https:\/\/naturalpoland.com\/de\/wp-json\/wp\/v2\/product\/38711","targetHints":{"allow":["GET"]}}],"collection":[{"href":"https:\/\/naturalpoland.com\/de\/wp-json\/wp\/v2\/product"}],"about":[{"href":"https:\/\/naturalpoland.com\/de\/wp-json\/wp\/v2\/types\/product"}],"wp:featuredmedia":[{"embeddable":true,"href":"https:\/\/naturalpoland.com\/de\/wp-json\/wp\/v2\/media\/38693"}],"wp:attachment":[{"href":"https:\/\/naturalpoland.com\/de\/wp-json\/wp\/v2\/media?parent=38711"}],"wp:term":[{"taxonomy":"product_brand","embeddable":true,"href":"https:\/\/naturalpoland.com\/de\/wp-json\/wp\/v2\/product_brand?post=38711"},{"taxonomy":"product_cat","embeddable":true,"href":"https:\/\/naturalpoland.com\/de\/wp-json\/wp\/v2\/product_cat?post=38711"},{"taxonomy":"product_tag","embeddable":true,"href":"https:\/\/naturalpoland.com\/de\/wp-json\/wp\/v2\/product_tag?post=38711"}],"curies":[{"name":"wp","href":"https:\/\/api.w.org\/{rel}","templated":true}]}}