{"id":38968,"date":"2025-01-27T14:14:32","date_gmt":"2025-01-28T14:39:51","guid":{"rendered":"https:\/\/naturalpoland.com\/produkty\/unkategorisiert\/benfotiamin\/"},"modified":"2025-01-28T15:39:51","modified_gmt":"2025-01-28T14:39:51","slug":"benfotiamin","status":"publish","type":"product","link":"https:\/\/naturalpoland.com\/de\/produkte\/produkte-fur-die-pharmaindustrie\/vitamine\/benfotiamin\/","title":{"rendered":"Benfotiamin"},"content":{"rendered":"<h2>Gesundheitliche Eigenschaften von Benfotiamin<\/h2>\n<p>Benfotiamin unterst\u00fctzt den Stoffwechsel der Nervenzellen und tr\u00e4gt dazu bei, das Nervensystem vor Sch\u00e4den zu sch\u00fctzen. Es aktiviert Enzyme, die am Energiestoffwechsel beteiligt sind (einschlie\u00dflich Pyruvat-Dehydrogenase), und hilft so, Glukose abzubauen und Energie in den Zellen zu erzeugen. Dieses Produkt ist \u00e4u\u00dferst wirksam bei der Reduzierung der Auswirkungen von \u00fcbersch\u00fcssiger Glukose im K\u00f6rper und hilft bei der Behandlung und Vorbeugung von Diabetes. Benfotiamin sch\u00fctzt mit seinen antioxidativen Eigenschaften den Organismus vor oxidativem Stress und verringert das Risiko einer Sch\u00e4digung der Zellen durch freie Radikale. Es wirkt auch entz\u00fcndungshemmend, was bei der Behandlung von chronischen Krankheiten wie diabetischer Retinopathie, Nephropathie und Neuropathie wichtig ist. Studien deuten darauf hin, dass eine Supplementierung mit Benfotiamin die Gesundheit des Herzens unterst\u00fctzt, das Risiko von Atherosklerose verringert und die kognitiven Funktionen verbessert.  <\/p>\n<h2>Verwendung von Benfotiamin<\/h2>\n<p>Benfotiamin wird f\u00fcr die Nahrungserg\u00e4nzung von Menschen empfohlen, die mit diabetischer Neuropathie, metabolischem Syndrom und Erkrankungen des Nervensystems zu k\u00e4mpfen haben. Es ist auch wirksam, um den Thiaminmangel bei Dialysepatienten, Stresspatienten und Menschen, die sich kalorienarm ern\u00e4hren, auszugleichen. Es wird auch zur Vorbeugung von Arteriosklerose und zum Schutz der Nieren vor den sch\u00e4dlichen Auswirkungen von \u00fcbersch\u00fcssiger Glukose eingesetzt.  <\/p>\n","protected":false},"excerpt":{"rendered":"<p>Benfotiamin ist ein synthetisches Derivat von Thiamin (<a href=\"https:\/\/naturalpoland.com\/produkty\/produkty-dla-przemyslu-farmaceutycznego-i-medycznego\/witaminy\/witamina-b1\/\"><strong>Vitamin B1<\/strong><\/a>). Es ist hoch bioverf\u00fcgbar und fettl\u00f6slich. Es zeichnet sich durch seine positive Wirkung auf das Nerven- und Kreislaufsystem aus.  <\/p>\n","protected":false},"featured_media":38917,"template":"","meta":{"_acf_changed":false},"product_brand":[],"product_cat":[372],"product_tag":[],"class_list":{"0":"post-38968","1":"product","2":"type-product","3":"status-publish","4":"has-post-thumbnail","6":"product_cat-vitamine","7":"pa_skladnik-aktywny-benfotiamin-de","9":"first","10":"instock","11":"shipping-taxable","12":"product-type-simple"},"acf":[],"yoast_head":"<!-- This site is optimized with the Yoast SEO plugin v27.6 - https:\/\/yoast.com\/product\/yoast-seo-wordpress\/ -->\n<title>Benfotiamin - Gro\u00dfh\u00e4ndler von Rohstoffen<\/title>\n<meta name=\"description\" content=\"Benfotiamin ist ein fortschrittliches Nahrungserg\u00e4nzungsmittel, das die Gesundheit des Stoffwechsels, des Nervensystems und des Kreislaufs unterst\u00fctzt. Es ist ein synthetisches Derivat von Thiamin (Vitamin B1).\" \/>\n<meta name=\"robots\" content=\"index, follow, max-snippet:-1, max-image-preview:large, max-video-preview:-1\" \/>\n<link rel=\"canonical\" href=\"https:\/\/naturalpoland.com\/de\/produkte\/produkte-fur-die-pharmaindustrie\/vitamine\/benfotiamin\/\" \/>\n<meta property=\"og:locale\" content=\"de_DE\" \/>\n<meta property=\"og:type\" content=\"article\" \/>\n<meta property=\"og:title\" content=\"Benfotiamin - Gro\u00dfh\u00e4ndler von Rohstoffen\" \/>\n<meta property=\"og:description\" content=\"Benfotiamin ist ein fortschrittliches Nahrungserg\u00e4nzungsmittel, das die Gesundheit des Stoffwechsels, des Nervensystems und des Kreislaufs unterst\u00fctzt. Es ist ein synthetisches Derivat von Thiamin (Vitamin B1).\" \/>\n<meta property=\"og:url\" content=\"https:\/\/naturalpoland.com\/de\/produkte\/produkte-fur-die-pharmaindustrie\/vitamine\/benfotiamin\/\" \/>\n<meta property=\"og:site_name\" content=\"NATURAL POLAND - IMPORT UND HANDEL VON ROHSTOFFEN\" \/>\n<meta property=\"article:publisher\" content=\"https:\/\/www.facebook.com\/naturalpoland.b2b\" \/>\n<meta property=\"og:image\" content=\"https:\/\/naturalpoland.com\/wp-content\/uploads\/benfotiamina.webp\" \/>\n\t<meta property=\"og:image:width\" content=\"590\" \/>\n\t<meta property=\"og:image:height\" content=\"590\" \/>\n\t<meta property=\"og:image:type\" content=\"image\/webp\" \/>\n<script type=\"application\/ld+json\" class=\"yoast-schema-graph\">{\"@context\":\"https:\\\/\\\/schema.org\",\"@graph\":[{\"@type\":\"WebPage\",\"@id\":\"https:\\\/\\\/naturalpoland.com\\\/de\\\/produkte\\\/produkte-fur-die-pharmaindustrie\\\/vitamine\\\/benfotiamin\\\/\",\"url\":\"https:\\\/\\\/naturalpoland.com\\\/de\\\/produkte\\\/produkte-fur-die-pharmaindustrie\\\/vitamine\\\/benfotiamin\\\/\",\"name\":\"Benfotiamin - Gro\u00dfh\u00e4ndler von Rohstoffen\",\"isPartOf\":{\"@id\":\"https:\\\/\\\/naturalpoland.com\\\/de\\\/#website\"},\"primaryImageOfPage\":{\"@id\":\"https:\\\/\\\/naturalpoland.com\\\/de\\\/produkte\\\/produkte-fur-die-pharmaindustrie\\\/vitamine\\\/benfotiamin\\\/#primaryimage\"},\"image\":{\"@id\":\"https:\\\/\\\/naturalpoland.com\\\/de\\\/produkte\\\/produkte-fur-die-pharmaindustrie\\\/vitamine\\\/benfotiamin\\\/#primaryimage\"},\"thumbnailUrl\":\"https:\\\/\\\/naturalpoland.com\\\/wp-content\\\/uploads\\\/benfotiamina.webp\",\"datePublished\":\"2025-01-28T14:39:51+00:00\",\"description\":\"Benfotiamin ist ein fortschrittliches Nahrungserg\u00e4nzungsmittel, das die Gesundheit des Stoffwechsels, des Nervensystems und des Kreislaufs unterst\u00fctzt. Es ist ein synthetisches Derivat von Thiamin (Vitamin B1).\",\"breadcrumb\":{\"@id\":\"https:\\\/\\\/naturalpoland.com\\\/de\\\/produkte\\\/produkte-fur-die-pharmaindustrie\\\/vitamine\\\/benfotiamin\\\/#breadcrumb\"},\"inLanguage\":\"de\",\"potentialAction\":[{\"@type\":\"ReadAction\",\"target\":[\"https:\\\/\\\/naturalpoland.com\\\/de\\\/produkte\\\/produkte-fur-die-pharmaindustrie\\\/vitamine\\\/benfotiamin\\\/\"]}]},{\"@type\":\"ImageObject\",\"inLanguage\":\"de\",\"@id\":\"https:\\\/\\\/naturalpoland.com\\\/de\\\/produkte\\\/produkte-fur-die-pharmaindustrie\\\/vitamine\\\/benfotiamin\\\/#primaryimage\",\"url\":\"https:\\\/\\\/naturalpoland.com\\\/wp-content\\\/uploads\\\/benfotiamina.webp\",\"contentUrl\":\"https:\\\/\\\/naturalpoland.com\\\/wp-content\\\/uploads\\\/benfotiamina.webp\",\"width\":590,\"height\":590,\"caption\":\"Benfotiamina\"},{\"@type\":\"BreadcrumbList\",\"@id\":\"https:\\\/\\\/naturalpoland.com\\\/de\\\/produkte\\\/produkte-fur-die-pharmaindustrie\\\/vitamine\\\/benfotiamin\\\/#breadcrumb\",\"itemListElement\":[{\"@type\":\"ListItem\",\"position\":1,\"name\":\"Startseite\",\"item\":\"https:\\\/\\\/naturalpoland.com\\\/de\\\/\"},{\"@type\":\"ListItem\",\"position\":2,\"name\":\"Produkte\",\"item\":\"https:\\\/\\\/naturalpoland.com\\\/de\\\/produkte\\\/\"},{\"@type\":\"ListItem\",\"position\":3,\"name\":\"Benfotiamin\"}]},{\"@type\":\"WebSite\",\"@id\":\"https:\\\/\\\/naturalpoland.com\\\/de\\\/#website\",\"url\":\"https:\\\/\\\/naturalpoland.com\\\/de\\\/\",\"name\":\"NATURAL POLAND - IMPORT UND HANDEL VON ROHSTOFFEN\",\"description\":\"Rohstoffe f\u00fcr die Lebensmittelindustrie, Kosmetikindustrie, Pharmaindustrie\",\"publisher\":{\"@id\":\"https:\\\/\\\/naturalpoland.com\\\/de\\\/#organization\"},\"potentialAction\":[{\"@type\":\"SearchAction\",\"target\":{\"@type\":\"EntryPoint\",\"urlTemplate\":\"https:\\\/\\\/naturalpoland.com\\\/de\\\/?s={search_term_string}\"},\"query-input\":{\"@type\":\"PropertyValueSpecification\",\"valueRequired\":true,\"valueName\":\"search_term_string\"}}],\"inLanguage\":\"de\"},{\"@type\":\"Organization\",\"@id\":\"https:\\\/\\\/naturalpoland.com\\\/de\\\/#organization\",\"name\":\"Natural Poland\",\"url\":\"https:\\\/\\\/naturalpoland.com\\\/de\\\/\",\"logo\":{\"@type\":\"ImageObject\",\"inLanguage\":\"de\",\"@id\":\"https:\\\/\\\/naturalpoland.com\\\/de\\\/#\\\/schema\\\/logo\\\/image\\\/\",\"url\":\"https:\\\/\\\/naturalpoland.com\\\/wp-content\\\/uploads\\\/2021\\\/05\\\/natural-poland-icon.png\",\"contentUrl\":\"https:\\\/\\\/naturalpoland.com\\\/wp-content\\\/uploads\\\/2021\\\/05\\\/natural-poland-icon.png\",\"width\":512,\"height\":512,\"caption\":\"Natural Poland\"},\"image\":{\"@id\":\"https:\\\/\\\/naturalpoland.com\\\/de\\\/#\\\/schema\\\/logo\\\/image\\\/\"},\"sameAs\":[\"https:\\\/\\\/www.facebook.com\\\/naturalpoland.b2b\",\"https:\\\/\\\/pl.linkedin.com\\\/company\\\/natural-poland\",\"https:\\\/\\\/www.youtube.com\\\/channel\\\/UCgeGGkvOMahZo-xu_MSEWxg\"]}]}<\/script>\n<!-- \/ Yoast SEO plugin. -->","yoast_head_json":{"title":"Benfotiamin - Gro\u00dfh\u00e4ndler von Rohstoffen","description":"Benfotiamin ist ein fortschrittliches Nahrungserg\u00e4nzungsmittel, das die Gesundheit des Stoffwechsels, des Nervensystems und des Kreislaufs unterst\u00fctzt. Es ist ein synthetisches Derivat von Thiamin (Vitamin B1).","robots":{"index":"index","follow":"follow","max-snippet":"max-snippet:-1","max-image-preview":"max-image-preview:large","max-video-preview":"max-video-preview:-1"},"canonical":"https:\/\/naturalpoland.com\/de\/produkte\/produkte-fur-die-pharmaindustrie\/vitamine\/benfotiamin\/","og_locale":"de_DE","og_type":"article","og_title":"Benfotiamin - Gro\u00dfh\u00e4ndler von Rohstoffen","og_description":"Benfotiamin ist ein fortschrittliches Nahrungserg\u00e4nzungsmittel, das die Gesundheit des Stoffwechsels, des Nervensystems und des Kreislaufs unterst\u00fctzt. Es ist ein synthetisches Derivat von Thiamin (Vitamin B1).","og_url":"https:\/\/naturalpoland.com\/de\/produkte\/produkte-fur-die-pharmaindustrie\/vitamine\/benfotiamin\/","og_site_name":"NATURAL POLAND - IMPORT UND HANDEL VON ROHSTOFFEN","article_publisher":"https:\/\/www.facebook.com\/naturalpoland.b2b","og_image":[{"width":590,"height":590,"url":"https:\/\/naturalpoland.com\/wp-content\/uploads\/benfotiamina.webp","type":"image\/webp"}],"schema":{"@context":"https:\/\/schema.org","@graph":[{"@type":"WebPage","@id":"https:\/\/naturalpoland.com\/de\/produkte\/produkte-fur-die-pharmaindustrie\/vitamine\/benfotiamin\/","url":"https:\/\/naturalpoland.com\/de\/produkte\/produkte-fur-die-pharmaindustrie\/vitamine\/benfotiamin\/","name":"Benfotiamin - Gro\u00dfh\u00e4ndler von Rohstoffen","isPartOf":{"@id":"https:\/\/naturalpoland.com\/de\/#website"},"primaryImageOfPage":{"@id":"https:\/\/naturalpoland.com\/de\/produkte\/produkte-fur-die-pharmaindustrie\/vitamine\/benfotiamin\/#primaryimage"},"image":{"@id":"https:\/\/naturalpoland.com\/de\/produkte\/produkte-fur-die-pharmaindustrie\/vitamine\/benfotiamin\/#primaryimage"},"thumbnailUrl":"https:\/\/naturalpoland.com\/wp-content\/uploads\/benfotiamina.webp","datePublished":"2025-01-28T14:39:51+00:00","description":"Benfotiamin ist ein fortschrittliches Nahrungserg\u00e4nzungsmittel, das die Gesundheit des Stoffwechsels, des Nervensystems und des Kreislaufs unterst\u00fctzt. Es ist ein synthetisches Derivat von Thiamin (Vitamin B1).","breadcrumb":{"@id":"https:\/\/naturalpoland.com\/de\/produkte\/produkte-fur-die-pharmaindustrie\/vitamine\/benfotiamin\/#breadcrumb"},"inLanguage":"de","potentialAction":[{"@type":"ReadAction","target":["https:\/\/naturalpoland.com\/de\/produkte\/produkte-fur-die-pharmaindustrie\/vitamine\/benfotiamin\/"]}]},{"@type":"ImageObject","inLanguage":"de","@id":"https:\/\/naturalpoland.com\/de\/produkte\/produkte-fur-die-pharmaindustrie\/vitamine\/benfotiamin\/#primaryimage","url":"https:\/\/naturalpoland.com\/wp-content\/uploads\/benfotiamina.webp","contentUrl":"https:\/\/naturalpoland.com\/wp-content\/uploads\/benfotiamina.webp","width":590,"height":590,"caption":"Benfotiamina"},{"@type":"BreadcrumbList","@id":"https:\/\/naturalpoland.com\/de\/produkte\/produkte-fur-die-pharmaindustrie\/vitamine\/benfotiamin\/#breadcrumb","itemListElement":[{"@type":"ListItem","position":1,"name":"Startseite","item":"https:\/\/naturalpoland.com\/de\/"},{"@type":"ListItem","position":2,"name":"Produkte","item":"https:\/\/naturalpoland.com\/de\/produkte\/"},{"@type":"ListItem","position":3,"name":"Benfotiamin"}]},{"@type":"WebSite","@id":"https:\/\/naturalpoland.com\/de\/#website","url":"https:\/\/naturalpoland.com\/de\/","name":"NATURAL POLAND - IMPORT UND HANDEL VON ROHSTOFFEN","description":"Rohstoffe f\u00fcr die Lebensmittelindustrie, Kosmetikindustrie, Pharmaindustrie","publisher":{"@id":"https:\/\/naturalpoland.com\/de\/#organization"},"potentialAction":[{"@type":"SearchAction","target":{"@type":"EntryPoint","urlTemplate":"https:\/\/naturalpoland.com\/de\/?s={search_term_string}"},"query-input":{"@type":"PropertyValueSpecification","valueRequired":true,"valueName":"search_term_string"}}],"inLanguage":"de"},{"@type":"Organization","@id":"https:\/\/naturalpoland.com\/de\/#organization","name":"Natural Poland","url":"https:\/\/naturalpoland.com\/de\/","logo":{"@type":"ImageObject","inLanguage":"de","@id":"https:\/\/naturalpoland.com\/de\/#\/schema\/logo\/image\/","url":"https:\/\/naturalpoland.com\/wp-content\/uploads\/2021\/05\/natural-poland-icon.png","contentUrl":"https:\/\/naturalpoland.com\/wp-content\/uploads\/2021\/05\/natural-poland-icon.png","width":512,"height":512,"caption":"Natural Poland"},"image":{"@id":"https:\/\/naturalpoland.com\/de\/#\/schema\/logo\/image\/"},"sameAs":["https:\/\/www.facebook.com\/naturalpoland.b2b","https:\/\/pl.linkedin.com\/company\/natural-poland","https:\/\/www.youtube.com\/channel\/UCgeGGkvOMahZo-xu_MSEWxg"]}]}},"_links":{"self":[{"href":"https:\/\/naturalpoland.com\/de\/wp-json\/wp\/v2\/product\/38968","targetHints":{"allow":["GET"]}}],"collection":[{"href":"https:\/\/naturalpoland.com\/de\/wp-json\/wp\/v2\/product"}],"about":[{"href":"https:\/\/naturalpoland.com\/de\/wp-json\/wp\/v2\/types\/product"}],"wp:featuredmedia":[{"embeddable":true,"href":"https:\/\/naturalpoland.com\/de\/wp-json\/wp\/v2\/media\/38917"}],"wp:attachment":[{"href":"https:\/\/naturalpoland.com\/de\/wp-json\/wp\/v2\/media?parent=38968"}],"wp:term":[{"taxonomy":"product_brand","embeddable":true,"href":"https:\/\/naturalpoland.com\/de\/wp-json\/wp\/v2\/product_brand?post=38968"},{"taxonomy":"product_cat","embeddable":true,"href":"https:\/\/naturalpoland.com\/de\/wp-json\/wp\/v2\/product_cat?post=38968"},{"taxonomy":"product_tag","embeddable":true,"href":"https:\/\/naturalpoland.com\/de\/wp-json\/wp\/v2\/product_tag?post=38968"}],"curies":[{"name":"wp","href":"https:\/\/api.w.org\/{rel}","templated":true}]}}