{"id":38996,"date":"2025-01-30T12:06:58","date_gmt":"2025-01-30T13:15:02","guid":{"rendered":"https:\/\/naturalpoland.com\/produkty\/unkategorisiert\/erdnussoel\/"},"modified":"2025-01-30T14:15:02","modified_gmt":"2025-01-30T13:15:02","slug":"erdnussoel","status":"publish","type":"product","link":"https:\/\/naturalpoland.com\/de\/produkte\/speiseole-und-kosmetikole\/erdnussoel\/","title":{"rendered":"Erdnuss\u00f6l"},"content":{"rendered":"<h2>Eigenschaften von Erdnuss\u00f6l<\/h2>\n<p>Erdnuss\u00f6l zeichnet sich durch eine hellgelb-goldene Farbe aus, die von der Art der Pressung und dem Grad der Reinigung des \u00d6ls abh\u00e4ngt. Das \u00d6l hat ein mildes, leicht nussiges Aroma, das Kosmetika einen angenehmen, nat\u00fcrlichen Geschmack verleiht. Bei unraffiniertem \u00d6l ist der Geruch ausgepr\u00e4gter und charakteristisch f\u00fcr Erdn\u00fcsse, w\u00e4hrend raffiniertes \u00d6l fast geruchlos ist, was es zu einer geeigneten Grundlage f\u00fcr parf\u00fcmierte Kosmetik macht. Erdnuss\u00f6l ist reich an vielen Fetts\u00e4uren, die sich positiv auf Haut und Haar auswirken, darunter:  <\/p>\n<ul>\n<li>Linols\u00e4ure (Omega-6) &#8211; mit regenerierender und feuchtigkeitsspendender Wirkung,<\/li>\n<li>\u00d6ls\u00e4ure (Omega-9) &#8211; mit n\u00e4hrender und weichmachender Wirkung auf die Haut,<\/li>\n<li>Palmitoleins\u00e4ure &#8211; bildet eine Schutzschicht auf der Hautoberfl\u00e4che, die den Wasserverlust verhindert,<\/li>\n<li>Stearins\u00e4ure &#8211; mit lindernder und beruhigender Wirkung.<\/li>\n<\/ul>\n<p>Dar\u00fcber hinaus ist Erdnuss\u00f6l reich an <a href=\"https:\/\/naturalpoland.com\/produkty\/produkty-dla-przemyslu-farmaceutycznego-i-medycznego\/witaminy\/witamina-e\/\"><strong>Vitamin E<\/strong><\/a>, einem starken Antioxidans, das die Zellen vor freien Radikalen sch\u00fctzt und den Alterungsprozess verz\u00f6gert.<\/p>\n<h2>Eigenschaften von Erdnuss\u00f6l<\/h2>\n<p>Das \u00d6l weist au\u00dfergew\u00f6hnliche Pflegeeigenschaften f\u00fcr <strong>trockene und reife Haut<\/strong> auf. Dank seines hohen Gehalts an Fetts\u00e4uren f\u00f6rdert das \u00d6l die Regeneration der Haut, verbessert ihre Elastizit\u00e4t und mindert die Zeichen der Hautalterung. Dank seiner entz\u00fcndungshemmenden und beruhigenden Eigenschaften eignet es sich zur Verwendung in Produkten f\u00fcr <strong>empfindliche<\/strong>, zu Irritationen neigende und problematische Haut, einschlie\u00dflich der Hautpflege bei Akne und Ekzemen. Erdnuss\u00f6l ist auch ein gesch\u00e4tzter Inhaltsstoff in der <strong>Haarkosmetik<\/strong>. Es st\u00e4rkt wirksam die Haarstruktur, verbessert ihre Elastizit\u00e4t und verhindert Haarbruch und Trockenheit. In <strong>Kopfhautpflegeprodukten<\/strong> zeigt es beruhigende Eigenschaften, lindert Reizungen und unterst\u00fctzt die Gesundheit der Haarfollikel. Es wird auch gerne in <strong>Massage\u00f6len<\/strong> verwendet, da es der Haut Geschmeidigkeit und Elastizit\u00e4t verleiht und gleichzeitig zu ihrer Regeneration beitr\u00e4gt. <\/p>\n<h2>Anmeldung<\/h2>\n<p>Erdnuss\u00f6l l\u00e4sst sich gut mit anderen Wirkstoffen kombinieren und ist daher eine beliebte Erg\u00e4nzung f\u00fcr eine Vielzahl von kosmetischen Produkten. Es ist in der Formulierung zu finden: <\/p>\n<ul>\n<li>Cremes,<\/li>\n<li>Lotionen,<\/li>\n<li>reinigende Emulsionen,<\/li>\n<li>Haarsp\u00fclungen,<\/li>\n<li>K\u00f6rper\u00f6le,<\/li>\n<li>Kosmetika f\u00fcr empfindliche und reizbare Haut,<\/li>\n<li>Produkte zum Schutz der Haut vor den negativen Auswirkungen externer Faktoren wie UV-Strahlung oder Umweltschadstoffe.<\/li>\n<\/ul>\n<h2>Sicherheit<\/h2>\n<p>Obwohl Erdnuss\u00f6l f\u00fcr die Verwendung in Kosmetika unbedenklich ist, gibt es in der Europ\u00e4ischen Union strenge Vorschriften f\u00fcr seinen Gehalt in Produkten. Aufgrund des potenziellen Allergierisikos, das von Erdnussproteinen ausgeht,<strong> wurde die H\u00f6chstkonzentration in Kosmetika auf 0,5 ppm begrenzt<\/strong>. Produkte, die Erdnuss\u00f6l enthalten, m\u00fcssen diese strengen Anforderungen erf\u00fcllen.  <\/p>\n","protected":false},"excerpt":{"rendered":"<p><strong>Erdnuss\u00f6l<\/strong> (<em><strong>Arachis Hypogaea \u00d6l<\/strong><\/em>) wird durch Kaltpressung von Erdn\u00fcssen gewonnen. Es wird in kosmetischen Produkten mit feuchtigkeitsspendender, sch\u00fctzender und regenerierender Wirkung verwendet. <\/p>\n","protected":false},"featured_media":38982,"template":"","meta":{"_acf_changed":false},"product_brand":[],"product_cat":[386],"product_tag":[7529],"class_list":{"0":"post-38996","1":"product","2":"type-product","3":"status-publish","4":"has-post-thumbnail","6":"product_cat-speiseole-und-kosmetikole","7":"product_tag-walnussol","9":"first","10":"instock","11":"shipping-taxable","12":"product-type-simple"},"acf":[],"yoast_head":"<!-- This site is optimized with the Yoast SEO plugin v27.5 - https:\/\/yoast.com\/product\/yoast-seo-wordpress\/ -->\n<title>Erdnuss\u00f6l - Gro\u00dfhandelsunternehmen<\/title>\n<meta name=\"description\" content=\"Erdnuss\u00f6l, auch bekannt als Arachis Hypogaea \u00d6l, ist ein kosmetischer Rohstoff, der durch Kaltpressung von Erdn\u00fcssen gewonnen wird.\" \/>\n<meta name=\"robots\" content=\"index, follow, max-snippet:-1, max-image-preview:large, max-video-preview:-1\" \/>\n<link rel=\"canonical\" href=\"https:\/\/naturalpoland.com\/de\/produkte\/speiseole-und-kosmetikole\/erdnussoel\/\" \/>\n<meta property=\"og:locale\" content=\"de_DE\" \/>\n<meta property=\"og:type\" content=\"article\" \/>\n<meta property=\"og:title\" content=\"Erdnuss\u00f6l - Gro\u00dfhandelsunternehmen\" \/>\n<meta property=\"og:description\" content=\"Erdnuss\u00f6l, auch bekannt als Arachis Hypogaea \u00d6l, ist ein kosmetischer Rohstoff, der durch Kaltpressung von Erdn\u00fcssen gewonnen wird.\" \/>\n<meta property=\"og:url\" content=\"https:\/\/naturalpoland.com\/de\/produkte\/speiseole-und-kosmetikole\/erdnussoel\/\" \/>\n<meta property=\"og:site_name\" content=\"NATURAL POLAND - IMPORT UND HANDEL VON ROHSTOFFEN\" \/>\n<meta property=\"article:publisher\" content=\"https:\/\/www.facebook.com\/naturalpoland.b2b\" \/>\n<meta property=\"og:image\" content=\"https:\/\/naturalpoland.com\/wp-content\/uploads\/olej-arachidowy.webp\" \/>\n\t<meta property=\"og:image:width\" content=\"597\" \/>\n\t<meta property=\"og:image:height\" content=\"597\" \/>\n\t<meta property=\"og:image:type\" content=\"image\/webp\" \/>\n<script type=\"application\/ld+json\" class=\"yoast-schema-graph\">{\"@context\":\"https:\\\/\\\/schema.org\",\"@graph\":[{\"@type\":\"WebPage\",\"@id\":\"https:\\\/\\\/naturalpoland.com\\\/de\\\/produkte\\\/speiseole-und-kosmetikole\\\/erdnussoel\\\/\",\"url\":\"https:\\\/\\\/naturalpoland.com\\\/de\\\/produkte\\\/speiseole-und-kosmetikole\\\/erdnussoel\\\/\",\"name\":\"Erdnuss\u00f6l - Gro\u00dfhandelsunternehmen\",\"isPartOf\":{\"@id\":\"https:\\\/\\\/naturalpoland.com\\\/de\\\/#website\"},\"primaryImageOfPage\":{\"@id\":\"https:\\\/\\\/naturalpoland.com\\\/de\\\/produkte\\\/speiseole-und-kosmetikole\\\/erdnussoel\\\/#primaryimage\"},\"image\":{\"@id\":\"https:\\\/\\\/naturalpoland.com\\\/de\\\/produkte\\\/speiseole-und-kosmetikole\\\/erdnussoel\\\/#primaryimage\"},\"thumbnailUrl\":\"https:\\\/\\\/naturalpoland.com\\\/wp-content\\\/uploads\\\/olej-arachidowy.webp\",\"datePublished\":\"2025-01-30T13:15:02+00:00\",\"description\":\"Erdnuss\u00f6l, auch bekannt als Arachis Hypogaea \u00d6l, ist ein kosmetischer Rohstoff, der durch Kaltpressung von Erdn\u00fcssen gewonnen wird.\",\"breadcrumb\":{\"@id\":\"https:\\\/\\\/naturalpoland.com\\\/de\\\/produkte\\\/speiseole-und-kosmetikole\\\/erdnussoel\\\/#breadcrumb\"},\"inLanguage\":\"de\",\"potentialAction\":[{\"@type\":\"ReadAction\",\"target\":[\"https:\\\/\\\/naturalpoland.com\\\/de\\\/produkte\\\/speiseole-und-kosmetikole\\\/erdnussoel\\\/\"]}]},{\"@type\":\"ImageObject\",\"inLanguage\":\"de\",\"@id\":\"https:\\\/\\\/naturalpoland.com\\\/de\\\/produkte\\\/speiseole-und-kosmetikole\\\/erdnussoel\\\/#primaryimage\",\"url\":\"https:\\\/\\\/naturalpoland.com\\\/wp-content\\\/uploads\\\/olej-arachidowy.webp\",\"contentUrl\":\"https:\\\/\\\/naturalpoland.com\\\/wp-content\\\/uploads\\\/olej-arachidowy.webp\",\"width\":597,\"height\":597,\"caption\":\"Olej arachidowy\"},{\"@type\":\"BreadcrumbList\",\"@id\":\"https:\\\/\\\/naturalpoland.com\\\/de\\\/produkte\\\/speiseole-und-kosmetikole\\\/erdnussoel\\\/#breadcrumb\",\"itemListElement\":[{\"@type\":\"ListItem\",\"position\":1,\"name\":\"Startseite\",\"item\":\"https:\\\/\\\/naturalpoland.com\\\/de\\\/\"},{\"@type\":\"ListItem\",\"position\":2,\"name\":\"Produkte\",\"item\":\"https:\\\/\\\/naturalpoland.com\\\/de\\\/produkte\\\/\"},{\"@type\":\"ListItem\",\"position\":3,\"name\":\"Erdnuss\u00f6l\"}]},{\"@type\":\"WebSite\",\"@id\":\"https:\\\/\\\/naturalpoland.com\\\/de\\\/#website\",\"url\":\"https:\\\/\\\/naturalpoland.com\\\/de\\\/\",\"name\":\"NATURAL POLAND - IMPORT UND HANDEL VON ROHSTOFFEN\",\"description\":\"Rohstoffe f\u00fcr die Lebensmittelindustrie, Kosmetikindustrie, Pharmaindustrie\",\"publisher\":{\"@id\":\"https:\\\/\\\/naturalpoland.com\\\/de\\\/#organization\"},\"potentialAction\":[{\"@type\":\"SearchAction\",\"target\":{\"@type\":\"EntryPoint\",\"urlTemplate\":\"https:\\\/\\\/naturalpoland.com\\\/de\\\/?s={search_term_string}\"},\"query-input\":{\"@type\":\"PropertyValueSpecification\",\"valueRequired\":true,\"valueName\":\"search_term_string\"}}],\"inLanguage\":\"de\"},{\"@type\":\"Organization\",\"@id\":\"https:\\\/\\\/naturalpoland.com\\\/de\\\/#organization\",\"name\":\"Natural Poland\",\"url\":\"https:\\\/\\\/naturalpoland.com\\\/de\\\/\",\"logo\":{\"@type\":\"ImageObject\",\"inLanguage\":\"de\",\"@id\":\"https:\\\/\\\/naturalpoland.com\\\/de\\\/#\\\/schema\\\/logo\\\/image\\\/\",\"url\":\"https:\\\/\\\/naturalpoland.com\\\/wp-content\\\/uploads\\\/2021\\\/05\\\/natural-poland-icon.png\",\"contentUrl\":\"https:\\\/\\\/naturalpoland.com\\\/wp-content\\\/uploads\\\/2021\\\/05\\\/natural-poland-icon.png\",\"width\":512,\"height\":512,\"caption\":\"Natural Poland\"},\"image\":{\"@id\":\"https:\\\/\\\/naturalpoland.com\\\/de\\\/#\\\/schema\\\/logo\\\/image\\\/\"},\"sameAs\":[\"https:\\\/\\\/www.facebook.com\\\/naturalpoland.b2b\",\"https:\\\/\\\/pl.linkedin.com\\\/company\\\/natural-poland\",\"https:\\\/\\\/www.youtube.com\\\/channel\\\/UCgeGGkvOMahZo-xu_MSEWxg\"]}]}<\/script>\n<!-- \/ Yoast SEO plugin. -->","yoast_head_json":{"title":"Erdnuss\u00f6l - Gro\u00dfhandelsunternehmen","description":"Erdnuss\u00f6l, auch bekannt als Arachis Hypogaea \u00d6l, ist ein kosmetischer Rohstoff, der durch Kaltpressung von Erdn\u00fcssen gewonnen wird.","robots":{"index":"index","follow":"follow","max-snippet":"max-snippet:-1","max-image-preview":"max-image-preview:large","max-video-preview":"max-video-preview:-1"},"canonical":"https:\/\/naturalpoland.com\/de\/produkte\/speiseole-und-kosmetikole\/erdnussoel\/","og_locale":"de_DE","og_type":"article","og_title":"Erdnuss\u00f6l - Gro\u00dfhandelsunternehmen","og_description":"Erdnuss\u00f6l, auch bekannt als Arachis Hypogaea \u00d6l, ist ein kosmetischer Rohstoff, der durch Kaltpressung von Erdn\u00fcssen gewonnen wird.","og_url":"https:\/\/naturalpoland.com\/de\/produkte\/speiseole-und-kosmetikole\/erdnussoel\/","og_site_name":"NATURAL POLAND - IMPORT UND HANDEL VON ROHSTOFFEN","article_publisher":"https:\/\/www.facebook.com\/naturalpoland.b2b","og_image":[{"width":597,"height":597,"url":"https:\/\/naturalpoland.com\/wp-content\/uploads\/olej-arachidowy.webp","type":"image\/webp"}],"schema":{"@context":"https:\/\/schema.org","@graph":[{"@type":"WebPage","@id":"https:\/\/naturalpoland.com\/de\/produkte\/speiseole-und-kosmetikole\/erdnussoel\/","url":"https:\/\/naturalpoland.com\/de\/produkte\/speiseole-und-kosmetikole\/erdnussoel\/","name":"Erdnuss\u00f6l - Gro\u00dfhandelsunternehmen","isPartOf":{"@id":"https:\/\/naturalpoland.com\/de\/#website"},"primaryImageOfPage":{"@id":"https:\/\/naturalpoland.com\/de\/produkte\/speiseole-und-kosmetikole\/erdnussoel\/#primaryimage"},"image":{"@id":"https:\/\/naturalpoland.com\/de\/produkte\/speiseole-und-kosmetikole\/erdnussoel\/#primaryimage"},"thumbnailUrl":"https:\/\/naturalpoland.com\/wp-content\/uploads\/olej-arachidowy.webp","datePublished":"2025-01-30T13:15:02+00:00","description":"Erdnuss\u00f6l, auch bekannt als Arachis Hypogaea \u00d6l, ist ein kosmetischer Rohstoff, der durch Kaltpressung von Erdn\u00fcssen gewonnen wird.","breadcrumb":{"@id":"https:\/\/naturalpoland.com\/de\/produkte\/speiseole-und-kosmetikole\/erdnussoel\/#breadcrumb"},"inLanguage":"de","potentialAction":[{"@type":"ReadAction","target":["https:\/\/naturalpoland.com\/de\/produkte\/speiseole-und-kosmetikole\/erdnussoel\/"]}]},{"@type":"ImageObject","inLanguage":"de","@id":"https:\/\/naturalpoland.com\/de\/produkte\/speiseole-und-kosmetikole\/erdnussoel\/#primaryimage","url":"https:\/\/naturalpoland.com\/wp-content\/uploads\/olej-arachidowy.webp","contentUrl":"https:\/\/naturalpoland.com\/wp-content\/uploads\/olej-arachidowy.webp","width":597,"height":597,"caption":"Olej arachidowy"},{"@type":"BreadcrumbList","@id":"https:\/\/naturalpoland.com\/de\/produkte\/speiseole-und-kosmetikole\/erdnussoel\/#breadcrumb","itemListElement":[{"@type":"ListItem","position":1,"name":"Startseite","item":"https:\/\/naturalpoland.com\/de\/"},{"@type":"ListItem","position":2,"name":"Produkte","item":"https:\/\/naturalpoland.com\/de\/produkte\/"},{"@type":"ListItem","position":3,"name":"Erdnuss\u00f6l"}]},{"@type":"WebSite","@id":"https:\/\/naturalpoland.com\/de\/#website","url":"https:\/\/naturalpoland.com\/de\/","name":"NATURAL POLAND - IMPORT UND HANDEL VON ROHSTOFFEN","description":"Rohstoffe f\u00fcr die Lebensmittelindustrie, Kosmetikindustrie, Pharmaindustrie","publisher":{"@id":"https:\/\/naturalpoland.com\/de\/#organization"},"potentialAction":[{"@type":"SearchAction","target":{"@type":"EntryPoint","urlTemplate":"https:\/\/naturalpoland.com\/de\/?s={search_term_string}"},"query-input":{"@type":"PropertyValueSpecification","valueRequired":true,"valueName":"search_term_string"}}],"inLanguage":"de"},{"@type":"Organization","@id":"https:\/\/naturalpoland.com\/de\/#organization","name":"Natural Poland","url":"https:\/\/naturalpoland.com\/de\/","logo":{"@type":"ImageObject","inLanguage":"de","@id":"https:\/\/naturalpoland.com\/de\/#\/schema\/logo\/image\/","url":"https:\/\/naturalpoland.com\/wp-content\/uploads\/2021\/05\/natural-poland-icon.png","contentUrl":"https:\/\/naturalpoland.com\/wp-content\/uploads\/2021\/05\/natural-poland-icon.png","width":512,"height":512,"caption":"Natural Poland"},"image":{"@id":"https:\/\/naturalpoland.com\/de\/#\/schema\/logo\/image\/"},"sameAs":["https:\/\/www.facebook.com\/naturalpoland.b2b","https:\/\/pl.linkedin.com\/company\/natural-poland","https:\/\/www.youtube.com\/channel\/UCgeGGkvOMahZo-xu_MSEWxg"]}]}},"_links":{"self":[{"href":"https:\/\/naturalpoland.com\/de\/wp-json\/wp\/v2\/product\/38996","targetHints":{"allow":["GET"]}}],"collection":[{"href":"https:\/\/naturalpoland.com\/de\/wp-json\/wp\/v2\/product"}],"about":[{"href":"https:\/\/naturalpoland.com\/de\/wp-json\/wp\/v2\/types\/product"}],"wp:featuredmedia":[{"embeddable":true,"href":"https:\/\/naturalpoland.com\/de\/wp-json\/wp\/v2\/media\/38982"}],"wp:attachment":[{"href":"https:\/\/naturalpoland.com\/de\/wp-json\/wp\/v2\/media?parent=38996"}],"wp:term":[{"taxonomy":"product_brand","embeddable":true,"href":"https:\/\/naturalpoland.com\/de\/wp-json\/wp\/v2\/product_brand?post=38996"},{"taxonomy":"product_cat","embeddable":true,"href":"https:\/\/naturalpoland.com\/de\/wp-json\/wp\/v2\/product_cat?post=38996"},{"taxonomy":"product_tag","embeddable":true,"href":"https:\/\/naturalpoland.com\/de\/wp-json\/wp\/v2\/product_tag?post=38996"}],"curies":[{"name":"wp","href":"https:\/\/api.w.org\/{rel}","templated":true}]}}