{"id":39336,"date":"2025-02-06T18:11:05","date_gmt":"2025-02-07T13:52:37","guid":{"rendered":"https:\/\/naturalpoland.com\/produkty\/unkategorisiert\/geschmack-cola\/"},"modified":"2025-02-07T14:52:37","modified_gmt":"2025-02-07T13:52:37","slug":"geschmack-cola","status":"publish","type":"product","link":"https:\/\/naturalpoland.com\/de\/produkte\/produkte-der-lebensmittelindustrie\/aromen\/andere-aromen\/geschmack-cola\/","title":{"rendered":"Geschmack: Cola"},"content":{"rendered":"<h2>Cola-Geschmacksvarianten:<\/h2>\n<ol>\n<li><strong>NATURAL COLI Aroma (Pulver)<\/strong> richtet sich an Hersteller, die <strong>ein nat\u00fcrliches Aroma in loser Form<\/strong> suchen. Es zeichnet sich durch <strong>eine frische Limettennote<\/strong> aus, die subtil mit <strong>w\u00fcrzigen Akzenten<\/strong> verpackt ist. Empfohlen f\u00fcr Getr\u00e4nke, Nahrungserg\u00e4nzungsmittel, aromatisierten Zucker und Instantprodukte.  <\/li>\n<li><strong>COLI CANDY Flavour (fl\u00fcssig)<\/strong> mit einem ausgewogenen Anteil an Zitrus- und Zimtnoten, geeignet f\u00fcr die Verwendung bei der Herstellung von Bonbons, Kaugummis und anderen S\u00fc\u00dfwaren. Es hat <strong>einen Tr\u00e4ger auf Triacetinbasis<\/strong> und mischt sich sehr gut mit Fetten und S\u00fc\u00dfwarenpasten. <\/li>\n<li><strong>COLI-Aroma (in Pulverform)<\/strong> ist eine frei flie\u00dfende Version des Aromas mit <strong>einer ausgewogenen Zusammensetzung aus Zitrusfr\u00fcchten und Gew\u00fcrzen<\/strong>, die f\u00fcr die Aromatisierung von Instantgetr\u00e4nken, Tees, Gelees oder pharmazeutischen Zubereitungen entwickelt wurde, bei denen Stabilit\u00e4t und einfache Anwendung wichtig sind.<\/li>\n<\/ol>\n","protected":false},"excerpt":{"rendered":"<p><strong>Cola Aroma<\/strong> ist eine Duftkomposition, die von dem kultigen Sprudelgetr\u00e4nk inspiriert ist. Ihr Aromaprofil kombiniert die <strong>Frische von Zitrusfr\u00fcchten mit tiefen, w\u00fcrzigen Noten<\/strong>. Der Rohstoff kann je nach Variante in Produkten, die Hitzebest\u00e4ndigkeit erfordern, oder in weicheren Formulierungen verwendet werden.  <\/p>\n","protected":false},"featured_media":39197,"template":"","meta":{"_acf_changed":false},"product_brand":[],"product_cat":[7616],"product_tag":[],"class_list":{"0":"post-39336","1":"product","2":"type-product","3":"status-publish","4":"has-post-thumbnail","6":"product_cat-andere-aromen","8":"first","9":"instock","10":"shipping-taxable","11":"product-type-simple"},"acf":[],"yoast_head":"<!-- This site is optimized with the Yoast SEO plugin v27.4 - https:\/\/yoast.com\/product\/yoast-seo-wordpress\/ -->\n<title>Geschmack: Cola - Gro\u00dfhandelsvertrieb<\/title>\n<meta name=\"description\" content=\"Cola Aroma ist eine einzigartige Duftkomposition, die von dem kultigen Sprudelgetr\u00e4nk inspiriert ist und die Frische von Zitrusfr\u00fcchten mit tiefen, w\u00fcrzigen Noten kombiniert.\" \/>\n<meta name=\"robots\" content=\"index, follow, max-snippet:-1, max-image-preview:large, max-video-preview:-1\" \/>\n<link rel=\"canonical\" href=\"https:\/\/naturalpoland.com\/de\/produkte\/produkte-der-lebensmittelindustrie\/aromen\/andere-aromen\/geschmack-cola\/\" \/>\n<meta property=\"og:locale\" content=\"de_DE\" \/>\n<meta property=\"og:type\" content=\"article\" \/>\n<meta property=\"og:title\" content=\"Geschmack: Cola - Gro\u00dfhandelsvertrieb\" \/>\n<meta property=\"og:description\" content=\"Cola Aroma ist eine einzigartige Duftkomposition, die von dem kultigen Sprudelgetr\u00e4nk inspiriert ist und die Frische von Zitrusfr\u00fcchten mit tiefen, w\u00fcrzigen Noten kombiniert.\" \/>\n<meta property=\"og:url\" content=\"https:\/\/naturalpoland.com\/de\/produkte\/produkte-der-lebensmittelindustrie\/aromen\/andere-aromen\/geschmack-cola\/\" \/>\n<meta property=\"og:site_name\" content=\"NATURAL POLAND - IMPORT UND HANDEL VON ROHSTOFFEN\" \/>\n<meta property=\"article:publisher\" content=\"https:\/\/www.facebook.com\/naturalpoland.b2b\" \/>\n<meta property=\"og:image\" content=\"https:\/\/naturalpoland.com\/wp-content\/uploads\/aromat-coli.webp\" \/>\n\t<meta property=\"og:image:width\" content=\"595\" \/>\n\t<meta property=\"og:image:height\" content=\"595\" \/>\n\t<meta property=\"og:image:type\" content=\"image\/webp\" \/>\n<script type=\"application\/ld+json\" class=\"yoast-schema-graph\">{\"@context\":\"https:\\\/\\\/schema.org\",\"@graph\":[{\"@type\":\"WebPage\",\"@id\":\"https:\\\/\\\/naturalpoland.com\\\/de\\\/produkte\\\/produkte-der-lebensmittelindustrie\\\/aromen\\\/andere-aromen\\\/geschmack-cola\\\/\",\"url\":\"https:\\\/\\\/naturalpoland.com\\\/de\\\/produkte\\\/produkte-der-lebensmittelindustrie\\\/aromen\\\/andere-aromen\\\/geschmack-cola\\\/\",\"name\":\"Geschmack: Cola - Gro\u00dfhandelsvertrieb\",\"isPartOf\":{\"@id\":\"https:\\\/\\\/naturalpoland.com\\\/de\\\/#website\"},\"primaryImageOfPage\":{\"@id\":\"https:\\\/\\\/naturalpoland.com\\\/de\\\/produkte\\\/produkte-der-lebensmittelindustrie\\\/aromen\\\/andere-aromen\\\/geschmack-cola\\\/#primaryimage\"},\"image\":{\"@id\":\"https:\\\/\\\/naturalpoland.com\\\/de\\\/produkte\\\/produkte-der-lebensmittelindustrie\\\/aromen\\\/andere-aromen\\\/geschmack-cola\\\/#primaryimage\"},\"thumbnailUrl\":\"https:\\\/\\\/naturalpoland.com\\\/wp-content\\\/uploads\\\/aromat-coli.webp\",\"datePublished\":\"2025-02-07T13:52:37+00:00\",\"description\":\"Cola Aroma ist eine einzigartige Duftkomposition, die von dem kultigen Sprudelgetr\u00e4nk inspiriert ist und die Frische von Zitrusfr\u00fcchten mit tiefen, w\u00fcrzigen Noten kombiniert.\",\"breadcrumb\":{\"@id\":\"https:\\\/\\\/naturalpoland.com\\\/de\\\/produkte\\\/produkte-der-lebensmittelindustrie\\\/aromen\\\/andere-aromen\\\/geschmack-cola\\\/#breadcrumb\"},\"inLanguage\":\"de\",\"potentialAction\":[{\"@type\":\"ReadAction\",\"target\":[\"https:\\\/\\\/naturalpoland.com\\\/de\\\/produkte\\\/produkte-der-lebensmittelindustrie\\\/aromen\\\/andere-aromen\\\/geschmack-cola\\\/\"]}]},{\"@type\":\"ImageObject\",\"inLanguage\":\"de\",\"@id\":\"https:\\\/\\\/naturalpoland.com\\\/de\\\/produkte\\\/produkte-der-lebensmittelindustrie\\\/aromen\\\/andere-aromen\\\/geschmack-cola\\\/#primaryimage\",\"url\":\"https:\\\/\\\/naturalpoland.com\\\/wp-content\\\/uploads\\\/aromat-coli.webp\",\"contentUrl\":\"https:\\\/\\\/naturalpoland.com\\\/wp-content\\\/uploads\\\/aromat-coli.webp\",\"width\":595,\"height\":595,\"caption\":\"aromat coli\"},{\"@type\":\"BreadcrumbList\",\"@id\":\"https:\\\/\\\/naturalpoland.com\\\/de\\\/produkte\\\/produkte-der-lebensmittelindustrie\\\/aromen\\\/andere-aromen\\\/geschmack-cola\\\/#breadcrumb\",\"itemListElement\":[{\"@type\":\"ListItem\",\"position\":1,\"name\":\"Startseite\",\"item\":\"https:\\\/\\\/naturalpoland.com\\\/de\\\/\"},{\"@type\":\"ListItem\",\"position\":2,\"name\":\"Produkte\",\"item\":\"https:\\\/\\\/naturalpoland.com\\\/de\\\/produkte\\\/\"},{\"@type\":\"ListItem\",\"position\":3,\"name\":\"Geschmack: Cola\"}]},{\"@type\":\"WebSite\",\"@id\":\"https:\\\/\\\/naturalpoland.com\\\/de\\\/#website\",\"url\":\"https:\\\/\\\/naturalpoland.com\\\/de\\\/\",\"name\":\"NATURAL POLAND - IMPORT UND HANDEL VON ROHSTOFFEN\",\"description\":\"Rohstoffe f\u00fcr die Lebensmittelindustrie, Kosmetikindustrie, Pharmaindustrie\",\"publisher\":{\"@id\":\"https:\\\/\\\/naturalpoland.com\\\/de\\\/#organization\"},\"potentialAction\":[{\"@type\":\"SearchAction\",\"target\":{\"@type\":\"EntryPoint\",\"urlTemplate\":\"https:\\\/\\\/naturalpoland.com\\\/de\\\/?s={search_term_string}\"},\"query-input\":{\"@type\":\"PropertyValueSpecification\",\"valueRequired\":true,\"valueName\":\"search_term_string\"}}],\"inLanguage\":\"de\"},{\"@type\":\"Organization\",\"@id\":\"https:\\\/\\\/naturalpoland.com\\\/de\\\/#organization\",\"name\":\"Natural Poland\",\"url\":\"https:\\\/\\\/naturalpoland.com\\\/de\\\/\",\"logo\":{\"@type\":\"ImageObject\",\"inLanguage\":\"de\",\"@id\":\"https:\\\/\\\/naturalpoland.com\\\/de\\\/#\\\/schema\\\/logo\\\/image\\\/\",\"url\":\"https:\\\/\\\/naturalpoland.com\\\/wp-content\\\/uploads\\\/2021\\\/05\\\/natural-poland-icon.png\",\"contentUrl\":\"https:\\\/\\\/naturalpoland.com\\\/wp-content\\\/uploads\\\/2021\\\/05\\\/natural-poland-icon.png\",\"width\":512,\"height\":512,\"caption\":\"Natural Poland\"},\"image\":{\"@id\":\"https:\\\/\\\/naturalpoland.com\\\/de\\\/#\\\/schema\\\/logo\\\/image\\\/\"},\"sameAs\":[\"https:\\\/\\\/www.facebook.com\\\/naturalpoland.b2b\",\"https:\\\/\\\/pl.linkedin.com\\\/company\\\/natural-poland\",\"https:\\\/\\\/www.youtube.com\\\/channel\\\/UCgeGGkvOMahZo-xu_MSEWxg\"]}]}<\/script>\n<!-- \/ Yoast SEO plugin. -->","yoast_head_json":{"title":"Geschmack: Cola - Gro\u00dfhandelsvertrieb","description":"Cola Aroma ist eine einzigartige Duftkomposition, die von dem kultigen Sprudelgetr\u00e4nk inspiriert ist und die Frische von Zitrusfr\u00fcchten mit tiefen, w\u00fcrzigen Noten kombiniert.","robots":{"index":"index","follow":"follow","max-snippet":"max-snippet:-1","max-image-preview":"max-image-preview:large","max-video-preview":"max-video-preview:-1"},"canonical":"https:\/\/naturalpoland.com\/de\/produkte\/produkte-der-lebensmittelindustrie\/aromen\/andere-aromen\/geschmack-cola\/","og_locale":"de_DE","og_type":"article","og_title":"Geschmack: Cola - Gro\u00dfhandelsvertrieb","og_description":"Cola Aroma ist eine einzigartige Duftkomposition, die von dem kultigen Sprudelgetr\u00e4nk inspiriert ist und die Frische von Zitrusfr\u00fcchten mit tiefen, w\u00fcrzigen Noten kombiniert.","og_url":"https:\/\/naturalpoland.com\/de\/produkte\/produkte-der-lebensmittelindustrie\/aromen\/andere-aromen\/geschmack-cola\/","og_site_name":"NATURAL POLAND - IMPORT UND HANDEL VON ROHSTOFFEN","article_publisher":"https:\/\/www.facebook.com\/naturalpoland.b2b","og_image":[{"width":595,"height":595,"url":"https:\/\/naturalpoland.com\/wp-content\/uploads\/aromat-coli.webp","type":"image\/webp"}],"schema":{"@context":"https:\/\/schema.org","@graph":[{"@type":"WebPage","@id":"https:\/\/naturalpoland.com\/de\/produkte\/produkte-der-lebensmittelindustrie\/aromen\/andere-aromen\/geschmack-cola\/","url":"https:\/\/naturalpoland.com\/de\/produkte\/produkte-der-lebensmittelindustrie\/aromen\/andere-aromen\/geschmack-cola\/","name":"Geschmack: Cola - Gro\u00dfhandelsvertrieb","isPartOf":{"@id":"https:\/\/naturalpoland.com\/de\/#website"},"primaryImageOfPage":{"@id":"https:\/\/naturalpoland.com\/de\/produkte\/produkte-der-lebensmittelindustrie\/aromen\/andere-aromen\/geschmack-cola\/#primaryimage"},"image":{"@id":"https:\/\/naturalpoland.com\/de\/produkte\/produkte-der-lebensmittelindustrie\/aromen\/andere-aromen\/geschmack-cola\/#primaryimage"},"thumbnailUrl":"https:\/\/naturalpoland.com\/wp-content\/uploads\/aromat-coli.webp","datePublished":"2025-02-07T13:52:37+00:00","description":"Cola Aroma ist eine einzigartige Duftkomposition, die von dem kultigen Sprudelgetr\u00e4nk inspiriert ist und die Frische von Zitrusfr\u00fcchten mit tiefen, w\u00fcrzigen Noten kombiniert.","breadcrumb":{"@id":"https:\/\/naturalpoland.com\/de\/produkte\/produkte-der-lebensmittelindustrie\/aromen\/andere-aromen\/geschmack-cola\/#breadcrumb"},"inLanguage":"de","potentialAction":[{"@type":"ReadAction","target":["https:\/\/naturalpoland.com\/de\/produkte\/produkte-der-lebensmittelindustrie\/aromen\/andere-aromen\/geschmack-cola\/"]}]},{"@type":"ImageObject","inLanguage":"de","@id":"https:\/\/naturalpoland.com\/de\/produkte\/produkte-der-lebensmittelindustrie\/aromen\/andere-aromen\/geschmack-cola\/#primaryimage","url":"https:\/\/naturalpoland.com\/wp-content\/uploads\/aromat-coli.webp","contentUrl":"https:\/\/naturalpoland.com\/wp-content\/uploads\/aromat-coli.webp","width":595,"height":595,"caption":"aromat coli"},{"@type":"BreadcrumbList","@id":"https:\/\/naturalpoland.com\/de\/produkte\/produkte-der-lebensmittelindustrie\/aromen\/andere-aromen\/geschmack-cola\/#breadcrumb","itemListElement":[{"@type":"ListItem","position":1,"name":"Startseite","item":"https:\/\/naturalpoland.com\/de\/"},{"@type":"ListItem","position":2,"name":"Produkte","item":"https:\/\/naturalpoland.com\/de\/produkte\/"},{"@type":"ListItem","position":3,"name":"Geschmack: Cola"}]},{"@type":"WebSite","@id":"https:\/\/naturalpoland.com\/de\/#website","url":"https:\/\/naturalpoland.com\/de\/","name":"NATURAL POLAND - IMPORT UND HANDEL VON ROHSTOFFEN","description":"Rohstoffe f\u00fcr die Lebensmittelindustrie, Kosmetikindustrie, Pharmaindustrie","publisher":{"@id":"https:\/\/naturalpoland.com\/de\/#organization"},"potentialAction":[{"@type":"SearchAction","target":{"@type":"EntryPoint","urlTemplate":"https:\/\/naturalpoland.com\/de\/?s={search_term_string}"},"query-input":{"@type":"PropertyValueSpecification","valueRequired":true,"valueName":"search_term_string"}}],"inLanguage":"de"},{"@type":"Organization","@id":"https:\/\/naturalpoland.com\/de\/#organization","name":"Natural Poland","url":"https:\/\/naturalpoland.com\/de\/","logo":{"@type":"ImageObject","inLanguage":"de","@id":"https:\/\/naturalpoland.com\/de\/#\/schema\/logo\/image\/","url":"https:\/\/naturalpoland.com\/wp-content\/uploads\/2021\/05\/natural-poland-icon.png","contentUrl":"https:\/\/naturalpoland.com\/wp-content\/uploads\/2021\/05\/natural-poland-icon.png","width":512,"height":512,"caption":"Natural Poland"},"image":{"@id":"https:\/\/naturalpoland.com\/de\/#\/schema\/logo\/image\/"},"sameAs":["https:\/\/www.facebook.com\/naturalpoland.b2b","https:\/\/pl.linkedin.com\/company\/natural-poland","https:\/\/www.youtube.com\/channel\/UCgeGGkvOMahZo-xu_MSEWxg"]}]}},"_links":{"self":[{"href":"https:\/\/naturalpoland.com\/de\/wp-json\/wp\/v2\/product\/39336","targetHints":{"allow":["GET"]}}],"collection":[{"href":"https:\/\/naturalpoland.com\/de\/wp-json\/wp\/v2\/product"}],"about":[{"href":"https:\/\/naturalpoland.com\/de\/wp-json\/wp\/v2\/types\/product"}],"wp:featuredmedia":[{"embeddable":true,"href":"https:\/\/naturalpoland.com\/de\/wp-json\/wp\/v2\/media\/39197"}],"wp:attachment":[{"href":"https:\/\/naturalpoland.com\/de\/wp-json\/wp\/v2\/media?parent=39336"}],"wp:term":[{"taxonomy":"product_brand","embeddable":true,"href":"https:\/\/naturalpoland.com\/de\/wp-json\/wp\/v2\/product_brand?post=39336"},{"taxonomy":"product_cat","embeddable":true,"href":"https:\/\/naturalpoland.com\/de\/wp-json\/wp\/v2\/product_cat?post=39336"},{"taxonomy":"product_tag","embeddable":true,"href":"https:\/\/naturalpoland.com\/de\/wp-json\/wp\/v2\/product_tag?post=39336"}],"curies":[{"name":"wp","href":"https:\/\/api.w.org\/{rel}","templated":true}]}}