{"id":39365,"date":"2025-02-07T12:46:15","date_gmt":"2025-02-07T11:46:15","guid":{"rendered":"https:\/\/naturalpoland.com\/produkty\/unkategorisiert\/vanille-aroma\/"},"modified":"2025-02-07T14:58:46","modified_gmt":"2025-02-07T13:58:46","slug":"vanille-aroma","status":"publish","type":"product","link":"https:\/\/naturalpoland.com\/de\/produkte\/produkte-der-lebensmittelindustrie\/aromen\/dessertaromen\/vanille-aroma\/","title":{"rendered":"Vanille-Aroma"},"content":{"rendered":"<p>Vanillearoma ist ein beliebter Rohstoff in S\u00fc\u00dfwaren, Getr\u00e4nken, Eiscreme, Backwaren und Desserts sowie in Parf\u00fcmkompositionen und Kosmetika mit einem sinnlichen, umh\u00fcllenden Duft.<\/p>\n<h2>Fl\u00fcssige Vanille-Aromen<\/h2>\n<p><strong>FTNF<\/strong> (From the Name Fruit) ist <strong>ein hochwertiges nat\u00fcrliches fl\u00fcssiges Vanillearoma<\/strong>, das zu mindestens 95% aus authentischen Rohstoffen besteht. Es ist reich an warmen, balsamischen Noten, die an eine nat\u00fcrliche Vanillestange erinnern, mit deutlichen Braunt\u00f6nen. Es ist hitzebest\u00e4ndig und eignet sich gut f\u00fcr anspruchsvolle Anwendungen wie Backwaren oder die Herstellung von Cremes und Eiscreme.  <\/p>\n<p><strong>WONF (With Other Natural Flavors) ist ein hochwertiges Vanillearoma <\/strong>, das den nat\u00fcrlichen Charakter der Vanille bewahrt, aber mit zus\u00e4tzlichen Noten angereichert ist. Mit einem cremigen, eisigen Profil kombiniert <strong>das Aroma<\/strong> die subtile S\u00fc\u00dfe der Vanille mit einer leichten, trockenen Note des nat\u00fcrlichen Vanillesticks und wird f\u00fcr die Verwendung in Milchdesserts und Cremes empfohlen.<strong> Die konzentrierte<\/strong> Variante dieses Aromas hingegen zeichnet sich durch einen starken Vanillecharakter mit Anis- und Mandelnoten aus, die ihm ein intensives, tiefes Geschmacksprofil verleihen. <\/p>\n<p><strong>WONF Qualit\u00e4ts-Vanille-Trockenaroma <\/strong>f\u00e4ngt den Charakter von Vanilleextrakt mit einem intensiven Hauch von nat\u00fcrlichem Vanillestick ein. Es wird f\u00fcr Luxusdesserts, Pralinen und raffinierte Backwaren verwendet. <\/p>\n<h2>Vanille-Aromapulver<\/h2>\n<p>Pulverf\u00f6rmige Geschmacksvarianten erleichtern die Dosierung in Anwendungen, die eine trockene Form erfordern. <strong>Das Vanillepulver in WONF-Qualit\u00e4t<\/strong> beh\u00e4lt einen cremigen, eisigen Charakter mit der subtilen Trockenheit einer Vanillestange. Andere Varianten hingegen zeichnen sich durch intensive Milch- und Sahne-Noten aus, die an wei\u00dfe Schokolade erinnern.  <\/p>\n<p>Pulverf\u00f6rmiges <strong>Vanille-S\u00fc\u00dfwarenaroma<\/strong> hingegen erinnert an das klassische Vanillezuckeraroma und wird f\u00fcr Kuchen und Hefeteige empfohlen.<\/p>\n<p><strong>Vanillearoma f\u00fcr Backwaren<\/strong> bietet einen s\u00fc\u00dfen, pudding\u00e4hnlichen Charakter mit warmen Gew\u00fcrznoten, wodurch es sich perfekt f\u00fcr Biskuitkuchen, Muffins und Cupcakes eignet.<\/p>\n<p>F\u00fcr Anwendungen, die einen intensiven, konzentrierten Duft erfordern, empfehlen wir <strong>Konzentriertes Vanillearoma<\/strong> und <strong>Nat\u00fcrliches Vanillearoma<\/strong>, die ein tiefes, starkes Vanilleprofil mit deutlichen Anis- und Mandelnoten vermitteln. Sie eignen sich gut f\u00fcr luxuri\u00f6se S\u00fc\u00dfwaren und hochwertige Eiscremes und Puddings. <\/p>\n<h2>Aromen maskieren<\/h2>\n<p>Vanillearomen werden auch als Zutaten verwendet, um unerw\u00fcnschte Noten in Lebensmitteln und Nahrungserg\u00e4nzungsmitteln zu maskieren. Das <strong>Vanille-Maskierungsaroma<\/strong> ist eine s\u00fc\u00dfe, puddingartige Komposition mit einem zarten Hauch von Kokosmilch, die den Geschmack und das Aroma von funktionellen Produkten perfekt harmonisiert. <\/p>\n<p>&nbsp;<\/p>\n","protected":false},"excerpt":{"rendered":"<p>Vanillearoma ist der Klassiker unter den Lebensmittelaromen. Je nach Variante kann es den Charakter einer echten Vanillestange widerspiegeln, cremiger sein, an Pudding erinnern oder sogar mit Noten von Mandel, Anis oder Karamell angereichert sein. <\/p>\n","protected":false},"featured_media":39267,"template":"","meta":{"_acf_changed":false},"product_brand":[],"product_cat":[7611],"product_tag":[],"class_list":{"0":"post-39365","1":"product","2":"type-product","3":"status-publish","4":"has-post-thumbnail","6":"product_cat-dessertaromen","8":"first","9":"instock","10":"shipping-taxable","11":"product-type-simple"},"acf":[],"yoast_head":"<!-- This site is optimized with the Yoast SEO plugin v27.4 - https:\/\/yoast.com\/product\/yoast-seo-wordpress\/ -->\n<title>Vanille-Aroma - Gro\u00dfhandelsvertrieb<\/title>\n<meta name=\"description\" content=\"Vanillearoma ist eines der klassischsten und vielseitigsten Aromen, die in der Lebensmittel- und Kosmetikindustrie verwendet werden.\" \/>\n<meta name=\"robots\" content=\"index, follow, max-snippet:-1, max-image-preview:large, max-video-preview:-1\" \/>\n<link rel=\"canonical\" href=\"https:\/\/naturalpoland.com\/de\/produkte\/produkte-der-lebensmittelindustrie\/aromen\/dessertaromen\/vanille-aroma\/\" \/>\n<meta property=\"og:locale\" content=\"de_DE\" \/>\n<meta property=\"og:type\" content=\"article\" \/>\n<meta property=\"og:title\" content=\"Vanille-Aroma - Gro\u00dfhandelsvertrieb\" \/>\n<meta property=\"og:description\" content=\"Vanillearoma ist eines der klassischsten und vielseitigsten Aromen, die in der Lebensmittel- und Kosmetikindustrie verwendet werden.\" \/>\n<meta property=\"og:url\" content=\"https:\/\/naturalpoland.com\/de\/produkte\/produkte-der-lebensmittelindustrie\/aromen\/dessertaromen\/vanille-aroma\/\" \/>\n<meta property=\"og:site_name\" content=\"NATURAL POLAND - IMPORT UND HANDEL VON ROHSTOFFEN\" \/>\n<meta property=\"article:publisher\" content=\"https:\/\/www.facebook.com\/naturalpoland.b2b\" \/>\n<meta property=\"article:modified_time\" content=\"2025-02-07T13:58:46+00:00\" \/>\n<meta property=\"og:image\" content=\"https:\/\/naturalpoland.com\/wp-content\/uploads\/aromat-waniliowy.webp\" \/>\n\t<meta property=\"og:image:width\" content=\"596\" \/>\n\t<meta property=\"og:image:height\" content=\"596\" \/>\n\t<meta property=\"og:image:type\" content=\"image\/webp\" \/>\n<script type=\"application\/ld+json\" class=\"yoast-schema-graph\">{\"@context\":\"https:\\\/\\\/schema.org\",\"@graph\":[{\"@type\":\"WebPage\",\"@id\":\"https:\\\/\\\/naturalpoland.com\\\/de\\\/produkte\\\/produkte-der-lebensmittelindustrie\\\/aromen\\\/dessertaromen\\\/vanille-aroma\\\/\",\"url\":\"https:\\\/\\\/naturalpoland.com\\\/de\\\/produkte\\\/produkte-der-lebensmittelindustrie\\\/aromen\\\/dessertaromen\\\/vanille-aroma\\\/\",\"name\":\"Vanille-Aroma - Gro\u00dfhandelsvertrieb\",\"isPartOf\":{\"@id\":\"https:\\\/\\\/naturalpoland.com\\\/de\\\/#website\"},\"primaryImageOfPage\":{\"@id\":\"https:\\\/\\\/naturalpoland.com\\\/de\\\/produkte\\\/produkte-der-lebensmittelindustrie\\\/aromen\\\/dessertaromen\\\/vanille-aroma\\\/#primaryimage\"},\"image\":{\"@id\":\"https:\\\/\\\/naturalpoland.com\\\/de\\\/produkte\\\/produkte-der-lebensmittelindustrie\\\/aromen\\\/dessertaromen\\\/vanille-aroma\\\/#primaryimage\"},\"thumbnailUrl\":\"https:\\\/\\\/naturalpoland.com\\\/wp-content\\\/uploads\\\/aromat-waniliowy.webp\",\"datePublished\":\"2025-02-07T11:46:15+00:00\",\"dateModified\":\"2025-02-07T13:58:46+00:00\",\"description\":\"Vanillearoma ist eines der klassischsten und vielseitigsten Aromen, die in der Lebensmittel- und Kosmetikindustrie verwendet werden.\",\"breadcrumb\":{\"@id\":\"https:\\\/\\\/naturalpoland.com\\\/de\\\/produkte\\\/produkte-der-lebensmittelindustrie\\\/aromen\\\/dessertaromen\\\/vanille-aroma\\\/#breadcrumb\"},\"inLanguage\":\"de\",\"potentialAction\":[{\"@type\":\"ReadAction\",\"target\":[\"https:\\\/\\\/naturalpoland.com\\\/de\\\/produkte\\\/produkte-der-lebensmittelindustrie\\\/aromen\\\/dessertaromen\\\/vanille-aroma\\\/\"]}]},{\"@type\":\"ImageObject\",\"inLanguage\":\"de\",\"@id\":\"https:\\\/\\\/naturalpoland.com\\\/de\\\/produkte\\\/produkte-der-lebensmittelindustrie\\\/aromen\\\/dessertaromen\\\/vanille-aroma\\\/#primaryimage\",\"url\":\"https:\\\/\\\/naturalpoland.com\\\/wp-content\\\/uploads\\\/aromat-waniliowy.webp\",\"contentUrl\":\"https:\\\/\\\/naturalpoland.com\\\/wp-content\\\/uploads\\\/aromat-waniliowy.webp\",\"width\":596,\"height\":596,\"caption\":\"aromat waniliowy p\u0142ynny i proszkowy\"},{\"@type\":\"BreadcrumbList\",\"@id\":\"https:\\\/\\\/naturalpoland.com\\\/de\\\/produkte\\\/produkte-der-lebensmittelindustrie\\\/aromen\\\/dessertaromen\\\/vanille-aroma\\\/#breadcrumb\",\"itemListElement\":[{\"@type\":\"ListItem\",\"position\":1,\"name\":\"Startseite\",\"item\":\"https:\\\/\\\/naturalpoland.com\\\/de\\\/\"},{\"@type\":\"ListItem\",\"position\":2,\"name\":\"Produkte\",\"item\":\"https:\\\/\\\/naturalpoland.com\\\/de\\\/produkte\\\/\"},{\"@type\":\"ListItem\",\"position\":3,\"name\":\"Vanille-Aroma\"}]},{\"@type\":\"WebSite\",\"@id\":\"https:\\\/\\\/naturalpoland.com\\\/de\\\/#website\",\"url\":\"https:\\\/\\\/naturalpoland.com\\\/de\\\/\",\"name\":\"NATURAL POLAND - IMPORT UND HANDEL VON ROHSTOFFEN\",\"description\":\"Rohstoffe f\u00fcr die Lebensmittelindustrie, Kosmetikindustrie, Pharmaindustrie\",\"publisher\":{\"@id\":\"https:\\\/\\\/naturalpoland.com\\\/de\\\/#organization\"},\"potentialAction\":[{\"@type\":\"SearchAction\",\"target\":{\"@type\":\"EntryPoint\",\"urlTemplate\":\"https:\\\/\\\/naturalpoland.com\\\/de\\\/?s={search_term_string}\"},\"query-input\":{\"@type\":\"PropertyValueSpecification\",\"valueRequired\":true,\"valueName\":\"search_term_string\"}}],\"inLanguage\":\"de\"},{\"@type\":\"Organization\",\"@id\":\"https:\\\/\\\/naturalpoland.com\\\/de\\\/#organization\",\"name\":\"Natural Poland\",\"url\":\"https:\\\/\\\/naturalpoland.com\\\/de\\\/\",\"logo\":{\"@type\":\"ImageObject\",\"inLanguage\":\"de\",\"@id\":\"https:\\\/\\\/naturalpoland.com\\\/de\\\/#\\\/schema\\\/logo\\\/image\\\/\",\"url\":\"https:\\\/\\\/naturalpoland.com\\\/wp-content\\\/uploads\\\/2021\\\/05\\\/natural-poland-icon.png\",\"contentUrl\":\"https:\\\/\\\/naturalpoland.com\\\/wp-content\\\/uploads\\\/2021\\\/05\\\/natural-poland-icon.png\",\"width\":512,\"height\":512,\"caption\":\"Natural Poland\"},\"image\":{\"@id\":\"https:\\\/\\\/naturalpoland.com\\\/de\\\/#\\\/schema\\\/logo\\\/image\\\/\"},\"sameAs\":[\"https:\\\/\\\/www.facebook.com\\\/naturalpoland.b2b\",\"https:\\\/\\\/pl.linkedin.com\\\/company\\\/natural-poland\",\"https:\\\/\\\/www.youtube.com\\\/channel\\\/UCgeGGkvOMahZo-xu_MSEWxg\"]}]}<\/script>\n<!-- \/ Yoast SEO plugin. -->","yoast_head_json":{"title":"Vanille-Aroma - Gro\u00dfhandelsvertrieb","description":"Vanillearoma ist eines der klassischsten und vielseitigsten Aromen, die in der Lebensmittel- und Kosmetikindustrie verwendet werden.","robots":{"index":"index","follow":"follow","max-snippet":"max-snippet:-1","max-image-preview":"max-image-preview:large","max-video-preview":"max-video-preview:-1"},"canonical":"https:\/\/naturalpoland.com\/de\/produkte\/produkte-der-lebensmittelindustrie\/aromen\/dessertaromen\/vanille-aroma\/","og_locale":"de_DE","og_type":"article","og_title":"Vanille-Aroma - Gro\u00dfhandelsvertrieb","og_description":"Vanillearoma ist eines der klassischsten und vielseitigsten Aromen, die in der Lebensmittel- und Kosmetikindustrie verwendet werden.","og_url":"https:\/\/naturalpoland.com\/de\/produkte\/produkte-der-lebensmittelindustrie\/aromen\/dessertaromen\/vanille-aroma\/","og_site_name":"NATURAL POLAND - IMPORT UND HANDEL VON ROHSTOFFEN","article_publisher":"https:\/\/www.facebook.com\/naturalpoland.b2b","article_modified_time":"2025-02-07T13:58:46+00:00","og_image":[{"width":596,"height":596,"url":"https:\/\/naturalpoland.com\/wp-content\/uploads\/aromat-waniliowy.webp","type":"image\/webp"}],"schema":{"@context":"https:\/\/schema.org","@graph":[{"@type":"WebPage","@id":"https:\/\/naturalpoland.com\/de\/produkte\/produkte-der-lebensmittelindustrie\/aromen\/dessertaromen\/vanille-aroma\/","url":"https:\/\/naturalpoland.com\/de\/produkte\/produkte-der-lebensmittelindustrie\/aromen\/dessertaromen\/vanille-aroma\/","name":"Vanille-Aroma - Gro\u00dfhandelsvertrieb","isPartOf":{"@id":"https:\/\/naturalpoland.com\/de\/#website"},"primaryImageOfPage":{"@id":"https:\/\/naturalpoland.com\/de\/produkte\/produkte-der-lebensmittelindustrie\/aromen\/dessertaromen\/vanille-aroma\/#primaryimage"},"image":{"@id":"https:\/\/naturalpoland.com\/de\/produkte\/produkte-der-lebensmittelindustrie\/aromen\/dessertaromen\/vanille-aroma\/#primaryimage"},"thumbnailUrl":"https:\/\/naturalpoland.com\/wp-content\/uploads\/aromat-waniliowy.webp","datePublished":"2025-02-07T11:46:15+00:00","dateModified":"2025-02-07T13:58:46+00:00","description":"Vanillearoma ist eines der klassischsten und vielseitigsten Aromen, die in der Lebensmittel- und Kosmetikindustrie verwendet werden.","breadcrumb":{"@id":"https:\/\/naturalpoland.com\/de\/produkte\/produkte-der-lebensmittelindustrie\/aromen\/dessertaromen\/vanille-aroma\/#breadcrumb"},"inLanguage":"de","potentialAction":[{"@type":"ReadAction","target":["https:\/\/naturalpoland.com\/de\/produkte\/produkte-der-lebensmittelindustrie\/aromen\/dessertaromen\/vanille-aroma\/"]}]},{"@type":"ImageObject","inLanguage":"de","@id":"https:\/\/naturalpoland.com\/de\/produkte\/produkte-der-lebensmittelindustrie\/aromen\/dessertaromen\/vanille-aroma\/#primaryimage","url":"https:\/\/naturalpoland.com\/wp-content\/uploads\/aromat-waniliowy.webp","contentUrl":"https:\/\/naturalpoland.com\/wp-content\/uploads\/aromat-waniliowy.webp","width":596,"height":596,"caption":"aromat waniliowy p\u0142ynny i proszkowy"},{"@type":"BreadcrumbList","@id":"https:\/\/naturalpoland.com\/de\/produkte\/produkte-der-lebensmittelindustrie\/aromen\/dessertaromen\/vanille-aroma\/#breadcrumb","itemListElement":[{"@type":"ListItem","position":1,"name":"Startseite","item":"https:\/\/naturalpoland.com\/de\/"},{"@type":"ListItem","position":2,"name":"Produkte","item":"https:\/\/naturalpoland.com\/de\/produkte\/"},{"@type":"ListItem","position":3,"name":"Vanille-Aroma"}]},{"@type":"WebSite","@id":"https:\/\/naturalpoland.com\/de\/#website","url":"https:\/\/naturalpoland.com\/de\/","name":"NATURAL POLAND - IMPORT UND HANDEL VON ROHSTOFFEN","description":"Rohstoffe f\u00fcr die Lebensmittelindustrie, Kosmetikindustrie, Pharmaindustrie","publisher":{"@id":"https:\/\/naturalpoland.com\/de\/#organization"},"potentialAction":[{"@type":"SearchAction","target":{"@type":"EntryPoint","urlTemplate":"https:\/\/naturalpoland.com\/de\/?s={search_term_string}"},"query-input":{"@type":"PropertyValueSpecification","valueRequired":true,"valueName":"search_term_string"}}],"inLanguage":"de"},{"@type":"Organization","@id":"https:\/\/naturalpoland.com\/de\/#organization","name":"Natural Poland","url":"https:\/\/naturalpoland.com\/de\/","logo":{"@type":"ImageObject","inLanguage":"de","@id":"https:\/\/naturalpoland.com\/de\/#\/schema\/logo\/image\/","url":"https:\/\/naturalpoland.com\/wp-content\/uploads\/2021\/05\/natural-poland-icon.png","contentUrl":"https:\/\/naturalpoland.com\/wp-content\/uploads\/2021\/05\/natural-poland-icon.png","width":512,"height":512,"caption":"Natural Poland"},"image":{"@id":"https:\/\/naturalpoland.com\/de\/#\/schema\/logo\/image\/"},"sameAs":["https:\/\/www.facebook.com\/naturalpoland.b2b","https:\/\/pl.linkedin.com\/company\/natural-poland","https:\/\/www.youtube.com\/channel\/UCgeGGkvOMahZo-xu_MSEWxg"]}]}},"_links":{"self":[{"href":"https:\/\/naturalpoland.com\/de\/wp-json\/wp\/v2\/product\/39365","targetHints":{"allow":["GET"]}}],"collection":[{"href":"https:\/\/naturalpoland.com\/de\/wp-json\/wp\/v2\/product"}],"about":[{"href":"https:\/\/naturalpoland.com\/de\/wp-json\/wp\/v2\/types\/product"}],"wp:featuredmedia":[{"embeddable":true,"href":"https:\/\/naturalpoland.com\/de\/wp-json\/wp\/v2\/media\/39267"}],"wp:attachment":[{"href":"https:\/\/naturalpoland.com\/de\/wp-json\/wp\/v2\/media?parent=39365"}],"wp:term":[{"taxonomy":"product_brand","embeddable":true,"href":"https:\/\/naturalpoland.com\/de\/wp-json\/wp\/v2\/product_brand?post=39365"},{"taxonomy":"product_cat","embeddable":true,"href":"https:\/\/naturalpoland.com\/de\/wp-json\/wp\/v2\/product_cat?post=39365"},{"taxonomy":"product_tag","embeddable":true,"href":"https:\/\/naturalpoland.com\/de\/wp-json\/wp\/v2\/product_tag?post=39365"}],"curies":[{"name":"wp","href":"https:\/\/api.w.org\/{rel}","templated":true}]}}