{"id":39382,"date":"2025-02-07T13:11:39","date_gmt":"2025-02-07T12:11:39","guid":{"rendered":"https:\/\/naturalpoland.com\/produkty\/unkategorisiert\/kokosnuss-aroma\/"},"modified":"2025-02-07T15:15:00","modified_gmt":"2025-02-07T14:15:00","slug":"kokosnuss-aroma","status":"publish","type":"product","link":"https:\/\/naturalpoland.com\/de\/produkte\/produkte-der-lebensmittelindustrie\/aromen\/nussige-aromen\/kokosnuss-aroma\/","title":{"rendered":"Kokosnuss-Aroma"},"content":{"rendered":"<h2>Geschmacksvarianten mit Kokosnuss:<\/h2>\n<ol>\n<li><strong>WONF Kokosnuss-Aroma, ein <\/strong>nat\u00fcrliches, fl\u00fcssiges Aroma, das gegen hohe Temperaturen resistent ist. Sein Aroma kombiniert den dichten, milchigen Charakter der Kokosnuss mit einem zarten Hauch von frischen Sp\u00e4nen. Empfohlen f\u00fcr Milchdesserts, Eiscreme, Kuchen und Geb\u00e4ckcremes. Da es hitzebest\u00e4ndig ist, kann es in Backwaren und Produkten verwendet werden, die eine hohe Geschmacksstabilit\u00e4t bei hohen Temperaturen erfordern.   <\/li>\n<li><strong>Fl\u00fcssiges Kokosnussmilch-Aroma<\/strong> hat das s\u00fc\u00dfe Aroma von Milchschokolade und Kokosnussmilch. Es l\u00e4sst sich gut in S\u00fc\u00dfwarencremes, Pralinenf\u00fcllungen und Milchgetr\u00e4nken verwenden. <\/li>\n<li><strong>Kokosnussaroma mit einem Hauch von trockenen Sp\u00e4nen<\/strong> ist eine Option f\u00fcr diejenigen, die authentischere, rohe Kokosnussnoten bevorzugen &#8211; perfekt geeignet f\u00fcr Produkte mit einem ausgepr\u00e4gten, nat\u00fcrlichen Geschmacksprofil.<\/li>\n<li>Zu den vielseitigeren Kompositionen geh\u00f6rt das <strong>appetitliche s\u00fc\u00dfe Kokosnussaroma<\/strong>, das sowohl in fl\u00fcssiger als auch in konzentrierter Form erh\u00e4ltlich ist. Es hat ein klassisches, intensives Kokosnussaroma, das in Getr\u00e4nken und S\u00fc\u00dfigkeiten und sogar in Kosmetika verwendet werden kann. <\/li>\n<li>F\u00fcr Hersteller, die eine pulverisierte Form bevorzugen, ist <strong>Kokosnussaroma-Pulver<\/strong> mit einem s\u00fc\u00dfen, appetitlichen Aroma erh\u00e4ltlich. Es wird f\u00fcr die Verwendung in Trockenprodukten wie Backmischungen, Proteinriegeln, M\u00fcsli oder Protein-Nahrungserg\u00e4nzungen empfohlen. Es sorgt f\u00fcr einen stabilen Geschmack und ein stabiles Aroma.  <\/li>\n<li>Das <strong>Kokosnuss-Aromapulver<\/strong> verleiht dem Produkt nicht nur eine angenehme Kokosnussnote, sondern neutralisiert auch wirksam unerw\u00fcnschte Geschm\u00e4cker und Ger\u00fcche. Es wird als Zusatz zu Nahrungserg\u00e4nzungsmitteln, Nahrungserg\u00e4nzungsmitteln und funktionellen pflanzlichen Getr\u00e4nken empfohlen. <\/li>\n<\/ol>\n","protected":false},"excerpt":{"rendered":"<p>Kokosnussaroma verleiht Produkten eine unverwechselbare exotische Note, die mit Kokosmilch, Kokosraspeln und der S\u00fc\u00dfe von tropischen Desserts assoziiert wird. Es wird in der Lebensmittel-, S\u00fc\u00dfwaren-, B\u00e4ckerei- und Kosmetikindustrie verwendet. <\/p>\n","protected":false},"featured_media":39280,"template":"","meta":{"_acf_changed":false},"product_brand":[],"product_cat":[7614,7613],"product_tag":[],"class_list":{"0":"post-39382","1":"product","2":"type-product","3":"status-publish","4":"has-post-thumbnail","6":"product_cat-fruchtige-aromen","7":"product_cat-nussige-aromen","9":"first","10":"instock","11":"shipping-taxable","12":"product-type-simple"},"acf":[],"yoast_head":"<!-- This site is optimized with the Yoast SEO plugin v27.4 - https:\/\/yoast.com\/product\/yoast-seo-wordpress\/ -->\n<title>Kokosnuss-Aroma - Gro\u00dfhandelsvertrieb<\/title>\n<meta name=\"description\" content=\"Kokosnussaroma ist eine einzigartige Zutat, die Produkten eine unverwechselbare exotische Note verleiht, die mit Kokosnussmilch und Kokosnussraspeln assoziiert wird.\" \/>\n<meta name=\"robots\" content=\"index, follow, max-snippet:-1, max-image-preview:large, max-video-preview:-1\" \/>\n<link rel=\"canonical\" href=\"https:\/\/naturalpoland.com\/de\/produkte\/produkte-der-lebensmittelindustrie\/aromen\/nussige-aromen\/kokosnuss-aroma\/\" \/>\n<meta property=\"og:locale\" content=\"de_DE\" \/>\n<meta property=\"og:type\" content=\"article\" \/>\n<meta property=\"og:title\" content=\"Kokosnuss-Aroma - Gro\u00dfhandelsvertrieb\" \/>\n<meta property=\"og:description\" content=\"Kokosnussaroma ist eine einzigartige Zutat, die Produkten eine unverwechselbare exotische Note verleiht, die mit Kokosnussmilch und Kokosnussraspeln assoziiert wird.\" \/>\n<meta property=\"og:url\" content=\"https:\/\/naturalpoland.com\/de\/produkte\/produkte-der-lebensmittelindustrie\/aromen\/nussige-aromen\/kokosnuss-aroma\/\" \/>\n<meta property=\"og:site_name\" content=\"NATURAL POLAND - IMPORT UND HANDEL VON ROHSTOFFEN\" \/>\n<meta property=\"article:publisher\" content=\"https:\/\/www.facebook.com\/naturalpoland.b2b\" \/>\n<meta property=\"article:modified_time\" content=\"2025-02-07T14:15:00+00:00\" \/>\n<meta property=\"og:image\" content=\"https:\/\/naturalpoland.com\/wp-content\/uploads\/aromat-kokosowy.webp\" \/>\n\t<meta property=\"og:image:width\" content=\"596\" \/>\n\t<meta property=\"og:image:height\" content=\"596\" \/>\n\t<meta property=\"og:image:type\" content=\"image\/webp\" \/>\n<script type=\"application\/ld+json\" class=\"yoast-schema-graph\">{\"@context\":\"https:\\\/\\\/schema.org\",\"@graph\":[{\"@type\":\"WebPage\",\"@id\":\"https:\\\/\\\/naturalpoland.com\\\/de\\\/produkte\\\/produkte-der-lebensmittelindustrie\\\/aromen\\\/nussige-aromen\\\/kokosnuss-aroma\\\/\",\"url\":\"https:\\\/\\\/naturalpoland.com\\\/de\\\/produkte\\\/produkte-der-lebensmittelindustrie\\\/aromen\\\/nussige-aromen\\\/kokosnuss-aroma\\\/\",\"name\":\"Kokosnuss-Aroma - Gro\u00dfhandelsvertrieb\",\"isPartOf\":{\"@id\":\"https:\\\/\\\/naturalpoland.com\\\/de\\\/#website\"},\"primaryImageOfPage\":{\"@id\":\"https:\\\/\\\/naturalpoland.com\\\/de\\\/produkte\\\/produkte-der-lebensmittelindustrie\\\/aromen\\\/nussige-aromen\\\/kokosnuss-aroma\\\/#primaryimage\"},\"image\":{\"@id\":\"https:\\\/\\\/naturalpoland.com\\\/de\\\/produkte\\\/produkte-der-lebensmittelindustrie\\\/aromen\\\/nussige-aromen\\\/kokosnuss-aroma\\\/#primaryimage\"},\"thumbnailUrl\":\"https:\\\/\\\/naturalpoland.com\\\/wp-content\\\/uploads\\\/aromat-kokosowy.webp\",\"datePublished\":\"2025-02-07T12:11:39+00:00\",\"dateModified\":\"2025-02-07T14:15:00+00:00\",\"description\":\"Kokosnussaroma ist eine einzigartige Zutat, die Produkten eine unverwechselbare exotische Note verleiht, die mit Kokosnussmilch und Kokosnussraspeln assoziiert wird.\",\"breadcrumb\":{\"@id\":\"https:\\\/\\\/naturalpoland.com\\\/de\\\/produkte\\\/produkte-der-lebensmittelindustrie\\\/aromen\\\/nussige-aromen\\\/kokosnuss-aroma\\\/#breadcrumb\"},\"inLanguage\":\"de\",\"potentialAction\":[{\"@type\":\"ReadAction\",\"target\":[\"https:\\\/\\\/naturalpoland.com\\\/de\\\/produkte\\\/produkte-der-lebensmittelindustrie\\\/aromen\\\/nussige-aromen\\\/kokosnuss-aroma\\\/\"]}]},{\"@type\":\"ImageObject\",\"inLanguage\":\"de\",\"@id\":\"https:\\\/\\\/naturalpoland.com\\\/de\\\/produkte\\\/produkte-der-lebensmittelindustrie\\\/aromen\\\/nussige-aromen\\\/kokosnuss-aroma\\\/#primaryimage\",\"url\":\"https:\\\/\\\/naturalpoland.com\\\/wp-content\\\/uploads\\\/aromat-kokosowy.webp\",\"contentUrl\":\"https:\\\/\\\/naturalpoland.com\\\/wp-content\\\/uploads\\\/aromat-kokosowy.webp\",\"width\":596,\"height\":596,\"caption\":\"aromat kokosowy p\u0142ynny i proszkowy\"},{\"@type\":\"BreadcrumbList\",\"@id\":\"https:\\\/\\\/naturalpoland.com\\\/de\\\/produkte\\\/produkte-der-lebensmittelindustrie\\\/aromen\\\/nussige-aromen\\\/kokosnuss-aroma\\\/#breadcrumb\",\"itemListElement\":[{\"@type\":\"ListItem\",\"position\":1,\"name\":\"Startseite\",\"item\":\"https:\\\/\\\/naturalpoland.com\\\/de\\\/\"},{\"@type\":\"ListItem\",\"position\":2,\"name\":\"Produkte\",\"item\":\"https:\\\/\\\/naturalpoland.com\\\/de\\\/produkte\\\/\"},{\"@type\":\"ListItem\",\"position\":3,\"name\":\"Kokosnuss-Aroma\"}]},{\"@type\":\"WebSite\",\"@id\":\"https:\\\/\\\/naturalpoland.com\\\/de\\\/#website\",\"url\":\"https:\\\/\\\/naturalpoland.com\\\/de\\\/\",\"name\":\"NATURAL POLAND - IMPORT UND HANDEL VON ROHSTOFFEN\",\"description\":\"Rohstoffe f\u00fcr die Lebensmittelindustrie, Kosmetikindustrie, Pharmaindustrie\",\"publisher\":{\"@id\":\"https:\\\/\\\/naturalpoland.com\\\/de\\\/#organization\"},\"potentialAction\":[{\"@type\":\"SearchAction\",\"target\":{\"@type\":\"EntryPoint\",\"urlTemplate\":\"https:\\\/\\\/naturalpoland.com\\\/de\\\/?s={search_term_string}\"},\"query-input\":{\"@type\":\"PropertyValueSpecification\",\"valueRequired\":true,\"valueName\":\"search_term_string\"}}],\"inLanguage\":\"de\"},{\"@type\":\"Organization\",\"@id\":\"https:\\\/\\\/naturalpoland.com\\\/de\\\/#organization\",\"name\":\"Natural Poland\",\"url\":\"https:\\\/\\\/naturalpoland.com\\\/de\\\/\",\"logo\":{\"@type\":\"ImageObject\",\"inLanguage\":\"de\",\"@id\":\"https:\\\/\\\/naturalpoland.com\\\/de\\\/#\\\/schema\\\/logo\\\/image\\\/\",\"url\":\"https:\\\/\\\/naturalpoland.com\\\/wp-content\\\/uploads\\\/2021\\\/05\\\/natural-poland-icon.png\",\"contentUrl\":\"https:\\\/\\\/naturalpoland.com\\\/wp-content\\\/uploads\\\/2021\\\/05\\\/natural-poland-icon.png\",\"width\":512,\"height\":512,\"caption\":\"Natural Poland\"},\"image\":{\"@id\":\"https:\\\/\\\/naturalpoland.com\\\/de\\\/#\\\/schema\\\/logo\\\/image\\\/\"},\"sameAs\":[\"https:\\\/\\\/www.facebook.com\\\/naturalpoland.b2b\",\"https:\\\/\\\/pl.linkedin.com\\\/company\\\/natural-poland\",\"https:\\\/\\\/www.youtube.com\\\/channel\\\/UCgeGGkvOMahZo-xu_MSEWxg\"]}]}<\/script>\n<!-- \/ Yoast SEO plugin. -->","yoast_head_json":{"title":"Kokosnuss-Aroma - Gro\u00dfhandelsvertrieb","description":"Kokosnussaroma ist eine einzigartige Zutat, die Produkten eine unverwechselbare exotische Note verleiht, die mit Kokosnussmilch und Kokosnussraspeln assoziiert wird.","robots":{"index":"index","follow":"follow","max-snippet":"max-snippet:-1","max-image-preview":"max-image-preview:large","max-video-preview":"max-video-preview:-1"},"canonical":"https:\/\/naturalpoland.com\/de\/produkte\/produkte-der-lebensmittelindustrie\/aromen\/nussige-aromen\/kokosnuss-aroma\/","og_locale":"de_DE","og_type":"article","og_title":"Kokosnuss-Aroma - Gro\u00dfhandelsvertrieb","og_description":"Kokosnussaroma ist eine einzigartige Zutat, die Produkten eine unverwechselbare exotische Note verleiht, die mit Kokosnussmilch und Kokosnussraspeln assoziiert wird.","og_url":"https:\/\/naturalpoland.com\/de\/produkte\/produkte-der-lebensmittelindustrie\/aromen\/nussige-aromen\/kokosnuss-aroma\/","og_site_name":"NATURAL POLAND - IMPORT UND HANDEL VON ROHSTOFFEN","article_publisher":"https:\/\/www.facebook.com\/naturalpoland.b2b","article_modified_time":"2025-02-07T14:15:00+00:00","og_image":[{"width":596,"height":596,"url":"https:\/\/naturalpoland.com\/wp-content\/uploads\/aromat-kokosowy.webp","type":"image\/webp"}],"schema":{"@context":"https:\/\/schema.org","@graph":[{"@type":"WebPage","@id":"https:\/\/naturalpoland.com\/de\/produkte\/produkte-der-lebensmittelindustrie\/aromen\/nussige-aromen\/kokosnuss-aroma\/","url":"https:\/\/naturalpoland.com\/de\/produkte\/produkte-der-lebensmittelindustrie\/aromen\/nussige-aromen\/kokosnuss-aroma\/","name":"Kokosnuss-Aroma - Gro\u00dfhandelsvertrieb","isPartOf":{"@id":"https:\/\/naturalpoland.com\/de\/#website"},"primaryImageOfPage":{"@id":"https:\/\/naturalpoland.com\/de\/produkte\/produkte-der-lebensmittelindustrie\/aromen\/nussige-aromen\/kokosnuss-aroma\/#primaryimage"},"image":{"@id":"https:\/\/naturalpoland.com\/de\/produkte\/produkte-der-lebensmittelindustrie\/aromen\/nussige-aromen\/kokosnuss-aroma\/#primaryimage"},"thumbnailUrl":"https:\/\/naturalpoland.com\/wp-content\/uploads\/aromat-kokosowy.webp","datePublished":"2025-02-07T12:11:39+00:00","dateModified":"2025-02-07T14:15:00+00:00","description":"Kokosnussaroma ist eine einzigartige Zutat, die Produkten eine unverwechselbare exotische Note verleiht, die mit Kokosnussmilch und Kokosnussraspeln assoziiert wird.","breadcrumb":{"@id":"https:\/\/naturalpoland.com\/de\/produkte\/produkte-der-lebensmittelindustrie\/aromen\/nussige-aromen\/kokosnuss-aroma\/#breadcrumb"},"inLanguage":"de","potentialAction":[{"@type":"ReadAction","target":["https:\/\/naturalpoland.com\/de\/produkte\/produkte-der-lebensmittelindustrie\/aromen\/nussige-aromen\/kokosnuss-aroma\/"]}]},{"@type":"ImageObject","inLanguage":"de","@id":"https:\/\/naturalpoland.com\/de\/produkte\/produkte-der-lebensmittelindustrie\/aromen\/nussige-aromen\/kokosnuss-aroma\/#primaryimage","url":"https:\/\/naturalpoland.com\/wp-content\/uploads\/aromat-kokosowy.webp","contentUrl":"https:\/\/naturalpoland.com\/wp-content\/uploads\/aromat-kokosowy.webp","width":596,"height":596,"caption":"aromat kokosowy p\u0142ynny i proszkowy"},{"@type":"BreadcrumbList","@id":"https:\/\/naturalpoland.com\/de\/produkte\/produkte-der-lebensmittelindustrie\/aromen\/nussige-aromen\/kokosnuss-aroma\/#breadcrumb","itemListElement":[{"@type":"ListItem","position":1,"name":"Startseite","item":"https:\/\/naturalpoland.com\/de\/"},{"@type":"ListItem","position":2,"name":"Produkte","item":"https:\/\/naturalpoland.com\/de\/produkte\/"},{"@type":"ListItem","position":3,"name":"Kokosnuss-Aroma"}]},{"@type":"WebSite","@id":"https:\/\/naturalpoland.com\/de\/#website","url":"https:\/\/naturalpoland.com\/de\/","name":"NATURAL POLAND - IMPORT UND HANDEL VON ROHSTOFFEN","description":"Rohstoffe f\u00fcr die Lebensmittelindustrie, Kosmetikindustrie, Pharmaindustrie","publisher":{"@id":"https:\/\/naturalpoland.com\/de\/#organization"},"potentialAction":[{"@type":"SearchAction","target":{"@type":"EntryPoint","urlTemplate":"https:\/\/naturalpoland.com\/de\/?s={search_term_string}"},"query-input":{"@type":"PropertyValueSpecification","valueRequired":true,"valueName":"search_term_string"}}],"inLanguage":"de"},{"@type":"Organization","@id":"https:\/\/naturalpoland.com\/de\/#organization","name":"Natural Poland","url":"https:\/\/naturalpoland.com\/de\/","logo":{"@type":"ImageObject","inLanguage":"de","@id":"https:\/\/naturalpoland.com\/de\/#\/schema\/logo\/image\/","url":"https:\/\/naturalpoland.com\/wp-content\/uploads\/2021\/05\/natural-poland-icon.png","contentUrl":"https:\/\/naturalpoland.com\/wp-content\/uploads\/2021\/05\/natural-poland-icon.png","width":512,"height":512,"caption":"Natural Poland"},"image":{"@id":"https:\/\/naturalpoland.com\/de\/#\/schema\/logo\/image\/"},"sameAs":["https:\/\/www.facebook.com\/naturalpoland.b2b","https:\/\/pl.linkedin.com\/company\/natural-poland","https:\/\/www.youtube.com\/channel\/UCgeGGkvOMahZo-xu_MSEWxg"]}]}},"_links":{"self":[{"href":"https:\/\/naturalpoland.com\/de\/wp-json\/wp\/v2\/product\/39382","targetHints":{"allow":["GET"]}}],"collection":[{"href":"https:\/\/naturalpoland.com\/de\/wp-json\/wp\/v2\/product"}],"about":[{"href":"https:\/\/naturalpoland.com\/de\/wp-json\/wp\/v2\/types\/product"}],"wp:featuredmedia":[{"embeddable":true,"href":"https:\/\/naturalpoland.com\/de\/wp-json\/wp\/v2\/media\/39280"}],"wp:attachment":[{"href":"https:\/\/naturalpoland.com\/de\/wp-json\/wp\/v2\/media?parent=39382"}],"wp:term":[{"taxonomy":"product_brand","embeddable":true,"href":"https:\/\/naturalpoland.com\/de\/wp-json\/wp\/v2\/product_brand?post=39382"},{"taxonomy":"product_cat","embeddable":true,"href":"https:\/\/naturalpoland.com\/de\/wp-json\/wp\/v2\/product_cat?post=39382"},{"taxonomy":"product_tag","embeddable":true,"href":"https:\/\/naturalpoland.com\/de\/wp-json\/wp\/v2\/product_tag?post=39382"}],"curies":[{"name":"wp","href":"https:\/\/api.w.org\/{rel}","templated":true}]}}