{"id":39392,"date":"2025-02-07T13:34:05","date_gmt":"2025-02-07T12:34:05","guid":{"rendered":"https:\/\/naturalpoland.com\/produkty\/unkategorisiert\/erdbeer-aroma\/"},"modified":"2025-02-07T15:15:15","modified_gmt":"2025-02-07T14:15:15","slug":"erdbeer-aroma","status":"publish","type":"product","link":"https:\/\/naturalpoland.com\/de\/produkte\/produkte-der-lebensmittelindustrie\/aromen\/fruchtige-aromen\/erdbeer-aroma\/","title":{"rendered":"Erdbeer-Aroma"},"content":{"rendered":"<h2>Nat\u00fcrliches Erdbeeraroma<\/h2>\n<h3>Fl\u00fcssiges nat\u00fcrliches Erdbeeraroma<\/h3>\n<p>Nat\u00fcrliche Aromen sind erstklassige Kompositionen, die den Duft echter Fr\u00fcchte getreu wiedergeben. <strong> Das WONF QUANTITATIVE TRUSKBERRY LIQUID AROMATIC<\/strong> mit seinem tiefen, burgunderroten Charakter gibt perfekt eine reife, saftige Erdbeere wieder und ist resistent gegen hohe Temperaturen. Es wird f\u00fcr Backwaren und Anwendungen empfohlen, die Hitzestabilit\u00e4t erfordern. Die zweite Variante dieses Aromas kombiniert ein Gleichgewicht zwischen reifem Fruchtfleisch und subtilen gr\u00fcnen Noten, die ihm einen frischen und nat\u00fcrlichen Charakter verleihen.   <\/p>\n<p>Im Gegensatz dazu ist <strong>NATURAL TRUSCUMBER AROMATE<\/strong> eine klassische, frische, reife Erdbeere, deren Intensit\u00e4t und Authentizit\u00e4t sich gut f\u00fcr Premium-Anwendungen eignet.<\/p>\n<h3>Nat\u00fcrliches Erdbeer-Aromapulver<\/h3>\n<p>Aromapulver sind f\u00fcr die Verwendung in Trockenmischungen bestimmt. <strong>WONF QUALITY TRUSKberry<\/strong> Aroma in Pulverform ist die Essenz der reifen Erdbeere und f\u00e4ngt die Tiefe und F\u00fclle des Geschmacks dieser Frucht ein. <\/p>\n<p>&nbsp;<\/p>\n<h2>Fl\u00fcssiger Erdbeergeschmack:<\/h2>\n<p>Unser Sortiment umfasst auch <strong>fl\u00fcssige Erdbeergeschmacksrichtungen mit unterschiedlichem Charakter<\/strong>, die auf die spezifischen Bed\u00fcrfnisse von Lebensmittelherstellern zugeschnitten sind: <\/p>\n<ul>\n<li><strong>TRUCK LANDRINE<\/strong> zeichnet sich durch seinen s\u00fc\u00dfen, bonbonartigen Charakter mit Noten von Kirsche und Himbeere aus,<\/li>\n<li><strong>CONCENTRATED TRUCK<\/strong> ist das intensive Aroma von frischen, s\u00fc\u00dfen Erdbeeren, die direkt vom Strauch gepfl\u00fcckt werden,<\/li>\n<li><strong>DAS AROMA VON SEHR REIFEN UND S\u00dcSSEN TRUSKBEEREN <\/strong>unterstreicht die Geschmackstiefe der reifen Frucht,<\/li>\n<li><strong>EXOTIC TRUSCRAVY AROMATIC<\/strong> kombiniert saftige Erdbeere mit exotischen Akzenten,<\/li>\n<li><strong>WHITE STRAWBERRY AROMATIC <\/strong>ist eine Kombination aus frischen Erdbeeren und dem Saft einer reifen Ananas,<\/li>\n<li><strong>DESSERT TRUSCUMBER AROMATE<\/strong> ist eine Variante mit einer cremigen, milchigen Note, die sich perfekt in Eis, Pudding und Konditoreif\u00fcllungen einf\u00fcgt,<\/li>\n<li><strong>Reifes Erdbeeraroma<\/strong> &#8211; volle, saftige Erdbeere,<\/li>\n<li><strong>KASHUBA TRUSKAWKA AROMATIC <\/strong>hat ein eher verarbeitetes Erdbeeraroma,<\/li>\n<li><strong>TRUSKAWAWAK PREMIUM AROMATE<\/strong> ist eine aromatische, s\u00fc\u00dfe Erdbeere mit einem Erdbeer-Akzent,<\/li>\n<li><strong>TRUSKAWAWA CAKE AROMATE<\/strong> bietet einen zarten Hauch von Sahne, der an traditionelle Backwaren und Cremes erinnert.<\/li>\n<\/ul>\n<p>&nbsp;<\/p>\n","protected":false},"excerpt":{"rendered":"<p>Erdbeeraroma ist einer der beliebtesten und vielseitigsten Duftstoffe, die in der Lebensmittelindustrie verwendet werden. Dank der gro\u00dfen Auswahl an Varianten k\u00f6nnen Erdbeeraromen f\u00fcr eine Vielzahl von Anwendungen ma\u00dfgeschneidert werden &#8211; von intensiven, landestypischen Noten bis hin zu nat\u00fcrlichen Kompositionen, die die frische Frucht nachahmen. <\/p>\n","protected":false},"featured_media":39294,"template":"","meta":{"_acf_changed":false},"product_brand":[],"product_cat":[7614],"product_tag":[],"class_list":{"0":"post-39392","1":"product","2":"type-product","3":"status-publish","4":"has-post-thumbnail","6":"product_cat-fruchtige-aromen","8":"first","9":"instock","10":"shipping-taxable","11":"product-type-simple"},"acf":[],"yoast_head":"<!-- This site is optimized with the Yoast SEO plugin v27.4 - https:\/\/yoast.com\/product\/yoast-seo-wordpress\/ -->\n<title>Erdbeer-Aroma - Gro\u00dfhandelsvertrieb<\/title>\n<meta name=\"description\" content=\"Erdbeeraroma ist einer der beliebtesten und vielseitigsten Duftstoffe, die in der Lebensmittel- und Kosmetikindustrie verwendet werden.\" \/>\n<meta name=\"robots\" content=\"index, follow, max-snippet:-1, max-image-preview:large, max-video-preview:-1\" \/>\n<link rel=\"canonical\" href=\"https:\/\/naturalpoland.com\/de\/produkte\/produkte-der-lebensmittelindustrie\/aromen\/fruchtige-aromen\/erdbeer-aroma\/\" \/>\n<meta property=\"og:locale\" content=\"de_DE\" \/>\n<meta property=\"og:type\" content=\"article\" \/>\n<meta property=\"og:title\" content=\"Erdbeer-Aroma - Gro\u00dfhandelsvertrieb\" \/>\n<meta property=\"og:description\" content=\"Erdbeeraroma ist einer der beliebtesten und vielseitigsten Duftstoffe, die in der Lebensmittel- und Kosmetikindustrie verwendet werden.\" \/>\n<meta property=\"og:url\" content=\"https:\/\/naturalpoland.com\/de\/produkte\/produkte-der-lebensmittelindustrie\/aromen\/fruchtige-aromen\/erdbeer-aroma\/\" \/>\n<meta property=\"og:site_name\" content=\"NATURAL POLAND - IMPORT UND HANDEL VON ROHSTOFFEN\" \/>\n<meta property=\"article:publisher\" content=\"https:\/\/www.facebook.com\/naturalpoland.b2b\" \/>\n<meta property=\"article:modified_time\" content=\"2025-02-07T14:15:15+00:00\" \/>\n<meta property=\"og:image\" content=\"https:\/\/naturalpoland.com\/wp-content\/uploads\/aromat-truskawkowy.webp\" \/>\n\t<meta property=\"og:image:width\" content=\"596\" \/>\n\t<meta property=\"og:image:height\" content=\"596\" \/>\n\t<meta property=\"og:image:type\" content=\"image\/webp\" \/>\n<script type=\"application\/ld+json\" class=\"yoast-schema-graph\">{\"@context\":\"https:\\\/\\\/schema.org\",\"@graph\":[{\"@type\":\"WebPage\",\"@id\":\"https:\\\/\\\/naturalpoland.com\\\/de\\\/produkte\\\/produkte-der-lebensmittelindustrie\\\/aromen\\\/fruchtige-aromen\\\/erdbeer-aroma\\\/\",\"url\":\"https:\\\/\\\/naturalpoland.com\\\/de\\\/produkte\\\/produkte-der-lebensmittelindustrie\\\/aromen\\\/fruchtige-aromen\\\/erdbeer-aroma\\\/\",\"name\":\"Erdbeer-Aroma - Gro\u00dfhandelsvertrieb\",\"isPartOf\":{\"@id\":\"https:\\\/\\\/naturalpoland.com\\\/de\\\/#website\"},\"primaryImageOfPage\":{\"@id\":\"https:\\\/\\\/naturalpoland.com\\\/de\\\/produkte\\\/produkte-der-lebensmittelindustrie\\\/aromen\\\/fruchtige-aromen\\\/erdbeer-aroma\\\/#primaryimage\"},\"image\":{\"@id\":\"https:\\\/\\\/naturalpoland.com\\\/de\\\/produkte\\\/produkte-der-lebensmittelindustrie\\\/aromen\\\/fruchtige-aromen\\\/erdbeer-aroma\\\/#primaryimage\"},\"thumbnailUrl\":\"https:\\\/\\\/naturalpoland.com\\\/wp-content\\\/uploads\\\/aromat-truskawkowy.webp\",\"datePublished\":\"2025-02-07T12:34:05+00:00\",\"dateModified\":\"2025-02-07T14:15:15+00:00\",\"description\":\"Erdbeeraroma ist einer der beliebtesten und vielseitigsten Duftstoffe, die in der Lebensmittel- und Kosmetikindustrie verwendet werden.\",\"breadcrumb\":{\"@id\":\"https:\\\/\\\/naturalpoland.com\\\/de\\\/produkte\\\/produkte-der-lebensmittelindustrie\\\/aromen\\\/fruchtige-aromen\\\/erdbeer-aroma\\\/#breadcrumb\"},\"inLanguage\":\"de\",\"potentialAction\":[{\"@type\":\"ReadAction\",\"target\":[\"https:\\\/\\\/naturalpoland.com\\\/de\\\/produkte\\\/produkte-der-lebensmittelindustrie\\\/aromen\\\/fruchtige-aromen\\\/erdbeer-aroma\\\/\"]}]},{\"@type\":\"ImageObject\",\"inLanguage\":\"de\",\"@id\":\"https:\\\/\\\/naturalpoland.com\\\/de\\\/produkte\\\/produkte-der-lebensmittelindustrie\\\/aromen\\\/fruchtige-aromen\\\/erdbeer-aroma\\\/#primaryimage\",\"url\":\"https:\\\/\\\/naturalpoland.com\\\/wp-content\\\/uploads\\\/aromat-truskawkowy.webp\",\"contentUrl\":\"https:\\\/\\\/naturalpoland.com\\\/wp-content\\\/uploads\\\/aromat-truskawkowy.webp\",\"width\":596,\"height\":596,\"caption\":\"aromat truskawkowy\"},{\"@type\":\"BreadcrumbList\",\"@id\":\"https:\\\/\\\/naturalpoland.com\\\/de\\\/produkte\\\/produkte-der-lebensmittelindustrie\\\/aromen\\\/fruchtige-aromen\\\/erdbeer-aroma\\\/#breadcrumb\",\"itemListElement\":[{\"@type\":\"ListItem\",\"position\":1,\"name\":\"Startseite\",\"item\":\"https:\\\/\\\/naturalpoland.com\\\/de\\\/\"},{\"@type\":\"ListItem\",\"position\":2,\"name\":\"Produkte\",\"item\":\"https:\\\/\\\/naturalpoland.com\\\/de\\\/produkte\\\/\"},{\"@type\":\"ListItem\",\"position\":3,\"name\":\"Erdbeer-Aroma\"}]},{\"@type\":\"WebSite\",\"@id\":\"https:\\\/\\\/naturalpoland.com\\\/de\\\/#website\",\"url\":\"https:\\\/\\\/naturalpoland.com\\\/de\\\/\",\"name\":\"NATURAL POLAND - IMPORT UND HANDEL VON ROHSTOFFEN\",\"description\":\"Rohstoffe f\u00fcr die Lebensmittelindustrie, Kosmetikindustrie, Pharmaindustrie\",\"publisher\":{\"@id\":\"https:\\\/\\\/naturalpoland.com\\\/de\\\/#organization\"},\"potentialAction\":[{\"@type\":\"SearchAction\",\"target\":{\"@type\":\"EntryPoint\",\"urlTemplate\":\"https:\\\/\\\/naturalpoland.com\\\/de\\\/?s={search_term_string}\"},\"query-input\":{\"@type\":\"PropertyValueSpecification\",\"valueRequired\":true,\"valueName\":\"search_term_string\"}}],\"inLanguage\":\"de\"},{\"@type\":\"Organization\",\"@id\":\"https:\\\/\\\/naturalpoland.com\\\/de\\\/#organization\",\"name\":\"Natural Poland\",\"url\":\"https:\\\/\\\/naturalpoland.com\\\/de\\\/\",\"logo\":{\"@type\":\"ImageObject\",\"inLanguage\":\"de\",\"@id\":\"https:\\\/\\\/naturalpoland.com\\\/de\\\/#\\\/schema\\\/logo\\\/image\\\/\",\"url\":\"https:\\\/\\\/naturalpoland.com\\\/wp-content\\\/uploads\\\/2021\\\/05\\\/natural-poland-icon.png\",\"contentUrl\":\"https:\\\/\\\/naturalpoland.com\\\/wp-content\\\/uploads\\\/2021\\\/05\\\/natural-poland-icon.png\",\"width\":512,\"height\":512,\"caption\":\"Natural Poland\"},\"image\":{\"@id\":\"https:\\\/\\\/naturalpoland.com\\\/de\\\/#\\\/schema\\\/logo\\\/image\\\/\"},\"sameAs\":[\"https:\\\/\\\/www.facebook.com\\\/naturalpoland.b2b\",\"https:\\\/\\\/pl.linkedin.com\\\/company\\\/natural-poland\",\"https:\\\/\\\/www.youtube.com\\\/channel\\\/UCgeGGkvOMahZo-xu_MSEWxg\"]}]}<\/script>\n<!-- \/ Yoast SEO plugin. -->","yoast_head_json":{"title":"Erdbeer-Aroma - Gro\u00dfhandelsvertrieb","description":"Erdbeeraroma ist einer der beliebtesten und vielseitigsten Duftstoffe, die in der Lebensmittel- und Kosmetikindustrie verwendet werden.","robots":{"index":"index","follow":"follow","max-snippet":"max-snippet:-1","max-image-preview":"max-image-preview:large","max-video-preview":"max-video-preview:-1"},"canonical":"https:\/\/naturalpoland.com\/de\/produkte\/produkte-der-lebensmittelindustrie\/aromen\/fruchtige-aromen\/erdbeer-aroma\/","og_locale":"de_DE","og_type":"article","og_title":"Erdbeer-Aroma - Gro\u00dfhandelsvertrieb","og_description":"Erdbeeraroma ist einer der beliebtesten und vielseitigsten Duftstoffe, die in der Lebensmittel- und Kosmetikindustrie verwendet werden.","og_url":"https:\/\/naturalpoland.com\/de\/produkte\/produkte-der-lebensmittelindustrie\/aromen\/fruchtige-aromen\/erdbeer-aroma\/","og_site_name":"NATURAL POLAND - IMPORT UND HANDEL VON ROHSTOFFEN","article_publisher":"https:\/\/www.facebook.com\/naturalpoland.b2b","article_modified_time":"2025-02-07T14:15:15+00:00","og_image":[{"width":596,"height":596,"url":"https:\/\/naturalpoland.com\/wp-content\/uploads\/aromat-truskawkowy.webp","type":"image\/webp"}],"schema":{"@context":"https:\/\/schema.org","@graph":[{"@type":"WebPage","@id":"https:\/\/naturalpoland.com\/de\/produkte\/produkte-der-lebensmittelindustrie\/aromen\/fruchtige-aromen\/erdbeer-aroma\/","url":"https:\/\/naturalpoland.com\/de\/produkte\/produkte-der-lebensmittelindustrie\/aromen\/fruchtige-aromen\/erdbeer-aroma\/","name":"Erdbeer-Aroma - Gro\u00dfhandelsvertrieb","isPartOf":{"@id":"https:\/\/naturalpoland.com\/de\/#website"},"primaryImageOfPage":{"@id":"https:\/\/naturalpoland.com\/de\/produkte\/produkte-der-lebensmittelindustrie\/aromen\/fruchtige-aromen\/erdbeer-aroma\/#primaryimage"},"image":{"@id":"https:\/\/naturalpoland.com\/de\/produkte\/produkte-der-lebensmittelindustrie\/aromen\/fruchtige-aromen\/erdbeer-aroma\/#primaryimage"},"thumbnailUrl":"https:\/\/naturalpoland.com\/wp-content\/uploads\/aromat-truskawkowy.webp","datePublished":"2025-02-07T12:34:05+00:00","dateModified":"2025-02-07T14:15:15+00:00","description":"Erdbeeraroma ist einer der beliebtesten und vielseitigsten Duftstoffe, die in der Lebensmittel- und Kosmetikindustrie verwendet werden.","breadcrumb":{"@id":"https:\/\/naturalpoland.com\/de\/produkte\/produkte-der-lebensmittelindustrie\/aromen\/fruchtige-aromen\/erdbeer-aroma\/#breadcrumb"},"inLanguage":"de","potentialAction":[{"@type":"ReadAction","target":["https:\/\/naturalpoland.com\/de\/produkte\/produkte-der-lebensmittelindustrie\/aromen\/fruchtige-aromen\/erdbeer-aroma\/"]}]},{"@type":"ImageObject","inLanguage":"de","@id":"https:\/\/naturalpoland.com\/de\/produkte\/produkte-der-lebensmittelindustrie\/aromen\/fruchtige-aromen\/erdbeer-aroma\/#primaryimage","url":"https:\/\/naturalpoland.com\/wp-content\/uploads\/aromat-truskawkowy.webp","contentUrl":"https:\/\/naturalpoland.com\/wp-content\/uploads\/aromat-truskawkowy.webp","width":596,"height":596,"caption":"aromat truskawkowy"},{"@type":"BreadcrumbList","@id":"https:\/\/naturalpoland.com\/de\/produkte\/produkte-der-lebensmittelindustrie\/aromen\/fruchtige-aromen\/erdbeer-aroma\/#breadcrumb","itemListElement":[{"@type":"ListItem","position":1,"name":"Startseite","item":"https:\/\/naturalpoland.com\/de\/"},{"@type":"ListItem","position":2,"name":"Produkte","item":"https:\/\/naturalpoland.com\/de\/produkte\/"},{"@type":"ListItem","position":3,"name":"Erdbeer-Aroma"}]},{"@type":"WebSite","@id":"https:\/\/naturalpoland.com\/de\/#website","url":"https:\/\/naturalpoland.com\/de\/","name":"NATURAL POLAND - IMPORT UND HANDEL VON ROHSTOFFEN","description":"Rohstoffe f\u00fcr die Lebensmittelindustrie, Kosmetikindustrie, Pharmaindustrie","publisher":{"@id":"https:\/\/naturalpoland.com\/de\/#organization"},"potentialAction":[{"@type":"SearchAction","target":{"@type":"EntryPoint","urlTemplate":"https:\/\/naturalpoland.com\/de\/?s={search_term_string}"},"query-input":{"@type":"PropertyValueSpecification","valueRequired":true,"valueName":"search_term_string"}}],"inLanguage":"de"},{"@type":"Organization","@id":"https:\/\/naturalpoland.com\/de\/#organization","name":"Natural Poland","url":"https:\/\/naturalpoland.com\/de\/","logo":{"@type":"ImageObject","inLanguage":"de","@id":"https:\/\/naturalpoland.com\/de\/#\/schema\/logo\/image\/","url":"https:\/\/naturalpoland.com\/wp-content\/uploads\/2021\/05\/natural-poland-icon.png","contentUrl":"https:\/\/naturalpoland.com\/wp-content\/uploads\/2021\/05\/natural-poland-icon.png","width":512,"height":512,"caption":"Natural Poland"},"image":{"@id":"https:\/\/naturalpoland.com\/de\/#\/schema\/logo\/image\/"},"sameAs":["https:\/\/www.facebook.com\/naturalpoland.b2b","https:\/\/pl.linkedin.com\/company\/natural-poland","https:\/\/www.youtube.com\/channel\/UCgeGGkvOMahZo-xu_MSEWxg"]}]}},"_links":{"self":[{"href":"https:\/\/naturalpoland.com\/de\/wp-json\/wp\/v2\/product\/39392","targetHints":{"allow":["GET"]}}],"collection":[{"href":"https:\/\/naturalpoland.com\/de\/wp-json\/wp\/v2\/product"}],"about":[{"href":"https:\/\/naturalpoland.com\/de\/wp-json\/wp\/v2\/types\/product"}],"wp:featuredmedia":[{"embeddable":true,"href":"https:\/\/naturalpoland.com\/de\/wp-json\/wp\/v2\/media\/39294"}],"wp:attachment":[{"href":"https:\/\/naturalpoland.com\/de\/wp-json\/wp\/v2\/media?parent=39392"}],"wp:term":[{"taxonomy":"product_brand","embeddable":true,"href":"https:\/\/naturalpoland.com\/de\/wp-json\/wp\/v2\/product_brand?post=39392"},{"taxonomy":"product_cat","embeddable":true,"href":"https:\/\/naturalpoland.com\/de\/wp-json\/wp\/v2\/product_cat?post=39392"},{"taxonomy":"product_tag","embeddable":true,"href":"https:\/\/naturalpoland.com\/de\/wp-json\/wp\/v2\/product_tag?post=39392"}],"curies":[{"name":"wp","href":"https:\/\/api.w.org\/{rel}","templated":true}]}}