{"id":39757,"date":"2025-02-11T15:40:37","date_gmt":"2025-02-12T16:00:06","guid":{"rendered":"https:\/\/naturalpoland.com\/produkty\/unkategorisiert\/kaffee-aroma\/"},"modified":"2025-02-12T17:00:06","modified_gmt":"2025-02-12T16:00:06","slug":"kaffee-aroma","status":"publish","type":"product","link":"https:\/\/naturalpoland.com\/de\/produkte\/produkte-der-lebensmittelindustrie\/aromen\/andere-aromen\/kaffee-aroma\/","title":{"rendered":"Kaffee-Aroma"},"content":{"rendered":"<h2>Varianten mit Kaffeegeschmack:<\/h2>\n<p data-start=\"3178\" data-end=\"3666\"><strong>Fl\u00fcssige Geschmacksrichtungen:<\/strong><\/p>\n<p data-start=\"3178\" data-end=\"3666\">Zu den Fl\u00fcssigkeitsoptionen geh\u00f6ren:<\/p>\n<ul>\n<li data-start=\"3178\" data-end=\"3666\">Aroma von s\u00fc\u00dfem Dessertkaffee mit einem zarten Kardamom-Akzent, ideal f\u00fcr Desserts und s\u00fc\u00dfes Geb\u00e4ck,<\/li>\n<li data-start=\"3178\" data-end=\"3666\">Die Kaffeevariante auf einem Triacetintr\u00e4ger gibt den aromatischen Charakter von frisch gemahlenem Kaffee getreu wieder,<\/li>\n<li data-start=\"3178\" data-end=\"3666\">Espresso-Kaffee-Aroma, das den Duft von frisch gebr\u00fchtem Kaffee einf\u00e4ngt,<\/li>\n<li data-start=\"3178\" data-end=\"3666\">Die Mokka-Version kombiniert die Intensit\u00e4t von Kaffee mit der zarten S\u00fc\u00dfe von Schokolade.<\/li>\n<\/ul>\n<p data-start=\"3668\" data-end=\"4053\"><strong>Aromapulver:<\/strong><\/p>\n<p data-start=\"3668\" data-end=\"4053\">Pulverf\u00f6rmige Kaffeearomen sind ideal f\u00fcr trockene Anwendungen:<\/p>\n<ul>\n<li data-start=\"3668\" data-end=\"4053\">Dessertkaffee mit Kardamom bringt eine leicht w\u00fcrzige Note,<\/li>\n<li data-start=\"3668\" data-end=\"4053\">Das Cappuccino-Aroma erfreut mit einem s\u00fc\u00dfen, cremigen Profil mit einer milchigen Note,<\/li>\n<li data-start=\"3668\" data-end=\"4053\">Das Aroma des Espressopulvers f\u00e4ngt die F\u00fclle des tiefen, \u00e4therischen Aromas von frisch gebr\u00fchtem Kaffee ein.<\/li>\n<\/ul>\n","protected":false},"excerpt":{"rendered":"<p><strong>Das Kaffeearoma<\/strong> ist ein wahres Fest f\u00fcr Liebhaber intensiver, tiefer und reichhaltiger Kaffeenoten &#8211; von dessertartigen, s\u00fc\u00dfen Kompositionen bis hin zu trockenen Espressi mit einem starken, unverwechselbaren Charakter.<\/p>\n","protected":false},"featured_media":39750,"template":"","meta":{"_acf_changed":false},"product_brand":[],"product_cat":[7616],"product_tag":[],"class_list":{"0":"post-39757","1":"product","2":"type-product","3":"status-publish","4":"has-post-thumbnail","6":"product_cat-andere-aromen","8":"first","9":"instock","10":"shipping-taxable","11":"product-type-simple"},"acf":[],"yoast_head":"<!-- This site is optimized with the Yoast SEO plugin v27.4 - https:\/\/yoast.com\/product\/yoast-seo-wordpress\/ -->\n<title>Kaffee-Aroma - Gro\u00dfhandelsvertrieb<\/title>\n<meta name=\"description\" content=\"Kaffeearoma ist ein wahres Fest f\u00fcr Liebhaber von Kaffeed\u00fcften - von dessertartigen, s\u00fc\u00dfen Kompositionen bis hin zu trockenem Espresso mit einem starken, unverwechselbaren Charakter.\" \/>\n<meta name=\"robots\" content=\"index, follow, max-snippet:-1, max-image-preview:large, max-video-preview:-1\" \/>\n<link rel=\"canonical\" href=\"https:\/\/naturalpoland.com\/de\/produkte\/produkte-der-lebensmittelindustrie\/aromen\/andere-aromen\/kaffee-aroma\/\" \/>\n<meta property=\"og:locale\" content=\"de_DE\" \/>\n<meta property=\"og:type\" content=\"article\" \/>\n<meta property=\"og:title\" content=\"Kaffee-Aroma - Gro\u00dfhandelsvertrieb\" \/>\n<meta property=\"og:description\" content=\"Kaffeearoma ist ein wahres Fest f\u00fcr Liebhaber von Kaffeed\u00fcften - von dessertartigen, s\u00fc\u00dfen Kompositionen bis hin zu trockenem Espresso mit einem starken, unverwechselbaren Charakter.\" \/>\n<meta property=\"og:url\" content=\"https:\/\/naturalpoland.com\/de\/produkte\/produkte-der-lebensmittelindustrie\/aromen\/andere-aromen\/kaffee-aroma\/\" \/>\n<meta property=\"og:site_name\" content=\"NATURAL POLAND - IMPORT UND HANDEL VON ROHSTOFFEN\" \/>\n<meta property=\"article:publisher\" content=\"https:\/\/www.facebook.com\/naturalpoland.b2b\" \/>\n<meta property=\"og:image\" content=\"https:\/\/naturalpoland.com\/wp-content\/uploads\/aromat-kawy.webp\" \/>\n\t<meta property=\"og:image:width\" content=\"592\" \/>\n\t<meta property=\"og:image:height\" content=\"592\" \/>\n\t<meta property=\"og:image:type\" content=\"image\/webp\" \/>\n<script type=\"application\/ld+json\" class=\"yoast-schema-graph\">{\"@context\":\"https:\\\/\\\/schema.org\",\"@graph\":[{\"@type\":\"WebPage\",\"@id\":\"https:\\\/\\\/naturalpoland.com\\\/de\\\/produkte\\\/produkte-der-lebensmittelindustrie\\\/aromen\\\/andere-aromen\\\/kaffee-aroma\\\/\",\"url\":\"https:\\\/\\\/naturalpoland.com\\\/de\\\/produkte\\\/produkte-der-lebensmittelindustrie\\\/aromen\\\/andere-aromen\\\/kaffee-aroma\\\/\",\"name\":\"Kaffee-Aroma - Gro\u00dfhandelsvertrieb\",\"isPartOf\":{\"@id\":\"https:\\\/\\\/naturalpoland.com\\\/de\\\/#website\"},\"primaryImageOfPage\":{\"@id\":\"https:\\\/\\\/naturalpoland.com\\\/de\\\/produkte\\\/produkte-der-lebensmittelindustrie\\\/aromen\\\/andere-aromen\\\/kaffee-aroma\\\/#primaryimage\"},\"image\":{\"@id\":\"https:\\\/\\\/naturalpoland.com\\\/de\\\/produkte\\\/produkte-der-lebensmittelindustrie\\\/aromen\\\/andere-aromen\\\/kaffee-aroma\\\/#primaryimage\"},\"thumbnailUrl\":\"https:\\\/\\\/naturalpoland.com\\\/wp-content\\\/uploads\\\/aromat-kawy.webp\",\"datePublished\":\"2025-02-12T16:00:06+00:00\",\"description\":\"Kaffeearoma ist ein wahres Fest f\u00fcr Liebhaber von Kaffeed\u00fcften - von dessertartigen, s\u00fc\u00dfen Kompositionen bis hin zu trockenem Espresso mit einem starken, unverwechselbaren Charakter.\",\"breadcrumb\":{\"@id\":\"https:\\\/\\\/naturalpoland.com\\\/de\\\/produkte\\\/produkte-der-lebensmittelindustrie\\\/aromen\\\/andere-aromen\\\/kaffee-aroma\\\/#breadcrumb\"},\"inLanguage\":\"de\",\"potentialAction\":[{\"@type\":\"ReadAction\",\"target\":[\"https:\\\/\\\/naturalpoland.com\\\/de\\\/produkte\\\/produkte-der-lebensmittelindustrie\\\/aromen\\\/andere-aromen\\\/kaffee-aroma\\\/\"]}]},{\"@type\":\"ImageObject\",\"inLanguage\":\"de\",\"@id\":\"https:\\\/\\\/naturalpoland.com\\\/de\\\/produkte\\\/produkte-der-lebensmittelindustrie\\\/aromen\\\/andere-aromen\\\/kaffee-aroma\\\/#primaryimage\",\"url\":\"https:\\\/\\\/naturalpoland.com\\\/wp-content\\\/uploads\\\/aromat-kawy.webp\",\"contentUrl\":\"https:\\\/\\\/naturalpoland.com\\\/wp-content\\\/uploads\\\/aromat-kawy.webp\",\"width\":592,\"height\":592,\"caption\":\"aromat kawowy\"},{\"@type\":\"BreadcrumbList\",\"@id\":\"https:\\\/\\\/naturalpoland.com\\\/de\\\/produkte\\\/produkte-der-lebensmittelindustrie\\\/aromen\\\/andere-aromen\\\/kaffee-aroma\\\/#breadcrumb\",\"itemListElement\":[{\"@type\":\"ListItem\",\"position\":1,\"name\":\"Startseite\",\"item\":\"https:\\\/\\\/naturalpoland.com\\\/de\\\/\"},{\"@type\":\"ListItem\",\"position\":2,\"name\":\"Produkte\",\"item\":\"https:\\\/\\\/naturalpoland.com\\\/de\\\/produkte\\\/\"},{\"@type\":\"ListItem\",\"position\":3,\"name\":\"Kaffee-Aroma\"}]},{\"@type\":\"WebSite\",\"@id\":\"https:\\\/\\\/naturalpoland.com\\\/de\\\/#website\",\"url\":\"https:\\\/\\\/naturalpoland.com\\\/de\\\/\",\"name\":\"NATURAL POLAND - IMPORT UND HANDEL VON ROHSTOFFEN\",\"description\":\"Rohstoffe f\u00fcr die Lebensmittelindustrie, Kosmetikindustrie, Pharmaindustrie\",\"publisher\":{\"@id\":\"https:\\\/\\\/naturalpoland.com\\\/de\\\/#organization\"},\"potentialAction\":[{\"@type\":\"SearchAction\",\"target\":{\"@type\":\"EntryPoint\",\"urlTemplate\":\"https:\\\/\\\/naturalpoland.com\\\/de\\\/?s={search_term_string}\"},\"query-input\":{\"@type\":\"PropertyValueSpecification\",\"valueRequired\":true,\"valueName\":\"search_term_string\"}}],\"inLanguage\":\"de\"},{\"@type\":\"Organization\",\"@id\":\"https:\\\/\\\/naturalpoland.com\\\/de\\\/#organization\",\"name\":\"Natural Poland\",\"url\":\"https:\\\/\\\/naturalpoland.com\\\/de\\\/\",\"logo\":{\"@type\":\"ImageObject\",\"inLanguage\":\"de\",\"@id\":\"https:\\\/\\\/naturalpoland.com\\\/de\\\/#\\\/schema\\\/logo\\\/image\\\/\",\"url\":\"https:\\\/\\\/naturalpoland.com\\\/wp-content\\\/uploads\\\/2021\\\/05\\\/natural-poland-icon.png\",\"contentUrl\":\"https:\\\/\\\/naturalpoland.com\\\/wp-content\\\/uploads\\\/2021\\\/05\\\/natural-poland-icon.png\",\"width\":512,\"height\":512,\"caption\":\"Natural Poland\"},\"image\":{\"@id\":\"https:\\\/\\\/naturalpoland.com\\\/de\\\/#\\\/schema\\\/logo\\\/image\\\/\"},\"sameAs\":[\"https:\\\/\\\/www.facebook.com\\\/naturalpoland.b2b\",\"https:\\\/\\\/pl.linkedin.com\\\/company\\\/natural-poland\",\"https:\\\/\\\/www.youtube.com\\\/channel\\\/UCgeGGkvOMahZo-xu_MSEWxg\"]}]}<\/script>\n<!-- \/ Yoast SEO plugin. -->","yoast_head_json":{"title":"Kaffee-Aroma - Gro\u00dfhandelsvertrieb","description":"Kaffeearoma ist ein wahres Fest f\u00fcr Liebhaber von Kaffeed\u00fcften - von dessertartigen, s\u00fc\u00dfen Kompositionen bis hin zu trockenem Espresso mit einem starken, unverwechselbaren Charakter.","robots":{"index":"index","follow":"follow","max-snippet":"max-snippet:-1","max-image-preview":"max-image-preview:large","max-video-preview":"max-video-preview:-1"},"canonical":"https:\/\/naturalpoland.com\/de\/produkte\/produkte-der-lebensmittelindustrie\/aromen\/andere-aromen\/kaffee-aroma\/","og_locale":"de_DE","og_type":"article","og_title":"Kaffee-Aroma - Gro\u00dfhandelsvertrieb","og_description":"Kaffeearoma ist ein wahres Fest f\u00fcr Liebhaber von Kaffeed\u00fcften - von dessertartigen, s\u00fc\u00dfen Kompositionen bis hin zu trockenem Espresso mit einem starken, unverwechselbaren Charakter.","og_url":"https:\/\/naturalpoland.com\/de\/produkte\/produkte-der-lebensmittelindustrie\/aromen\/andere-aromen\/kaffee-aroma\/","og_site_name":"NATURAL POLAND - IMPORT UND HANDEL VON ROHSTOFFEN","article_publisher":"https:\/\/www.facebook.com\/naturalpoland.b2b","og_image":[{"width":592,"height":592,"url":"https:\/\/naturalpoland.com\/wp-content\/uploads\/aromat-kawy.webp","type":"image\/webp"}],"schema":{"@context":"https:\/\/schema.org","@graph":[{"@type":"WebPage","@id":"https:\/\/naturalpoland.com\/de\/produkte\/produkte-der-lebensmittelindustrie\/aromen\/andere-aromen\/kaffee-aroma\/","url":"https:\/\/naturalpoland.com\/de\/produkte\/produkte-der-lebensmittelindustrie\/aromen\/andere-aromen\/kaffee-aroma\/","name":"Kaffee-Aroma - Gro\u00dfhandelsvertrieb","isPartOf":{"@id":"https:\/\/naturalpoland.com\/de\/#website"},"primaryImageOfPage":{"@id":"https:\/\/naturalpoland.com\/de\/produkte\/produkte-der-lebensmittelindustrie\/aromen\/andere-aromen\/kaffee-aroma\/#primaryimage"},"image":{"@id":"https:\/\/naturalpoland.com\/de\/produkte\/produkte-der-lebensmittelindustrie\/aromen\/andere-aromen\/kaffee-aroma\/#primaryimage"},"thumbnailUrl":"https:\/\/naturalpoland.com\/wp-content\/uploads\/aromat-kawy.webp","datePublished":"2025-02-12T16:00:06+00:00","description":"Kaffeearoma ist ein wahres Fest f\u00fcr Liebhaber von Kaffeed\u00fcften - von dessertartigen, s\u00fc\u00dfen Kompositionen bis hin zu trockenem Espresso mit einem starken, unverwechselbaren Charakter.","breadcrumb":{"@id":"https:\/\/naturalpoland.com\/de\/produkte\/produkte-der-lebensmittelindustrie\/aromen\/andere-aromen\/kaffee-aroma\/#breadcrumb"},"inLanguage":"de","potentialAction":[{"@type":"ReadAction","target":["https:\/\/naturalpoland.com\/de\/produkte\/produkte-der-lebensmittelindustrie\/aromen\/andere-aromen\/kaffee-aroma\/"]}]},{"@type":"ImageObject","inLanguage":"de","@id":"https:\/\/naturalpoland.com\/de\/produkte\/produkte-der-lebensmittelindustrie\/aromen\/andere-aromen\/kaffee-aroma\/#primaryimage","url":"https:\/\/naturalpoland.com\/wp-content\/uploads\/aromat-kawy.webp","contentUrl":"https:\/\/naturalpoland.com\/wp-content\/uploads\/aromat-kawy.webp","width":592,"height":592,"caption":"aromat kawowy"},{"@type":"BreadcrumbList","@id":"https:\/\/naturalpoland.com\/de\/produkte\/produkte-der-lebensmittelindustrie\/aromen\/andere-aromen\/kaffee-aroma\/#breadcrumb","itemListElement":[{"@type":"ListItem","position":1,"name":"Startseite","item":"https:\/\/naturalpoland.com\/de\/"},{"@type":"ListItem","position":2,"name":"Produkte","item":"https:\/\/naturalpoland.com\/de\/produkte\/"},{"@type":"ListItem","position":3,"name":"Kaffee-Aroma"}]},{"@type":"WebSite","@id":"https:\/\/naturalpoland.com\/de\/#website","url":"https:\/\/naturalpoland.com\/de\/","name":"NATURAL POLAND - IMPORT UND HANDEL VON ROHSTOFFEN","description":"Rohstoffe f\u00fcr die Lebensmittelindustrie, Kosmetikindustrie, Pharmaindustrie","publisher":{"@id":"https:\/\/naturalpoland.com\/de\/#organization"},"potentialAction":[{"@type":"SearchAction","target":{"@type":"EntryPoint","urlTemplate":"https:\/\/naturalpoland.com\/de\/?s={search_term_string}"},"query-input":{"@type":"PropertyValueSpecification","valueRequired":true,"valueName":"search_term_string"}}],"inLanguage":"de"},{"@type":"Organization","@id":"https:\/\/naturalpoland.com\/de\/#organization","name":"Natural Poland","url":"https:\/\/naturalpoland.com\/de\/","logo":{"@type":"ImageObject","inLanguage":"de","@id":"https:\/\/naturalpoland.com\/de\/#\/schema\/logo\/image\/","url":"https:\/\/naturalpoland.com\/wp-content\/uploads\/2021\/05\/natural-poland-icon.png","contentUrl":"https:\/\/naturalpoland.com\/wp-content\/uploads\/2021\/05\/natural-poland-icon.png","width":512,"height":512,"caption":"Natural Poland"},"image":{"@id":"https:\/\/naturalpoland.com\/de\/#\/schema\/logo\/image\/"},"sameAs":["https:\/\/www.facebook.com\/naturalpoland.b2b","https:\/\/pl.linkedin.com\/company\/natural-poland","https:\/\/www.youtube.com\/channel\/UCgeGGkvOMahZo-xu_MSEWxg"]}]}},"_links":{"self":[{"href":"https:\/\/naturalpoland.com\/de\/wp-json\/wp\/v2\/product\/39757","targetHints":{"allow":["GET"]}}],"collection":[{"href":"https:\/\/naturalpoland.com\/de\/wp-json\/wp\/v2\/product"}],"about":[{"href":"https:\/\/naturalpoland.com\/de\/wp-json\/wp\/v2\/types\/product"}],"wp:featuredmedia":[{"embeddable":true,"href":"https:\/\/naturalpoland.com\/de\/wp-json\/wp\/v2\/media\/39750"}],"wp:attachment":[{"href":"https:\/\/naturalpoland.com\/de\/wp-json\/wp\/v2\/media?parent=39757"}],"wp:term":[{"taxonomy":"product_brand","embeddable":true,"href":"https:\/\/naturalpoland.com\/de\/wp-json\/wp\/v2\/product_brand?post=39757"},{"taxonomy":"product_cat","embeddable":true,"href":"https:\/\/naturalpoland.com\/de\/wp-json\/wp\/v2\/product_cat?post=39757"},{"taxonomy":"product_tag","embeddable":true,"href":"https:\/\/naturalpoland.com\/de\/wp-json\/wp\/v2\/product_tag?post=39757"}],"curies":[{"name":"wp","href":"https:\/\/api.w.org\/{rel}","templated":true}]}}