{"id":40338,"date":"2025-03-07T13:42:40","date_gmt":"2025-03-07T14:03:33","guid":{"rendered":"https:\/\/naturalpoland.com\/produkty\/unkategorisiert\/wasserloesliche-farbstoffe\/"},"modified":"2025-03-07T15:03:33","modified_gmt":"2025-03-07T14:03:33","slug":"wasserloesliche-farbstoffe","status":"publish","type":"product","link":"https:\/\/naturalpoland.com\/de\/produkte\/produkte-fur-die-kosmetikindustrie\/kosmetische-farbstoffe\/wasserloesliche-farbstoffe\/","title":{"rendered":"Wasserl\u00f6sliche Farbstoffe"},"content":{"rendered":"<h2>Vorteile von wasserl\u00f6slichen Farbstoffen<\/h2>\n<ul>\n<li>Gut mischbar mit w\u00e4ssrigen kosmetischen Basen<\/li>\n<li>Verleiht Kosmetika eine einheitliche, gleichm\u00e4\u00dfige F\u00e4rbung und bildet keine Ablagerungen<\/li>\n<li>Kann in transparenten und transluzenten Formulierungen verwendet werden<\/li>\n<li>Setzen Sie sich nicht auf der Haut ab<\/li>\n<li>Kann sowohl in nat\u00fcrlichen als auch in synthetischen Kosmetika verwendet werden<\/li>\n<li>In einer breiten Palette von Farbt\u00f6nen erh\u00e4ltlich<\/li>\n<li>Kosmetika unverwechselbare Farben geben<\/li>\n<li>Sie sind transparenter als Pigmente und erzeugen keinen undurchsichtigen Effekt.<\/li>\n<li>Sie k\u00f6nnen mit anderen Farbstoffen f\u00fcr einzigartige Farbt\u00f6ne kombiniert werden<\/li>\n<\/ul>\n<h2>Arten von wasserl\u00f6slichen Farbstoffen<\/h2>\n<h3>GELBE UND ORANGEFARBENE PIGMENTE<\/h3>\n<p>Sie verleihen warme, belebende Farbt\u00f6ne und werden h\u00e4ufig in Hautpflegeprodukten verwendet. Beispiele f\u00fcr diese Pigmente sind: <\/p>\n<ul>\n<li>Tartrazin (C.I. 19140) &#8211; wird in Duschgels, Fl\u00fcssigseifen, Shampoos, Conditionern, Zahnpasten und Mundsp\u00fclungen verwendet<\/li>\n<li>Chinolingelb (C.I. 47005) &#8211; empfohlen f\u00fcr Badekosmetik, Nagellacke und Mundhygienelotionen<\/li>\n<li>Orange II (C.I. 15510) &#8211; enthalten in Sonnencremes, Handgels und Seifen sowie K\u00f6rperpflegeprodukten<\/li>\n<\/ul>\n<h3>ROTE UND ROSA PIGMENTE<\/h3>\n<p>Haupts\u00e4chlich in kosmetischen Produkten f\u00fcr Frauen verwendet, auch in Premiumprodukten. Beispiele f\u00fcr solche Farbstoffe sind: <\/p>\n<ul>\n<li>Azorubin (C.I. 14720) &#8211; verwendet in Badelotionen, Shampoos, Duschgels, K\u00f6rperkosmetik<\/li>\n<li>Rot 129 (C.I. 16035) &#8211; zur Verwendung in Lippenstiften und Glossen in Gelform, Nagellacken und Haarf\u00e4rbegelen<\/li>\n<li>Amaranth (C.I. 16185) &#8211; wird in Zahnpasten, Mundsp\u00fclungen, K\u00f6rperlotionen und Fl\u00fcssigseifen verwendet<\/li>\n<\/ul>\n<h3>BLAUE UND GR\u00dcNE FARBSTOFFE<\/h3>\n<p>Sie verleihen frische, k\u00fchle T\u00f6ne &#8211; ideal f\u00fcr die Reinigung und Erfrischung von Kosmetika. Beispiele: <\/p>\n<ul>\n<li>Brilliant Blue FCF (C.I. 42090) &#8211; wird in Mundhygienelotionen, Shampoos, Badekosmetika und Haarpflegemitteln verwendet<\/li>\n<li>Brillantgr\u00fcn G (C.I. 61570) &#8211; wird in Fl\u00fcssigseifen, Shampoos, Zahnpasten und Badekosmetika verwendet<\/li>\n<li>Patent Blue V (C.I. 42051) &#8211; wird in Mundsp\u00fclungen, antibakteriellen Gelen, Seifen und Shampoos verwendet<\/li>\n<\/ul>\n<h3>SCHWARZE UND BRAUNE FARBSTOFFE<\/h3>\n<p>Sie werden verwendet, um kosmetische Formulierungen abzudunkeln und ihnen Farbtiefe zu verleihen. Diese Farbstoffe umfassen: <\/p>\n<ul>\n<li>Brillantschwarz BN (C.I. 28440) &#8211; wird in Haarf\u00e4rbemitteln, Fl\u00fcssigseifen und Zahnpasten verwendet<\/li>\n<li>Bronze GA 1007 (C.I. 18965, 14720, 42045) &#8211; enthalten in Haarf\u00e4rbegelen, Badezus\u00e4tzen und Shampoos<\/li>\n<\/ul>\n<p>&nbsp;<\/p>\n<p>&nbsp;<\/p>\n","protected":false},"excerpt":{"rendered":"<p>Wasserl\u00f6sliche Farbstoffe sind synthetische oder nat\u00fcrliche Farbstoffe, die sich vollst\u00e4ndig in der kosmetischen Grundlage aufl\u00f6sen. Sie werden in fl\u00fcssigen und gelartigen Kosmetika wie Badegels, Shampoos, Seifen, Zahnpasten, Mundsp\u00fclungen sowie in K\u00f6rperkosmetik und Make-up verwendet. <\/p>\n","protected":false},"featured_media":40303,"template":"","meta":{"_acf_changed":false},"product_brand":[],"product_cat":[7794],"product_tag":[],"class_list":{"0":"post-40338","1":"product","2":"type-product","3":"status-publish","4":"has-post-thumbnail","6":"product_cat-kosmetische-farbstoffe","8":"first","9":"instock","10":"shipping-taxable","11":"product-type-simple"},"acf":[],"yoast_head":"<!-- This site is optimized with the Yoast SEO plugin v27.4 - https:\/\/yoast.com\/product\/yoast-seo-wordpress\/ -->\n<title>Wasserl\u00f6sliche Farbstoffe - Gro\u00dfhandelsvertrieb<\/title>\n<meta name=\"description\" content=\"Wasserl\u00f6sliche Pigmente sind wichtige Bestandteile von Fl\u00fcssig- und Gelkosmetik. Sie sorgen f\u00fcr intensive und gleichm\u00e4\u00dfige Farben.\" \/>\n<meta name=\"robots\" content=\"index, follow, max-snippet:-1, max-image-preview:large, max-video-preview:-1\" \/>\n<link rel=\"canonical\" href=\"https:\/\/naturalpoland.com\/de\/produkte\/produkte-fur-die-kosmetikindustrie\/kosmetische-farbstoffe\/wasserloesliche-farbstoffe\/\" \/>\n<meta property=\"og:locale\" content=\"de_DE\" \/>\n<meta property=\"og:type\" content=\"article\" \/>\n<meta property=\"og:title\" content=\"Wasserl\u00f6sliche Farbstoffe - Gro\u00dfhandelsvertrieb\" \/>\n<meta property=\"og:description\" content=\"Wasserl\u00f6sliche Pigmente sind wichtige Bestandteile von Fl\u00fcssig- und Gelkosmetik. Sie sorgen f\u00fcr intensive und gleichm\u00e4\u00dfige Farben.\" \/>\n<meta property=\"og:url\" content=\"https:\/\/naturalpoland.com\/de\/produkte\/produkte-fur-die-kosmetikindustrie\/kosmetische-farbstoffe\/wasserloesliche-farbstoffe\/\" \/>\n<meta property=\"og:site_name\" content=\"NATURAL POLAND - IMPORT UND HANDEL VON ROHSTOFFEN\" \/>\n<meta property=\"article:publisher\" content=\"https:\/\/www.facebook.com\/naturalpoland.b2b\" \/>\n<meta property=\"og:image\" content=\"https:\/\/naturalpoland.com\/wp-content\/uploads\/barwniki-rozpuszczalne-w-wodzie.webp\" \/>\n\t<meta property=\"og:image:width\" content=\"821\" \/>\n\t<meta property=\"og:image:height\" content=\"821\" \/>\n\t<meta property=\"og:image:type\" content=\"image\/webp\" \/>\n<script type=\"application\/ld+json\" class=\"yoast-schema-graph\">{\"@context\":\"https:\\\/\\\/schema.org\",\"@graph\":[{\"@type\":\"WebPage\",\"@id\":\"https:\\\/\\\/naturalpoland.com\\\/de\\\/produkte\\\/produkte-fur-die-kosmetikindustrie\\\/kosmetische-farbstoffe\\\/wasserloesliche-farbstoffe\\\/\",\"url\":\"https:\\\/\\\/naturalpoland.com\\\/de\\\/produkte\\\/produkte-fur-die-kosmetikindustrie\\\/kosmetische-farbstoffe\\\/wasserloesliche-farbstoffe\\\/\",\"name\":\"Wasserl\u00f6sliche Farbstoffe - Gro\u00dfhandelsvertrieb\",\"isPartOf\":{\"@id\":\"https:\\\/\\\/naturalpoland.com\\\/de\\\/#website\"},\"primaryImageOfPage\":{\"@id\":\"https:\\\/\\\/naturalpoland.com\\\/de\\\/produkte\\\/produkte-fur-die-kosmetikindustrie\\\/kosmetische-farbstoffe\\\/wasserloesliche-farbstoffe\\\/#primaryimage\"},\"image\":{\"@id\":\"https:\\\/\\\/naturalpoland.com\\\/de\\\/produkte\\\/produkte-fur-die-kosmetikindustrie\\\/kosmetische-farbstoffe\\\/wasserloesliche-farbstoffe\\\/#primaryimage\"},\"thumbnailUrl\":\"https:\\\/\\\/naturalpoland.com\\\/wp-content\\\/uploads\\\/barwniki-rozpuszczalne-w-wodzie.webp\",\"datePublished\":\"2025-03-07T14:03:33+00:00\",\"description\":\"Wasserl\u00f6sliche Pigmente sind wichtige Bestandteile von Fl\u00fcssig- und Gelkosmetik. Sie sorgen f\u00fcr intensive und gleichm\u00e4\u00dfige Farben.\",\"breadcrumb\":{\"@id\":\"https:\\\/\\\/naturalpoland.com\\\/de\\\/produkte\\\/produkte-fur-die-kosmetikindustrie\\\/kosmetische-farbstoffe\\\/wasserloesliche-farbstoffe\\\/#breadcrumb\"},\"inLanguage\":\"de\",\"potentialAction\":[{\"@type\":\"ReadAction\",\"target\":[\"https:\\\/\\\/naturalpoland.com\\\/de\\\/produkte\\\/produkte-fur-die-kosmetikindustrie\\\/kosmetische-farbstoffe\\\/wasserloesliche-farbstoffe\\\/\"]}]},{\"@type\":\"ImageObject\",\"inLanguage\":\"de\",\"@id\":\"https:\\\/\\\/naturalpoland.com\\\/de\\\/produkte\\\/produkte-fur-die-kosmetikindustrie\\\/kosmetische-farbstoffe\\\/wasserloesliche-farbstoffe\\\/#primaryimage\",\"url\":\"https:\\\/\\\/naturalpoland.com\\\/wp-content\\\/uploads\\\/barwniki-rozpuszczalne-w-wodzie.webp\",\"contentUrl\":\"https:\\\/\\\/naturalpoland.com\\\/wp-content\\\/uploads\\\/barwniki-rozpuszczalne-w-wodzie.webp\",\"width\":821,\"height\":821,\"caption\":\"Barwniki rozpuszczalne w wodzie\"},{\"@type\":\"BreadcrumbList\",\"@id\":\"https:\\\/\\\/naturalpoland.com\\\/de\\\/produkte\\\/produkte-fur-die-kosmetikindustrie\\\/kosmetische-farbstoffe\\\/wasserloesliche-farbstoffe\\\/#breadcrumb\",\"itemListElement\":[{\"@type\":\"ListItem\",\"position\":1,\"name\":\"Startseite\",\"item\":\"https:\\\/\\\/naturalpoland.com\\\/de\\\/\"},{\"@type\":\"ListItem\",\"position\":2,\"name\":\"Produkte\",\"item\":\"https:\\\/\\\/naturalpoland.com\\\/de\\\/produkte\\\/\"},{\"@type\":\"ListItem\",\"position\":3,\"name\":\"Wasserl\u00f6sliche Farbstoffe\"}]},{\"@type\":\"WebSite\",\"@id\":\"https:\\\/\\\/naturalpoland.com\\\/de\\\/#website\",\"url\":\"https:\\\/\\\/naturalpoland.com\\\/de\\\/\",\"name\":\"NATURAL POLAND - IMPORT UND HANDEL VON ROHSTOFFEN\",\"description\":\"Rohstoffe f\u00fcr die Lebensmittelindustrie, Kosmetikindustrie, Pharmaindustrie\",\"publisher\":{\"@id\":\"https:\\\/\\\/naturalpoland.com\\\/de\\\/#organization\"},\"potentialAction\":[{\"@type\":\"SearchAction\",\"target\":{\"@type\":\"EntryPoint\",\"urlTemplate\":\"https:\\\/\\\/naturalpoland.com\\\/de\\\/?s={search_term_string}\"},\"query-input\":{\"@type\":\"PropertyValueSpecification\",\"valueRequired\":true,\"valueName\":\"search_term_string\"}}],\"inLanguage\":\"de\"},{\"@type\":\"Organization\",\"@id\":\"https:\\\/\\\/naturalpoland.com\\\/de\\\/#organization\",\"name\":\"Natural Poland\",\"url\":\"https:\\\/\\\/naturalpoland.com\\\/de\\\/\",\"logo\":{\"@type\":\"ImageObject\",\"inLanguage\":\"de\",\"@id\":\"https:\\\/\\\/naturalpoland.com\\\/de\\\/#\\\/schema\\\/logo\\\/image\\\/\",\"url\":\"https:\\\/\\\/naturalpoland.com\\\/wp-content\\\/uploads\\\/2021\\\/05\\\/natural-poland-icon.png\",\"contentUrl\":\"https:\\\/\\\/naturalpoland.com\\\/wp-content\\\/uploads\\\/2021\\\/05\\\/natural-poland-icon.png\",\"width\":512,\"height\":512,\"caption\":\"Natural Poland\"},\"image\":{\"@id\":\"https:\\\/\\\/naturalpoland.com\\\/de\\\/#\\\/schema\\\/logo\\\/image\\\/\"},\"sameAs\":[\"https:\\\/\\\/www.facebook.com\\\/naturalpoland.b2b\",\"https:\\\/\\\/pl.linkedin.com\\\/company\\\/natural-poland\",\"https:\\\/\\\/www.youtube.com\\\/channel\\\/UCgeGGkvOMahZo-xu_MSEWxg\"]}]}<\/script>\n<!-- \/ Yoast SEO plugin. -->","yoast_head_json":{"title":"Wasserl\u00f6sliche Farbstoffe - Gro\u00dfhandelsvertrieb","description":"Wasserl\u00f6sliche Pigmente sind wichtige Bestandteile von Fl\u00fcssig- und Gelkosmetik. Sie sorgen f\u00fcr intensive und gleichm\u00e4\u00dfige Farben.","robots":{"index":"index","follow":"follow","max-snippet":"max-snippet:-1","max-image-preview":"max-image-preview:large","max-video-preview":"max-video-preview:-1"},"canonical":"https:\/\/naturalpoland.com\/de\/produkte\/produkte-fur-die-kosmetikindustrie\/kosmetische-farbstoffe\/wasserloesliche-farbstoffe\/","og_locale":"de_DE","og_type":"article","og_title":"Wasserl\u00f6sliche Farbstoffe - Gro\u00dfhandelsvertrieb","og_description":"Wasserl\u00f6sliche Pigmente sind wichtige Bestandteile von Fl\u00fcssig- und Gelkosmetik. Sie sorgen f\u00fcr intensive und gleichm\u00e4\u00dfige Farben.","og_url":"https:\/\/naturalpoland.com\/de\/produkte\/produkte-fur-die-kosmetikindustrie\/kosmetische-farbstoffe\/wasserloesliche-farbstoffe\/","og_site_name":"NATURAL POLAND - IMPORT UND HANDEL VON ROHSTOFFEN","article_publisher":"https:\/\/www.facebook.com\/naturalpoland.b2b","og_image":[{"width":821,"height":821,"url":"https:\/\/naturalpoland.com\/wp-content\/uploads\/barwniki-rozpuszczalne-w-wodzie.webp","type":"image\/webp"}],"schema":{"@context":"https:\/\/schema.org","@graph":[{"@type":"WebPage","@id":"https:\/\/naturalpoland.com\/de\/produkte\/produkte-fur-die-kosmetikindustrie\/kosmetische-farbstoffe\/wasserloesliche-farbstoffe\/","url":"https:\/\/naturalpoland.com\/de\/produkte\/produkte-fur-die-kosmetikindustrie\/kosmetische-farbstoffe\/wasserloesliche-farbstoffe\/","name":"Wasserl\u00f6sliche Farbstoffe - Gro\u00dfhandelsvertrieb","isPartOf":{"@id":"https:\/\/naturalpoland.com\/de\/#website"},"primaryImageOfPage":{"@id":"https:\/\/naturalpoland.com\/de\/produkte\/produkte-fur-die-kosmetikindustrie\/kosmetische-farbstoffe\/wasserloesliche-farbstoffe\/#primaryimage"},"image":{"@id":"https:\/\/naturalpoland.com\/de\/produkte\/produkte-fur-die-kosmetikindustrie\/kosmetische-farbstoffe\/wasserloesliche-farbstoffe\/#primaryimage"},"thumbnailUrl":"https:\/\/naturalpoland.com\/wp-content\/uploads\/barwniki-rozpuszczalne-w-wodzie.webp","datePublished":"2025-03-07T14:03:33+00:00","description":"Wasserl\u00f6sliche Pigmente sind wichtige Bestandteile von Fl\u00fcssig- und Gelkosmetik. Sie sorgen f\u00fcr intensive und gleichm\u00e4\u00dfige Farben.","breadcrumb":{"@id":"https:\/\/naturalpoland.com\/de\/produkte\/produkte-fur-die-kosmetikindustrie\/kosmetische-farbstoffe\/wasserloesliche-farbstoffe\/#breadcrumb"},"inLanguage":"de","potentialAction":[{"@type":"ReadAction","target":["https:\/\/naturalpoland.com\/de\/produkte\/produkte-fur-die-kosmetikindustrie\/kosmetische-farbstoffe\/wasserloesliche-farbstoffe\/"]}]},{"@type":"ImageObject","inLanguage":"de","@id":"https:\/\/naturalpoland.com\/de\/produkte\/produkte-fur-die-kosmetikindustrie\/kosmetische-farbstoffe\/wasserloesliche-farbstoffe\/#primaryimage","url":"https:\/\/naturalpoland.com\/wp-content\/uploads\/barwniki-rozpuszczalne-w-wodzie.webp","contentUrl":"https:\/\/naturalpoland.com\/wp-content\/uploads\/barwniki-rozpuszczalne-w-wodzie.webp","width":821,"height":821,"caption":"Barwniki rozpuszczalne w wodzie"},{"@type":"BreadcrumbList","@id":"https:\/\/naturalpoland.com\/de\/produkte\/produkte-fur-die-kosmetikindustrie\/kosmetische-farbstoffe\/wasserloesliche-farbstoffe\/#breadcrumb","itemListElement":[{"@type":"ListItem","position":1,"name":"Startseite","item":"https:\/\/naturalpoland.com\/de\/"},{"@type":"ListItem","position":2,"name":"Produkte","item":"https:\/\/naturalpoland.com\/de\/produkte\/"},{"@type":"ListItem","position":3,"name":"Wasserl\u00f6sliche Farbstoffe"}]},{"@type":"WebSite","@id":"https:\/\/naturalpoland.com\/de\/#website","url":"https:\/\/naturalpoland.com\/de\/","name":"NATURAL POLAND - IMPORT UND HANDEL VON ROHSTOFFEN","description":"Rohstoffe f\u00fcr die Lebensmittelindustrie, Kosmetikindustrie, Pharmaindustrie","publisher":{"@id":"https:\/\/naturalpoland.com\/de\/#organization"},"potentialAction":[{"@type":"SearchAction","target":{"@type":"EntryPoint","urlTemplate":"https:\/\/naturalpoland.com\/de\/?s={search_term_string}"},"query-input":{"@type":"PropertyValueSpecification","valueRequired":true,"valueName":"search_term_string"}}],"inLanguage":"de"},{"@type":"Organization","@id":"https:\/\/naturalpoland.com\/de\/#organization","name":"Natural Poland","url":"https:\/\/naturalpoland.com\/de\/","logo":{"@type":"ImageObject","inLanguage":"de","@id":"https:\/\/naturalpoland.com\/de\/#\/schema\/logo\/image\/","url":"https:\/\/naturalpoland.com\/wp-content\/uploads\/2021\/05\/natural-poland-icon.png","contentUrl":"https:\/\/naturalpoland.com\/wp-content\/uploads\/2021\/05\/natural-poland-icon.png","width":512,"height":512,"caption":"Natural Poland"},"image":{"@id":"https:\/\/naturalpoland.com\/de\/#\/schema\/logo\/image\/"},"sameAs":["https:\/\/www.facebook.com\/naturalpoland.b2b","https:\/\/pl.linkedin.com\/company\/natural-poland","https:\/\/www.youtube.com\/channel\/UCgeGGkvOMahZo-xu_MSEWxg"]}]}},"_links":{"self":[{"href":"https:\/\/naturalpoland.com\/de\/wp-json\/wp\/v2\/product\/40338","targetHints":{"allow":["GET"]}}],"collection":[{"href":"https:\/\/naturalpoland.com\/de\/wp-json\/wp\/v2\/product"}],"about":[{"href":"https:\/\/naturalpoland.com\/de\/wp-json\/wp\/v2\/types\/product"}],"wp:featuredmedia":[{"embeddable":true,"href":"https:\/\/naturalpoland.com\/de\/wp-json\/wp\/v2\/media\/40303"}],"wp:attachment":[{"href":"https:\/\/naturalpoland.com\/de\/wp-json\/wp\/v2\/media?parent=40338"}],"wp:term":[{"taxonomy":"product_brand","embeddable":true,"href":"https:\/\/naturalpoland.com\/de\/wp-json\/wp\/v2\/product_brand?post=40338"},{"taxonomy":"product_cat","embeddable":true,"href":"https:\/\/naturalpoland.com\/de\/wp-json\/wp\/v2\/product_cat?post=40338"},{"taxonomy":"product_tag","embeddable":true,"href":"https:\/\/naturalpoland.com\/de\/wp-json\/wp\/v2\/product_tag?post=40338"}],"curies":[{"name":"wp","href":"https:\/\/api.w.org\/{rel}","templated":true}]}}