{"id":40361,"date":"2025-03-06T16:21:54","date_gmt":"2025-03-07T14:12:41","guid":{"rendered":"https:\/\/naturalpoland.com\/produkty\/unkategorisiert\/perlenpigmente\/"},"modified":"2025-03-07T15:12:41","modified_gmt":"2025-03-07T14:12:41","slug":"perlenpigmente","status":"publish","type":"product","link":"https:\/\/naturalpoland.com\/de\/produkte\/produkte-fur-die-kosmetikindustrie\/kosmetische-farbstoffe\/perlenpigmente\/","title":{"rendered":"Perlenpigmente"},"content":{"rendered":"<p>Perlpigmente bestehen aus feinen Mineralpartikeln, die mit Schichten aus Metalloxiden wie Titandioxid (C.I. 77891) oder Eisenoxid (C.I. 77491) \u00fcberzogen sind. Diese Schichten sind f\u00fcr ihre einzigartigen optischen Eigenschaften verantwortlich. Diese Pigmente werden h\u00e4ufig in Farbkosmetika verwendet, insbesondere in Make-up-Produkten, Nagellacken, Haar- und K\u00f6rperpflegeprodukten.  <\/p>\n<h2>Eigenschaften von Perlglanzpigmenten:<\/h2>\n<ul>\n<li>haben einen perlmuttartigen und schimmernden Effekt, der das Licht reflektiert und schimmernde, satinierte und metallische Effekte erzeugt,<\/li>\n<li>Je nach Einfallswinkel des Lichts k\u00f6nnen sie ihren Farbton \u00e4ndern,<\/li>\n<li>mischt sich gut mit anderen Pigmenten und kosmetischen Grundlagen,<\/li>\n<li>sind anorganischen Ursprungs, verursachen daher selten Allergien und sind stabil,<\/li>\n<li>sind hitze- und lichtbest\u00e4ndig &#8211; sie verblassen nicht, wenn sie UV-Licht ausgesetzt werden, wie es bei einigen organischen Pigmenten der Fall ist,<\/li>\n<li>sind in Premium-Produkten beliebt.<\/li>\n<\/ul>\n<h2>Arten von Perlglanzpigmenten:<\/h2>\n<h3>1. KLASSISCHE PERLGLANZPIGMENTE<\/h3>\n<p>Sie basieren meist auf Glimmer (Mica, C.I. 77019), der ein nat\u00fcrliches Mineral ist und als Tr\u00e4ger f\u00fcr den Perlglanzeffekt dient. Diese Pigmente k\u00f6nnen je nach den verwendeten metallischen Beschichtungen unterschiedliche Effekte haben. Die beliebtesten Farben der klassischen Perlglanzpigmente sind:  <\/p>\n<ul>\n<li>Goldener Perlglanz (C.I. 77491, 77891, Mica) &#8211; wird in Lidschatten, Lippenstiften, Glossen, Nagellacken und Farben mit Goldreflex-Effekt verwendet<\/li>\n<li>Wei\u00dfer Perlglanz (C.I. 77891, Mica) &#8211; wird in Highlightern, Leuchtpudern, hellen Lippenstiften, Make-up-Grundlagen mit Gl\u00fcheffekt und br\u00e4unenden Kosmetika verwendet<\/li>\n<li>Silberperle (C.I. 77891, Mica) &#8211; verwendet in Nagellacken mit Chromeffekt, Lidschatten und Haarkosmetika mit holografischem Effekt<\/li>\n<\/ul>\n<h3>2. PERLGLANZ-INTERFERENZPIGMENTE<\/h3>\n<p>Dabei handelt es sich um Pigmente, die ihre Farbe je nach Lichteinfallswinkel \u00e4ndern. Das liegt daran, dass das Licht von den vielen Schichten der Metalloxide reflektiert wird, wodurch ein optischer Effekt entsteht. Unser Sortiment umfasst zum Beispiel:  <\/p>\n<ul>\n<li>Interferenzblau &#8211; wird in Glossen, Lidschatten und Haarf\u00e4rbemitteln mit Perleffekt verwendet<\/li>\n<li>Interferenzgr\u00fcn &#8211; wird in Augen-Make-up-Produkten und Nagellacken mit holografischem Effekt verwendet<\/li>\n<li>Interferenzrosa &#8211; wird in Highlightern, Pudern, Lippenstiften und Rouges verwendet<\/li>\n<\/ul>\n<h3>3. PERLGL\u00c4NZENDE METALLPIGMENTE<\/h3>\n<p>Dies sind Perlglanzpigmente mit einem intensiven metallischen Schimmer. Ihre Struktur \u00e4hnelt den klassischen Perlglanzpigmenten, aber sie haben einen st\u00e4rkeren Lichtreflexionseffekt. Sie werden in Nagellacken mit Spiegeleffekt, Eyelinern, Lidschatten mit Folieneffekt, Metallic-Lippenstiften und Haarstylingprodukten verwendet.  <\/p>\n<h3>4. PERLGLANZPIGMENTE MIT CHAM\u00c4LEON-EFFEKT<\/h3>\n<p>Dies sind die technologisch fortschrittlichsten Pigmente, die ihre Farbe je nach Licht und Blickwinkel \u00e4ndern. Sie sind teurer, erzeugen aber au\u00dfergew\u00f6hnliche visuelle Effekte. Sie werden in Lidschatten mit Duochrom-Effekt (zweifarbig), Nagellacken mit holografischem Effekt und Haarfarben mit Perlglanz verwendet.  <\/p>\n<p>&nbsp;<\/p>\n","protected":false},"excerpt":{"rendered":"<p>Perlpigmente verleihen kosmetischen Produkten einen perlmuttartigen, metallischen oder schillernden Effekt. Sie haben die F\u00e4higkeit, Licht zu reflektieren und zu streuen und erzeugen so einen Glanzeffekt und eine multidimensionale Farbtiefe. <\/p>\n","protected":false},"featured_media":40290,"template":"","meta":{"_acf_changed":false},"product_brand":[],"product_cat":[7794],"product_tag":[],"class_list":{"0":"post-40361","1":"product","2":"type-product","3":"status-publish","4":"has-post-thumbnail","6":"product_cat-kosmetische-farbstoffe","8":"first","9":"instock","10":"shipping-taxable","11":"product-type-simple"},"acf":[],"yoast_head":"<!-- This site is optimized with the Yoast SEO plugin v27.4 - https:\/\/yoast.com\/product\/yoast-seo-wordpress\/ -->\n<title>Perlenpigmente - Gro\u00dfhandelsvertrieb<\/title>\n<meta name=\"description\" content=\"Perlpigmente sind eine besondere Kategorie von Kosmetikpigmenten, die Produkten einen perlmuttartigen, metallischen oder schillernden Effekt verleihen.\" \/>\n<meta name=\"robots\" content=\"index, follow, max-snippet:-1, max-image-preview:large, max-video-preview:-1\" \/>\n<link rel=\"canonical\" href=\"https:\/\/naturalpoland.com\/de\/produkte\/produkte-fur-die-kosmetikindustrie\/kosmetische-farbstoffe\/perlenpigmente\/\" \/>\n<meta property=\"og:locale\" content=\"de_DE\" \/>\n<meta property=\"og:type\" content=\"article\" \/>\n<meta property=\"og:title\" content=\"Perlenpigmente - Gro\u00dfhandelsvertrieb\" \/>\n<meta property=\"og:description\" content=\"Perlpigmente sind eine besondere Kategorie von Kosmetikpigmenten, die Produkten einen perlmuttartigen, metallischen oder schillernden Effekt verleihen.\" \/>\n<meta property=\"og:url\" content=\"https:\/\/naturalpoland.com\/de\/produkte\/produkte-fur-die-kosmetikindustrie\/kosmetische-farbstoffe\/perlenpigmente\/\" \/>\n<meta property=\"og:site_name\" content=\"NATURAL POLAND - IMPORT UND HANDEL VON ROHSTOFFEN\" \/>\n<meta property=\"article:publisher\" content=\"https:\/\/www.facebook.com\/naturalpoland.b2b\" \/>\n<meta property=\"og:image\" content=\"https:\/\/naturalpoland.com\/wp-content\/uploads\/pigmenty-perlowe.webp\" \/>\n\t<meta property=\"og:image:width\" content=\"821\" \/>\n\t<meta property=\"og:image:height\" content=\"821\" \/>\n\t<meta property=\"og:image:type\" content=\"image\/webp\" \/>\n<script type=\"application\/ld+json\" class=\"yoast-schema-graph\">{\"@context\":\"https:\\\/\\\/schema.org\",\"@graph\":[{\"@type\":\"WebPage\",\"@id\":\"https:\\\/\\\/naturalpoland.com\\\/de\\\/produkte\\\/produkte-fur-die-kosmetikindustrie\\\/kosmetische-farbstoffe\\\/perlenpigmente\\\/\",\"url\":\"https:\\\/\\\/naturalpoland.com\\\/de\\\/produkte\\\/produkte-fur-die-kosmetikindustrie\\\/kosmetische-farbstoffe\\\/perlenpigmente\\\/\",\"name\":\"Perlenpigmente - Gro\u00dfhandelsvertrieb\",\"isPartOf\":{\"@id\":\"https:\\\/\\\/naturalpoland.com\\\/de\\\/#website\"},\"primaryImageOfPage\":{\"@id\":\"https:\\\/\\\/naturalpoland.com\\\/de\\\/produkte\\\/produkte-fur-die-kosmetikindustrie\\\/kosmetische-farbstoffe\\\/perlenpigmente\\\/#primaryimage\"},\"image\":{\"@id\":\"https:\\\/\\\/naturalpoland.com\\\/de\\\/produkte\\\/produkte-fur-die-kosmetikindustrie\\\/kosmetische-farbstoffe\\\/perlenpigmente\\\/#primaryimage\"},\"thumbnailUrl\":\"https:\\\/\\\/naturalpoland.com\\\/wp-content\\\/uploads\\\/pigmenty-perlowe.webp\",\"datePublished\":\"2025-03-07T14:12:41+00:00\",\"description\":\"Perlpigmente sind eine besondere Kategorie von Kosmetikpigmenten, die Produkten einen perlmuttartigen, metallischen oder schillernden Effekt verleihen.\",\"breadcrumb\":{\"@id\":\"https:\\\/\\\/naturalpoland.com\\\/de\\\/produkte\\\/produkte-fur-die-kosmetikindustrie\\\/kosmetische-farbstoffe\\\/perlenpigmente\\\/#breadcrumb\"},\"inLanguage\":\"de\",\"potentialAction\":[{\"@type\":\"ReadAction\",\"target\":[\"https:\\\/\\\/naturalpoland.com\\\/de\\\/produkte\\\/produkte-fur-die-kosmetikindustrie\\\/kosmetische-farbstoffe\\\/perlenpigmente\\\/\"]}]},{\"@type\":\"ImageObject\",\"inLanguage\":\"de\",\"@id\":\"https:\\\/\\\/naturalpoland.com\\\/de\\\/produkte\\\/produkte-fur-die-kosmetikindustrie\\\/kosmetische-farbstoffe\\\/perlenpigmente\\\/#primaryimage\",\"url\":\"https:\\\/\\\/naturalpoland.com\\\/wp-content\\\/uploads\\\/pigmenty-perlowe.webp\",\"contentUrl\":\"https:\\\/\\\/naturalpoland.com\\\/wp-content\\\/uploads\\\/pigmenty-perlowe.webp\",\"width\":821,\"height\":821,\"caption\":\"pigmenty per\u0142owe\"},{\"@type\":\"BreadcrumbList\",\"@id\":\"https:\\\/\\\/naturalpoland.com\\\/de\\\/produkte\\\/produkte-fur-die-kosmetikindustrie\\\/kosmetische-farbstoffe\\\/perlenpigmente\\\/#breadcrumb\",\"itemListElement\":[{\"@type\":\"ListItem\",\"position\":1,\"name\":\"Startseite\",\"item\":\"https:\\\/\\\/naturalpoland.com\\\/de\\\/\"},{\"@type\":\"ListItem\",\"position\":2,\"name\":\"Produkte\",\"item\":\"https:\\\/\\\/naturalpoland.com\\\/de\\\/produkte\\\/\"},{\"@type\":\"ListItem\",\"position\":3,\"name\":\"Perlenpigmente\"}]},{\"@type\":\"WebSite\",\"@id\":\"https:\\\/\\\/naturalpoland.com\\\/de\\\/#website\",\"url\":\"https:\\\/\\\/naturalpoland.com\\\/de\\\/\",\"name\":\"NATURAL POLAND - IMPORT UND HANDEL VON ROHSTOFFEN\",\"description\":\"Rohstoffe f\u00fcr die Lebensmittelindustrie, Kosmetikindustrie, Pharmaindustrie\",\"publisher\":{\"@id\":\"https:\\\/\\\/naturalpoland.com\\\/de\\\/#organization\"},\"potentialAction\":[{\"@type\":\"SearchAction\",\"target\":{\"@type\":\"EntryPoint\",\"urlTemplate\":\"https:\\\/\\\/naturalpoland.com\\\/de\\\/?s={search_term_string}\"},\"query-input\":{\"@type\":\"PropertyValueSpecification\",\"valueRequired\":true,\"valueName\":\"search_term_string\"}}],\"inLanguage\":\"de\"},{\"@type\":\"Organization\",\"@id\":\"https:\\\/\\\/naturalpoland.com\\\/de\\\/#organization\",\"name\":\"Natural Poland\",\"url\":\"https:\\\/\\\/naturalpoland.com\\\/de\\\/\",\"logo\":{\"@type\":\"ImageObject\",\"inLanguage\":\"de\",\"@id\":\"https:\\\/\\\/naturalpoland.com\\\/de\\\/#\\\/schema\\\/logo\\\/image\\\/\",\"url\":\"https:\\\/\\\/naturalpoland.com\\\/wp-content\\\/uploads\\\/2021\\\/05\\\/natural-poland-icon.png\",\"contentUrl\":\"https:\\\/\\\/naturalpoland.com\\\/wp-content\\\/uploads\\\/2021\\\/05\\\/natural-poland-icon.png\",\"width\":512,\"height\":512,\"caption\":\"Natural Poland\"},\"image\":{\"@id\":\"https:\\\/\\\/naturalpoland.com\\\/de\\\/#\\\/schema\\\/logo\\\/image\\\/\"},\"sameAs\":[\"https:\\\/\\\/www.facebook.com\\\/naturalpoland.b2b\",\"https:\\\/\\\/pl.linkedin.com\\\/company\\\/natural-poland\",\"https:\\\/\\\/www.youtube.com\\\/channel\\\/UCgeGGkvOMahZo-xu_MSEWxg\"]}]}<\/script>\n<!-- \/ Yoast SEO plugin. -->","yoast_head_json":{"title":"Perlenpigmente - Gro\u00dfhandelsvertrieb","description":"Perlpigmente sind eine besondere Kategorie von Kosmetikpigmenten, die Produkten einen perlmuttartigen, metallischen oder schillernden Effekt verleihen.","robots":{"index":"index","follow":"follow","max-snippet":"max-snippet:-1","max-image-preview":"max-image-preview:large","max-video-preview":"max-video-preview:-1"},"canonical":"https:\/\/naturalpoland.com\/de\/produkte\/produkte-fur-die-kosmetikindustrie\/kosmetische-farbstoffe\/perlenpigmente\/","og_locale":"de_DE","og_type":"article","og_title":"Perlenpigmente - Gro\u00dfhandelsvertrieb","og_description":"Perlpigmente sind eine besondere Kategorie von Kosmetikpigmenten, die Produkten einen perlmuttartigen, metallischen oder schillernden Effekt verleihen.","og_url":"https:\/\/naturalpoland.com\/de\/produkte\/produkte-fur-die-kosmetikindustrie\/kosmetische-farbstoffe\/perlenpigmente\/","og_site_name":"NATURAL POLAND - IMPORT UND HANDEL VON ROHSTOFFEN","article_publisher":"https:\/\/www.facebook.com\/naturalpoland.b2b","og_image":[{"width":821,"height":821,"url":"https:\/\/naturalpoland.com\/wp-content\/uploads\/pigmenty-perlowe.webp","type":"image\/webp"}],"schema":{"@context":"https:\/\/schema.org","@graph":[{"@type":"WebPage","@id":"https:\/\/naturalpoland.com\/de\/produkte\/produkte-fur-die-kosmetikindustrie\/kosmetische-farbstoffe\/perlenpigmente\/","url":"https:\/\/naturalpoland.com\/de\/produkte\/produkte-fur-die-kosmetikindustrie\/kosmetische-farbstoffe\/perlenpigmente\/","name":"Perlenpigmente - Gro\u00dfhandelsvertrieb","isPartOf":{"@id":"https:\/\/naturalpoland.com\/de\/#website"},"primaryImageOfPage":{"@id":"https:\/\/naturalpoland.com\/de\/produkte\/produkte-fur-die-kosmetikindustrie\/kosmetische-farbstoffe\/perlenpigmente\/#primaryimage"},"image":{"@id":"https:\/\/naturalpoland.com\/de\/produkte\/produkte-fur-die-kosmetikindustrie\/kosmetische-farbstoffe\/perlenpigmente\/#primaryimage"},"thumbnailUrl":"https:\/\/naturalpoland.com\/wp-content\/uploads\/pigmenty-perlowe.webp","datePublished":"2025-03-07T14:12:41+00:00","description":"Perlpigmente sind eine besondere Kategorie von Kosmetikpigmenten, die Produkten einen perlmuttartigen, metallischen oder schillernden Effekt verleihen.","breadcrumb":{"@id":"https:\/\/naturalpoland.com\/de\/produkte\/produkte-fur-die-kosmetikindustrie\/kosmetische-farbstoffe\/perlenpigmente\/#breadcrumb"},"inLanguage":"de","potentialAction":[{"@type":"ReadAction","target":["https:\/\/naturalpoland.com\/de\/produkte\/produkte-fur-die-kosmetikindustrie\/kosmetische-farbstoffe\/perlenpigmente\/"]}]},{"@type":"ImageObject","inLanguage":"de","@id":"https:\/\/naturalpoland.com\/de\/produkte\/produkte-fur-die-kosmetikindustrie\/kosmetische-farbstoffe\/perlenpigmente\/#primaryimage","url":"https:\/\/naturalpoland.com\/wp-content\/uploads\/pigmenty-perlowe.webp","contentUrl":"https:\/\/naturalpoland.com\/wp-content\/uploads\/pigmenty-perlowe.webp","width":821,"height":821,"caption":"pigmenty per\u0142owe"},{"@type":"BreadcrumbList","@id":"https:\/\/naturalpoland.com\/de\/produkte\/produkte-fur-die-kosmetikindustrie\/kosmetische-farbstoffe\/perlenpigmente\/#breadcrumb","itemListElement":[{"@type":"ListItem","position":1,"name":"Startseite","item":"https:\/\/naturalpoland.com\/de\/"},{"@type":"ListItem","position":2,"name":"Produkte","item":"https:\/\/naturalpoland.com\/de\/produkte\/"},{"@type":"ListItem","position":3,"name":"Perlenpigmente"}]},{"@type":"WebSite","@id":"https:\/\/naturalpoland.com\/de\/#website","url":"https:\/\/naturalpoland.com\/de\/","name":"NATURAL POLAND - IMPORT UND HANDEL VON ROHSTOFFEN","description":"Rohstoffe f\u00fcr die Lebensmittelindustrie, Kosmetikindustrie, Pharmaindustrie","publisher":{"@id":"https:\/\/naturalpoland.com\/de\/#organization"},"potentialAction":[{"@type":"SearchAction","target":{"@type":"EntryPoint","urlTemplate":"https:\/\/naturalpoland.com\/de\/?s={search_term_string}"},"query-input":{"@type":"PropertyValueSpecification","valueRequired":true,"valueName":"search_term_string"}}],"inLanguage":"de"},{"@type":"Organization","@id":"https:\/\/naturalpoland.com\/de\/#organization","name":"Natural Poland","url":"https:\/\/naturalpoland.com\/de\/","logo":{"@type":"ImageObject","inLanguage":"de","@id":"https:\/\/naturalpoland.com\/de\/#\/schema\/logo\/image\/","url":"https:\/\/naturalpoland.com\/wp-content\/uploads\/2021\/05\/natural-poland-icon.png","contentUrl":"https:\/\/naturalpoland.com\/wp-content\/uploads\/2021\/05\/natural-poland-icon.png","width":512,"height":512,"caption":"Natural Poland"},"image":{"@id":"https:\/\/naturalpoland.com\/de\/#\/schema\/logo\/image\/"},"sameAs":["https:\/\/www.facebook.com\/naturalpoland.b2b","https:\/\/pl.linkedin.com\/company\/natural-poland","https:\/\/www.youtube.com\/channel\/UCgeGGkvOMahZo-xu_MSEWxg"]}]}},"_links":{"self":[{"href":"https:\/\/naturalpoland.com\/de\/wp-json\/wp\/v2\/product\/40361","targetHints":{"allow":["GET"]}}],"collection":[{"href":"https:\/\/naturalpoland.com\/de\/wp-json\/wp\/v2\/product"}],"about":[{"href":"https:\/\/naturalpoland.com\/de\/wp-json\/wp\/v2\/types\/product"}],"wp:featuredmedia":[{"embeddable":true,"href":"https:\/\/naturalpoland.com\/de\/wp-json\/wp\/v2\/media\/40290"}],"wp:attachment":[{"href":"https:\/\/naturalpoland.com\/de\/wp-json\/wp\/v2\/media?parent=40361"}],"wp:term":[{"taxonomy":"product_brand","embeddable":true,"href":"https:\/\/naturalpoland.com\/de\/wp-json\/wp\/v2\/product_brand?post=40361"},{"taxonomy":"product_cat","embeddable":true,"href":"https:\/\/naturalpoland.com\/de\/wp-json\/wp\/v2\/product_cat?post=40361"},{"taxonomy":"product_tag","embeddable":true,"href":"https:\/\/naturalpoland.com\/de\/wp-json\/wp\/v2\/product_tag?post=40361"}],"curies":[{"name":"wp","href":"https:\/\/api.w.org\/{rel}","templated":true}]}}