{"id":40374,"date":"2025-03-07T15:10:30","date_gmt":"2025-03-07T14:12:56","guid":{"rendered":"https:\/\/naturalpoland.com\/produkty\/unkategorisiert\/organische-farbstoffe-und-seen\/"},"modified":"2025-03-07T15:12:56","modified_gmt":"2025-03-07T14:12:56","slug":"organische-farbstoffe-und-seen","status":"publish","type":"product","link":"https:\/\/naturalpoland.com\/de\/produkte\/produkte-fur-die-kosmetikindustrie\/kosmetische-farbstoffe\/organische-farbstoffe-und-seen\/","title":{"rendered":"Organische Farbstoffe und Seen"},"content":{"rendered":"<h2>Vorteile von organischen Farbstoffen und Lacken:<\/h2>\n<ul>\n<li>Verleiht intensive und lebendige Farben<\/li>\n<li>Erh\u00e4ltlich in einer breiten Palette von Farben<\/li>\n<li>Sie k\u00f6nnen in Kosmetika auf Wasser- und \u00d6lbasis verwendet werden, mit Ausnahme von Lacken, die sich nicht aufl\u00f6sen und daher in wasserfesten Produkten mit verl\u00e4ngerter Haltbarkeit eingesetzt werden.<\/li>\n<\/ul>\n<h2>Arten von organischen Farbstoffen und Seen<\/h2>\n<p><strong>ROTE UND ROSA PIGMENTE<\/strong><\/p>\n<p>Wird in Lippenkosmetika, Rouge und Nagellacken verwendet. Dazu geh\u00f6ren zum Beispiel: C.I. 12085 (Rot PR), C.I. 15850 (Rubin CA, Rubin AL, Rubin BA), C.I. 45410 (Rosebay, Rot 10B) <\/p>\n<p><strong>GELBE UND ORANGEFARBENE PIGMENTE<\/strong><\/p>\n<p>Sie verleihen farbigen Kosmetika warme T\u00f6ne. Sie werden in Lidschatten, Nagellacken und Haarkosmetika verwendet. Beispiele: C.I. 19140 (Gelb, Tartrazin), C.I. 15985 (Mandarine, Orange High Strength).  <\/p>\n<p><strong>BLAUE, GR\u00dcNE UND VIOLETTE PIGMENTE<\/strong><\/p>\n<p>Wird in Augenkosmetik, Haarsprays und Stylingprodukten verwendet. Unter diesen k\u00f6nnen erw\u00e4hnt werden: C.I. 42090 (T\u00fcrkisblau, Brillantblau FCF), C.I. 77742 (Purpurviolett, Violett RR), <\/p>\n<p>&nbsp;<\/p>\n","protected":false},"excerpt":{"rendered":"<p><strong>Organische Farbstoffe<\/strong> sind intensive, synthetische F\u00e4rbesubstanzen, die in Wasser oder \u00d6len l\u00f6slich sind oder als unl\u00f6sliche Seen vorliegen. <strong>Seen<\/strong> werden gebildet, indem der Farbstoff auf einem unl\u00f6slichen Tr\u00e4ger wie Aluminium-, Kalzium- oder Metalloxiden abgelagert wird. Auf diese Weise behalten die Seen ihre Farbintensit\u00e4t, sind aber nicht in Wasser oder \u00d6l l\u00f6slich, <\/p>\n","protected":false},"featured_media":40351,"template":"","meta":{"_acf_changed":false},"product_brand":[],"product_cat":[7794],"product_tag":[],"class_list":{"0":"post-40374","1":"product","2":"type-product","3":"status-publish","4":"has-post-thumbnail","6":"product_cat-kosmetische-farbstoffe","8":"first","9":"instock","10":"shipping-taxable","11":"product-type-simple"},"acf":[],"yoast_head":"<!-- This site is optimized with the Yoast SEO plugin v27.4 - https:\/\/yoast.com\/product\/yoast-seo-wordpress\/ -->\n<title>Organische Farbstoffe und Seen - Gro\u00dfhandelsvertrieb<\/title>\n<meta name=\"description\" content=\"Organische Farbstoffe und Seen sind der Schl\u00fcssel zu farbigem Make-up und Nagelprodukten. Sie bieten intensive Farbt\u00f6ne, Langlebigkeit und eine breite Farbpalette.\" \/>\n<meta name=\"robots\" content=\"index, follow, max-snippet:-1, max-image-preview:large, max-video-preview:-1\" \/>\n<link rel=\"canonical\" href=\"https:\/\/naturalpoland.com\/de\/produkte\/produkte-fur-die-kosmetikindustrie\/kosmetische-farbstoffe\/organische-farbstoffe-und-seen\/\" \/>\n<meta property=\"og:locale\" content=\"de_DE\" \/>\n<meta property=\"og:type\" content=\"article\" \/>\n<meta property=\"og:title\" content=\"Organische Farbstoffe und Seen - Gro\u00dfhandelsvertrieb\" \/>\n<meta property=\"og:description\" content=\"Organische Farbstoffe und Seen sind der Schl\u00fcssel zu farbigem Make-up und Nagelprodukten. Sie bieten intensive Farbt\u00f6ne, Langlebigkeit und eine breite Farbpalette.\" \/>\n<meta property=\"og:url\" content=\"https:\/\/naturalpoland.com\/de\/produkte\/produkte-fur-die-kosmetikindustrie\/kosmetische-farbstoffe\/organische-farbstoffe-und-seen\/\" \/>\n<meta property=\"og:site_name\" content=\"NATURAL POLAND - IMPORT UND HANDEL VON ROHSTOFFEN\" \/>\n<meta property=\"article:publisher\" content=\"https:\/\/www.facebook.com\/naturalpoland.b2b\" \/>\n<meta property=\"og:image\" content=\"https:\/\/naturalpoland.com\/wp-content\/uploads\/pigmenty-organiczne-i-laki.webp\" \/>\n\t<meta property=\"og:image:width\" content=\"821\" \/>\n\t<meta property=\"og:image:height\" content=\"821\" \/>\n\t<meta property=\"og:image:type\" content=\"image\/webp\" \/>\n<script type=\"application\/ld+json\" class=\"yoast-schema-graph\">{\"@context\":\"https:\\\/\\\/schema.org\",\"@graph\":[{\"@type\":\"WebPage\",\"@id\":\"https:\\\/\\\/naturalpoland.com\\\/de\\\/produkte\\\/produkte-fur-die-kosmetikindustrie\\\/kosmetische-farbstoffe\\\/organische-farbstoffe-und-seen\\\/\",\"url\":\"https:\\\/\\\/naturalpoland.com\\\/de\\\/produkte\\\/produkte-fur-die-kosmetikindustrie\\\/kosmetische-farbstoffe\\\/organische-farbstoffe-und-seen\\\/\",\"name\":\"Organische Farbstoffe und Seen - Gro\u00dfhandelsvertrieb\",\"isPartOf\":{\"@id\":\"https:\\\/\\\/naturalpoland.com\\\/de\\\/#website\"},\"primaryImageOfPage\":{\"@id\":\"https:\\\/\\\/naturalpoland.com\\\/de\\\/produkte\\\/produkte-fur-die-kosmetikindustrie\\\/kosmetische-farbstoffe\\\/organische-farbstoffe-und-seen\\\/#primaryimage\"},\"image\":{\"@id\":\"https:\\\/\\\/naturalpoland.com\\\/de\\\/produkte\\\/produkte-fur-die-kosmetikindustrie\\\/kosmetische-farbstoffe\\\/organische-farbstoffe-und-seen\\\/#primaryimage\"},\"thumbnailUrl\":\"https:\\\/\\\/naturalpoland.com\\\/wp-content\\\/uploads\\\/pigmenty-organiczne-i-laki.webp\",\"datePublished\":\"2025-03-07T14:12:56+00:00\",\"description\":\"Organische Farbstoffe und Seen sind der Schl\u00fcssel zu farbigem Make-up und Nagelprodukten. Sie bieten intensive Farbt\u00f6ne, Langlebigkeit und eine breite Farbpalette.\",\"breadcrumb\":{\"@id\":\"https:\\\/\\\/naturalpoland.com\\\/de\\\/produkte\\\/produkte-fur-die-kosmetikindustrie\\\/kosmetische-farbstoffe\\\/organische-farbstoffe-und-seen\\\/#breadcrumb\"},\"inLanguage\":\"de\",\"potentialAction\":[{\"@type\":\"ReadAction\",\"target\":[\"https:\\\/\\\/naturalpoland.com\\\/de\\\/produkte\\\/produkte-fur-die-kosmetikindustrie\\\/kosmetische-farbstoffe\\\/organische-farbstoffe-und-seen\\\/\"]}]},{\"@type\":\"ImageObject\",\"inLanguage\":\"de\",\"@id\":\"https:\\\/\\\/naturalpoland.com\\\/de\\\/produkte\\\/produkte-fur-die-kosmetikindustrie\\\/kosmetische-farbstoffe\\\/organische-farbstoffe-und-seen\\\/#primaryimage\",\"url\":\"https:\\\/\\\/naturalpoland.com\\\/wp-content\\\/uploads\\\/pigmenty-organiczne-i-laki.webp\",\"contentUrl\":\"https:\\\/\\\/naturalpoland.com\\\/wp-content\\\/uploads\\\/pigmenty-organiczne-i-laki.webp\",\"width\":821,\"height\":821,\"caption\":\"Barwniki organiczne i laki\"},{\"@type\":\"BreadcrumbList\",\"@id\":\"https:\\\/\\\/naturalpoland.com\\\/de\\\/produkte\\\/produkte-fur-die-kosmetikindustrie\\\/kosmetische-farbstoffe\\\/organische-farbstoffe-und-seen\\\/#breadcrumb\",\"itemListElement\":[{\"@type\":\"ListItem\",\"position\":1,\"name\":\"Startseite\",\"item\":\"https:\\\/\\\/naturalpoland.com\\\/de\\\/\"},{\"@type\":\"ListItem\",\"position\":2,\"name\":\"Produkte\",\"item\":\"https:\\\/\\\/naturalpoland.com\\\/de\\\/produkte\\\/\"},{\"@type\":\"ListItem\",\"position\":3,\"name\":\"Organische Farbstoffe und Seen\"}]},{\"@type\":\"WebSite\",\"@id\":\"https:\\\/\\\/naturalpoland.com\\\/de\\\/#website\",\"url\":\"https:\\\/\\\/naturalpoland.com\\\/de\\\/\",\"name\":\"NATURAL POLAND - IMPORT UND HANDEL VON ROHSTOFFEN\",\"description\":\"Rohstoffe f\u00fcr die Lebensmittelindustrie, Kosmetikindustrie, Pharmaindustrie\",\"publisher\":{\"@id\":\"https:\\\/\\\/naturalpoland.com\\\/de\\\/#organization\"},\"potentialAction\":[{\"@type\":\"SearchAction\",\"target\":{\"@type\":\"EntryPoint\",\"urlTemplate\":\"https:\\\/\\\/naturalpoland.com\\\/de\\\/?s={search_term_string}\"},\"query-input\":{\"@type\":\"PropertyValueSpecification\",\"valueRequired\":true,\"valueName\":\"search_term_string\"}}],\"inLanguage\":\"de\"},{\"@type\":\"Organization\",\"@id\":\"https:\\\/\\\/naturalpoland.com\\\/de\\\/#organization\",\"name\":\"Natural Poland\",\"url\":\"https:\\\/\\\/naturalpoland.com\\\/de\\\/\",\"logo\":{\"@type\":\"ImageObject\",\"inLanguage\":\"de\",\"@id\":\"https:\\\/\\\/naturalpoland.com\\\/de\\\/#\\\/schema\\\/logo\\\/image\\\/\",\"url\":\"https:\\\/\\\/naturalpoland.com\\\/wp-content\\\/uploads\\\/2021\\\/05\\\/natural-poland-icon.png\",\"contentUrl\":\"https:\\\/\\\/naturalpoland.com\\\/wp-content\\\/uploads\\\/2021\\\/05\\\/natural-poland-icon.png\",\"width\":512,\"height\":512,\"caption\":\"Natural Poland\"},\"image\":{\"@id\":\"https:\\\/\\\/naturalpoland.com\\\/de\\\/#\\\/schema\\\/logo\\\/image\\\/\"},\"sameAs\":[\"https:\\\/\\\/www.facebook.com\\\/naturalpoland.b2b\",\"https:\\\/\\\/pl.linkedin.com\\\/company\\\/natural-poland\",\"https:\\\/\\\/www.youtube.com\\\/channel\\\/UCgeGGkvOMahZo-xu_MSEWxg\"]}]}<\/script>\n<!-- \/ Yoast SEO plugin. -->","yoast_head_json":{"title":"Organische Farbstoffe und Seen - Gro\u00dfhandelsvertrieb","description":"Organische Farbstoffe und Seen sind der Schl\u00fcssel zu farbigem Make-up und Nagelprodukten. Sie bieten intensive Farbt\u00f6ne, Langlebigkeit und eine breite Farbpalette.","robots":{"index":"index","follow":"follow","max-snippet":"max-snippet:-1","max-image-preview":"max-image-preview:large","max-video-preview":"max-video-preview:-1"},"canonical":"https:\/\/naturalpoland.com\/de\/produkte\/produkte-fur-die-kosmetikindustrie\/kosmetische-farbstoffe\/organische-farbstoffe-und-seen\/","og_locale":"de_DE","og_type":"article","og_title":"Organische Farbstoffe und Seen - Gro\u00dfhandelsvertrieb","og_description":"Organische Farbstoffe und Seen sind der Schl\u00fcssel zu farbigem Make-up und Nagelprodukten. Sie bieten intensive Farbt\u00f6ne, Langlebigkeit und eine breite Farbpalette.","og_url":"https:\/\/naturalpoland.com\/de\/produkte\/produkte-fur-die-kosmetikindustrie\/kosmetische-farbstoffe\/organische-farbstoffe-und-seen\/","og_site_name":"NATURAL POLAND - IMPORT UND HANDEL VON ROHSTOFFEN","article_publisher":"https:\/\/www.facebook.com\/naturalpoland.b2b","og_image":[{"width":821,"height":821,"url":"https:\/\/naturalpoland.com\/wp-content\/uploads\/pigmenty-organiczne-i-laki.webp","type":"image\/webp"}],"schema":{"@context":"https:\/\/schema.org","@graph":[{"@type":"WebPage","@id":"https:\/\/naturalpoland.com\/de\/produkte\/produkte-fur-die-kosmetikindustrie\/kosmetische-farbstoffe\/organische-farbstoffe-und-seen\/","url":"https:\/\/naturalpoland.com\/de\/produkte\/produkte-fur-die-kosmetikindustrie\/kosmetische-farbstoffe\/organische-farbstoffe-und-seen\/","name":"Organische Farbstoffe und Seen - Gro\u00dfhandelsvertrieb","isPartOf":{"@id":"https:\/\/naturalpoland.com\/de\/#website"},"primaryImageOfPage":{"@id":"https:\/\/naturalpoland.com\/de\/produkte\/produkte-fur-die-kosmetikindustrie\/kosmetische-farbstoffe\/organische-farbstoffe-und-seen\/#primaryimage"},"image":{"@id":"https:\/\/naturalpoland.com\/de\/produkte\/produkte-fur-die-kosmetikindustrie\/kosmetische-farbstoffe\/organische-farbstoffe-und-seen\/#primaryimage"},"thumbnailUrl":"https:\/\/naturalpoland.com\/wp-content\/uploads\/pigmenty-organiczne-i-laki.webp","datePublished":"2025-03-07T14:12:56+00:00","description":"Organische Farbstoffe und Seen sind der Schl\u00fcssel zu farbigem Make-up und Nagelprodukten. Sie bieten intensive Farbt\u00f6ne, Langlebigkeit und eine breite Farbpalette.","breadcrumb":{"@id":"https:\/\/naturalpoland.com\/de\/produkte\/produkte-fur-die-kosmetikindustrie\/kosmetische-farbstoffe\/organische-farbstoffe-und-seen\/#breadcrumb"},"inLanguage":"de","potentialAction":[{"@type":"ReadAction","target":["https:\/\/naturalpoland.com\/de\/produkte\/produkte-fur-die-kosmetikindustrie\/kosmetische-farbstoffe\/organische-farbstoffe-und-seen\/"]}]},{"@type":"ImageObject","inLanguage":"de","@id":"https:\/\/naturalpoland.com\/de\/produkte\/produkte-fur-die-kosmetikindustrie\/kosmetische-farbstoffe\/organische-farbstoffe-und-seen\/#primaryimage","url":"https:\/\/naturalpoland.com\/wp-content\/uploads\/pigmenty-organiczne-i-laki.webp","contentUrl":"https:\/\/naturalpoland.com\/wp-content\/uploads\/pigmenty-organiczne-i-laki.webp","width":821,"height":821,"caption":"Barwniki organiczne i laki"},{"@type":"BreadcrumbList","@id":"https:\/\/naturalpoland.com\/de\/produkte\/produkte-fur-die-kosmetikindustrie\/kosmetische-farbstoffe\/organische-farbstoffe-und-seen\/#breadcrumb","itemListElement":[{"@type":"ListItem","position":1,"name":"Startseite","item":"https:\/\/naturalpoland.com\/de\/"},{"@type":"ListItem","position":2,"name":"Produkte","item":"https:\/\/naturalpoland.com\/de\/produkte\/"},{"@type":"ListItem","position":3,"name":"Organische Farbstoffe und Seen"}]},{"@type":"WebSite","@id":"https:\/\/naturalpoland.com\/de\/#website","url":"https:\/\/naturalpoland.com\/de\/","name":"NATURAL POLAND - IMPORT UND HANDEL VON ROHSTOFFEN","description":"Rohstoffe f\u00fcr die Lebensmittelindustrie, Kosmetikindustrie, Pharmaindustrie","publisher":{"@id":"https:\/\/naturalpoland.com\/de\/#organization"},"potentialAction":[{"@type":"SearchAction","target":{"@type":"EntryPoint","urlTemplate":"https:\/\/naturalpoland.com\/de\/?s={search_term_string}"},"query-input":{"@type":"PropertyValueSpecification","valueRequired":true,"valueName":"search_term_string"}}],"inLanguage":"de"},{"@type":"Organization","@id":"https:\/\/naturalpoland.com\/de\/#organization","name":"Natural Poland","url":"https:\/\/naturalpoland.com\/de\/","logo":{"@type":"ImageObject","inLanguage":"de","@id":"https:\/\/naturalpoland.com\/de\/#\/schema\/logo\/image\/","url":"https:\/\/naturalpoland.com\/wp-content\/uploads\/2021\/05\/natural-poland-icon.png","contentUrl":"https:\/\/naturalpoland.com\/wp-content\/uploads\/2021\/05\/natural-poland-icon.png","width":512,"height":512,"caption":"Natural Poland"},"image":{"@id":"https:\/\/naturalpoland.com\/de\/#\/schema\/logo\/image\/"},"sameAs":["https:\/\/www.facebook.com\/naturalpoland.b2b","https:\/\/pl.linkedin.com\/company\/natural-poland","https:\/\/www.youtube.com\/channel\/UCgeGGkvOMahZo-xu_MSEWxg"]}]}},"_links":{"self":[{"href":"https:\/\/naturalpoland.com\/de\/wp-json\/wp\/v2\/product\/40374","targetHints":{"allow":["GET"]}}],"collection":[{"href":"https:\/\/naturalpoland.com\/de\/wp-json\/wp\/v2\/product"}],"about":[{"href":"https:\/\/naturalpoland.com\/de\/wp-json\/wp\/v2\/types\/product"}],"wp:featuredmedia":[{"embeddable":true,"href":"https:\/\/naturalpoland.com\/de\/wp-json\/wp\/v2\/media\/40351"}],"wp:attachment":[{"href":"https:\/\/naturalpoland.com\/de\/wp-json\/wp\/v2\/media?parent=40374"}],"wp:term":[{"taxonomy":"product_brand","embeddable":true,"href":"https:\/\/naturalpoland.com\/de\/wp-json\/wp\/v2\/product_brand?post=40374"},{"taxonomy":"product_cat","embeddable":true,"href":"https:\/\/naturalpoland.com\/de\/wp-json\/wp\/v2\/product_cat?post=40374"},{"taxonomy":"product_tag","embeddable":true,"href":"https:\/\/naturalpoland.com\/de\/wp-json\/wp\/v2\/product_tag?post=40374"}],"curies":[{"name":"wp","href":"https:\/\/api.w.org\/{rel}","templated":true}]}}