{"id":40385,"date":"2025-03-06T15:12:17","date_gmt":"2025-03-07T14:13:17","guid":{"rendered":"https:\/\/naturalpoland.com\/produkty\/unkategorisiert\/anorganische-pigmente\/"},"modified":"2025-03-07T15:13:17","modified_gmt":"2025-03-07T14:13:17","slug":"anorganische-pigmente","status":"publish","type":"product","link":"https:\/\/naturalpoland.com\/de\/produkte\/produkte-fur-die-kosmetikindustrie\/kosmetische-farbstoffe\/anorganische-pigmente\/","title":{"rendered":"Anorganische Pigmente"},"content":{"rendered":"<h2>Vorteile von anorganischen Pigmenten:<\/h2>\n<ul>\n<li>Sie sind sicher f\u00fcr die Verwendung auf der Haut und in Farbkosmetika<\/li>\n<li>Ausgezeichnete Deckkraft und intensive Farbe<\/li>\n<li>Licht- und temperaturbest\u00e4ndig<\/li>\n<li>Sind chemisch stabil und reagieren nicht mit anderen kosmetischen Inhaltsstoffen<\/li>\n<li>Sie l\u00f6sen sich nicht in Wasser oder \u00d6l auf und bleiben daher auf der Hautoberfl\u00e4che.<\/li>\n<li>Sie sind hypoallergen und verursachen selten allergische Reaktionen<\/li>\n<li>H\u00e4lt l\u00e4nger auf der Haut als organische Pigmente<\/li>\n<li>Sie k\u00f6nnen matt oder perlmuttfarben sein &#8211; je nach Art der Verarbeitung<\/li>\n<\/ul>\n<h2>Arten von anorganischen Pigmenten:<\/h2>\n<h3>1. EISENOXIDE<\/h3>\n<p>Dies sind einige der beliebtesten kosmetischen Pigmente. Sie sind stabil und sicher f\u00fcr die Haut, weshalb sie f\u00fcr Mineral- und Biokosmetik empfohlen werden. Es gibt sie in einer Vielzahl von Farbt\u00f6nen:  <\/p>\n<ol>\n<li style=\"list-style-type: none;\">\n<ul>\n<li>Gelb (C.I. 77492) &#8211; wird in Foundations, Concealern, Pudern, Lidschatten und Lippenstiften verwendet<\/li>\n<li>Rot (C.I. 77491) &#8211; wird in Rouge, Lippenstiften, Nagellacken und Haarf\u00e4rbemitteln verwendet<\/li>\n<li>Braun (C.I. 77491, 77492, 77499) &#8211; Hauptpigment in Bronzern, Pudern, Augenbrauenkosmetik und Konturierungsprodukten<\/li>\n<li>Schwarz (C.I. 77499) &#8211; Grundbestandteil von Mascaras, Eyelinern, Augenstiften und Augenbrauenkosmetik<\/li>\n<\/ul>\n<\/li>\n<\/ol>\n<h3>2. ULTRAMARINE<\/h3>\n<p>Dies sind Pigmente nat\u00fcrlichen Ursprungs. Sie sind licht- und temperaturbest\u00e4ndig, k\u00f6nnen aber s\u00e4ureempfindlich sein, so dass in einigen Produkten spezielle Stabilisatoren erforderlich sein k\u00f6nnen. Ultramarine haben intensive blaue, violette und rosa Farbt\u00f6ne:  <\/p>\n<ul>\n<li style=\"list-style-type: none;\">\n<ul>\n<li>Ultramarinblau (C.I. 77007) &#8211; verwendet in Lidschatten, Nagellacken, Eyelinern<\/li>\n<li>Ultramarinviolett und Rosa (C.I. 77007) &#8211; verleiht Rouge, Lippenstiften und Lidschatten Farbe<\/li>\n<\/ul>\n<\/li>\n<\/ul>\n<h3>3. PREUSSISCHBLAU (C.I. 77510)<\/h3>\n<p>Es ist ein intensiv blaues Pigment, das haupts\u00e4chlich in Augenkosmetik wie Lidschatten, Eyelinern, Mascaras und auch in Haarf\u00e4rbemitteln verwendet wird.<\/p>\n<h3>4. WEISSE PIGMENTE<\/h3>\n<ul>\n<li style=\"list-style-type: none;\">\n<ul>\n<li>Titandioxid (C.I. 77891) &#8211; ein sehr beliebtes Pigment, das in Foundations, Concealern, Pudern, BB-Cremes, Sonnenschutzmitteln (reflektiert UV-Strahlung), Lippenstiften und Lidschatten verwendet wird<\/li>\n<li>Zinkoxid (C.I. 77947) &#8211; wird in Sonnenschutzmitteln, Puder und Puder f\u00fcr empfindliche Haut verwendet<\/li>\n<\/ul>\n<\/li>\n<\/ul>\n<h2>Verwendung von anorganischen Pigmenten in Kosmetika:<\/h2>\n<ul>\n<li>Make-up &#8211; Grundierungen, Abdeckungen, Lidschatten, Lippenstifte, Rouge, Augenbrauenstifte<\/li>\n<li>Haarf\u00e4rbung &#8211; Haarf\u00e4rbemittel und Toner<\/li>\n<li>Nagelprodukte &#8211; Nagellacke, Unterlacke, \u00dcberlacke<\/li>\n<li>Hautpflegekosmetik &#8211; Puder, Bronzer, Sonnenschutzmittel<\/li>\n<\/ul>\n","protected":false},"excerpt":{"rendered":"<p><strong>Anorganische Kosmetikpigmente<\/strong> sind chemisch und physikalisch stabil, licht- und temperaturbest\u00e4ndig und resistent gegen chemische Einfl\u00fcsse. Sie werden zum F\u00e4rben verschiedener kosmetischer Produkte verwendet: Make-up, Hautpflege, Nagelprodukte, Haarf\u00e4rbemittel. Anorganische Pigmente bestehen haupts\u00e4chlich aus Mineralien und Metalloxiden.  <\/p>\n","protected":false},"featured_media":40276,"template":"","meta":{"_acf_changed":false},"product_brand":[],"product_cat":[7794],"product_tag":[],"class_list":{"0":"post-40385","1":"product","2":"type-product","3":"status-publish","4":"has-post-thumbnail","6":"product_cat-kosmetische-farbstoffe","8":"first","9":"instock","10":"shipping-taxable","11":"product-type-simple"},"acf":[],"yoast_head":"<!-- This site is optimized with the Yoast SEO plugin v27.4 - https:\/\/yoast.com\/product\/yoast-seo-wordpress\/ -->\n<title>Anorganische Pigmente - Gro\u00dfhandelsvertrieb<\/title>\n<meta name=\"description\" content=\"Anorganische Pigmente sind die Basispigmente, die in Farbkosmetika verwendet werden. Sie sind stabil, haltbar, sicher und haben eine gute Haltbarkeit.\" \/>\n<meta name=\"robots\" content=\"index, follow, max-snippet:-1, max-image-preview:large, max-video-preview:-1\" \/>\n<link rel=\"canonical\" href=\"https:\/\/naturalpoland.com\/de\/produkte\/produkte-fur-die-kosmetikindustrie\/kosmetische-farbstoffe\/anorganische-pigmente\/\" \/>\n<meta property=\"og:locale\" content=\"de_DE\" \/>\n<meta property=\"og:type\" content=\"article\" \/>\n<meta property=\"og:title\" content=\"Anorganische Pigmente - Gro\u00dfhandelsvertrieb\" \/>\n<meta property=\"og:description\" content=\"Anorganische Pigmente sind die Basispigmente, die in Farbkosmetika verwendet werden. Sie sind stabil, haltbar, sicher und haben eine gute Haltbarkeit.\" \/>\n<meta property=\"og:url\" content=\"https:\/\/naturalpoland.com\/de\/produkte\/produkte-fur-die-kosmetikindustrie\/kosmetische-farbstoffe\/anorganische-pigmente\/\" \/>\n<meta property=\"og:site_name\" content=\"NATURAL POLAND - IMPORT UND HANDEL VON ROHSTOFFEN\" \/>\n<meta property=\"article:publisher\" content=\"https:\/\/www.facebook.com\/naturalpoland.b2b\" \/>\n<meta property=\"og:image\" content=\"https:\/\/naturalpoland.com\/wp-content\/uploads\/pigmenty-nieorganiczne.webp\" \/>\n\t<meta property=\"og:image:width\" content=\"821\" \/>\n\t<meta property=\"og:image:height\" content=\"821\" \/>\n\t<meta property=\"og:image:type\" content=\"image\/webp\" \/>\n<script type=\"application\/ld+json\" class=\"yoast-schema-graph\">{\"@context\":\"https:\\\/\\\/schema.org\",\"@graph\":[{\"@type\":\"WebPage\",\"@id\":\"https:\\\/\\\/naturalpoland.com\\\/de\\\/produkte\\\/produkte-fur-die-kosmetikindustrie\\\/kosmetische-farbstoffe\\\/anorganische-pigmente\\\/\",\"url\":\"https:\\\/\\\/naturalpoland.com\\\/de\\\/produkte\\\/produkte-fur-die-kosmetikindustrie\\\/kosmetische-farbstoffe\\\/anorganische-pigmente\\\/\",\"name\":\"Anorganische Pigmente - Gro\u00dfhandelsvertrieb\",\"isPartOf\":{\"@id\":\"https:\\\/\\\/naturalpoland.com\\\/de\\\/#website\"},\"primaryImageOfPage\":{\"@id\":\"https:\\\/\\\/naturalpoland.com\\\/de\\\/produkte\\\/produkte-fur-die-kosmetikindustrie\\\/kosmetische-farbstoffe\\\/anorganische-pigmente\\\/#primaryimage\"},\"image\":{\"@id\":\"https:\\\/\\\/naturalpoland.com\\\/de\\\/produkte\\\/produkte-fur-die-kosmetikindustrie\\\/kosmetische-farbstoffe\\\/anorganische-pigmente\\\/#primaryimage\"},\"thumbnailUrl\":\"https:\\\/\\\/naturalpoland.com\\\/wp-content\\\/uploads\\\/pigmenty-nieorganiczne.webp\",\"datePublished\":\"2025-03-07T14:13:17+00:00\",\"description\":\"Anorganische Pigmente sind die Basispigmente, die in Farbkosmetika verwendet werden. Sie sind stabil, haltbar, sicher und haben eine gute Haltbarkeit.\",\"breadcrumb\":{\"@id\":\"https:\\\/\\\/naturalpoland.com\\\/de\\\/produkte\\\/produkte-fur-die-kosmetikindustrie\\\/kosmetische-farbstoffe\\\/anorganische-pigmente\\\/#breadcrumb\"},\"inLanguage\":\"de\",\"potentialAction\":[{\"@type\":\"ReadAction\",\"target\":[\"https:\\\/\\\/naturalpoland.com\\\/de\\\/produkte\\\/produkte-fur-die-kosmetikindustrie\\\/kosmetische-farbstoffe\\\/anorganische-pigmente\\\/\"]}]},{\"@type\":\"ImageObject\",\"inLanguage\":\"de\",\"@id\":\"https:\\\/\\\/naturalpoland.com\\\/de\\\/produkte\\\/produkte-fur-die-kosmetikindustrie\\\/kosmetische-farbstoffe\\\/anorganische-pigmente\\\/#primaryimage\",\"url\":\"https:\\\/\\\/naturalpoland.com\\\/wp-content\\\/uploads\\\/pigmenty-nieorganiczne.webp\",\"contentUrl\":\"https:\\\/\\\/naturalpoland.com\\\/wp-content\\\/uploads\\\/pigmenty-nieorganiczne.webp\",\"width\":821,\"height\":821,\"caption\":\"Pigmenty nieorganiczne\"},{\"@type\":\"BreadcrumbList\",\"@id\":\"https:\\\/\\\/naturalpoland.com\\\/de\\\/produkte\\\/produkte-fur-die-kosmetikindustrie\\\/kosmetische-farbstoffe\\\/anorganische-pigmente\\\/#breadcrumb\",\"itemListElement\":[{\"@type\":\"ListItem\",\"position\":1,\"name\":\"Startseite\",\"item\":\"https:\\\/\\\/naturalpoland.com\\\/de\\\/\"},{\"@type\":\"ListItem\",\"position\":2,\"name\":\"Produkte\",\"item\":\"https:\\\/\\\/naturalpoland.com\\\/de\\\/produkte\\\/\"},{\"@type\":\"ListItem\",\"position\":3,\"name\":\"Anorganische Pigmente\"}]},{\"@type\":\"WebSite\",\"@id\":\"https:\\\/\\\/naturalpoland.com\\\/de\\\/#website\",\"url\":\"https:\\\/\\\/naturalpoland.com\\\/de\\\/\",\"name\":\"NATURAL POLAND - IMPORT UND HANDEL VON ROHSTOFFEN\",\"description\":\"Rohstoffe f\u00fcr die Lebensmittelindustrie, Kosmetikindustrie, Pharmaindustrie\",\"publisher\":{\"@id\":\"https:\\\/\\\/naturalpoland.com\\\/de\\\/#organization\"},\"potentialAction\":[{\"@type\":\"SearchAction\",\"target\":{\"@type\":\"EntryPoint\",\"urlTemplate\":\"https:\\\/\\\/naturalpoland.com\\\/de\\\/?s={search_term_string}\"},\"query-input\":{\"@type\":\"PropertyValueSpecification\",\"valueRequired\":true,\"valueName\":\"search_term_string\"}}],\"inLanguage\":\"de\"},{\"@type\":\"Organization\",\"@id\":\"https:\\\/\\\/naturalpoland.com\\\/de\\\/#organization\",\"name\":\"Natural Poland\",\"url\":\"https:\\\/\\\/naturalpoland.com\\\/de\\\/\",\"logo\":{\"@type\":\"ImageObject\",\"inLanguage\":\"de\",\"@id\":\"https:\\\/\\\/naturalpoland.com\\\/de\\\/#\\\/schema\\\/logo\\\/image\\\/\",\"url\":\"https:\\\/\\\/naturalpoland.com\\\/wp-content\\\/uploads\\\/2021\\\/05\\\/natural-poland-icon.png\",\"contentUrl\":\"https:\\\/\\\/naturalpoland.com\\\/wp-content\\\/uploads\\\/2021\\\/05\\\/natural-poland-icon.png\",\"width\":512,\"height\":512,\"caption\":\"Natural Poland\"},\"image\":{\"@id\":\"https:\\\/\\\/naturalpoland.com\\\/de\\\/#\\\/schema\\\/logo\\\/image\\\/\"},\"sameAs\":[\"https:\\\/\\\/www.facebook.com\\\/naturalpoland.b2b\",\"https:\\\/\\\/pl.linkedin.com\\\/company\\\/natural-poland\",\"https:\\\/\\\/www.youtube.com\\\/channel\\\/UCgeGGkvOMahZo-xu_MSEWxg\"]}]}<\/script>\n<!-- \/ Yoast SEO plugin. -->","yoast_head_json":{"title":"Anorganische Pigmente - Gro\u00dfhandelsvertrieb","description":"Anorganische Pigmente sind die Basispigmente, die in Farbkosmetika verwendet werden. Sie sind stabil, haltbar, sicher und haben eine gute Haltbarkeit.","robots":{"index":"index","follow":"follow","max-snippet":"max-snippet:-1","max-image-preview":"max-image-preview:large","max-video-preview":"max-video-preview:-1"},"canonical":"https:\/\/naturalpoland.com\/de\/produkte\/produkte-fur-die-kosmetikindustrie\/kosmetische-farbstoffe\/anorganische-pigmente\/","og_locale":"de_DE","og_type":"article","og_title":"Anorganische Pigmente - Gro\u00dfhandelsvertrieb","og_description":"Anorganische Pigmente sind die Basispigmente, die in Farbkosmetika verwendet werden. Sie sind stabil, haltbar, sicher und haben eine gute Haltbarkeit.","og_url":"https:\/\/naturalpoland.com\/de\/produkte\/produkte-fur-die-kosmetikindustrie\/kosmetische-farbstoffe\/anorganische-pigmente\/","og_site_name":"NATURAL POLAND - IMPORT UND HANDEL VON ROHSTOFFEN","article_publisher":"https:\/\/www.facebook.com\/naturalpoland.b2b","og_image":[{"width":821,"height":821,"url":"https:\/\/naturalpoland.com\/wp-content\/uploads\/pigmenty-nieorganiczne.webp","type":"image\/webp"}],"schema":{"@context":"https:\/\/schema.org","@graph":[{"@type":"WebPage","@id":"https:\/\/naturalpoland.com\/de\/produkte\/produkte-fur-die-kosmetikindustrie\/kosmetische-farbstoffe\/anorganische-pigmente\/","url":"https:\/\/naturalpoland.com\/de\/produkte\/produkte-fur-die-kosmetikindustrie\/kosmetische-farbstoffe\/anorganische-pigmente\/","name":"Anorganische Pigmente - Gro\u00dfhandelsvertrieb","isPartOf":{"@id":"https:\/\/naturalpoland.com\/de\/#website"},"primaryImageOfPage":{"@id":"https:\/\/naturalpoland.com\/de\/produkte\/produkte-fur-die-kosmetikindustrie\/kosmetische-farbstoffe\/anorganische-pigmente\/#primaryimage"},"image":{"@id":"https:\/\/naturalpoland.com\/de\/produkte\/produkte-fur-die-kosmetikindustrie\/kosmetische-farbstoffe\/anorganische-pigmente\/#primaryimage"},"thumbnailUrl":"https:\/\/naturalpoland.com\/wp-content\/uploads\/pigmenty-nieorganiczne.webp","datePublished":"2025-03-07T14:13:17+00:00","description":"Anorganische Pigmente sind die Basispigmente, die in Farbkosmetika verwendet werden. Sie sind stabil, haltbar, sicher und haben eine gute Haltbarkeit.","breadcrumb":{"@id":"https:\/\/naturalpoland.com\/de\/produkte\/produkte-fur-die-kosmetikindustrie\/kosmetische-farbstoffe\/anorganische-pigmente\/#breadcrumb"},"inLanguage":"de","potentialAction":[{"@type":"ReadAction","target":["https:\/\/naturalpoland.com\/de\/produkte\/produkte-fur-die-kosmetikindustrie\/kosmetische-farbstoffe\/anorganische-pigmente\/"]}]},{"@type":"ImageObject","inLanguage":"de","@id":"https:\/\/naturalpoland.com\/de\/produkte\/produkte-fur-die-kosmetikindustrie\/kosmetische-farbstoffe\/anorganische-pigmente\/#primaryimage","url":"https:\/\/naturalpoland.com\/wp-content\/uploads\/pigmenty-nieorganiczne.webp","contentUrl":"https:\/\/naturalpoland.com\/wp-content\/uploads\/pigmenty-nieorganiczne.webp","width":821,"height":821,"caption":"Pigmenty nieorganiczne"},{"@type":"BreadcrumbList","@id":"https:\/\/naturalpoland.com\/de\/produkte\/produkte-fur-die-kosmetikindustrie\/kosmetische-farbstoffe\/anorganische-pigmente\/#breadcrumb","itemListElement":[{"@type":"ListItem","position":1,"name":"Startseite","item":"https:\/\/naturalpoland.com\/de\/"},{"@type":"ListItem","position":2,"name":"Produkte","item":"https:\/\/naturalpoland.com\/de\/produkte\/"},{"@type":"ListItem","position":3,"name":"Anorganische Pigmente"}]},{"@type":"WebSite","@id":"https:\/\/naturalpoland.com\/de\/#website","url":"https:\/\/naturalpoland.com\/de\/","name":"NATURAL POLAND - IMPORT UND HANDEL VON ROHSTOFFEN","description":"Rohstoffe f\u00fcr die Lebensmittelindustrie, Kosmetikindustrie, Pharmaindustrie","publisher":{"@id":"https:\/\/naturalpoland.com\/de\/#organization"},"potentialAction":[{"@type":"SearchAction","target":{"@type":"EntryPoint","urlTemplate":"https:\/\/naturalpoland.com\/de\/?s={search_term_string}"},"query-input":{"@type":"PropertyValueSpecification","valueRequired":true,"valueName":"search_term_string"}}],"inLanguage":"de"},{"@type":"Organization","@id":"https:\/\/naturalpoland.com\/de\/#organization","name":"Natural Poland","url":"https:\/\/naturalpoland.com\/de\/","logo":{"@type":"ImageObject","inLanguage":"de","@id":"https:\/\/naturalpoland.com\/de\/#\/schema\/logo\/image\/","url":"https:\/\/naturalpoland.com\/wp-content\/uploads\/2021\/05\/natural-poland-icon.png","contentUrl":"https:\/\/naturalpoland.com\/wp-content\/uploads\/2021\/05\/natural-poland-icon.png","width":512,"height":512,"caption":"Natural Poland"},"image":{"@id":"https:\/\/naturalpoland.com\/de\/#\/schema\/logo\/image\/"},"sameAs":["https:\/\/www.facebook.com\/naturalpoland.b2b","https:\/\/pl.linkedin.com\/company\/natural-poland","https:\/\/www.youtube.com\/channel\/UCgeGGkvOMahZo-xu_MSEWxg"]}]}},"_links":{"self":[{"href":"https:\/\/naturalpoland.com\/de\/wp-json\/wp\/v2\/product\/40385","targetHints":{"allow":["GET"]}}],"collection":[{"href":"https:\/\/naturalpoland.com\/de\/wp-json\/wp\/v2\/product"}],"about":[{"href":"https:\/\/naturalpoland.com\/de\/wp-json\/wp\/v2\/types\/product"}],"wp:featuredmedia":[{"embeddable":true,"href":"https:\/\/naturalpoland.com\/de\/wp-json\/wp\/v2\/media\/40276"}],"wp:attachment":[{"href":"https:\/\/naturalpoland.com\/de\/wp-json\/wp\/v2\/media?parent=40385"}],"wp:term":[{"taxonomy":"product_brand","embeddable":true,"href":"https:\/\/naturalpoland.com\/de\/wp-json\/wp\/v2\/product_brand?post=40385"},{"taxonomy":"product_cat","embeddable":true,"href":"https:\/\/naturalpoland.com\/de\/wp-json\/wp\/v2\/product_cat?post=40385"},{"taxonomy":"product_tag","embeddable":true,"href":"https:\/\/naturalpoland.com\/de\/wp-json\/wp\/v2\/product_tag?post=40385"}],"curies":[{"name":"wp","href":"https:\/\/api.w.org\/{rel}","templated":true}]}}