{"id":40751,"date":"2025-04-15T11:22:27","date_gmt":"2025-04-16T13:21:16","guid":{"rendered":"https:\/\/naturalpoland.com\/produkty\/unkategorisiert\/bernsteinsaeure\/"},"modified":"2025-04-16T15:21:16","modified_gmt":"2025-04-16T13:21:16","slug":"bernsteinsaeure","status":"publish","type":"product","link":"https:\/\/naturalpoland.com\/de\/produkte\/produkte-fur-die-kosmetikindustrie\/sauren\/bernsteinsaeure\/","title":{"rendered":"Bernsteins\u00e4ure"},"content":{"rendered":"<p class=\"\" data-start=\"0\" data-end=\"319\">Die h\u00e4ufigste und g\u00e4ngigste Verwendung von <strong data-start=\"53\" data-end=\"92\">Bernsteins\u00e4ure<\/strong> ist die als <strong data-start=\"122\" data-end=\"138\">pH-Regulator<\/strong> und <strong data-start=\"141\" data-end=\"185\">Zellstoffwechselverst\u00e4rker<\/strong> in Nahrungserg\u00e4nzungsmitteln und als <strong data-start=\"212\" data-end=\"279\">Wirkstoff mit entz\u00fcndungshemmenden und antibakteriellen<\/strong> Eigenschaften in Kosmetika f\u00fcr problematische Haut.<\/p>\n<p class=\"\" data-start=\"321\" data-end=\"332\">In der Praxis:<\/p>\n<ul data-start=\"334\" data-end=\"866\">\n<li class=\"\" data-start=\"334\" data-end=\"505\">\n<p class=\"\" data-start=\"336\" data-end=\"505\">In <strong data-start=\"338\" data-end=\"360\">Nahrungserg\u00e4nzungsmitteln<\/strong> unterst\u00fctzt es den Krebszyklus und verbessert die Sauerstoff- und Energieverwertung in den Zellen, was zu mehr Vitalit\u00e4t und Widerstandskraft gegen oxidativen Stress f\u00fchrt.<\/p>\n<\/li>\n<li class=\"\" data-start=\"506\" data-end=\"718\">\n<p class=\"\" data-start=\"508\" data-end=\"718\">In <strong data-start=\"510\" data-end=\"525\">Kosmetika<\/strong>, insbesondere bei zu Akne neigender, fettiger oder reifer Haut, hilft es, Entz\u00fcndungen zu lindern, f\u00f6rdert die Regeneration der Haut und hat einen Peelingeffekt, der die Hautstruktur und den Hautton verbessert.<\/p>\n<\/li>\n<li class=\"\" data-start=\"719\" data-end=\"866\">\n<p class=\"\" data-start=\"721\" data-end=\"866\">Es ist auch <strong data-start=\"730\" data-end=\"778\">ein mildes Konservierungs- und Puffermittel<\/strong>, weshalb es h\u00e4ufig als Zutat zur Unterst\u00fctzung der Haltbarkeit und Stabilit\u00e4t von Zubereitungen eingesetzt wird.<\/p>\n<\/li>\n<\/ul>\n","protected":false},"excerpt":{"rendered":"<p><em>Bernsteins\u00e4ure<\/em> ist eine organische chemische Verbindung, die zur Gruppe der<em>Dicarbons\u00e4uren<\/em> geh\u00f6rt und in lebenden Organismen als Bestandteil des Krebszyklus nat\u00fcrlich vorkommt. Sie ist ein wei\u00dfes, kristallines Pulver von hoher Reinheit, gut wasserl\u00f6slich, ungiftig und sicher in der Anwendung. <\/p>\n","protected":false},"featured_media":40711,"template":"","meta":{"_acf_changed":false},"product_brand":[],"product_cat":[5452,373],"product_tag":[],"class_list":{"0":"post-40751","1":"product","2":"type-product","3":"status-publish","4":"has-post-thumbnail","6":"product_cat-sauren","7":"product_cat-nahrungserganzungmittel","9":"first","10":"instock","11":"shipping-taxable","12":"product-type-simple"},"acf":[],"yoast_head":"<!-- This site is optimized with the Yoast SEO plugin v27.4 - https:\/\/yoast.com\/product\/yoast-seo-wordpress\/ -->\n<title>Bernsteins\u00e4ure - Gro\u00dfhandelsvertrieb<\/title>\n<meta name=\"description\" content=\"Bernsteins\u00e4ure ist ein hochreines wei\u00dfes Pulver, das in Nahrungserg\u00e4nzungsmitteln, Arzneimitteln und in der Kosmetikindustrie weit verbreitet ist.\" \/>\n<meta name=\"robots\" content=\"index, follow, max-snippet:-1, max-image-preview:large, max-video-preview:-1\" \/>\n<link rel=\"canonical\" href=\"https:\/\/naturalpoland.com\/de\/produkte\/produkte-fur-die-kosmetikindustrie\/sauren\/bernsteinsaeure\/\" \/>\n<meta property=\"og:locale\" content=\"de_DE\" \/>\n<meta property=\"og:type\" content=\"article\" \/>\n<meta property=\"og:title\" content=\"Bernsteins\u00e4ure - Gro\u00dfhandelsvertrieb\" \/>\n<meta property=\"og:description\" content=\"Bernsteins\u00e4ure ist ein hochreines wei\u00dfes Pulver, das in Nahrungserg\u00e4nzungsmitteln, Arzneimitteln und in der Kosmetikindustrie weit verbreitet ist.\" \/>\n<meta property=\"og:url\" content=\"https:\/\/naturalpoland.com\/de\/produkte\/produkte-fur-die-kosmetikindustrie\/sauren\/bernsteinsaeure\/\" \/>\n<meta property=\"og:site_name\" content=\"NATURAL POLAND - IMPORT UND HANDEL VON ROHSTOFFEN\" \/>\n<meta property=\"article:publisher\" content=\"https:\/\/www.facebook.com\/naturalpoland.b2b\" \/>\n<meta property=\"og:image\" content=\"https:\/\/naturalpoland.com\/wp-content\/uploads\/kwas-bursztynowy.webp\" \/>\n\t<meta property=\"og:image:width\" content=\"1024\" \/>\n\t<meta property=\"og:image:height\" content=\"1024\" \/>\n\t<meta property=\"og:image:type\" content=\"image\/webp\" \/>\n<script type=\"application\/ld+json\" class=\"yoast-schema-graph\">{\"@context\":\"https:\\\/\\\/schema.org\",\"@graph\":[{\"@type\":\"WebPage\",\"@id\":\"https:\\\/\\\/naturalpoland.com\\\/de\\\/produkte\\\/produkte-fur-die-kosmetikindustrie\\\/sauren\\\/bernsteinsaeure\\\/\",\"url\":\"https:\\\/\\\/naturalpoland.com\\\/de\\\/produkte\\\/produkte-fur-die-kosmetikindustrie\\\/sauren\\\/bernsteinsaeure\\\/\",\"name\":\"Bernsteins\u00e4ure - Gro\u00dfhandelsvertrieb\",\"isPartOf\":{\"@id\":\"https:\\\/\\\/naturalpoland.com\\\/de\\\/#website\"},\"primaryImageOfPage\":{\"@id\":\"https:\\\/\\\/naturalpoland.com\\\/de\\\/produkte\\\/produkte-fur-die-kosmetikindustrie\\\/sauren\\\/bernsteinsaeure\\\/#primaryimage\"},\"image\":{\"@id\":\"https:\\\/\\\/naturalpoland.com\\\/de\\\/produkte\\\/produkte-fur-die-kosmetikindustrie\\\/sauren\\\/bernsteinsaeure\\\/#primaryimage\"},\"thumbnailUrl\":\"https:\\\/\\\/naturalpoland.com\\\/wp-content\\\/uploads\\\/kwas-bursztynowy.webp\",\"datePublished\":\"2025-04-16T13:21:16+00:00\",\"description\":\"Bernsteins\u00e4ure ist ein hochreines wei\u00dfes Pulver, das in Nahrungserg\u00e4nzungsmitteln, Arzneimitteln und in der Kosmetikindustrie weit verbreitet ist.\",\"breadcrumb\":{\"@id\":\"https:\\\/\\\/naturalpoland.com\\\/de\\\/produkte\\\/produkte-fur-die-kosmetikindustrie\\\/sauren\\\/bernsteinsaeure\\\/#breadcrumb\"},\"inLanguage\":\"de\",\"potentialAction\":[{\"@type\":\"ReadAction\",\"target\":[\"https:\\\/\\\/naturalpoland.com\\\/de\\\/produkte\\\/produkte-fur-die-kosmetikindustrie\\\/sauren\\\/bernsteinsaeure\\\/\"]}]},{\"@type\":\"ImageObject\",\"inLanguage\":\"de\",\"@id\":\"https:\\\/\\\/naturalpoland.com\\\/de\\\/produkte\\\/produkte-fur-die-kosmetikindustrie\\\/sauren\\\/bernsteinsaeure\\\/#primaryimage\",\"url\":\"https:\\\/\\\/naturalpoland.com\\\/wp-content\\\/uploads\\\/kwas-bursztynowy.webp\",\"contentUrl\":\"https:\\\/\\\/naturalpoland.com\\\/wp-content\\\/uploads\\\/kwas-bursztynowy.webp\",\"width\":1024,\"height\":1024,\"caption\":\"kwas bursztynowy\"},{\"@type\":\"BreadcrumbList\",\"@id\":\"https:\\\/\\\/naturalpoland.com\\\/de\\\/produkte\\\/produkte-fur-die-kosmetikindustrie\\\/sauren\\\/bernsteinsaeure\\\/#breadcrumb\",\"itemListElement\":[{\"@type\":\"ListItem\",\"position\":1,\"name\":\"Startseite\",\"item\":\"https:\\\/\\\/naturalpoland.com\\\/de\\\/\"},{\"@type\":\"ListItem\",\"position\":2,\"name\":\"Produkte\",\"item\":\"https:\\\/\\\/naturalpoland.com\\\/de\\\/produkte\\\/\"},{\"@type\":\"ListItem\",\"position\":3,\"name\":\"Bernsteins\u00e4ure\"}]},{\"@type\":\"WebSite\",\"@id\":\"https:\\\/\\\/naturalpoland.com\\\/de\\\/#website\",\"url\":\"https:\\\/\\\/naturalpoland.com\\\/de\\\/\",\"name\":\"NATURAL POLAND - IMPORT UND HANDEL VON ROHSTOFFEN\",\"description\":\"Rohstoffe f\u00fcr die Lebensmittelindustrie, Kosmetikindustrie, Pharmaindustrie\",\"publisher\":{\"@id\":\"https:\\\/\\\/naturalpoland.com\\\/de\\\/#organization\"},\"potentialAction\":[{\"@type\":\"SearchAction\",\"target\":{\"@type\":\"EntryPoint\",\"urlTemplate\":\"https:\\\/\\\/naturalpoland.com\\\/de\\\/?s={search_term_string}\"},\"query-input\":{\"@type\":\"PropertyValueSpecification\",\"valueRequired\":true,\"valueName\":\"search_term_string\"}}],\"inLanguage\":\"de\"},{\"@type\":\"Organization\",\"@id\":\"https:\\\/\\\/naturalpoland.com\\\/de\\\/#organization\",\"name\":\"Natural Poland\",\"url\":\"https:\\\/\\\/naturalpoland.com\\\/de\\\/\",\"logo\":{\"@type\":\"ImageObject\",\"inLanguage\":\"de\",\"@id\":\"https:\\\/\\\/naturalpoland.com\\\/de\\\/#\\\/schema\\\/logo\\\/image\\\/\",\"url\":\"https:\\\/\\\/naturalpoland.com\\\/wp-content\\\/uploads\\\/2021\\\/05\\\/natural-poland-icon.png\",\"contentUrl\":\"https:\\\/\\\/naturalpoland.com\\\/wp-content\\\/uploads\\\/2021\\\/05\\\/natural-poland-icon.png\",\"width\":512,\"height\":512,\"caption\":\"Natural Poland\"},\"image\":{\"@id\":\"https:\\\/\\\/naturalpoland.com\\\/de\\\/#\\\/schema\\\/logo\\\/image\\\/\"},\"sameAs\":[\"https:\\\/\\\/www.facebook.com\\\/naturalpoland.b2b\",\"https:\\\/\\\/pl.linkedin.com\\\/company\\\/natural-poland\",\"https:\\\/\\\/www.youtube.com\\\/channel\\\/UCgeGGkvOMahZo-xu_MSEWxg\"]}]}<\/script>\n<!-- \/ Yoast SEO plugin. -->","yoast_head_json":{"title":"Bernsteins\u00e4ure - Gro\u00dfhandelsvertrieb","description":"Bernsteins\u00e4ure ist ein hochreines wei\u00dfes Pulver, das in Nahrungserg\u00e4nzungsmitteln, Arzneimitteln und in der Kosmetikindustrie weit verbreitet ist.","robots":{"index":"index","follow":"follow","max-snippet":"max-snippet:-1","max-image-preview":"max-image-preview:large","max-video-preview":"max-video-preview:-1"},"canonical":"https:\/\/naturalpoland.com\/de\/produkte\/produkte-fur-die-kosmetikindustrie\/sauren\/bernsteinsaeure\/","og_locale":"de_DE","og_type":"article","og_title":"Bernsteins\u00e4ure - Gro\u00dfhandelsvertrieb","og_description":"Bernsteins\u00e4ure ist ein hochreines wei\u00dfes Pulver, das in Nahrungserg\u00e4nzungsmitteln, Arzneimitteln und in der Kosmetikindustrie weit verbreitet ist.","og_url":"https:\/\/naturalpoland.com\/de\/produkte\/produkte-fur-die-kosmetikindustrie\/sauren\/bernsteinsaeure\/","og_site_name":"NATURAL POLAND - IMPORT UND HANDEL VON ROHSTOFFEN","article_publisher":"https:\/\/www.facebook.com\/naturalpoland.b2b","og_image":[{"width":1024,"height":1024,"url":"https:\/\/naturalpoland.com\/wp-content\/uploads\/kwas-bursztynowy.webp","type":"image\/webp"}],"schema":{"@context":"https:\/\/schema.org","@graph":[{"@type":"WebPage","@id":"https:\/\/naturalpoland.com\/de\/produkte\/produkte-fur-die-kosmetikindustrie\/sauren\/bernsteinsaeure\/","url":"https:\/\/naturalpoland.com\/de\/produkte\/produkte-fur-die-kosmetikindustrie\/sauren\/bernsteinsaeure\/","name":"Bernsteins\u00e4ure - Gro\u00dfhandelsvertrieb","isPartOf":{"@id":"https:\/\/naturalpoland.com\/de\/#website"},"primaryImageOfPage":{"@id":"https:\/\/naturalpoland.com\/de\/produkte\/produkte-fur-die-kosmetikindustrie\/sauren\/bernsteinsaeure\/#primaryimage"},"image":{"@id":"https:\/\/naturalpoland.com\/de\/produkte\/produkte-fur-die-kosmetikindustrie\/sauren\/bernsteinsaeure\/#primaryimage"},"thumbnailUrl":"https:\/\/naturalpoland.com\/wp-content\/uploads\/kwas-bursztynowy.webp","datePublished":"2025-04-16T13:21:16+00:00","description":"Bernsteins\u00e4ure ist ein hochreines wei\u00dfes Pulver, das in Nahrungserg\u00e4nzungsmitteln, Arzneimitteln und in der Kosmetikindustrie weit verbreitet ist.","breadcrumb":{"@id":"https:\/\/naturalpoland.com\/de\/produkte\/produkte-fur-die-kosmetikindustrie\/sauren\/bernsteinsaeure\/#breadcrumb"},"inLanguage":"de","potentialAction":[{"@type":"ReadAction","target":["https:\/\/naturalpoland.com\/de\/produkte\/produkte-fur-die-kosmetikindustrie\/sauren\/bernsteinsaeure\/"]}]},{"@type":"ImageObject","inLanguage":"de","@id":"https:\/\/naturalpoland.com\/de\/produkte\/produkte-fur-die-kosmetikindustrie\/sauren\/bernsteinsaeure\/#primaryimage","url":"https:\/\/naturalpoland.com\/wp-content\/uploads\/kwas-bursztynowy.webp","contentUrl":"https:\/\/naturalpoland.com\/wp-content\/uploads\/kwas-bursztynowy.webp","width":1024,"height":1024,"caption":"kwas bursztynowy"},{"@type":"BreadcrumbList","@id":"https:\/\/naturalpoland.com\/de\/produkte\/produkte-fur-die-kosmetikindustrie\/sauren\/bernsteinsaeure\/#breadcrumb","itemListElement":[{"@type":"ListItem","position":1,"name":"Startseite","item":"https:\/\/naturalpoland.com\/de\/"},{"@type":"ListItem","position":2,"name":"Produkte","item":"https:\/\/naturalpoland.com\/de\/produkte\/"},{"@type":"ListItem","position":3,"name":"Bernsteins\u00e4ure"}]},{"@type":"WebSite","@id":"https:\/\/naturalpoland.com\/de\/#website","url":"https:\/\/naturalpoland.com\/de\/","name":"NATURAL POLAND - IMPORT UND HANDEL VON ROHSTOFFEN","description":"Rohstoffe f\u00fcr die Lebensmittelindustrie, Kosmetikindustrie, Pharmaindustrie","publisher":{"@id":"https:\/\/naturalpoland.com\/de\/#organization"},"potentialAction":[{"@type":"SearchAction","target":{"@type":"EntryPoint","urlTemplate":"https:\/\/naturalpoland.com\/de\/?s={search_term_string}"},"query-input":{"@type":"PropertyValueSpecification","valueRequired":true,"valueName":"search_term_string"}}],"inLanguage":"de"},{"@type":"Organization","@id":"https:\/\/naturalpoland.com\/de\/#organization","name":"Natural Poland","url":"https:\/\/naturalpoland.com\/de\/","logo":{"@type":"ImageObject","inLanguage":"de","@id":"https:\/\/naturalpoland.com\/de\/#\/schema\/logo\/image\/","url":"https:\/\/naturalpoland.com\/wp-content\/uploads\/2021\/05\/natural-poland-icon.png","contentUrl":"https:\/\/naturalpoland.com\/wp-content\/uploads\/2021\/05\/natural-poland-icon.png","width":512,"height":512,"caption":"Natural Poland"},"image":{"@id":"https:\/\/naturalpoland.com\/de\/#\/schema\/logo\/image\/"},"sameAs":["https:\/\/www.facebook.com\/naturalpoland.b2b","https:\/\/pl.linkedin.com\/company\/natural-poland","https:\/\/www.youtube.com\/channel\/UCgeGGkvOMahZo-xu_MSEWxg"]}]}},"_links":{"self":[{"href":"https:\/\/naturalpoland.com\/de\/wp-json\/wp\/v2\/product\/40751","targetHints":{"allow":["GET"]}}],"collection":[{"href":"https:\/\/naturalpoland.com\/de\/wp-json\/wp\/v2\/product"}],"about":[{"href":"https:\/\/naturalpoland.com\/de\/wp-json\/wp\/v2\/types\/product"}],"wp:featuredmedia":[{"embeddable":true,"href":"https:\/\/naturalpoland.com\/de\/wp-json\/wp\/v2\/media\/40711"}],"wp:attachment":[{"href":"https:\/\/naturalpoland.com\/de\/wp-json\/wp\/v2\/media?parent=40751"}],"wp:term":[{"taxonomy":"product_brand","embeddable":true,"href":"https:\/\/naturalpoland.com\/de\/wp-json\/wp\/v2\/product_brand?post=40751"},{"taxonomy":"product_cat","embeddable":true,"href":"https:\/\/naturalpoland.com\/de\/wp-json\/wp\/v2\/product_cat?post=40751"},{"taxonomy":"product_tag","embeddable":true,"href":"https:\/\/naturalpoland.com\/de\/wp-json\/wp\/v2\/product_tag?post=40751"}],"curies":[{"name":"wp","href":"https:\/\/api.w.org\/{rel}","templated":true}]}}