{"id":40781,"date":"2025-04-15T09:51:27","date_gmt":"2025-04-16T13:23:24","guid":{"rendered":"https:\/\/naturalpoland.com\/produkty\/unkategorisiert\/aloe-vera-gel-pulver\/"},"modified":"2025-04-16T15:23:24","modified_gmt":"2025-04-16T13:23:24","slug":"aloe-vera-gel-pulver","status":"publish","type":"product","link":"https:\/\/naturalpoland.com\/de\/produkte\/produkte-fur-die-pharmaindustrie\/nahrungserganzungmittel\/aloe-vera-gel-pulver\/","title":{"rendered":"Aloe vera Gel Pulver"},"content":{"rendered":"<p>Durch die <strong>Gefriertrocknung<\/strong> &#8211; eine Methode der Trocknung durch Gefrieren &#8211; wird ein feines, wei\u00dfes oder leicht cremiges Pulver mit charakteristischem Geruch und Geschmack gewonnen, das ein Maximum der aktiven Pflanzenbestandteile enth\u00e4lt. Der von uns angebotene Extrakt weist einen hohen Konzentrationsfaktor und eine Standardisierung f\u00fcr <strong>Polysaccharide<\/strong> und <strong>O-Acetylgruppen auf.<\/strong> <\/p>\n<h3>Eigenschaften<\/h3>\n<p>Die Eigenschaften des Aloe-Vera-Gelpulvers sind auf seinen hohen Gehalt an bioaktiven Polysacchariden und O-Acetylgruppen zur\u00fcckzuf\u00fchren. Diese machen den Rohstoff entz\u00fcndungshemmend, immunmodulierend und entgiftend. Es hilft, Magen-Darm-Reizungen zu lindern, unterst\u00fctzt die Darmfunktion und tr\u00e4gt zur Erhaltung des Gleichgewichts der Darmmikroflora bei.  <\/p>\n<h3>Anwendung<\/h3>\n<p>Der Rohstoff wird f\u00fcr die Herstellung von Nahrungserg\u00e4nzungsmitteln in Form von Kapseln, Tabletten, Pulvern zur Herstellung von Getr\u00e4nken und funktionellen Shots verwendet. Die Produkte sind f\u00fcr Menschen mit geschw\u00e4chtem Immunsystem, Verdauungsproblemen, entz\u00fcndlichen Erkrankungen sowie f\u00fcr Menschen mit einem empfindlichen Verdauungstrakt oder einem anstrengenden Lebensstil bestimmt. <\/p>\n","protected":false},"excerpt":{"rendered":"<p>Aloe Vera Gel <strong data-start=\"0\" data-end=\"82\">Gefriergetrocknetes <\/strong> Pulver ist ein hochkonzentriertes Pflanzenmaterial, das aus dem inneren Teil der Bl\u00e4tter von <em>Aloe barbadensis Miller<\/em> gewonnen wird.<\/p>\n","protected":false},"featured_media":40646,"template":"","meta":{"_acf_changed":false},"product_brand":[],"product_cat":[373],"product_tag":[],"class_list":{"0":"post-40781","1":"product","2":"type-product","3":"status-publish","4":"has-post-thumbnail","6":"product_cat-nahrungserganzungmittel","7":"pa_czesc-rosliny-innerer-teil-der-blatter","9":"first","10":"instock","11":"shipping-taxable","12":"product-type-simple"},"acf":[],"yoast_head":"<!-- This site is optimized with the Yoast SEO plugin v27.4 - https:\/\/yoast.com\/product\/yoast-seo-wordpress\/ -->\n<title>Aloe vera Gel Pulver - Gro\u00dfhandelsvertrieb<\/title>\n<meta name=\"description\" content=\"Aloe-Vera-Gel-Pulver ist eine gesch\u00e4tzte Zutat in Nahrungserg\u00e4nzungsmitteln und funktionellen Produkten zur Unterst\u00fctzung der Verdauung und des Immunsystems.\" \/>\n<meta name=\"robots\" content=\"index, follow, max-snippet:-1, max-image-preview:large, max-video-preview:-1\" \/>\n<link rel=\"canonical\" href=\"https:\/\/naturalpoland.com\/de\/produkte\/produkte-fur-die-pharmaindustrie\/nahrungserganzungmittel\/aloe-vera-gel-pulver\/\" \/>\n<meta property=\"og:locale\" content=\"de_DE\" \/>\n<meta property=\"og:type\" content=\"article\" \/>\n<meta property=\"og:title\" content=\"Aloe vera Gel Pulver - Gro\u00dfhandelsvertrieb\" \/>\n<meta property=\"og:description\" content=\"Aloe-Vera-Gel-Pulver ist eine gesch\u00e4tzte Zutat in Nahrungserg\u00e4nzungsmitteln und funktionellen Produkten zur Unterst\u00fctzung der Verdauung und des Immunsystems.\" \/>\n<meta property=\"og:url\" content=\"https:\/\/naturalpoland.com\/de\/produkte\/produkte-fur-die-pharmaindustrie\/nahrungserganzungmittel\/aloe-vera-gel-pulver\/\" \/>\n<meta property=\"og:site_name\" content=\"NATURAL POLAND - IMPORT UND HANDEL VON ROHSTOFFEN\" \/>\n<meta property=\"article:publisher\" content=\"https:\/\/www.facebook.com\/naturalpoland.b2b\" \/>\n<meta property=\"og:image\" content=\"https:\/\/naturalpoland.com\/wp-content\/uploads\/aloesowy-zel-w-proszku.webp\" \/>\n\t<meta property=\"og:image:width\" content=\"1024\" \/>\n\t<meta property=\"og:image:height\" content=\"1024\" \/>\n\t<meta property=\"og:image:type\" content=\"image\/webp\" \/>\n<script type=\"application\/ld+json\" class=\"yoast-schema-graph\">{\"@context\":\"https:\\\/\\\/schema.org\",\"@graph\":[{\"@type\":\"WebPage\",\"@id\":\"https:\\\/\\\/naturalpoland.com\\\/de\\\/produkte\\\/produkte-fur-die-pharmaindustrie\\\/nahrungserganzungmittel\\\/aloe-vera-gel-pulver\\\/\",\"url\":\"https:\\\/\\\/naturalpoland.com\\\/de\\\/produkte\\\/produkte-fur-die-pharmaindustrie\\\/nahrungserganzungmittel\\\/aloe-vera-gel-pulver\\\/\",\"name\":\"Aloe vera Gel Pulver - Gro\u00dfhandelsvertrieb\",\"isPartOf\":{\"@id\":\"https:\\\/\\\/naturalpoland.com\\\/de\\\/#website\"},\"primaryImageOfPage\":{\"@id\":\"https:\\\/\\\/naturalpoland.com\\\/de\\\/produkte\\\/produkte-fur-die-pharmaindustrie\\\/nahrungserganzungmittel\\\/aloe-vera-gel-pulver\\\/#primaryimage\"},\"image\":{\"@id\":\"https:\\\/\\\/naturalpoland.com\\\/de\\\/produkte\\\/produkte-fur-die-pharmaindustrie\\\/nahrungserganzungmittel\\\/aloe-vera-gel-pulver\\\/#primaryimage\"},\"thumbnailUrl\":\"https:\\\/\\\/naturalpoland.com\\\/wp-content\\\/uploads\\\/aloesowy-zel-w-proszku.webp\",\"datePublished\":\"2025-04-16T13:23:24+00:00\",\"description\":\"Aloe-Vera-Gel-Pulver ist eine gesch\u00e4tzte Zutat in Nahrungserg\u00e4nzungsmitteln und funktionellen Produkten zur Unterst\u00fctzung der Verdauung und des Immunsystems.\",\"breadcrumb\":{\"@id\":\"https:\\\/\\\/naturalpoland.com\\\/de\\\/produkte\\\/produkte-fur-die-pharmaindustrie\\\/nahrungserganzungmittel\\\/aloe-vera-gel-pulver\\\/#breadcrumb\"},\"inLanguage\":\"de\",\"potentialAction\":[{\"@type\":\"ReadAction\",\"target\":[\"https:\\\/\\\/naturalpoland.com\\\/de\\\/produkte\\\/produkte-fur-die-pharmaindustrie\\\/nahrungserganzungmittel\\\/aloe-vera-gel-pulver\\\/\"]}]},{\"@type\":\"ImageObject\",\"inLanguage\":\"de\",\"@id\":\"https:\\\/\\\/naturalpoland.com\\\/de\\\/produkte\\\/produkte-fur-die-pharmaindustrie\\\/nahrungserganzungmittel\\\/aloe-vera-gel-pulver\\\/#primaryimage\",\"url\":\"https:\\\/\\\/naturalpoland.com\\\/wp-content\\\/uploads\\\/aloesowy-zel-w-proszku.webp\",\"contentUrl\":\"https:\\\/\\\/naturalpoland.com\\\/wp-content\\\/uploads\\\/aloesowy-zel-w-proszku.webp\",\"width\":1024,\"height\":1024,\"caption\":\"\u017bel aloesowy w proszku\"},{\"@type\":\"BreadcrumbList\",\"@id\":\"https:\\\/\\\/naturalpoland.com\\\/de\\\/produkte\\\/produkte-fur-die-pharmaindustrie\\\/nahrungserganzungmittel\\\/aloe-vera-gel-pulver\\\/#breadcrumb\",\"itemListElement\":[{\"@type\":\"ListItem\",\"position\":1,\"name\":\"Startseite\",\"item\":\"https:\\\/\\\/naturalpoland.com\\\/de\\\/\"},{\"@type\":\"ListItem\",\"position\":2,\"name\":\"Produkte\",\"item\":\"https:\\\/\\\/naturalpoland.com\\\/de\\\/produkte\\\/\"},{\"@type\":\"ListItem\",\"position\":3,\"name\":\"Aloe vera Gel Pulver\"}]},{\"@type\":\"WebSite\",\"@id\":\"https:\\\/\\\/naturalpoland.com\\\/de\\\/#website\",\"url\":\"https:\\\/\\\/naturalpoland.com\\\/de\\\/\",\"name\":\"NATURAL POLAND - IMPORT UND HANDEL VON ROHSTOFFEN\",\"description\":\"Rohstoffe f\u00fcr die Lebensmittelindustrie, Kosmetikindustrie, Pharmaindustrie\",\"publisher\":{\"@id\":\"https:\\\/\\\/naturalpoland.com\\\/de\\\/#organization\"},\"potentialAction\":[{\"@type\":\"SearchAction\",\"target\":{\"@type\":\"EntryPoint\",\"urlTemplate\":\"https:\\\/\\\/naturalpoland.com\\\/de\\\/?s={search_term_string}\"},\"query-input\":{\"@type\":\"PropertyValueSpecification\",\"valueRequired\":true,\"valueName\":\"search_term_string\"}}],\"inLanguage\":\"de\"},{\"@type\":\"Organization\",\"@id\":\"https:\\\/\\\/naturalpoland.com\\\/de\\\/#organization\",\"name\":\"Natural Poland\",\"url\":\"https:\\\/\\\/naturalpoland.com\\\/de\\\/\",\"logo\":{\"@type\":\"ImageObject\",\"inLanguage\":\"de\",\"@id\":\"https:\\\/\\\/naturalpoland.com\\\/de\\\/#\\\/schema\\\/logo\\\/image\\\/\",\"url\":\"https:\\\/\\\/naturalpoland.com\\\/wp-content\\\/uploads\\\/2021\\\/05\\\/natural-poland-icon.png\",\"contentUrl\":\"https:\\\/\\\/naturalpoland.com\\\/wp-content\\\/uploads\\\/2021\\\/05\\\/natural-poland-icon.png\",\"width\":512,\"height\":512,\"caption\":\"Natural Poland\"},\"image\":{\"@id\":\"https:\\\/\\\/naturalpoland.com\\\/de\\\/#\\\/schema\\\/logo\\\/image\\\/\"},\"sameAs\":[\"https:\\\/\\\/www.facebook.com\\\/naturalpoland.b2b\",\"https:\\\/\\\/pl.linkedin.com\\\/company\\\/natural-poland\",\"https:\\\/\\\/www.youtube.com\\\/channel\\\/UCgeGGkvOMahZo-xu_MSEWxg\"]}]}<\/script>\n<!-- \/ Yoast SEO plugin. -->","yoast_head_json":{"title":"Aloe vera Gel Pulver - Gro\u00dfhandelsvertrieb","description":"Aloe-Vera-Gel-Pulver ist eine gesch\u00e4tzte Zutat in Nahrungserg\u00e4nzungsmitteln und funktionellen Produkten zur Unterst\u00fctzung der Verdauung und des Immunsystems.","robots":{"index":"index","follow":"follow","max-snippet":"max-snippet:-1","max-image-preview":"max-image-preview:large","max-video-preview":"max-video-preview:-1"},"canonical":"https:\/\/naturalpoland.com\/de\/produkte\/produkte-fur-die-pharmaindustrie\/nahrungserganzungmittel\/aloe-vera-gel-pulver\/","og_locale":"de_DE","og_type":"article","og_title":"Aloe vera Gel Pulver - Gro\u00dfhandelsvertrieb","og_description":"Aloe-Vera-Gel-Pulver ist eine gesch\u00e4tzte Zutat in Nahrungserg\u00e4nzungsmitteln und funktionellen Produkten zur Unterst\u00fctzung der Verdauung und des Immunsystems.","og_url":"https:\/\/naturalpoland.com\/de\/produkte\/produkte-fur-die-pharmaindustrie\/nahrungserganzungmittel\/aloe-vera-gel-pulver\/","og_site_name":"NATURAL POLAND - IMPORT UND HANDEL VON ROHSTOFFEN","article_publisher":"https:\/\/www.facebook.com\/naturalpoland.b2b","og_image":[{"width":1024,"height":1024,"url":"https:\/\/naturalpoland.com\/wp-content\/uploads\/aloesowy-zel-w-proszku.webp","type":"image\/webp"}],"schema":{"@context":"https:\/\/schema.org","@graph":[{"@type":"WebPage","@id":"https:\/\/naturalpoland.com\/de\/produkte\/produkte-fur-die-pharmaindustrie\/nahrungserganzungmittel\/aloe-vera-gel-pulver\/","url":"https:\/\/naturalpoland.com\/de\/produkte\/produkte-fur-die-pharmaindustrie\/nahrungserganzungmittel\/aloe-vera-gel-pulver\/","name":"Aloe vera Gel Pulver - Gro\u00dfhandelsvertrieb","isPartOf":{"@id":"https:\/\/naturalpoland.com\/de\/#website"},"primaryImageOfPage":{"@id":"https:\/\/naturalpoland.com\/de\/produkte\/produkte-fur-die-pharmaindustrie\/nahrungserganzungmittel\/aloe-vera-gel-pulver\/#primaryimage"},"image":{"@id":"https:\/\/naturalpoland.com\/de\/produkte\/produkte-fur-die-pharmaindustrie\/nahrungserganzungmittel\/aloe-vera-gel-pulver\/#primaryimage"},"thumbnailUrl":"https:\/\/naturalpoland.com\/wp-content\/uploads\/aloesowy-zel-w-proszku.webp","datePublished":"2025-04-16T13:23:24+00:00","description":"Aloe-Vera-Gel-Pulver ist eine gesch\u00e4tzte Zutat in Nahrungserg\u00e4nzungsmitteln und funktionellen Produkten zur Unterst\u00fctzung der Verdauung und des Immunsystems.","breadcrumb":{"@id":"https:\/\/naturalpoland.com\/de\/produkte\/produkte-fur-die-pharmaindustrie\/nahrungserganzungmittel\/aloe-vera-gel-pulver\/#breadcrumb"},"inLanguage":"de","potentialAction":[{"@type":"ReadAction","target":["https:\/\/naturalpoland.com\/de\/produkte\/produkte-fur-die-pharmaindustrie\/nahrungserganzungmittel\/aloe-vera-gel-pulver\/"]}]},{"@type":"ImageObject","inLanguage":"de","@id":"https:\/\/naturalpoland.com\/de\/produkte\/produkte-fur-die-pharmaindustrie\/nahrungserganzungmittel\/aloe-vera-gel-pulver\/#primaryimage","url":"https:\/\/naturalpoland.com\/wp-content\/uploads\/aloesowy-zel-w-proszku.webp","contentUrl":"https:\/\/naturalpoland.com\/wp-content\/uploads\/aloesowy-zel-w-proszku.webp","width":1024,"height":1024,"caption":"\u017bel aloesowy w proszku"},{"@type":"BreadcrumbList","@id":"https:\/\/naturalpoland.com\/de\/produkte\/produkte-fur-die-pharmaindustrie\/nahrungserganzungmittel\/aloe-vera-gel-pulver\/#breadcrumb","itemListElement":[{"@type":"ListItem","position":1,"name":"Startseite","item":"https:\/\/naturalpoland.com\/de\/"},{"@type":"ListItem","position":2,"name":"Produkte","item":"https:\/\/naturalpoland.com\/de\/produkte\/"},{"@type":"ListItem","position":3,"name":"Aloe vera Gel Pulver"}]},{"@type":"WebSite","@id":"https:\/\/naturalpoland.com\/de\/#website","url":"https:\/\/naturalpoland.com\/de\/","name":"NATURAL POLAND - IMPORT UND HANDEL VON ROHSTOFFEN","description":"Rohstoffe f\u00fcr die Lebensmittelindustrie, Kosmetikindustrie, Pharmaindustrie","publisher":{"@id":"https:\/\/naturalpoland.com\/de\/#organization"},"potentialAction":[{"@type":"SearchAction","target":{"@type":"EntryPoint","urlTemplate":"https:\/\/naturalpoland.com\/de\/?s={search_term_string}"},"query-input":{"@type":"PropertyValueSpecification","valueRequired":true,"valueName":"search_term_string"}}],"inLanguage":"de"},{"@type":"Organization","@id":"https:\/\/naturalpoland.com\/de\/#organization","name":"Natural Poland","url":"https:\/\/naturalpoland.com\/de\/","logo":{"@type":"ImageObject","inLanguage":"de","@id":"https:\/\/naturalpoland.com\/de\/#\/schema\/logo\/image\/","url":"https:\/\/naturalpoland.com\/wp-content\/uploads\/2021\/05\/natural-poland-icon.png","contentUrl":"https:\/\/naturalpoland.com\/wp-content\/uploads\/2021\/05\/natural-poland-icon.png","width":512,"height":512,"caption":"Natural Poland"},"image":{"@id":"https:\/\/naturalpoland.com\/de\/#\/schema\/logo\/image\/"},"sameAs":["https:\/\/www.facebook.com\/naturalpoland.b2b","https:\/\/pl.linkedin.com\/company\/natural-poland","https:\/\/www.youtube.com\/channel\/UCgeGGkvOMahZo-xu_MSEWxg"]}]}},"_links":{"self":[{"href":"https:\/\/naturalpoland.com\/de\/wp-json\/wp\/v2\/product\/40781","targetHints":{"allow":["GET"]}}],"collection":[{"href":"https:\/\/naturalpoland.com\/de\/wp-json\/wp\/v2\/product"}],"about":[{"href":"https:\/\/naturalpoland.com\/de\/wp-json\/wp\/v2\/types\/product"}],"wp:featuredmedia":[{"embeddable":true,"href":"https:\/\/naturalpoland.com\/de\/wp-json\/wp\/v2\/media\/40646"}],"wp:attachment":[{"href":"https:\/\/naturalpoland.com\/de\/wp-json\/wp\/v2\/media?parent=40781"}],"wp:term":[{"taxonomy":"product_brand","embeddable":true,"href":"https:\/\/naturalpoland.com\/de\/wp-json\/wp\/v2\/product_brand?post=40781"},{"taxonomy":"product_cat","embeddable":true,"href":"https:\/\/naturalpoland.com\/de\/wp-json\/wp\/v2\/product_cat?post=40781"},{"taxonomy":"product_tag","embeddable":true,"href":"https:\/\/naturalpoland.com\/de\/wp-json\/wp\/v2\/product_tag?post=40781"}],"curies":[{"name":"wp","href":"https:\/\/api.w.org\/{rel}","templated":true}]}}