{"id":40868,"date":"2025-04-22T15:57:22","date_gmt":"2025-04-24T08:29:47","guid":{"rendered":"https:\/\/naturalpoland.com\/produkty\/unkategorisiert\/apfel-aroma\/"},"modified":"2025-04-24T10:29:47","modified_gmt":"2025-04-24T08:29:47","slug":"apfel-aroma","status":"publish","type":"product","link":"https:\/\/naturalpoland.com\/de\/produkte\/produkte-der-lebensmittelindustrie\/aromen\/fruchtige-aromen\/apfel-aroma\/","title":{"rendered":"Apfel-Aroma"},"content":{"rendered":"<p>Es werden sowohl fl\u00fcssige als auch pulverf\u00f6rmige Varianten angeboten, die sich im sensorischen Profil und im Tr\u00e4gerstoff unterscheiden:<\/p>\n<h2>Fl\u00fcssige Apfel-Aromen:<\/h2>\n<p class=\"\" data-start=\"497\" data-end=\"1000\">Unter den <strong data-start=\"503\" data-end=\"557\">fl\u00fcssigen Apfelaromen auf einem Glykol-Tr\u00e4ger<\/strong> stechen mehrere einzigartige Profile hervor. Der klassische <strong data-start=\"607\" data-end=\"626\">s\u00fc\u00dfe Apfel<\/strong> f\u00e4ngt den nat\u00fcrlichen, saftigen Geschmack eines reifen Apfels ein und ist ideal f\u00fcr die Verwendung in F\u00fcllungen, Kuchen, Keksen, Gelees oder Fruchtriegeln. Die <strong data-start=\"783\" data-end=\"803\">gr\u00fcne Apfelversion<\/strong> bietet ein ausgepr\u00e4gtes, s\u00e4uerlich-s\u00fc\u00dfes, frisches Profil mit einem Hauch von Schale und einem ausgepr\u00e4gten &#8218;knackigen&#8216; Akzent &#8211; eine ausgezeichnete Wahl f\u00fcr Getr\u00e4nke, Kaugummis, Bonbons und erfrischende Desserts.  <\/p>\n<p class=\"\" data-start=\"1002\" data-end=\"1316\">F\u00fcr Dessert- und Backwarenhersteller empfiehlt sich <strong data-start=\"1064\" data-end=\"1091\">das Bratapfelaroma<\/strong>, das den Charakter eines gew\u00fcrzten Bratapfels perfekt einf\u00e4ngt &#8211; mit einem subtilen Hauch von Karamellisierung und einer warmen Note, die an klassischen Apfelkuchen erinnert. Es eignet sich hervorragend f\u00fcr Kuchen, M\u00fcrbegeb\u00e4ck und Desserts mit Milchprodukten. <\/p>\n<p class=\"\" data-start=\"1318\" data-end=\"1592\">Es ist auch <strong data-start=\"1345\" data-end=\"1370\">eine Apfelversion mit einem Hauch von Birne<\/strong> erh\u00e4ltlich, die die Saftigkeit des Apfels mit einem leicht honigartigen, cremigen Birnenhintergrund kombiniert. Diese Variante passt gut zu S\u00fc\u00dfwaren, Joghurts und Milchshakes und verleiht ihnen einen weicheren, dessert\u00e4hnlichen Charakter. <\/p>\n<h2 data-start=\"1318\" data-end=\"1592\">Pulverisierte Apfel-Aromen:<\/h2>\n<p class=\"\" data-start=\"1594\" data-end=\"1994\">Unter den <strong data-start=\"1600\" data-end=\"1635\">pulverisierten Apfelaromen<\/strong> finden Sie das klassische <strong data-start=\"1667\" data-end=\"1687\">s\u00fc\u00dfe Apfelprofil<\/strong> f\u00fcr Instantprodukte, F\u00fcllungen, Breie, M\u00fcsli und Nahrungserg\u00e4nzungsmittel. Die <strong data-start=\"1775\" data-end=\"1797\">Apfel-Zimt-Variante<\/strong> gibt den Geschmack von hausgemachtem Kompott oder Backapfel perfekt wieder &#8211; mit ausgewogenen, nat\u00fcrlichen Noten von Zimt und Apfel. Diese Variante passt gut zu saisonalen Speisen und Getr\u00e4nken.  <\/p>\n<p class=\"\" data-start=\"1996\" data-end=\"2275\">Es ist auch <strong data-start=\"2016\" data-end=\"2053\">ein gr\u00fcnes Apfelaroma-Pulver<\/strong> erh\u00e4ltlich, mit einem deutlich s\u00e4uerlichen, frischen Profil, das in Lutschtabletten, funktionellen Getr\u00e4nken oder Brausegetr\u00e4nken verwendet werden kann. Die charakteristische &#8218;gr\u00fcne Apfelnote&#8216; verleiht den Produkten einen energiegeladenen und jugendlichen Charakter. <\/p>\n","protected":false},"excerpt":{"rendered":"<p><strong>Apfelaroma<\/strong> ist eines der vielf\u00e4ltigsten auf dem Markt erh\u00e4ltlichen Fruchtaromen, wodurch es sich leicht an den Charakter des Produkts anpassen l\u00e4sst.<\/p>\n","protected":false},"featured_media":40834,"template":"","meta":{"_acf_changed":false},"product_brand":[],"product_cat":[7614],"product_tag":[],"class_list":{"0":"post-40868","1":"product","2":"type-product","3":"status-publish","4":"has-post-thumbnail","6":"product_cat-fruchtige-aromen","8":"first","9":"instock","10":"shipping-taxable","11":"product-type-simple"},"acf":[],"yoast_head":"<!-- This site is optimized with the Yoast SEO plugin v27.5 - https:\/\/yoast.com\/product\/yoast-seo-wordpress\/ -->\n<title>Apfel-Aroma - Gro\u00dfhandelsvertrieb<\/title>\n<meta name=\"description\" content=\"Apfelaroma ist eines der vielf\u00e4ltigsten Fruchtaromen, die auf dem Markt erh\u00e4ltlich sind, so dass es sich leicht an die Art des Produkts anpassen l\u00e4sst.\" \/>\n<meta name=\"robots\" content=\"index, follow, max-snippet:-1, max-image-preview:large, max-video-preview:-1\" \/>\n<link rel=\"canonical\" href=\"https:\/\/naturalpoland.com\/de\/produkte\/produkte-der-lebensmittelindustrie\/aromen\/fruchtige-aromen\/apfel-aroma\/\" \/>\n<meta property=\"og:locale\" content=\"de_DE\" \/>\n<meta property=\"og:type\" content=\"article\" \/>\n<meta property=\"og:title\" content=\"Apfel-Aroma - Gro\u00dfhandelsvertrieb\" \/>\n<meta property=\"og:description\" content=\"Apfelaroma ist eines der vielf\u00e4ltigsten Fruchtaromen, die auf dem Markt erh\u00e4ltlich sind, so dass es sich leicht an die Art des Produkts anpassen l\u00e4sst.\" \/>\n<meta property=\"og:url\" content=\"https:\/\/naturalpoland.com\/de\/produkte\/produkte-der-lebensmittelindustrie\/aromen\/fruchtige-aromen\/apfel-aroma\/\" \/>\n<meta property=\"og:site_name\" content=\"NATURAL POLAND - IMPORT UND HANDEL VON ROHSTOFFEN\" \/>\n<meta property=\"article:publisher\" content=\"https:\/\/www.facebook.com\/naturalpoland.b2b\" \/>\n<meta property=\"og:image\" content=\"https:\/\/naturalpoland.com\/wp-content\/uploads\/aromat-jablkowy.webp\" \/>\n\t<meta property=\"og:image:width\" content=\"1024\" \/>\n\t<meta property=\"og:image:height\" content=\"1024\" \/>\n\t<meta property=\"og:image:type\" content=\"image\/webp\" \/>\n<script type=\"application\/ld+json\" class=\"yoast-schema-graph\">{\"@context\":\"https:\\\/\\\/schema.org\",\"@graph\":[{\"@type\":\"WebPage\",\"@id\":\"https:\\\/\\\/naturalpoland.com\\\/de\\\/produkte\\\/produkte-der-lebensmittelindustrie\\\/aromen\\\/fruchtige-aromen\\\/apfel-aroma\\\/\",\"url\":\"https:\\\/\\\/naturalpoland.com\\\/de\\\/produkte\\\/produkte-der-lebensmittelindustrie\\\/aromen\\\/fruchtige-aromen\\\/apfel-aroma\\\/\",\"name\":\"Apfel-Aroma - Gro\u00dfhandelsvertrieb\",\"isPartOf\":{\"@id\":\"https:\\\/\\\/naturalpoland.com\\\/de\\\/#website\"},\"primaryImageOfPage\":{\"@id\":\"https:\\\/\\\/naturalpoland.com\\\/de\\\/produkte\\\/produkte-der-lebensmittelindustrie\\\/aromen\\\/fruchtige-aromen\\\/apfel-aroma\\\/#primaryimage\"},\"image\":{\"@id\":\"https:\\\/\\\/naturalpoland.com\\\/de\\\/produkte\\\/produkte-der-lebensmittelindustrie\\\/aromen\\\/fruchtige-aromen\\\/apfel-aroma\\\/#primaryimage\"},\"thumbnailUrl\":\"https:\\\/\\\/naturalpoland.com\\\/wp-content\\\/uploads\\\/aromat-jablkowy.webp\",\"datePublished\":\"2025-04-24T08:29:47+00:00\",\"description\":\"Apfelaroma ist eines der vielf\u00e4ltigsten Fruchtaromen, die auf dem Markt erh\u00e4ltlich sind, so dass es sich leicht an die Art des Produkts anpassen l\u00e4sst.\",\"breadcrumb\":{\"@id\":\"https:\\\/\\\/naturalpoland.com\\\/de\\\/produkte\\\/produkte-der-lebensmittelindustrie\\\/aromen\\\/fruchtige-aromen\\\/apfel-aroma\\\/#breadcrumb\"},\"inLanguage\":\"de\",\"potentialAction\":[{\"@type\":\"ReadAction\",\"target\":[\"https:\\\/\\\/naturalpoland.com\\\/de\\\/produkte\\\/produkte-der-lebensmittelindustrie\\\/aromen\\\/fruchtige-aromen\\\/apfel-aroma\\\/\"]}]},{\"@type\":\"ImageObject\",\"inLanguage\":\"de\",\"@id\":\"https:\\\/\\\/naturalpoland.com\\\/de\\\/produkte\\\/produkte-der-lebensmittelindustrie\\\/aromen\\\/fruchtige-aromen\\\/apfel-aroma\\\/#primaryimage\",\"url\":\"https:\\\/\\\/naturalpoland.com\\\/wp-content\\\/uploads\\\/aromat-jablkowy.webp\",\"contentUrl\":\"https:\\\/\\\/naturalpoland.com\\\/wp-content\\\/uploads\\\/aromat-jablkowy.webp\",\"width\":1024,\"height\":1024,\"caption\":\"aromat jab\u0142kowy\"},{\"@type\":\"BreadcrumbList\",\"@id\":\"https:\\\/\\\/naturalpoland.com\\\/de\\\/produkte\\\/produkte-der-lebensmittelindustrie\\\/aromen\\\/fruchtige-aromen\\\/apfel-aroma\\\/#breadcrumb\",\"itemListElement\":[{\"@type\":\"ListItem\",\"position\":1,\"name\":\"Startseite\",\"item\":\"https:\\\/\\\/naturalpoland.com\\\/de\\\/\"},{\"@type\":\"ListItem\",\"position\":2,\"name\":\"Produkte\",\"item\":\"https:\\\/\\\/naturalpoland.com\\\/de\\\/produkte\\\/\"},{\"@type\":\"ListItem\",\"position\":3,\"name\":\"Apfel-Aroma\"}]},{\"@type\":\"WebSite\",\"@id\":\"https:\\\/\\\/naturalpoland.com\\\/de\\\/#website\",\"url\":\"https:\\\/\\\/naturalpoland.com\\\/de\\\/\",\"name\":\"NATURAL POLAND - IMPORT UND HANDEL VON ROHSTOFFEN\",\"description\":\"Rohstoffe f\u00fcr die Lebensmittelindustrie, Kosmetikindustrie, Pharmaindustrie\",\"publisher\":{\"@id\":\"https:\\\/\\\/naturalpoland.com\\\/de\\\/#organization\"},\"potentialAction\":[{\"@type\":\"SearchAction\",\"target\":{\"@type\":\"EntryPoint\",\"urlTemplate\":\"https:\\\/\\\/naturalpoland.com\\\/de\\\/?s={search_term_string}\"},\"query-input\":{\"@type\":\"PropertyValueSpecification\",\"valueRequired\":true,\"valueName\":\"search_term_string\"}}],\"inLanguage\":\"de\"},{\"@type\":\"Organization\",\"@id\":\"https:\\\/\\\/naturalpoland.com\\\/de\\\/#organization\",\"name\":\"Natural Poland\",\"url\":\"https:\\\/\\\/naturalpoland.com\\\/de\\\/\",\"logo\":{\"@type\":\"ImageObject\",\"inLanguage\":\"de\",\"@id\":\"https:\\\/\\\/naturalpoland.com\\\/de\\\/#\\\/schema\\\/logo\\\/image\\\/\",\"url\":\"https:\\\/\\\/naturalpoland.com\\\/wp-content\\\/uploads\\\/2021\\\/05\\\/natural-poland-icon.png\",\"contentUrl\":\"https:\\\/\\\/naturalpoland.com\\\/wp-content\\\/uploads\\\/2021\\\/05\\\/natural-poland-icon.png\",\"width\":512,\"height\":512,\"caption\":\"Natural Poland\"},\"image\":{\"@id\":\"https:\\\/\\\/naturalpoland.com\\\/de\\\/#\\\/schema\\\/logo\\\/image\\\/\"},\"sameAs\":[\"https:\\\/\\\/www.facebook.com\\\/naturalpoland.b2b\",\"https:\\\/\\\/pl.linkedin.com\\\/company\\\/natural-poland\",\"https:\\\/\\\/www.youtube.com\\\/channel\\\/UCgeGGkvOMahZo-xu_MSEWxg\"]}]}<\/script>\n<!-- \/ Yoast SEO plugin. -->","yoast_head_json":{"title":"Apfel-Aroma - Gro\u00dfhandelsvertrieb","description":"Apfelaroma ist eines der vielf\u00e4ltigsten Fruchtaromen, die auf dem Markt erh\u00e4ltlich sind, so dass es sich leicht an die Art des Produkts anpassen l\u00e4sst.","robots":{"index":"index","follow":"follow","max-snippet":"max-snippet:-1","max-image-preview":"max-image-preview:large","max-video-preview":"max-video-preview:-1"},"canonical":"https:\/\/naturalpoland.com\/de\/produkte\/produkte-der-lebensmittelindustrie\/aromen\/fruchtige-aromen\/apfel-aroma\/","og_locale":"de_DE","og_type":"article","og_title":"Apfel-Aroma - Gro\u00dfhandelsvertrieb","og_description":"Apfelaroma ist eines der vielf\u00e4ltigsten Fruchtaromen, die auf dem Markt erh\u00e4ltlich sind, so dass es sich leicht an die Art des Produkts anpassen l\u00e4sst.","og_url":"https:\/\/naturalpoland.com\/de\/produkte\/produkte-der-lebensmittelindustrie\/aromen\/fruchtige-aromen\/apfel-aroma\/","og_site_name":"NATURAL POLAND - IMPORT UND HANDEL VON ROHSTOFFEN","article_publisher":"https:\/\/www.facebook.com\/naturalpoland.b2b","og_image":[{"width":1024,"height":1024,"url":"https:\/\/naturalpoland.com\/wp-content\/uploads\/aromat-jablkowy.webp","type":"image\/webp"}],"schema":{"@context":"https:\/\/schema.org","@graph":[{"@type":"WebPage","@id":"https:\/\/naturalpoland.com\/de\/produkte\/produkte-der-lebensmittelindustrie\/aromen\/fruchtige-aromen\/apfel-aroma\/","url":"https:\/\/naturalpoland.com\/de\/produkte\/produkte-der-lebensmittelindustrie\/aromen\/fruchtige-aromen\/apfel-aroma\/","name":"Apfel-Aroma - Gro\u00dfhandelsvertrieb","isPartOf":{"@id":"https:\/\/naturalpoland.com\/de\/#website"},"primaryImageOfPage":{"@id":"https:\/\/naturalpoland.com\/de\/produkte\/produkte-der-lebensmittelindustrie\/aromen\/fruchtige-aromen\/apfel-aroma\/#primaryimage"},"image":{"@id":"https:\/\/naturalpoland.com\/de\/produkte\/produkte-der-lebensmittelindustrie\/aromen\/fruchtige-aromen\/apfel-aroma\/#primaryimage"},"thumbnailUrl":"https:\/\/naturalpoland.com\/wp-content\/uploads\/aromat-jablkowy.webp","datePublished":"2025-04-24T08:29:47+00:00","description":"Apfelaroma ist eines der vielf\u00e4ltigsten Fruchtaromen, die auf dem Markt erh\u00e4ltlich sind, so dass es sich leicht an die Art des Produkts anpassen l\u00e4sst.","breadcrumb":{"@id":"https:\/\/naturalpoland.com\/de\/produkte\/produkte-der-lebensmittelindustrie\/aromen\/fruchtige-aromen\/apfel-aroma\/#breadcrumb"},"inLanguage":"de","potentialAction":[{"@type":"ReadAction","target":["https:\/\/naturalpoland.com\/de\/produkte\/produkte-der-lebensmittelindustrie\/aromen\/fruchtige-aromen\/apfel-aroma\/"]}]},{"@type":"ImageObject","inLanguage":"de","@id":"https:\/\/naturalpoland.com\/de\/produkte\/produkte-der-lebensmittelindustrie\/aromen\/fruchtige-aromen\/apfel-aroma\/#primaryimage","url":"https:\/\/naturalpoland.com\/wp-content\/uploads\/aromat-jablkowy.webp","contentUrl":"https:\/\/naturalpoland.com\/wp-content\/uploads\/aromat-jablkowy.webp","width":1024,"height":1024,"caption":"aromat jab\u0142kowy"},{"@type":"BreadcrumbList","@id":"https:\/\/naturalpoland.com\/de\/produkte\/produkte-der-lebensmittelindustrie\/aromen\/fruchtige-aromen\/apfel-aroma\/#breadcrumb","itemListElement":[{"@type":"ListItem","position":1,"name":"Startseite","item":"https:\/\/naturalpoland.com\/de\/"},{"@type":"ListItem","position":2,"name":"Produkte","item":"https:\/\/naturalpoland.com\/de\/produkte\/"},{"@type":"ListItem","position":3,"name":"Apfel-Aroma"}]},{"@type":"WebSite","@id":"https:\/\/naturalpoland.com\/de\/#website","url":"https:\/\/naturalpoland.com\/de\/","name":"NATURAL POLAND - IMPORT UND HANDEL VON ROHSTOFFEN","description":"Rohstoffe f\u00fcr die Lebensmittelindustrie, Kosmetikindustrie, Pharmaindustrie","publisher":{"@id":"https:\/\/naturalpoland.com\/de\/#organization"},"potentialAction":[{"@type":"SearchAction","target":{"@type":"EntryPoint","urlTemplate":"https:\/\/naturalpoland.com\/de\/?s={search_term_string}"},"query-input":{"@type":"PropertyValueSpecification","valueRequired":true,"valueName":"search_term_string"}}],"inLanguage":"de"},{"@type":"Organization","@id":"https:\/\/naturalpoland.com\/de\/#organization","name":"Natural Poland","url":"https:\/\/naturalpoland.com\/de\/","logo":{"@type":"ImageObject","inLanguage":"de","@id":"https:\/\/naturalpoland.com\/de\/#\/schema\/logo\/image\/","url":"https:\/\/naturalpoland.com\/wp-content\/uploads\/2021\/05\/natural-poland-icon.png","contentUrl":"https:\/\/naturalpoland.com\/wp-content\/uploads\/2021\/05\/natural-poland-icon.png","width":512,"height":512,"caption":"Natural Poland"},"image":{"@id":"https:\/\/naturalpoland.com\/de\/#\/schema\/logo\/image\/"},"sameAs":["https:\/\/www.facebook.com\/naturalpoland.b2b","https:\/\/pl.linkedin.com\/company\/natural-poland","https:\/\/www.youtube.com\/channel\/UCgeGGkvOMahZo-xu_MSEWxg"]}]}},"_links":{"self":[{"href":"https:\/\/naturalpoland.com\/de\/wp-json\/wp\/v2\/product\/40868","targetHints":{"allow":["GET"]}}],"collection":[{"href":"https:\/\/naturalpoland.com\/de\/wp-json\/wp\/v2\/product"}],"about":[{"href":"https:\/\/naturalpoland.com\/de\/wp-json\/wp\/v2\/types\/product"}],"wp:featuredmedia":[{"embeddable":true,"href":"https:\/\/naturalpoland.com\/de\/wp-json\/wp\/v2\/media\/40834"}],"wp:attachment":[{"href":"https:\/\/naturalpoland.com\/de\/wp-json\/wp\/v2\/media?parent=40868"}],"wp:term":[{"taxonomy":"product_brand","embeddable":true,"href":"https:\/\/naturalpoland.com\/de\/wp-json\/wp\/v2\/product_brand?post=40868"},{"taxonomy":"product_cat","embeddable":true,"href":"https:\/\/naturalpoland.com\/de\/wp-json\/wp\/v2\/product_cat?post=40868"},{"taxonomy":"product_tag","embeddable":true,"href":"https:\/\/naturalpoland.com\/de\/wp-json\/wp\/v2\/product_tag?post=40868"}],"curies":[{"name":"wp","href":"https:\/\/api.w.org\/{rel}","templated":true}]}}