{"id":40875,"date":"2025-04-22T16:10:19","date_gmt":"2025-04-22T14:10:19","guid":{"rendered":"https:\/\/naturalpoland.com\/produkty\/unkategorisiert\/bier-aroma\/"},"modified":"2025-04-24T10:29:57","modified_gmt":"2025-04-24T08:29:57","slug":"bier-aroma","status":"publish","type":"product","link":"https:\/\/naturalpoland.com\/de\/produkte\/produkte-der-lebensmittelindustrie\/aromen\/alkoholische-aromen\/bier-aroma\/","title":{"rendered":"Bier-Aroma"},"content":{"rendered":"<p class=\"\" data-start=\"371\" data-end=\"970\">Dieser Aromastoff liegt in der Regel in <strong data-start=\"406\" data-end=\"424\">fl\u00fcssiger Form<\/strong> auf einem Glykol-Tr\u00e4ger vor und kann sowohl in der Lebensmittel- als auch in der Kosmetikindustrie verwendet werden. In der Lebensmittelindustrie wird es zum Beispiel bei der Herstellung von alkoholfreien Malzgetr\u00e4nken, S\u00fc\u00dfigkeiten mit ungew\u00f6hnlichen Biernoten sowie in Snacks und Fertiggerichten eingesetzt, denen es einen originellen, trockenen Geschmack verleiht.  <\/p>\n<p class=\"\" data-start=\"371\" data-end=\"970\"><strong>In der Kosmetikindustrie<\/strong> wird er als interessanter Duftzusatz in Produktlinien f\u00fcr M\u00e4nner &#8211; Duschgels, Shampoos oder Lotionen &#8211; verwendet, wo er Assoziationen mit Nat\u00fcrlichkeit, Handwerkskunst und Frische weckt.<\/p>\n<p class=\"\" data-start=\"972\" data-end=\"1363\">Das Bieraroma ist resistent gegen hohe Temperaturen und kann daher in Prozessen verwendet werden, die eine W\u00e4rmebehandlung erfordern. Es zeichnet sich durch eine gute Stabilit\u00e4t und eine hervorragende Darstellung der typischen Bierakzente aus &#8211; ohne Alkohol und ohne G\u00e4rung. Es kann auch in Produkten verwendet werden, die sich an Veganer und Menschen, die Alkohol meiden, richten, wo es nur eine Aroma- und Geschmacksfunktion hat.  <\/p>\n","protected":false},"excerpt":{"rendered":"<p><strong data-start=\"0\" data-end=\"16\">Das Bieraroma<\/strong> ist vom sensorischen Profil eines hellen, gegorenen Biers inspiriert. Je nach Variante kann es malzige Noten enthalten, leicht hopfig, mild bitter oder mit einer sp\u00fcrbaren Hefenuance. Oft ist auch eine subtile Gerstenmalzs\u00fc\u00dfe vorhanden, die dem Gesamterlebnis Tiefe und Nat\u00fcrlichkeit verleiht.  <\/p>\n","protected":false},"featured_media":40847,"template":"","meta":{"_acf_changed":false},"product_brand":[],"product_cat":[7768],"product_tag":[],"class_list":{"0":"post-40875","1":"product","2":"type-product","3":"status-publish","4":"has-post-thumbnail","6":"product_cat-alkoholische-aromen","8":"first","9":"instock","10":"shipping-taxable","11":"product-type-simple"},"acf":[],"yoast_head":"<!-- This site is optimized with the Yoast SEO plugin v27.4 - https:\/\/yoast.com\/product\/yoast-seo-wordpress\/ -->\n<title>Bier-Aroma - Gro\u00dfhandelsvertrieb<\/title>\n<meta name=\"description\" content=\"Bieraroma ist resistent gegen hohe Temperaturen und kann daher in Prozessen verwendet werden, die eine W\u00e4rmebehandlung erfordern. Es zeichnet sich durch seine gute Stabilit\u00e4t aus\" \/>\n<meta name=\"robots\" content=\"index, follow, max-snippet:-1, max-image-preview:large, max-video-preview:-1\" \/>\n<link rel=\"canonical\" href=\"https:\/\/naturalpoland.com\/de\/produkte\/produkte-der-lebensmittelindustrie\/aromen\/alkoholische-aromen\/bier-aroma\/\" \/>\n<meta property=\"og:locale\" content=\"de_DE\" \/>\n<meta property=\"og:type\" content=\"article\" \/>\n<meta property=\"og:title\" content=\"Bier-Aroma - Gro\u00dfhandelsvertrieb\" \/>\n<meta property=\"og:description\" content=\"Bieraroma ist resistent gegen hohe Temperaturen und kann daher in Prozessen verwendet werden, die eine W\u00e4rmebehandlung erfordern. Es zeichnet sich durch seine gute Stabilit\u00e4t aus\" \/>\n<meta property=\"og:url\" content=\"https:\/\/naturalpoland.com\/de\/produkte\/produkte-der-lebensmittelindustrie\/aromen\/alkoholische-aromen\/bier-aroma\/\" \/>\n<meta property=\"og:site_name\" content=\"NATURAL POLAND - IMPORT UND HANDEL VON ROHSTOFFEN\" \/>\n<meta property=\"article:publisher\" content=\"https:\/\/www.facebook.com\/naturalpoland.b2b\" \/>\n<meta property=\"article:modified_time\" content=\"2025-04-24T08:29:57+00:00\" \/>\n<meta property=\"og:image\" content=\"https:\/\/naturalpoland.com\/wp-content\/uploads\/aromat-piwa.webp\" \/>\n\t<meta property=\"og:image:width\" content=\"1024\" \/>\n\t<meta property=\"og:image:height\" content=\"1024\" \/>\n\t<meta property=\"og:image:type\" content=\"image\/webp\" \/>\n<script type=\"application\/ld+json\" class=\"yoast-schema-graph\">{\"@context\":\"https:\\\/\\\/schema.org\",\"@graph\":[{\"@type\":\"WebPage\",\"@id\":\"https:\\\/\\\/naturalpoland.com\\\/de\\\/produkte\\\/produkte-der-lebensmittelindustrie\\\/aromen\\\/alkoholische-aromen\\\/bier-aroma\\\/\",\"url\":\"https:\\\/\\\/naturalpoland.com\\\/de\\\/produkte\\\/produkte-der-lebensmittelindustrie\\\/aromen\\\/alkoholische-aromen\\\/bier-aroma\\\/\",\"name\":\"Bier-Aroma - Gro\u00dfhandelsvertrieb\",\"isPartOf\":{\"@id\":\"https:\\\/\\\/naturalpoland.com\\\/de\\\/#website\"},\"primaryImageOfPage\":{\"@id\":\"https:\\\/\\\/naturalpoland.com\\\/de\\\/produkte\\\/produkte-der-lebensmittelindustrie\\\/aromen\\\/alkoholische-aromen\\\/bier-aroma\\\/#primaryimage\"},\"image\":{\"@id\":\"https:\\\/\\\/naturalpoland.com\\\/de\\\/produkte\\\/produkte-der-lebensmittelindustrie\\\/aromen\\\/alkoholische-aromen\\\/bier-aroma\\\/#primaryimage\"},\"thumbnailUrl\":\"https:\\\/\\\/naturalpoland.com\\\/wp-content\\\/uploads\\\/aromat-piwa.webp\",\"datePublished\":\"2025-04-22T14:10:19+00:00\",\"dateModified\":\"2025-04-24T08:29:57+00:00\",\"description\":\"Bieraroma ist resistent gegen hohe Temperaturen und kann daher in Prozessen verwendet werden, die eine W\u00e4rmebehandlung erfordern. Es zeichnet sich durch seine gute Stabilit\u00e4t aus\",\"breadcrumb\":{\"@id\":\"https:\\\/\\\/naturalpoland.com\\\/de\\\/produkte\\\/produkte-der-lebensmittelindustrie\\\/aromen\\\/alkoholische-aromen\\\/bier-aroma\\\/#breadcrumb\"},\"inLanguage\":\"de\",\"potentialAction\":[{\"@type\":\"ReadAction\",\"target\":[\"https:\\\/\\\/naturalpoland.com\\\/de\\\/produkte\\\/produkte-der-lebensmittelindustrie\\\/aromen\\\/alkoholische-aromen\\\/bier-aroma\\\/\"]}]},{\"@type\":\"ImageObject\",\"inLanguage\":\"de\",\"@id\":\"https:\\\/\\\/naturalpoland.com\\\/de\\\/produkte\\\/produkte-der-lebensmittelindustrie\\\/aromen\\\/alkoholische-aromen\\\/bier-aroma\\\/#primaryimage\",\"url\":\"https:\\\/\\\/naturalpoland.com\\\/wp-content\\\/uploads\\\/aromat-piwa.webp\",\"contentUrl\":\"https:\\\/\\\/naturalpoland.com\\\/wp-content\\\/uploads\\\/aromat-piwa.webp\",\"width\":1024,\"height\":1024,\"caption\":\"aromat piwny\"},{\"@type\":\"BreadcrumbList\",\"@id\":\"https:\\\/\\\/naturalpoland.com\\\/de\\\/produkte\\\/produkte-der-lebensmittelindustrie\\\/aromen\\\/alkoholische-aromen\\\/bier-aroma\\\/#breadcrumb\",\"itemListElement\":[{\"@type\":\"ListItem\",\"position\":1,\"name\":\"Startseite\",\"item\":\"https:\\\/\\\/naturalpoland.com\\\/de\\\/\"},{\"@type\":\"ListItem\",\"position\":2,\"name\":\"Produkte\",\"item\":\"https:\\\/\\\/naturalpoland.com\\\/de\\\/produkte\\\/\"},{\"@type\":\"ListItem\",\"position\":3,\"name\":\"Bier-Aroma\"}]},{\"@type\":\"WebSite\",\"@id\":\"https:\\\/\\\/naturalpoland.com\\\/de\\\/#website\",\"url\":\"https:\\\/\\\/naturalpoland.com\\\/de\\\/\",\"name\":\"NATURAL POLAND - IMPORT UND HANDEL VON ROHSTOFFEN\",\"description\":\"Rohstoffe f\u00fcr die Lebensmittelindustrie, Kosmetikindustrie, Pharmaindustrie\",\"publisher\":{\"@id\":\"https:\\\/\\\/naturalpoland.com\\\/de\\\/#organization\"},\"potentialAction\":[{\"@type\":\"SearchAction\",\"target\":{\"@type\":\"EntryPoint\",\"urlTemplate\":\"https:\\\/\\\/naturalpoland.com\\\/de\\\/?s={search_term_string}\"},\"query-input\":{\"@type\":\"PropertyValueSpecification\",\"valueRequired\":true,\"valueName\":\"search_term_string\"}}],\"inLanguage\":\"de\"},{\"@type\":\"Organization\",\"@id\":\"https:\\\/\\\/naturalpoland.com\\\/de\\\/#organization\",\"name\":\"Natural Poland\",\"url\":\"https:\\\/\\\/naturalpoland.com\\\/de\\\/\",\"logo\":{\"@type\":\"ImageObject\",\"inLanguage\":\"de\",\"@id\":\"https:\\\/\\\/naturalpoland.com\\\/de\\\/#\\\/schema\\\/logo\\\/image\\\/\",\"url\":\"https:\\\/\\\/naturalpoland.com\\\/wp-content\\\/uploads\\\/2021\\\/05\\\/natural-poland-icon.png\",\"contentUrl\":\"https:\\\/\\\/naturalpoland.com\\\/wp-content\\\/uploads\\\/2021\\\/05\\\/natural-poland-icon.png\",\"width\":512,\"height\":512,\"caption\":\"Natural Poland\"},\"image\":{\"@id\":\"https:\\\/\\\/naturalpoland.com\\\/de\\\/#\\\/schema\\\/logo\\\/image\\\/\"},\"sameAs\":[\"https:\\\/\\\/www.facebook.com\\\/naturalpoland.b2b\",\"https:\\\/\\\/pl.linkedin.com\\\/company\\\/natural-poland\",\"https:\\\/\\\/www.youtube.com\\\/channel\\\/UCgeGGkvOMahZo-xu_MSEWxg\"]}]}<\/script>\n<!-- \/ Yoast SEO plugin. -->","yoast_head_json":{"title":"Bier-Aroma - Gro\u00dfhandelsvertrieb","description":"Bieraroma ist resistent gegen hohe Temperaturen und kann daher in Prozessen verwendet werden, die eine W\u00e4rmebehandlung erfordern. Es zeichnet sich durch seine gute Stabilit\u00e4t aus","robots":{"index":"index","follow":"follow","max-snippet":"max-snippet:-1","max-image-preview":"max-image-preview:large","max-video-preview":"max-video-preview:-1"},"canonical":"https:\/\/naturalpoland.com\/de\/produkte\/produkte-der-lebensmittelindustrie\/aromen\/alkoholische-aromen\/bier-aroma\/","og_locale":"de_DE","og_type":"article","og_title":"Bier-Aroma - Gro\u00dfhandelsvertrieb","og_description":"Bieraroma ist resistent gegen hohe Temperaturen und kann daher in Prozessen verwendet werden, die eine W\u00e4rmebehandlung erfordern. Es zeichnet sich durch seine gute Stabilit\u00e4t aus","og_url":"https:\/\/naturalpoland.com\/de\/produkte\/produkte-der-lebensmittelindustrie\/aromen\/alkoholische-aromen\/bier-aroma\/","og_site_name":"NATURAL POLAND - IMPORT UND HANDEL VON ROHSTOFFEN","article_publisher":"https:\/\/www.facebook.com\/naturalpoland.b2b","article_modified_time":"2025-04-24T08:29:57+00:00","og_image":[{"width":1024,"height":1024,"url":"https:\/\/naturalpoland.com\/wp-content\/uploads\/aromat-piwa.webp","type":"image\/webp"}],"schema":{"@context":"https:\/\/schema.org","@graph":[{"@type":"WebPage","@id":"https:\/\/naturalpoland.com\/de\/produkte\/produkte-der-lebensmittelindustrie\/aromen\/alkoholische-aromen\/bier-aroma\/","url":"https:\/\/naturalpoland.com\/de\/produkte\/produkte-der-lebensmittelindustrie\/aromen\/alkoholische-aromen\/bier-aroma\/","name":"Bier-Aroma - Gro\u00dfhandelsvertrieb","isPartOf":{"@id":"https:\/\/naturalpoland.com\/de\/#website"},"primaryImageOfPage":{"@id":"https:\/\/naturalpoland.com\/de\/produkte\/produkte-der-lebensmittelindustrie\/aromen\/alkoholische-aromen\/bier-aroma\/#primaryimage"},"image":{"@id":"https:\/\/naturalpoland.com\/de\/produkte\/produkte-der-lebensmittelindustrie\/aromen\/alkoholische-aromen\/bier-aroma\/#primaryimage"},"thumbnailUrl":"https:\/\/naturalpoland.com\/wp-content\/uploads\/aromat-piwa.webp","datePublished":"2025-04-22T14:10:19+00:00","dateModified":"2025-04-24T08:29:57+00:00","description":"Bieraroma ist resistent gegen hohe Temperaturen und kann daher in Prozessen verwendet werden, die eine W\u00e4rmebehandlung erfordern. Es zeichnet sich durch seine gute Stabilit\u00e4t aus","breadcrumb":{"@id":"https:\/\/naturalpoland.com\/de\/produkte\/produkte-der-lebensmittelindustrie\/aromen\/alkoholische-aromen\/bier-aroma\/#breadcrumb"},"inLanguage":"de","potentialAction":[{"@type":"ReadAction","target":["https:\/\/naturalpoland.com\/de\/produkte\/produkte-der-lebensmittelindustrie\/aromen\/alkoholische-aromen\/bier-aroma\/"]}]},{"@type":"ImageObject","inLanguage":"de","@id":"https:\/\/naturalpoland.com\/de\/produkte\/produkte-der-lebensmittelindustrie\/aromen\/alkoholische-aromen\/bier-aroma\/#primaryimage","url":"https:\/\/naturalpoland.com\/wp-content\/uploads\/aromat-piwa.webp","contentUrl":"https:\/\/naturalpoland.com\/wp-content\/uploads\/aromat-piwa.webp","width":1024,"height":1024,"caption":"aromat piwny"},{"@type":"BreadcrumbList","@id":"https:\/\/naturalpoland.com\/de\/produkte\/produkte-der-lebensmittelindustrie\/aromen\/alkoholische-aromen\/bier-aroma\/#breadcrumb","itemListElement":[{"@type":"ListItem","position":1,"name":"Startseite","item":"https:\/\/naturalpoland.com\/de\/"},{"@type":"ListItem","position":2,"name":"Produkte","item":"https:\/\/naturalpoland.com\/de\/produkte\/"},{"@type":"ListItem","position":3,"name":"Bier-Aroma"}]},{"@type":"WebSite","@id":"https:\/\/naturalpoland.com\/de\/#website","url":"https:\/\/naturalpoland.com\/de\/","name":"NATURAL POLAND - IMPORT UND HANDEL VON ROHSTOFFEN","description":"Rohstoffe f\u00fcr die Lebensmittelindustrie, Kosmetikindustrie, Pharmaindustrie","publisher":{"@id":"https:\/\/naturalpoland.com\/de\/#organization"},"potentialAction":[{"@type":"SearchAction","target":{"@type":"EntryPoint","urlTemplate":"https:\/\/naturalpoland.com\/de\/?s={search_term_string}"},"query-input":{"@type":"PropertyValueSpecification","valueRequired":true,"valueName":"search_term_string"}}],"inLanguage":"de"},{"@type":"Organization","@id":"https:\/\/naturalpoland.com\/de\/#organization","name":"Natural Poland","url":"https:\/\/naturalpoland.com\/de\/","logo":{"@type":"ImageObject","inLanguage":"de","@id":"https:\/\/naturalpoland.com\/de\/#\/schema\/logo\/image\/","url":"https:\/\/naturalpoland.com\/wp-content\/uploads\/2021\/05\/natural-poland-icon.png","contentUrl":"https:\/\/naturalpoland.com\/wp-content\/uploads\/2021\/05\/natural-poland-icon.png","width":512,"height":512,"caption":"Natural Poland"},"image":{"@id":"https:\/\/naturalpoland.com\/de\/#\/schema\/logo\/image\/"},"sameAs":["https:\/\/www.facebook.com\/naturalpoland.b2b","https:\/\/pl.linkedin.com\/company\/natural-poland","https:\/\/www.youtube.com\/channel\/UCgeGGkvOMahZo-xu_MSEWxg"]}]}},"_links":{"self":[{"href":"https:\/\/naturalpoland.com\/de\/wp-json\/wp\/v2\/product\/40875","targetHints":{"allow":["GET"]}}],"collection":[{"href":"https:\/\/naturalpoland.com\/de\/wp-json\/wp\/v2\/product"}],"about":[{"href":"https:\/\/naturalpoland.com\/de\/wp-json\/wp\/v2\/types\/product"}],"wp:featuredmedia":[{"embeddable":true,"href":"https:\/\/naturalpoland.com\/de\/wp-json\/wp\/v2\/media\/40847"}],"wp:attachment":[{"href":"https:\/\/naturalpoland.com\/de\/wp-json\/wp\/v2\/media?parent=40875"}],"wp:term":[{"taxonomy":"product_brand","embeddable":true,"href":"https:\/\/naturalpoland.com\/de\/wp-json\/wp\/v2\/product_brand?post=40875"},{"taxonomy":"product_cat","embeddable":true,"href":"https:\/\/naturalpoland.com\/de\/wp-json\/wp\/v2\/product_cat?post=40875"},{"taxonomy":"product_tag","embeddable":true,"href":"https:\/\/naturalpoland.com\/de\/wp-json\/wp\/v2\/product_tag?post=40875"}],"curies":[{"name":"wp","href":"https:\/\/api.w.org\/{rel}","templated":true}]}}