{"id":40886,"date":"2025-04-22T16:15:20","date_gmt":"2025-04-22T14:15:20","guid":{"rendered":"https:\/\/naturalpoland.com\/produkty\/unkategorisiert\/kaktus-aroma\/"},"modified":"2025-04-24T10:30:09","modified_gmt":"2025-04-24T08:30:09","slug":"kaktus-aroma","status":"publish","type":"product","link":"https:\/\/naturalpoland.com\/de\/produkte\/produkte-der-lebensmittelindustrie\/aromen\/fruchtige-aromen\/kaktus-aroma\/","title":{"rendered":"Kaktus-Aroma"},"content":{"rendered":"<p class=\"\" data-start=\"0\" data-end=\"318\"><strong data-start=\"7\" data-end=\"20\">Kaktusaroma<\/strong> ist in verschiedenen Varianten erh\u00e4ltlich, die sich in der Intensit\u00e4t, der Art der Geschmacksnoten und der Form (fl\u00fcssig oder pulverf\u00f6rmig) unterscheiden, um bestimmten Anwendungen gerecht zu werden &#8211; sowohl in der Lebensmittel- als auch in der Kosmetikindustrie. Im Folgenden finden Sie eine detaillierte Beschreibung der Varianten: <\/p>\n<h3 data-start=\"320\" data-end=\"909\"><strong data-start=\"320\" data-end=\"362\">1. fl\u00fcssiges Kaktus-Aroma (Glykol)<\/strong><\/h3>\n<p class=\"\" data-start=\"320\" data-end=\"909\">Dies ist die vielseitigste Variante mit einem frischen, gr\u00fcnen und leicht fruchtigen Profil. Es gibt Noten, die an Kaktusfeigensaft und Aloe Vera erinnern, mit subtilen Ankl\u00e4ngen an Melone und Gurke. Eine zarte S\u00fc\u00dfe verbindet sich hier mit erfrischender S\u00e4ure. Diese Variante ist ideal f\u00fcr Milchprodukte (Joghurt, K\u00e4se), S\u00fc\u00dfwaren (F\u00fcllungen, Cremes) sowie isotonische Getr\u00e4nke, Limonaden oder s\u00fc\u00dfe Sprudelgetr\u00e4nke. Der Tr\u00e4gerstoff ist Propylenglykol, so dass sich das Aroma gut in Wasser- und Fettgrundlagen integrieren l\u00e4sst.    <\/p>\n<h3 data-start=\"911\" data-end=\"1558\"><strong data-start=\"911\" data-end=\"969\">Konzentriertes Kaktus-Aroma (fl\u00fcssig, Glykol)<\/strong><\/h3>\n<p class=\"\" data-start=\"911\" data-end=\"1558\">Eine Version mit erh\u00f6hter Intensit\u00e4t und einem tieferen Geschmacks- und Aromaprofil. Die saftigen, gr\u00fcn-fruchtigen Noten bleiben erhalten, aber die exotischen Akzente sind deutlicher zu erkennen &#8211; sie erinnern an eine Mischung aus Kiwi, Kaktusfeige und wei\u00dfen Trauben mit einer k\u00fchlen, pflanzlichen Note. Ideal f\u00fcr Produkte, die mit einem ausgepr\u00e4gten, frischen Aroma beeindrucken sollen &#8211; wie Kaugummi, Lutschtabletten, Bonbons mit k\u00fchlender Wirkung oder frische Kosmetika (Gele, Shampoos). Dank der konzentrierten Formulierung ist eine geringere Dosierung erforderlich, was f\u00fcr die Intensivierung von Geschmack oder Geruch von Vorteil ist, ohne die Konsistenz des Produkts zu beeintr\u00e4chtigen.   <\/p>\n<h3 data-start=\"1560\" data-end=\"2055\"><strong data-start=\"1560\" data-end=\"1593\">3. Kaktus-Aromapulver<\/strong><\/h3>\n<p class=\"\" data-start=\"1560\" data-end=\"2055\">Eine Variante, die f\u00fcr Trockenfuttermischungen und Nahrungserg\u00e4nzungsmittel entwickelt wurde. Es zeichnet sich durch ein zartes, s\u00fc\u00dfes und pflanzliches Aroma mit Noten von gr\u00fcnem Apfel, Aloe Vera und einer leicht zitrusartigen Frische aus. Es eignet sich zur Verwendung in Brausetabletten, Shake-Mischungen, funktionellen Riegeln oder Instantprodukten (Gelees, Kisiels, Shakes). Seine Pulverform erm\u00f6glicht eine bequeme Dosierung und eine lange Haltbarkeit des Aromas, auch unter schwierigen Lagerbedingungen.   <\/p>\n<p class=\"\" data-start=\"2057\" data-end=\"2453\">Jede der Kaktus-Aromavarianten f\u00e4ngt die charakteristische Frische, Leichtigkeit und exotische S\u00fc\u00dfe der Kaktusfrucht ein, aber die Wahl einer bestimmten Version h\u00e4ngt von der Art der Anwendung, der erwarteten Intensit\u00e4t und der Rezepturgrundlage ab. Diese Aromen entsprechen den modernen Verbrauchertrends &#8211; besonders beliebt bei j\u00fcngeren Zielgruppen und in &#8218;erfrischenden&#8216;, &#8218;entgiftenden&#8216; und &#8218;tropischen&#8216; Produkten. <\/p>\n","protected":false},"excerpt":{"rendered":"<p><strong data-start=\"0\" data-end=\"20\">Cactus Aroma<\/strong> hat ein erfrischendes Aroma- und Geschmacksprofil, das von der exotischen Natur der Kaktusfrucht &#8211; insbesondere des Feigenkaktus &#8211; inspiriert ist.<\/p>\n","protected":false},"featured_media":40860,"template":"","meta":{"_acf_changed":false},"product_brand":[],"product_cat":[7614],"product_tag":[],"class_list":{"0":"post-40886","1":"product","2":"type-product","3":"status-publish","4":"has-post-thumbnail","6":"product_cat-fruchtige-aromen","8":"first","9":"instock","10":"shipping-taxable","11":"product-type-simple"},"acf":[],"yoast_head":"<!-- This site is optimized with the Yoast SEO plugin v27.5 - https:\/\/yoast.com\/product\/yoast-seo-wordpress\/ -->\n<title>Kaktus-Aroma - Gro\u00dfhandelsvertrieb<\/title>\n<meta name=\"description\" content=\"Cactus aroma hat ein erfrischendes Aroma- und Geschmacksprofil, das von der exotischen Natur der Kaktusfrucht inspiriert ist.\" \/>\n<meta name=\"robots\" content=\"index, follow, max-snippet:-1, max-image-preview:large, max-video-preview:-1\" \/>\n<link rel=\"canonical\" href=\"https:\/\/naturalpoland.com\/de\/produkte\/produkte-der-lebensmittelindustrie\/aromen\/fruchtige-aromen\/kaktus-aroma\/\" \/>\n<meta property=\"og:locale\" content=\"de_DE\" \/>\n<meta property=\"og:type\" content=\"article\" \/>\n<meta property=\"og:title\" content=\"Kaktus-Aroma - Gro\u00dfhandelsvertrieb\" \/>\n<meta property=\"og:description\" content=\"Cactus aroma hat ein erfrischendes Aroma- und Geschmacksprofil, das von der exotischen Natur der Kaktusfrucht inspiriert ist.\" \/>\n<meta property=\"og:url\" content=\"https:\/\/naturalpoland.com\/de\/produkte\/produkte-der-lebensmittelindustrie\/aromen\/fruchtige-aromen\/kaktus-aroma\/\" \/>\n<meta property=\"og:site_name\" content=\"NATURAL POLAND - IMPORT UND HANDEL VON ROHSTOFFEN\" \/>\n<meta property=\"article:publisher\" content=\"https:\/\/www.facebook.com\/naturalpoland.b2b\" \/>\n<meta property=\"article:modified_time\" content=\"2025-04-24T08:30:09+00:00\" \/>\n<meta property=\"og:image\" content=\"https:\/\/naturalpoland.com\/wp-content\/uploads\/aromat-kaktusowy.webp\" \/>\n\t<meta property=\"og:image:width\" content=\"1024\" \/>\n\t<meta property=\"og:image:height\" content=\"1024\" \/>\n\t<meta property=\"og:image:type\" content=\"image\/webp\" \/>\n<script type=\"application\/ld+json\" class=\"yoast-schema-graph\">{\"@context\":\"https:\\\/\\\/schema.org\",\"@graph\":[{\"@type\":\"WebPage\",\"@id\":\"https:\\\/\\\/naturalpoland.com\\\/de\\\/produkte\\\/produkte-der-lebensmittelindustrie\\\/aromen\\\/fruchtige-aromen\\\/kaktus-aroma\\\/\",\"url\":\"https:\\\/\\\/naturalpoland.com\\\/de\\\/produkte\\\/produkte-der-lebensmittelindustrie\\\/aromen\\\/fruchtige-aromen\\\/kaktus-aroma\\\/\",\"name\":\"Kaktus-Aroma - Gro\u00dfhandelsvertrieb\",\"isPartOf\":{\"@id\":\"https:\\\/\\\/naturalpoland.com\\\/de\\\/#website\"},\"primaryImageOfPage\":{\"@id\":\"https:\\\/\\\/naturalpoland.com\\\/de\\\/produkte\\\/produkte-der-lebensmittelindustrie\\\/aromen\\\/fruchtige-aromen\\\/kaktus-aroma\\\/#primaryimage\"},\"image\":{\"@id\":\"https:\\\/\\\/naturalpoland.com\\\/de\\\/produkte\\\/produkte-der-lebensmittelindustrie\\\/aromen\\\/fruchtige-aromen\\\/kaktus-aroma\\\/#primaryimage\"},\"thumbnailUrl\":\"https:\\\/\\\/naturalpoland.com\\\/wp-content\\\/uploads\\\/aromat-kaktusowy.webp\",\"datePublished\":\"2025-04-22T14:15:20+00:00\",\"dateModified\":\"2025-04-24T08:30:09+00:00\",\"description\":\"Cactus aroma hat ein erfrischendes Aroma- und Geschmacksprofil, das von der exotischen Natur der Kaktusfrucht inspiriert ist.\",\"breadcrumb\":{\"@id\":\"https:\\\/\\\/naturalpoland.com\\\/de\\\/produkte\\\/produkte-der-lebensmittelindustrie\\\/aromen\\\/fruchtige-aromen\\\/kaktus-aroma\\\/#breadcrumb\"},\"inLanguage\":\"de\",\"potentialAction\":[{\"@type\":\"ReadAction\",\"target\":[\"https:\\\/\\\/naturalpoland.com\\\/de\\\/produkte\\\/produkte-der-lebensmittelindustrie\\\/aromen\\\/fruchtige-aromen\\\/kaktus-aroma\\\/\"]}]},{\"@type\":\"ImageObject\",\"inLanguage\":\"de\",\"@id\":\"https:\\\/\\\/naturalpoland.com\\\/de\\\/produkte\\\/produkte-der-lebensmittelindustrie\\\/aromen\\\/fruchtige-aromen\\\/kaktus-aroma\\\/#primaryimage\",\"url\":\"https:\\\/\\\/naturalpoland.com\\\/wp-content\\\/uploads\\\/aromat-kaktusowy.webp\",\"contentUrl\":\"https:\\\/\\\/naturalpoland.com\\\/wp-content\\\/uploads\\\/aromat-kaktusowy.webp\",\"width\":1024,\"height\":1024,\"caption\":\"aromat kaktusowy\"},{\"@type\":\"BreadcrumbList\",\"@id\":\"https:\\\/\\\/naturalpoland.com\\\/de\\\/produkte\\\/produkte-der-lebensmittelindustrie\\\/aromen\\\/fruchtige-aromen\\\/kaktus-aroma\\\/#breadcrumb\",\"itemListElement\":[{\"@type\":\"ListItem\",\"position\":1,\"name\":\"Startseite\",\"item\":\"https:\\\/\\\/naturalpoland.com\\\/de\\\/\"},{\"@type\":\"ListItem\",\"position\":2,\"name\":\"Produkte\",\"item\":\"https:\\\/\\\/naturalpoland.com\\\/de\\\/produkte\\\/\"},{\"@type\":\"ListItem\",\"position\":3,\"name\":\"Kaktus-Aroma\"}]},{\"@type\":\"WebSite\",\"@id\":\"https:\\\/\\\/naturalpoland.com\\\/de\\\/#website\",\"url\":\"https:\\\/\\\/naturalpoland.com\\\/de\\\/\",\"name\":\"NATURAL POLAND - IMPORT UND HANDEL VON ROHSTOFFEN\",\"description\":\"Rohstoffe f\u00fcr die Lebensmittelindustrie, Kosmetikindustrie, Pharmaindustrie\",\"publisher\":{\"@id\":\"https:\\\/\\\/naturalpoland.com\\\/de\\\/#organization\"},\"potentialAction\":[{\"@type\":\"SearchAction\",\"target\":{\"@type\":\"EntryPoint\",\"urlTemplate\":\"https:\\\/\\\/naturalpoland.com\\\/de\\\/?s={search_term_string}\"},\"query-input\":{\"@type\":\"PropertyValueSpecification\",\"valueRequired\":true,\"valueName\":\"search_term_string\"}}],\"inLanguage\":\"de\"},{\"@type\":\"Organization\",\"@id\":\"https:\\\/\\\/naturalpoland.com\\\/de\\\/#organization\",\"name\":\"Natural Poland\",\"url\":\"https:\\\/\\\/naturalpoland.com\\\/de\\\/\",\"logo\":{\"@type\":\"ImageObject\",\"inLanguage\":\"de\",\"@id\":\"https:\\\/\\\/naturalpoland.com\\\/de\\\/#\\\/schema\\\/logo\\\/image\\\/\",\"url\":\"https:\\\/\\\/naturalpoland.com\\\/wp-content\\\/uploads\\\/2021\\\/05\\\/natural-poland-icon.png\",\"contentUrl\":\"https:\\\/\\\/naturalpoland.com\\\/wp-content\\\/uploads\\\/2021\\\/05\\\/natural-poland-icon.png\",\"width\":512,\"height\":512,\"caption\":\"Natural Poland\"},\"image\":{\"@id\":\"https:\\\/\\\/naturalpoland.com\\\/de\\\/#\\\/schema\\\/logo\\\/image\\\/\"},\"sameAs\":[\"https:\\\/\\\/www.facebook.com\\\/naturalpoland.b2b\",\"https:\\\/\\\/pl.linkedin.com\\\/company\\\/natural-poland\",\"https:\\\/\\\/www.youtube.com\\\/channel\\\/UCgeGGkvOMahZo-xu_MSEWxg\"]}]}<\/script>\n<!-- \/ Yoast SEO plugin. -->","yoast_head_json":{"title":"Kaktus-Aroma - Gro\u00dfhandelsvertrieb","description":"Cactus aroma hat ein erfrischendes Aroma- und Geschmacksprofil, das von der exotischen Natur der Kaktusfrucht inspiriert ist.","robots":{"index":"index","follow":"follow","max-snippet":"max-snippet:-1","max-image-preview":"max-image-preview:large","max-video-preview":"max-video-preview:-1"},"canonical":"https:\/\/naturalpoland.com\/de\/produkte\/produkte-der-lebensmittelindustrie\/aromen\/fruchtige-aromen\/kaktus-aroma\/","og_locale":"de_DE","og_type":"article","og_title":"Kaktus-Aroma - Gro\u00dfhandelsvertrieb","og_description":"Cactus aroma hat ein erfrischendes Aroma- und Geschmacksprofil, das von der exotischen Natur der Kaktusfrucht inspiriert ist.","og_url":"https:\/\/naturalpoland.com\/de\/produkte\/produkte-der-lebensmittelindustrie\/aromen\/fruchtige-aromen\/kaktus-aroma\/","og_site_name":"NATURAL POLAND - IMPORT UND HANDEL VON ROHSTOFFEN","article_publisher":"https:\/\/www.facebook.com\/naturalpoland.b2b","article_modified_time":"2025-04-24T08:30:09+00:00","og_image":[{"width":1024,"height":1024,"url":"https:\/\/naturalpoland.com\/wp-content\/uploads\/aromat-kaktusowy.webp","type":"image\/webp"}],"schema":{"@context":"https:\/\/schema.org","@graph":[{"@type":"WebPage","@id":"https:\/\/naturalpoland.com\/de\/produkte\/produkte-der-lebensmittelindustrie\/aromen\/fruchtige-aromen\/kaktus-aroma\/","url":"https:\/\/naturalpoland.com\/de\/produkte\/produkte-der-lebensmittelindustrie\/aromen\/fruchtige-aromen\/kaktus-aroma\/","name":"Kaktus-Aroma - Gro\u00dfhandelsvertrieb","isPartOf":{"@id":"https:\/\/naturalpoland.com\/de\/#website"},"primaryImageOfPage":{"@id":"https:\/\/naturalpoland.com\/de\/produkte\/produkte-der-lebensmittelindustrie\/aromen\/fruchtige-aromen\/kaktus-aroma\/#primaryimage"},"image":{"@id":"https:\/\/naturalpoland.com\/de\/produkte\/produkte-der-lebensmittelindustrie\/aromen\/fruchtige-aromen\/kaktus-aroma\/#primaryimage"},"thumbnailUrl":"https:\/\/naturalpoland.com\/wp-content\/uploads\/aromat-kaktusowy.webp","datePublished":"2025-04-22T14:15:20+00:00","dateModified":"2025-04-24T08:30:09+00:00","description":"Cactus aroma hat ein erfrischendes Aroma- und Geschmacksprofil, das von der exotischen Natur der Kaktusfrucht inspiriert ist.","breadcrumb":{"@id":"https:\/\/naturalpoland.com\/de\/produkte\/produkte-der-lebensmittelindustrie\/aromen\/fruchtige-aromen\/kaktus-aroma\/#breadcrumb"},"inLanguage":"de","potentialAction":[{"@type":"ReadAction","target":["https:\/\/naturalpoland.com\/de\/produkte\/produkte-der-lebensmittelindustrie\/aromen\/fruchtige-aromen\/kaktus-aroma\/"]}]},{"@type":"ImageObject","inLanguage":"de","@id":"https:\/\/naturalpoland.com\/de\/produkte\/produkte-der-lebensmittelindustrie\/aromen\/fruchtige-aromen\/kaktus-aroma\/#primaryimage","url":"https:\/\/naturalpoland.com\/wp-content\/uploads\/aromat-kaktusowy.webp","contentUrl":"https:\/\/naturalpoland.com\/wp-content\/uploads\/aromat-kaktusowy.webp","width":1024,"height":1024,"caption":"aromat kaktusowy"},{"@type":"BreadcrumbList","@id":"https:\/\/naturalpoland.com\/de\/produkte\/produkte-der-lebensmittelindustrie\/aromen\/fruchtige-aromen\/kaktus-aroma\/#breadcrumb","itemListElement":[{"@type":"ListItem","position":1,"name":"Startseite","item":"https:\/\/naturalpoland.com\/de\/"},{"@type":"ListItem","position":2,"name":"Produkte","item":"https:\/\/naturalpoland.com\/de\/produkte\/"},{"@type":"ListItem","position":3,"name":"Kaktus-Aroma"}]},{"@type":"WebSite","@id":"https:\/\/naturalpoland.com\/de\/#website","url":"https:\/\/naturalpoland.com\/de\/","name":"NATURAL POLAND - IMPORT UND HANDEL VON ROHSTOFFEN","description":"Rohstoffe f\u00fcr die Lebensmittelindustrie, Kosmetikindustrie, Pharmaindustrie","publisher":{"@id":"https:\/\/naturalpoland.com\/de\/#organization"},"potentialAction":[{"@type":"SearchAction","target":{"@type":"EntryPoint","urlTemplate":"https:\/\/naturalpoland.com\/de\/?s={search_term_string}"},"query-input":{"@type":"PropertyValueSpecification","valueRequired":true,"valueName":"search_term_string"}}],"inLanguage":"de"},{"@type":"Organization","@id":"https:\/\/naturalpoland.com\/de\/#organization","name":"Natural Poland","url":"https:\/\/naturalpoland.com\/de\/","logo":{"@type":"ImageObject","inLanguage":"de","@id":"https:\/\/naturalpoland.com\/de\/#\/schema\/logo\/image\/","url":"https:\/\/naturalpoland.com\/wp-content\/uploads\/2021\/05\/natural-poland-icon.png","contentUrl":"https:\/\/naturalpoland.com\/wp-content\/uploads\/2021\/05\/natural-poland-icon.png","width":512,"height":512,"caption":"Natural Poland"},"image":{"@id":"https:\/\/naturalpoland.com\/de\/#\/schema\/logo\/image\/"},"sameAs":["https:\/\/www.facebook.com\/naturalpoland.b2b","https:\/\/pl.linkedin.com\/company\/natural-poland","https:\/\/www.youtube.com\/channel\/UCgeGGkvOMahZo-xu_MSEWxg"]}]}},"_links":{"self":[{"href":"https:\/\/naturalpoland.com\/de\/wp-json\/wp\/v2\/product\/40886","targetHints":{"allow":["GET"]}}],"collection":[{"href":"https:\/\/naturalpoland.com\/de\/wp-json\/wp\/v2\/product"}],"about":[{"href":"https:\/\/naturalpoland.com\/de\/wp-json\/wp\/v2\/types\/product"}],"wp:featuredmedia":[{"embeddable":true,"href":"https:\/\/naturalpoland.com\/de\/wp-json\/wp\/v2\/media\/40860"}],"wp:attachment":[{"href":"https:\/\/naturalpoland.com\/de\/wp-json\/wp\/v2\/media?parent=40886"}],"wp:term":[{"taxonomy":"product_brand","embeddable":true,"href":"https:\/\/naturalpoland.com\/de\/wp-json\/wp\/v2\/product_brand?post=40886"},{"taxonomy":"product_cat","embeddable":true,"href":"https:\/\/naturalpoland.com\/de\/wp-json\/wp\/v2\/product_cat?post=40886"},{"taxonomy":"product_tag","embeddable":true,"href":"https:\/\/naturalpoland.com\/de\/wp-json\/wp\/v2\/product_tag?post=40886"}],"curies":[{"name":"wp","href":"https:\/\/api.w.org\/{rel}","templated":true}]}}