{"id":40916,"date":"2025-04-22T15:50:27","date_gmt":"2025-04-24T08:37:00","guid":{"rendered":"https:\/\/naturalpoland.com\/produkty\/unkategorisiert\/geschmack-himbeere\/"},"modified":"2025-04-24T10:37:00","modified_gmt":"2025-04-24T08:37:00","slug":"geschmack-himbeere","status":"publish","type":"product","link":"https:\/\/naturalpoland.com\/de\/produkte\/produkte-der-lebensmittelindustrie\/aromen\/fruchtige-aromen\/geschmack-himbeere\/","title":{"rendered":"Geschmack: Himbeere"},"content":{"rendered":"<p data-start=\"397\" data-end=\"893\">Es gibt eine Reihe von Varianten mit Himbeergeschmack, die f\u00fcr verschiedene Anwendungen geeignet sind.<\/p>\n<h2 data-start=\"397\" data-end=\"893\">Fl\u00fcssiger Himbeergeschmack:<\/h2>\n<p class=\"\" data-start=\"397\" data-end=\"893\">Zu den fl\u00fcssigen Varianten auf einem Glykoltr\u00e4ger geh\u00f6rt ein intensives Himbeeraroma<strong> mit sirupartigem Charakter<\/strong>, das sich ideal f\u00fcr die Verwendung in Fettmassen, Cremes, Zuckerg\u00fcssen oder Eiscremes eignet. Es gibt auch eine Himbeer-Variante mit einer ausgepr\u00e4gten <strong>Erdbeernote<\/strong>, die Produkten einen fruchtigen, wald\u00e4hnlichen Charakter verleiht. In der <strong>Himbeer-Sahne-Variante<\/strong> verbindet sich die Saftigkeit der Himbeere mit einem zarten, milchigen Hintergrund &#8211; ideal f\u00fcr Milchdesserts, Joghurts, Milchgetr\u00e4nke und Milch- und Fruchtriegel.  <\/p>\n<h2 data-start=\"397\" data-end=\"893\">Himbeer-Aromapulver:<\/h2>\n<p class=\"\" data-start=\"895\" data-end=\"1252\">Himbeergeschmackspulver gibt es <strong>in einer klassischen Version<\/strong> &#8211; s\u00fc\u00df, saftig und nat\u00fcrlich fruchtig. Es wird h\u00e4ufig in Backwaren, F\u00fcllungen, Kuchenmischungen, Getr\u00e4nkepulver und Nahrungserg\u00e4nzungsmitteln verwendet.<\/p>\n<p class=\"\" data-start=\"895\" data-end=\"1252\">Die Version mit <strong>Himbeere und Kokosnuss<\/strong> ist eine einzigartige Kombination aus exotischen und fruchtigen Noten, die sich gut f\u00fcr innovative Dessertrezepturen eignet.<\/p>\n<p class=\"\" data-start=\"1254\" data-end=\"1608\">Alle diese Varianten bleiben auch bei hohen Temperaturen stabil, was sie vielseitig und bequem einsetzbar macht, sei es bei Kaltanwendungen, beim Backen oder bei Pasteurisierungsprozessen. Dank seines breiten Spektrums an sensorischen Profilen bleibt Himbeeraroma eine der vielseitigsten und am meisten gesch\u00e4tzten Aromakomponenten auf dem Markt. <\/p>\n","protected":false},"excerpt":{"rendered":"<p>Himbeeraroma ist einer der beliebtesten D\u00fcfte und Aromen in der Lebensmittelindustrie. Es wird mit einem saftigen, s\u00fc\u00df-sauren Profil und Noten von frisch gepfl\u00fcckten Fr\u00fcchten assoziiert.<\/p>\n","protected":false},"featured_media":40821,"template":"","meta":{"_acf_changed":false},"product_brand":[],"product_cat":[7614],"product_tag":[],"class_list":{"0":"post-40916","1":"product","2":"type-product","3":"status-publish","4":"has-post-thumbnail","6":"product_cat-fruchtige-aromen","8":"first","9":"instock","10":"shipping-taxable","11":"product-type-simple"},"acf":[],"yoast_head":"<!-- This site is optimized with the Yoast SEO plugin v27.5 - https:\/\/yoast.com\/product\/yoast-seo-wordpress\/ -->\n<title>Geschmack: Himbeere - Gro\u00dfhandelsvertrieb<\/title>\n<meta name=\"description\" content=\"Fl\u00fcssiges und pulverf\u00f6rmiges Himbeeraroma ist eine der vielseitigsten und am meisten gesch\u00e4tzten Geschmackskomponenten auf dem Markt.\" \/>\n<meta name=\"robots\" content=\"index, follow, max-snippet:-1, max-image-preview:large, max-video-preview:-1\" \/>\n<link rel=\"canonical\" href=\"https:\/\/naturalpoland.com\/de\/produkte\/produkte-der-lebensmittelindustrie\/aromen\/fruchtige-aromen\/geschmack-himbeere\/\" \/>\n<meta property=\"og:locale\" content=\"de_DE\" \/>\n<meta property=\"og:type\" content=\"article\" \/>\n<meta property=\"og:title\" content=\"Geschmack: Himbeere - Gro\u00dfhandelsvertrieb\" \/>\n<meta property=\"og:description\" content=\"Fl\u00fcssiges und pulverf\u00f6rmiges Himbeeraroma ist eine der vielseitigsten und am meisten gesch\u00e4tzten Geschmackskomponenten auf dem Markt.\" \/>\n<meta property=\"og:url\" content=\"https:\/\/naturalpoland.com\/de\/produkte\/produkte-der-lebensmittelindustrie\/aromen\/fruchtige-aromen\/geschmack-himbeere\/\" \/>\n<meta property=\"og:site_name\" content=\"NATURAL POLAND - IMPORT UND HANDEL VON ROHSTOFFEN\" \/>\n<meta property=\"article:publisher\" content=\"https:\/\/www.facebook.com\/naturalpoland.b2b\" \/>\n<meta property=\"og:image\" content=\"https:\/\/naturalpoland.com\/wp-content\/uploads\/aromat-malinowy.webp\" \/>\n\t<meta property=\"og:image:width\" content=\"1024\" \/>\n\t<meta property=\"og:image:height\" content=\"1024\" \/>\n\t<meta property=\"og:image:type\" content=\"image\/webp\" \/>\n<script type=\"application\/ld+json\" class=\"yoast-schema-graph\">{\"@context\":\"https:\\\/\\\/schema.org\",\"@graph\":[{\"@type\":\"WebPage\",\"@id\":\"https:\\\/\\\/naturalpoland.com\\\/de\\\/produkte\\\/produkte-der-lebensmittelindustrie\\\/aromen\\\/fruchtige-aromen\\\/geschmack-himbeere\\\/\",\"url\":\"https:\\\/\\\/naturalpoland.com\\\/de\\\/produkte\\\/produkte-der-lebensmittelindustrie\\\/aromen\\\/fruchtige-aromen\\\/geschmack-himbeere\\\/\",\"name\":\"Geschmack: Himbeere - Gro\u00dfhandelsvertrieb\",\"isPartOf\":{\"@id\":\"https:\\\/\\\/naturalpoland.com\\\/de\\\/#website\"},\"primaryImageOfPage\":{\"@id\":\"https:\\\/\\\/naturalpoland.com\\\/de\\\/produkte\\\/produkte-der-lebensmittelindustrie\\\/aromen\\\/fruchtige-aromen\\\/geschmack-himbeere\\\/#primaryimage\"},\"image\":{\"@id\":\"https:\\\/\\\/naturalpoland.com\\\/de\\\/produkte\\\/produkte-der-lebensmittelindustrie\\\/aromen\\\/fruchtige-aromen\\\/geschmack-himbeere\\\/#primaryimage\"},\"thumbnailUrl\":\"https:\\\/\\\/naturalpoland.com\\\/wp-content\\\/uploads\\\/aromat-malinowy.webp\",\"datePublished\":\"2025-04-24T08:37:00+00:00\",\"description\":\"Fl\u00fcssiges und pulverf\u00f6rmiges Himbeeraroma ist eine der vielseitigsten und am meisten gesch\u00e4tzten Geschmackskomponenten auf dem Markt.\",\"breadcrumb\":{\"@id\":\"https:\\\/\\\/naturalpoland.com\\\/de\\\/produkte\\\/produkte-der-lebensmittelindustrie\\\/aromen\\\/fruchtige-aromen\\\/geschmack-himbeere\\\/#breadcrumb\"},\"inLanguage\":\"de\",\"potentialAction\":[{\"@type\":\"ReadAction\",\"target\":[\"https:\\\/\\\/naturalpoland.com\\\/de\\\/produkte\\\/produkte-der-lebensmittelindustrie\\\/aromen\\\/fruchtige-aromen\\\/geschmack-himbeere\\\/\"]}]},{\"@type\":\"ImageObject\",\"inLanguage\":\"de\",\"@id\":\"https:\\\/\\\/naturalpoland.com\\\/de\\\/produkte\\\/produkte-der-lebensmittelindustrie\\\/aromen\\\/fruchtige-aromen\\\/geschmack-himbeere\\\/#primaryimage\",\"url\":\"https:\\\/\\\/naturalpoland.com\\\/wp-content\\\/uploads\\\/aromat-malinowy.webp\",\"contentUrl\":\"https:\\\/\\\/naturalpoland.com\\\/wp-content\\\/uploads\\\/aromat-malinowy.webp\",\"width\":1024,\"height\":1024,\"caption\":\"aromat malinowy\"},{\"@type\":\"BreadcrumbList\",\"@id\":\"https:\\\/\\\/naturalpoland.com\\\/de\\\/produkte\\\/produkte-der-lebensmittelindustrie\\\/aromen\\\/fruchtige-aromen\\\/geschmack-himbeere\\\/#breadcrumb\",\"itemListElement\":[{\"@type\":\"ListItem\",\"position\":1,\"name\":\"Startseite\",\"item\":\"https:\\\/\\\/naturalpoland.com\\\/de\\\/\"},{\"@type\":\"ListItem\",\"position\":2,\"name\":\"Produkte\",\"item\":\"https:\\\/\\\/naturalpoland.com\\\/de\\\/produkte\\\/\"},{\"@type\":\"ListItem\",\"position\":3,\"name\":\"Geschmack: Himbeere\"}]},{\"@type\":\"WebSite\",\"@id\":\"https:\\\/\\\/naturalpoland.com\\\/de\\\/#website\",\"url\":\"https:\\\/\\\/naturalpoland.com\\\/de\\\/\",\"name\":\"NATURAL POLAND - IMPORT UND HANDEL VON ROHSTOFFEN\",\"description\":\"Rohstoffe f\u00fcr die Lebensmittelindustrie, Kosmetikindustrie, Pharmaindustrie\",\"publisher\":{\"@id\":\"https:\\\/\\\/naturalpoland.com\\\/de\\\/#organization\"},\"potentialAction\":[{\"@type\":\"SearchAction\",\"target\":{\"@type\":\"EntryPoint\",\"urlTemplate\":\"https:\\\/\\\/naturalpoland.com\\\/de\\\/?s={search_term_string}\"},\"query-input\":{\"@type\":\"PropertyValueSpecification\",\"valueRequired\":true,\"valueName\":\"search_term_string\"}}],\"inLanguage\":\"de\"},{\"@type\":\"Organization\",\"@id\":\"https:\\\/\\\/naturalpoland.com\\\/de\\\/#organization\",\"name\":\"Natural Poland\",\"url\":\"https:\\\/\\\/naturalpoland.com\\\/de\\\/\",\"logo\":{\"@type\":\"ImageObject\",\"inLanguage\":\"de\",\"@id\":\"https:\\\/\\\/naturalpoland.com\\\/de\\\/#\\\/schema\\\/logo\\\/image\\\/\",\"url\":\"https:\\\/\\\/naturalpoland.com\\\/wp-content\\\/uploads\\\/2021\\\/05\\\/natural-poland-icon.png\",\"contentUrl\":\"https:\\\/\\\/naturalpoland.com\\\/wp-content\\\/uploads\\\/2021\\\/05\\\/natural-poland-icon.png\",\"width\":512,\"height\":512,\"caption\":\"Natural Poland\"},\"image\":{\"@id\":\"https:\\\/\\\/naturalpoland.com\\\/de\\\/#\\\/schema\\\/logo\\\/image\\\/\"},\"sameAs\":[\"https:\\\/\\\/www.facebook.com\\\/naturalpoland.b2b\",\"https:\\\/\\\/pl.linkedin.com\\\/company\\\/natural-poland\",\"https:\\\/\\\/www.youtube.com\\\/channel\\\/UCgeGGkvOMahZo-xu_MSEWxg\"]}]}<\/script>\n<!-- \/ Yoast SEO plugin. -->","yoast_head_json":{"title":"Geschmack: Himbeere - Gro\u00dfhandelsvertrieb","description":"Fl\u00fcssiges und pulverf\u00f6rmiges Himbeeraroma ist eine der vielseitigsten und am meisten gesch\u00e4tzten Geschmackskomponenten auf dem Markt.","robots":{"index":"index","follow":"follow","max-snippet":"max-snippet:-1","max-image-preview":"max-image-preview:large","max-video-preview":"max-video-preview:-1"},"canonical":"https:\/\/naturalpoland.com\/de\/produkte\/produkte-der-lebensmittelindustrie\/aromen\/fruchtige-aromen\/geschmack-himbeere\/","og_locale":"de_DE","og_type":"article","og_title":"Geschmack: Himbeere - Gro\u00dfhandelsvertrieb","og_description":"Fl\u00fcssiges und pulverf\u00f6rmiges Himbeeraroma ist eine der vielseitigsten und am meisten gesch\u00e4tzten Geschmackskomponenten auf dem Markt.","og_url":"https:\/\/naturalpoland.com\/de\/produkte\/produkte-der-lebensmittelindustrie\/aromen\/fruchtige-aromen\/geschmack-himbeere\/","og_site_name":"NATURAL POLAND - IMPORT UND HANDEL VON ROHSTOFFEN","article_publisher":"https:\/\/www.facebook.com\/naturalpoland.b2b","og_image":[{"width":1024,"height":1024,"url":"https:\/\/naturalpoland.com\/wp-content\/uploads\/aromat-malinowy.webp","type":"image\/webp"}],"schema":{"@context":"https:\/\/schema.org","@graph":[{"@type":"WebPage","@id":"https:\/\/naturalpoland.com\/de\/produkte\/produkte-der-lebensmittelindustrie\/aromen\/fruchtige-aromen\/geschmack-himbeere\/","url":"https:\/\/naturalpoland.com\/de\/produkte\/produkte-der-lebensmittelindustrie\/aromen\/fruchtige-aromen\/geschmack-himbeere\/","name":"Geschmack: Himbeere - Gro\u00dfhandelsvertrieb","isPartOf":{"@id":"https:\/\/naturalpoland.com\/de\/#website"},"primaryImageOfPage":{"@id":"https:\/\/naturalpoland.com\/de\/produkte\/produkte-der-lebensmittelindustrie\/aromen\/fruchtige-aromen\/geschmack-himbeere\/#primaryimage"},"image":{"@id":"https:\/\/naturalpoland.com\/de\/produkte\/produkte-der-lebensmittelindustrie\/aromen\/fruchtige-aromen\/geschmack-himbeere\/#primaryimage"},"thumbnailUrl":"https:\/\/naturalpoland.com\/wp-content\/uploads\/aromat-malinowy.webp","datePublished":"2025-04-24T08:37:00+00:00","description":"Fl\u00fcssiges und pulverf\u00f6rmiges Himbeeraroma ist eine der vielseitigsten und am meisten gesch\u00e4tzten Geschmackskomponenten auf dem Markt.","breadcrumb":{"@id":"https:\/\/naturalpoland.com\/de\/produkte\/produkte-der-lebensmittelindustrie\/aromen\/fruchtige-aromen\/geschmack-himbeere\/#breadcrumb"},"inLanguage":"de","potentialAction":[{"@type":"ReadAction","target":["https:\/\/naturalpoland.com\/de\/produkte\/produkte-der-lebensmittelindustrie\/aromen\/fruchtige-aromen\/geschmack-himbeere\/"]}]},{"@type":"ImageObject","inLanguage":"de","@id":"https:\/\/naturalpoland.com\/de\/produkte\/produkte-der-lebensmittelindustrie\/aromen\/fruchtige-aromen\/geschmack-himbeere\/#primaryimage","url":"https:\/\/naturalpoland.com\/wp-content\/uploads\/aromat-malinowy.webp","contentUrl":"https:\/\/naturalpoland.com\/wp-content\/uploads\/aromat-malinowy.webp","width":1024,"height":1024,"caption":"aromat malinowy"},{"@type":"BreadcrumbList","@id":"https:\/\/naturalpoland.com\/de\/produkte\/produkte-der-lebensmittelindustrie\/aromen\/fruchtige-aromen\/geschmack-himbeere\/#breadcrumb","itemListElement":[{"@type":"ListItem","position":1,"name":"Startseite","item":"https:\/\/naturalpoland.com\/de\/"},{"@type":"ListItem","position":2,"name":"Produkte","item":"https:\/\/naturalpoland.com\/de\/produkte\/"},{"@type":"ListItem","position":3,"name":"Geschmack: Himbeere"}]},{"@type":"WebSite","@id":"https:\/\/naturalpoland.com\/de\/#website","url":"https:\/\/naturalpoland.com\/de\/","name":"NATURAL POLAND - IMPORT UND HANDEL VON ROHSTOFFEN","description":"Rohstoffe f\u00fcr die Lebensmittelindustrie, Kosmetikindustrie, Pharmaindustrie","publisher":{"@id":"https:\/\/naturalpoland.com\/de\/#organization"},"potentialAction":[{"@type":"SearchAction","target":{"@type":"EntryPoint","urlTemplate":"https:\/\/naturalpoland.com\/de\/?s={search_term_string}"},"query-input":{"@type":"PropertyValueSpecification","valueRequired":true,"valueName":"search_term_string"}}],"inLanguage":"de"},{"@type":"Organization","@id":"https:\/\/naturalpoland.com\/de\/#organization","name":"Natural Poland","url":"https:\/\/naturalpoland.com\/de\/","logo":{"@type":"ImageObject","inLanguage":"de","@id":"https:\/\/naturalpoland.com\/de\/#\/schema\/logo\/image\/","url":"https:\/\/naturalpoland.com\/wp-content\/uploads\/2021\/05\/natural-poland-icon.png","contentUrl":"https:\/\/naturalpoland.com\/wp-content\/uploads\/2021\/05\/natural-poland-icon.png","width":512,"height":512,"caption":"Natural Poland"},"image":{"@id":"https:\/\/naturalpoland.com\/de\/#\/schema\/logo\/image\/"},"sameAs":["https:\/\/www.facebook.com\/naturalpoland.b2b","https:\/\/pl.linkedin.com\/company\/natural-poland","https:\/\/www.youtube.com\/channel\/UCgeGGkvOMahZo-xu_MSEWxg"]}]}},"_links":{"self":[{"href":"https:\/\/naturalpoland.com\/de\/wp-json\/wp\/v2\/product\/40916","targetHints":{"allow":["GET"]}}],"collection":[{"href":"https:\/\/naturalpoland.com\/de\/wp-json\/wp\/v2\/product"}],"about":[{"href":"https:\/\/naturalpoland.com\/de\/wp-json\/wp\/v2\/types\/product"}],"wp:featuredmedia":[{"embeddable":true,"href":"https:\/\/naturalpoland.com\/de\/wp-json\/wp\/v2\/media\/40821"}],"wp:attachment":[{"href":"https:\/\/naturalpoland.com\/de\/wp-json\/wp\/v2\/media?parent=40916"}],"wp:term":[{"taxonomy":"product_brand","embeddable":true,"href":"https:\/\/naturalpoland.com\/de\/wp-json\/wp\/v2\/product_brand?post=40916"},{"taxonomy":"product_cat","embeddable":true,"href":"https:\/\/naturalpoland.com\/de\/wp-json\/wp\/v2\/product_cat?post=40916"},{"taxonomy":"product_tag","embeddable":true,"href":"https:\/\/naturalpoland.com\/de\/wp-json\/wp\/v2\/product_tag?post=40916"}],"curies":[{"name":"wp","href":"https:\/\/api.w.org\/{rel}","templated":true}]}}