{"id":41300,"date":"2025-05-29T14:41:56","date_gmt":"2025-05-29T13:53:02","guid":{"rendered":"https:\/\/naturalpoland.com\/produkty\/unkategorisiert\/pfingstrose-extrakt\/"},"modified":"2025-05-29T15:53:02","modified_gmt":"2025-05-29T13:53:02","slug":"pfingstrose-extrakt","status":"publish","type":"product","link":"https:\/\/naturalpoland.com\/de\/produkte\/pflanzenextrakte\/pfingstrose-extrakt\/","title":{"rendered":"Pfingstrose-Extrakt"},"content":{"rendered":"<h2>Eigenschaften<\/h2>\n<p>Pfingstrosen-Extrakt hat die Form eines fein gemahlenen Pulvers mit einer gelblich-braunen Farbe und einem charakteristischen, leicht adstringierenden Geruch. Er wird nach der w\u00e4ssrigen Methode gewonnen, wobei Maltodextrin als Tr\u00e4gerstoff hinzugef\u00fcgt wird. <\/p>\n<p data-start=\"766\" data-end=\"1438\">Der Rohstoff weist ein breites Spektrum an biologischer Aktivit\u00e4t auf, was auf das Vorhandensein von Verbindungen wie <strong>Paeoniflorin<\/strong> zur\u00fcckzuf\u00fchren ist, <a href=\"https:\/\/naturalpoland.com\/artykuly\/produkty-naturalne\/czym-sa-i-jak-dzialaja-flawonoidy\/\"><strong>Flavonoiden<\/strong><\/a><strong>Gerbstoffe<\/strong> und <strong>organische S\u00e4uren<\/strong>. Er wird traditionell als <strong>nat\u00fcrliches Beruhigungsmittel<\/strong> verwendet, um nerv\u00f6se Spannungen, Angstzust\u00e4nde und pr\u00e4menstruelle Symptome (PMS) zu lindern. Sie unterst\u00fctzt die Funktion des Immunsystems und hilft dem K\u00f6rper bei Entz\u00fcndungen, Schmerzen und rheumatischen Beschwerden. Die Pfingstrose hat auch eine diastolische <strong>und anti\u00f6demat\u00f6se<\/strong> Wirkung, so dass sie manchmal zur Linderung von Menstruationsbeschwerden und Kreislaufproblemen eingesetzt wird. Einige Studien weisen auch auf ihr neuroprotektives und adaptogenes Potenzial hin.    <\/p>\n<p data-start=\"1440\" data-end=\"1860\"><strong>In der Naturkosmetik<\/strong> wird der Pfingstrosen-Extrakt wegen seiner antioxidativen, aufhellenden und beruhigenden Eigenschaften gesch\u00e4tzt. Er hilft, Hautentz\u00fcndungen zu beruhigen, R\u00f6tungen zu reduzieren, unterst\u00fctzt die epidermale Barriere und verbessert die Elastizit\u00e4t der Haut. Dank dieser Eigenschaften wird er in Formulierungen f\u00fcr empfindliche, vaskul\u00e4re, gereizte und reife Haut verwendet &#8211; insbesondere in Anti-Aging-Produkten.  <\/p>\n<h2 data-start=\"1862\" data-end=\"1895\">Anwendung und Sicherheit<\/h2>\n<p data-start=\"1897\" data-end=\"1940\">Pfingstrosen-Extrakt wird verwendet in:<\/p>\n<ul data-start=\"1941\" data-end=\"2253\">\n<li data-start=\"1941\" data-end=\"2019\">\n<p data-start=\"1943\" data-end=\"2019\"><strong>Nahrungserg\u00e4nzungsmittel<\/strong> zur Unterst\u00fctzung des Nerven-, Hormon- und Immunsystems;<\/p>\n<\/li>\n<li data-start=\"2020\" data-end=\"2099\">\n<p data-start=\"2022\" data-end=\"2099\"><strong>Pr\u00e4parate zur Linderung von Muskelschmerzen<\/strong>, rheumatischen <strong>Schmerzen<\/strong> und Menstruationsbeschwerden;<\/p>\n<\/li>\n<li data-start=\"2100\" data-end=\"2185\">\n<p data-start=\"2102\" data-end=\"2185\">Beruhigende, Anti-Aging- und <strong>Illuminationskosmetik<\/strong> f\u00fcr Gesicht und K\u00f6rper;<\/p>\n<\/li>\n<li data-start=\"2186\" data-end=\"2253\">\n<p data-start=\"2188\" data-end=\"2253\">Produkte zur Unterst\u00fctzung des emotionalen Gleichgewichts und zum Stressabbau.<\/p>\n<\/li>\n<\/ul>\n<p data-start=\"2255\" data-end=\"2783\" data-is-last-node=\"\" data-is-only-node=\"\">Obwohl die Pfingstrose als sehr sicher gilt, kann sie wie jeder pflanzliche Inhaltsstoff bei besonders empfindlichen Personen eine allergische Reaktion hervorrufen. Symptome wie Juckreiz, Ausschlag oder Reizungen sind sehr selten, aber ein Hauttest wird bei der ersten Verwendung von Kosmetika, die Pfingstrose enthalten, empfohlen. Bei oraler Einnahme sollten schwangere und stillende Frauen sowie Personen, die gerinnungshemmende Mittel einnehmen, vor der Einnahme einen Arzt konsultieren.  <\/p>\n","protected":false},"excerpt":{"rendered":"<p><strong>Pfingstrosen-Extrakt<\/strong> wird aus der Wurzel der Pflanze <em data-start=\"132\" data-end=\"152\">Paeonia lactiflora <\/em><strong>gewonnen<\/strong> <em data-start=\"132\" data-end=\"152\">. <\/em>Er wurde in der traditionellen chinesischen Medizin verwendet und wird heute zunehmend in modernen pflanzlichen und kosmetischen Pr\u00e4paraten und Nahrungserg\u00e4nzungsmitteln eingesetzt.<\/p>\n","protected":false},"featured_media":41240,"template":"","meta":[],"product_brand":[],"product_cat":[385],"product_tag":[],"class_list":{"0":"post-41300","1":"product","2":"type-product","3":"status-publish","4":"has-post-thumbnail","6":"product_cat-pflanzenextrakte","7":"pa_czesc-rosliny-wurzel","9":"first","10":"instock","11":"shipping-taxable","12":"product-type-simple"},"yoast_head":"<!-- This site is optimized with the Yoast SEO plugin v27.4 - https:\/\/yoast.com\/product\/yoast-seo-wordpress\/ -->\n<title>Pfingstrose-Extrakt - Gro\u00dfhandelsvertrieb<\/title>\n<meta name=\"description\" content=\"Pfingstrosen-Extrakt, der aus der Wurzel der Paeonia lactiflora Pflanze gewonnen wird, ist ein Rohstoff, der zunehmend in modernen pflanzlichen Zubereitungen verwendet wird.\" \/>\n<meta name=\"robots\" content=\"index, follow, max-snippet:-1, max-image-preview:large, max-video-preview:-1\" \/>\n<link rel=\"canonical\" href=\"https:\/\/naturalpoland.com\/de\/produkte\/pflanzenextrakte\/pfingstrose-extrakt\/\" \/>\n<meta property=\"og:locale\" content=\"de_DE\" \/>\n<meta property=\"og:type\" content=\"article\" \/>\n<meta property=\"og:title\" content=\"Pfingstrose-Extrakt - Gro\u00dfhandelsvertrieb\" \/>\n<meta property=\"og:description\" content=\"Pfingstrosen-Extrakt, der aus der Wurzel der Paeonia lactiflora Pflanze gewonnen wird, ist ein Rohstoff, der zunehmend in modernen pflanzlichen Zubereitungen verwendet wird.\" \/>\n<meta property=\"og:url\" content=\"https:\/\/naturalpoland.com\/de\/produkte\/pflanzenextrakte\/pfingstrose-extrakt\/\" \/>\n<meta property=\"og:site_name\" content=\"NATURAL POLAND - IMPORT UND HANDEL VON ROHSTOFFEN\" \/>\n<meta property=\"article:publisher\" content=\"https:\/\/www.facebook.com\/naturalpoland.b2b\" \/>\n<meta property=\"og:image\" content=\"https:\/\/naturalpoland.com\/wp-content\/uploads\/ekstrakt-z-piwoni.webp\" \/>\n\t<meta property=\"og:image:width\" content=\"1024\" \/>\n\t<meta property=\"og:image:height\" content=\"1024\" \/>\n\t<meta property=\"og:image:type\" content=\"image\/webp\" \/>\n<script type=\"application\/ld+json\" class=\"yoast-schema-graph\">{\"@context\":\"https:\\\/\\\/schema.org\",\"@graph\":[{\"@type\":\"WebPage\",\"@id\":\"https:\\\/\\\/naturalpoland.com\\\/de\\\/produkte\\\/pflanzenextrakte\\\/pfingstrose-extrakt\\\/\",\"url\":\"https:\\\/\\\/naturalpoland.com\\\/de\\\/produkte\\\/pflanzenextrakte\\\/pfingstrose-extrakt\\\/\",\"name\":\"Pfingstrose-Extrakt - Gro\u00dfhandelsvertrieb\",\"isPartOf\":{\"@id\":\"https:\\\/\\\/naturalpoland.com\\\/de\\\/#website\"},\"primaryImageOfPage\":{\"@id\":\"https:\\\/\\\/naturalpoland.com\\\/de\\\/produkte\\\/pflanzenextrakte\\\/pfingstrose-extrakt\\\/#primaryimage\"},\"image\":{\"@id\":\"https:\\\/\\\/naturalpoland.com\\\/de\\\/produkte\\\/pflanzenextrakte\\\/pfingstrose-extrakt\\\/#primaryimage\"},\"thumbnailUrl\":\"https:\\\/\\\/naturalpoland.com\\\/wp-content\\\/uploads\\\/ekstrakt-z-piwoni.webp\",\"datePublished\":\"2025-05-29T13:53:02+00:00\",\"description\":\"Pfingstrosen-Extrakt, der aus der Wurzel der Paeonia lactiflora Pflanze gewonnen wird, ist ein Rohstoff, der zunehmend in modernen pflanzlichen Zubereitungen verwendet wird.\",\"breadcrumb\":{\"@id\":\"https:\\\/\\\/naturalpoland.com\\\/de\\\/produkte\\\/pflanzenextrakte\\\/pfingstrose-extrakt\\\/#breadcrumb\"},\"inLanguage\":\"de\",\"potentialAction\":[{\"@type\":\"ReadAction\",\"target\":[\"https:\\\/\\\/naturalpoland.com\\\/de\\\/produkte\\\/pflanzenextrakte\\\/pfingstrose-extrakt\\\/\"]}]},{\"@type\":\"ImageObject\",\"inLanguage\":\"de\",\"@id\":\"https:\\\/\\\/naturalpoland.com\\\/de\\\/produkte\\\/pflanzenextrakte\\\/pfingstrose-extrakt\\\/#primaryimage\",\"url\":\"https:\\\/\\\/naturalpoland.com\\\/wp-content\\\/uploads\\\/ekstrakt-z-piwoni.webp\",\"contentUrl\":\"https:\\\/\\\/naturalpoland.com\\\/wp-content\\\/uploads\\\/ekstrakt-z-piwoni.webp\",\"width\":1024,\"height\":1024,\"caption\":\"Ekstrakt z korzenia piwonii w proszku\"},{\"@type\":\"BreadcrumbList\",\"@id\":\"https:\\\/\\\/naturalpoland.com\\\/de\\\/produkte\\\/pflanzenextrakte\\\/pfingstrose-extrakt\\\/#breadcrumb\",\"itemListElement\":[{\"@type\":\"ListItem\",\"position\":1,\"name\":\"Startseite\",\"item\":\"https:\\\/\\\/naturalpoland.com\\\/de\\\/\"},{\"@type\":\"ListItem\",\"position\":2,\"name\":\"Produkte\",\"item\":\"https:\\\/\\\/naturalpoland.com\\\/de\\\/produkte\\\/\"},{\"@type\":\"ListItem\",\"position\":3,\"name\":\"Pfingstrose-Extrakt\"}]},{\"@type\":\"WebSite\",\"@id\":\"https:\\\/\\\/naturalpoland.com\\\/de\\\/#website\",\"url\":\"https:\\\/\\\/naturalpoland.com\\\/de\\\/\",\"name\":\"NATURAL POLAND - IMPORT UND HANDEL VON ROHSTOFFEN\",\"description\":\"Rohstoffe f\u00fcr die Lebensmittelindustrie, Kosmetikindustrie, Pharmaindustrie\",\"publisher\":{\"@id\":\"https:\\\/\\\/naturalpoland.com\\\/de\\\/#organization\"},\"potentialAction\":[{\"@type\":\"SearchAction\",\"target\":{\"@type\":\"EntryPoint\",\"urlTemplate\":\"https:\\\/\\\/naturalpoland.com\\\/de\\\/?s={search_term_string}\"},\"query-input\":{\"@type\":\"PropertyValueSpecification\",\"valueRequired\":true,\"valueName\":\"search_term_string\"}}],\"inLanguage\":\"de\"},{\"@type\":\"Organization\",\"@id\":\"https:\\\/\\\/naturalpoland.com\\\/de\\\/#organization\",\"name\":\"Natural Poland\",\"url\":\"https:\\\/\\\/naturalpoland.com\\\/de\\\/\",\"logo\":{\"@type\":\"ImageObject\",\"inLanguage\":\"de\",\"@id\":\"https:\\\/\\\/naturalpoland.com\\\/de\\\/#\\\/schema\\\/logo\\\/image\\\/\",\"url\":\"https:\\\/\\\/naturalpoland.com\\\/wp-content\\\/uploads\\\/2021\\\/05\\\/natural-poland-icon.png\",\"contentUrl\":\"https:\\\/\\\/naturalpoland.com\\\/wp-content\\\/uploads\\\/2021\\\/05\\\/natural-poland-icon.png\",\"width\":512,\"height\":512,\"caption\":\"Natural Poland\"},\"image\":{\"@id\":\"https:\\\/\\\/naturalpoland.com\\\/de\\\/#\\\/schema\\\/logo\\\/image\\\/\"},\"sameAs\":[\"https:\\\/\\\/www.facebook.com\\\/naturalpoland.b2b\",\"https:\\\/\\\/pl.linkedin.com\\\/company\\\/natural-poland\",\"https:\\\/\\\/www.youtube.com\\\/channel\\\/UCgeGGkvOMahZo-xu_MSEWxg\"]}]}<\/script>\n<!-- \/ Yoast SEO plugin. -->","yoast_head_json":{"title":"Pfingstrose-Extrakt - Gro\u00dfhandelsvertrieb","description":"Pfingstrosen-Extrakt, der aus der Wurzel der Paeonia lactiflora Pflanze gewonnen wird, ist ein Rohstoff, der zunehmend in modernen pflanzlichen Zubereitungen verwendet wird.","robots":{"index":"index","follow":"follow","max-snippet":"max-snippet:-1","max-image-preview":"max-image-preview:large","max-video-preview":"max-video-preview:-1"},"canonical":"https:\/\/naturalpoland.com\/de\/produkte\/pflanzenextrakte\/pfingstrose-extrakt\/","og_locale":"de_DE","og_type":"article","og_title":"Pfingstrose-Extrakt - Gro\u00dfhandelsvertrieb","og_description":"Pfingstrosen-Extrakt, der aus der Wurzel der Paeonia lactiflora Pflanze gewonnen wird, ist ein Rohstoff, der zunehmend in modernen pflanzlichen Zubereitungen verwendet wird.","og_url":"https:\/\/naturalpoland.com\/de\/produkte\/pflanzenextrakte\/pfingstrose-extrakt\/","og_site_name":"NATURAL POLAND - IMPORT UND HANDEL VON ROHSTOFFEN","article_publisher":"https:\/\/www.facebook.com\/naturalpoland.b2b","og_image":[{"width":1024,"height":1024,"url":"https:\/\/naturalpoland.com\/wp-content\/uploads\/ekstrakt-z-piwoni.webp","type":"image\/webp"}],"schema":{"@context":"https:\/\/schema.org","@graph":[{"@type":"WebPage","@id":"https:\/\/naturalpoland.com\/de\/produkte\/pflanzenextrakte\/pfingstrose-extrakt\/","url":"https:\/\/naturalpoland.com\/de\/produkte\/pflanzenextrakte\/pfingstrose-extrakt\/","name":"Pfingstrose-Extrakt - Gro\u00dfhandelsvertrieb","isPartOf":{"@id":"https:\/\/naturalpoland.com\/de\/#website"},"primaryImageOfPage":{"@id":"https:\/\/naturalpoland.com\/de\/produkte\/pflanzenextrakte\/pfingstrose-extrakt\/#primaryimage"},"image":{"@id":"https:\/\/naturalpoland.com\/de\/produkte\/pflanzenextrakte\/pfingstrose-extrakt\/#primaryimage"},"thumbnailUrl":"https:\/\/naturalpoland.com\/wp-content\/uploads\/ekstrakt-z-piwoni.webp","datePublished":"2025-05-29T13:53:02+00:00","description":"Pfingstrosen-Extrakt, der aus der Wurzel der Paeonia lactiflora Pflanze gewonnen wird, ist ein Rohstoff, der zunehmend in modernen pflanzlichen Zubereitungen verwendet wird.","breadcrumb":{"@id":"https:\/\/naturalpoland.com\/de\/produkte\/pflanzenextrakte\/pfingstrose-extrakt\/#breadcrumb"},"inLanguage":"de","potentialAction":[{"@type":"ReadAction","target":["https:\/\/naturalpoland.com\/de\/produkte\/pflanzenextrakte\/pfingstrose-extrakt\/"]}]},{"@type":"ImageObject","inLanguage":"de","@id":"https:\/\/naturalpoland.com\/de\/produkte\/pflanzenextrakte\/pfingstrose-extrakt\/#primaryimage","url":"https:\/\/naturalpoland.com\/wp-content\/uploads\/ekstrakt-z-piwoni.webp","contentUrl":"https:\/\/naturalpoland.com\/wp-content\/uploads\/ekstrakt-z-piwoni.webp","width":1024,"height":1024,"caption":"Ekstrakt z korzenia piwonii w proszku"},{"@type":"BreadcrumbList","@id":"https:\/\/naturalpoland.com\/de\/produkte\/pflanzenextrakte\/pfingstrose-extrakt\/#breadcrumb","itemListElement":[{"@type":"ListItem","position":1,"name":"Startseite","item":"https:\/\/naturalpoland.com\/de\/"},{"@type":"ListItem","position":2,"name":"Produkte","item":"https:\/\/naturalpoland.com\/de\/produkte\/"},{"@type":"ListItem","position":3,"name":"Pfingstrose-Extrakt"}]},{"@type":"WebSite","@id":"https:\/\/naturalpoland.com\/de\/#website","url":"https:\/\/naturalpoland.com\/de\/","name":"NATURAL POLAND - IMPORT UND HANDEL VON ROHSTOFFEN","description":"Rohstoffe f\u00fcr die Lebensmittelindustrie, Kosmetikindustrie, Pharmaindustrie","publisher":{"@id":"https:\/\/naturalpoland.com\/de\/#organization"},"potentialAction":[{"@type":"SearchAction","target":{"@type":"EntryPoint","urlTemplate":"https:\/\/naturalpoland.com\/de\/?s={search_term_string}"},"query-input":{"@type":"PropertyValueSpecification","valueRequired":true,"valueName":"search_term_string"}}],"inLanguage":"de"},{"@type":"Organization","@id":"https:\/\/naturalpoland.com\/de\/#organization","name":"Natural Poland","url":"https:\/\/naturalpoland.com\/de\/","logo":{"@type":"ImageObject","inLanguage":"de","@id":"https:\/\/naturalpoland.com\/de\/#\/schema\/logo\/image\/","url":"https:\/\/naturalpoland.com\/wp-content\/uploads\/2021\/05\/natural-poland-icon.png","contentUrl":"https:\/\/naturalpoland.com\/wp-content\/uploads\/2021\/05\/natural-poland-icon.png","width":512,"height":512,"caption":"Natural Poland"},"image":{"@id":"https:\/\/naturalpoland.com\/de\/#\/schema\/logo\/image\/"},"sameAs":["https:\/\/www.facebook.com\/naturalpoland.b2b","https:\/\/pl.linkedin.com\/company\/natural-poland","https:\/\/www.youtube.com\/channel\/UCgeGGkvOMahZo-xu_MSEWxg"]}]}},"_links":{"self":[{"href":"https:\/\/naturalpoland.com\/de\/wp-json\/wp\/v2\/product\/41300","targetHints":{"allow":["GET"]}}],"collection":[{"href":"https:\/\/naturalpoland.com\/de\/wp-json\/wp\/v2\/product"}],"about":[{"href":"https:\/\/naturalpoland.com\/de\/wp-json\/wp\/v2\/types\/product"}],"wp:featuredmedia":[{"embeddable":true,"href":"https:\/\/naturalpoland.com\/de\/wp-json\/wp\/v2\/media\/41240"}],"wp:attachment":[{"href":"https:\/\/naturalpoland.com\/de\/wp-json\/wp\/v2\/media?parent=41300"}],"wp:term":[{"taxonomy":"product_brand","embeddable":true,"href":"https:\/\/naturalpoland.com\/de\/wp-json\/wp\/v2\/product_brand?post=41300"},{"taxonomy":"product_cat","embeddable":true,"href":"https:\/\/naturalpoland.com\/de\/wp-json\/wp\/v2\/product_cat?post=41300"},{"taxonomy":"product_tag","embeddable":true,"href":"https:\/\/naturalpoland.com\/de\/wp-json\/wp\/v2\/product_tag?post=41300"}],"curies":[{"name":"wp","href":"https:\/\/api.w.org\/{rel}","templated":true}]}}