{"id":41891,"date":"2025-07-08T15:51:35","date_gmt":"2025-07-08T13:51:35","guid":{"rendered":"https:\/\/naturalpoland.com\/produkty\/unkategorisiert\/fosfolipidy-sojowe\/"},"modified":"2025-07-09T14:41:54","modified_gmt":"2025-07-09T12:41:54","slug":"fosfolipidy-sojowe","status":"publish","type":"product","link":"https:\/\/naturalpoland.com\/de\/produkte\/produkte-fur-die-pharmaindustrie\/nahrungserganzungmittel\/fosfolipidy-sojowe\/","title":{"rendered":"Sojaphospholipide"},"content":{"rendered":"<h2>Wof\u00fcr sind Sojaphospholipide gut?<\/h2>\n<p>Phospholipide spielen eine Schl\u00fcsselrolle f\u00fcr die Funktion des Organismus, da sie die grundlegenden Bausteine der Zellmembranen sind. <strong>Phosphatidylcholin<\/strong>, der Hauptbestandteil von Sojaphospholipiden, unterst\u00fctzt die Leberregeneration, verbessert das Lipidprofil (senkt den LDL-Cholesterinspiegel), wirkt sich positiv auf Ged\u00e4chtnis und Konzentration aus und unterst\u00fctzt das Nervensystem. Es wird auch in Nahrungserg\u00e4nzungsmitteln zur Gewichtsabnahme und Entgiftung des K\u00f6rpers eingesetzt. Phospholipide werden auch als Tr\u00e4ger f\u00fcr Wirkstoffe in modernen pharmazeutischen und nutrazeutischen Formulierungen (z. B. Liposomen) verwendet, was die Bioverf\u00fcgbarkeit von N\u00e4hr- und Heilmitteln erh\u00f6ht.   <\/p>\n<h2>Lohnt es sich, Phospholipide einzunehmen?<\/h2>\n<p>Ja \u2013 die Supplementierung mit Phospholipiden, insbesondere solchen aus Soja, hat nachweislich gesundheitliche Vorteile. Sie wird Personen empfohlen, die an Lebererkrankungen (z. B. Fettleber, Entz\u00fcndungen), kognitiven St\u00f6rungen, oxidativem Stress und \u00e4lteren Menschen leiden, bei denen die nat\u00fcrliche Phospholipidsynthese geschw\u00e4cht ist. Dar\u00fcber hinaus haben Phospholipide eine sch\u00fctzende Wirkung auf die Blutgef\u00e4\u00dfw\u00e4nde und unterst\u00fctzen die Hautregeneration, weshalb sie auch in Kosmetika und Dermokosmetika eingesetzt werden.  <\/p>\n<p><strong>Anwendung:<\/strong><\/p>\n<ul>\n<li>Nahrungserg\u00e4nzungsmittel (Unterst\u00fctzung von Leber, Gehirn, Nervensystem)<\/li>\n<li>Pharmazeutika (Wirkstofftr\u00e4ger, liposomale Formen)<\/li>\n<li>Nutrazeutika und funktionelle Lebensmittel<\/li>\n<li>Kosmetika (Feuchtigkeitspflege, Regeneration der Hautlipidbarriere)<\/li>\n<\/ul>\n","protected":false},"excerpt":{"rendered":"<p><strong>Sojaphospholipide<\/strong> sind ein Komplex nat\u00fcrlicher Lipide, die aus Sojalecithin gewonnen werden und einen hohen Gehalt an <strong>Phosphatidylcholin<\/strong> aufweisen. Das Produkt liegt in Form eines gelblichen Granulats mit charakteristischem Geruch vor. <\/p>\n","protected":false},"featured_media":41841,"template":"","meta":{"_acf_changed":false},"product_brand":[],"product_cat":[373],"product_tag":[],"class_list":{"0":"post-41891","1":"product","2":"type-product","3":"status-publish","4":"has-post-thumbnail","6":"product_cat-nahrungserganzungmittel","8":"first","9":"instock","10":"shipping-taxable","11":"product-type-simple"},"acf":[],"yoast_head":"<!-- This site is optimized with the Yoast SEO plugin v27.4 - https:\/\/yoast.com\/product\/yoast-seo-wordpress\/ -->\n<title>Sojaphospholipide - Gro\u00dfhandelsvertrieb<\/title>\n<meta name=\"description\" content=\"Sojaphospholipide sind ein Komplex nat\u00fcrlicher Lipide, die aus Sojalecithin gewonnen werden und einen hohen Gehalt an Phosphatidylcholin aufweisen.\" \/>\n<meta name=\"robots\" content=\"index, follow, max-snippet:-1, max-image-preview:large, max-video-preview:-1\" \/>\n<link rel=\"canonical\" href=\"https:\/\/naturalpoland.com\/de\/produkte\/produkte-fur-die-pharmaindustrie\/nahrungserganzungmittel\/fosfolipidy-sojowe\/\" \/>\n<meta property=\"og:locale\" content=\"de_DE\" \/>\n<meta property=\"og:type\" content=\"article\" \/>\n<meta property=\"og:title\" content=\"Sojaphospholipide - Gro\u00dfhandelsvertrieb\" \/>\n<meta property=\"og:description\" content=\"Sojaphospholipide sind ein Komplex nat\u00fcrlicher Lipide, die aus Sojalecithin gewonnen werden und einen hohen Gehalt an Phosphatidylcholin aufweisen.\" \/>\n<meta property=\"og:url\" content=\"https:\/\/naturalpoland.com\/de\/produkte\/produkte-fur-die-pharmaindustrie\/nahrungserganzungmittel\/fosfolipidy-sojowe\/\" \/>\n<meta property=\"og:site_name\" content=\"NATURAL POLAND - IMPORT UND HANDEL VON ROHSTOFFEN\" \/>\n<meta property=\"article:publisher\" content=\"https:\/\/www.facebook.com\/naturalpoland.b2b\" \/>\n<meta property=\"article:modified_time\" content=\"2025-07-09T12:41:54+00:00\" \/>\n<meta property=\"og:image\" content=\"https:\/\/naturalpoland.com\/wp-content\/uploads\/fosfolipidy-sojowe.webp\" \/>\n\t<meta property=\"og:image:width\" content=\"1024\" \/>\n\t<meta property=\"og:image:height\" content=\"1024\" \/>\n\t<meta property=\"og:image:type\" content=\"image\/webp\" \/>\n<script type=\"application\/ld+json\" class=\"yoast-schema-graph\">{\"@context\":\"https:\\\/\\\/schema.org\",\"@graph\":[{\"@type\":\"WebPage\",\"@id\":\"https:\\\/\\\/naturalpoland.com\\\/de\\\/produkte\\\/produkte-fur-die-pharmaindustrie\\\/nahrungserganzungmittel\\\/fosfolipidy-sojowe\\\/\",\"url\":\"https:\\\/\\\/naturalpoland.com\\\/de\\\/produkte\\\/produkte-fur-die-pharmaindustrie\\\/nahrungserganzungmittel\\\/fosfolipidy-sojowe\\\/\",\"name\":\"Sojaphospholipide - Gro\u00dfhandelsvertrieb\",\"isPartOf\":{\"@id\":\"https:\\\/\\\/naturalpoland.com\\\/de\\\/#website\"},\"primaryImageOfPage\":{\"@id\":\"https:\\\/\\\/naturalpoland.com\\\/de\\\/produkte\\\/produkte-fur-die-pharmaindustrie\\\/nahrungserganzungmittel\\\/fosfolipidy-sojowe\\\/#primaryimage\"},\"image\":{\"@id\":\"https:\\\/\\\/naturalpoland.com\\\/de\\\/produkte\\\/produkte-fur-die-pharmaindustrie\\\/nahrungserganzungmittel\\\/fosfolipidy-sojowe\\\/#primaryimage\"},\"thumbnailUrl\":\"https:\\\/\\\/naturalpoland.com\\\/wp-content\\\/uploads\\\/fosfolipidy-sojowe.webp\",\"datePublished\":\"2025-07-08T13:51:35+00:00\",\"dateModified\":\"2025-07-09T12:41:54+00:00\",\"description\":\"Sojaphospholipide sind ein Komplex nat\u00fcrlicher Lipide, die aus Sojalecithin gewonnen werden und einen hohen Gehalt an Phosphatidylcholin aufweisen.\",\"breadcrumb\":{\"@id\":\"https:\\\/\\\/naturalpoland.com\\\/de\\\/produkte\\\/produkte-fur-die-pharmaindustrie\\\/nahrungserganzungmittel\\\/fosfolipidy-sojowe\\\/#breadcrumb\"},\"inLanguage\":\"de\",\"potentialAction\":[{\"@type\":\"ReadAction\",\"target\":[\"https:\\\/\\\/naturalpoland.com\\\/de\\\/produkte\\\/produkte-fur-die-pharmaindustrie\\\/nahrungserganzungmittel\\\/fosfolipidy-sojowe\\\/\"]}]},{\"@type\":\"ImageObject\",\"inLanguage\":\"de\",\"@id\":\"https:\\\/\\\/naturalpoland.com\\\/de\\\/produkte\\\/produkte-fur-die-pharmaindustrie\\\/nahrungserganzungmittel\\\/fosfolipidy-sojowe\\\/#primaryimage\",\"url\":\"https:\\\/\\\/naturalpoland.com\\\/wp-content\\\/uploads\\\/fosfolipidy-sojowe.webp\",\"contentUrl\":\"https:\\\/\\\/naturalpoland.com\\\/wp-content\\\/uploads\\\/fosfolipidy-sojowe.webp\",\"width\":1024,\"height\":1024,\"caption\":\"fosfolipidy sojowe\"},{\"@type\":\"BreadcrumbList\",\"@id\":\"https:\\\/\\\/naturalpoland.com\\\/de\\\/produkte\\\/produkte-fur-die-pharmaindustrie\\\/nahrungserganzungmittel\\\/fosfolipidy-sojowe\\\/#breadcrumb\",\"itemListElement\":[{\"@type\":\"ListItem\",\"position\":1,\"name\":\"Startseite\",\"item\":\"https:\\\/\\\/naturalpoland.com\\\/de\\\/\"},{\"@type\":\"ListItem\",\"position\":2,\"name\":\"Produkte\",\"item\":\"https:\\\/\\\/naturalpoland.com\\\/de\\\/produkte\\\/\"},{\"@type\":\"ListItem\",\"position\":3,\"name\":\"Sojaphospholipide\"}]},{\"@type\":\"WebSite\",\"@id\":\"https:\\\/\\\/naturalpoland.com\\\/de\\\/#website\",\"url\":\"https:\\\/\\\/naturalpoland.com\\\/de\\\/\",\"name\":\"NATURAL POLAND - IMPORT UND HANDEL VON ROHSTOFFEN\",\"description\":\"Rohstoffe f\u00fcr die Lebensmittelindustrie, Kosmetikindustrie, Pharmaindustrie\",\"publisher\":{\"@id\":\"https:\\\/\\\/naturalpoland.com\\\/de\\\/#organization\"},\"potentialAction\":[{\"@type\":\"SearchAction\",\"target\":{\"@type\":\"EntryPoint\",\"urlTemplate\":\"https:\\\/\\\/naturalpoland.com\\\/de\\\/?s={search_term_string}\"},\"query-input\":{\"@type\":\"PropertyValueSpecification\",\"valueRequired\":true,\"valueName\":\"search_term_string\"}}],\"inLanguage\":\"de\"},{\"@type\":\"Organization\",\"@id\":\"https:\\\/\\\/naturalpoland.com\\\/de\\\/#organization\",\"name\":\"Natural Poland\",\"url\":\"https:\\\/\\\/naturalpoland.com\\\/de\\\/\",\"logo\":{\"@type\":\"ImageObject\",\"inLanguage\":\"de\",\"@id\":\"https:\\\/\\\/naturalpoland.com\\\/de\\\/#\\\/schema\\\/logo\\\/image\\\/\",\"url\":\"https:\\\/\\\/naturalpoland.com\\\/wp-content\\\/uploads\\\/2021\\\/05\\\/natural-poland-icon.png\",\"contentUrl\":\"https:\\\/\\\/naturalpoland.com\\\/wp-content\\\/uploads\\\/2021\\\/05\\\/natural-poland-icon.png\",\"width\":512,\"height\":512,\"caption\":\"Natural Poland\"},\"image\":{\"@id\":\"https:\\\/\\\/naturalpoland.com\\\/de\\\/#\\\/schema\\\/logo\\\/image\\\/\"},\"sameAs\":[\"https:\\\/\\\/www.facebook.com\\\/naturalpoland.b2b\",\"https:\\\/\\\/pl.linkedin.com\\\/company\\\/natural-poland\",\"https:\\\/\\\/www.youtube.com\\\/channel\\\/UCgeGGkvOMahZo-xu_MSEWxg\"]}]}<\/script>\n<!-- \/ Yoast SEO plugin. -->","yoast_head_json":{"title":"Sojaphospholipide - Gro\u00dfhandelsvertrieb","description":"Sojaphospholipide sind ein Komplex nat\u00fcrlicher Lipide, die aus Sojalecithin gewonnen werden und einen hohen Gehalt an Phosphatidylcholin aufweisen.","robots":{"index":"index","follow":"follow","max-snippet":"max-snippet:-1","max-image-preview":"max-image-preview:large","max-video-preview":"max-video-preview:-1"},"canonical":"https:\/\/naturalpoland.com\/de\/produkte\/produkte-fur-die-pharmaindustrie\/nahrungserganzungmittel\/fosfolipidy-sojowe\/","og_locale":"de_DE","og_type":"article","og_title":"Sojaphospholipide - Gro\u00dfhandelsvertrieb","og_description":"Sojaphospholipide sind ein Komplex nat\u00fcrlicher Lipide, die aus Sojalecithin gewonnen werden und einen hohen Gehalt an Phosphatidylcholin aufweisen.","og_url":"https:\/\/naturalpoland.com\/de\/produkte\/produkte-fur-die-pharmaindustrie\/nahrungserganzungmittel\/fosfolipidy-sojowe\/","og_site_name":"NATURAL POLAND - IMPORT UND HANDEL VON ROHSTOFFEN","article_publisher":"https:\/\/www.facebook.com\/naturalpoland.b2b","article_modified_time":"2025-07-09T12:41:54+00:00","og_image":[{"width":1024,"height":1024,"url":"https:\/\/naturalpoland.com\/wp-content\/uploads\/fosfolipidy-sojowe.webp","type":"image\/webp"}],"schema":{"@context":"https:\/\/schema.org","@graph":[{"@type":"WebPage","@id":"https:\/\/naturalpoland.com\/de\/produkte\/produkte-fur-die-pharmaindustrie\/nahrungserganzungmittel\/fosfolipidy-sojowe\/","url":"https:\/\/naturalpoland.com\/de\/produkte\/produkte-fur-die-pharmaindustrie\/nahrungserganzungmittel\/fosfolipidy-sojowe\/","name":"Sojaphospholipide - Gro\u00dfhandelsvertrieb","isPartOf":{"@id":"https:\/\/naturalpoland.com\/de\/#website"},"primaryImageOfPage":{"@id":"https:\/\/naturalpoland.com\/de\/produkte\/produkte-fur-die-pharmaindustrie\/nahrungserganzungmittel\/fosfolipidy-sojowe\/#primaryimage"},"image":{"@id":"https:\/\/naturalpoland.com\/de\/produkte\/produkte-fur-die-pharmaindustrie\/nahrungserganzungmittel\/fosfolipidy-sojowe\/#primaryimage"},"thumbnailUrl":"https:\/\/naturalpoland.com\/wp-content\/uploads\/fosfolipidy-sojowe.webp","datePublished":"2025-07-08T13:51:35+00:00","dateModified":"2025-07-09T12:41:54+00:00","description":"Sojaphospholipide sind ein Komplex nat\u00fcrlicher Lipide, die aus Sojalecithin gewonnen werden und einen hohen Gehalt an Phosphatidylcholin aufweisen.","breadcrumb":{"@id":"https:\/\/naturalpoland.com\/de\/produkte\/produkte-fur-die-pharmaindustrie\/nahrungserganzungmittel\/fosfolipidy-sojowe\/#breadcrumb"},"inLanguage":"de","potentialAction":[{"@type":"ReadAction","target":["https:\/\/naturalpoland.com\/de\/produkte\/produkte-fur-die-pharmaindustrie\/nahrungserganzungmittel\/fosfolipidy-sojowe\/"]}]},{"@type":"ImageObject","inLanguage":"de","@id":"https:\/\/naturalpoland.com\/de\/produkte\/produkte-fur-die-pharmaindustrie\/nahrungserganzungmittel\/fosfolipidy-sojowe\/#primaryimage","url":"https:\/\/naturalpoland.com\/wp-content\/uploads\/fosfolipidy-sojowe.webp","contentUrl":"https:\/\/naturalpoland.com\/wp-content\/uploads\/fosfolipidy-sojowe.webp","width":1024,"height":1024,"caption":"fosfolipidy sojowe"},{"@type":"BreadcrumbList","@id":"https:\/\/naturalpoland.com\/de\/produkte\/produkte-fur-die-pharmaindustrie\/nahrungserganzungmittel\/fosfolipidy-sojowe\/#breadcrumb","itemListElement":[{"@type":"ListItem","position":1,"name":"Startseite","item":"https:\/\/naturalpoland.com\/de\/"},{"@type":"ListItem","position":2,"name":"Produkte","item":"https:\/\/naturalpoland.com\/de\/produkte\/"},{"@type":"ListItem","position":3,"name":"Sojaphospholipide"}]},{"@type":"WebSite","@id":"https:\/\/naturalpoland.com\/de\/#website","url":"https:\/\/naturalpoland.com\/de\/","name":"NATURAL POLAND - IMPORT UND HANDEL VON ROHSTOFFEN","description":"Rohstoffe f\u00fcr die Lebensmittelindustrie, Kosmetikindustrie, Pharmaindustrie","publisher":{"@id":"https:\/\/naturalpoland.com\/de\/#organization"},"potentialAction":[{"@type":"SearchAction","target":{"@type":"EntryPoint","urlTemplate":"https:\/\/naturalpoland.com\/de\/?s={search_term_string}"},"query-input":{"@type":"PropertyValueSpecification","valueRequired":true,"valueName":"search_term_string"}}],"inLanguage":"de"},{"@type":"Organization","@id":"https:\/\/naturalpoland.com\/de\/#organization","name":"Natural Poland","url":"https:\/\/naturalpoland.com\/de\/","logo":{"@type":"ImageObject","inLanguage":"de","@id":"https:\/\/naturalpoland.com\/de\/#\/schema\/logo\/image\/","url":"https:\/\/naturalpoland.com\/wp-content\/uploads\/2021\/05\/natural-poland-icon.png","contentUrl":"https:\/\/naturalpoland.com\/wp-content\/uploads\/2021\/05\/natural-poland-icon.png","width":512,"height":512,"caption":"Natural Poland"},"image":{"@id":"https:\/\/naturalpoland.com\/de\/#\/schema\/logo\/image\/"},"sameAs":["https:\/\/www.facebook.com\/naturalpoland.b2b","https:\/\/pl.linkedin.com\/company\/natural-poland","https:\/\/www.youtube.com\/channel\/UCgeGGkvOMahZo-xu_MSEWxg"]}]}},"_links":{"self":[{"href":"https:\/\/naturalpoland.com\/de\/wp-json\/wp\/v2\/product\/41891","targetHints":{"allow":["GET"]}}],"collection":[{"href":"https:\/\/naturalpoland.com\/de\/wp-json\/wp\/v2\/product"}],"about":[{"href":"https:\/\/naturalpoland.com\/de\/wp-json\/wp\/v2\/types\/product"}],"wp:featuredmedia":[{"embeddable":true,"href":"https:\/\/naturalpoland.com\/de\/wp-json\/wp\/v2\/media\/41841"}],"wp:attachment":[{"href":"https:\/\/naturalpoland.com\/de\/wp-json\/wp\/v2\/media?parent=41891"}],"wp:term":[{"taxonomy":"product_brand","embeddable":true,"href":"https:\/\/naturalpoland.com\/de\/wp-json\/wp\/v2\/product_brand?post=41891"},{"taxonomy":"product_cat","embeddable":true,"href":"https:\/\/naturalpoland.com\/de\/wp-json\/wp\/v2\/product_cat?post=41891"},{"taxonomy":"product_tag","embeddable":true,"href":"https:\/\/naturalpoland.com\/de\/wp-json\/wp\/v2\/product_tag?post=41891"}],"curies":[{"name":"wp","href":"https:\/\/api.w.org\/{rel}","templated":true}]}}