{"id":42540,"date":"2025-07-17T16:36:08","date_gmt":"2025-07-17T14:36:08","guid":{"rendered":"https:\/\/naturalpoland.com\/produkty\/unkategorisiert\/zinkricinoleat\/"},"modified":"2025-08-07T14:15:20","modified_gmt":"2025-08-07T12:15:20","slug":"zinkricinoleat","status":"publish","type":"product","link":"https:\/\/naturalpoland.com\/de\/produkte\/produkte-fur-die-kosmetikindustrie\/rohstoffe-fur-kosmetika\/zinkricinoleat\/","title":{"rendered":"Zinkricinoleat"},"content":{"rendered":"<h2>Eigenschaften und Anwendung von Zinkricinoleat<\/h2>\n<p>Zinkricinoleat wird in der Kosmetikindustrie h\u00e4ufig eingesetzt, vor allem als wirksamer <strong>Geruchsneutralisator<\/strong>. Dank seiner einzigartigen F\u00e4higkeit, fl\u00fcchtige Geruchsmolek\u00fcle zu binden, \u00fcberdeckt es deren Geruch nicht wie typische Duftstoffe, sondern bindet sie chemisch und eliminiert sie so. Dies macht es besonders wertvoll in Deodorants und Antitranspirantien sowie in Produkten zur Pflege von F\u00fc\u00dfen oder Problemhaut.  <\/p>\n<p>Das Produkt zeichnet sich durch hohe Reinheit und Stabilit\u00e4t aus. Es hat einen leicht sauren pH-Wert im Bereich von 3\u20135 und wird daher von der Haut gut vertragen. Die Produktfeuchtigkeit ist sehr gering, was seine Haltbarkeit und Stabilit\u00e4t belegt.  <\/p>\n<p>Zinkricinoleat kann auch in Kosmetika f\u00fcr empfindliche Haut, Naturkosmetika und \u201e\u201efree from\u201c\u201c-Formulierungen verwendet werden \u2013 z. B. ohne Alkohol, ohne Aluminiumsalze oder ohne k\u00fcnstliche Duftstoffe.<\/p>\n","protected":false},"excerpt":{"rendered":"<p><strong>Zinkricinoleat<\/strong> ist eine chemische Verbindung, die aus Ricinols\u00e4ure (nat\u00fcrlich in Rizinus\u00f6l enthalten) und Zink entsteht.<\/p>\n","protected":false},"featured_media":42088,"template":"","meta":[],"product_brand":[],"product_cat":[381],"product_tag":[],"class_list":{"0":"post-42540","1":"product","2":"type-product","3":"status-publish","4":"has-post-thumbnail","6":"product_cat-rohstoffe-fur-kosmetika","8":"first","9":"instock","10":"shipping-taxable","11":"product-type-simple"},"yoast_head":"<!-- This site is optimized with the Yoast SEO plugin v27.3 - https:\/\/yoast.com\/product\/yoast-seo-wordpress\/ -->\n<title>Zinkricinoleat - Gro\u00dfhandelsvertrieb<\/title>\n<meta name=\"description\" content=\"Zinkricinoleat ist eine chemische Verbindung, die aus Ricinols\u00e4ure (nat\u00fcrlich in Rizinus\u00f6l enthalten) und Zink entsteht.\" \/>\n<meta name=\"robots\" content=\"index, follow, max-snippet:-1, max-image-preview:large, max-video-preview:-1\" \/>\n<link rel=\"canonical\" href=\"https:\/\/naturalpoland.com\/de\/produkte\/produkte-fur-die-kosmetikindustrie\/rohstoffe-fur-kosmetika\/zinkricinoleat\/\" \/>\n<meta property=\"og:locale\" content=\"de_DE\" \/>\n<meta property=\"og:type\" content=\"article\" \/>\n<meta property=\"og:title\" content=\"Zinkricinoleat - Gro\u00dfhandelsvertrieb\" \/>\n<meta property=\"og:description\" content=\"Zinkricinoleat ist eine chemische Verbindung, die aus Ricinols\u00e4ure (nat\u00fcrlich in Rizinus\u00f6l enthalten) und Zink entsteht.\" \/>\n<meta property=\"og:url\" content=\"https:\/\/naturalpoland.com\/de\/produkte\/produkte-fur-die-kosmetikindustrie\/rohstoffe-fur-kosmetika\/zinkricinoleat\/\" \/>\n<meta property=\"og:site_name\" content=\"NATURAL POLAND - IMPORT UND HANDEL VON ROHSTOFFEN\" \/>\n<meta property=\"article:publisher\" content=\"https:\/\/www.facebook.com\/naturalpoland.b2b\" \/>\n<meta property=\"article:modified_time\" content=\"2025-08-07T12:15:20+00:00\" \/>\n<meta property=\"og:image\" content=\"https:\/\/naturalpoland.com\/wp-content\/uploads\/rycynooleinian-cynku.webp\" \/>\n\t<meta property=\"og:image:width\" content=\"1024\" \/>\n\t<meta property=\"og:image:height\" content=\"1024\" \/>\n\t<meta property=\"og:image:type\" content=\"image\/webp\" \/>\n<script type=\"application\/ld+json\" class=\"yoast-schema-graph\">{\"@context\":\"https:\\\/\\\/schema.org\",\"@graph\":[{\"@type\":\"WebPage\",\"@id\":\"https:\\\/\\\/naturalpoland.com\\\/de\\\/produkte\\\/produkte-fur-die-kosmetikindustrie\\\/rohstoffe-fur-kosmetika\\\/zinkricinoleat\\\/\",\"url\":\"https:\\\/\\\/naturalpoland.com\\\/de\\\/produkte\\\/produkte-fur-die-kosmetikindustrie\\\/rohstoffe-fur-kosmetika\\\/zinkricinoleat\\\/\",\"name\":\"Zinkricinoleat - Gro\u00dfhandelsvertrieb\",\"isPartOf\":{\"@id\":\"https:\\\/\\\/naturalpoland.com\\\/de\\\/#website\"},\"primaryImageOfPage\":{\"@id\":\"https:\\\/\\\/naturalpoland.com\\\/de\\\/produkte\\\/produkte-fur-die-kosmetikindustrie\\\/rohstoffe-fur-kosmetika\\\/zinkricinoleat\\\/#primaryimage\"},\"image\":{\"@id\":\"https:\\\/\\\/naturalpoland.com\\\/de\\\/produkte\\\/produkte-fur-die-kosmetikindustrie\\\/rohstoffe-fur-kosmetika\\\/zinkricinoleat\\\/#primaryimage\"},\"thumbnailUrl\":\"https:\\\/\\\/naturalpoland.com\\\/wp-content\\\/uploads\\\/rycynooleinian-cynku.webp\",\"datePublished\":\"2025-07-17T14:36:08+00:00\",\"dateModified\":\"2025-08-07T12:15:20+00:00\",\"description\":\"Zinkricinoleat ist eine chemische Verbindung, die aus Ricinols\u00e4ure (nat\u00fcrlich in Rizinus\u00f6l enthalten) und Zink entsteht.\",\"breadcrumb\":{\"@id\":\"https:\\\/\\\/naturalpoland.com\\\/de\\\/produkte\\\/produkte-fur-die-kosmetikindustrie\\\/rohstoffe-fur-kosmetika\\\/zinkricinoleat\\\/#breadcrumb\"},\"inLanguage\":\"de\",\"potentialAction\":[{\"@type\":\"ReadAction\",\"target\":[\"https:\\\/\\\/naturalpoland.com\\\/de\\\/produkte\\\/produkte-fur-die-kosmetikindustrie\\\/rohstoffe-fur-kosmetika\\\/zinkricinoleat\\\/\"]}]},{\"@type\":\"ImageObject\",\"inLanguage\":\"de\",\"@id\":\"https:\\\/\\\/naturalpoland.com\\\/de\\\/produkte\\\/produkte-fur-die-kosmetikindustrie\\\/rohstoffe-fur-kosmetika\\\/zinkricinoleat\\\/#primaryimage\",\"url\":\"https:\\\/\\\/naturalpoland.com\\\/wp-content\\\/uploads\\\/rycynooleinian-cynku.webp\",\"contentUrl\":\"https:\\\/\\\/naturalpoland.com\\\/wp-content\\\/uploads\\\/rycynooleinian-cynku.webp\",\"width\":1024,\"height\":1024,\"caption\":\"rycynooleinian cynku\"},{\"@type\":\"BreadcrumbList\",\"@id\":\"https:\\\/\\\/naturalpoland.com\\\/de\\\/produkte\\\/produkte-fur-die-kosmetikindustrie\\\/rohstoffe-fur-kosmetika\\\/zinkricinoleat\\\/#breadcrumb\",\"itemListElement\":[{\"@type\":\"ListItem\",\"position\":1,\"name\":\"Startseite\",\"item\":\"https:\\\/\\\/naturalpoland.com\\\/de\\\/\"},{\"@type\":\"ListItem\",\"position\":2,\"name\":\"Produkte\",\"item\":\"https:\\\/\\\/naturalpoland.com\\\/de\\\/produkte\\\/\"},{\"@type\":\"ListItem\",\"position\":3,\"name\":\"Zinkricinoleat\"}]},{\"@type\":\"WebSite\",\"@id\":\"https:\\\/\\\/naturalpoland.com\\\/de\\\/#website\",\"url\":\"https:\\\/\\\/naturalpoland.com\\\/de\\\/\",\"name\":\"NATURAL POLAND - IMPORT UND HANDEL VON ROHSTOFFEN\",\"description\":\"Rohstoffe f\u00fcr die Lebensmittelindustrie, Kosmetikindustrie, Pharmaindustrie\",\"publisher\":{\"@id\":\"https:\\\/\\\/naturalpoland.com\\\/de\\\/#organization\"},\"potentialAction\":[{\"@type\":\"SearchAction\",\"target\":{\"@type\":\"EntryPoint\",\"urlTemplate\":\"https:\\\/\\\/naturalpoland.com\\\/de\\\/?s={search_term_string}\"},\"query-input\":{\"@type\":\"PropertyValueSpecification\",\"valueRequired\":true,\"valueName\":\"search_term_string\"}}],\"inLanguage\":\"de\"},{\"@type\":\"Organization\",\"@id\":\"https:\\\/\\\/naturalpoland.com\\\/de\\\/#organization\",\"name\":\"Natural Poland\",\"url\":\"https:\\\/\\\/naturalpoland.com\\\/de\\\/\",\"logo\":{\"@type\":\"ImageObject\",\"inLanguage\":\"de\",\"@id\":\"https:\\\/\\\/naturalpoland.com\\\/de\\\/#\\\/schema\\\/logo\\\/image\\\/\",\"url\":\"https:\\\/\\\/naturalpoland.com\\\/wp-content\\\/uploads\\\/2021\\\/05\\\/natural-poland-icon.png\",\"contentUrl\":\"https:\\\/\\\/naturalpoland.com\\\/wp-content\\\/uploads\\\/2021\\\/05\\\/natural-poland-icon.png\",\"width\":512,\"height\":512,\"caption\":\"Natural Poland\"},\"image\":{\"@id\":\"https:\\\/\\\/naturalpoland.com\\\/de\\\/#\\\/schema\\\/logo\\\/image\\\/\"},\"sameAs\":[\"https:\\\/\\\/www.facebook.com\\\/naturalpoland.b2b\",\"https:\\\/\\\/pl.linkedin.com\\\/company\\\/natural-poland\",\"https:\\\/\\\/www.youtube.com\\\/channel\\\/UCgeGGkvOMahZo-xu_MSEWxg\"]}]}<\/script>\n<!-- \/ Yoast SEO plugin. -->","yoast_head_json":{"title":"Zinkricinoleat - Gro\u00dfhandelsvertrieb","description":"Zinkricinoleat ist eine chemische Verbindung, die aus Ricinols\u00e4ure (nat\u00fcrlich in Rizinus\u00f6l enthalten) und Zink entsteht.","robots":{"index":"index","follow":"follow","max-snippet":"max-snippet:-1","max-image-preview":"max-image-preview:large","max-video-preview":"max-video-preview:-1"},"canonical":"https:\/\/naturalpoland.com\/de\/produkte\/produkte-fur-die-kosmetikindustrie\/rohstoffe-fur-kosmetika\/zinkricinoleat\/","og_locale":"de_DE","og_type":"article","og_title":"Zinkricinoleat - Gro\u00dfhandelsvertrieb","og_description":"Zinkricinoleat ist eine chemische Verbindung, die aus Ricinols\u00e4ure (nat\u00fcrlich in Rizinus\u00f6l enthalten) und Zink entsteht.","og_url":"https:\/\/naturalpoland.com\/de\/produkte\/produkte-fur-die-kosmetikindustrie\/rohstoffe-fur-kosmetika\/zinkricinoleat\/","og_site_name":"NATURAL POLAND - IMPORT UND HANDEL VON ROHSTOFFEN","article_publisher":"https:\/\/www.facebook.com\/naturalpoland.b2b","article_modified_time":"2025-08-07T12:15:20+00:00","og_image":[{"width":1024,"height":1024,"url":"https:\/\/naturalpoland.com\/wp-content\/uploads\/rycynooleinian-cynku.webp","type":"image\/webp"}],"schema":{"@context":"https:\/\/schema.org","@graph":[{"@type":"WebPage","@id":"https:\/\/naturalpoland.com\/de\/produkte\/produkte-fur-die-kosmetikindustrie\/rohstoffe-fur-kosmetika\/zinkricinoleat\/","url":"https:\/\/naturalpoland.com\/de\/produkte\/produkte-fur-die-kosmetikindustrie\/rohstoffe-fur-kosmetika\/zinkricinoleat\/","name":"Zinkricinoleat - Gro\u00dfhandelsvertrieb","isPartOf":{"@id":"https:\/\/naturalpoland.com\/de\/#website"},"primaryImageOfPage":{"@id":"https:\/\/naturalpoland.com\/de\/produkte\/produkte-fur-die-kosmetikindustrie\/rohstoffe-fur-kosmetika\/zinkricinoleat\/#primaryimage"},"image":{"@id":"https:\/\/naturalpoland.com\/de\/produkte\/produkte-fur-die-kosmetikindustrie\/rohstoffe-fur-kosmetika\/zinkricinoleat\/#primaryimage"},"thumbnailUrl":"https:\/\/naturalpoland.com\/wp-content\/uploads\/rycynooleinian-cynku.webp","datePublished":"2025-07-17T14:36:08+00:00","dateModified":"2025-08-07T12:15:20+00:00","description":"Zinkricinoleat ist eine chemische Verbindung, die aus Ricinols\u00e4ure (nat\u00fcrlich in Rizinus\u00f6l enthalten) und Zink entsteht.","breadcrumb":{"@id":"https:\/\/naturalpoland.com\/de\/produkte\/produkte-fur-die-kosmetikindustrie\/rohstoffe-fur-kosmetika\/zinkricinoleat\/#breadcrumb"},"inLanguage":"de","potentialAction":[{"@type":"ReadAction","target":["https:\/\/naturalpoland.com\/de\/produkte\/produkte-fur-die-kosmetikindustrie\/rohstoffe-fur-kosmetika\/zinkricinoleat\/"]}]},{"@type":"ImageObject","inLanguage":"de","@id":"https:\/\/naturalpoland.com\/de\/produkte\/produkte-fur-die-kosmetikindustrie\/rohstoffe-fur-kosmetika\/zinkricinoleat\/#primaryimage","url":"https:\/\/naturalpoland.com\/wp-content\/uploads\/rycynooleinian-cynku.webp","contentUrl":"https:\/\/naturalpoland.com\/wp-content\/uploads\/rycynooleinian-cynku.webp","width":1024,"height":1024,"caption":"rycynooleinian cynku"},{"@type":"BreadcrumbList","@id":"https:\/\/naturalpoland.com\/de\/produkte\/produkte-fur-die-kosmetikindustrie\/rohstoffe-fur-kosmetika\/zinkricinoleat\/#breadcrumb","itemListElement":[{"@type":"ListItem","position":1,"name":"Startseite","item":"https:\/\/naturalpoland.com\/de\/"},{"@type":"ListItem","position":2,"name":"Produkte","item":"https:\/\/naturalpoland.com\/de\/produkte\/"},{"@type":"ListItem","position":3,"name":"Zinkricinoleat"}]},{"@type":"WebSite","@id":"https:\/\/naturalpoland.com\/de\/#website","url":"https:\/\/naturalpoland.com\/de\/","name":"NATURAL POLAND - IMPORT UND HANDEL VON ROHSTOFFEN","description":"Rohstoffe f\u00fcr die Lebensmittelindustrie, Kosmetikindustrie, Pharmaindustrie","publisher":{"@id":"https:\/\/naturalpoland.com\/de\/#organization"},"potentialAction":[{"@type":"SearchAction","target":{"@type":"EntryPoint","urlTemplate":"https:\/\/naturalpoland.com\/de\/?s={search_term_string}"},"query-input":{"@type":"PropertyValueSpecification","valueRequired":true,"valueName":"search_term_string"}}],"inLanguage":"de"},{"@type":"Organization","@id":"https:\/\/naturalpoland.com\/de\/#organization","name":"Natural Poland","url":"https:\/\/naturalpoland.com\/de\/","logo":{"@type":"ImageObject","inLanguage":"de","@id":"https:\/\/naturalpoland.com\/de\/#\/schema\/logo\/image\/","url":"https:\/\/naturalpoland.com\/wp-content\/uploads\/2021\/05\/natural-poland-icon.png","contentUrl":"https:\/\/naturalpoland.com\/wp-content\/uploads\/2021\/05\/natural-poland-icon.png","width":512,"height":512,"caption":"Natural Poland"},"image":{"@id":"https:\/\/naturalpoland.com\/de\/#\/schema\/logo\/image\/"},"sameAs":["https:\/\/www.facebook.com\/naturalpoland.b2b","https:\/\/pl.linkedin.com\/company\/natural-poland","https:\/\/www.youtube.com\/channel\/UCgeGGkvOMahZo-xu_MSEWxg"]}]}},"_links":{"self":[{"href":"https:\/\/naturalpoland.com\/de\/wp-json\/wp\/v2\/product\/42540","targetHints":{"allow":["GET"]}}],"collection":[{"href":"https:\/\/naturalpoland.com\/de\/wp-json\/wp\/v2\/product"}],"about":[{"href":"https:\/\/naturalpoland.com\/de\/wp-json\/wp\/v2\/types\/product"}],"wp:featuredmedia":[{"embeddable":true,"href":"https:\/\/naturalpoland.com\/de\/wp-json\/wp\/v2\/media\/42088"}],"wp:attachment":[{"href":"https:\/\/naturalpoland.com\/de\/wp-json\/wp\/v2\/media?parent=42540"}],"wp:term":[{"taxonomy":"product_brand","embeddable":true,"href":"https:\/\/naturalpoland.com\/de\/wp-json\/wp\/v2\/product_brand?post=42540"},{"taxonomy":"product_cat","embeddable":true,"href":"https:\/\/naturalpoland.com\/de\/wp-json\/wp\/v2\/product_cat?post=42540"},{"taxonomy":"product_tag","embeddable":true,"href":"https:\/\/naturalpoland.com\/de\/wp-json\/wp\/v2\/product_tag?post=42540"}],"curies":[{"name":"wp","href":"https:\/\/api.w.org\/{rel}","templated":true}]}}