{"id":42565,"date":"2025-07-17T15:11:45","date_gmt":"2025-07-17T13:11:45","guid":{"rendered":"https:\/\/naturalpoland.com\/produkty\/unkategorisiert\/baobabfruchtpulver\/"},"modified":"2025-08-07T14:19:39","modified_gmt":"2025-08-07T12:19:39","slug":"baobabfruchtpulver","status":"publish","type":"product","link":"https:\/\/naturalpoland.com\/de\/produkte\/produkte-fur-die-pharmaindustrie\/nahrungserganzungmittel\/baobabfruchtpulver\/","title":{"rendered":"Baobabfruchtpulver"},"content":{"rendered":"<h2>Eigenschaften von Baobabpulver<\/h2>\n<p>Baobabpulver ist eine wertvolle Quelle f\u00fcr Vitamine (insbesondere Vitamin C), Antioxidantien, Ballaststoffe sowie Mineralstoffe wie Kalzium, Kalium, Magnesium und Eisen. Dank seiner Eigenschaften kann es: <\/p>\n<ul>\n<li>das Immunsystem unterst\u00fctzen,<\/li>\n<li>die Verdauung verbessern,<\/li>\n<li>den Stoffwechsel f\u00f6rdern,<\/li>\n<li>den Energielevel auf nat\u00fcrliche Weise erh\u00f6hen.<\/li>\n<\/ul>\n<p>Aufgrund seines hohen Ballaststoffgehalts wird es auch oft als Bestandteil verwendet, der die Darmperistaltik und <strong>die Gesundheit der Darmmikrobiota<\/strong> unterst\u00fctzt.<\/p>\n<h2>Anwendung<\/h2>\n<p>Die Anwendung von Baobabpulver umfasst die Lebensmittel-, Nahrungserg\u00e4nzungsmittel- und Kosmetikindustrie. Es kann als Bestandteil von funktionellen Getr\u00e4nken, Riegeln, N\u00e4hrstoffpulvern, pflanzlichen Joghurts oder als nat\u00fcrliches Verdickungsmittel und N\u00e4hrwertverst\u00e4rker verwendet werden. In Kosmetika \u2013 insbesondere in Naturkosmetika \u2013 wird es als Inhaltsstoff mit feuchtigkeitsspendender, aufhellender und antioxidativer Wirkung eingesetzt.  <\/p>\n<p>Dank seines milden Geschmacks und seiner gesundheitsf\u00f6rdernden Eigenschaften ist Baobabpulver eine wertvolle und vielseitige Zutat f\u00fcr viele Rezepturen, die die Funktionalit\u00e4t und den Wert der Endprodukte unterst\u00fctzt.<\/p>\n","protected":false},"excerpt":{"rendered":"<p>Bio-<strong>Baobabfruchtpulver<\/strong> wird aus dem Fruchtfleisch der Fr\u00fcchte des Baobab-Baumes (<em>Adansonia digitata<\/em>) gewonnen, auch bekannt als \u201eBaum des Lebens\u201c. Dieser Rohstoff zeichnet sich durch einen charakteristischen Geruch und Geschmack aus, frei von jeglichen Fremdnoten. Es ist ein 100 % nat\u00fcrliches und bio-zertifiziertes Produkt.  <\/p>\n","protected":false},"featured_media":42059,"template":"","meta":{"_acf_changed":false},"product_brand":[],"product_cat":[349,373],"product_tag":[],"class_list":{"0":"post-42565","1":"product","2":"type-product","3":"status-publish","4":"has-post-thumbnail","6":"product_cat-rohstoffe-fur-die-produktion","7":"product_cat-nahrungserganzungmittel","8":"pa_czesc-rosliny-obst","10":"first","11":"instock","12":"shipping-taxable","13":"product-type-simple"},"acf":[],"yoast_head":"<!-- This site is optimized with the Yoast SEO plugin v27.6 - https:\/\/yoast.com\/product\/yoast-seo-wordpress\/ -->\n<title>Baobabfruchtpulver - Gro\u00dfhandelsvertrieb<\/title>\n<meta name=\"description\" content=\"Bio-Baobabfruchtpulver ist ein nat\u00fcrlicher Rohstoff, der aus dem Fruchtfleisch der Fr\u00fcchte des Baobab-Baumes (Adansonia digitata) gewonnen wird.\" \/>\n<meta name=\"robots\" content=\"index, follow, max-snippet:-1, max-image-preview:large, max-video-preview:-1\" \/>\n<link rel=\"canonical\" href=\"https:\/\/naturalpoland.com\/de\/produkte\/produkte-fur-die-pharmaindustrie\/nahrungserganzungmittel\/baobabfruchtpulver\/\" \/>\n<meta property=\"og:locale\" content=\"de_DE\" \/>\n<meta property=\"og:type\" content=\"article\" \/>\n<meta property=\"og:title\" content=\"Baobabfruchtpulver - Gro\u00dfhandelsvertrieb\" \/>\n<meta property=\"og:description\" content=\"Bio-Baobabfruchtpulver ist ein nat\u00fcrlicher Rohstoff, der aus dem Fruchtfleisch der Fr\u00fcchte des Baobab-Baumes (Adansonia digitata) gewonnen wird.\" \/>\n<meta property=\"og:url\" content=\"https:\/\/naturalpoland.com\/de\/produkte\/produkte-fur-die-pharmaindustrie\/nahrungserganzungmittel\/baobabfruchtpulver\/\" \/>\n<meta property=\"og:site_name\" content=\"NATURAL POLAND - IMPORT UND HANDEL VON ROHSTOFFEN\" \/>\n<meta property=\"article:publisher\" content=\"https:\/\/www.facebook.com\/naturalpoland.b2b\" \/>\n<meta property=\"article:modified_time\" content=\"2025-08-07T12:19:39+00:00\" \/>\n<meta property=\"og:image\" content=\"https:\/\/naturalpoland.com\/wp-content\/uploads\/proszek-z-owocu-baobabu.webp\" \/>\n\t<meta property=\"og:image:width\" content=\"1024\" \/>\n\t<meta property=\"og:image:height\" content=\"1024\" \/>\n\t<meta property=\"og:image:type\" content=\"image\/webp\" \/>\n<script type=\"application\/ld+json\" class=\"yoast-schema-graph\">{\"@context\":\"https:\\\/\\\/schema.org\",\"@graph\":[{\"@type\":\"WebPage\",\"@id\":\"https:\\\/\\\/naturalpoland.com\\\/de\\\/produkte\\\/produkte-fur-die-pharmaindustrie\\\/nahrungserganzungmittel\\\/baobabfruchtpulver\\\/\",\"url\":\"https:\\\/\\\/naturalpoland.com\\\/de\\\/produkte\\\/produkte-fur-die-pharmaindustrie\\\/nahrungserganzungmittel\\\/baobabfruchtpulver\\\/\",\"name\":\"Baobabfruchtpulver - Gro\u00dfhandelsvertrieb\",\"isPartOf\":{\"@id\":\"https:\\\/\\\/naturalpoland.com\\\/de\\\/#website\"},\"primaryImageOfPage\":{\"@id\":\"https:\\\/\\\/naturalpoland.com\\\/de\\\/produkte\\\/produkte-fur-die-pharmaindustrie\\\/nahrungserganzungmittel\\\/baobabfruchtpulver\\\/#primaryimage\"},\"image\":{\"@id\":\"https:\\\/\\\/naturalpoland.com\\\/de\\\/produkte\\\/produkte-fur-die-pharmaindustrie\\\/nahrungserganzungmittel\\\/baobabfruchtpulver\\\/#primaryimage\"},\"thumbnailUrl\":\"https:\\\/\\\/naturalpoland.com\\\/wp-content\\\/uploads\\\/proszek-z-owocu-baobabu.webp\",\"datePublished\":\"2025-07-17T13:11:45+00:00\",\"dateModified\":\"2025-08-07T12:19:39+00:00\",\"description\":\"Bio-Baobabfruchtpulver ist ein nat\u00fcrlicher Rohstoff, der aus dem Fruchtfleisch der Fr\u00fcchte des Baobab-Baumes (Adansonia digitata) gewonnen wird.\",\"breadcrumb\":{\"@id\":\"https:\\\/\\\/naturalpoland.com\\\/de\\\/produkte\\\/produkte-fur-die-pharmaindustrie\\\/nahrungserganzungmittel\\\/baobabfruchtpulver\\\/#breadcrumb\"},\"inLanguage\":\"de\",\"potentialAction\":[{\"@type\":\"ReadAction\",\"target\":[\"https:\\\/\\\/naturalpoland.com\\\/de\\\/produkte\\\/produkte-fur-die-pharmaindustrie\\\/nahrungserganzungmittel\\\/baobabfruchtpulver\\\/\"]}]},{\"@type\":\"ImageObject\",\"inLanguage\":\"de\",\"@id\":\"https:\\\/\\\/naturalpoland.com\\\/de\\\/produkte\\\/produkte-fur-die-pharmaindustrie\\\/nahrungserganzungmittel\\\/baobabfruchtpulver\\\/#primaryimage\",\"url\":\"https:\\\/\\\/naturalpoland.com\\\/wp-content\\\/uploads\\\/proszek-z-owocu-baobabu.webp\",\"contentUrl\":\"https:\\\/\\\/naturalpoland.com\\\/wp-content\\\/uploads\\\/proszek-z-owocu-baobabu.webp\",\"width\":1024,\"height\":1024,\"caption\":\"proszek z owoc\u00f3w baobabu\"},{\"@type\":\"BreadcrumbList\",\"@id\":\"https:\\\/\\\/naturalpoland.com\\\/de\\\/produkte\\\/produkte-fur-die-pharmaindustrie\\\/nahrungserganzungmittel\\\/baobabfruchtpulver\\\/#breadcrumb\",\"itemListElement\":[{\"@type\":\"ListItem\",\"position\":1,\"name\":\"Startseite\",\"item\":\"https:\\\/\\\/naturalpoland.com\\\/de\\\/\"},{\"@type\":\"ListItem\",\"position\":2,\"name\":\"Produkte\",\"item\":\"https:\\\/\\\/naturalpoland.com\\\/de\\\/produkte\\\/\"},{\"@type\":\"ListItem\",\"position\":3,\"name\":\"Baobabfruchtpulver\"}]},{\"@type\":\"WebSite\",\"@id\":\"https:\\\/\\\/naturalpoland.com\\\/de\\\/#website\",\"url\":\"https:\\\/\\\/naturalpoland.com\\\/de\\\/\",\"name\":\"NATURAL POLAND - IMPORT UND HANDEL VON ROHSTOFFEN\",\"description\":\"Rohstoffe f\u00fcr die Lebensmittelindustrie, Kosmetikindustrie, Pharmaindustrie\",\"publisher\":{\"@id\":\"https:\\\/\\\/naturalpoland.com\\\/de\\\/#organization\"},\"potentialAction\":[{\"@type\":\"SearchAction\",\"target\":{\"@type\":\"EntryPoint\",\"urlTemplate\":\"https:\\\/\\\/naturalpoland.com\\\/de\\\/?s={search_term_string}\"},\"query-input\":{\"@type\":\"PropertyValueSpecification\",\"valueRequired\":true,\"valueName\":\"search_term_string\"}}],\"inLanguage\":\"de\"},{\"@type\":\"Organization\",\"@id\":\"https:\\\/\\\/naturalpoland.com\\\/de\\\/#organization\",\"name\":\"Natural Poland\",\"url\":\"https:\\\/\\\/naturalpoland.com\\\/de\\\/\",\"logo\":{\"@type\":\"ImageObject\",\"inLanguage\":\"de\",\"@id\":\"https:\\\/\\\/naturalpoland.com\\\/de\\\/#\\\/schema\\\/logo\\\/image\\\/\",\"url\":\"https:\\\/\\\/naturalpoland.com\\\/wp-content\\\/uploads\\\/2021\\\/05\\\/natural-poland-icon.png\",\"contentUrl\":\"https:\\\/\\\/naturalpoland.com\\\/wp-content\\\/uploads\\\/2021\\\/05\\\/natural-poland-icon.png\",\"width\":512,\"height\":512,\"caption\":\"Natural Poland\"},\"image\":{\"@id\":\"https:\\\/\\\/naturalpoland.com\\\/de\\\/#\\\/schema\\\/logo\\\/image\\\/\"},\"sameAs\":[\"https:\\\/\\\/www.facebook.com\\\/naturalpoland.b2b\",\"https:\\\/\\\/pl.linkedin.com\\\/company\\\/natural-poland\",\"https:\\\/\\\/www.youtube.com\\\/channel\\\/UCgeGGkvOMahZo-xu_MSEWxg\"]}]}<\/script>\n<!-- \/ Yoast SEO plugin. -->","yoast_head_json":{"title":"Baobabfruchtpulver - Gro\u00dfhandelsvertrieb","description":"Bio-Baobabfruchtpulver ist ein nat\u00fcrlicher Rohstoff, der aus dem Fruchtfleisch der Fr\u00fcchte des Baobab-Baumes (Adansonia digitata) gewonnen wird.","robots":{"index":"index","follow":"follow","max-snippet":"max-snippet:-1","max-image-preview":"max-image-preview:large","max-video-preview":"max-video-preview:-1"},"canonical":"https:\/\/naturalpoland.com\/de\/produkte\/produkte-fur-die-pharmaindustrie\/nahrungserganzungmittel\/baobabfruchtpulver\/","og_locale":"de_DE","og_type":"article","og_title":"Baobabfruchtpulver - Gro\u00dfhandelsvertrieb","og_description":"Bio-Baobabfruchtpulver ist ein nat\u00fcrlicher Rohstoff, der aus dem Fruchtfleisch der Fr\u00fcchte des Baobab-Baumes (Adansonia digitata) gewonnen wird.","og_url":"https:\/\/naturalpoland.com\/de\/produkte\/produkte-fur-die-pharmaindustrie\/nahrungserganzungmittel\/baobabfruchtpulver\/","og_site_name":"NATURAL POLAND - IMPORT UND HANDEL VON ROHSTOFFEN","article_publisher":"https:\/\/www.facebook.com\/naturalpoland.b2b","article_modified_time":"2025-08-07T12:19:39+00:00","og_image":[{"width":1024,"height":1024,"url":"https:\/\/naturalpoland.com\/wp-content\/uploads\/proszek-z-owocu-baobabu.webp","type":"image\/webp"}],"schema":{"@context":"https:\/\/schema.org","@graph":[{"@type":"WebPage","@id":"https:\/\/naturalpoland.com\/de\/produkte\/produkte-fur-die-pharmaindustrie\/nahrungserganzungmittel\/baobabfruchtpulver\/","url":"https:\/\/naturalpoland.com\/de\/produkte\/produkte-fur-die-pharmaindustrie\/nahrungserganzungmittel\/baobabfruchtpulver\/","name":"Baobabfruchtpulver - Gro\u00dfhandelsvertrieb","isPartOf":{"@id":"https:\/\/naturalpoland.com\/de\/#website"},"primaryImageOfPage":{"@id":"https:\/\/naturalpoland.com\/de\/produkte\/produkte-fur-die-pharmaindustrie\/nahrungserganzungmittel\/baobabfruchtpulver\/#primaryimage"},"image":{"@id":"https:\/\/naturalpoland.com\/de\/produkte\/produkte-fur-die-pharmaindustrie\/nahrungserganzungmittel\/baobabfruchtpulver\/#primaryimage"},"thumbnailUrl":"https:\/\/naturalpoland.com\/wp-content\/uploads\/proszek-z-owocu-baobabu.webp","datePublished":"2025-07-17T13:11:45+00:00","dateModified":"2025-08-07T12:19:39+00:00","description":"Bio-Baobabfruchtpulver ist ein nat\u00fcrlicher Rohstoff, der aus dem Fruchtfleisch der Fr\u00fcchte des Baobab-Baumes (Adansonia digitata) gewonnen wird.","breadcrumb":{"@id":"https:\/\/naturalpoland.com\/de\/produkte\/produkte-fur-die-pharmaindustrie\/nahrungserganzungmittel\/baobabfruchtpulver\/#breadcrumb"},"inLanguage":"de","potentialAction":[{"@type":"ReadAction","target":["https:\/\/naturalpoland.com\/de\/produkte\/produkte-fur-die-pharmaindustrie\/nahrungserganzungmittel\/baobabfruchtpulver\/"]}]},{"@type":"ImageObject","inLanguage":"de","@id":"https:\/\/naturalpoland.com\/de\/produkte\/produkte-fur-die-pharmaindustrie\/nahrungserganzungmittel\/baobabfruchtpulver\/#primaryimage","url":"https:\/\/naturalpoland.com\/wp-content\/uploads\/proszek-z-owocu-baobabu.webp","contentUrl":"https:\/\/naturalpoland.com\/wp-content\/uploads\/proszek-z-owocu-baobabu.webp","width":1024,"height":1024,"caption":"proszek z owoc\u00f3w baobabu"},{"@type":"BreadcrumbList","@id":"https:\/\/naturalpoland.com\/de\/produkte\/produkte-fur-die-pharmaindustrie\/nahrungserganzungmittel\/baobabfruchtpulver\/#breadcrumb","itemListElement":[{"@type":"ListItem","position":1,"name":"Startseite","item":"https:\/\/naturalpoland.com\/de\/"},{"@type":"ListItem","position":2,"name":"Produkte","item":"https:\/\/naturalpoland.com\/de\/produkte\/"},{"@type":"ListItem","position":3,"name":"Baobabfruchtpulver"}]},{"@type":"WebSite","@id":"https:\/\/naturalpoland.com\/de\/#website","url":"https:\/\/naturalpoland.com\/de\/","name":"NATURAL POLAND - IMPORT UND HANDEL VON ROHSTOFFEN","description":"Rohstoffe f\u00fcr die Lebensmittelindustrie, Kosmetikindustrie, Pharmaindustrie","publisher":{"@id":"https:\/\/naturalpoland.com\/de\/#organization"},"potentialAction":[{"@type":"SearchAction","target":{"@type":"EntryPoint","urlTemplate":"https:\/\/naturalpoland.com\/de\/?s={search_term_string}"},"query-input":{"@type":"PropertyValueSpecification","valueRequired":true,"valueName":"search_term_string"}}],"inLanguage":"de"},{"@type":"Organization","@id":"https:\/\/naturalpoland.com\/de\/#organization","name":"Natural Poland","url":"https:\/\/naturalpoland.com\/de\/","logo":{"@type":"ImageObject","inLanguage":"de","@id":"https:\/\/naturalpoland.com\/de\/#\/schema\/logo\/image\/","url":"https:\/\/naturalpoland.com\/wp-content\/uploads\/2021\/05\/natural-poland-icon.png","contentUrl":"https:\/\/naturalpoland.com\/wp-content\/uploads\/2021\/05\/natural-poland-icon.png","width":512,"height":512,"caption":"Natural Poland"},"image":{"@id":"https:\/\/naturalpoland.com\/de\/#\/schema\/logo\/image\/"},"sameAs":["https:\/\/www.facebook.com\/naturalpoland.b2b","https:\/\/pl.linkedin.com\/company\/natural-poland","https:\/\/www.youtube.com\/channel\/UCgeGGkvOMahZo-xu_MSEWxg"]}]}},"_links":{"self":[{"href":"https:\/\/naturalpoland.com\/de\/wp-json\/wp\/v2\/product\/42565","targetHints":{"allow":["GET"]}}],"collection":[{"href":"https:\/\/naturalpoland.com\/de\/wp-json\/wp\/v2\/product"}],"about":[{"href":"https:\/\/naturalpoland.com\/de\/wp-json\/wp\/v2\/types\/product"}],"wp:featuredmedia":[{"embeddable":true,"href":"https:\/\/naturalpoland.com\/de\/wp-json\/wp\/v2\/media\/42059"}],"wp:attachment":[{"href":"https:\/\/naturalpoland.com\/de\/wp-json\/wp\/v2\/media?parent=42565"}],"wp:term":[{"taxonomy":"product_brand","embeddable":true,"href":"https:\/\/naturalpoland.com\/de\/wp-json\/wp\/v2\/product_brand?post=42565"},{"taxonomy":"product_cat","embeddable":true,"href":"https:\/\/naturalpoland.com\/de\/wp-json\/wp\/v2\/product_cat?post=42565"},{"taxonomy":"product_tag","embeddable":true,"href":"https:\/\/naturalpoland.com\/de\/wp-json\/wp\/v2\/product_tag?post=42565"}],"curies":[{"name":"wp","href":"https:\/\/api.w.org\/{rel}","templated":true}]}}