{"id":42963,"date":"2025-08-25T15:38:59","date_gmt":"2025-08-25T13:38:59","guid":{"rendered":"https:\/\/naturalpoland.com\/produkty\/unkategorisiert\/aureobasidium-pullulans-ferment\/"},"modified":"2025-08-26T10:37:48","modified_gmt":"2025-08-26T08:37:48","slug":"aureobasidium-pullulans-ferment","status":"publish","type":"product","link":"https:\/\/naturalpoland.com\/de\/produkte\/produkte-fur-die-kosmetikindustrie\/fermentierte-extrakte\/aureobasidium-pullulans-ferment\/","title":{"rendered":"Aureobasidium pullulans Ferment"},"content":{"rendered":"<h2>Eigenschaften und Wirkung:<\/h2>\n<ul>\n<li>Bildet einen Schutzfilm, der die Haut vor Verunreinigungen und Austrocknung sch\u00fctzt<\/li>\n<li>Wirkt gl\u00e4ttend und straffend, verbessert die Hautelastizit\u00e4t<\/li>\n<li>Zeigt eine starke antioxidative Wirkung \u2013 sch\u00fctzt Zellen vor oxidativem Stress<\/li>\n<li>Kann das allgemeine Erscheinungsbild und die Textur der Haut verbessern<\/li>\n<\/ul>\n<h2>Anwendung:<\/h2>\n<p>Wird in gl\u00e4ttenden und liftenden Produkten f\u00fcr Gesicht und K\u00f6rper verwendet. Besonders empfohlen f\u00fcr Naturkosmetik, Clean Beauty und Anti-Aging-Formulierungen. <\/p>\n","protected":false},"excerpt":{"rendered":"<p>Das Ferment, das aus hefe\u00e4hnlichen Pilzen <em>Aureobasidium pullulans<\/em> gewonnen wird, ist bekannt daf\u00fcr, auf der Haut einen sp\u00fcrbaren, sch\u00fctzenden Film mit liftender und gl\u00e4ttender Wirkung zu bilden. Sein nat\u00fcrlicher Ursprung und seine milde Wirkung machen es zu einem universellen Wirkstoff. <\/p>\n","protected":false},"featured_media":42949,"template":"","meta":[],"product_brand":[],"product_cat":[2695,10350],"product_tag":[],"class_list":{"0":"post-42963","1":"product","2":"type-product","3":"status-publish","4":"has-post-thumbnail","6":"product_cat-fermentierte-extrakte","7":"product_cat-koreanische-rohstoffe","9":"first","10":"instock","11":"shipping-taxable","12":"product-type-simple"},"yoast_head":"<!-- This site is optimized with the Yoast SEO plugin v27.3 - https:\/\/yoast.com\/product\/yoast-seo-wordpress\/ -->\n<title>Aureobasidium pullulans Ferment - Gro\u00dfhandelsvertrieb<\/title>\n<meta name=\"description\" content=\"Aureobasidium pullulans Ferment, aus hefe\u00e4hnlichen Pilzen gewonnen, ist nat\u00fcrlich und mild.\" \/>\n<meta name=\"robots\" content=\"index, follow, max-snippet:-1, max-image-preview:large, max-video-preview:-1\" \/>\n<link rel=\"canonical\" href=\"https:\/\/naturalpoland.com\/de\/produkte\/produkte-fur-die-kosmetikindustrie\/fermentierte-extrakte\/aureobasidium-pullulans-ferment\/\" \/>\n<meta property=\"og:locale\" content=\"de_DE\" \/>\n<meta property=\"og:type\" content=\"article\" \/>\n<meta property=\"og:title\" content=\"Aureobasidium pullulans Ferment - Gro\u00dfhandelsvertrieb\" \/>\n<meta property=\"og:description\" content=\"Aureobasidium pullulans Ferment, aus hefe\u00e4hnlichen Pilzen gewonnen, ist nat\u00fcrlich und mild.\" \/>\n<meta property=\"og:url\" content=\"https:\/\/naturalpoland.com\/de\/produkte\/produkte-fur-die-kosmetikindustrie\/fermentierte-extrakte\/aureobasidium-pullulans-ferment\/\" \/>\n<meta property=\"og:site_name\" content=\"NATURAL POLAND - IMPORT UND HANDEL VON ROHSTOFFEN\" \/>\n<meta property=\"article:publisher\" content=\"https:\/\/www.facebook.com\/naturalpoland.b2b\" \/>\n<meta property=\"article:modified_time\" content=\"2025-08-26T08:37:48+00:00\" \/>\n<meta property=\"og:image\" content=\"https:\/\/naturalpoland.com\/wp-content\/uploads\/ferment-aureobasidium-pullulans.webp\" \/>\n\t<meta property=\"og:image:width\" content=\"1024\" \/>\n\t<meta property=\"og:image:height\" content=\"1024\" \/>\n\t<meta property=\"og:image:type\" content=\"image\/webp\" \/>\n<script type=\"application\/ld+json\" class=\"yoast-schema-graph\">{\"@context\":\"https:\\\/\\\/schema.org\",\"@graph\":[{\"@type\":\"WebPage\",\"@id\":\"https:\\\/\\\/naturalpoland.com\\\/de\\\/produkte\\\/produkte-fur-die-kosmetikindustrie\\\/fermentierte-extrakte\\\/aureobasidium-pullulans-ferment\\\/\",\"url\":\"https:\\\/\\\/naturalpoland.com\\\/de\\\/produkte\\\/produkte-fur-die-kosmetikindustrie\\\/fermentierte-extrakte\\\/aureobasidium-pullulans-ferment\\\/\",\"name\":\"Aureobasidium pullulans Ferment - Gro\u00dfhandelsvertrieb\",\"isPartOf\":{\"@id\":\"https:\\\/\\\/naturalpoland.com\\\/de\\\/#website\"},\"primaryImageOfPage\":{\"@id\":\"https:\\\/\\\/naturalpoland.com\\\/de\\\/produkte\\\/produkte-fur-die-kosmetikindustrie\\\/fermentierte-extrakte\\\/aureobasidium-pullulans-ferment\\\/#primaryimage\"},\"image\":{\"@id\":\"https:\\\/\\\/naturalpoland.com\\\/de\\\/produkte\\\/produkte-fur-die-kosmetikindustrie\\\/fermentierte-extrakte\\\/aureobasidium-pullulans-ferment\\\/#primaryimage\"},\"thumbnailUrl\":\"https:\\\/\\\/naturalpoland.com\\\/wp-content\\\/uploads\\\/ferment-aureobasidium-pullulans.webp\",\"datePublished\":\"2025-08-25T13:38:59+00:00\",\"dateModified\":\"2025-08-26T08:37:48+00:00\",\"description\":\"Aureobasidium pullulans Ferment, aus hefe\u00e4hnlichen Pilzen gewonnen, ist nat\u00fcrlich und mild.\",\"breadcrumb\":{\"@id\":\"https:\\\/\\\/naturalpoland.com\\\/de\\\/produkte\\\/produkte-fur-die-kosmetikindustrie\\\/fermentierte-extrakte\\\/aureobasidium-pullulans-ferment\\\/#breadcrumb\"},\"inLanguage\":\"de\",\"potentialAction\":[{\"@type\":\"ReadAction\",\"target\":[\"https:\\\/\\\/naturalpoland.com\\\/de\\\/produkte\\\/produkte-fur-die-kosmetikindustrie\\\/fermentierte-extrakte\\\/aureobasidium-pullulans-ferment\\\/\"]}]},{\"@type\":\"ImageObject\",\"inLanguage\":\"de\",\"@id\":\"https:\\\/\\\/naturalpoland.com\\\/de\\\/produkte\\\/produkte-fur-die-kosmetikindustrie\\\/fermentierte-extrakte\\\/aureobasidium-pullulans-ferment\\\/#primaryimage\",\"url\":\"https:\\\/\\\/naturalpoland.com\\\/wp-content\\\/uploads\\\/ferment-aureobasidium-pullulans.webp\",\"contentUrl\":\"https:\\\/\\\/naturalpoland.com\\\/wp-content\\\/uploads\\\/ferment-aureobasidium-pullulans.webp\",\"width\":1024,\"height\":1024,\"caption\":\"Ferment Aureobasidium pullulans\"},{\"@type\":\"BreadcrumbList\",\"@id\":\"https:\\\/\\\/naturalpoland.com\\\/de\\\/produkte\\\/produkte-fur-die-kosmetikindustrie\\\/fermentierte-extrakte\\\/aureobasidium-pullulans-ferment\\\/#breadcrumb\",\"itemListElement\":[{\"@type\":\"ListItem\",\"position\":1,\"name\":\"Startseite\",\"item\":\"https:\\\/\\\/naturalpoland.com\\\/de\\\/\"},{\"@type\":\"ListItem\",\"position\":2,\"name\":\"Produkte\",\"item\":\"https:\\\/\\\/naturalpoland.com\\\/de\\\/produkte\\\/\"},{\"@type\":\"ListItem\",\"position\":3,\"name\":\"Aureobasidium pullulans Ferment\"}]},{\"@type\":\"WebSite\",\"@id\":\"https:\\\/\\\/naturalpoland.com\\\/de\\\/#website\",\"url\":\"https:\\\/\\\/naturalpoland.com\\\/de\\\/\",\"name\":\"NATURAL POLAND - IMPORT UND HANDEL VON ROHSTOFFEN\",\"description\":\"Rohstoffe f\u00fcr die Lebensmittelindustrie, Kosmetikindustrie, Pharmaindustrie\",\"publisher\":{\"@id\":\"https:\\\/\\\/naturalpoland.com\\\/de\\\/#organization\"},\"potentialAction\":[{\"@type\":\"SearchAction\",\"target\":{\"@type\":\"EntryPoint\",\"urlTemplate\":\"https:\\\/\\\/naturalpoland.com\\\/de\\\/?s={search_term_string}\"},\"query-input\":{\"@type\":\"PropertyValueSpecification\",\"valueRequired\":true,\"valueName\":\"search_term_string\"}}],\"inLanguage\":\"de\"},{\"@type\":\"Organization\",\"@id\":\"https:\\\/\\\/naturalpoland.com\\\/de\\\/#organization\",\"name\":\"Natural Poland\",\"url\":\"https:\\\/\\\/naturalpoland.com\\\/de\\\/\",\"logo\":{\"@type\":\"ImageObject\",\"inLanguage\":\"de\",\"@id\":\"https:\\\/\\\/naturalpoland.com\\\/de\\\/#\\\/schema\\\/logo\\\/image\\\/\",\"url\":\"https:\\\/\\\/naturalpoland.com\\\/wp-content\\\/uploads\\\/2021\\\/05\\\/natural-poland-icon.png\",\"contentUrl\":\"https:\\\/\\\/naturalpoland.com\\\/wp-content\\\/uploads\\\/2021\\\/05\\\/natural-poland-icon.png\",\"width\":512,\"height\":512,\"caption\":\"Natural Poland\"},\"image\":{\"@id\":\"https:\\\/\\\/naturalpoland.com\\\/de\\\/#\\\/schema\\\/logo\\\/image\\\/\"},\"sameAs\":[\"https:\\\/\\\/www.facebook.com\\\/naturalpoland.b2b\",\"https:\\\/\\\/pl.linkedin.com\\\/company\\\/natural-poland\",\"https:\\\/\\\/www.youtube.com\\\/channel\\\/UCgeGGkvOMahZo-xu_MSEWxg\"]}]}<\/script>\n<!-- \/ Yoast SEO plugin. -->","yoast_head_json":{"title":"Aureobasidium pullulans Ferment - Gro\u00dfhandelsvertrieb","description":"Aureobasidium pullulans Ferment, aus hefe\u00e4hnlichen Pilzen gewonnen, ist nat\u00fcrlich und mild.","robots":{"index":"index","follow":"follow","max-snippet":"max-snippet:-1","max-image-preview":"max-image-preview:large","max-video-preview":"max-video-preview:-1"},"canonical":"https:\/\/naturalpoland.com\/de\/produkte\/produkte-fur-die-kosmetikindustrie\/fermentierte-extrakte\/aureobasidium-pullulans-ferment\/","og_locale":"de_DE","og_type":"article","og_title":"Aureobasidium pullulans Ferment - Gro\u00dfhandelsvertrieb","og_description":"Aureobasidium pullulans Ferment, aus hefe\u00e4hnlichen Pilzen gewonnen, ist nat\u00fcrlich und mild.","og_url":"https:\/\/naturalpoland.com\/de\/produkte\/produkte-fur-die-kosmetikindustrie\/fermentierte-extrakte\/aureobasidium-pullulans-ferment\/","og_site_name":"NATURAL POLAND - IMPORT UND HANDEL VON ROHSTOFFEN","article_publisher":"https:\/\/www.facebook.com\/naturalpoland.b2b","article_modified_time":"2025-08-26T08:37:48+00:00","og_image":[{"width":1024,"height":1024,"url":"https:\/\/naturalpoland.com\/wp-content\/uploads\/ferment-aureobasidium-pullulans.webp","type":"image\/webp"}],"schema":{"@context":"https:\/\/schema.org","@graph":[{"@type":"WebPage","@id":"https:\/\/naturalpoland.com\/de\/produkte\/produkte-fur-die-kosmetikindustrie\/fermentierte-extrakte\/aureobasidium-pullulans-ferment\/","url":"https:\/\/naturalpoland.com\/de\/produkte\/produkte-fur-die-kosmetikindustrie\/fermentierte-extrakte\/aureobasidium-pullulans-ferment\/","name":"Aureobasidium pullulans Ferment - Gro\u00dfhandelsvertrieb","isPartOf":{"@id":"https:\/\/naturalpoland.com\/de\/#website"},"primaryImageOfPage":{"@id":"https:\/\/naturalpoland.com\/de\/produkte\/produkte-fur-die-kosmetikindustrie\/fermentierte-extrakte\/aureobasidium-pullulans-ferment\/#primaryimage"},"image":{"@id":"https:\/\/naturalpoland.com\/de\/produkte\/produkte-fur-die-kosmetikindustrie\/fermentierte-extrakte\/aureobasidium-pullulans-ferment\/#primaryimage"},"thumbnailUrl":"https:\/\/naturalpoland.com\/wp-content\/uploads\/ferment-aureobasidium-pullulans.webp","datePublished":"2025-08-25T13:38:59+00:00","dateModified":"2025-08-26T08:37:48+00:00","description":"Aureobasidium pullulans Ferment, aus hefe\u00e4hnlichen Pilzen gewonnen, ist nat\u00fcrlich und mild.","breadcrumb":{"@id":"https:\/\/naturalpoland.com\/de\/produkte\/produkte-fur-die-kosmetikindustrie\/fermentierte-extrakte\/aureobasidium-pullulans-ferment\/#breadcrumb"},"inLanguage":"de","potentialAction":[{"@type":"ReadAction","target":["https:\/\/naturalpoland.com\/de\/produkte\/produkte-fur-die-kosmetikindustrie\/fermentierte-extrakte\/aureobasidium-pullulans-ferment\/"]}]},{"@type":"ImageObject","inLanguage":"de","@id":"https:\/\/naturalpoland.com\/de\/produkte\/produkte-fur-die-kosmetikindustrie\/fermentierte-extrakte\/aureobasidium-pullulans-ferment\/#primaryimage","url":"https:\/\/naturalpoland.com\/wp-content\/uploads\/ferment-aureobasidium-pullulans.webp","contentUrl":"https:\/\/naturalpoland.com\/wp-content\/uploads\/ferment-aureobasidium-pullulans.webp","width":1024,"height":1024,"caption":"Ferment Aureobasidium pullulans"},{"@type":"BreadcrumbList","@id":"https:\/\/naturalpoland.com\/de\/produkte\/produkte-fur-die-kosmetikindustrie\/fermentierte-extrakte\/aureobasidium-pullulans-ferment\/#breadcrumb","itemListElement":[{"@type":"ListItem","position":1,"name":"Startseite","item":"https:\/\/naturalpoland.com\/de\/"},{"@type":"ListItem","position":2,"name":"Produkte","item":"https:\/\/naturalpoland.com\/de\/produkte\/"},{"@type":"ListItem","position":3,"name":"Aureobasidium pullulans Ferment"}]},{"@type":"WebSite","@id":"https:\/\/naturalpoland.com\/de\/#website","url":"https:\/\/naturalpoland.com\/de\/","name":"NATURAL POLAND - IMPORT UND HANDEL VON ROHSTOFFEN","description":"Rohstoffe f\u00fcr die Lebensmittelindustrie, Kosmetikindustrie, Pharmaindustrie","publisher":{"@id":"https:\/\/naturalpoland.com\/de\/#organization"},"potentialAction":[{"@type":"SearchAction","target":{"@type":"EntryPoint","urlTemplate":"https:\/\/naturalpoland.com\/de\/?s={search_term_string}"},"query-input":{"@type":"PropertyValueSpecification","valueRequired":true,"valueName":"search_term_string"}}],"inLanguage":"de"},{"@type":"Organization","@id":"https:\/\/naturalpoland.com\/de\/#organization","name":"Natural Poland","url":"https:\/\/naturalpoland.com\/de\/","logo":{"@type":"ImageObject","inLanguage":"de","@id":"https:\/\/naturalpoland.com\/de\/#\/schema\/logo\/image\/","url":"https:\/\/naturalpoland.com\/wp-content\/uploads\/2021\/05\/natural-poland-icon.png","contentUrl":"https:\/\/naturalpoland.com\/wp-content\/uploads\/2021\/05\/natural-poland-icon.png","width":512,"height":512,"caption":"Natural Poland"},"image":{"@id":"https:\/\/naturalpoland.com\/de\/#\/schema\/logo\/image\/"},"sameAs":["https:\/\/www.facebook.com\/naturalpoland.b2b","https:\/\/pl.linkedin.com\/company\/natural-poland","https:\/\/www.youtube.com\/channel\/UCgeGGkvOMahZo-xu_MSEWxg"]}]}},"_links":{"self":[{"href":"https:\/\/naturalpoland.com\/de\/wp-json\/wp\/v2\/product\/42963","targetHints":{"allow":["GET"]}}],"collection":[{"href":"https:\/\/naturalpoland.com\/de\/wp-json\/wp\/v2\/product"}],"about":[{"href":"https:\/\/naturalpoland.com\/de\/wp-json\/wp\/v2\/types\/product"}],"wp:featuredmedia":[{"embeddable":true,"href":"https:\/\/naturalpoland.com\/de\/wp-json\/wp\/v2\/media\/42949"}],"wp:attachment":[{"href":"https:\/\/naturalpoland.com\/de\/wp-json\/wp\/v2\/media?parent=42963"}],"wp:term":[{"taxonomy":"product_brand","embeddable":true,"href":"https:\/\/naturalpoland.com\/de\/wp-json\/wp\/v2\/product_brand?post=42963"},{"taxonomy":"product_cat","embeddable":true,"href":"https:\/\/naturalpoland.com\/de\/wp-json\/wp\/v2\/product_cat?post=42963"},{"taxonomy":"product_tag","embeddable":true,"href":"https:\/\/naturalpoland.com\/de\/wp-json\/wp\/v2\/product_tag?post=42963"}],"curies":[{"name":"wp","href":"https:\/\/api.w.org\/{rel}","templated":true}]}}