{"id":42984,"date":"2025-08-25T14:11:00","date_gmt":"2025-08-25T12:11:00","guid":{"rendered":"https:\/\/naturalpoland.com\/produkty\/unkategorisiert\/bifida-fermentlysat\/"},"modified":"2025-08-26T10:39:11","modified_gmt":"2025-08-26T08:39:11","slug":"bifida-fermentlysat","status":"publish","type":"product","link":"https:\/\/naturalpoland.com\/de\/produkte\/produkte-fur-die-kosmetikindustrie\/fermentierte-extrakte\/bifida-fermentlysat\/","title":{"rendered":"Bifida-Fermentlysat"},"content":{"rendered":"<h2>Eigenschaften und Wirkung:<\/h2>\n<ul>\n<li>Regeneriert und st\u00e4rkt die Schutzbarriere der Haut<\/li>\n<li>Erh\u00f6ht die Widerstandsf\u00e4higkeit der Haut gegen\u00fcber oxidativem Stress, Umweltverschmutzung und UV-Strahlung<\/li>\n<li>Reduziert die \u00dcberempfindlichkeit der Haut, lindert Irritationen<\/li>\n<li>Stimuliert Reparaturprozesse und die Zellerneuerung<\/li>\n<li>Reduziert Alterserscheinungen, verbessert die Elastizit\u00e4t und Gl\u00e4tte<\/li>\n<\/ul>\n<h2>Anwendung:<\/h2>\n<p>Ideal f\u00fcr aufbauende, beruhigende und Anti-Aging-Kosmetika \u2013 insbesondere f\u00fcr empfindliche, reaktive und gesch\u00e4digte Haut. Findet Anwendung in Cremes, Essenzen, Seren, Produkten nach dermatologischen Behandlungen. <\/p>\n","protected":false},"excerpt":{"rendered":"<p><strong>Bifida-Fermentlysate<\/strong> sind ein biotechnologisch gewonnenes Probiotikum, das durch die Fermentation von <em>Bifidobacterium<\/em>-Bakterien gewonnen wird. Es ist ein Inhaltsstoff mit nachgewiesener Wirkung, der das nat\u00fcrliche Mikrobiom der Haut und die Regeneration der Epidermis unterst\u00fctzt. <\/p>\n","protected":false},"featured_media":42921,"template":"","meta":[],"product_brand":[],"product_cat":[2695,10350],"product_tag":[],"class_list":{"0":"post-42984","1":"product","2":"type-product","3":"status-publish","4":"has-post-thumbnail","6":"product_cat-fermentierte-extrakte","7":"product_cat-koreanische-rohstoffe","9":"first","10":"instock","11":"shipping-taxable","12":"product-type-simple"},"yoast_head":"<!-- This site is optimized with the Yoast SEO plugin v27.3 - https:\/\/yoast.com\/product\/yoast-seo-wordpress\/ -->\n<title>Bifida-Fermentlysat - Gro\u00dfhandelsvertrieb<\/title>\n<meta name=\"description\" content=\"Bifida-Fermentlysate sind ein biotechnologisch gewonnenes Probiotikum, das durch die Fermentation von Bifidobacterium-Bakterien gewonnen wird.\" \/>\n<meta name=\"robots\" content=\"index, follow, max-snippet:-1, max-image-preview:large, max-video-preview:-1\" \/>\n<link rel=\"canonical\" href=\"https:\/\/naturalpoland.com\/de\/produkte\/produkte-fur-die-kosmetikindustrie\/fermentierte-extrakte\/bifida-fermentlysat\/\" \/>\n<meta property=\"og:locale\" content=\"de_DE\" \/>\n<meta property=\"og:type\" content=\"article\" \/>\n<meta property=\"og:title\" content=\"Bifida-Fermentlysat - Gro\u00dfhandelsvertrieb\" \/>\n<meta property=\"og:description\" content=\"Bifida-Fermentlysate sind ein biotechnologisch gewonnenes Probiotikum, das durch die Fermentation von Bifidobacterium-Bakterien gewonnen wird.\" \/>\n<meta property=\"og:url\" content=\"https:\/\/naturalpoland.com\/de\/produkte\/produkte-fur-die-kosmetikindustrie\/fermentierte-extrakte\/bifida-fermentlysat\/\" \/>\n<meta property=\"og:site_name\" content=\"NATURAL POLAND - IMPORT UND HANDEL VON ROHSTOFFEN\" \/>\n<meta property=\"article:publisher\" content=\"https:\/\/www.facebook.com\/naturalpoland.b2b\" \/>\n<meta property=\"article:modified_time\" content=\"2025-08-26T08:39:11+00:00\" \/>\n<meta property=\"og:image\" content=\"https:\/\/naturalpoland.com\/wp-content\/uploads\/lizaty-fermentacyjne-bifida.webp\" \/>\n\t<meta property=\"og:image:width\" content=\"350\" \/>\n\t<meta property=\"og:image:height\" content=\"350\" \/>\n\t<meta property=\"og:image:type\" content=\"image\/webp\" \/>\n<script type=\"application\/ld+json\" class=\"yoast-schema-graph\">{\"@context\":\"https:\\\/\\\/schema.org\",\"@graph\":[{\"@type\":\"WebPage\",\"@id\":\"https:\\\/\\\/naturalpoland.com\\\/de\\\/produkte\\\/produkte-fur-die-kosmetikindustrie\\\/fermentierte-extrakte\\\/bifida-fermentlysat\\\/\",\"url\":\"https:\\\/\\\/naturalpoland.com\\\/de\\\/produkte\\\/produkte-fur-die-kosmetikindustrie\\\/fermentierte-extrakte\\\/bifida-fermentlysat\\\/\",\"name\":\"Bifida-Fermentlysat - Gro\u00dfhandelsvertrieb\",\"isPartOf\":{\"@id\":\"https:\\\/\\\/naturalpoland.com\\\/de\\\/#website\"},\"primaryImageOfPage\":{\"@id\":\"https:\\\/\\\/naturalpoland.com\\\/de\\\/produkte\\\/produkte-fur-die-kosmetikindustrie\\\/fermentierte-extrakte\\\/bifida-fermentlysat\\\/#primaryimage\"},\"image\":{\"@id\":\"https:\\\/\\\/naturalpoland.com\\\/de\\\/produkte\\\/produkte-fur-die-kosmetikindustrie\\\/fermentierte-extrakte\\\/bifida-fermentlysat\\\/#primaryimage\"},\"thumbnailUrl\":\"https:\\\/\\\/naturalpoland.com\\\/wp-content\\\/uploads\\\/lizaty-fermentacyjne-bifida.webp\",\"datePublished\":\"2025-08-25T12:11:00+00:00\",\"dateModified\":\"2025-08-26T08:39:11+00:00\",\"description\":\"Bifida-Fermentlysate sind ein biotechnologisch gewonnenes Probiotikum, das durch die Fermentation von Bifidobacterium-Bakterien gewonnen wird.\",\"breadcrumb\":{\"@id\":\"https:\\\/\\\/naturalpoland.com\\\/de\\\/produkte\\\/produkte-fur-die-kosmetikindustrie\\\/fermentierte-extrakte\\\/bifida-fermentlysat\\\/#breadcrumb\"},\"inLanguage\":\"de\",\"potentialAction\":[{\"@type\":\"ReadAction\",\"target\":[\"https:\\\/\\\/naturalpoland.com\\\/de\\\/produkte\\\/produkte-fur-die-kosmetikindustrie\\\/fermentierte-extrakte\\\/bifida-fermentlysat\\\/\"]}]},{\"@type\":\"ImageObject\",\"inLanguage\":\"de\",\"@id\":\"https:\\\/\\\/naturalpoland.com\\\/de\\\/produkte\\\/produkte-fur-die-kosmetikindustrie\\\/fermentierte-extrakte\\\/bifida-fermentlysat\\\/#primaryimage\",\"url\":\"https:\\\/\\\/naturalpoland.com\\\/wp-content\\\/uploads\\\/lizaty-fermentacyjne-bifida.webp\",\"contentUrl\":\"https:\\\/\\\/naturalpoland.com\\\/wp-content\\\/uploads\\\/lizaty-fermentacyjne-bifida.webp\",\"width\":350,\"height\":350,\"caption\":\"Lizaty fermentacyjne Bifida\"},{\"@type\":\"BreadcrumbList\",\"@id\":\"https:\\\/\\\/naturalpoland.com\\\/de\\\/produkte\\\/produkte-fur-die-kosmetikindustrie\\\/fermentierte-extrakte\\\/bifida-fermentlysat\\\/#breadcrumb\",\"itemListElement\":[{\"@type\":\"ListItem\",\"position\":1,\"name\":\"Startseite\",\"item\":\"https:\\\/\\\/naturalpoland.com\\\/de\\\/\"},{\"@type\":\"ListItem\",\"position\":2,\"name\":\"Produkte\",\"item\":\"https:\\\/\\\/naturalpoland.com\\\/de\\\/produkte\\\/\"},{\"@type\":\"ListItem\",\"position\":3,\"name\":\"Bifida-Fermentlysat\"}]},{\"@type\":\"WebSite\",\"@id\":\"https:\\\/\\\/naturalpoland.com\\\/de\\\/#website\",\"url\":\"https:\\\/\\\/naturalpoland.com\\\/de\\\/\",\"name\":\"NATURAL POLAND - IMPORT UND HANDEL VON ROHSTOFFEN\",\"description\":\"Rohstoffe f\u00fcr die Lebensmittelindustrie, Kosmetikindustrie, Pharmaindustrie\",\"publisher\":{\"@id\":\"https:\\\/\\\/naturalpoland.com\\\/de\\\/#organization\"},\"potentialAction\":[{\"@type\":\"SearchAction\",\"target\":{\"@type\":\"EntryPoint\",\"urlTemplate\":\"https:\\\/\\\/naturalpoland.com\\\/de\\\/?s={search_term_string}\"},\"query-input\":{\"@type\":\"PropertyValueSpecification\",\"valueRequired\":true,\"valueName\":\"search_term_string\"}}],\"inLanguage\":\"de\"},{\"@type\":\"Organization\",\"@id\":\"https:\\\/\\\/naturalpoland.com\\\/de\\\/#organization\",\"name\":\"Natural Poland\",\"url\":\"https:\\\/\\\/naturalpoland.com\\\/de\\\/\",\"logo\":{\"@type\":\"ImageObject\",\"inLanguage\":\"de\",\"@id\":\"https:\\\/\\\/naturalpoland.com\\\/de\\\/#\\\/schema\\\/logo\\\/image\\\/\",\"url\":\"https:\\\/\\\/naturalpoland.com\\\/wp-content\\\/uploads\\\/2021\\\/05\\\/natural-poland-icon.png\",\"contentUrl\":\"https:\\\/\\\/naturalpoland.com\\\/wp-content\\\/uploads\\\/2021\\\/05\\\/natural-poland-icon.png\",\"width\":512,\"height\":512,\"caption\":\"Natural Poland\"},\"image\":{\"@id\":\"https:\\\/\\\/naturalpoland.com\\\/de\\\/#\\\/schema\\\/logo\\\/image\\\/\"},\"sameAs\":[\"https:\\\/\\\/www.facebook.com\\\/naturalpoland.b2b\",\"https:\\\/\\\/pl.linkedin.com\\\/company\\\/natural-poland\",\"https:\\\/\\\/www.youtube.com\\\/channel\\\/UCgeGGkvOMahZo-xu_MSEWxg\"]}]}<\/script>\n<!-- \/ Yoast SEO plugin. -->","yoast_head_json":{"title":"Bifida-Fermentlysat - Gro\u00dfhandelsvertrieb","description":"Bifida-Fermentlysate sind ein biotechnologisch gewonnenes Probiotikum, das durch die Fermentation von Bifidobacterium-Bakterien gewonnen wird.","robots":{"index":"index","follow":"follow","max-snippet":"max-snippet:-1","max-image-preview":"max-image-preview:large","max-video-preview":"max-video-preview:-1"},"canonical":"https:\/\/naturalpoland.com\/de\/produkte\/produkte-fur-die-kosmetikindustrie\/fermentierte-extrakte\/bifida-fermentlysat\/","og_locale":"de_DE","og_type":"article","og_title":"Bifida-Fermentlysat - Gro\u00dfhandelsvertrieb","og_description":"Bifida-Fermentlysate sind ein biotechnologisch gewonnenes Probiotikum, das durch die Fermentation von Bifidobacterium-Bakterien gewonnen wird.","og_url":"https:\/\/naturalpoland.com\/de\/produkte\/produkte-fur-die-kosmetikindustrie\/fermentierte-extrakte\/bifida-fermentlysat\/","og_site_name":"NATURAL POLAND - IMPORT UND HANDEL VON ROHSTOFFEN","article_publisher":"https:\/\/www.facebook.com\/naturalpoland.b2b","article_modified_time":"2025-08-26T08:39:11+00:00","og_image":[{"width":350,"height":350,"url":"https:\/\/naturalpoland.com\/wp-content\/uploads\/lizaty-fermentacyjne-bifida.webp","type":"image\/webp"}],"schema":{"@context":"https:\/\/schema.org","@graph":[{"@type":"WebPage","@id":"https:\/\/naturalpoland.com\/de\/produkte\/produkte-fur-die-kosmetikindustrie\/fermentierte-extrakte\/bifida-fermentlysat\/","url":"https:\/\/naturalpoland.com\/de\/produkte\/produkte-fur-die-kosmetikindustrie\/fermentierte-extrakte\/bifida-fermentlysat\/","name":"Bifida-Fermentlysat - Gro\u00dfhandelsvertrieb","isPartOf":{"@id":"https:\/\/naturalpoland.com\/de\/#website"},"primaryImageOfPage":{"@id":"https:\/\/naturalpoland.com\/de\/produkte\/produkte-fur-die-kosmetikindustrie\/fermentierte-extrakte\/bifida-fermentlysat\/#primaryimage"},"image":{"@id":"https:\/\/naturalpoland.com\/de\/produkte\/produkte-fur-die-kosmetikindustrie\/fermentierte-extrakte\/bifida-fermentlysat\/#primaryimage"},"thumbnailUrl":"https:\/\/naturalpoland.com\/wp-content\/uploads\/lizaty-fermentacyjne-bifida.webp","datePublished":"2025-08-25T12:11:00+00:00","dateModified":"2025-08-26T08:39:11+00:00","description":"Bifida-Fermentlysate sind ein biotechnologisch gewonnenes Probiotikum, das durch die Fermentation von Bifidobacterium-Bakterien gewonnen wird.","breadcrumb":{"@id":"https:\/\/naturalpoland.com\/de\/produkte\/produkte-fur-die-kosmetikindustrie\/fermentierte-extrakte\/bifida-fermentlysat\/#breadcrumb"},"inLanguage":"de","potentialAction":[{"@type":"ReadAction","target":["https:\/\/naturalpoland.com\/de\/produkte\/produkte-fur-die-kosmetikindustrie\/fermentierte-extrakte\/bifida-fermentlysat\/"]}]},{"@type":"ImageObject","inLanguage":"de","@id":"https:\/\/naturalpoland.com\/de\/produkte\/produkte-fur-die-kosmetikindustrie\/fermentierte-extrakte\/bifida-fermentlysat\/#primaryimage","url":"https:\/\/naturalpoland.com\/wp-content\/uploads\/lizaty-fermentacyjne-bifida.webp","contentUrl":"https:\/\/naturalpoland.com\/wp-content\/uploads\/lizaty-fermentacyjne-bifida.webp","width":350,"height":350,"caption":"Lizaty fermentacyjne Bifida"},{"@type":"BreadcrumbList","@id":"https:\/\/naturalpoland.com\/de\/produkte\/produkte-fur-die-kosmetikindustrie\/fermentierte-extrakte\/bifida-fermentlysat\/#breadcrumb","itemListElement":[{"@type":"ListItem","position":1,"name":"Startseite","item":"https:\/\/naturalpoland.com\/de\/"},{"@type":"ListItem","position":2,"name":"Produkte","item":"https:\/\/naturalpoland.com\/de\/produkte\/"},{"@type":"ListItem","position":3,"name":"Bifida-Fermentlysat"}]},{"@type":"WebSite","@id":"https:\/\/naturalpoland.com\/de\/#website","url":"https:\/\/naturalpoland.com\/de\/","name":"NATURAL POLAND - IMPORT UND HANDEL VON ROHSTOFFEN","description":"Rohstoffe f\u00fcr die Lebensmittelindustrie, Kosmetikindustrie, Pharmaindustrie","publisher":{"@id":"https:\/\/naturalpoland.com\/de\/#organization"},"potentialAction":[{"@type":"SearchAction","target":{"@type":"EntryPoint","urlTemplate":"https:\/\/naturalpoland.com\/de\/?s={search_term_string}"},"query-input":{"@type":"PropertyValueSpecification","valueRequired":true,"valueName":"search_term_string"}}],"inLanguage":"de"},{"@type":"Organization","@id":"https:\/\/naturalpoland.com\/de\/#organization","name":"Natural Poland","url":"https:\/\/naturalpoland.com\/de\/","logo":{"@type":"ImageObject","inLanguage":"de","@id":"https:\/\/naturalpoland.com\/de\/#\/schema\/logo\/image\/","url":"https:\/\/naturalpoland.com\/wp-content\/uploads\/2021\/05\/natural-poland-icon.png","contentUrl":"https:\/\/naturalpoland.com\/wp-content\/uploads\/2021\/05\/natural-poland-icon.png","width":512,"height":512,"caption":"Natural Poland"},"image":{"@id":"https:\/\/naturalpoland.com\/de\/#\/schema\/logo\/image\/"},"sameAs":["https:\/\/www.facebook.com\/naturalpoland.b2b","https:\/\/pl.linkedin.com\/company\/natural-poland","https:\/\/www.youtube.com\/channel\/UCgeGGkvOMahZo-xu_MSEWxg"]}]}},"_links":{"self":[{"href":"https:\/\/naturalpoland.com\/de\/wp-json\/wp\/v2\/product\/42984","targetHints":{"allow":["GET"]}}],"collection":[{"href":"https:\/\/naturalpoland.com\/de\/wp-json\/wp\/v2\/product"}],"about":[{"href":"https:\/\/naturalpoland.com\/de\/wp-json\/wp\/v2\/types\/product"}],"wp:featuredmedia":[{"embeddable":true,"href":"https:\/\/naturalpoland.com\/de\/wp-json\/wp\/v2\/media\/42921"}],"wp:attachment":[{"href":"https:\/\/naturalpoland.com\/de\/wp-json\/wp\/v2\/media?parent=42984"}],"wp:term":[{"taxonomy":"product_brand","embeddable":true,"href":"https:\/\/naturalpoland.com\/de\/wp-json\/wp\/v2\/product_brand?post=42984"},{"taxonomy":"product_cat","embeddable":true,"href":"https:\/\/naturalpoland.com\/de\/wp-json\/wp\/v2\/product_cat?post=42984"},{"taxonomy":"product_tag","embeddable":true,"href":"https:\/\/naturalpoland.com\/de\/wp-json\/wp\/v2\/product_tag?post=42984"}],"curies":[{"name":"wp","href":"https:\/\/api.w.org\/{rel}","templated":true}]}}