{"id":43008,"date":"2025-08-25T13:06:32","date_gmt":"2025-08-25T11:06:32","guid":{"rendered":"https:\/\/naturalpoland.com\/produkty\/unkategorisiert\/lactobacillus-fermentation\/"},"modified":"2025-08-26T10:41:01","modified_gmt":"2025-08-26T08:41:01","slug":"lactobacillus-fermentation","status":"publish","type":"product","link":"https:\/\/naturalpoland.com\/de\/produkte\/produkte-fur-die-kosmetikindustrie\/fermentierte-extrakte\/lactobacillus-fermentation\/","title":{"rendered":"Lactobacillus-Fermentation"},"content":{"rendered":"<p>Lactobacillus-Fermentation ist ein wertvoller Rohstoff in der modernen Kosmetologie, insbesondere in Rezepturen, die auf die Pflege empfindlicher, problematischer und alternder Haut abzielen.<\/p>\n<p><strong>Inhaltsstoffe:<\/strong> 1 % Ferment, die restlichen Inhaltsstoffe sind gereinigtes Wasser (86,95 %), Butylenglykol (10 %), 1,2-Hexandiol (2 %), Ethylhexylglycerin (0,05 %)<\/p>\n<h2>Pflegende Eigenschaften:<\/h2>\n<ul>\n<li>Pr\u00e4biotische und probiotische Wirkung \u2013 unterst\u00fctzt das Gleichgewicht des Hautmikrobioms, st\u00e4rkt ihre nat\u00fcrliche Schutzbarriere, hilft, die Besiedlung der Haut durch sch\u00e4dliche Mikroorganismen zu reduzieren.<\/li>\n<li>Beruhigende und entz\u00fcndungshemmende Wirkung \u2013 reduziert Irritationen, R\u00f6tungen und Symptome von oxidativem Stress.<\/li>\n<li>Feuchtigkeitsversorgung und Gl\u00e4ttung der Haut \u2013 unterst\u00fctzt die Wasserspeicherung in der Epidermis, verbessert die Gl\u00e4tte und Elastizit\u00e4t.<\/li>\n<li>Wirkung auf problematische Haut \u2013 kann zur Reduzierung von Unreinheiten sowie zur Verbesserung des Zustands von Akne-Haut und Neurodermitis beitragen.<\/li>\n<\/ul>\n<h2>Anwendung in Kosmetika:<\/h2>\n<ul>\n<li>Cremes und Seren f\u00fcr empfindliche und reaktive Haut<\/li>\n<li>Anti-Aging-Produkte mit regenerierender Wirkung<\/li>\n<li>beruhigende Kosmetika nach dermatologischen Behandlungen<\/li>\n<li>regenerierende Masken und Emulsionen<\/li>\n<li>Formulierungen f\u00fcr Akne-Haut, atopische Haut oder Haut mit Ekzemsymptomen<\/li>\n<\/ul>\n","protected":false},"excerpt":{"rendered":"<p>Lactobacillus-Ferment, entstanden durch die Fermentation von Bakterien der Gattung <em>Lactobacillus<\/em>, ist eine klare, hellgelbe Fl\u00fcssigkeit mit einem typischen, neutralen Geruch, mit einem pH-Wert im Bereich von 4,0\u20136,0, gut hautvertr\u00e4glich und kompatibel mit verschiedenen Arten kosmetischer Formulierungen.<\/p>\n","protected":false},"featured_media":42893,"template":"","meta":{"_acf_changed":false},"product_brand":[],"product_cat":[2695,10350],"product_tag":[],"class_list":{"0":"post-43008","1":"product","2":"type-product","3":"status-publish","4":"has-post-thumbnail","6":"product_cat-fermentierte-extrakte","7":"product_cat-koreanische-rohstoffe","9":"first","10":"instock","11":"shipping-taxable","12":"product-type-simple"},"acf":[],"yoast_head":"<!-- This site is optimized with the Yoast SEO plugin v27.4 - https:\/\/yoast.com\/product\/yoast-seo-wordpress\/ -->\n<title>Lactobacillus-Fermentation - Gro\u00dfhandelsvertrieb<\/title>\n<meta name=\"description\" content=\"Lactobacillus-Ferment ist ein Wirkstoff der neuen Generation, der den Trends von Naturkosmetik, probiotischer Kosmetik und Dermokosmetik entspricht.\" \/>\n<meta name=\"robots\" content=\"index, follow, max-snippet:-1, max-image-preview:large, max-video-preview:-1\" \/>\n<link rel=\"canonical\" href=\"https:\/\/naturalpoland.com\/de\/produkte\/produkte-fur-die-kosmetikindustrie\/fermentierte-extrakte\/lactobacillus-fermentation\/\" \/>\n<meta property=\"og:locale\" content=\"de_DE\" \/>\n<meta property=\"og:type\" content=\"article\" \/>\n<meta property=\"og:title\" content=\"Lactobacillus-Fermentation - Gro\u00dfhandelsvertrieb\" \/>\n<meta property=\"og:description\" content=\"Lactobacillus-Ferment ist ein Wirkstoff der neuen Generation, der den Trends von Naturkosmetik, probiotischer Kosmetik und Dermokosmetik entspricht.\" \/>\n<meta property=\"og:url\" content=\"https:\/\/naturalpoland.com\/de\/produkte\/produkte-fur-die-kosmetikindustrie\/fermentierte-extrakte\/lactobacillus-fermentation\/\" \/>\n<meta property=\"og:site_name\" content=\"NATURAL POLAND - IMPORT UND HANDEL VON ROHSTOFFEN\" \/>\n<meta property=\"article:publisher\" content=\"https:\/\/www.facebook.com\/naturalpoland.b2b\" \/>\n<meta property=\"article:modified_time\" content=\"2025-08-26T08:41:01+00:00\" \/>\n<meta property=\"og:image\" content=\"https:\/\/naturalpoland.com\/wp-content\/uploads\/lactobacillus-ferment.webp\" \/>\n\t<meta property=\"og:image:width\" content=\"1024\" \/>\n\t<meta property=\"og:image:height\" content=\"1024\" \/>\n\t<meta property=\"og:image:type\" content=\"image\/webp\" \/>\n<script type=\"application\/ld+json\" class=\"yoast-schema-graph\">{\"@context\":\"https:\\\/\\\/schema.org\",\"@graph\":[{\"@type\":\"WebPage\",\"@id\":\"https:\\\/\\\/naturalpoland.com\\\/de\\\/produkte\\\/produkte-fur-die-kosmetikindustrie\\\/fermentierte-extrakte\\\/lactobacillus-fermentation\\\/\",\"url\":\"https:\\\/\\\/naturalpoland.com\\\/de\\\/produkte\\\/produkte-fur-die-kosmetikindustrie\\\/fermentierte-extrakte\\\/lactobacillus-fermentation\\\/\",\"name\":\"Lactobacillus-Fermentation - Gro\u00dfhandelsvertrieb\",\"isPartOf\":{\"@id\":\"https:\\\/\\\/naturalpoland.com\\\/de\\\/#website\"},\"primaryImageOfPage\":{\"@id\":\"https:\\\/\\\/naturalpoland.com\\\/de\\\/produkte\\\/produkte-fur-die-kosmetikindustrie\\\/fermentierte-extrakte\\\/lactobacillus-fermentation\\\/#primaryimage\"},\"image\":{\"@id\":\"https:\\\/\\\/naturalpoland.com\\\/de\\\/produkte\\\/produkte-fur-die-kosmetikindustrie\\\/fermentierte-extrakte\\\/lactobacillus-fermentation\\\/#primaryimage\"},\"thumbnailUrl\":\"https:\\\/\\\/naturalpoland.com\\\/wp-content\\\/uploads\\\/lactobacillus-ferment.webp\",\"datePublished\":\"2025-08-25T11:06:32+00:00\",\"dateModified\":\"2025-08-26T08:41:01+00:00\",\"description\":\"Lactobacillus-Ferment ist ein Wirkstoff der neuen Generation, der den Trends von Naturkosmetik, probiotischer Kosmetik und Dermokosmetik entspricht.\",\"breadcrumb\":{\"@id\":\"https:\\\/\\\/naturalpoland.com\\\/de\\\/produkte\\\/produkte-fur-die-kosmetikindustrie\\\/fermentierte-extrakte\\\/lactobacillus-fermentation\\\/#breadcrumb\"},\"inLanguage\":\"de\",\"potentialAction\":[{\"@type\":\"ReadAction\",\"target\":[\"https:\\\/\\\/naturalpoland.com\\\/de\\\/produkte\\\/produkte-fur-die-kosmetikindustrie\\\/fermentierte-extrakte\\\/lactobacillus-fermentation\\\/\"]}]},{\"@type\":\"ImageObject\",\"inLanguage\":\"de\",\"@id\":\"https:\\\/\\\/naturalpoland.com\\\/de\\\/produkte\\\/produkte-fur-die-kosmetikindustrie\\\/fermentierte-extrakte\\\/lactobacillus-fermentation\\\/#primaryimage\",\"url\":\"https:\\\/\\\/naturalpoland.com\\\/wp-content\\\/uploads\\\/lactobacillus-ferment.webp\",\"contentUrl\":\"https:\\\/\\\/naturalpoland.com\\\/wp-content\\\/uploads\\\/lactobacillus-ferment.webp\",\"width\":1024,\"height\":1024,\"caption\":\"Fermentacja Lactobacillus\"},{\"@type\":\"BreadcrumbList\",\"@id\":\"https:\\\/\\\/naturalpoland.com\\\/de\\\/produkte\\\/produkte-fur-die-kosmetikindustrie\\\/fermentierte-extrakte\\\/lactobacillus-fermentation\\\/#breadcrumb\",\"itemListElement\":[{\"@type\":\"ListItem\",\"position\":1,\"name\":\"Startseite\",\"item\":\"https:\\\/\\\/naturalpoland.com\\\/de\\\/\"},{\"@type\":\"ListItem\",\"position\":2,\"name\":\"Produkte\",\"item\":\"https:\\\/\\\/naturalpoland.com\\\/de\\\/produkte\\\/\"},{\"@type\":\"ListItem\",\"position\":3,\"name\":\"Lactobacillus-Fermentation\"}]},{\"@type\":\"WebSite\",\"@id\":\"https:\\\/\\\/naturalpoland.com\\\/de\\\/#website\",\"url\":\"https:\\\/\\\/naturalpoland.com\\\/de\\\/\",\"name\":\"NATURAL POLAND - IMPORT UND HANDEL VON ROHSTOFFEN\",\"description\":\"Rohstoffe f\u00fcr die Lebensmittelindustrie, Kosmetikindustrie, Pharmaindustrie\",\"publisher\":{\"@id\":\"https:\\\/\\\/naturalpoland.com\\\/de\\\/#organization\"},\"potentialAction\":[{\"@type\":\"SearchAction\",\"target\":{\"@type\":\"EntryPoint\",\"urlTemplate\":\"https:\\\/\\\/naturalpoland.com\\\/de\\\/?s={search_term_string}\"},\"query-input\":{\"@type\":\"PropertyValueSpecification\",\"valueRequired\":true,\"valueName\":\"search_term_string\"}}],\"inLanguage\":\"de\"},{\"@type\":\"Organization\",\"@id\":\"https:\\\/\\\/naturalpoland.com\\\/de\\\/#organization\",\"name\":\"Natural Poland\",\"url\":\"https:\\\/\\\/naturalpoland.com\\\/de\\\/\",\"logo\":{\"@type\":\"ImageObject\",\"inLanguage\":\"de\",\"@id\":\"https:\\\/\\\/naturalpoland.com\\\/de\\\/#\\\/schema\\\/logo\\\/image\\\/\",\"url\":\"https:\\\/\\\/naturalpoland.com\\\/wp-content\\\/uploads\\\/2021\\\/05\\\/natural-poland-icon.png\",\"contentUrl\":\"https:\\\/\\\/naturalpoland.com\\\/wp-content\\\/uploads\\\/2021\\\/05\\\/natural-poland-icon.png\",\"width\":512,\"height\":512,\"caption\":\"Natural Poland\"},\"image\":{\"@id\":\"https:\\\/\\\/naturalpoland.com\\\/de\\\/#\\\/schema\\\/logo\\\/image\\\/\"},\"sameAs\":[\"https:\\\/\\\/www.facebook.com\\\/naturalpoland.b2b\",\"https:\\\/\\\/pl.linkedin.com\\\/company\\\/natural-poland\",\"https:\\\/\\\/www.youtube.com\\\/channel\\\/UCgeGGkvOMahZo-xu_MSEWxg\"]}]}<\/script>\n<!-- \/ Yoast SEO plugin. -->","yoast_head_json":{"title":"Lactobacillus-Fermentation - Gro\u00dfhandelsvertrieb","description":"Lactobacillus-Ferment ist ein Wirkstoff der neuen Generation, der den Trends von Naturkosmetik, probiotischer Kosmetik und Dermokosmetik entspricht.","robots":{"index":"index","follow":"follow","max-snippet":"max-snippet:-1","max-image-preview":"max-image-preview:large","max-video-preview":"max-video-preview:-1"},"canonical":"https:\/\/naturalpoland.com\/de\/produkte\/produkte-fur-die-kosmetikindustrie\/fermentierte-extrakte\/lactobacillus-fermentation\/","og_locale":"de_DE","og_type":"article","og_title":"Lactobacillus-Fermentation - Gro\u00dfhandelsvertrieb","og_description":"Lactobacillus-Ferment ist ein Wirkstoff der neuen Generation, der den Trends von Naturkosmetik, probiotischer Kosmetik und Dermokosmetik entspricht.","og_url":"https:\/\/naturalpoland.com\/de\/produkte\/produkte-fur-die-kosmetikindustrie\/fermentierte-extrakte\/lactobacillus-fermentation\/","og_site_name":"NATURAL POLAND - IMPORT UND HANDEL VON ROHSTOFFEN","article_publisher":"https:\/\/www.facebook.com\/naturalpoland.b2b","article_modified_time":"2025-08-26T08:41:01+00:00","og_image":[{"width":1024,"height":1024,"url":"https:\/\/naturalpoland.com\/wp-content\/uploads\/lactobacillus-ferment.webp","type":"image\/webp"}],"schema":{"@context":"https:\/\/schema.org","@graph":[{"@type":"WebPage","@id":"https:\/\/naturalpoland.com\/de\/produkte\/produkte-fur-die-kosmetikindustrie\/fermentierte-extrakte\/lactobacillus-fermentation\/","url":"https:\/\/naturalpoland.com\/de\/produkte\/produkte-fur-die-kosmetikindustrie\/fermentierte-extrakte\/lactobacillus-fermentation\/","name":"Lactobacillus-Fermentation - Gro\u00dfhandelsvertrieb","isPartOf":{"@id":"https:\/\/naturalpoland.com\/de\/#website"},"primaryImageOfPage":{"@id":"https:\/\/naturalpoland.com\/de\/produkte\/produkte-fur-die-kosmetikindustrie\/fermentierte-extrakte\/lactobacillus-fermentation\/#primaryimage"},"image":{"@id":"https:\/\/naturalpoland.com\/de\/produkte\/produkte-fur-die-kosmetikindustrie\/fermentierte-extrakte\/lactobacillus-fermentation\/#primaryimage"},"thumbnailUrl":"https:\/\/naturalpoland.com\/wp-content\/uploads\/lactobacillus-ferment.webp","datePublished":"2025-08-25T11:06:32+00:00","dateModified":"2025-08-26T08:41:01+00:00","description":"Lactobacillus-Ferment ist ein Wirkstoff der neuen Generation, der den Trends von Naturkosmetik, probiotischer Kosmetik und Dermokosmetik entspricht.","breadcrumb":{"@id":"https:\/\/naturalpoland.com\/de\/produkte\/produkte-fur-die-kosmetikindustrie\/fermentierte-extrakte\/lactobacillus-fermentation\/#breadcrumb"},"inLanguage":"de","potentialAction":[{"@type":"ReadAction","target":["https:\/\/naturalpoland.com\/de\/produkte\/produkte-fur-die-kosmetikindustrie\/fermentierte-extrakte\/lactobacillus-fermentation\/"]}]},{"@type":"ImageObject","inLanguage":"de","@id":"https:\/\/naturalpoland.com\/de\/produkte\/produkte-fur-die-kosmetikindustrie\/fermentierte-extrakte\/lactobacillus-fermentation\/#primaryimage","url":"https:\/\/naturalpoland.com\/wp-content\/uploads\/lactobacillus-ferment.webp","contentUrl":"https:\/\/naturalpoland.com\/wp-content\/uploads\/lactobacillus-ferment.webp","width":1024,"height":1024,"caption":"Fermentacja Lactobacillus"},{"@type":"BreadcrumbList","@id":"https:\/\/naturalpoland.com\/de\/produkte\/produkte-fur-die-kosmetikindustrie\/fermentierte-extrakte\/lactobacillus-fermentation\/#breadcrumb","itemListElement":[{"@type":"ListItem","position":1,"name":"Startseite","item":"https:\/\/naturalpoland.com\/de\/"},{"@type":"ListItem","position":2,"name":"Produkte","item":"https:\/\/naturalpoland.com\/de\/produkte\/"},{"@type":"ListItem","position":3,"name":"Lactobacillus-Fermentation"}]},{"@type":"WebSite","@id":"https:\/\/naturalpoland.com\/de\/#website","url":"https:\/\/naturalpoland.com\/de\/","name":"NATURAL POLAND - IMPORT UND HANDEL VON ROHSTOFFEN","description":"Rohstoffe f\u00fcr die Lebensmittelindustrie, Kosmetikindustrie, Pharmaindustrie","publisher":{"@id":"https:\/\/naturalpoland.com\/de\/#organization"},"potentialAction":[{"@type":"SearchAction","target":{"@type":"EntryPoint","urlTemplate":"https:\/\/naturalpoland.com\/de\/?s={search_term_string}"},"query-input":{"@type":"PropertyValueSpecification","valueRequired":true,"valueName":"search_term_string"}}],"inLanguage":"de"},{"@type":"Organization","@id":"https:\/\/naturalpoland.com\/de\/#organization","name":"Natural Poland","url":"https:\/\/naturalpoland.com\/de\/","logo":{"@type":"ImageObject","inLanguage":"de","@id":"https:\/\/naturalpoland.com\/de\/#\/schema\/logo\/image\/","url":"https:\/\/naturalpoland.com\/wp-content\/uploads\/2021\/05\/natural-poland-icon.png","contentUrl":"https:\/\/naturalpoland.com\/wp-content\/uploads\/2021\/05\/natural-poland-icon.png","width":512,"height":512,"caption":"Natural Poland"},"image":{"@id":"https:\/\/naturalpoland.com\/de\/#\/schema\/logo\/image\/"},"sameAs":["https:\/\/www.facebook.com\/naturalpoland.b2b","https:\/\/pl.linkedin.com\/company\/natural-poland","https:\/\/www.youtube.com\/channel\/UCgeGGkvOMahZo-xu_MSEWxg"]}]}},"_links":{"self":[{"href":"https:\/\/naturalpoland.com\/de\/wp-json\/wp\/v2\/product\/43008","targetHints":{"allow":["GET"]}}],"collection":[{"href":"https:\/\/naturalpoland.com\/de\/wp-json\/wp\/v2\/product"}],"about":[{"href":"https:\/\/naturalpoland.com\/de\/wp-json\/wp\/v2\/types\/product"}],"wp:featuredmedia":[{"embeddable":true,"href":"https:\/\/naturalpoland.com\/de\/wp-json\/wp\/v2\/media\/42893"}],"wp:attachment":[{"href":"https:\/\/naturalpoland.com\/de\/wp-json\/wp\/v2\/media?parent=43008"}],"wp:term":[{"taxonomy":"product_brand","embeddable":true,"href":"https:\/\/naturalpoland.com\/de\/wp-json\/wp\/v2\/product_brand?post=43008"},{"taxonomy":"product_cat","embeddable":true,"href":"https:\/\/naturalpoland.com\/de\/wp-json\/wp\/v2\/product_cat?post=43008"},{"taxonomy":"product_tag","embeddable":true,"href":"https:\/\/naturalpoland.com\/de\/wp-json\/wp\/v2\/product_tag?post=43008"}],"curies":[{"name":"wp","href":"https:\/\/api.w.org\/{rel}","templated":true}]}}