{"id":43089,"date":"2025-08-26T12:32:43","date_gmt":"2025-08-26T10:32:43","guid":{"rendered":"https:\/\/naturalpoland.com\/produkty\/unkategorisiert\/aroma-dulce-de-leche\/"},"modified":"2025-08-27T12:51:58","modified_gmt":"2025-08-27T10:51:58","slug":"aroma-dulce-de-leche","status":"publish","type":"product","link":"https:\/\/naturalpoland.com\/de\/produkte\/produkte-der-lebensmittelindustrie\/aromen\/dessertaromen\/aroma-dulce-de-leche\/","title":{"rendered":"Aroma Dulce de Leche"},"content":{"rendered":"<p><strong>Nat\u00fcrliches fl\u00fcssiges Dulce de Leche Aroma<\/strong> hat ein Profil von s\u00fc\u00dfer, warmer Milch im Karamell-Typ. Es bildet den Geschmack und Geruch des traditionellen Dulce de Leche perfekt nach. <\/p>\n<ul>\n<li><strong>Temperaturbeschr\u00e4nkung<\/strong>: nicht f\u00fcr die thermische Verarbeitung empfohlen<\/li>\n<li><strong>Anwendungen:<\/strong> K\u00fchlprodukte, Milchprodukte, Desserts, Tortencremes, Eiscreme, Nahrungserg\u00e4nzungsmittel mit Dessertprofil<\/li>\n<\/ul>\n<p><strong>Fl\u00fcssiges Dulce de Leche Aroma (Tr\u00e4ger: Glykol)<\/strong> ist eine klassische Version mit einem intensiven, glatten Milch-Karamell-Profil. Dank des Glykolgehalts verteilt es sich gut in Wasser- und Fettbasen. <\/p>\n<ul>\n<li><strong>Anwendungen:<\/strong> S\u00fc\u00dfwaren, Eiscreme, F\u00fcllungen, Milchgetr\u00e4nke, Pflanzenmilch, Proteincremes, Riegel<\/li>\n<\/ul>\n<p>&nbsp;<\/p>\n<h2>Anwendung des Dulce de Leche Aromas<\/h2>\n<ul>\n<li>Milchprodukte: aromatisierte Milch, Kefir, Joghurt, Eiscreme<\/li>\n<li>Desserts und S\u00fc\u00dfwaren: F\u00fcllungen, Karamellcremes, Glasuren, Kuchen, Cremes<\/li>\n<li>Nahrungserg\u00e4nzungsmittel und Supplements: Proteinpulver, funktionelle Pulver, Brausetabletten<\/li>\n<li>Vegane Produkte: Aromatisierung von pflanzlichen Getr\u00e4nken, Desserts und Cremes auf Basis von Kokos-, Hafer- oder Mandelmilch<\/li>\n<li>Pharmazie und Nutrazeutika: Maskierung von Nachgeschm\u00e4cken aktiver Substanzen<\/li>\n<\/ul>\n<p>&nbsp;<\/p>\n","protected":false},"excerpt":{"rendered":"<p><strong>Das Dulce de Leche Aroma<\/strong> ist eine au\u00dfergew\u00f6hnlich appetitliche und cremige Komposition, inspiriert von einer traditionellen s\u00fcdamerikanischen Delikatesse \u2013 dem Milchkaramell. Es zeichnet sich durch ein tiefes, s\u00fc\u00dfes, karamell-milchiges Geschmacks- und Geruchsprofil aus, das Assoziationen mit gekochter Kondensmilz, Vanille und zarten Butternoten weckt. <\/p>\n","protected":false},"featured_media":43059,"template":"","meta":[],"product_brand":[],"product_cat":[7611],"product_tag":[],"class_list":{"0":"post-43089","1":"product","2":"type-product","3":"status-publish","4":"has-post-thumbnail","6":"product_cat-dessertaromen","8":"first","9":"instock","10":"shipping-taxable","11":"product-type-simple"},"yoast_head":"<!-- This site is optimized with the Yoast SEO plugin v27.3 - https:\/\/yoast.com\/product\/yoast-seo-wordpress\/ -->\n<title>Aroma Dulce de Leche - Gro\u00dfhandelsvertrieb<\/title>\n<meta name=\"description\" content=\"Das Dulce de Leche Aroma ist eine besonders appetitlich-cremige Komposition, inspiriert vom s\u00fcdamerikanischen Milchkaramell.\" \/>\n<meta name=\"robots\" content=\"index, follow, max-snippet:-1, max-image-preview:large, max-video-preview:-1\" \/>\n<link rel=\"canonical\" href=\"https:\/\/naturalpoland.com\/de\/produkte\/produkte-der-lebensmittelindustrie\/aromen\/dessertaromen\/aroma-dulce-de-leche\/\" \/>\n<meta property=\"og:locale\" content=\"de_DE\" \/>\n<meta property=\"og:type\" content=\"article\" \/>\n<meta property=\"og:title\" content=\"Aroma Dulce de Leche - Gro\u00dfhandelsvertrieb\" \/>\n<meta property=\"og:description\" content=\"Das Dulce de Leche Aroma ist eine besonders appetitlich-cremige Komposition, inspiriert vom s\u00fcdamerikanischen Milchkaramell.\" \/>\n<meta property=\"og:url\" content=\"https:\/\/naturalpoland.com\/de\/produkte\/produkte-der-lebensmittelindustrie\/aromen\/dessertaromen\/aroma-dulce-de-leche\/\" \/>\n<meta property=\"og:site_name\" content=\"NATURAL POLAND - IMPORT UND HANDEL VON ROHSTOFFEN\" \/>\n<meta property=\"article:publisher\" content=\"https:\/\/www.facebook.com\/naturalpoland.b2b\" \/>\n<meta property=\"article:modified_time\" content=\"2025-08-27T10:51:58+00:00\" \/>\n<meta property=\"og:image\" content=\"https:\/\/naturalpoland.com\/wp-content\/uploads\/aromat-dulce-de-leche.webp\" \/>\n\t<meta property=\"og:image:width\" content=\"1024\" \/>\n\t<meta property=\"og:image:height\" content=\"1024\" \/>\n\t<meta property=\"og:image:type\" content=\"image\/webp\" \/>\n<script type=\"application\/ld+json\" class=\"yoast-schema-graph\">{\"@context\":\"https:\\\/\\\/schema.org\",\"@graph\":[{\"@type\":\"WebPage\",\"@id\":\"https:\\\/\\\/naturalpoland.com\\\/de\\\/produkte\\\/produkte-der-lebensmittelindustrie\\\/aromen\\\/dessertaromen\\\/aroma-dulce-de-leche\\\/\",\"url\":\"https:\\\/\\\/naturalpoland.com\\\/de\\\/produkte\\\/produkte-der-lebensmittelindustrie\\\/aromen\\\/dessertaromen\\\/aroma-dulce-de-leche\\\/\",\"name\":\"Aroma Dulce de Leche - Gro\u00dfhandelsvertrieb\",\"isPartOf\":{\"@id\":\"https:\\\/\\\/naturalpoland.com\\\/de\\\/#website\"},\"primaryImageOfPage\":{\"@id\":\"https:\\\/\\\/naturalpoland.com\\\/de\\\/produkte\\\/produkte-der-lebensmittelindustrie\\\/aromen\\\/dessertaromen\\\/aroma-dulce-de-leche\\\/#primaryimage\"},\"image\":{\"@id\":\"https:\\\/\\\/naturalpoland.com\\\/de\\\/produkte\\\/produkte-der-lebensmittelindustrie\\\/aromen\\\/dessertaromen\\\/aroma-dulce-de-leche\\\/#primaryimage\"},\"thumbnailUrl\":\"https:\\\/\\\/naturalpoland.com\\\/wp-content\\\/uploads\\\/aromat-dulce-de-leche.webp\",\"datePublished\":\"2025-08-26T10:32:43+00:00\",\"dateModified\":\"2025-08-27T10:51:58+00:00\",\"description\":\"Das Dulce de Leche Aroma ist eine besonders appetitlich-cremige Komposition, inspiriert vom s\u00fcdamerikanischen Milchkaramell.\",\"breadcrumb\":{\"@id\":\"https:\\\/\\\/naturalpoland.com\\\/de\\\/produkte\\\/produkte-der-lebensmittelindustrie\\\/aromen\\\/dessertaromen\\\/aroma-dulce-de-leche\\\/#breadcrumb\"},\"inLanguage\":\"de\",\"potentialAction\":[{\"@type\":\"ReadAction\",\"target\":[\"https:\\\/\\\/naturalpoland.com\\\/de\\\/produkte\\\/produkte-der-lebensmittelindustrie\\\/aromen\\\/dessertaromen\\\/aroma-dulce-de-leche\\\/\"]}]},{\"@type\":\"ImageObject\",\"inLanguage\":\"de\",\"@id\":\"https:\\\/\\\/naturalpoland.com\\\/de\\\/produkte\\\/produkte-der-lebensmittelindustrie\\\/aromen\\\/dessertaromen\\\/aroma-dulce-de-leche\\\/#primaryimage\",\"url\":\"https:\\\/\\\/naturalpoland.com\\\/wp-content\\\/uploads\\\/aromat-dulce-de-leche.webp\",\"contentUrl\":\"https:\\\/\\\/naturalpoland.com\\\/wp-content\\\/uploads\\\/aromat-dulce-de-leche.webp\",\"width\":1024,\"height\":1024,\"caption\":\"Aromat p\u0142ynny Dulce de Leche\"},{\"@type\":\"BreadcrumbList\",\"@id\":\"https:\\\/\\\/naturalpoland.com\\\/de\\\/produkte\\\/produkte-der-lebensmittelindustrie\\\/aromen\\\/dessertaromen\\\/aroma-dulce-de-leche\\\/#breadcrumb\",\"itemListElement\":[{\"@type\":\"ListItem\",\"position\":1,\"name\":\"Startseite\",\"item\":\"https:\\\/\\\/naturalpoland.com\\\/de\\\/\"},{\"@type\":\"ListItem\",\"position\":2,\"name\":\"Produkte\",\"item\":\"https:\\\/\\\/naturalpoland.com\\\/de\\\/produkte\\\/\"},{\"@type\":\"ListItem\",\"position\":3,\"name\":\"Aroma Dulce de Leche\"}]},{\"@type\":\"WebSite\",\"@id\":\"https:\\\/\\\/naturalpoland.com\\\/de\\\/#website\",\"url\":\"https:\\\/\\\/naturalpoland.com\\\/de\\\/\",\"name\":\"NATURAL POLAND - IMPORT UND HANDEL VON ROHSTOFFEN\",\"description\":\"Rohstoffe f\u00fcr die Lebensmittelindustrie, Kosmetikindustrie, Pharmaindustrie\",\"publisher\":{\"@id\":\"https:\\\/\\\/naturalpoland.com\\\/de\\\/#organization\"},\"potentialAction\":[{\"@type\":\"SearchAction\",\"target\":{\"@type\":\"EntryPoint\",\"urlTemplate\":\"https:\\\/\\\/naturalpoland.com\\\/de\\\/?s={search_term_string}\"},\"query-input\":{\"@type\":\"PropertyValueSpecification\",\"valueRequired\":true,\"valueName\":\"search_term_string\"}}],\"inLanguage\":\"de\"},{\"@type\":\"Organization\",\"@id\":\"https:\\\/\\\/naturalpoland.com\\\/de\\\/#organization\",\"name\":\"Natural Poland\",\"url\":\"https:\\\/\\\/naturalpoland.com\\\/de\\\/\",\"logo\":{\"@type\":\"ImageObject\",\"inLanguage\":\"de\",\"@id\":\"https:\\\/\\\/naturalpoland.com\\\/de\\\/#\\\/schema\\\/logo\\\/image\\\/\",\"url\":\"https:\\\/\\\/naturalpoland.com\\\/wp-content\\\/uploads\\\/2021\\\/05\\\/natural-poland-icon.png\",\"contentUrl\":\"https:\\\/\\\/naturalpoland.com\\\/wp-content\\\/uploads\\\/2021\\\/05\\\/natural-poland-icon.png\",\"width\":512,\"height\":512,\"caption\":\"Natural Poland\"},\"image\":{\"@id\":\"https:\\\/\\\/naturalpoland.com\\\/de\\\/#\\\/schema\\\/logo\\\/image\\\/\"},\"sameAs\":[\"https:\\\/\\\/www.facebook.com\\\/naturalpoland.b2b\",\"https:\\\/\\\/pl.linkedin.com\\\/company\\\/natural-poland\",\"https:\\\/\\\/www.youtube.com\\\/channel\\\/UCgeGGkvOMahZo-xu_MSEWxg\"]}]}<\/script>\n<!-- \/ Yoast SEO plugin. -->","yoast_head_json":{"title":"Aroma Dulce de Leche - Gro\u00dfhandelsvertrieb","description":"Das Dulce de Leche Aroma ist eine besonders appetitlich-cremige Komposition, inspiriert vom s\u00fcdamerikanischen Milchkaramell.","robots":{"index":"index","follow":"follow","max-snippet":"max-snippet:-1","max-image-preview":"max-image-preview:large","max-video-preview":"max-video-preview:-1"},"canonical":"https:\/\/naturalpoland.com\/de\/produkte\/produkte-der-lebensmittelindustrie\/aromen\/dessertaromen\/aroma-dulce-de-leche\/","og_locale":"de_DE","og_type":"article","og_title":"Aroma Dulce de Leche - Gro\u00dfhandelsvertrieb","og_description":"Das Dulce de Leche Aroma ist eine besonders appetitlich-cremige Komposition, inspiriert vom s\u00fcdamerikanischen Milchkaramell.","og_url":"https:\/\/naturalpoland.com\/de\/produkte\/produkte-der-lebensmittelindustrie\/aromen\/dessertaromen\/aroma-dulce-de-leche\/","og_site_name":"NATURAL POLAND - IMPORT UND HANDEL VON ROHSTOFFEN","article_publisher":"https:\/\/www.facebook.com\/naturalpoland.b2b","article_modified_time":"2025-08-27T10:51:58+00:00","og_image":[{"width":1024,"height":1024,"url":"https:\/\/naturalpoland.com\/wp-content\/uploads\/aromat-dulce-de-leche.webp","type":"image\/webp"}],"schema":{"@context":"https:\/\/schema.org","@graph":[{"@type":"WebPage","@id":"https:\/\/naturalpoland.com\/de\/produkte\/produkte-der-lebensmittelindustrie\/aromen\/dessertaromen\/aroma-dulce-de-leche\/","url":"https:\/\/naturalpoland.com\/de\/produkte\/produkte-der-lebensmittelindustrie\/aromen\/dessertaromen\/aroma-dulce-de-leche\/","name":"Aroma Dulce de Leche - Gro\u00dfhandelsvertrieb","isPartOf":{"@id":"https:\/\/naturalpoland.com\/de\/#website"},"primaryImageOfPage":{"@id":"https:\/\/naturalpoland.com\/de\/produkte\/produkte-der-lebensmittelindustrie\/aromen\/dessertaromen\/aroma-dulce-de-leche\/#primaryimage"},"image":{"@id":"https:\/\/naturalpoland.com\/de\/produkte\/produkte-der-lebensmittelindustrie\/aromen\/dessertaromen\/aroma-dulce-de-leche\/#primaryimage"},"thumbnailUrl":"https:\/\/naturalpoland.com\/wp-content\/uploads\/aromat-dulce-de-leche.webp","datePublished":"2025-08-26T10:32:43+00:00","dateModified":"2025-08-27T10:51:58+00:00","description":"Das Dulce de Leche Aroma ist eine besonders appetitlich-cremige Komposition, inspiriert vom s\u00fcdamerikanischen Milchkaramell.","breadcrumb":{"@id":"https:\/\/naturalpoland.com\/de\/produkte\/produkte-der-lebensmittelindustrie\/aromen\/dessertaromen\/aroma-dulce-de-leche\/#breadcrumb"},"inLanguage":"de","potentialAction":[{"@type":"ReadAction","target":["https:\/\/naturalpoland.com\/de\/produkte\/produkte-der-lebensmittelindustrie\/aromen\/dessertaromen\/aroma-dulce-de-leche\/"]}]},{"@type":"ImageObject","inLanguage":"de","@id":"https:\/\/naturalpoland.com\/de\/produkte\/produkte-der-lebensmittelindustrie\/aromen\/dessertaromen\/aroma-dulce-de-leche\/#primaryimage","url":"https:\/\/naturalpoland.com\/wp-content\/uploads\/aromat-dulce-de-leche.webp","contentUrl":"https:\/\/naturalpoland.com\/wp-content\/uploads\/aromat-dulce-de-leche.webp","width":1024,"height":1024,"caption":"Aromat p\u0142ynny Dulce de Leche"},{"@type":"BreadcrumbList","@id":"https:\/\/naturalpoland.com\/de\/produkte\/produkte-der-lebensmittelindustrie\/aromen\/dessertaromen\/aroma-dulce-de-leche\/#breadcrumb","itemListElement":[{"@type":"ListItem","position":1,"name":"Startseite","item":"https:\/\/naturalpoland.com\/de\/"},{"@type":"ListItem","position":2,"name":"Produkte","item":"https:\/\/naturalpoland.com\/de\/produkte\/"},{"@type":"ListItem","position":3,"name":"Aroma Dulce de Leche"}]},{"@type":"WebSite","@id":"https:\/\/naturalpoland.com\/de\/#website","url":"https:\/\/naturalpoland.com\/de\/","name":"NATURAL POLAND - IMPORT UND HANDEL VON ROHSTOFFEN","description":"Rohstoffe f\u00fcr die Lebensmittelindustrie, Kosmetikindustrie, Pharmaindustrie","publisher":{"@id":"https:\/\/naturalpoland.com\/de\/#organization"},"potentialAction":[{"@type":"SearchAction","target":{"@type":"EntryPoint","urlTemplate":"https:\/\/naturalpoland.com\/de\/?s={search_term_string}"},"query-input":{"@type":"PropertyValueSpecification","valueRequired":true,"valueName":"search_term_string"}}],"inLanguage":"de"},{"@type":"Organization","@id":"https:\/\/naturalpoland.com\/de\/#organization","name":"Natural Poland","url":"https:\/\/naturalpoland.com\/de\/","logo":{"@type":"ImageObject","inLanguage":"de","@id":"https:\/\/naturalpoland.com\/de\/#\/schema\/logo\/image\/","url":"https:\/\/naturalpoland.com\/wp-content\/uploads\/2021\/05\/natural-poland-icon.png","contentUrl":"https:\/\/naturalpoland.com\/wp-content\/uploads\/2021\/05\/natural-poland-icon.png","width":512,"height":512,"caption":"Natural Poland"},"image":{"@id":"https:\/\/naturalpoland.com\/de\/#\/schema\/logo\/image\/"},"sameAs":["https:\/\/www.facebook.com\/naturalpoland.b2b","https:\/\/pl.linkedin.com\/company\/natural-poland","https:\/\/www.youtube.com\/channel\/UCgeGGkvOMahZo-xu_MSEWxg"]}]}},"_links":{"self":[{"href":"https:\/\/naturalpoland.com\/de\/wp-json\/wp\/v2\/product\/43089","targetHints":{"allow":["GET"]}}],"collection":[{"href":"https:\/\/naturalpoland.com\/de\/wp-json\/wp\/v2\/product"}],"about":[{"href":"https:\/\/naturalpoland.com\/de\/wp-json\/wp\/v2\/types\/product"}],"wp:featuredmedia":[{"embeddable":true,"href":"https:\/\/naturalpoland.com\/de\/wp-json\/wp\/v2\/media\/43059"}],"wp:attachment":[{"href":"https:\/\/naturalpoland.com\/de\/wp-json\/wp\/v2\/media?parent=43089"}],"wp:term":[{"taxonomy":"product_brand","embeddable":true,"href":"https:\/\/naturalpoland.com\/de\/wp-json\/wp\/v2\/product_brand?post=43089"},{"taxonomy":"product_cat","embeddable":true,"href":"https:\/\/naturalpoland.com\/de\/wp-json\/wp\/v2\/product_cat?post=43089"},{"taxonomy":"product_tag","embeddable":true,"href":"https:\/\/naturalpoland.com\/de\/wp-json\/wp\/v2\/product_tag?post=43089"}],"curies":[{"name":"wp","href":"https:\/\/api.w.org\/{rel}","templated":true}]}}