{"id":43437,"date":"2025-09-04T12:18:43","date_gmt":"2025-09-04T10:18:43","guid":{"rendered":"https:\/\/naturalpoland.com\/produkty\/unkategorisiert\/heidelbeeraroma\/"},"modified":"2025-09-26T11:23:29","modified_gmt":"2025-09-26T09:23:29","slug":"heidelbeeraroma","status":"publish","type":"product","link":"https:\/\/naturalpoland.com\/de\/produkte\/produkte-der-lebensmittelindustrie\/aromen\/fruchtige-aromen\/heidelbeeraroma\/","title":{"rendered":"Heidelbeeraroma"},"content":{"rendered":"<p>Heidelbeeraroma ist in fl\u00fcssiger und pulverf\u00f6rmiger Form in mehreren Varianten erh\u00e4ltlich.<\/p>\n<p>In der <strong>nat\u00fcrlichen Fl\u00fcssigversion<\/strong> zeichnet sich das Aroma durch einen tiefen, frischen Charakter der Heidelbeere mit einem zarten Hauch von Waldboden aus. Es ist hitzebest\u00e4ndig und kann daher erfolgreich in gebackenen, gekochten und pasteurisierten Produkten verwendet werden. Ideal f\u00fcr Marmeladen, Desserts, Fruchtaufstriche und Getr\u00e4nke.  <\/p>\n<p>Das <strong>Heidelbeer-Joghurt-Aroma<\/strong> ist eine appetitliche Kombination aus frischen, s\u00fc\u00dfen Heidelbeeren und nat\u00fcrlichem Joghurt \u2013 eine ausgewogene, leicht s\u00e4uerliche Komposition mit einem angenehmen, milchig-fruchtigen Abgang. Das <strong>Heidelbeer-Sahne-Aroma<\/strong> hingegen besticht durch seine cremige Tiefe \u2013 es vereint fette, saure Sahne mit reifen, s\u00fc\u00dfen Heidelbeeren, was es zu einer einzigartigen Zutat f\u00fcr Eis, Joghurt und Milchprodukte macht. <\/p>\n<p><strong>In Pulverform<\/strong> ist eine nat\u00fcrliche Version des Aromas mit dem klassischen Charakter frisch gepfl\u00fcckter Heidelbeeren und einer subtilen Waldnote erh\u00e4ltlich. Es eignet sich hervorragend f\u00fcr lose Mischungen, Instantprodukte und Pulverpr\u00e4parate. Die <strong>Aronia-Heidelbeer-Variante<\/strong> bietet eine einzigartige Kombination aus herbem Aroniasaft und dem reichen Geschmack von Beerenfr\u00fcchten \u2013 ideal f\u00fcr funktionelle Getr\u00e4nke oder Fruchtriegel.  <\/p>\n<p>Die <strong>Heidelbeer-Marmeladen-Variante<\/strong> ist eine volle, s\u00fc\u00dfe Komposition, inspiriert von der Heidelbeere, mit Waldnoten, die sich hervorragend f\u00fcr S\u00fc\u00dfwaren eignet. Ebenfalls erh\u00e4ltlich ist eine <strong>maskierende Version<\/strong> \u2013 ein subtiles Aroma frischer Heidelbeeren mit Waldboden, entwickelt zur Neutralisierung unerw\u00fcnschter Geschmacksnoten in funktionellen Produkten und Nahrungserg\u00e4nzungsmitteln. <\/p>\n","protected":false},"excerpt":{"rendered":"<p>Heidelbeeraroma ist ein komplexes und vielschichtiges Geruchs- und Geschmacksprofil, das den Charakter frischer, reifer europ\u00e4ischer Heidelbeeren perfekt widerspiegelt.<\/p>\n","protected":false},"featured_media":43438,"template":"","meta":{"_acf_changed":false},"product_brand":[],"product_cat":[7614],"product_tag":[],"class_list":{"0":"post-43437","1":"product","2":"type-product","3":"status-publish","4":"has-post-thumbnail","6":"product_cat-fruchtige-aromen","8":"first","9":"instock","10":"shipping-taxable","11":"product-type-simple"},"acf":[],"yoast_head":"<!-- This site is optimized with the Yoast SEO plugin v27.6 - https:\/\/yoast.com\/product\/yoast-seo-wordpress\/ -->\n<title>Heidelbeeraroma - Gro\u00dfhandelsvertrieb<\/title>\n<meta name=\"description\" content=\"Heidelbeeraroma: komplexes Profil frischer, reifer europ\u00e4ischer Heidelbeeren.\" \/>\n<meta name=\"robots\" content=\"index, follow, max-snippet:-1, max-image-preview:large, max-video-preview:-1\" \/>\n<link rel=\"canonical\" href=\"https:\/\/naturalpoland.com\/de\/produkte\/produkte-der-lebensmittelindustrie\/aromen\/fruchtige-aromen\/heidelbeeraroma\/\" \/>\n<meta property=\"og:locale\" content=\"de_DE\" \/>\n<meta property=\"og:type\" content=\"article\" \/>\n<meta property=\"og:title\" content=\"Heidelbeeraroma - Gro\u00dfhandelsvertrieb\" \/>\n<meta property=\"og:description\" content=\"Heidelbeeraroma: komplexes Profil frischer, reifer europ\u00e4ischer Heidelbeeren.\" \/>\n<meta property=\"og:url\" content=\"https:\/\/naturalpoland.com\/de\/produkte\/produkte-der-lebensmittelindustrie\/aromen\/fruchtige-aromen\/heidelbeeraroma\/\" \/>\n<meta property=\"og:site_name\" content=\"NATURAL POLAND - IMPORT UND HANDEL VON ROHSTOFFEN\" \/>\n<meta property=\"article:publisher\" content=\"https:\/\/www.facebook.com\/naturalpoland.b2b\" \/>\n<meta property=\"article:modified_time\" content=\"2025-09-26T09:23:29+00:00\" \/>\n<meta property=\"og:image\" content=\"https:\/\/naturalpoland.com\/wp-content\/uploads\/aromat-jagodowy.webp\" \/>\n\t<meta property=\"og:image:width\" content=\"1024\" \/>\n\t<meta property=\"og:image:height\" content=\"1024\" \/>\n\t<meta property=\"og:image:type\" content=\"image\/webp\" \/>\n<script type=\"application\/ld+json\" class=\"yoast-schema-graph\">{\"@context\":\"https:\\\/\\\/schema.org\",\"@graph\":[{\"@type\":\"WebPage\",\"@id\":\"https:\\\/\\\/naturalpoland.com\\\/de\\\/produkte\\\/produkte-der-lebensmittelindustrie\\\/aromen\\\/fruchtige-aromen\\\/heidelbeeraroma\\\/\",\"url\":\"https:\\\/\\\/naturalpoland.com\\\/de\\\/produkte\\\/produkte-der-lebensmittelindustrie\\\/aromen\\\/fruchtige-aromen\\\/heidelbeeraroma\\\/\",\"name\":\"Heidelbeeraroma - Gro\u00dfhandelsvertrieb\",\"isPartOf\":{\"@id\":\"https:\\\/\\\/naturalpoland.com\\\/de\\\/#website\"},\"primaryImageOfPage\":{\"@id\":\"https:\\\/\\\/naturalpoland.com\\\/de\\\/produkte\\\/produkte-der-lebensmittelindustrie\\\/aromen\\\/fruchtige-aromen\\\/heidelbeeraroma\\\/#primaryimage\"},\"image\":{\"@id\":\"https:\\\/\\\/naturalpoland.com\\\/de\\\/produkte\\\/produkte-der-lebensmittelindustrie\\\/aromen\\\/fruchtige-aromen\\\/heidelbeeraroma\\\/#primaryimage\"},\"thumbnailUrl\":\"https:\\\/\\\/naturalpoland.com\\\/wp-content\\\/uploads\\\/aromat-jagodowy.webp\",\"datePublished\":\"2025-09-04T10:18:43+00:00\",\"dateModified\":\"2025-09-26T09:23:29+00:00\",\"description\":\"Heidelbeeraroma: komplexes Profil frischer, reifer europ\u00e4ischer Heidelbeeren.\",\"breadcrumb\":{\"@id\":\"https:\\\/\\\/naturalpoland.com\\\/de\\\/produkte\\\/produkte-der-lebensmittelindustrie\\\/aromen\\\/fruchtige-aromen\\\/heidelbeeraroma\\\/#breadcrumb\"},\"inLanguage\":\"de\",\"potentialAction\":[{\"@type\":\"ReadAction\",\"target\":[\"https:\\\/\\\/naturalpoland.com\\\/de\\\/produkte\\\/produkte-der-lebensmittelindustrie\\\/aromen\\\/fruchtige-aromen\\\/heidelbeeraroma\\\/\"]}]},{\"@type\":\"ImageObject\",\"inLanguage\":\"de\",\"@id\":\"https:\\\/\\\/naturalpoland.com\\\/de\\\/produkte\\\/produkte-der-lebensmittelindustrie\\\/aromen\\\/fruchtige-aromen\\\/heidelbeeraroma\\\/#primaryimage\",\"url\":\"https:\\\/\\\/naturalpoland.com\\\/wp-content\\\/uploads\\\/aromat-jagodowy.webp\",\"contentUrl\":\"https:\\\/\\\/naturalpoland.com\\\/wp-content\\\/uploads\\\/aromat-jagodowy.webp\",\"width\":1024,\"height\":1024,\"caption\":\"Heidelbeeraroma\"},{\"@type\":\"BreadcrumbList\",\"@id\":\"https:\\\/\\\/naturalpoland.com\\\/de\\\/produkte\\\/produkte-der-lebensmittelindustrie\\\/aromen\\\/fruchtige-aromen\\\/heidelbeeraroma\\\/#breadcrumb\",\"itemListElement\":[{\"@type\":\"ListItem\",\"position\":1,\"name\":\"Startseite\",\"item\":\"https:\\\/\\\/naturalpoland.com\\\/de\\\/\"},{\"@type\":\"ListItem\",\"position\":2,\"name\":\"Produkte\",\"item\":\"https:\\\/\\\/naturalpoland.com\\\/de\\\/produkte\\\/\"},{\"@type\":\"ListItem\",\"position\":3,\"name\":\"Heidelbeeraroma\"}]},{\"@type\":\"WebSite\",\"@id\":\"https:\\\/\\\/naturalpoland.com\\\/de\\\/#website\",\"url\":\"https:\\\/\\\/naturalpoland.com\\\/de\\\/\",\"name\":\"NATURAL POLAND - IMPORT UND HANDEL VON ROHSTOFFEN\",\"description\":\"Rohstoffe f\u00fcr die Lebensmittelindustrie, Kosmetikindustrie, Pharmaindustrie\",\"publisher\":{\"@id\":\"https:\\\/\\\/naturalpoland.com\\\/de\\\/#organization\"},\"potentialAction\":[{\"@type\":\"SearchAction\",\"target\":{\"@type\":\"EntryPoint\",\"urlTemplate\":\"https:\\\/\\\/naturalpoland.com\\\/de\\\/?s={search_term_string}\"},\"query-input\":{\"@type\":\"PropertyValueSpecification\",\"valueRequired\":true,\"valueName\":\"search_term_string\"}}],\"inLanguage\":\"de\"},{\"@type\":\"Organization\",\"@id\":\"https:\\\/\\\/naturalpoland.com\\\/de\\\/#organization\",\"name\":\"Natural Poland\",\"url\":\"https:\\\/\\\/naturalpoland.com\\\/de\\\/\",\"logo\":{\"@type\":\"ImageObject\",\"inLanguage\":\"de\",\"@id\":\"https:\\\/\\\/naturalpoland.com\\\/de\\\/#\\\/schema\\\/logo\\\/image\\\/\",\"url\":\"https:\\\/\\\/naturalpoland.com\\\/wp-content\\\/uploads\\\/2021\\\/05\\\/natural-poland-icon.png\",\"contentUrl\":\"https:\\\/\\\/naturalpoland.com\\\/wp-content\\\/uploads\\\/2021\\\/05\\\/natural-poland-icon.png\",\"width\":512,\"height\":512,\"caption\":\"Natural Poland\"},\"image\":{\"@id\":\"https:\\\/\\\/naturalpoland.com\\\/de\\\/#\\\/schema\\\/logo\\\/image\\\/\"},\"sameAs\":[\"https:\\\/\\\/www.facebook.com\\\/naturalpoland.b2b\",\"https:\\\/\\\/pl.linkedin.com\\\/company\\\/natural-poland\",\"https:\\\/\\\/www.youtube.com\\\/channel\\\/UCgeGGkvOMahZo-xu_MSEWxg\"]}]}<\/script>\n<!-- \/ Yoast SEO plugin. -->","yoast_head_json":{"title":"Heidelbeeraroma - Gro\u00dfhandelsvertrieb","description":"Heidelbeeraroma: komplexes Profil frischer, reifer europ\u00e4ischer Heidelbeeren.","robots":{"index":"index","follow":"follow","max-snippet":"max-snippet:-1","max-image-preview":"max-image-preview:large","max-video-preview":"max-video-preview:-1"},"canonical":"https:\/\/naturalpoland.com\/de\/produkte\/produkte-der-lebensmittelindustrie\/aromen\/fruchtige-aromen\/heidelbeeraroma\/","og_locale":"de_DE","og_type":"article","og_title":"Heidelbeeraroma - Gro\u00dfhandelsvertrieb","og_description":"Heidelbeeraroma: komplexes Profil frischer, reifer europ\u00e4ischer Heidelbeeren.","og_url":"https:\/\/naturalpoland.com\/de\/produkte\/produkte-der-lebensmittelindustrie\/aromen\/fruchtige-aromen\/heidelbeeraroma\/","og_site_name":"NATURAL POLAND - IMPORT UND HANDEL VON ROHSTOFFEN","article_publisher":"https:\/\/www.facebook.com\/naturalpoland.b2b","article_modified_time":"2025-09-26T09:23:29+00:00","og_image":[{"width":1024,"height":1024,"url":"https:\/\/naturalpoland.com\/wp-content\/uploads\/aromat-jagodowy.webp","type":"image\/webp"}],"schema":{"@context":"https:\/\/schema.org","@graph":[{"@type":"WebPage","@id":"https:\/\/naturalpoland.com\/de\/produkte\/produkte-der-lebensmittelindustrie\/aromen\/fruchtige-aromen\/heidelbeeraroma\/","url":"https:\/\/naturalpoland.com\/de\/produkte\/produkte-der-lebensmittelindustrie\/aromen\/fruchtige-aromen\/heidelbeeraroma\/","name":"Heidelbeeraroma - Gro\u00dfhandelsvertrieb","isPartOf":{"@id":"https:\/\/naturalpoland.com\/de\/#website"},"primaryImageOfPage":{"@id":"https:\/\/naturalpoland.com\/de\/produkte\/produkte-der-lebensmittelindustrie\/aromen\/fruchtige-aromen\/heidelbeeraroma\/#primaryimage"},"image":{"@id":"https:\/\/naturalpoland.com\/de\/produkte\/produkte-der-lebensmittelindustrie\/aromen\/fruchtige-aromen\/heidelbeeraroma\/#primaryimage"},"thumbnailUrl":"https:\/\/naturalpoland.com\/wp-content\/uploads\/aromat-jagodowy.webp","datePublished":"2025-09-04T10:18:43+00:00","dateModified":"2025-09-26T09:23:29+00:00","description":"Heidelbeeraroma: komplexes Profil frischer, reifer europ\u00e4ischer Heidelbeeren.","breadcrumb":{"@id":"https:\/\/naturalpoland.com\/de\/produkte\/produkte-der-lebensmittelindustrie\/aromen\/fruchtige-aromen\/heidelbeeraroma\/#breadcrumb"},"inLanguage":"de","potentialAction":[{"@type":"ReadAction","target":["https:\/\/naturalpoland.com\/de\/produkte\/produkte-der-lebensmittelindustrie\/aromen\/fruchtige-aromen\/heidelbeeraroma\/"]}]},{"@type":"ImageObject","inLanguage":"de","@id":"https:\/\/naturalpoland.com\/de\/produkte\/produkte-der-lebensmittelindustrie\/aromen\/fruchtige-aromen\/heidelbeeraroma\/#primaryimage","url":"https:\/\/naturalpoland.com\/wp-content\/uploads\/aromat-jagodowy.webp","contentUrl":"https:\/\/naturalpoland.com\/wp-content\/uploads\/aromat-jagodowy.webp","width":1024,"height":1024,"caption":"Heidelbeeraroma"},{"@type":"BreadcrumbList","@id":"https:\/\/naturalpoland.com\/de\/produkte\/produkte-der-lebensmittelindustrie\/aromen\/fruchtige-aromen\/heidelbeeraroma\/#breadcrumb","itemListElement":[{"@type":"ListItem","position":1,"name":"Startseite","item":"https:\/\/naturalpoland.com\/de\/"},{"@type":"ListItem","position":2,"name":"Produkte","item":"https:\/\/naturalpoland.com\/de\/produkte\/"},{"@type":"ListItem","position":3,"name":"Heidelbeeraroma"}]},{"@type":"WebSite","@id":"https:\/\/naturalpoland.com\/de\/#website","url":"https:\/\/naturalpoland.com\/de\/","name":"NATURAL POLAND - IMPORT UND HANDEL VON ROHSTOFFEN","description":"Rohstoffe f\u00fcr die Lebensmittelindustrie, Kosmetikindustrie, Pharmaindustrie","publisher":{"@id":"https:\/\/naturalpoland.com\/de\/#organization"},"potentialAction":[{"@type":"SearchAction","target":{"@type":"EntryPoint","urlTemplate":"https:\/\/naturalpoland.com\/de\/?s={search_term_string}"},"query-input":{"@type":"PropertyValueSpecification","valueRequired":true,"valueName":"search_term_string"}}],"inLanguage":"de"},{"@type":"Organization","@id":"https:\/\/naturalpoland.com\/de\/#organization","name":"Natural Poland","url":"https:\/\/naturalpoland.com\/de\/","logo":{"@type":"ImageObject","inLanguage":"de","@id":"https:\/\/naturalpoland.com\/de\/#\/schema\/logo\/image\/","url":"https:\/\/naturalpoland.com\/wp-content\/uploads\/2021\/05\/natural-poland-icon.png","contentUrl":"https:\/\/naturalpoland.com\/wp-content\/uploads\/2021\/05\/natural-poland-icon.png","width":512,"height":512,"caption":"Natural Poland"},"image":{"@id":"https:\/\/naturalpoland.com\/de\/#\/schema\/logo\/image\/"},"sameAs":["https:\/\/www.facebook.com\/naturalpoland.b2b","https:\/\/pl.linkedin.com\/company\/natural-poland","https:\/\/www.youtube.com\/channel\/UCgeGGkvOMahZo-xu_MSEWxg"]}]}},"_links":{"self":[{"href":"https:\/\/naturalpoland.com\/de\/wp-json\/wp\/v2\/product\/43437","targetHints":{"allow":["GET"]}}],"collection":[{"href":"https:\/\/naturalpoland.com\/de\/wp-json\/wp\/v2\/product"}],"about":[{"href":"https:\/\/naturalpoland.com\/de\/wp-json\/wp\/v2\/types\/product"}],"wp:featuredmedia":[{"embeddable":true,"href":"https:\/\/naturalpoland.com\/de\/wp-json\/wp\/v2\/media\/43438"}],"wp:attachment":[{"href":"https:\/\/naturalpoland.com\/de\/wp-json\/wp\/v2\/media?parent=43437"}],"wp:term":[{"taxonomy":"product_brand","embeddable":true,"href":"https:\/\/naturalpoland.com\/de\/wp-json\/wp\/v2\/product_brand?post=43437"},{"taxonomy":"product_cat","embeddable":true,"href":"https:\/\/naturalpoland.com\/de\/wp-json\/wp\/v2\/product_cat?post=43437"},{"taxonomy":"product_tag","embeddable":true,"href":"https:\/\/naturalpoland.com\/de\/wp-json\/wp\/v2\/product_tag?post=43437"}],"curies":[{"name":"wp","href":"https:\/\/api.w.org\/{rel}","templated":true}]}}