{"id":43614,"date":"2025-10-06T13:55:55","date_gmt":"2025-10-06T11:55:55","guid":{"rendered":"https:\/\/naturalpoland.com\/produkty\/unkategorisiert\/erdmandeloel-tigernut-oil\/"},"modified":"2025-10-22T10:06:05","modified_gmt":"2025-10-22T08:06:05","slug":"erdmandeloel-tigernut-oil","status":"publish","type":"product","link":"https:\/\/naturalpoland.com\/de\/produkte\/produkte-fur-die-kosmetikindustrie\/kosmetische-ole\/erdmandeloel-tigernut-oil\/","title":{"rendered":"Erdmandel\u00f6l (Tigernut Oil)"},"content":{"rendered":"<h2>Eigenschaften und Auswirkungen<\/h2>\n<p>Das \u00d6l aus <em>Cyperus esculentus<\/em> zeichnet sich durch einen hohen Gehalt an <strong>\u00d6ls\u00e4ure<\/strong> sowie das Vorhandensein von <strong>Linols\u00e4ure und Palmitins\u00e4ure<\/strong> aus. Dadurch weist es folgende Eigenschaften auf: <\/p>\n<ul>\n<li><strong>n\u00e4hrend und regenerierend<\/strong> \u2013 unterst\u00fctzt den Wiederaufbau der Lipidbarriere der Epidermis, erh\u00f6ht deren Elastizit\u00e4t und Geschmeidigkeit,<\/li>\n<li><strong>feuchtigkeitsspendend und sch\u00fctzend<\/strong> \u2013 reduziert den Wasserverlust (TEWL), indem es einen zarten Schutzfilm bildet,<\/li>\n<li><strong>antioxidativ<\/strong> \u2013 der Gehalt an unges\u00e4ttigten Fetts\u00e4uren unterst\u00fctzt die Neutralisierung freier Radikale,<\/li>\n<li><strong>beruhigend und pflegend<\/strong> \u2013 das \u00d6l wird selbst von trockener und empfindlicher Haut gut vertragen.<\/li>\n<\/ul>\n<p>Dank seines geringen S\u00e4uregehalts (ca. 0,54 %) und seiner oxidativen Stabilit\u00e4t (Peroxidzahl 7 meq O\u2082\/kg) beh\u00e4lt das \u00d6l seine Haltbarkeit und physikochemische Reinheit, was es zu einem hervorragenden Bestandteil f\u00fcr Rezepturen macht, die hochwertige pflanzliche Lipide erfordern.<\/p>\n<h2>Verwendung in Kosmetika<\/h2>\n<p>Tigernut Oil eignet sich als Bestandteil der Fettphase in Formulierungen:<\/p>\n<ul>\n<li>K\u00f6rpercremes und -lotionen,<\/li>\n<li>Gesichts- und Halspflegeprodukten,<\/li>\n<li>Massage\u00f6len und Pflegeprodukten f\u00fcr trockene Haut,<\/li>\n<li>Haar- und Kopfhautpflegeprodukten \u2013 verbessert Glanz, Geschmeidigkeit und Feuchtigkeit,<\/li>\n<li>Natur- und veganen Kosmetika, bei denen ein Rohstoff mit geringem Verarbeitungsgrad gew\u00fcnscht ist.<\/li>\n<\/ul>\n<p>Das \u00d6l kann auch als <strong>Tr\u00e4gerstoff f\u00fcr Wirkstoffe<\/strong> in Anti-Aging-Pr\u00e4paraten, Produkten zur Linderung von Reizungen oder in O\/W-Emulsionen verwendet werden.<\/p>\n","protected":false},"excerpt":{"rendered":"<p>Organisches <strong>Erdmandel\u00f6l<\/strong> (Tigernut Oil) wird durch Pressen der Wurzeln von <em>Cyperus esculentus<\/em> gewonnen \u2013 einer Pflanze, die auch als \u201eErdmandel\u201c oder \u201eChufa\u201c bekannt ist. Es ist ein pflanzlicher Rohstoff mit einem einzigartigen Lipidprofil, der in Naturkosmetik und Premium-Pflegeprodukten verwendet wird. <\/p>\n","protected":false},"featured_media":43618,"template":"","meta":{"_acf_changed":false},"product_brand":[],"product_cat":[384],"product_tag":[],"class_list":{"0":"post-43614","1":"product","2":"type-product","3":"status-publish","4":"has-post-thumbnail","6":"product_cat-kosmetische-ole","7":"pa_metoda-pozyskiwania-kaltpressung","9":"first","10":"instock","11":"shipping-taxable","12":"product-type-simple"},"acf":[],"yoast_head":"<!-- This site is optimized with the Yoast SEO plugin v27.5 - https:\/\/yoast.com\/product\/yoast-seo-wordpress\/ -->\n<title>Erdmandel\u00f6l \u2013 Gro\u00dfh\u00e4ndler<\/title>\n<meta name=\"description\" content=\"Bio-Erdmandel\u00f6l (INCI: Cyperus esculentus Root Oil) \u2013 nat\u00fcrlicher kosmetischer Rohstoff mit hohem \u00d6ls\u00e4uregehalt.\" \/>\n<meta name=\"robots\" content=\"index, follow, max-snippet:-1, max-image-preview:large, max-video-preview:-1\" \/>\n<link rel=\"canonical\" href=\"https:\/\/naturalpoland.com\/de\/produkte\/produkte-fur-die-kosmetikindustrie\/kosmetische-ole\/erdmandeloel-tigernut-oil\/\" \/>\n<meta property=\"og:locale\" content=\"de_DE\" \/>\n<meta property=\"og:type\" content=\"article\" \/>\n<meta property=\"og:title\" content=\"Erdmandel\u00f6l \u2013 Gro\u00dfh\u00e4ndler\" \/>\n<meta property=\"og:description\" content=\"Bio-Erdmandel\u00f6l (INCI: Cyperus esculentus Root Oil) \u2013 nat\u00fcrlicher kosmetischer Rohstoff mit hohem \u00d6ls\u00e4uregehalt.\" \/>\n<meta property=\"og:url\" content=\"https:\/\/naturalpoland.com\/de\/produkte\/produkte-fur-die-kosmetikindustrie\/kosmetische-ole\/erdmandeloel-tigernut-oil\/\" \/>\n<meta property=\"og:site_name\" content=\"NATURAL POLAND - IMPORT UND HANDEL VON ROHSTOFFEN\" \/>\n<meta property=\"article:publisher\" content=\"https:\/\/www.facebook.com\/naturalpoland.b2b\" \/>\n<meta property=\"article:modified_time\" content=\"2025-10-22T08:06:05+00:00\" \/>\n<meta property=\"og:image\" content=\"https:\/\/naturalpoland.com\/wp-content\/uploads\/tigernut-oil.webp\" \/>\n\t<meta property=\"og:image:width\" content=\"1024\" \/>\n\t<meta property=\"og:image:height\" content=\"1024\" \/>\n\t<meta property=\"og:image:type\" content=\"image\/webp\" \/>\n<script type=\"application\/ld+json\" class=\"yoast-schema-graph\">{\"@context\":\"https:\\\/\\\/schema.org\",\"@graph\":[{\"@type\":\"WebPage\",\"@id\":\"https:\\\/\\\/naturalpoland.com\\\/de\\\/produkte\\\/produkte-fur-die-kosmetikindustrie\\\/kosmetische-ole\\\/erdmandeloel-tigernut-oil\\\/\",\"url\":\"https:\\\/\\\/naturalpoland.com\\\/de\\\/produkte\\\/produkte-fur-die-kosmetikindustrie\\\/kosmetische-ole\\\/erdmandeloel-tigernut-oil\\\/\",\"name\":\"Erdmandel\u00f6l \u2013 Gro\u00dfh\u00e4ndler\",\"isPartOf\":{\"@id\":\"https:\\\/\\\/naturalpoland.com\\\/de\\\/#website\"},\"primaryImageOfPage\":{\"@id\":\"https:\\\/\\\/naturalpoland.com\\\/de\\\/produkte\\\/produkte-fur-die-kosmetikindustrie\\\/kosmetische-ole\\\/erdmandeloel-tigernut-oil\\\/#primaryimage\"},\"image\":{\"@id\":\"https:\\\/\\\/naturalpoland.com\\\/de\\\/produkte\\\/produkte-fur-die-kosmetikindustrie\\\/kosmetische-ole\\\/erdmandeloel-tigernut-oil\\\/#primaryimage\"},\"thumbnailUrl\":\"https:\\\/\\\/naturalpoland.com\\\/wp-content\\\/uploads\\\/tigernut-oil.webp\",\"datePublished\":\"2025-10-06T11:55:55+00:00\",\"dateModified\":\"2025-10-22T08:06:05+00:00\",\"description\":\"Bio-Erdmandel\u00f6l (INCI: Cyperus esculentus Root Oil) \u2013 nat\u00fcrlicher kosmetischer Rohstoff mit hohem \u00d6ls\u00e4uregehalt.\",\"breadcrumb\":{\"@id\":\"https:\\\/\\\/naturalpoland.com\\\/de\\\/produkte\\\/produkte-fur-die-kosmetikindustrie\\\/kosmetische-ole\\\/erdmandeloel-tigernut-oil\\\/#breadcrumb\"},\"inLanguage\":\"de\",\"potentialAction\":[{\"@type\":\"ReadAction\",\"target\":[\"https:\\\/\\\/naturalpoland.com\\\/de\\\/produkte\\\/produkte-fur-die-kosmetikindustrie\\\/kosmetische-ole\\\/erdmandeloel-tigernut-oil\\\/\"]}]},{\"@type\":\"ImageObject\",\"inLanguage\":\"de\",\"@id\":\"https:\\\/\\\/naturalpoland.com\\\/de\\\/produkte\\\/produkte-fur-die-kosmetikindustrie\\\/kosmetische-ole\\\/erdmandeloel-tigernut-oil\\\/#primaryimage\",\"url\":\"https:\\\/\\\/naturalpoland.com\\\/wp-content\\\/uploads\\\/tigernut-oil.webp\",\"contentUrl\":\"https:\\\/\\\/naturalpoland.com\\\/wp-content\\\/uploads\\\/tigernut-oil.webp\",\"width\":1024,\"height\":1024,\"caption\":\"Tigernut Oil\"},{\"@type\":\"BreadcrumbList\",\"@id\":\"https:\\\/\\\/naturalpoland.com\\\/de\\\/produkte\\\/produkte-fur-die-kosmetikindustrie\\\/kosmetische-ole\\\/erdmandeloel-tigernut-oil\\\/#breadcrumb\",\"itemListElement\":[{\"@type\":\"ListItem\",\"position\":1,\"name\":\"Startseite\",\"item\":\"https:\\\/\\\/naturalpoland.com\\\/de\\\/\"},{\"@type\":\"ListItem\",\"position\":2,\"name\":\"Produkte\",\"item\":\"https:\\\/\\\/naturalpoland.com\\\/de\\\/produkte\\\/\"},{\"@type\":\"ListItem\",\"position\":3,\"name\":\"Erdmandel\u00f6l (Tigernut Oil)\"}]},{\"@type\":\"WebSite\",\"@id\":\"https:\\\/\\\/naturalpoland.com\\\/de\\\/#website\",\"url\":\"https:\\\/\\\/naturalpoland.com\\\/de\\\/\",\"name\":\"NATURAL POLAND - IMPORT UND HANDEL VON ROHSTOFFEN\",\"description\":\"Rohstoffe f\u00fcr die Lebensmittelindustrie, Kosmetikindustrie, Pharmaindustrie\",\"publisher\":{\"@id\":\"https:\\\/\\\/naturalpoland.com\\\/de\\\/#organization\"},\"potentialAction\":[{\"@type\":\"SearchAction\",\"target\":{\"@type\":\"EntryPoint\",\"urlTemplate\":\"https:\\\/\\\/naturalpoland.com\\\/de\\\/?s={search_term_string}\"},\"query-input\":{\"@type\":\"PropertyValueSpecification\",\"valueRequired\":true,\"valueName\":\"search_term_string\"}}],\"inLanguage\":\"de\"},{\"@type\":\"Organization\",\"@id\":\"https:\\\/\\\/naturalpoland.com\\\/de\\\/#organization\",\"name\":\"Natural Poland\",\"url\":\"https:\\\/\\\/naturalpoland.com\\\/de\\\/\",\"logo\":{\"@type\":\"ImageObject\",\"inLanguage\":\"de\",\"@id\":\"https:\\\/\\\/naturalpoland.com\\\/de\\\/#\\\/schema\\\/logo\\\/image\\\/\",\"url\":\"https:\\\/\\\/naturalpoland.com\\\/wp-content\\\/uploads\\\/2021\\\/05\\\/natural-poland-icon.png\",\"contentUrl\":\"https:\\\/\\\/naturalpoland.com\\\/wp-content\\\/uploads\\\/2021\\\/05\\\/natural-poland-icon.png\",\"width\":512,\"height\":512,\"caption\":\"Natural Poland\"},\"image\":{\"@id\":\"https:\\\/\\\/naturalpoland.com\\\/de\\\/#\\\/schema\\\/logo\\\/image\\\/\"},\"sameAs\":[\"https:\\\/\\\/www.facebook.com\\\/naturalpoland.b2b\",\"https:\\\/\\\/pl.linkedin.com\\\/company\\\/natural-poland\",\"https:\\\/\\\/www.youtube.com\\\/channel\\\/UCgeGGkvOMahZo-xu_MSEWxg\"]}]}<\/script>\n<!-- \/ Yoast SEO plugin. -->","yoast_head_json":{"title":"Erdmandel\u00f6l \u2013 Gro\u00dfh\u00e4ndler","description":"Bio-Erdmandel\u00f6l (INCI: Cyperus esculentus Root Oil) \u2013 nat\u00fcrlicher kosmetischer Rohstoff mit hohem \u00d6ls\u00e4uregehalt.","robots":{"index":"index","follow":"follow","max-snippet":"max-snippet:-1","max-image-preview":"max-image-preview:large","max-video-preview":"max-video-preview:-1"},"canonical":"https:\/\/naturalpoland.com\/de\/produkte\/produkte-fur-die-kosmetikindustrie\/kosmetische-ole\/erdmandeloel-tigernut-oil\/","og_locale":"de_DE","og_type":"article","og_title":"Erdmandel\u00f6l \u2013 Gro\u00dfh\u00e4ndler","og_description":"Bio-Erdmandel\u00f6l (INCI: Cyperus esculentus Root Oil) \u2013 nat\u00fcrlicher kosmetischer Rohstoff mit hohem \u00d6ls\u00e4uregehalt.","og_url":"https:\/\/naturalpoland.com\/de\/produkte\/produkte-fur-die-kosmetikindustrie\/kosmetische-ole\/erdmandeloel-tigernut-oil\/","og_site_name":"NATURAL POLAND - IMPORT UND HANDEL VON ROHSTOFFEN","article_publisher":"https:\/\/www.facebook.com\/naturalpoland.b2b","article_modified_time":"2025-10-22T08:06:05+00:00","og_image":[{"width":1024,"height":1024,"url":"https:\/\/naturalpoland.com\/wp-content\/uploads\/tigernut-oil.webp","type":"image\/webp"}],"schema":{"@context":"https:\/\/schema.org","@graph":[{"@type":"WebPage","@id":"https:\/\/naturalpoland.com\/de\/produkte\/produkte-fur-die-kosmetikindustrie\/kosmetische-ole\/erdmandeloel-tigernut-oil\/","url":"https:\/\/naturalpoland.com\/de\/produkte\/produkte-fur-die-kosmetikindustrie\/kosmetische-ole\/erdmandeloel-tigernut-oil\/","name":"Erdmandel\u00f6l \u2013 Gro\u00dfh\u00e4ndler","isPartOf":{"@id":"https:\/\/naturalpoland.com\/de\/#website"},"primaryImageOfPage":{"@id":"https:\/\/naturalpoland.com\/de\/produkte\/produkte-fur-die-kosmetikindustrie\/kosmetische-ole\/erdmandeloel-tigernut-oil\/#primaryimage"},"image":{"@id":"https:\/\/naturalpoland.com\/de\/produkte\/produkte-fur-die-kosmetikindustrie\/kosmetische-ole\/erdmandeloel-tigernut-oil\/#primaryimage"},"thumbnailUrl":"https:\/\/naturalpoland.com\/wp-content\/uploads\/tigernut-oil.webp","datePublished":"2025-10-06T11:55:55+00:00","dateModified":"2025-10-22T08:06:05+00:00","description":"Bio-Erdmandel\u00f6l (INCI: Cyperus esculentus Root Oil) \u2013 nat\u00fcrlicher kosmetischer Rohstoff mit hohem \u00d6ls\u00e4uregehalt.","breadcrumb":{"@id":"https:\/\/naturalpoland.com\/de\/produkte\/produkte-fur-die-kosmetikindustrie\/kosmetische-ole\/erdmandeloel-tigernut-oil\/#breadcrumb"},"inLanguage":"de","potentialAction":[{"@type":"ReadAction","target":["https:\/\/naturalpoland.com\/de\/produkte\/produkte-fur-die-kosmetikindustrie\/kosmetische-ole\/erdmandeloel-tigernut-oil\/"]}]},{"@type":"ImageObject","inLanguage":"de","@id":"https:\/\/naturalpoland.com\/de\/produkte\/produkte-fur-die-kosmetikindustrie\/kosmetische-ole\/erdmandeloel-tigernut-oil\/#primaryimage","url":"https:\/\/naturalpoland.com\/wp-content\/uploads\/tigernut-oil.webp","contentUrl":"https:\/\/naturalpoland.com\/wp-content\/uploads\/tigernut-oil.webp","width":1024,"height":1024,"caption":"Tigernut Oil"},{"@type":"BreadcrumbList","@id":"https:\/\/naturalpoland.com\/de\/produkte\/produkte-fur-die-kosmetikindustrie\/kosmetische-ole\/erdmandeloel-tigernut-oil\/#breadcrumb","itemListElement":[{"@type":"ListItem","position":1,"name":"Startseite","item":"https:\/\/naturalpoland.com\/de\/"},{"@type":"ListItem","position":2,"name":"Produkte","item":"https:\/\/naturalpoland.com\/de\/produkte\/"},{"@type":"ListItem","position":3,"name":"Erdmandel\u00f6l (Tigernut Oil)"}]},{"@type":"WebSite","@id":"https:\/\/naturalpoland.com\/de\/#website","url":"https:\/\/naturalpoland.com\/de\/","name":"NATURAL POLAND - IMPORT UND HANDEL VON ROHSTOFFEN","description":"Rohstoffe f\u00fcr die Lebensmittelindustrie, Kosmetikindustrie, Pharmaindustrie","publisher":{"@id":"https:\/\/naturalpoland.com\/de\/#organization"},"potentialAction":[{"@type":"SearchAction","target":{"@type":"EntryPoint","urlTemplate":"https:\/\/naturalpoland.com\/de\/?s={search_term_string}"},"query-input":{"@type":"PropertyValueSpecification","valueRequired":true,"valueName":"search_term_string"}}],"inLanguage":"de"},{"@type":"Organization","@id":"https:\/\/naturalpoland.com\/de\/#organization","name":"Natural Poland","url":"https:\/\/naturalpoland.com\/de\/","logo":{"@type":"ImageObject","inLanguage":"de","@id":"https:\/\/naturalpoland.com\/de\/#\/schema\/logo\/image\/","url":"https:\/\/naturalpoland.com\/wp-content\/uploads\/2021\/05\/natural-poland-icon.png","contentUrl":"https:\/\/naturalpoland.com\/wp-content\/uploads\/2021\/05\/natural-poland-icon.png","width":512,"height":512,"caption":"Natural Poland"},"image":{"@id":"https:\/\/naturalpoland.com\/de\/#\/schema\/logo\/image\/"},"sameAs":["https:\/\/www.facebook.com\/naturalpoland.b2b","https:\/\/pl.linkedin.com\/company\/natural-poland","https:\/\/www.youtube.com\/channel\/UCgeGGkvOMahZo-xu_MSEWxg"]}]}},"_links":{"self":[{"href":"https:\/\/naturalpoland.com\/de\/wp-json\/wp\/v2\/product\/43614","targetHints":{"allow":["GET"]}}],"collection":[{"href":"https:\/\/naturalpoland.com\/de\/wp-json\/wp\/v2\/product"}],"about":[{"href":"https:\/\/naturalpoland.com\/de\/wp-json\/wp\/v2\/types\/product"}],"wp:featuredmedia":[{"embeddable":true,"href":"https:\/\/naturalpoland.com\/de\/wp-json\/wp\/v2\/media\/43618"}],"wp:attachment":[{"href":"https:\/\/naturalpoland.com\/de\/wp-json\/wp\/v2\/media?parent=43614"}],"wp:term":[{"taxonomy":"product_brand","embeddable":true,"href":"https:\/\/naturalpoland.com\/de\/wp-json\/wp\/v2\/product_brand?post=43614"},{"taxonomy":"product_cat","embeddable":true,"href":"https:\/\/naturalpoland.com\/de\/wp-json\/wp\/v2\/product_cat?post=43614"},{"taxonomy":"product_tag","embeddable":true,"href":"https:\/\/naturalpoland.com\/de\/wp-json\/wp\/v2\/product_tag?post=43614"}],"curies":[{"name":"wp","href":"https:\/\/api.w.org\/{rel}","templated":true}]}}