{"id":43963,"date":"2025-12-09T11:38:11","date_gmt":"2025-12-09T10:38:11","guid":{"rendered":"https:\/\/naturalpoland.com\/produkty\/unkategorisiert\/cica-pdrn\/"},"modified":"2025-12-09T12:24:17","modified_gmt":"2025-12-09T11:24:17","slug":"cica-pdrn","status":"publish","type":"product","link":"https:\/\/naturalpoland.com\/de\/produkte\/produkte-fur-die-kosmetikindustrie\/aktive-substanzen\/cica-pdrn\/","title":{"rendered":"CICA PDRN"},"content":{"rendered":"<p>CICA PDRN ist ein moderner Premium-Regenerationsrohstoff, der in S\u00fcdkorea entwickelt wurde \u2013 einem der globalen Zentren f\u00fcr kosmetische Innovationen. Die Formel wurde entwickelt, um gleichzeitig die f\u00fcr Centella asiatica charakteristische beruhigende Wirkung sowie die hohe regenerative Aktivit\u00e4t von Natrium-DNA (Sodium DNA) zu liefern. <\/p>\n<p>Dieser Rohstoff enth\u00e4lt Wasser, Centella asiatica Extrakt (5 %), Natrium-DNA (0,0005 % \/ 5 ppm) sowie 1,2-Hexandiol als mildes Feuchthaltemittel und stabilisierenden Bestandteil. Diese Zusammensetzung gew\u00e4hrleistet eine synergistische proregenerative, entz\u00fcndungshemmende und hautheilungsf\u00f6rdernde Wirkung. <\/p>\n<h2>Eigenschaften und Wirkmechanismus von CICA PDRN<\/h2>\n<p><strong>1. Geweberegeneration und Heilung von Sch\u00e4den<\/strong><\/p>\n<p>PDRN ist ein DNA-Polymer mit einer Masse von 65\u2013325 kDa, das den auf der Oberfl\u00e4che von Hautzellen vorhandenen <strong>Adenosin-A2A-Rezeptor<\/strong> aktiviert. Die Aktivierung dieses Rezeptors leitet Reparaturprozesse ein, beschleunigt die Fibroblastenproliferation und unterst\u00fctzt die nat\u00fcrliche Geweberegeneration. <\/p>\n<p>Der Inhaltsstoff zeigt auch eine Wirkung gegen Gewebeisch\u00e4mie, <strong>f\u00f6rdert die Angiogenese<\/strong> und <strong>stimuliert die Kollagensynthese<\/strong>, was in Anti-Aging-Produkten und nach dermatologischen Behandlungen wichtig ist.<\/p>\n<p><strong>2. Entz\u00fcndungshemmende und beruhigende Wirkung<\/strong><\/p>\n<p>Centella asiatica ist reich an Triterpenoiden wie <strong>Asiaticosid<\/strong> und <strong>Madecassosid<\/strong>, die f\u00fcr ihre starke entz\u00fcndungshemmende Wirkung bekannt sind. In Kombination mit PDRN reduziert der Rohstoff effektiv Entz\u00fcndungsreaktionen und unterst\u00fctzt die Linderung von Irritationen, die durch Umweltstress, UV-Strahlung oder kosmetische Behandlungen verursacht werden. <\/p>\n<p><strong>Die Reduzierung der Expression von Entz\u00fcndungsmarkern<\/strong> (NF-\u03baB, IL-1, TNF-\u03b1, COX-2) sowie <strong>die Senkung der MMP-Aktivit\u00e4t<\/strong> f\u00fchrt zum Schutz des Kollagens vor Abbau und zur Verbesserung der Hautelastizit\u00e4t.<\/p>\n<p><strong>3. Verbesserung der Elastizit\u00e4t, Hydratation und Hautstruktur<\/strong><\/p>\n<p>Der Rohstoff verbessert die Hautfeuchtigkeit dank des Vorhandenseins von <strong>Centella asiatica Extrakt<\/strong> sowie <strong>Komponenten mit feuchtigkeitsspendender Aktivit\u00e4t<\/strong>. Gleichzeitig stimuliert er die Kollagen- und Elastinsynthese durch Erh\u00f6hung der SOD-Aktivit\u00e4t und Verringerung der NADPH-Oxidase-Aktivit\u00e4t, wobei dies auch mit einer Reduzierung der Melaninsynthese einhergeht. <\/p>\n<p>Das Ergebnis der Anwendung des Inhaltsstoffs ist eine erh\u00f6hte Hautelastizit\u00e4t, die Gl\u00e4ttung feiner Falten und die Reduzierung der Sichtbarkeit von Poren.<\/p>\n<p><strong>4. Unterst\u00fctzung bei der Reduzierung von Narben und Pigmentflecken<\/strong><\/p>\n<p>Dank seiner regenerativen Eigenschaften und der Modulation entz\u00fcndlicher Prozesse findet CICA PDRN Anwendung in Produkten, die <strong>die Reduzierung der Sichtbarkeit von Narben, postinflammatorischen Hyperpigmentierungen und Aknenarben<\/strong> unterst\u00fctzen. Dieser Mechanismus resultiert aus der <strong>Regulation der MITF-Expression<\/strong> und der <strong>Tyrosinase-Aktivit\u00e4t<\/strong> \u2013 Schl\u00fcsselkomponenten der Hautpigmentierungsprozesse. <\/p>\n<h2>Anwendung von CICA PDRN in Kosmetika<\/h2>\n<p>CICA PDRN ist ein multifunktionaler Inhaltsstoff, der f\u00fcr folgende Produkte empfohlen wird:<\/p>\n<ul>\n<li><strong>regenerierende Kosmetika<\/strong> \u2013 barrierewiederherstellende Seren, Reparaturcremes, Kuren nach dermatologischen Behandlungen,<\/li>\n<li><strong>Anti-Aging-Kosmetika<\/strong> \u2013 faltenreduzierende Formeln, die Festigkeit und Elastizit\u00e4t verbessern,<\/li>\n<li><strong>Kosmetika f\u00fcr empfindliche Haut<\/strong> \u2013 beruhigende Cremes und Emulsionen, Produkte zur Linderung von R\u00f6tungen,<\/li>\n<li><strong>Kosmetika f\u00fcr problematische Haut<\/strong> \u2013 Unterst\u00fctzung der Heilung von Hautver\u00e4nderungen, Reduzierung von Narben und Pigmentflecken,<\/li>\n<li><strong>dermatologische und professionelle Produkte<\/strong> \u2013 Post-Treatment-Masken, Ampullen, Produkte f\u00fcr den professionellen Einsatz,<\/li>\n<li><strong>K\u00f6rperpflege<\/strong> \u2013 regenerierende Balsame, Produkte f\u00fcr irritierte Haut.<\/li>\n<\/ul>\n<p>Aufgrund des breiten Wirkungsspektrums und der sehr geringen Konzentration an aktiver DNA (5 ppm) eignet sich der Rohstoff sowohl f\u00fcr leichte Emulsionen als auch f\u00fcr reichhaltigere Cremeformulierungen.<\/p>\n<p>&nbsp;<\/p>\n","protected":false},"excerpt":{"rendered":"<p><strong>CICA PDRN<\/strong> ist ein fortschrittlicher bioaktiver Komplex, der <a href=\"https:\/\/naturalpoland.com\/de\/produkte\/produkte-fur-die-pharmaindustrie\/nahrungserganzungmittel\/aus-vacrota-asiatic\/\"><strong>Centella asiatica Extrakt<\/strong><\/a> mit <strong>Polydeoxyribonukleotiden<\/strong> (PDRN) kombiniert, die aus derselben Pflanze gewonnen werden.<\/p>\n","protected":false},"featured_media":43964,"template":"","meta":{"_acf_changed":false},"product_brand":[],"product_cat":[1509,10350],"product_tag":[],"class_list":{"0":"post-43963","1":"product","2":"type-product","3":"status-publish","4":"has-post-thumbnail","6":"product_cat-aktive-substanzen","7":"product_cat-koreanische-rohstoffe","8":"pa_skladnik-aktywny-centella-asiatica-extrakt","9":"pa_skladnik-aktywny-natrium-dna","11":"first","12":"instock","13":"shipping-taxable","14":"product-type-simple"},"acf":[],"yoast_head":"<!-- This site is optimized with the Yoast SEO plugin v27.4 - https:\/\/yoast.com\/product\/yoast-seo-wordpress\/ -->\n<title>CICA PDRN - Gro\u00dfhandelsvertrieb<\/title>\n<meta name=\"description\" content=\"CICA PDRN \u2013 ein koreanischer regenerierender Rohstoff, der Centella asiatica und PDRN kombiniert. Er unterst\u00fctzt die Heilung, verbessert die Elastizit\u00e4t und reduziert Hautentz\u00fcndungen.\" \/>\n<meta name=\"robots\" content=\"index, follow, max-snippet:-1, max-image-preview:large, max-video-preview:-1\" \/>\n<link rel=\"canonical\" href=\"https:\/\/naturalpoland.com\/de\/produkte\/produkte-fur-die-kosmetikindustrie\/aktive-substanzen\/cica-pdrn\/\" \/>\n<meta property=\"og:locale\" content=\"de_DE\" \/>\n<meta property=\"og:type\" content=\"article\" \/>\n<meta property=\"og:title\" content=\"CICA PDRN - Gro\u00dfhandelsvertrieb\" \/>\n<meta property=\"og:description\" content=\"CICA PDRN \u2013 ein koreanischer regenerierender Rohstoff, der Centella asiatica und PDRN kombiniert. Er unterst\u00fctzt die Heilung, verbessert die Elastizit\u00e4t und reduziert Hautentz\u00fcndungen.\" \/>\n<meta property=\"og:url\" content=\"https:\/\/naturalpoland.com\/de\/produkte\/produkte-fur-die-kosmetikindustrie\/aktive-substanzen\/cica-pdrn\/\" \/>\n<meta property=\"og:site_name\" content=\"NATURAL POLAND - IMPORT UND HANDEL VON ROHSTOFFEN\" \/>\n<meta property=\"article:publisher\" content=\"https:\/\/www.facebook.com\/naturalpoland.b2b\" \/>\n<meta property=\"article:modified_time\" content=\"2025-12-09T11:24:17+00:00\" \/>\n<meta property=\"og:image\" content=\"https:\/\/naturalpoland.com\/wp-content\/uploads\/cica-pdrn.webp\" \/>\n\t<meta property=\"og:image:width\" content=\"1024\" \/>\n\t<meta property=\"og:image:height\" content=\"1024\" \/>\n\t<meta property=\"og:image:type\" content=\"image\/webp\" \/>\n<script type=\"application\/ld+json\" class=\"yoast-schema-graph\">{\"@context\":\"https:\\\/\\\/schema.org\",\"@graph\":[{\"@type\":\"WebPage\",\"@id\":\"https:\\\/\\\/naturalpoland.com\\\/de\\\/produkte\\\/produkte-fur-die-kosmetikindustrie\\\/aktive-substanzen\\\/cica-pdrn\\\/\",\"url\":\"https:\\\/\\\/naturalpoland.com\\\/de\\\/produkte\\\/produkte-fur-die-kosmetikindustrie\\\/aktive-substanzen\\\/cica-pdrn\\\/\",\"name\":\"CICA PDRN - Gro\u00dfhandelsvertrieb\",\"isPartOf\":{\"@id\":\"https:\\\/\\\/naturalpoland.com\\\/de\\\/#website\"},\"primaryImageOfPage\":{\"@id\":\"https:\\\/\\\/naturalpoland.com\\\/de\\\/produkte\\\/produkte-fur-die-kosmetikindustrie\\\/aktive-substanzen\\\/cica-pdrn\\\/#primaryimage\"},\"image\":{\"@id\":\"https:\\\/\\\/naturalpoland.com\\\/de\\\/produkte\\\/produkte-fur-die-kosmetikindustrie\\\/aktive-substanzen\\\/cica-pdrn\\\/#primaryimage\"},\"thumbnailUrl\":\"https:\\\/\\\/naturalpoland.com\\\/wp-content\\\/uploads\\\/cica-pdrn.webp\",\"datePublished\":\"2025-12-09T10:38:11+00:00\",\"dateModified\":\"2025-12-09T11:24:17+00:00\",\"description\":\"CICA PDRN \u2013 ein koreanischer regenerierender Rohstoff, der Centella asiatica und PDRN kombiniert. Er unterst\u00fctzt die Heilung, verbessert die Elastizit\u00e4t und reduziert Hautentz\u00fcndungen.\",\"breadcrumb\":{\"@id\":\"https:\\\/\\\/naturalpoland.com\\\/de\\\/produkte\\\/produkte-fur-die-kosmetikindustrie\\\/aktive-substanzen\\\/cica-pdrn\\\/#breadcrumb\"},\"inLanguage\":\"de\",\"potentialAction\":[{\"@type\":\"ReadAction\",\"target\":[\"https:\\\/\\\/naturalpoland.com\\\/de\\\/produkte\\\/produkte-fur-die-kosmetikindustrie\\\/aktive-substanzen\\\/cica-pdrn\\\/\"]}]},{\"@type\":\"ImageObject\",\"inLanguage\":\"de\",\"@id\":\"https:\\\/\\\/naturalpoland.com\\\/de\\\/produkte\\\/produkte-fur-die-kosmetikindustrie\\\/aktive-substanzen\\\/cica-pdrn\\\/#primaryimage\",\"url\":\"https:\\\/\\\/naturalpoland.com\\\/wp-content\\\/uploads\\\/cica-pdrn.webp\",\"contentUrl\":\"https:\\\/\\\/naturalpoland.com\\\/wp-content\\\/uploads\\\/cica-pdrn.webp\",\"width\":1024,\"height\":1024,\"caption\":\"CICA PDRN\"},{\"@type\":\"BreadcrumbList\",\"@id\":\"https:\\\/\\\/naturalpoland.com\\\/de\\\/produkte\\\/produkte-fur-die-kosmetikindustrie\\\/aktive-substanzen\\\/cica-pdrn\\\/#breadcrumb\",\"itemListElement\":[{\"@type\":\"ListItem\",\"position\":1,\"name\":\"Startseite\",\"item\":\"https:\\\/\\\/naturalpoland.com\\\/de\\\/\"},{\"@type\":\"ListItem\",\"position\":2,\"name\":\"Produkte\",\"item\":\"https:\\\/\\\/naturalpoland.com\\\/de\\\/produkte\\\/\"},{\"@type\":\"ListItem\",\"position\":3,\"name\":\"CICA PDRN\"}]},{\"@type\":\"WebSite\",\"@id\":\"https:\\\/\\\/naturalpoland.com\\\/de\\\/#website\",\"url\":\"https:\\\/\\\/naturalpoland.com\\\/de\\\/\",\"name\":\"NATURAL POLAND - IMPORT UND HANDEL VON ROHSTOFFEN\",\"description\":\"Rohstoffe f\u00fcr die Lebensmittelindustrie, Kosmetikindustrie, Pharmaindustrie\",\"publisher\":{\"@id\":\"https:\\\/\\\/naturalpoland.com\\\/de\\\/#organization\"},\"potentialAction\":[{\"@type\":\"SearchAction\",\"target\":{\"@type\":\"EntryPoint\",\"urlTemplate\":\"https:\\\/\\\/naturalpoland.com\\\/de\\\/?s={search_term_string}\"},\"query-input\":{\"@type\":\"PropertyValueSpecification\",\"valueRequired\":true,\"valueName\":\"search_term_string\"}}],\"inLanguage\":\"de\"},{\"@type\":\"Organization\",\"@id\":\"https:\\\/\\\/naturalpoland.com\\\/de\\\/#organization\",\"name\":\"Natural Poland\",\"url\":\"https:\\\/\\\/naturalpoland.com\\\/de\\\/\",\"logo\":{\"@type\":\"ImageObject\",\"inLanguage\":\"de\",\"@id\":\"https:\\\/\\\/naturalpoland.com\\\/de\\\/#\\\/schema\\\/logo\\\/image\\\/\",\"url\":\"https:\\\/\\\/naturalpoland.com\\\/wp-content\\\/uploads\\\/2021\\\/05\\\/natural-poland-icon.png\",\"contentUrl\":\"https:\\\/\\\/naturalpoland.com\\\/wp-content\\\/uploads\\\/2021\\\/05\\\/natural-poland-icon.png\",\"width\":512,\"height\":512,\"caption\":\"Natural Poland\"},\"image\":{\"@id\":\"https:\\\/\\\/naturalpoland.com\\\/de\\\/#\\\/schema\\\/logo\\\/image\\\/\"},\"sameAs\":[\"https:\\\/\\\/www.facebook.com\\\/naturalpoland.b2b\",\"https:\\\/\\\/pl.linkedin.com\\\/company\\\/natural-poland\",\"https:\\\/\\\/www.youtube.com\\\/channel\\\/UCgeGGkvOMahZo-xu_MSEWxg\"]}]}<\/script>\n<!-- \/ Yoast SEO plugin. -->","yoast_head_json":{"title":"CICA PDRN - Gro\u00dfhandelsvertrieb","description":"CICA PDRN \u2013 ein koreanischer regenerierender Rohstoff, der Centella asiatica und PDRN kombiniert. Er unterst\u00fctzt die Heilung, verbessert die Elastizit\u00e4t und reduziert Hautentz\u00fcndungen.","robots":{"index":"index","follow":"follow","max-snippet":"max-snippet:-1","max-image-preview":"max-image-preview:large","max-video-preview":"max-video-preview:-1"},"canonical":"https:\/\/naturalpoland.com\/de\/produkte\/produkte-fur-die-kosmetikindustrie\/aktive-substanzen\/cica-pdrn\/","og_locale":"de_DE","og_type":"article","og_title":"CICA PDRN - Gro\u00dfhandelsvertrieb","og_description":"CICA PDRN \u2013 ein koreanischer regenerierender Rohstoff, der Centella asiatica und PDRN kombiniert. Er unterst\u00fctzt die Heilung, verbessert die Elastizit\u00e4t und reduziert Hautentz\u00fcndungen.","og_url":"https:\/\/naturalpoland.com\/de\/produkte\/produkte-fur-die-kosmetikindustrie\/aktive-substanzen\/cica-pdrn\/","og_site_name":"NATURAL POLAND - IMPORT UND HANDEL VON ROHSTOFFEN","article_publisher":"https:\/\/www.facebook.com\/naturalpoland.b2b","article_modified_time":"2025-12-09T11:24:17+00:00","og_image":[{"width":1024,"height":1024,"url":"https:\/\/naturalpoland.com\/wp-content\/uploads\/cica-pdrn.webp","type":"image\/webp"}],"schema":{"@context":"https:\/\/schema.org","@graph":[{"@type":"WebPage","@id":"https:\/\/naturalpoland.com\/de\/produkte\/produkte-fur-die-kosmetikindustrie\/aktive-substanzen\/cica-pdrn\/","url":"https:\/\/naturalpoland.com\/de\/produkte\/produkte-fur-die-kosmetikindustrie\/aktive-substanzen\/cica-pdrn\/","name":"CICA PDRN - Gro\u00dfhandelsvertrieb","isPartOf":{"@id":"https:\/\/naturalpoland.com\/de\/#website"},"primaryImageOfPage":{"@id":"https:\/\/naturalpoland.com\/de\/produkte\/produkte-fur-die-kosmetikindustrie\/aktive-substanzen\/cica-pdrn\/#primaryimage"},"image":{"@id":"https:\/\/naturalpoland.com\/de\/produkte\/produkte-fur-die-kosmetikindustrie\/aktive-substanzen\/cica-pdrn\/#primaryimage"},"thumbnailUrl":"https:\/\/naturalpoland.com\/wp-content\/uploads\/cica-pdrn.webp","datePublished":"2025-12-09T10:38:11+00:00","dateModified":"2025-12-09T11:24:17+00:00","description":"CICA PDRN \u2013 ein koreanischer regenerierender Rohstoff, der Centella asiatica und PDRN kombiniert. Er unterst\u00fctzt die Heilung, verbessert die Elastizit\u00e4t und reduziert Hautentz\u00fcndungen.","breadcrumb":{"@id":"https:\/\/naturalpoland.com\/de\/produkte\/produkte-fur-die-kosmetikindustrie\/aktive-substanzen\/cica-pdrn\/#breadcrumb"},"inLanguage":"de","potentialAction":[{"@type":"ReadAction","target":["https:\/\/naturalpoland.com\/de\/produkte\/produkte-fur-die-kosmetikindustrie\/aktive-substanzen\/cica-pdrn\/"]}]},{"@type":"ImageObject","inLanguage":"de","@id":"https:\/\/naturalpoland.com\/de\/produkte\/produkte-fur-die-kosmetikindustrie\/aktive-substanzen\/cica-pdrn\/#primaryimage","url":"https:\/\/naturalpoland.com\/wp-content\/uploads\/cica-pdrn.webp","contentUrl":"https:\/\/naturalpoland.com\/wp-content\/uploads\/cica-pdrn.webp","width":1024,"height":1024,"caption":"CICA PDRN"},{"@type":"BreadcrumbList","@id":"https:\/\/naturalpoland.com\/de\/produkte\/produkte-fur-die-kosmetikindustrie\/aktive-substanzen\/cica-pdrn\/#breadcrumb","itemListElement":[{"@type":"ListItem","position":1,"name":"Startseite","item":"https:\/\/naturalpoland.com\/de\/"},{"@type":"ListItem","position":2,"name":"Produkte","item":"https:\/\/naturalpoland.com\/de\/produkte\/"},{"@type":"ListItem","position":3,"name":"CICA PDRN"}]},{"@type":"WebSite","@id":"https:\/\/naturalpoland.com\/de\/#website","url":"https:\/\/naturalpoland.com\/de\/","name":"NATURAL POLAND - IMPORT UND HANDEL VON ROHSTOFFEN","description":"Rohstoffe f\u00fcr die Lebensmittelindustrie, Kosmetikindustrie, Pharmaindustrie","publisher":{"@id":"https:\/\/naturalpoland.com\/de\/#organization"},"potentialAction":[{"@type":"SearchAction","target":{"@type":"EntryPoint","urlTemplate":"https:\/\/naturalpoland.com\/de\/?s={search_term_string}"},"query-input":{"@type":"PropertyValueSpecification","valueRequired":true,"valueName":"search_term_string"}}],"inLanguage":"de"},{"@type":"Organization","@id":"https:\/\/naturalpoland.com\/de\/#organization","name":"Natural Poland","url":"https:\/\/naturalpoland.com\/de\/","logo":{"@type":"ImageObject","inLanguage":"de","@id":"https:\/\/naturalpoland.com\/de\/#\/schema\/logo\/image\/","url":"https:\/\/naturalpoland.com\/wp-content\/uploads\/2021\/05\/natural-poland-icon.png","contentUrl":"https:\/\/naturalpoland.com\/wp-content\/uploads\/2021\/05\/natural-poland-icon.png","width":512,"height":512,"caption":"Natural Poland"},"image":{"@id":"https:\/\/naturalpoland.com\/de\/#\/schema\/logo\/image\/"},"sameAs":["https:\/\/www.facebook.com\/naturalpoland.b2b","https:\/\/pl.linkedin.com\/company\/natural-poland","https:\/\/www.youtube.com\/channel\/UCgeGGkvOMahZo-xu_MSEWxg"]}]}},"_links":{"self":[{"href":"https:\/\/naturalpoland.com\/de\/wp-json\/wp\/v2\/product\/43963","targetHints":{"allow":["GET"]}}],"collection":[{"href":"https:\/\/naturalpoland.com\/de\/wp-json\/wp\/v2\/product"}],"about":[{"href":"https:\/\/naturalpoland.com\/de\/wp-json\/wp\/v2\/types\/product"}],"wp:featuredmedia":[{"embeddable":true,"href":"https:\/\/naturalpoland.com\/de\/wp-json\/wp\/v2\/media\/43964"}],"wp:attachment":[{"href":"https:\/\/naturalpoland.com\/de\/wp-json\/wp\/v2\/media?parent=43963"}],"wp:term":[{"taxonomy":"product_brand","embeddable":true,"href":"https:\/\/naturalpoland.com\/de\/wp-json\/wp\/v2\/product_brand?post=43963"},{"taxonomy":"product_cat","embeddable":true,"href":"https:\/\/naturalpoland.com\/de\/wp-json\/wp\/v2\/product_cat?post=43963"},{"taxonomy":"product_tag","embeddable":true,"href":"https:\/\/naturalpoland.com\/de\/wp-json\/wp\/v2\/product_tag?post=43963"}],"curies":[{"name":"wp","href":"https:\/\/api.w.org\/{rel}","templated":true}]}}