{"id":44113,"date":"2025-12-11T12:33:57","date_gmt":"2025-12-11T11:33:57","guid":{"rendered":"https:\/\/naturalpoland.com\/produkty\/unkategorisiert\/papain\/"},"modified":"2025-12-18T13:16:16","modified_gmt":"2025-12-18T12:16:16","slug":"papain","status":"publish","type":"product","link":"https:\/\/naturalpoland.com\/de\/produkte\/produkte-fur-die-kosmetikindustrie\/aktive-substanzen\/papain\/","title":{"rendered":"Papain"},"content":{"rendered":"<p>Papain liegt als wei\u00dfes, feinkristallines Pulver mit charakteristischem, nat\u00fcrlichem Geruch und Geschmack vor. Der Wassergehalt des Produkts betr\u00e4gt maximal 7%. Dank seiner Form l\u00e4sst sich der Rohstoff leicht in Formulierungen dispergieren, was sowohl f\u00fcr Kosmetikprodukte als auch f\u00fcr Nahrungserg\u00e4nzungsmittel wichtig ist.  <\/p>\n<p>Papain wird <strong>in der Kosmetik<\/strong> f\u00fcr seine exfolierenden Eigenschaften gesch\u00e4tzt \u2013 es wirkt als nat\u00fcrliches <strong>keratolytisches Enzym<\/strong>, das sanft abgestorbene Hautzellen entfernt, die Hautoberfl\u00e4che gl\u00e4ttet und ihren Teint verbessert. In Haut- und K\u00f6rperpflegeformulierungen tr\u00e4gt es zur Verbesserung der Hydratation, Erh\u00f6hung der Geschmeidigkeit und Gl\u00e4ttung bei. Es wird erfolgreich in Enzympeelings, Masken, Produkten f\u00fcr zu Akne neigende Haut sowie in Pr\u00e4paraten zur Erweichung der Haut an F\u00fc\u00dfen und H\u00e4nden eingesetzt.  <\/p>\n<p><strong>In der Lebensmittel- und Nutrazeutika-Industrie<\/strong> fungiert Papain als nat\u00fcrliches Enzym zur Unterst\u00fctzung der Proteinverdauung und ist Bestandteil von Verdauungserg\u00e4nzungsmitteln.<\/p>\n","protected":false},"excerpt":{"rendered":"<p><strong>Papain<\/strong> ist ein nat\u00fcrliches proteolytisches Enzym, das aus den Fr\u00fcchten der Papaya (<em>Carica papaya<\/em>) gewonnen wird und dank seiner F\u00e4higkeit, Proteine abzubauen, weit verbreitet in der Kosmetik, Lebensmittelindustrie und Nahrungserg\u00e4nzung ist. Es besitzt eine sehr hohe enzymatische Aktivit\u00e4t von min. 700 000 IU\/g.  <\/p>\n","protected":false},"featured_media":44114,"template":"","meta":{"_acf_changed":false},"product_brand":[],"product_cat":[1509,2705],"product_tag":[],"class_list":{"0":"post-44113","1":"product","2":"type-product","3":"status-publish","4":"has-post-thumbnail","6":"product_cat-aktive-substanzen","7":"product_cat-enzyme","9":"first","10":"instock","11":"shipping-taxable","12":"product-type-simple"},"acf":[],"yoast_head":"<!-- This site is optimized with the Yoast SEO plugin v27.5 - https:\/\/yoast.com\/product\/yoast-seo-wordpress\/ -->\n<title>Papain - Gro\u00dfhandelsvertrieb<\/title>\n<meta name=\"description\" content=\"Papain ist ein vielseitig einsetzbarer Rohstoff mit sehr hoher enzymatischer Aktivit\u00e4t, der sich in der Kosmetik- und Lebensmittelindustrie bew\u00e4hrt hat.\" \/>\n<meta name=\"robots\" content=\"index, follow, max-snippet:-1, max-image-preview:large, max-video-preview:-1\" \/>\n<link rel=\"canonical\" href=\"https:\/\/naturalpoland.com\/de\/produkte\/produkte-fur-die-kosmetikindustrie\/aktive-substanzen\/papain\/\" \/>\n<meta property=\"og:locale\" content=\"de_DE\" \/>\n<meta property=\"og:type\" content=\"article\" \/>\n<meta property=\"og:title\" content=\"Papain - Gro\u00dfhandelsvertrieb\" \/>\n<meta property=\"og:description\" content=\"Papain ist ein vielseitig einsetzbarer Rohstoff mit sehr hoher enzymatischer Aktivit\u00e4t, der sich in der Kosmetik- und Lebensmittelindustrie bew\u00e4hrt hat.\" \/>\n<meta property=\"og:url\" content=\"https:\/\/naturalpoland.com\/de\/produkte\/produkte-fur-die-kosmetikindustrie\/aktive-substanzen\/papain\/\" \/>\n<meta property=\"og:site_name\" content=\"NATURAL POLAND - IMPORT UND HANDEL VON ROHSTOFFEN\" \/>\n<meta property=\"article:publisher\" content=\"https:\/\/www.facebook.com\/naturalpoland.b2b\" \/>\n<meta property=\"article:modified_time\" content=\"2025-12-18T12:16:16+00:00\" \/>\n<meta property=\"og:image\" content=\"https:\/\/naturalpoland.com\/wp-content\/uploads\/papaina.webp\" \/>\n\t<meta property=\"og:image:width\" content=\"1024\" \/>\n\t<meta property=\"og:image:height\" content=\"1024\" \/>\n\t<meta property=\"og:image:type\" content=\"image\/webp\" \/>\n<script type=\"application\/ld+json\" class=\"yoast-schema-graph\">{\"@context\":\"https:\\\/\\\/schema.org\",\"@graph\":[{\"@type\":\"WebPage\",\"@id\":\"https:\\\/\\\/naturalpoland.com\\\/de\\\/produkte\\\/produkte-fur-die-kosmetikindustrie\\\/aktive-substanzen\\\/papain\\\/\",\"url\":\"https:\\\/\\\/naturalpoland.com\\\/de\\\/produkte\\\/produkte-fur-die-kosmetikindustrie\\\/aktive-substanzen\\\/papain\\\/\",\"name\":\"Papain - Gro\u00dfhandelsvertrieb\",\"isPartOf\":{\"@id\":\"https:\\\/\\\/naturalpoland.com\\\/de\\\/#website\"},\"primaryImageOfPage\":{\"@id\":\"https:\\\/\\\/naturalpoland.com\\\/de\\\/produkte\\\/produkte-fur-die-kosmetikindustrie\\\/aktive-substanzen\\\/papain\\\/#primaryimage\"},\"image\":{\"@id\":\"https:\\\/\\\/naturalpoland.com\\\/de\\\/produkte\\\/produkte-fur-die-kosmetikindustrie\\\/aktive-substanzen\\\/papain\\\/#primaryimage\"},\"thumbnailUrl\":\"https:\\\/\\\/naturalpoland.com\\\/wp-content\\\/uploads\\\/papaina.webp\",\"datePublished\":\"2025-12-11T11:33:57+00:00\",\"dateModified\":\"2025-12-18T12:16:16+00:00\",\"description\":\"Papain ist ein vielseitig einsetzbarer Rohstoff mit sehr hoher enzymatischer Aktivit\u00e4t, der sich in der Kosmetik- und Lebensmittelindustrie bew\u00e4hrt hat.\",\"breadcrumb\":{\"@id\":\"https:\\\/\\\/naturalpoland.com\\\/de\\\/produkte\\\/produkte-fur-die-kosmetikindustrie\\\/aktive-substanzen\\\/papain\\\/#breadcrumb\"},\"inLanguage\":\"de\",\"potentialAction\":[{\"@type\":\"ReadAction\",\"target\":[\"https:\\\/\\\/naturalpoland.com\\\/de\\\/produkte\\\/produkte-fur-die-kosmetikindustrie\\\/aktive-substanzen\\\/papain\\\/\"]}]},{\"@type\":\"ImageObject\",\"inLanguage\":\"de\",\"@id\":\"https:\\\/\\\/naturalpoland.com\\\/de\\\/produkte\\\/produkte-fur-die-kosmetikindustrie\\\/aktive-substanzen\\\/papain\\\/#primaryimage\",\"url\":\"https:\\\/\\\/naturalpoland.com\\\/wp-content\\\/uploads\\\/papaina.webp\",\"contentUrl\":\"https:\\\/\\\/naturalpoland.com\\\/wp-content\\\/uploads\\\/papaina.webp\",\"width\":1024,\"height\":1024,\"caption\":\"Papain\"},{\"@type\":\"BreadcrumbList\",\"@id\":\"https:\\\/\\\/naturalpoland.com\\\/de\\\/produkte\\\/produkte-fur-die-kosmetikindustrie\\\/aktive-substanzen\\\/papain\\\/#breadcrumb\",\"itemListElement\":[{\"@type\":\"ListItem\",\"position\":1,\"name\":\"Startseite\",\"item\":\"https:\\\/\\\/naturalpoland.com\\\/de\\\/\"},{\"@type\":\"ListItem\",\"position\":2,\"name\":\"Produkte\",\"item\":\"https:\\\/\\\/naturalpoland.com\\\/de\\\/produkte\\\/\"},{\"@type\":\"ListItem\",\"position\":3,\"name\":\"Papain\"}]},{\"@type\":\"WebSite\",\"@id\":\"https:\\\/\\\/naturalpoland.com\\\/de\\\/#website\",\"url\":\"https:\\\/\\\/naturalpoland.com\\\/de\\\/\",\"name\":\"NATURAL POLAND - IMPORT UND HANDEL VON ROHSTOFFEN\",\"description\":\"Rohstoffe f\u00fcr die Lebensmittelindustrie, Kosmetikindustrie, Pharmaindustrie\",\"publisher\":{\"@id\":\"https:\\\/\\\/naturalpoland.com\\\/de\\\/#organization\"},\"potentialAction\":[{\"@type\":\"SearchAction\",\"target\":{\"@type\":\"EntryPoint\",\"urlTemplate\":\"https:\\\/\\\/naturalpoland.com\\\/de\\\/?s={search_term_string}\"},\"query-input\":{\"@type\":\"PropertyValueSpecification\",\"valueRequired\":true,\"valueName\":\"search_term_string\"}}],\"inLanguage\":\"de\"},{\"@type\":\"Organization\",\"@id\":\"https:\\\/\\\/naturalpoland.com\\\/de\\\/#organization\",\"name\":\"Natural Poland\",\"url\":\"https:\\\/\\\/naturalpoland.com\\\/de\\\/\",\"logo\":{\"@type\":\"ImageObject\",\"inLanguage\":\"de\",\"@id\":\"https:\\\/\\\/naturalpoland.com\\\/de\\\/#\\\/schema\\\/logo\\\/image\\\/\",\"url\":\"https:\\\/\\\/naturalpoland.com\\\/wp-content\\\/uploads\\\/2021\\\/05\\\/natural-poland-icon.png\",\"contentUrl\":\"https:\\\/\\\/naturalpoland.com\\\/wp-content\\\/uploads\\\/2021\\\/05\\\/natural-poland-icon.png\",\"width\":512,\"height\":512,\"caption\":\"Natural Poland\"},\"image\":{\"@id\":\"https:\\\/\\\/naturalpoland.com\\\/de\\\/#\\\/schema\\\/logo\\\/image\\\/\"},\"sameAs\":[\"https:\\\/\\\/www.facebook.com\\\/naturalpoland.b2b\",\"https:\\\/\\\/pl.linkedin.com\\\/company\\\/natural-poland\",\"https:\\\/\\\/www.youtube.com\\\/channel\\\/UCgeGGkvOMahZo-xu_MSEWxg\"]}]}<\/script>\n<!-- \/ Yoast SEO plugin. -->","yoast_head_json":{"title":"Papain - Gro\u00dfhandelsvertrieb","description":"Papain ist ein vielseitig einsetzbarer Rohstoff mit sehr hoher enzymatischer Aktivit\u00e4t, der sich in der Kosmetik- und Lebensmittelindustrie bew\u00e4hrt hat.","robots":{"index":"index","follow":"follow","max-snippet":"max-snippet:-1","max-image-preview":"max-image-preview:large","max-video-preview":"max-video-preview:-1"},"canonical":"https:\/\/naturalpoland.com\/de\/produkte\/produkte-fur-die-kosmetikindustrie\/aktive-substanzen\/papain\/","og_locale":"de_DE","og_type":"article","og_title":"Papain - Gro\u00dfhandelsvertrieb","og_description":"Papain ist ein vielseitig einsetzbarer Rohstoff mit sehr hoher enzymatischer Aktivit\u00e4t, der sich in der Kosmetik- und Lebensmittelindustrie bew\u00e4hrt hat.","og_url":"https:\/\/naturalpoland.com\/de\/produkte\/produkte-fur-die-kosmetikindustrie\/aktive-substanzen\/papain\/","og_site_name":"NATURAL POLAND - IMPORT UND HANDEL VON ROHSTOFFEN","article_publisher":"https:\/\/www.facebook.com\/naturalpoland.b2b","article_modified_time":"2025-12-18T12:16:16+00:00","og_image":[{"width":1024,"height":1024,"url":"https:\/\/naturalpoland.com\/wp-content\/uploads\/papaina.webp","type":"image\/webp"}],"schema":{"@context":"https:\/\/schema.org","@graph":[{"@type":"WebPage","@id":"https:\/\/naturalpoland.com\/de\/produkte\/produkte-fur-die-kosmetikindustrie\/aktive-substanzen\/papain\/","url":"https:\/\/naturalpoland.com\/de\/produkte\/produkte-fur-die-kosmetikindustrie\/aktive-substanzen\/papain\/","name":"Papain - Gro\u00dfhandelsvertrieb","isPartOf":{"@id":"https:\/\/naturalpoland.com\/de\/#website"},"primaryImageOfPage":{"@id":"https:\/\/naturalpoland.com\/de\/produkte\/produkte-fur-die-kosmetikindustrie\/aktive-substanzen\/papain\/#primaryimage"},"image":{"@id":"https:\/\/naturalpoland.com\/de\/produkte\/produkte-fur-die-kosmetikindustrie\/aktive-substanzen\/papain\/#primaryimage"},"thumbnailUrl":"https:\/\/naturalpoland.com\/wp-content\/uploads\/papaina.webp","datePublished":"2025-12-11T11:33:57+00:00","dateModified":"2025-12-18T12:16:16+00:00","description":"Papain ist ein vielseitig einsetzbarer Rohstoff mit sehr hoher enzymatischer Aktivit\u00e4t, der sich in der Kosmetik- und Lebensmittelindustrie bew\u00e4hrt hat.","breadcrumb":{"@id":"https:\/\/naturalpoland.com\/de\/produkte\/produkte-fur-die-kosmetikindustrie\/aktive-substanzen\/papain\/#breadcrumb"},"inLanguage":"de","potentialAction":[{"@type":"ReadAction","target":["https:\/\/naturalpoland.com\/de\/produkte\/produkte-fur-die-kosmetikindustrie\/aktive-substanzen\/papain\/"]}]},{"@type":"ImageObject","inLanguage":"de","@id":"https:\/\/naturalpoland.com\/de\/produkte\/produkte-fur-die-kosmetikindustrie\/aktive-substanzen\/papain\/#primaryimage","url":"https:\/\/naturalpoland.com\/wp-content\/uploads\/papaina.webp","contentUrl":"https:\/\/naturalpoland.com\/wp-content\/uploads\/papaina.webp","width":1024,"height":1024,"caption":"Papain"},{"@type":"BreadcrumbList","@id":"https:\/\/naturalpoland.com\/de\/produkte\/produkte-fur-die-kosmetikindustrie\/aktive-substanzen\/papain\/#breadcrumb","itemListElement":[{"@type":"ListItem","position":1,"name":"Startseite","item":"https:\/\/naturalpoland.com\/de\/"},{"@type":"ListItem","position":2,"name":"Produkte","item":"https:\/\/naturalpoland.com\/de\/produkte\/"},{"@type":"ListItem","position":3,"name":"Papain"}]},{"@type":"WebSite","@id":"https:\/\/naturalpoland.com\/de\/#website","url":"https:\/\/naturalpoland.com\/de\/","name":"NATURAL POLAND - IMPORT UND HANDEL VON ROHSTOFFEN","description":"Rohstoffe f\u00fcr die Lebensmittelindustrie, Kosmetikindustrie, Pharmaindustrie","publisher":{"@id":"https:\/\/naturalpoland.com\/de\/#organization"},"potentialAction":[{"@type":"SearchAction","target":{"@type":"EntryPoint","urlTemplate":"https:\/\/naturalpoland.com\/de\/?s={search_term_string}"},"query-input":{"@type":"PropertyValueSpecification","valueRequired":true,"valueName":"search_term_string"}}],"inLanguage":"de"},{"@type":"Organization","@id":"https:\/\/naturalpoland.com\/de\/#organization","name":"Natural Poland","url":"https:\/\/naturalpoland.com\/de\/","logo":{"@type":"ImageObject","inLanguage":"de","@id":"https:\/\/naturalpoland.com\/de\/#\/schema\/logo\/image\/","url":"https:\/\/naturalpoland.com\/wp-content\/uploads\/2021\/05\/natural-poland-icon.png","contentUrl":"https:\/\/naturalpoland.com\/wp-content\/uploads\/2021\/05\/natural-poland-icon.png","width":512,"height":512,"caption":"Natural Poland"},"image":{"@id":"https:\/\/naturalpoland.com\/de\/#\/schema\/logo\/image\/"},"sameAs":["https:\/\/www.facebook.com\/naturalpoland.b2b","https:\/\/pl.linkedin.com\/company\/natural-poland","https:\/\/www.youtube.com\/channel\/UCgeGGkvOMahZo-xu_MSEWxg"]}]}},"_links":{"self":[{"href":"https:\/\/naturalpoland.com\/de\/wp-json\/wp\/v2\/product\/44113","targetHints":{"allow":["GET"]}}],"collection":[{"href":"https:\/\/naturalpoland.com\/de\/wp-json\/wp\/v2\/product"}],"about":[{"href":"https:\/\/naturalpoland.com\/de\/wp-json\/wp\/v2\/types\/product"}],"wp:featuredmedia":[{"embeddable":true,"href":"https:\/\/naturalpoland.com\/de\/wp-json\/wp\/v2\/media\/44114"}],"wp:attachment":[{"href":"https:\/\/naturalpoland.com\/de\/wp-json\/wp\/v2\/media?parent=44113"}],"wp:term":[{"taxonomy":"product_brand","embeddable":true,"href":"https:\/\/naturalpoland.com\/de\/wp-json\/wp\/v2\/product_brand?post=44113"},{"taxonomy":"product_cat","embeddable":true,"href":"https:\/\/naturalpoland.com\/de\/wp-json\/wp\/v2\/product_cat?post=44113"},{"taxonomy":"product_tag","embeddable":true,"href":"https:\/\/naturalpoland.com\/de\/wp-json\/wp\/v2\/product_tag?post=44113"}],"curies":[{"name":"wp","href":"https:\/\/api.w.org\/{rel}","templated":true}]}}