{"id":45038,"date":"2026-01-15T13:07:17","date_gmt":"2026-01-15T12:07:17","guid":{"rendered":"https:\/\/naturalpoland.com\/produkty\/unkategorisiert\/amaranthsamenextrakt\/"},"modified":"2026-01-15T13:21:48","modified_gmt":"2026-01-15T12:21:48","slug":"amaranthsamenextrakt","status":"publish","type":"product","link":"https:\/\/naturalpoland.com\/de\/produkte\/pflanzenextrakte\/amaranthsamenextrakt\/","title":{"rendered":"Amaranthsamenextrakt"},"content":{"rendered":"<h2>Eigenschaften des Extrakts<\/h2>\n<p>Die \u00fcberkritische Extraktion (SFE) ist ein Verfahren zur Gewinnung der Lipidfraktion, das darauf abzielt, temperaturempfindliche und oxidationsempfindliche Inhaltsstoffe zu erhalten und gleichzeitig L\u00f6sungsmittelr\u00fcckst\u00e4nde zu minimieren. Der Rohstoff hat einen charakteristischen \u00f6ligen Geruch, ist wasserunl\u00f6slich und f\u00fcr Anwendungen in Formulierungen bestimmt, bei denen sensorischer Komfort, die Unterst\u00fctzung der Hautbarriere und antioxidativer Schutz wichtig sind. <\/p>\n<p>Das wichtigste Merkmal dieses \u00d6ls ist der <strong>Squalengehalt<\/strong> (CAS 111-02-4) von 6,03 % (Spezifikation: &gt;6 %). Squalen ist ein nat\u00fcrlicher, physiologisch kompatibler Lipidbestandteil, der unter anderem im Talg vorkommt und in der Kosmetik f\u00fcr seinen Einfluss auf die Weichheit, Elastizit\u00e4t und das Feuchtigkeitsgef\u00fchl der Haut gesch\u00e4tzt wird. Im Amaranth\u00f6l kommt Squalen zusammen mit einer Fraktion von Fetts\u00e4uren und Tocopherolen vor.   <\/p>\n<h2>Eigenschaften und Wirkung des Amaranthsamenextrakts<\/h2>\n<p>Das Lipidprofil des Extrakts weist einen hohen Gehalt an unges\u00e4ttigten Fetts\u00e4uren auf, insbesondere an <strong>Linols\u00e4ure (48,73 %)<\/strong> und <strong>\u00d6ls\u00e4ure (25,36 %)<\/strong>, bei gleichzeitigem Anteil an ges\u00e4ttigten Fraktionen wie <strong>Palmitins\u00e4ure (19,62 %)<\/strong> und <strong>Stearins\u00e4ure (3,45 %)<\/strong>. Diese Zusammensetzung f\u00f6rdert den Aufbau einer angenehmen, \u201epflegenden\u201c \u00d6lphase: Linols\u00e4ure wird typischerweise mit der Pflege von Haut in Verbindung gebracht, die eine St\u00e4rkung der Lipidschicht und eine Verbesserung des Komforts ben\u00f6tigt, w\u00e4hrend die \u00d6ls\u00e4urefraktion Elastizit\u00e4t und gute Anwendungseigenschaften verleiht. <\/p>\n<p>Gleichzeitig zeichnet sich der Rohstoff durch einen <strong>hohen Tocopherolgehalt<\/strong> aus: \u03b1-Tocopherol 759 ppm und \u03b3-Tocopherol 413 ppm (bei Anforderungen von &gt;500 ppm bzw. &gt;100 ppm). Tocopherole spielen in Formulierungen eine doppelte Rolle: Einerseits sind sie nat\u00fcrliche Antioxidantien, die den Schutz von Lipiden vor Oxidation unterst\u00fctzen, andererseits sind sie ein pflegender Bestandteil, der gut in das Konzept von \u201eAntioxidant Care\u201c-Produkten passt. <\/p>\n<p>In der technologischen Praxis wird Amaranth\u00f6l oft f\u00fcr Formulierungen gew\u00e4hlt, die die <strong>Weichheit und Elastizit\u00e4t der Haut verbessern<\/strong>, das Gef\u00fchl der \u201eLipidhydratation\u201c verst\u00e4rken und den Komfort trockener oder tempor\u00e4r gereizter Haut erh\u00f6hen sollen.<\/p>\n<h2>Anwendung des Amaranthsamenextrakts<\/h2>\n<p>Aufgrund seiner \u00f6ligen Form und Wasserunl\u00f6slichkeit eignet sich Amaranthsamenextrakt als Bestandteil der \u00d6lphase in einem breiten Spektrum von Produkten. Er ist eine nat\u00fcrliche Erg\u00e4nzung f\u00fcr Cremes und Emulsionen vom Typ O\/W und W\/O, K\u00f6rperbalsame, Pflege\u00f6le und \u00d6lseren sowie f\u00fcr sch\u00fctzende Formulierungen, bei denen die Verbesserung des Hautkomforts und die Reduzierung des Trockenheitsgef\u00fchls wichtig sind. Er passt gut zu \u201ePremium Lipid Care\u201c-Kosmetika, da er Squalen, unges\u00e4ttigte Fetts\u00e4uren und Tocopherole in einer Fraktion vereint.  <\/p>\n<p>In Gesichtsformulierungen kann er als Bestandteil der \u00d6lphase ein Gef\u00fchl von Weichheit und Gl\u00e4tte erzeugen, w\u00e4hrend er in K\u00f6rperprodukten den Effekt der Pflege und Verbesserung der Hautelastizit\u00e4t unterst\u00fctzt. Aufgrund seines Fetts\u00e4ureprofils kann der Rohstoff auch in der Pflege interessant sein, deren Ziel die St\u00e4rkung der epidermalen Lipidschicht ist (z. B. bei trockener oder regenerationsbed\u00fcrftiger Haut). <\/p>\n<p>&nbsp;<\/p>\n<p>Das Produkt enth\u00e4lt keinen Tr\u00e4gerstoff und ist mit 0,5 % nat\u00fcrlichem Rosmarin-Antioxidans (E392) stabilisiert. Dies ist besonders wichtig f\u00fcr Personen, die Rezepturen auf Basis von \u201eClean Label\u201c und nat\u00fcrlichen antioxidativen Systemen entwickeln. <\/p>\n","protected":false},"excerpt":{"rendered":"<p><strong>Amaranthsamenextrakt<\/strong> (Amaranthus caudatus) ist ein goldgelbes Pflanzen\u00f6l, das aus trockenen Samen mittels \u00fcberkritischer Extraktion (SFE) gewonnen wird.<\/p>\n","protected":false},"featured_media":45039,"template":"","meta":{"_acf_changed":false},"product_brand":[],"product_cat":[385],"product_tag":[],"class_list":{"0":"post-45038","1":"product","2":"type-product","3":"status-publish","4":"has-post-thumbnail","6":"product_cat-pflanzenextrakte","7":"pa_czesc-rosliny-samen","9":"first","10":"instock","11":"shipping-taxable","12":"product-type-simple"},"acf":[],"yoast_head":"<!-- This site is optimized with the Yoast SEO plugin v27.4 - https:\/\/yoast.com\/product\/yoast-seo-wordpress\/ -->\n<title>Amaranthsamenextrakt - Gro\u00dfhandelsvertrieb<\/title>\n<meta name=\"description\" content=\"Amaranth\u00f6l, reich an Squalen und Tocopherolen. Ein goldgelbes \u00d6l f\u00fcr kosmetische Formulierungen, die die Elastizit\u00e4t und den Komfort der Haut unterst\u00fctzen.\" \/>\n<meta name=\"robots\" content=\"index, follow, max-snippet:-1, max-image-preview:large, max-video-preview:-1\" \/>\n<link rel=\"canonical\" href=\"https:\/\/naturalpoland.com\/de\/produkte\/pflanzenextrakte\/amaranthsamenextrakt\/\" \/>\n<meta property=\"og:locale\" content=\"de_DE\" \/>\n<meta property=\"og:type\" content=\"article\" \/>\n<meta property=\"og:title\" content=\"Amaranthsamenextrakt - Gro\u00dfhandelsvertrieb\" \/>\n<meta property=\"og:description\" content=\"Amaranth\u00f6l, reich an Squalen und Tocopherolen. Ein goldgelbes \u00d6l f\u00fcr kosmetische Formulierungen, die die Elastizit\u00e4t und den Komfort der Haut unterst\u00fctzen.\" \/>\n<meta property=\"og:url\" content=\"https:\/\/naturalpoland.com\/de\/produkte\/pflanzenextrakte\/amaranthsamenextrakt\/\" \/>\n<meta property=\"og:site_name\" content=\"NATURAL POLAND - IMPORT UND HANDEL VON ROHSTOFFEN\" \/>\n<meta property=\"article:publisher\" content=\"https:\/\/www.facebook.com\/naturalpoland.b2b\" \/>\n<meta property=\"article:modified_time\" content=\"2026-01-15T12:21:48+00:00\" \/>\n<meta property=\"og:image\" content=\"https:\/\/naturalpoland.com\/wp-content\/uploads\/ekstrakt-z-nasion-amarantu.webp\" \/>\n\t<meta property=\"og:image:width\" content=\"1024\" \/>\n\t<meta property=\"og:image:height\" content=\"1024\" \/>\n\t<meta property=\"og:image:type\" content=\"image\/webp\" \/>\n<script type=\"application\/ld+json\" class=\"yoast-schema-graph\">{\"@context\":\"https:\\\/\\\/schema.org\",\"@graph\":[{\"@type\":\"WebPage\",\"@id\":\"https:\\\/\\\/naturalpoland.com\\\/de\\\/produkte\\\/pflanzenextrakte\\\/amaranthsamenextrakt\\\/\",\"url\":\"https:\\\/\\\/naturalpoland.com\\\/de\\\/produkte\\\/pflanzenextrakte\\\/amaranthsamenextrakt\\\/\",\"name\":\"Amaranthsamenextrakt - Gro\u00dfhandelsvertrieb\",\"isPartOf\":{\"@id\":\"https:\\\/\\\/naturalpoland.com\\\/de\\\/#website\"},\"primaryImageOfPage\":{\"@id\":\"https:\\\/\\\/naturalpoland.com\\\/de\\\/produkte\\\/pflanzenextrakte\\\/amaranthsamenextrakt\\\/#primaryimage\"},\"image\":{\"@id\":\"https:\\\/\\\/naturalpoland.com\\\/de\\\/produkte\\\/pflanzenextrakte\\\/amaranthsamenextrakt\\\/#primaryimage\"},\"thumbnailUrl\":\"https:\\\/\\\/naturalpoland.com\\\/wp-content\\\/uploads\\\/ekstrakt-z-nasion-amarantu.webp\",\"datePublished\":\"2026-01-15T12:07:17+00:00\",\"dateModified\":\"2026-01-15T12:21:48+00:00\",\"description\":\"Amaranth\u00f6l, reich an Squalen und Tocopherolen. Ein goldgelbes \u00d6l f\u00fcr kosmetische Formulierungen, die die Elastizit\u00e4t und den Komfort der Haut unterst\u00fctzen.\",\"breadcrumb\":{\"@id\":\"https:\\\/\\\/naturalpoland.com\\\/de\\\/produkte\\\/pflanzenextrakte\\\/amaranthsamenextrakt\\\/#breadcrumb\"},\"inLanguage\":\"de\",\"potentialAction\":[{\"@type\":\"ReadAction\",\"target\":[\"https:\\\/\\\/naturalpoland.com\\\/de\\\/produkte\\\/pflanzenextrakte\\\/amaranthsamenextrakt\\\/\"]}]},{\"@type\":\"ImageObject\",\"inLanguage\":\"de\",\"@id\":\"https:\\\/\\\/naturalpoland.com\\\/de\\\/produkte\\\/pflanzenextrakte\\\/amaranthsamenextrakt\\\/#primaryimage\",\"url\":\"https:\\\/\\\/naturalpoland.com\\\/wp-content\\\/uploads\\\/ekstrakt-z-nasion-amarantu.webp\",\"contentUrl\":\"https:\\\/\\\/naturalpoland.com\\\/wp-content\\\/uploads\\\/ekstrakt-z-nasion-amarantu.webp\",\"width\":1024,\"height\":1024,\"caption\":\"Amaranthsamenextrakt\"},{\"@type\":\"BreadcrumbList\",\"@id\":\"https:\\\/\\\/naturalpoland.com\\\/de\\\/produkte\\\/pflanzenextrakte\\\/amaranthsamenextrakt\\\/#breadcrumb\",\"itemListElement\":[{\"@type\":\"ListItem\",\"position\":1,\"name\":\"Startseite\",\"item\":\"https:\\\/\\\/naturalpoland.com\\\/de\\\/\"},{\"@type\":\"ListItem\",\"position\":2,\"name\":\"Produkte\",\"item\":\"https:\\\/\\\/naturalpoland.com\\\/de\\\/produkte\\\/\"},{\"@type\":\"ListItem\",\"position\":3,\"name\":\"Amaranthsamenextrakt\"}]},{\"@type\":\"WebSite\",\"@id\":\"https:\\\/\\\/naturalpoland.com\\\/de\\\/#website\",\"url\":\"https:\\\/\\\/naturalpoland.com\\\/de\\\/\",\"name\":\"NATURAL POLAND - IMPORT UND HANDEL VON ROHSTOFFEN\",\"description\":\"Rohstoffe f\u00fcr die Lebensmittelindustrie, Kosmetikindustrie, Pharmaindustrie\",\"publisher\":{\"@id\":\"https:\\\/\\\/naturalpoland.com\\\/de\\\/#organization\"},\"potentialAction\":[{\"@type\":\"SearchAction\",\"target\":{\"@type\":\"EntryPoint\",\"urlTemplate\":\"https:\\\/\\\/naturalpoland.com\\\/de\\\/?s={search_term_string}\"},\"query-input\":{\"@type\":\"PropertyValueSpecification\",\"valueRequired\":true,\"valueName\":\"search_term_string\"}}],\"inLanguage\":\"de\"},{\"@type\":\"Organization\",\"@id\":\"https:\\\/\\\/naturalpoland.com\\\/de\\\/#organization\",\"name\":\"Natural Poland\",\"url\":\"https:\\\/\\\/naturalpoland.com\\\/de\\\/\",\"logo\":{\"@type\":\"ImageObject\",\"inLanguage\":\"de\",\"@id\":\"https:\\\/\\\/naturalpoland.com\\\/de\\\/#\\\/schema\\\/logo\\\/image\\\/\",\"url\":\"https:\\\/\\\/naturalpoland.com\\\/wp-content\\\/uploads\\\/2021\\\/05\\\/natural-poland-icon.png\",\"contentUrl\":\"https:\\\/\\\/naturalpoland.com\\\/wp-content\\\/uploads\\\/2021\\\/05\\\/natural-poland-icon.png\",\"width\":512,\"height\":512,\"caption\":\"Natural Poland\"},\"image\":{\"@id\":\"https:\\\/\\\/naturalpoland.com\\\/de\\\/#\\\/schema\\\/logo\\\/image\\\/\"},\"sameAs\":[\"https:\\\/\\\/www.facebook.com\\\/naturalpoland.b2b\",\"https:\\\/\\\/pl.linkedin.com\\\/company\\\/natural-poland\",\"https:\\\/\\\/www.youtube.com\\\/channel\\\/UCgeGGkvOMahZo-xu_MSEWxg\"]}]}<\/script>\n<!-- \/ Yoast SEO plugin. -->","yoast_head_json":{"title":"Amaranthsamenextrakt - Gro\u00dfhandelsvertrieb","description":"Amaranth\u00f6l, reich an Squalen und Tocopherolen. Ein goldgelbes \u00d6l f\u00fcr kosmetische Formulierungen, die die Elastizit\u00e4t und den Komfort der Haut unterst\u00fctzen.","robots":{"index":"index","follow":"follow","max-snippet":"max-snippet:-1","max-image-preview":"max-image-preview:large","max-video-preview":"max-video-preview:-1"},"canonical":"https:\/\/naturalpoland.com\/de\/produkte\/pflanzenextrakte\/amaranthsamenextrakt\/","og_locale":"de_DE","og_type":"article","og_title":"Amaranthsamenextrakt - Gro\u00dfhandelsvertrieb","og_description":"Amaranth\u00f6l, reich an Squalen und Tocopherolen. Ein goldgelbes \u00d6l f\u00fcr kosmetische Formulierungen, die die Elastizit\u00e4t und den Komfort der Haut unterst\u00fctzen.","og_url":"https:\/\/naturalpoland.com\/de\/produkte\/pflanzenextrakte\/amaranthsamenextrakt\/","og_site_name":"NATURAL POLAND - IMPORT UND HANDEL VON ROHSTOFFEN","article_publisher":"https:\/\/www.facebook.com\/naturalpoland.b2b","article_modified_time":"2026-01-15T12:21:48+00:00","og_image":[{"width":1024,"height":1024,"url":"https:\/\/naturalpoland.com\/wp-content\/uploads\/ekstrakt-z-nasion-amarantu.webp","type":"image\/webp"}],"schema":{"@context":"https:\/\/schema.org","@graph":[{"@type":"WebPage","@id":"https:\/\/naturalpoland.com\/de\/produkte\/pflanzenextrakte\/amaranthsamenextrakt\/","url":"https:\/\/naturalpoland.com\/de\/produkte\/pflanzenextrakte\/amaranthsamenextrakt\/","name":"Amaranthsamenextrakt - Gro\u00dfhandelsvertrieb","isPartOf":{"@id":"https:\/\/naturalpoland.com\/de\/#website"},"primaryImageOfPage":{"@id":"https:\/\/naturalpoland.com\/de\/produkte\/pflanzenextrakte\/amaranthsamenextrakt\/#primaryimage"},"image":{"@id":"https:\/\/naturalpoland.com\/de\/produkte\/pflanzenextrakte\/amaranthsamenextrakt\/#primaryimage"},"thumbnailUrl":"https:\/\/naturalpoland.com\/wp-content\/uploads\/ekstrakt-z-nasion-amarantu.webp","datePublished":"2026-01-15T12:07:17+00:00","dateModified":"2026-01-15T12:21:48+00:00","description":"Amaranth\u00f6l, reich an Squalen und Tocopherolen. Ein goldgelbes \u00d6l f\u00fcr kosmetische Formulierungen, die die Elastizit\u00e4t und den Komfort der Haut unterst\u00fctzen.","breadcrumb":{"@id":"https:\/\/naturalpoland.com\/de\/produkte\/pflanzenextrakte\/amaranthsamenextrakt\/#breadcrumb"},"inLanguage":"de","potentialAction":[{"@type":"ReadAction","target":["https:\/\/naturalpoland.com\/de\/produkte\/pflanzenextrakte\/amaranthsamenextrakt\/"]}]},{"@type":"ImageObject","inLanguage":"de","@id":"https:\/\/naturalpoland.com\/de\/produkte\/pflanzenextrakte\/amaranthsamenextrakt\/#primaryimage","url":"https:\/\/naturalpoland.com\/wp-content\/uploads\/ekstrakt-z-nasion-amarantu.webp","contentUrl":"https:\/\/naturalpoland.com\/wp-content\/uploads\/ekstrakt-z-nasion-amarantu.webp","width":1024,"height":1024,"caption":"Amaranthsamenextrakt"},{"@type":"BreadcrumbList","@id":"https:\/\/naturalpoland.com\/de\/produkte\/pflanzenextrakte\/amaranthsamenextrakt\/#breadcrumb","itemListElement":[{"@type":"ListItem","position":1,"name":"Startseite","item":"https:\/\/naturalpoland.com\/de\/"},{"@type":"ListItem","position":2,"name":"Produkte","item":"https:\/\/naturalpoland.com\/de\/produkte\/"},{"@type":"ListItem","position":3,"name":"Amaranthsamenextrakt"}]},{"@type":"WebSite","@id":"https:\/\/naturalpoland.com\/de\/#website","url":"https:\/\/naturalpoland.com\/de\/","name":"NATURAL POLAND - IMPORT UND HANDEL VON ROHSTOFFEN","description":"Rohstoffe f\u00fcr die Lebensmittelindustrie, Kosmetikindustrie, Pharmaindustrie","publisher":{"@id":"https:\/\/naturalpoland.com\/de\/#organization"},"potentialAction":[{"@type":"SearchAction","target":{"@type":"EntryPoint","urlTemplate":"https:\/\/naturalpoland.com\/de\/?s={search_term_string}"},"query-input":{"@type":"PropertyValueSpecification","valueRequired":true,"valueName":"search_term_string"}}],"inLanguage":"de"},{"@type":"Organization","@id":"https:\/\/naturalpoland.com\/de\/#organization","name":"Natural Poland","url":"https:\/\/naturalpoland.com\/de\/","logo":{"@type":"ImageObject","inLanguage":"de","@id":"https:\/\/naturalpoland.com\/de\/#\/schema\/logo\/image\/","url":"https:\/\/naturalpoland.com\/wp-content\/uploads\/2021\/05\/natural-poland-icon.png","contentUrl":"https:\/\/naturalpoland.com\/wp-content\/uploads\/2021\/05\/natural-poland-icon.png","width":512,"height":512,"caption":"Natural Poland"},"image":{"@id":"https:\/\/naturalpoland.com\/de\/#\/schema\/logo\/image\/"},"sameAs":["https:\/\/www.facebook.com\/naturalpoland.b2b","https:\/\/pl.linkedin.com\/company\/natural-poland","https:\/\/www.youtube.com\/channel\/UCgeGGkvOMahZo-xu_MSEWxg"]}]}},"_links":{"self":[{"href":"https:\/\/naturalpoland.com\/de\/wp-json\/wp\/v2\/product\/45038","targetHints":{"allow":["GET"]}}],"collection":[{"href":"https:\/\/naturalpoland.com\/de\/wp-json\/wp\/v2\/product"}],"about":[{"href":"https:\/\/naturalpoland.com\/de\/wp-json\/wp\/v2\/types\/product"}],"wp:featuredmedia":[{"embeddable":true,"href":"https:\/\/naturalpoland.com\/de\/wp-json\/wp\/v2\/media\/45039"}],"wp:attachment":[{"href":"https:\/\/naturalpoland.com\/de\/wp-json\/wp\/v2\/media?parent=45038"}],"wp:term":[{"taxonomy":"product_brand","embeddable":true,"href":"https:\/\/naturalpoland.com\/de\/wp-json\/wp\/v2\/product_brand?post=45038"},{"taxonomy":"product_cat","embeddable":true,"href":"https:\/\/naturalpoland.com\/de\/wp-json\/wp\/v2\/product_cat?post=45038"},{"taxonomy":"product_tag","embeddable":true,"href":"https:\/\/naturalpoland.com\/de\/wp-json\/wp\/v2\/product_tag?post=45038"}],"curies":[{"name":"wp","href":"https:\/\/api.w.org\/{rel}","templated":true}]}}