{"id":45106,"date":"2026-01-16T16:12:56","date_gmt":"2026-01-16T15:12:56","guid":{"rendered":"https:\/\/naturalpoland.com\/produkty\/unkategorisiert\/butterbur-extrakt\/"},"modified":"2026-01-19T12:26:11","modified_gmt":"2026-01-19T11:26:11","slug":"butterbur-extrakt","status":"publish","type":"product","link":"https:\/\/naturalpoland.com\/de\/produkte\/pflanzenextrakte\/butterbur-extrakt\/","title":{"rendered":"Butterbur-Extrakt"},"content":{"rendered":"<h2>Wirkung des Butterbur-Extrakts:<\/h2>\n<p>Butterbur-Extrakt (Butterbur) enth\u00e4lt nat\u00fcrliche phytochemische Verbindungen, haupts\u00e4chlich Sesquiterpenester, bekannt als <strong>Petasine, Isopetasine und Derivate<\/strong>, die als die wichtigsten bioaktiven Komponenten des Rohstoffs gelten und seine physiologischen Eigenschaften beeinflussen: <\/p>\n<p><strong>Entz\u00fcndungshemmende Eigenschaften<\/strong><\/p>\n<p>Die Komponenten des Butterbur-Extrakts werden in der Forschung als Substanzen mit potenziell modulierender Aktivit\u00e4t auf entz\u00fcndliche Prozesse beschrieben \u2013 unter anderem durch ihren Einfluss auf Enzyme, die an der Biosynthese von Entz\u00fcndungsmediatoren wie Leukotrienen und Prostaglandinen beteiligt sind. Dieser Mechanismus ist eine der vorgeschlagenen Erkl\u00e4rungen f\u00fcr die Wirkung des Rohstoffs in physiologischen Modellen.  <\/p>\n<p><strong>Spasmolytische und entspannende Wirkung<\/strong><\/p>\n<p>In-vitro-Studien und traditionelle Referenzen deuten darauf hin, dass Extrakte aus dem Rhizom und den Bl\u00e4ttern des Butterburs eine entspannende und spasmolytische Wirkung auf die glatte Muskulatur des Atem- und Verdauungssystems zeigen k\u00f6nnen, was mit der Anwesenheit von Petasinen und deren Einfluss auf zellul\u00e4re Funktionen zusammenh\u00e4ngt.<\/p>\n<p><strong>Potenzielle lindernde Effekte bei Allergiesymptomen<\/strong><\/p>\n<p>Einige standardisierte Extrakte aus Butterbur-Bl\u00e4ttern wurden klinisch hinsichtlich der Linderung von Symptomen der allergischen Rhinitis (saisonale Allergien) bewertet, wobei sie in kontrollierten Studien eine mit Antihistaminika vergleichbare Wirksamkeit bei der Reduzierung bestimmter Symptome zeigten.<\/p>\n<h2>Anwendung<\/h2>\n<p>In der wissenschaftlichen und pflanzenheilkundlichen Literatur wurde Butterbur-Extrakt im Kontext von Folgendem angewendet oder analysiert:<\/p>\n<ol>\n<li><strong>Schmerz- und Spannungspr\u00e4parate<\/strong> \u2013 Butterbur-Extrakt wurde hinsichtlich der Reduzierung der H\u00e4ufigkeit von Migr\u00e4neepisoden oder Spannungskopfschmerzen analysiert, was mit der Aktivit\u00e4t von Petasinen gegen\u00fcber Kalziumkan\u00e4len und Entz\u00fcndungsmediatoren in Verbindung gebracht wurde.<\/li>\n<li><strong>Produkte zur Unterst\u00fctzung bei allergischen Reaktionen \/ saisonalen Allergien<\/strong> \u2013 standardisierte Blattextrakte wurden hinsichtlich der Linderung von Symptomen der allergischen Rhinitis, wie verstopfte Nase oder Niesen, untersucht, ohne die f\u00fcr viele Antihistaminika typische Sedierung.<\/li>\n<li><strong>Formulierungen f\u00fcr das Atmungssystem und zur Linderung von Reizungen<\/strong> \u2013 traditionelles Kr\u00e4uterwissen beschreibt die Verwendung von Butterbur bei Atemwegsbeschwerden wie Asthma und hartn\u00e4ckigem Husten; moderne wissenschaftliche Quellen best\u00e4tigen das Interesse an dieser Pflanze im Kontext der Wirksamkeit von Extrakten in Modellen, die mit dem Atmungssystem zusammenh\u00e4ngen, obwohl klinische Daten begrenzt sind.<\/li>\n<li><strong>Potenzielle Unterst\u00fctzung der Magen-Darm-Funktion<\/strong> \u2013 in der traditionellen Anwendung des Rohstoffs wird auch ein Einfluss auf die Regulierung der Darmmotilit\u00e4t und des Verdauungssystems hingewiesen, einschlie\u00dflich einer entspannenden und gallentreibenden Wirkung, was im Kontext pflanzlicher Pr\u00e4parate f\u00fcr das Verdauungssystem in Betracht gezogen werden kann (abh\u00e4ngig von der endg\u00fcltigen Produktform).<\/li>\n<\/ol>\n<p>&nbsp;<\/p>\n","protected":false},"excerpt":{"rendered":"<p><strong>Butterbur-Extrakt<\/strong> ist ein pflanzlicher Rohstoff, der aus der Wurzel von <em>Petasites hybridus<\/em> gewonnen, mittels Wasserextraktion aufbereitet und anschlie\u00dfend zu einer stabilen Pulverform getrocknet wird.<\/p>\n","protected":false},"featured_media":45107,"template":"","meta":{"_acf_changed":false},"product_brand":[],"product_cat":[385],"product_tag":[],"class_list":{"0":"post-45106","1":"product","2":"type-product","3":"status-publish","4":"has-post-thumbnail","6":"product_cat-pflanzenextrakte","7":"pa_czesc-rosliny-wurzel","9":"first","10":"instock","11":"shipping-taxable","12":"product-type-simple"},"acf":[],"yoast_head":"<!-- This site is optimized with the Yoast SEO plugin v27.4 - https:\/\/yoast.com\/product\/yoast-seo-wordpress\/ -->\n<title>Butterbur-Extrakt - Gro\u00dfhandelsvertrieb<\/title>\n<meta name=\"description\" content=\"Butterbur-Extrakt (Petasites hybridus) \u2013 standardisierter Wurzelextrakt in Pulverform.\" \/>\n<meta name=\"robots\" content=\"index, follow, max-snippet:-1, max-image-preview:large, max-video-preview:-1\" \/>\n<link rel=\"canonical\" href=\"https:\/\/naturalpoland.com\/de\/produkte\/pflanzenextrakte\/butterbur-extrakt\/\" \/>\n<meta property=\"og:locale\" content=\"de_DE\" \/>\n<meta property=\"og:type\" content=\"article\" \/>\n<meta property=\"og:title\" content=\"Butterbur-Extrakt - Gro\u00dfhandelsvertrieb\" \/>\n<meta property=\"og:description\" content=\"Butterbur-Extrakt (Petasites hybridus) \u2013 standardisierter Wurzelextrakt in Pulverform.\" \/>\n<meta property=\"og:url\" content=\"https:\/\/naturalpoland.com\/de\/produkte\/pflanzenextrakte\/butterbur-extrakt\/\" \/>\n<meta property=\"og:site_name\" content=\"NATURAL POLAND - IMPORT UND HANDEL VON ROHSTOFFEN\" \/>\n<meta property=\"article:publisher\" content=\"https:\/\/www.facebook.com\/naturalpoland.b2b\" \/>\n<meta property=\"article:modified_time\" content=\"2026-01-19T11:26:11+00:00\" \/>\n<meta property=\"og:image\" content=\"https:\/\/naturalpoland.com\/wp-content\/uploads\/ekstrakt-z-lepieznika.webp\" \/>\n\t<meta property=\"og:image:width\" content=\"1024\" \/>\n\t<meta property=\"og:image:height\" content=\"1024\" \/>\n\t<meta property=\"og:image:type\" content=\"image\/webp\" \/>\n<script type=\"application\/ld+json\" class=\"yoast-schema-graph\">{\"@context\":\"https:\\\/\\\/schema.org\",\"@graph\":[{\"@type\":\"WebPage\",\"@id\":\"https:\\\/\\\/naturalpoland.com\\\/de\\\/produkte\\\/pflanzenextrakte\\\/butterbur-extrakt\\\/\",\"url\":\"https:\\\/\\\/naturalpoland.com\\\/de\\\/produkte\\\/pflanzenextrakte\\\/butterbur-extrakt\\\/\",\"name\":\"Butterbur-Extrakt - Gro\u00dfhandelsvertrieb\",\"isPartOf\":{\"@id\":\"https:\\\/\\\/naturalpoland.com\\\/de\\\/#website\"},\"primaryImageOfPage\":{\"@id\":\"https:\\\/\\\/naturalpoland.com\\\/de\\\/produkte\\\/pflanzenextrakte\\\/butterbur-extrakt\\\/#primaryimage\"},\"image\":{\"@id\":\"https:\\\/\\\/naturalpoland.com\\\/de\\\/produkte\\\/pflanzenextrakte\\\/butterbur-extrakt\\\/#primaryimage\"},\"thumbnailUrl\":\"https:\\\/\\\/naturalpoland.com\\\/wp-content\\\/uploads\\\/ekstrakt-z-lepieznika.webp\",\"datePublished\":\"2026-01-16T15:12:56+00:00\",\"dateModified\":\"2026-01-19T11:26:11+00:00\",\"description\":\"Butterbur-Extrakt (Petasites hybridus) \u2013 standardisierter Wurzelextrakt in Pulverform.\",\"breadcrumb\":{\"@id\":\"https:\\\/\\\/naturalpoland.com\\\/de\\\/produkte\\\/pflanzenextrakte\\\/butterbur-extrakt\\\/#breadcrumb\"},\"inLanguage\":\"de\",\"potentialAction\":[{\"@type\":\"ReadAction\",\"target\":[\"https:\\\/\\\/naturalpoland.com\\\/de\\\/produkte\\\/pflanzenextrakte\\\/butterbur-extrakt\\\/\"]}]},{\"@type\":\"ImageObject\",\"inLanguage\":\"de\",\"@id\":\"https:\\\/\\\/naturalpoland.com\\\/de\\\/produkte\\\/pflanzenextrakte\\\/butterbur-extrakt\\\/#primaryimage\",\"url\":\"https:\\\/\\\/naturalpoland.com\\\/wp-content\\\/uploads\\\/ekstrakt-z-lepieznika.webp\",\"contentUrl\":\"https:\\\/\\\/naturalpoland.com\\\/wp-content\\\/uploads\\\/ekstrakt-z-lepieznika.webp\",\"width\":1024,\"height\":1024,\"caption\":\"Butterbur-Extrakt\"},{\"@type\":\"BreadcrumbList\",\"@id\":\"https:\\\/\\\/naturalpoland.com\\\/de\\\/produkte\\\/pflanzenextrakte\\\/butterbur-extrakt\\\/#breadcrumb\",\"itemListElement\":[{\"@type\":\"ListItem\",\"position\":1,\"name\":\"Startseite\",\"item\":\"https:\\\/\\\/naturalpoland.com\\\/de\\\/\"},{\"@type\":\"ListItem\",\"position\":2,\"name\":\"Produkte\",\"item\":\"https:\\\/\\\/naturalpoland.com\\\/de\\\/produkte\\\/\"},{\"@type\":\"ListItem\",\"position\":3,\"name\":\"Butterbur-Extrakt\"}]},{\"@type\":\"WebSite\",\"@id\":\"https:\\\/\\\/naturalpoland.com\\\/de\\\/#website\",\"url\":\"https:\\\/\\\/naturalpoland.com\\\/de\\\/\",\"name\":\"NATURAL POLAND - IMPORT UND HANDEL VON ROHSTOFFEN\",\"description\":\"Rohstoffe f\u00fcr die Lebensmittelindustrie, Kosmetikindustrie, Pharmaindustrie\",\"publisher\":{\"@id\":\"https:\\\/\\\/naturalpoland.com\\\/de\\\/#organization\"},\"potentialAction\":[{\"@type\":\"SearchAction\",\"target\":{\"@type\":\"EntryPoint\",\"urlTemplate\":\"https:\\\/\\\/naturalpoland.com\\\/de\\\/?s={search_term_string}\"},\"query-input\":{\"@type\":\"PropertyValueSpecification\",\"valueRequired\":true,\"valueName\":\"search_term_string\"}}],\"inLanguage\":\"de\"},{\"@type\":\"Organization\",\"@id\":\"https:\\\/\\\/naturalpoland.com\\\/de\\\/#organization\",\"name\":\"Natural Poland\",\"url\":\"https:\\\/\\\/naturalpoland.com\\\/de\\\/\",\"logo\":{\"@type\":\"ImageObject\",\"inLanguage\":\"de\",\"@id\":\"https:\\\/\\\/naturalpoland.com\\\/de\\\/#\\\/schema\\\/logo\\\/image\\\/\",\"url\":\"https:\\\/\\\/naturalpoland.com\\\/wp-content\\\/uploads\\\/2021\\\/05\\\/natural-poland-icon.png\",\"contentUrl\":\"https:\\\/\\\/naturalpoland.com\\\/wp-content\\\/uploads\\\/2021\\\/05\\\/natural-poland-icon.png\",\"width\":512,\"height\":512,\"caption\":\"Natural Poland\"},\"image\":{\"@id\":\"https:\\\/\\\/naturalpoland.com\\\/de\\\/#\\\/schema\\\/logo\\\/image\\\/\"},\"sameAs\":[\"https:\\\/\\\/www.facebook.com\\\/naturalpoland.b2b\",\"https:\\\/\\\/pl.linkedin.com\\\/company\\\/natural-poland\",\"https:\\\/\\\/www.youtube.com\\\/channel\\\/UCgeGGkvOMahZo-xu_MSEWxg\"]}]}<\/script>\n<!-- \/ Yoast SEO plugin. -->","yoast_head_json":{"title":"Butterbur-Extrakt - Gro\u00dfhandelsvertrieb","description":"Butterbur-Extrakt (Petasites hybridus) \u2013 standardisierter Wurzelextrakt in Pulverform.","robots":{"index":"index","follow":"follow","max-snippet":"max-snippet:-1","max-image-preview":"max-image-preview:large","max-video-preview":"max-video-preview:-1"},"canonical":"https:\/\/naturalpoland.com\/de\/produkte\/pflanzenextrakte\/butterbur-extrakt\/","og_locale":"de_DE","og_type":"article","og_title":"Butterbur-Extrakt - Gro\u00dfhandelsvertrieb","og_description":"Butterbur-Extrakt (Petasites hybridus) \u2013 standardisierter Wurzelextrakt in Pulverform.","og_url":"https:\/\/naturalpoland.com\/de\/produkte\/pflanzenextrakte\/butterbur-extrakt\/","og_site_name":"NATURAL POLAND - IMPORT UND HANDEL VON ROHSTOFFEN","article_publisher":"https:\/\/www.facebook.com\/naturalpoland.b2b","article_modified_time":"2026-01-19T11:26:11+00:00","og_image":[{"width":1024,"height":1024,"url":"https:\/\/naturalpoland.com\/wp-content\/uploads\/ekstrakt-z-lepieznika.webp","type":"image\/webp"}],"schema":{"@context":"https:\/\/schema.org","@graph":[{"@type":"WebPage","@id":"https:\/\/naturalpoland.com\/de\/produkte\/pflanzenextrakte\/butterbur-extrakt\/","url":"https:\/\/naturalpoland.com\/de\/produkte\/pflanzenextrakte\/butterbur-extrakt\/","name":"Butterbur-Extrakt - Gro\u00dfhandelsvertrieb","isPartOf":{"@id":"https:\/\/naturalpoland.com\/de\/#website"},"primaryImageOfPage":{"@id":"https:\/\/naturalpoland.com\/de\/produkte\/pflanzenextrakte\/butterbur-extrakt\/#primaryimage"},"image":{"@id":"https:\/\/naturalpoland.com\/de\/produkte\/pflanzenextrakte\/butterbur-extrakt\/#primaryimage"},"thumbnailUrl":"https:\/\/naturalpoland.com\/wp-content\/uploads\/ekstrakt-z-lepieznika.webp","datePublished":"2026-01-16T15:12:56+00:00","dateModified":"2026-01-19T11:26:11+00:00","description":"Butterbur-Extrakt (Petasites hybridus) \u2013 standardisierter Wurzelextrakt in Pulverform.","breadcrumb":{"@id":"https:\/\/naturalpoland.com\/de\/produkte\/pflanzenextrakte\/butterbur-extrakt\/#breadcrumb"},"inLanguage":"de","potentialAction":[{"@type":"ReadAction","target":["https:\/\/naturalpoland.com\/de\/produkte\/pflanzenextrakte\/butterbur-extrakt\/"]}]},{"@type":"ImageObject","inLanguage":"de","@id":"https:\/\/naturalpoland.com\/de\/produkte\/pflanzenextrakte\/butterbur-extrakt\/#primaryimage","url":"https:\/\/naturalpoland.com\/wp-content\/uploads\/ekstrakt-z-lepieznika.webp","contentUrl":"https:\/\/naturalpoland.com\/wp-content\/uploads\/ekstrakt-z-lepieznika.webp","width":1024,"height":1024,"caption":"Butterbur-Extrakt"},{"@type":"BreadcrumbList","@id":"https:\/\/naturalpoland.com\/de\/produkte\/pflanzenextrakte\/butterbur-extrakt\/#breadcrumb","itemListElement":[{"@type":"ListItem","position":1,"name":"Startseite","item":"https:\/\/naturalpoland.com\/de\/"},{"@type":"ListItem","position":2,"name":"Produkte","item":"https:\/\/naturalpoland.com\/de\/produkte\/"},{"@type":"ListItem","position":3,"name":"Butterbur-Extrakt"}]},{"@type":"WebSite","@id":"https:\/\/naturalpoland.com\/de\/#website","url":"https:\/\/naturalpoland.com\/de\/","name":"NATURAL POLAND - IMPORT UND HANDEL VON ROHSTOFFEN","description":"Rohstoffe f\u00fcr die Lebensmittelindustrie, Kosmetikindustrie, Pharmaindustrie","publisher":{"@id":"https:\/\/naturalpoland.com\/de\/#organization"},"potentialAction":[{"@type":"SearchAction","target":{"@type":"EntryPoint","urlTemplate":"https:\/\/naturalpoland.com\/de\/?s={search_term_string}"},"query-input":{"@type":"PropertyValueSpecification","valueRequired":true,"valueName":"search_term_string"}}],"inLanguage":"de"},{"@type":"Organization","@id":"https:\/\/naturalpoland.com\/de\/#organization","name":"Natural Poland","url":"https:\/\/naturalpoland.com\/de\/","logo":{"@type":"ImageObject","inLanguage":"de","@id":"https:\/\/naturalpoland.com\/de\/#\/schema\/logo\/image\/","url":"https:\/\/naturalpoland.com\/wp-content\/uploads\/2021\/05\/natural-poland-icon.png","contentUrl":"https:\/\/naturalpoland.com\/wp-content\/uploads\/2021\/05\/natural-poland-icon.png","width":512,"height":512,"caption":"Natural Poland"},"image":{"@id":"https:\/\/naturalpoland.com\/de\/#\/schema\/logo\/image\/"},"sameAs":["https:\/\/www.facebook.com\/naturalpoland.b2b","https:\/\/pl.linkedin.com\/company\/natural-poland","https:\/\/www.youtube.com\/channel\/UCgeGGkvOMahZo-xu_MSEWxg"]}]}},"_links":{"self":[{"href":"https:\/\/naturalpoland.com\/de\/wp-json\/wp\/v2\/product\/45106","targetHints":{"allow":["GET"]}}],"collection":[{"href":"https:\/\/naturalpoland.com\/de\/wp-json\/wp\/v2\/product"}],"about":[{"href":"https:\/\/naturalpoland.com\/de\/wp-json\/wp\/v2\/types\/product"}],"wp:featuredmedia":[{"embeddable":true,"href":"https:\/\/naturalpoland.com\/de\/wp-json\/wp\/v2\/media\/45107"}],"wp:attachment":[{"href":"https:\/\/naturalpoland.com\/de\/wp-json\/wp\/v2\/media?parent=45106"}],"wp:term":[{"taxonomy":"product_brand","embeddable":true,"href":"https:\/\/naturalpoland.com\/de\/wp-json\/wp\/v2\/product_brand?post=45106"},{"taxonomy":"product_cat","embeddable":true,"href":"https:\/\/naturalpoland.com\/de\/wp-json\/wp\/v2\/product_cat?post=45106"},{"taxonomy":"product_tag","embeddable":true,"href":"https:\/\/naturalpoland.com\/de\/wp-json\/wp\/v2\/product_tag?post=45106"}],"curies":[{"name":"wp","href":"https:\/\/api.w.org\/{rel}","templated":true}]}}