{"id":45170,"date":"2026-01-16T15:10:41","date_gmt":"2026-01-16T14:10:41","guid":{"rendered":"https:\/\/naturalpoland.com\/produkty\/unkategorisiert\/immortellenbluetenhydrolat\/"},"modified":"2026-01-19T12:40:22","modified_gmt":"2026-01-19T11:40:22","slug":"immortellenbluetenhydrolat","status":"publish","type":"product","link":"https:\/\/naturalpoland.com\/de\/produkte\/produkte-fur-die-kosmetikindustrie\/blutenwasser\/immortellenbluetenhydrolat\/","title":{"rendered":"Immortellenbl\u00fctenhydrolat"},"content":{"rendered":"<p>Das Produkt wird als gebrauchsfertiges technologisches Hydrolat angeboten, konserviert mit einem Konservierungssystem auf Basis von Benzylalkohol und Dehydroessigs\u00e4ure (DHA + BA). Der Zusatz von Konservierungsmitteln gew\u00e4hrleistet den mikrobiologischen Schutz des Rohstoffs, ohne dessen fl\u00fcssige Form und L\u00f6slichkeit zu beeintr\u00e4chtigen. Der pH-Wert des Hydrolats liegt im Bereich von 3\u20135.  <\/p>\n<h2>Anwendung von Immortellenbl\u00fctenhydrolat<\/h2>\n<p>Immortellenbl\u00fctenhydrolat kann in Formulierungen als Bestandteil der Wasserphase oder als teilweiser Ersatz f\u00fcr demineralisiertes Wasser dienen und dem Produkt die charakteristischen Eigenschaften eines Pflanzendestillats verleihen. Dank seiner Form l\u00e4sst es sich gut mit anderen hydrophilen Inhaltsstoffen integrieren und erfordert keine speziellen technologischen Verfahren bei der Einarbeitung in die Rezeptur. Es kann in Formulierungen wie Tonern, Sprays, Emulsionen, Cremes, Seren, Masken oder Reinigungsprodukten verwendet werden.  <\/p>\n","protected":false},"excerpt":{"rendered":"<p><strong>Immortellenbl\u00fctenhydrolat<\/strong> ist ein w\u00e4ssriges Destillat, das aus den Bl\u00fcten von <em>Helichrysum italicum<\/em> gewonnen wird, einer Pflanze, die h\u00e4ufig in kosmetischen Formulierungen verwendet wird.<\/p>\n","protected":false},"featured_media":45171,"template":"","meta":{"_acf_changed":false},"product_brand":[],"product_cat":[3552],"product_tag":[],"class_list":{"0":"post-45170","1":"product","2":"type-product","3":"status-publish","4":"has-post-thumbnail","6":"product_cat-blutenwasser","8":"first","9":"instock","10":"shipping-taxable","11":"product-type-simple"},"acf":[],"yoast_head":"<!-- This site is optimized with the Yoast SEO plugin v27.5 - https:\/\/yoast.com\/product\/yoast-seo-wordpress\/ -->\n<title>Immortellenbl\u00fctenhydrolat - Gro\u00dfhandelsvertrieb<\/title>\n<meta name=\"description\" content=\"Immortellenbl\u00fctenhydrolat \u2013 w\u00e4ssriges Pflanzendestillat f\u00fcr kosmetische Formulierungen. Transparenter, stabiler Rohstoff f\u00fcr die Wasserphase.\" \/>\n<meta name=\"robots\" content=\"index, follow, max-snippet:-1, max-image-preview:large, max-video-preview:-1\" \/>\n<link rel=\"canonical\" href=\"https:\/\/naturalpoland.com\/de\/produkte\/produkte-fur-die-kosmetikindustrie\/blutenwasser\/immortellenbluetenhydrolat\/\" \/>\n<meta property=\"og:locale\" content=\"de_DE\" \/>\n<meta property=\"og:type\" content=\"article\" \/>\n<meta property=\"og:title\" content=\"Immortellenbl\u00fctenhydrolat - Gro\u00dfhandelsvertrieb\" \/>\n<meta property=\"og:description\" content=\"Immortellenbl\u00fctenhydrolat \u2013 w\u00e4ssriges Pflanzendestillat f\u00fcr kosmetische Formulierungen. Transparenter, stabiler Rohstoff f\u00fcr die Wasserphase.\" \/>\n<meta property=\"og:url\" content=\"https:\/\/naturalpoland.com\/de\/produkte\/produkte-fur-die-kosmetikindustrie\/blutenwasser\/immortellenbluetenhydrolat\/\" \/>\n<meta property=\"og:site_name\" content=\"NATURAL POLAND - IMPORT UND HANDEL VON ROHSTOFFEN\" \/>\n<meta property=\"article:publisher\" content=\"https:\/\/www.facebook.com\/naturalpoland.b2b\" \/>\n<meta property=\"article:modified_time\" content=\"2026-01-19T11:40:22+00:00\" \/>\n<meta property=\"og:image\" content=\"https:\/\/naturalpoland.com\/wp-content\/uploads\/hydrolat-z-kwiatu-kocanki-wloskiej.webp\" \/>\n\t<meta property=\"og:image:width\" content=\"1024\" \/>\n\t<meta property=\"og:image:height\" content=\"1024\" \/>\n\t<meta property=\"og:image:type\" content=\"image\/webp\" \/>\n<script type=\"application\/ld+json\" class=\"yoast-schema-graph\">{\"@context\":\"https:\\\/\\\/schema.org\",\"@graph\":[{\"@type\":\"WebPage\",\"@id\":\"https:\\\/\\\/naturalpoland.com\\\/de\\\/produkte\\\/produkte-fur-die-kosmetikindustrie\\\/blutenwasser\\\/immortellenbluetenhydrolat\\\/\",\"url\":\"https:\\\/\\\/naturalpoland.com\\\/de\\\/produkte\\\/produkte-fur-die-kosmetikindustrie\\\/blutenwasser\\\/immortellenbluetenhydrolat\\\/\",\"name\":\"Immortellenbl\u00fctenhydrolat - Gro\u00dfhandelsvertrieb\",\"isPartOf\":{\"@id\":\"https:\\\/\\\/naturalpoland.com\\\/de\\\/#website\"},\"primaryImageOfPage\":{\"@id\":\"https:\\\/\\\/naturalpoland.com\\\/de\\\/produkte\\\/produkte-fur-die-kosmetikindustrie\\\/blutenwasser\\\/immortellenbluetenhydrolat\\\/#primaryimage\"},\"image\":{\"@id\":\"https:\\\/\\\/naturalpoland.com\\\/de\\\/produkte\\\/produkte-fur-die-kosmetikindustrie\\\/blutenwasser\\\/immortellenbluetenhydrolat\\\/#primaryimage\"},\"thumbnailUrl\":\"https:\\\/\\\/naturalpoland.com\\\/wp-content\\\/uploads\\\/hydrolat-z-kwiatu-kocanki-wloskiej.webp\",\"datePublished\":\"2026-01-16T14:10:41+00:00\",\"dateModified\":\"2026-01-19T11:40:22+00:00\",\"description\":\"Immortellenbl\u00fctenhydrolat \u2013 w\u00e4ssriges Pflanzendestillat f\u00fcr kosmetische Formulierungen. Transparenter, stabiler Rohstoff f\u00fcr die Wasserphase.\",\"breadcrumb\":{\"@id\":\"https:\\\/\\\/naturalpoland.com\\\/de\\\/produkte\\\/produkte-fur-die-kosmetikindustrie\\\/blutenwasser\\\/immortellenbluetenhydrolat\\\/#breadcrumb\"},\"inLanguage\":\"de\",\"potentialAction\":[{\"@type\":\"ReadAction\",\"target\":[\"https:\\\/\\\/naturalpoland.com\\\/de\\\/produkte\\\/produkte-fur-die-kosmetikindustrie\\\/blutenwasser\\\/immortellenbluetenhydrolat\\\/\"]}]},{\"@type\":\"ImageObject\",\"inLanguage\":\"de\",\"@id\":\"https:\\\/\\\/naturalpoland.com\\\/de\\\/produkte\\\/produkte-fur-die-kosmetikindustrie\\\/blutenwasser\\\/immortellenbluetenhydrolat\\\/#primaryimage\",\"url\":\"https:\\\/\\\/naturalpoland.com\\\/wp-content\\\/uploads\\\/hydrolat-z-kwiatu-kocanki-wloskiej.webp\",\"contentUrl\":\"https:\\\/\\\/naturalpoland.com\\\/wp-content\\\/uploads\\\/hydrolat-z-kwiatu-kocanki-wloskiej.webp\",\"width\":1024,\"height\":1024,\"caption\":\"Immortellenbl\u00fctenhydrolat\"},{\"@type\":\"BreadcrumbList\",\"@id\":\"https:\\\/\\\/naturalpoland.com\\\/de\\\/produkte\\\/produkte-fur-die-kosmetikindustrie\\\/blutenwasser\\\/immortellenbluetenhydrolat\\\/#breadcrumb\",\"itemListElement\":[{\"@type\":\"ListItem\",\"position\":1,\"name\":\"Startseite\",\"item\":\"https:\\\/\\\/naturalpoland.com\\\/de\\\/\"},{\"@type\":\"ListItem\",\"position\":2,\"name\":\"Produkte\",\"item\":\"https:\\\/\\\/naturalpoland.com\\\/de\\\/produkte\\\/\"},{\"@type\":\"ListItem\",\"position\":3,\"name\":\"Immortellenbl\u00fctenhydrolat\"}]},{\"@type\":\"WebSite\",\"@id\":\"https:\\\/\\\/naturalpoland.com\\\/de\\\/#website\",\"url\":\"https:\\\/\\\/naturalpoland.com\\\/de\\\/\",\"name\":\"NATURAL POLAND - IMPORT UND HANDEL VON ROHSTOFFEN\",\"description\":\"Rohstoffe f\u00fcr die Lebensmittelindustrie, Kosmetikindustrie, Pharmaindustrie\",\"publisher\":{\"@id\":\"https:\\\/\\\/naturalpoland.com\\\/de\\\/#organization\"},\"potentialAction\":[{\"@type\":\"SearchAction\",\"target\":{\"@type\":\"EntryPoint\",\"urlTemplate\":\"https:\\\/\\\/naturalpoland.com\\\/de\\\/?s={search_term_string}\"},\"query-input\":{\"@type\":\"PropertyValueSpecification\",\"valueRequired\":true,\"valueName\":\"search_term_string\"}}],\"inLanguage\":\"de\"},{\"@type\":\"Organization\",\"@id\":\"https:\\\/\\\/naturalpoland.com\\\/de\\\/#organization\",\"name\":\"Natural Poland\",\"url\":\"https:\\\/\\\/naturalpoland.com\\\/de\\\/\",\"logo\":{\"@type\":\"ImageObject\",\"inLanguage\":\"de\",\"@id\":\"https:\\\/\\\/naturalpoland.com\\\/de\\\/#\\\/schema\\\/logo\\\/image\\\/\",\"url\":\"https:\\\/\\\/naturalpoland.com\\\/wp-content\\\/uploads\\\/2021\\\/05\\\/natural-poland-icon.png\",\"contentUrl\":\"https:\\\/\\\/naturalpoland.com\\\/wp-content\\\/uploads\\\/2021\\\/05\\\/natural-poland-icon.png\",\"width\":512,\"height\":512,\"caption\":\"Natural Poland\"},\"image\":{\"@id\":\"https:\\\/\\\/naturalpoland.com\\\/de\\\/#\\\/schema\\\/logo\\\/image\\\/\"},\"sameAs\":[\"https:\\\/\\\/www.facebook.com\\\/naturalpoland.b2b\",\"https:\\\/\\\/pl.linkedin.com\\\/company\\\/natural-poland\",\"https:\\\/\\\/www.youtube.com\\\/channel\\\/UCgeGGkvOMahZo-xu_MSEWxg\"]}]}<\/script>\n<!-- \/ Yoast SEO plugin. -->","yoast_head_json":{"title":"Immortellenbl\u00fctenhydrolat - Gro\u00dfhandelsvertrieb","description":"Immortellenbl\u00fctenhydrolat \u2013 w\u00e4ssriges Pflanzendestillat f\u00fcr kosmetische Formulierungen. Transparenter, stabiler Rohstoff f\u00fcr die Wasserphase.","robots":{"index":"index","follow":"follow","max-snippet":"max-snippet:-1","max-image-preview":"max-image-preview:large","max-video-preview":"max-video-preview:-1"},"canonical":"https:\/\/naturalpoland.com\/de\/produkte\/produkte-fur-die-kosmetikindustrie\/blutenwasser\/immortellenbluetenhydrolat\/","og_locale":"de_DE","og_type":"article","og_title":"Immortellenbl\u00fctenhydrolat - Gro\u00dfhandelsvertrieb","og_description":"Immortellenbl\u00fctenhydrolat \u2013 w\u00e4ssriges Pflanzendestillat f\u00fcr kosmetische Formulierungen. Transparenter, stabiler Rohstoff f\u00fcr die Wasserphase.","og_url":"https:\/\/naturalpoland.com\/de\/produkte\/produkte-fur-die-kosmetikindustrie\/blutenwasser\/immortellenbluetenhydrolat\/","og_site_name":"NATURAL POLAND - IMPORT UND HANDEL VON ROHSTOFFEN","article_publisher":"https:\/\/www.facebook.com\/naturalpoland.b2b","article_modified_time":"2026-01-19T11:40:22+00:00","og_image":[{"width":1024,"height":1024,"url":"https:\/\/naturalpoland.com\/wp-content\/uploads\/hydrolat-z-kwiatu-kocanki-wloskiej.webp","type":"image\/webp"}],"schema":{"@context":"https:\/\/schema.org","@graph":[{"@type":"WebPage","@id":"https:\/\/naturalpoland.com\/de\/produkte\/produkte-fur-die-kosmetikindustrie\/blutenwasser\/immortellenbluetenhydrolat\/","url":"https:\/\/naturalpoland.com\/de\/produkte\/produkte-fur-die-kosmetikindustrie\/blutenwasser\/immortellenbluetenhydrolat\/","name":"Immortellenbl\u00fctenhydrolat - Gro\u00dfhandelsvertrieb","isPartOf":{"@id":"https:\/\/naturalpoland.com\/de\/#website"},"primaryImageOfPage":{"@id":"https:\/\/naturalpoland.com\/de\/produkte\/produkte-fur-die-kosmetikindustrie\/blutenwasser\/immortellenbluetenhydrolat\/#primaryimage"},"image":{"@id":"https:\/\/naturalpoland.com\/de\/produkte\/produkte-fur-die-kosmetikindustrie\/blutenwasser\/immortellenbluetenhydrolat\/#primaryimage"},"thumbnailUrl":"https:\/\/naturalpoland.com\/wp-content\/uploads\/hydrolat-z-kwiatu-kocanki-wloskiej.webp","datePublished":"2026-01-16T14:10:41+00:00","dateModified":"2026-01-19T11:40:22+00:00","description":"Immortellenbl\u00fctenhydrolat \u2013 w\u00e4ssriges Pflanzendestillat f\u00fcr kosmetische Formulierungen. Transparenter, stabiler Rohstoff f\u00fcr die Wasserphase.","breadcrumb":{"@id":"https:\/\/naturalpoland.com\/de\/produkte\/produkte-fur-die-kosmetikindustrie\/blutenwasser\/immortellenbluetenhydrolat\/#breadcrumb"},"inLanguage":"de","potentialAction":[{"@type":"ReadAction","target":["https:\/\/naturalpoland.com\/de\/produkte\/produkte-fur-die-kosmetikindustrie\/blutenwasser\/immortellenbluetenhydrolat\/"]}]},{"@type":"ImageObject","inLanguage":"de","@id":"https:\/\/naturalpoland.com\/de\/produkte\/produkte-fur-die-kosmetikindustrie\/blutenwasser\/immortellenbluetenhydrolat\/#primaryimage","url":"https:\/\/naturalpoland.com\/wp-content\/uploads\/hydrolat-z-kwiatu-kocanki-wloskiej.webp","contentUrl":"https:\/\/naturalpoland.com\/wp-content\/uploads\/hydrolat-z-kwiatu-kocanki-wloskiej.webp","width":1024,"height":1024,"caption":"Immortellenbl\u00fctenhydrolat"},{"@type":"BreadcrumbList","@id":"https:\/\/naturalpoland.com\/de\/produkte\/produkte-fur-die-kosmetikindustrie\/blutenwasser\/immortellenbluetenhydrolat\/#breadcrumb","itemListElement":[{"@type":"ListItem","position":1,"name":"Startseite","item":"https:\/\/naturalpoland.com\/de\/"},{"@type":"ListItem","position":2,"name":"Produkte","item":"https:\/\/naturalpoland.com\/de\/produkte\/"},{"@type":"ListItem","position":3,"name":"Immortellenbl\u00fctenhydrolat"}]},{"@type":"WebSite","@id":"https:\/\/naturalpoland.com\/de\/#website","url":"https:\/\/naturalpoland.com\/de\/","name":"NATURAL POLAND - IMPORT UND HANDEL VON ROHSTOFFEN","description":"Rohstoffe f\u00fcr die Lebensmittelindustrie, Kosmetikindustrie, Pharmaindustrie","publisher":{"@id":"https:\/\/naturalpoland.com\/de\/#organization"},"potentialAction":[{"@type":"SearchAction","target":{"@type":"EntryPoint","urlTemplate":"https:\/\/naturalpoland.com\/de\/?s={search_term_string}"},"query-input":{"@type":"PropertyValueSpecification","valueRequired":true,"valueName":"search_term_string"}}],"inLanguage":"de"},{"@type":"Organization","@id":"https:\/\/naturalpoland.com\/de\/#organization","name":"Natural Poland","url":"https:\/\/naturalpoland.com\/de\/","logo":{"@type":"ImageObject","inLanguage":"de","@id":"https:\/\/naturalpoland.com\/de\/#\/schema\/logo\/image\/","url":"https:\/\/naturalpoland.com\/wp-content\/uploads\/2021\/05\/natural-poland-icon.png","contentUrl":"https:\/\/naturalpoland.com\/wp-content\/uploads\/2021\/05\/natural-poland-icon.png","width":512,"height":512,"caption":"Natural Poland"},"image":{"@id":"https:\/\/naturalpoland.com\/de\/#\/schema\/logo\/image\/"},"sameAs":["https:\/\/www.facebook.com\/naturalpoland.b2b","https:\/\/pl.linkedin.com\/company\/natural-poland","https:\/\/www.youtube.com\/channel\/UCgeGGkvOMahZo-xu_MSEWxg"]}]}},"_links":{"self":[{"href":"https:\/\/naturalpoland.com\/de\/wp-json\/wp\/v2\/product\/45170","targetHints":{"allow":["GET"]}}],"collection":[{"href":"https:\/\/naturalpoland.com\/de\/wp-json\/wp\/v2\/product"}],"about":[{"href":"https:\/\/naturalpoland.com\/de\/wp-json\/wp\/v2\/types\/product"}],"wp:featuredmedia":[{"embeddable":true,"href":"https:\/\/naturalpoland.com\/de\/wp-json\/wp\/v2\/media\/45171"}],"wp:attachment":[{"href":"https:\/\/naturalpoland.com\/de\/wp-json\/wp\/v2\/media?parent=45170"}],"wp:term":[{"taxonomy":"product_brand","embeddable":true,"href":"https:\/\/naturalpoland.com\/de\/wp-json\/wp\/v2\/product_brand?post=45170"},{"taxonomy":"product_cat","embeddable":true,"href":"https:\/\/naturalpoland.com\/de\/wp-json\/wp\/v2\/product_cat?post=45170"},{"taxonomy":"product_tag","embeddable":true,"href":"https:\/\/naturalpoland.com\/de\/wp-json\/wp\/v2\/product_tag?post=45170"}],"curies":[{"name":"wp","href":"https:\/\/api.w.org\/{rel}","templated":true}]}}